{"id":4211,"date":"2024-08-24T07:59:50","date_gmt":"2024-08-24T06:59:50","guid":{"rendered":"https:\/\/sxpowercase.com\/?post_type=product&#038;p=4211"},"modified":"2024-08-24T07:59:51","modified_gmt":"2024-08-24T06:59:51","slug":"metal-corner-brace-cla502","status":"publish","type":"product","link":"https:\/\/sxflightcase.com\/tr\/urun\/metal-kose-destegi-cla502-2\/","title":{"rendered":"Metal K\u00f6\u015fe Deste\u011fi CLA502"},"content":{"rendered":"<h3>Y\u00fcksek Kaliteli SX Metal K\u00f6\u015fe Deste\u011fi: Uygun Fiyatlarla Dayan\u0131kl\u0131 Destek<\/h3>\n<h4>Geli\u015fmi\u015f Stabilite i\u00e7in G\u00fcvenilir K\u00f6\u015fe Destekleri<\/h4>\n<p>\u00c7e\u015fitli yap\u0131lar\u0131n g\u00fc\u00e7lendirilmesi ve takviye edilmesi s\u00f6z konusu oldu\u011funda <span style=\"color: #3366ff;\"><a style=\"color: #3366ff;\" href=\"https:\/\/sxpowercase.com\/product\/flight-case-corner-clamp-cla501\/\"><strong>Metal K\u00f6\u015fe Deste\u011fi<\/strong><\/a><\/span> SX'ten \u00f6nemli bir bile\u015fendir. Dolaplar, kasalar veya mobilyalar i\u00e7in olsun, desteklerimiz d\u00fc\u015f\u00fck maliyetle maksimum destek sa\u011flamak \u00fczere tasarlanm\u0131\u015ft\u0131r. Do\u011frudan fabrika sat\u0131\u015flar\u0131 sunan SX, kaliteden \u00f6d\u00fcn vermeden rakipsiz fiyatlar sunarak sat\u0131n alma i\u015fleminiz i\u00e7in en iyi de\u011feri elde etmenizi sa\u011flar.<\/p>\n<h4>G\u00fc\u00e7 ve Uzun \u00d6m\u00fcr i\u00e7in \u00dcretildi<\/h4>\n<p><a href=\"https:\/\/sxpowercase.com\/\" target=\"_blank\" rel=\"noopener\" title=\"SX\" data-wpil-monitor-id=\"692\">SX<\/a> <strong>Metal K\u00f6\u015fe Destekleri<\/strong> a\u011f\u0131r y\u00fcklere ve zorlu ortamlara dayanacak \u015fekilde tasarlanm\u0131\u015f dayan\u0131kl\u0131 metal malzemelerden \u00fcretilmi\u015ftir. \u00dcr\u00fcnlerimiz, y\u00fcksek end\u00fcstri standartlar\u0131n\u0131 kar\u015f\u0131lad\u0131klar\u0131ndan emin olmak i\u00e7in titiz kalite kontrollerinden ge\u00e7mektedir. Fabrika do\u011frudan da\u011f\u0131t\u0131m\u0131m\u0131z sayesinde, maliyetleri d\u00fc\u015f\u00fck tutarken \u00fcretim \u00fczerinde s\u0131k\u0131 kontrol sa\u011flayabiliyoruz ve hem \u00fcst d\u00fczey kaliteden hem de b\u00fct\u00e7e dostu fiyatlardan yararlanman\u0131za olanak tan\u0131yoruz.<\/p>\n<h4>Basit Kurulum ve \u00c7ok Y\u00f6nl\u00fc Uygulamalar<\/h4>\n<p>SX'lerin Kurulumu <strong>Metal K\u00f6\u015fe Deste\u011fi<\/strong> h\u0131zl\u0131 ve kolayd\u0131r, bu da onu hem profesyonel in\u015faat\u00e7\u0131lar hem de DIY merakl\u0131lar\u0131 i\u00e7in uygun hale getirir. Bu destekler \u00e7ok y\u00f6nl\u00fcd\u00fcr ve dolaplar\u0131 sabitlemekten u\u00e7u\u015f kasalar\u0131n\u0131 g\u00fc\u00e7lendirmeye kadar farkl\u0131 projeler i\u00e7in g\u00fcvenilir destek sa\u011flar. SX'in uygun fiyat taahh\u00fcd\u00fc ile projelerinizi a\u015f\u0131r\u0131 harcama yapmadan verimli bir \u015fekilde tamamlayabilirsiniz.<\/p>\n<h4>Her Sat\u0131n Al\u0131mda Garantili Kalite<\/h4>\n<p>SX olarak, m\u00fc\u015fterilerimizin g\u00fcvenebilece\u011fi \u00fcr\u00fcnler sunmaktan gurur duyuyoruz. Bizim <strong>Metal K\u00f6\u015fe Destekleri<\/strong> s\u0131k\u0131 kalite kontrol \u00f6nlemleri alt\u0131nda \u00fcretilir ve her par\u00e7ada tutarl\u0131 performans sa\u011flar. Hem \u00fcretim hem de da\u011f\u0131t\u0131m\u0131 do\u011frudan ger\u00e7ekle\u015ftiren SX, m\u00fc\u015fterilerimizin bekledi\u011fi y\u00fcksek standartlar\u0131 korurken fiyatlar\u0131 d\u00fc\u015f\u00fck tutmaktad\u0131r.<\/p>\n<h4>Benzersiz \u0130htiya\u00e7lar i\u00e7in \u00d6zel \u00c7\u00f6z\u00fcmler<\/h4>\n<p>SX, her projenin benzersiz oldu\u011funun bilincindedir. Projelerimiz i\u00e7in \u00f6zelle\u015ftirme se\u00e7enekleri sunuyoruz. <strong>Metal K\u00f6\u015fe Destekleri<\/strong>Bu sayede ihtiya\u00e7lar\u0131n\u0131za en uygun boyutu, malzemeyi veya kaplamay\u0131 se\u00e7ebilirsiniz. \u00d6zelle\u015ftirilebilir \u00e7\u00f6z\u00fcmler sunmam\u0131za ra\u011fmen, fabrikadan do\u011frudan sat\u0131\u015f modelimiz, \u00f6zel sipari\u015fler i\u00e7in bile rekabet\u00e7i fiyatlardan yararlanman\u0131z\u0131 sa\u011flar.<\/p>\n<h4>SX'ten De\u011fer Odakl\u0131 Donan\u0131m<\/h4>\n<p>SX, kaliteli donan\u0131m\u0131 d\u00fc\u015f\u00fck fiyatlarla sunmay\u0131 taahh\u00fct eder. Arac\u0131lar\u0131 ortadan kald\u0131rarak, m\u00fc\u015fterilerimize <strong>Metal K\u00f6\u015fe Destekleri<\/strong> do\u011frudan fabrikadan temin ederek m\u00fc\u015fterilerimize \u00f6nemli tasarruflar sa\u011fl\u0131yoruz. \u0130ster b\u00fcy\u00fck \u00f6l\u00e7ekli projeleri ister daha k\u00fc\u00e7\u00fck \u00e7apl\u0131 kendin yap i\u015flerini y\u00f6netiyor olun, uygun maliyetli ve g\u00fcvenilir donan\u0131m i\u00e7in SX'e g\u00fcvenebilirsiniz.<\/p>\n<h4>K\u00f6\u015fe Deste\u011fi \u0130htiya\u00e7lar\u0131n\u0131z \u0130\u00e7in SX'i Se\u00e7in<\/h4>\n<p>Projelerinizi g\u00fcvence alt\u0131na almak ve g\u00fc\u00e7lendirmek s\u00f6z konusu oldu\u011funda, SX'in <strong>Metal K\u00f6\u015fe Deste\u011fi<\/strong>. Dayan\u0131kl\u0131l\u0131k, kurulum kolayl\u0131\u011f\u0131 ve fabrikadan do\u011frudan sat\u0131n al\u0131nabilirli\u011fi bir araya getiren bu destekler, kalite ve de\u011ferin m\u00fckemmel bir kar\u0131\u015f\u0131m\u0131n\u0131 sunar. B\u00fct\u00e7enizi sarsmayan \u00e7ok y\u00f6nl\u00fc destek i\u00e7in, g\u00fcvenilir donan\u0131m \u00e7\u00f6z\u00fcmleri i\u00e7in ba\u015fvuraca\u011f\u0131n\u0131z marka olan SX'ten ba\u015fkas\u0131na bakmay\u0131n.<\/p>\n<p>Hemen \u0130leti\u015fime Ge\u00e7in:<span style=\"color: #0000ff;\"><a style=\"color: #0000ff;\" href=\"https:\/\/sxpowercase.com\/contact-us\/\">https:\/\/sxpowercase.com\/<\/a><\/span><\/p>\n<p>Donan\u0131m \u00dcr\u00fcn Katalo\u011fu\uff1a<span style=\"color: #3366ff;\"><a style=\"color: #3366ff;\" href=\"https:\/\/sxpowercase.com\/wp-content\/uploads\/2024\/07\/\u4e94\u91d1.pdf\">Donan\u0131m aksesuarlar\u0131 katalo\u011fu<\/a><\/span><\/p>","protected":false},"excerpt":{"rendered":"<h3>SX Metal K\u00f6\u015fe Deste\u011fi: Uygun Fiyatl\u0131, Y\u00fcksek Kaliteli Destek<\/h3>\n<p>Yap\u0131lar\u0131n\u0131z\u0131 SX'in Metal K\u00f6\u015fe Destekleri ile g\u00fc\u00e7lendirin. Dolaplar, kasalar ve mobilyalar i\u00e7in ideal olan bu destekler, kaliteden \u00f6d\u00fcn vermeden rakipsiz bir de\u011fer sunarak fabrika do\u011frudan fiyatlar\u0131yla g\u00fcvenilir g\u00fc\u00e7 sa\u011flar.<\/p>\n<h3>Dayan\u0131kl\u0131 ve Uzun \u00d6m\u00fcrl\u00fc<\/h3>\n<p>Sa\u011flam metalden \u00fcretilen SX Metal K\u00f6\u015fe Destekleri, a\u011f\u0131r y\u00fcklerin ve zorlu ko\u015fullar\u0131n \u00fcstesinden gelecek \u015fekilde tasarlanm\u0131\u015ft\u0131r. Titiz kalite kontrolleri ve fabrikadan do\u011frudan sat\u0131\u015f sayesinde, b\u00fct\u00e7e dostu fiyatlarla uzun \u00f6m\u00fcrl\u00fc performans elde edersiniz.<\/p>\n<h3>Kurulumu Kolay, Her Proje i\u00e7in \u00c7ok Y\u00f6nl\u00fc<\/h3>\n<p>SX Metal K\u00f6\u015fe Desteklerinin kurulumu h\u0131zl\u0131d\u0131r ve \u00e7e\u015fitli uygulamalar i\u00e7in uygundur. \u0130ster bir profesyonel ister bir DIY merakl\u0131s\u0131 olun, bu \u00e7ok y\u00f6nl\u00fc destekler farkl\u0131 in\u015faat ihtiya\u00e7lar\u0131 i\u00e7in g\u00fcvenilir destek sunarken maliyetleri de d\u00fc\u015f\u00fck tutar.<\/p>","protected":false},"featured_media":4180,"comment_status":"open","ping_status":"closed","template":"","meta":[],"product_brand":[],"product_cat":[64],"product_tag":[],"class_list":{"0":"post-4211","1":"product","2":"type-product","3":"status-publish","4":"has-post-thumbnail","6":"product_cat-clamps","8":"first","9":"instock","10":"shipping-taxable","11":"product-type-simple"},"yoast_head":"<!-- This site is optimized with the Yoast SEO Premium plugin v27.1 (Yoast SEO v27.2) - https:\/\/yoast.com\/product\/yoast-seo-premium-wordpress\/ -->\n<title>Metal Corner Brace CLA502 - https:\/\/sxflightcase.com \ud83d\udc97<\/title>\n<meta name=\"description\" content=\"Metal corner brace, factory direct! High-quality, durable braces for reinforcing and securing corners in furniture, cases, and structures. Perfect for added stability and strength in various applications.\" \/>\n<meta name=\"robots\" content=\"index, follow, max-snippet:-1, max-image-preview:large, max-video-preview:-1\" \/>\n<link rel=\"canonical\" href=\"https:\/\/sxflightcase.com\/tr\/urun\/metal-kose-destegi-cla502-2\/\" \/>\n<meta property=\"og:locale\" content=\"tr_TR\" \/>\n<meta property=\"og:type\" content=\"article\" \/>\n<meta property=\"og:title\" content=\"Metal Corner Brace CLA502\" \/>\n<meta property=\"og:description\" content=\"Metal corner brace, factory direct! High-quality, durable braces for reinforcing and securing corners in furniture, cases, and structures. Perfect for added stability and strength in various applications.\" \/>\n<meta property=\"og:url\" content=\"https:\/\/sxflightcase.com\/tr\/urun\/metal-kose-destegi-cla502-2\/\" \/>\n<meta property=\"og:site_name\" content=\"https:\/\/sxflightcase.com\" \/>\n<meta property=\"article:publisher\" content=\"https:\/\/www.facebook.com\/profile.php?id=61560407257971\" \/>\n<meta property=\"article:modified_time\" content=\"2024-08-24T06:59:51+00:00\" \/>\n<meta property=\"og:image\" content=\"https:\/\/sxflightcase.com\/wp-content\/uploads\/2024\/08\/CLA502.jpg\" \/>\n\t<meta property=\"og:image:width\" content=\"700\" \/>\n\t<meta property=\"og:image:height\" content=\"700\" \/>\n\t<meta property=\"og:image:type\" content=\"image\/jpeg\" \/>\n<meta name=\"twitter:card\" content=\"summary_large_image\" \/>\n<meta name=\"twitter:label1\" content=\"Tahmini okuma s\u00fcresi\" \/>\n\t<meta name=\"twitter:data1\" content=\"3 dakika\" \/>\n<script type=\"application\/ld+json\" class=\"yoast-schema-graph\">{\"@context\":\"https:\/\/schema.org\",\"@graph\":[{\"@type\":\"WebPage\",\"@id\":\"https:\/\/sxflightcase.com\/product\/metal-corner-brace-cla502\/\",\"url\":\"https:\/\/sxflightcase.com\/product\/metal-corner-brace-cla502\/\",\"name\":\"Metal Corner Brace CLA502 - https:\/\/sxflightcase.com \ud83d\udc97\",\"isPartOf\":{\"@id\":\"https:\/\/sxflightcase.com\/th\/#website\"},\"primaryImageOfPage\":{\"@id\":\"https:\/\/sxflightcase.com\/product\/metal-corner-brace-cla502\/#primaryimage\"},\"image\":{\"@id\":\"https:\/\/sxflightcase.com\/product\/metal-corner-brace-cla502\/#primaryimage\"},\"thumbnailUrl\":\"https:\/\/sxflightcase.com\/wp-content\/uploads\/2024\/08\/CLA502.jpg\",\"datePublished\":\"2024-08-24T06:59:50+00:00\",\"dateModified\":\"2024-08-24T06:59:51+00:00\",\"description\":\"Metal corner brace, factory direct! High-quality, durable braces for reinforcing and securing corners in furniture, cases, and structures. Perfect for added stability and strength in various applications.\",\"breadcrumb\":{\"@id\":\"https:\/\/sxflightcase.com\/product\/metal-corner-brace-cla502\/#breadcrumb\"},\"inLanguage\":\"tr\",\"potentialAction\":[{\"@type\":\"ReadAction\",\"target\":[\"https:\/\/sxflightcase.com\/product\/metal-corner-brace-cla502\/\"]}]},{\"@type\":\"ImageObject\",\"inLanguage\":\"tr\",\"@id\":\"https:\/\/sxflightcase.com\/product\/metal-corner-brace-cla502\/#primaryimage\",\"url\":\"https:\/\/sxflightcase.com\/wp-content\/uploads\/2024\/08\/CLA502.jpg\",\"contentUrl\":\"https:\/\/sxflightcase.com\/wp-content\/uploads\/2024\/08\/CLA502.jpg\",\"width\":700,\"height\":700,\"caption\":\"Metal Corner Brace\"},{\"@type\":\"BreadcrumbList\",\"@id\":\"https:\/\/sxflightcase.com\/product\/metal-corner-brace-cla502\/#breadcrumb\",\"itemListElement\":[{\"@type\":\"ListItem\",\"position\":1,\"name\":\"Home\",\"item\":\"https:\/\/sxflightcase.com\/\"},{\"@type\":\"ListItem\",\"position\":2,\"name\":\"\u0e2a\u0e34\u0e19\u0e04\u0e49\u0e32\",\"item\":\"https:\/\/sxflightcase.com\/th\/shop\/\"},{\"@type\":\"ListItem\",\"position\":3,\"name\":\"Metal Corner Brace CLA502\"}]},{\"@type\":\"WebSite\",\"@id\":\"https:\/\/sxflightcase.com\/th\/#website\",\"url\":\"https:\/\/sxflightcase.com\/th\/\",\"name\":\"sxpowercase.com\",\"description\":\"Flight Case Factory\",\"publisher\":{\"@id\":\"https:\/\/sxflightcase.com\/th\/#organization\"},\"potentialAction\":[{\"@type\":\"SearchAction\",\"target\":{\"@type\":\"EntryPoint\",\"urlTemplate\":\"https:\/\/sxflightcase.com\/th\/?s={search_term_string}\"},\"query-input\":{\"@type\":\"PropertyValueSpecification\",\"valueRequired\":true,\"valueName\":\"search_term_string\"}}],\"inLanguage\":\"tr\"},{\"@type\":\"Organization\",\"@id\":\"https:\/\/sxflightcase.com\/th\/#organization\",\"name\":\"sxpowercase.com\",\"url\":\"https:\/\/sxflightcase.com\/th\/\",\"logo\":{\"@type\":\"ImageObject\",\"inLanguage\":\"tr\",\"@id\":\"https:\/\/sxflightcase.com\/th\/#\/schema\/logo\/image\/\",\"url\":\"https:\/\/sxflightcase.com\/wp-content\/uploads\/2024\/04\/1713919036007.jpg\",\"contentUrl\":\"https:\/\/sxflightcase.com\/wp-content\/uploads\/2024\/04\/1713919036007.jpg\",\"width\":382,\"height\":388,\"caption\":\"sxpowercase.com\"},\"image\":{\"@id\":\"https:\/\/sxflightcase.com\/th\/#\/schema\/logo\/image\/\"},\"sameAs\":[\"https:\/\/www.facebook.com\/profile.php?id=61560407257971\"],\"numberOfEmployees\":{\"@type\":\"QuantitativeValue\",\"minValue\":\"11\",\"maxValue\":\"50\"}}]}<\/script>\n<!-- \/ Yoast SEO Premium plugin. -->","yoast_head_json":{"title":"Metal Corner Brace CLA502 - https:\/\/sxflightcase.com \ud83d\udc97","description":"Metal k\u00f6\u015fe deste\u011fi, do\u011frudan fabrika \u00e7\u0131k\u0131\u015f\u0131! Mobilya, kasa ve yap\u0131larda k\u00f6\u015feleri g\u00fc\u00e7lendirmek ve sabitlemek i\u00e7in y\u00fcksek kaliteli, dayan\u0131kl\u0131 destekler. \u00c7e\u015fitli uygulamalarda ilave stabilite ve g\u00fc\u00e7 i\u00e7in m\u00fckemmeldir.","robots":{"index":"index","follow":"follow","max-snippet":"max-snippet:-1","max-image-preview":"max-image-preview:large","max-video-preview":"max-video-preview:-1"},"canonical":"https:\/\/sxflightcase.com\/tr\/urun\/metal-kose-destegi-cla502-2\/","og_locale":"tr_TR","og_type":"article","og_title":"Metal Corner Brace CLA502","og_description":"Metal corner brace, factory direct! High-quality, durable braces for reinforcing and securing corners in furniture, cases, and structures. Perfect for added stability and strength in various applications.","og_url":"https:\/\/sxflightcase.com\/tr\/urun\/metal-kose-destegi-cla502-2\/","og_site_name":"https:\/\/sxflightcase.com","article_publisher":"https:\/\/www.facebook.com\/profile.php?id=61560407257971","article_modified_time":"2024-08-24T06:59:51+00:00","og_image":[{"width":700,"height":700,"url":"https:\/\/sxflightcase.com\/wp-content\/uploads\/2024\/08\/CLA502.jpg","type":"image\/jpeg"}],"twitter_card":"summary_large_image","twitter_misc":{"Tahmini okuma s\u00fcresi":"3 dakika"},"schema":{"@context":"https:\/\/schema.org","@graph":[{"@type":"WebPage","@id":"https:\/\/sxflightcase.com\/product\/metal-corner-brace-cla502\/","url":"https:\/\/sxflightcase.com\/product\/metal-corner-brace-cla502\/","name":"Metal Corner Brace CLA502 - https:\/\/sxflightcase.com \ud83d\udc97","isPartOf":{"@id":"https:\/\/sxflightcase.com\/th\/#website"},"primaryImageOfPage":{"@id":"https:\/\/sxflightcase.com\/product\/metal-corner-brace-cla502\/#primaryimage"},"image":{"@id":"https:\/\/sxflightcase.com\/product\/metal-corner-brace-cla502\/#primaryimage"},"thumbnailUrl":"https:\/\/sxflightcase.com\/wp-content\/uploads\/2024\/08\/CLA502.jpg","datePublished":"2024-08-24T06:59:50+00:00","dateModified":"2024-08-24T06:59:51+00:00","description":"Metal k\u00f6\u015fe deste\u011fi, do\u011frudan fabrika \u00e7\u0131k\u0131\u015f\u0131! Mobilya, kasa ve yap\u0131larda k\u00f6\u015feleri g\u00fc\u00e7lendirmek ve sabitlemek i\u00e7in y\u00fcksek kaliteli, dayan\u0131kl\u0131 destekler. \u00c7e\u015fitli uygulamalarda ilave stabilite ve g\u00fc\u00e7 i\u00e7in m\u00fckemmeldir.","breadcrumb":{"@id":"https:\/\/sxflightcase.com\/product\/metal-corner-brace-cla502\/#breadcrumb"},"inLanguage":"tr","potentialAction":[{"@type":"ReadAction","target":["https:\/\/sxflightcase.com\/product\/metal-corner-brace-cla502\/"]}]},{"@type":"ImageObject","inLanguage":"tr","@id":"https:\/\/sxflightcase.com\/product\/metal-corner-brace-cla502\/#primaryimage","url":"https:\/\/sxflightcase.com\/wp-content\/uploads\/2024\/08\/CLA502.jpg","contentUrl":"https:\/\/sxflightcase.com\/wp-content\/uploads\/2024\/08\/CLA502.jpg","width":700,"height":700,"caption":"Metal Corner Brace"},{"@type":"BreadcrumbList","@id":"https:\/\/sxflightcase.com\/product\/metal-corner-brace-cla502\/#breadcrumb","itemListElement":[{"@type":"ListItem","position":1,"name":"Home","item":"https:\/\/sxflightcase.com\/"},{"@type":"ListItem","position":2,"name":"\u0e2a\u0e34\u0e19\u0e04\u0e49\u0e32","item":"https:\/\/sxflightcase.com\/th\/shop\/"},{"@type":"ListItem","position":3,"name":"Metal Corner Brace CLA502"}]},{"@type":"WebSite","@id":"https:\/\/sxflightcase.com\/th\/#website","url":"https:\/\/sxflightcase.com\/th\/","name":"sxpowercase.com","description":"U\u00e7u\u015f \u00c7antas\u0131 Fabrikas\u0131","publisher":{"@id":"https:\/\/sxflightcase.com\/th\/#organization"},"potentialAction":[{"@type":"SearchAction","target":{"@type":"EntryPoint","urlTemplate":"https:\/\/sxflightcase.com\/th\/?s={search_term_string}"},"query-input":{"@type":"PropertyValueSpecification","valueRequired":true,"valueName":"search_term_string"}}],"inLanguage":"tr"},{"@type":"Organization","@id":"https:\/\/sxflightcase.com\/th\/#organization","name":"sxpowercase.com","url":"https:\/\/sxflightcase.com\/th\/","logo":{"@type":"ImageObject","inLanguage":"tr","@id":"https:\/\/sxflightcase.com\/th\/#\/schema\/logo\/image\/","url":"https:\/\/sxflightcase.com\/wp-content\/uploads\/2024\/04\/1713919036007.jpg","contentUrl":"https:\/\/sxflightcase.com\/wp-content\/uploads\/2024\/04\/1713919036007.jpg","width":382,"height":388,"caption":"sxpowercase.com"},"image":{"@id":"https:\/\/sxflightcase.com\/th\/#\/schema\/logo\/image\/"},"sameAs":["https:\/\/www.facebook.com\/profile.php?id=61560407257971"],"numberOfEmployees":{"@type":"QuantitativeValue","minValue":"11","maxValue":"50"}}]}},"_links":{"self":[{"href":"https:\/\/sxflightcase.com\/tr\/wp-json\/wp\/v2\/product\/4211","targetHints":{"allow":["GET"]}}],"collection":[{"href":"https:\/\/sxflightcase.com\/tr\/wp-json\/wp\/v2\/product"}],"about":[{"href":"https:\/\/sxflightcase.com\/tr\/wp-json\/wp\/v2\/types\/product"}],"replies":[{"embeddable":true,"href":"https:\/\/sxflightcase.com\/tr\/wp-json\/wp\/v2\/comments?post=4211"}],"version-history":[{"count":0,"href":"https:\/\/sxflightcase.com\/tr\/wp-json\/wp\/v2\/product\/4211\/revisions"}],"wp:featuredmedia":[{"embeddable":true,"href":"https:\/\/sxflightcase.com\/tr\/wp-json\/wp\/v2\/media\/4180"}],"wp:attachment":[{"href":"https:\/\/sxflightcase.com\/tr\/wp-json\/wp\/v2\/media?parent=4211"}],"wp:term":[{"taxonomy":"product_brand","embeddable":true,"href":"https:\/\/sxflightcase.com\/tr\/wp-json\/wp\/v2\/product_brand?post=4211"},{"taxonomy":"product_cat","embeddable":true,"href":"https:\/\/sxflightcase.com\/tr\/wp-json\/wp\/v2\/product_cat?post=4211"},{"taxonomy":"product_tag","embeddable":true,"href":"https:\/\/sxflightcase.com\/tr\/wp-json\/wp\/v2\/product_tag?post=4211"}],"curies":[{"name":"wp","href":"https:\/\/api.w.org\/{rel}","templated":true}]}}