{"id":4215,"date":"2024-08-24T08:14:05","date_gmt":"2024-08-24T07:14:05","guid":{"rendered":"https:\/\/sxpowercase.com\/?post_type=product&#038;p=4215"},"modified":"2024-08-24T08:14:06","modified_gmt":"2024-08-24T07:14:06","slug":"flight-case-clamp-cla505","status":"publish","type":"product","link":"https:\/\/sxflightcase.com\/tr\/urun\/ucus-cantasi-kelepcesi-cla505-2\/","title":{"rendered":"U\u00e7u\u015f Kasas\u0131 Kelep\u00e7esi CLA505"},"content":{"rendered":"<h3>SX U\u00e7u\u015f \u00c7antas\u0131 Kelep\u00e7esi: G\u00fcvenilir Performans i\u00e7in Uygun Fiyatl\u0131 Kalite<\/h3>\n<h4>SX U\u00e7u\u015f \u00c7antas\u0131 Kelep\u00e7esi ile \u00c7antalar\u0131n\u0131z\u0131 G\u00fc\u00e7lendirin<\/h4>\n<p>G\u00fcvenli, uzun \u00f6m\u00fcrl\u00fc donan\u0131ma ihtiya\u00e7 duyanlar i\u00e7in SX g\u00fcvenilir <strong><span style=\"color: #3366ff;\"><a style=\"color: #3366ff;\" href=\"https:\/\/sxpowercase.com\/product\/flight-case-clamp-cla504\/\">U\u00e7u\u015f \u00c7antas\u0131 Kelep\u00e7esi<\/a><\/span>\u00a0 <\/strong>k\u0131l\u0131flar\u0131n\u0131z\u0131n s\u0131k\u0131ca kapal\u0131 kalmas\u0131n\u0131 sa\u011flar. Kelep\u00e7elerimiz hem profesyonel hem de kendin yap kullan\u0131m\u0131 i\u00e7in \u00fcretilmi\u015ftir ve ta\u015f\u0131ma s\u0131ras\u0131nda ekipman, alet veya di\u011fer de\u011ferli e\u015fyalar\u0131 sabitlemek i\u00e7in m\u00fckemmel bir \u00e7\u00f6z\u00fcm sunar. SX, b\u00fct\u00e7enizi zorlamadan size dayan\u0131kl\u0131 kelep\u00e7eler sunmak i\u00e7in fabrika do\u011frudan fiyatland\u0131rmas\u0131n\u0131 y\u00fcksek kalite standartlar\u0131yla birle\u015ftirir.<\/p>\n<h4>A\u011f\u0131r Hizmet Kullan\u0131m\u0131 i\u00e7in Dayan\u0131kl\u0131 Yap\u0131<\/h4>\n<p><a href=\"https:\/\/sxpowercase.com\/\" target=\"_blank\" rel=\"noopener\" title=\"SX\" data-wpil-monitor-id=\"695\">SX<\/a> <strong>U\u00e7u\u015f \u00c7antas\u0131 Kelep\u00e7esi<\/strong>\u00a0s\u0131k kullan\u0131m\u0131n zorluklar\u0131na dayanabilen sa\u011flam malzemelerden \u00fcretilmi\u015ftir. \u0130ster yol \u00e7antalar\u0131, ister saklama kaplar\u0131 veya \u00f6zel yap\u0131m projeler i\u00e7in ihtiyac\u0131n\u0131z olsun, bu kelep\u00e7eler bas\u0131n\u00e7 alt\u0131nda sa\u011flam duracak \u015fekilde tasarlanm\u0131\u015ft\u0131r. Paslanmaya kar\u015f\u0131 dayan\u0131kl\u0131d\u0131rlar ve zorlu ortamlar\u0131n \u00fcstesinden gelmek i\u00e7in \u00fcretilmi\u015flerdir, bu da onlar\u0131 hem i\u00e7 hem de d\u0131\u015f mekan uygulamalar\u0131 i\u00e7in ideal se\u00e7im haline getirir.<\/p>\n<h4>Kalite Garantili Fabrika Do\u011frudan Fiyatland\u0131rmas\u0131<\/h4>\n<p>SX ile, do\u011frudan fabrikadan yakla\u015f\u0131m\u0131m\u0131z sayesinde rakipsiz bir de\u011fer elde edersiniz. Bu, her ad\u0131mda titiz kalite kontrollerini s\u00fcrd\u00fcr\u00fcrken maliyetleri d\u00fc\u015f\u00fck tutmam\u0131z\u0131 sa\u011flar. Birinci s\u0131n\u0131f \u00fcr\u00fcnler al\u0131rs\u0131n\u0131z <strong>U\u00e7u\u015f \u00c7antas\u0131 Kelep\u00e7esi<\/strong>\u00a0b\u00fct\u00e7enize uygun fiyatlarla. Fabrikadan do\u011frudan sat\u0131\u015f taahh\u00fcd\u00fcm\u00fcz, gereksiz fiyat art\u0131\u015flar\u0131 i\u00e7in fazladan \u00f6deme yapmaman\u0131z\u0131 sa\u011flayarak uygun fiyata \u00fcst\u00fcn kalitenin keyfini \u00e7\u0131karman\u0131za olanak tan\u0131r.<\/p>\n<h4>\u00c7e\u015fitli Uygulamalar i\u00e7in \u00c7ok Y\u00f6nl\u00fcl\u00fck<\/h4>\n<p>SX'in <strong>U\u00e7u\u015f \u00c7antas\u0131 Kelep\u00e7eleri<\/strong> geni\u015f bir kullan\u0131m yelpazesine uyacak kadar \u00e7ok y\u00f6nl\u00fcd\u00fcr. \u0130ster canl\u0131 etkinlikler i\u00e7in \u00f6zel kasalar tasarl\u0131yor, ister k\u0131r\u0131lgan e\u015fyalar\u0131 ta\u015f\u0131yor veya depolama birimleri in\u015fa ediyor olun, bu kelep\u00e7eler ihtiyac\u0131n\u0131z olan esnekli\u011fi ve g\u00fcvenli\u011fi sunar. Kolay kurulumlar\u0131 ve dayan\u0131kl\u0131 tasar\u0131mlar\u0131, onlar\u0131 her boyuttaki proje i\u00e7in uygun hale getirir. SX ile hem profesyonel hem de ki\u015fisel gereksinimleri kar\u015f\u0131layan \u00e7ok y\u00f6nl\u00fc \u00e7\u00f6z\u00fcmlere eri\u015febilirsiniz.<\/p>\n<h4>\u0130htiya\u00e7lar\u0131n\u0131za G\u00f6re \u00d6zelle\u015ftirilebilir Se\u00e7enekler<\/h4>\n<p>SX olarak her projenin benzersiz oldu\u011funu biliyoruz. \u0130\u015fte bu y\u00fczden m\u00fc\u015fterilerimiz i\u00e7in \u00f6zelle\u015ftirilebilir se\u00e7enekler sunuyoruz. <strong>U\u00e7u\u015f \u00c7antas\u0131 Kelep\u00e7eleri<\/strong>Belirli boyutlardan farkl\u0131 kaplamalara kadar. \u00d6zelle\u015ftirme ne olursa olsun, fabrikadan do\u011frudan fiyatland\u0131rmam\u0131z her zaman b\u00fcy\u00fck bir de\u011fer elde etmenizi sa\u011flar. Maliyetleri \u015fi\u015firmeden ihtiya\u00e7lar\u0131n\u0131z\u0131 tam olarak kar\u015f\u0131layan \u00f6zel \u00e7\u00f6z\u00fcmler sa\u011flama konusunda SX'e g\u00fcvenebilirsiniz.<\/p>\n<h4>U\u00e7u\u015f \u00c7antas\u0131 Donan\u0131m\u0131n\u0131z i\u00e7in Neden SX'i Se\u00e7melisiniz?<\/h4>\n<p>SX, y\u00fcksek kaliteli, uygun fiyatl\u0131 donan\u0131m \u00e7\u00f6z\u00fcmlerinin g\u00fcvenilir bir sa\u011flay\u0131c\u0131s\u0131d\u0131r. Bizim <strong>U\u00e7u\u015f \u00c7antas\u0131 Kelep\u00e7eleri<\/strong> ekonomik bir fiyata g\u00fcvenilir performansa ihtiya\u00e7 duyanlar i\u00e7in tasarlanm\u0131\u015ft\u0131r. Kullan\u0131m\u0131 kolay, \u00f6zelle\u015ftirilebilir ve rekabet\u00e7i fiyatlara sahip dayan\u0131kl\u0131 \u00fcr\u00fcnler sunarak m\u00fc\u015fteri memnuniyetine \u00f6ncelik veriyoruz.<\/p>\n<h4>Y\u00fcksek De\u011ferli U\u00e7u\u015f \u00c7antas\u0131 Kelep\u00e7eleri i\u00e7in SX'i Se\u00e7in<\/h4>\n<p>G\u00fc\u00e7, kullan\u0131m kolayl\u0131\u011f\u0131 ve ekonomikli\u011fi bir araya getiren kelep\u00e7elere ihtiyac\u0131n\u0131z oldu\u011funda, SX g\u00fcvenmeniz gereken markad\u0131r. Bizim <strong>U\u00e7u\u015f \u00c7antas\u0131 Kelep\u00e7eleri<\/strong> b\u00fct\u00e7e dostu kal\u0131rken zorlu ko\u015fullar\u0131n \u00fcstesinden gelmek i\u00e7in \u00fcretilmi\u015ftir. SX ile t\u00fcm kasa donan\u0131m\u0131 ihtiya\u00e7lar\u0131n\u0131z i\u00e7in g\u00fcvenilir bir ortak se\u00e7mi\u015f olursunuz ve her sat\u0131n alma i\u015fleminde de\u011fer ve performans sunar.<\/p>\n<p>Hemen \u0130leti\u015fime Ge\u00e7in:<span style=\"color: #0000ff;\"><a style=\"color: #0000ff;\" href=\"https:\/\/sxpowercase.com\/contact-us\/\">https:\/\/sxpowercase.com\/<\/a><\/span><\/p>\n<p>Donan\u0131m \u00dcr\u00fcn Katalo\u011fu\uff1a<span style=\"color: #3366ff;\"><a style=\"color: #3366ff;\" href=\"https:\/\/sxpowercase.com\/wp-content\/uploads\/2024\/07\/\u4e94\u91d1.pdf\">Donan\u0131m aksesuarlar\u0131 katalo\u011fu<\/a><\/span><\/p>","protected":false},"excerpt":{"rendered":"<div class=\"flex max-w-full flex-col flex-grow\">\n<div class=\"min-h-[20px] text-message flex w-full flex-col items-end gap-2 break-words [.text-message+&amp;]:mt-5 overflow-x-auto whitespace-normal\" dir=\"auto\" data-message-author-role=\"assistant\" data-message-id=\"fcb5a49e-2c52-4ff7-b7e2-5a7efc614dbf\">\n<div class=\"flex w-full flex-col gap-1 empty:hidden first:pt-[3px]\">\n<div class=\"markdown prose w-full break-words dark:prose-invert light\">\n<h3>SX Flight Case Clamp: Secure and Cost-Effective Hardware<\/h3>\n<p>SX Flight Case Clamps provide tight, stable connections for your cases, ensuring your gear remains safe. With direct-from-factory pricing, you get premium-quality clamps at unbeatable prices.<\/p>\n<h3>Strong and Easy to Install<\/h3>\n<p>Built from high-grade materials, SX Flight Case Clamps offer long-lasting performance and corrosion resistance. They\u2019re designed for easy installation, making them ideal for both professionals and DIY enthusiasts.<\/p>\n<h3>Customizable and Versatile Solutions<\/h3>\n<p>Whether for musical equipment or industrial storage, SX Flight Case Clamps fit various projects. Custom options are available, and our factory-direct model ensures you get the exact clamps you need at a budget-friendly price.<\/p>\n<\/div>\n<\/div>\n<\/div>\n<\/div>\n","protected":false},"featured_media":4183,"comment_status":"open","ping_status":"closed","template":"","meta":[],"product_brand":[],"product_cat":[64],"product_tag":[],"class_list":{"0":"post-4215","1":"product","2":"type-product","3":"status-publish","4":"has-post-thumbnail","6":"product_cat-clamps","8":"first","9":"instock","10":"shipping-taxable","11":"product-type-simple"},"yoast_head":"<!-- This site is optimized with the Yoast SEO Premium plugin v27.1 (Yoast SEO v27.2) - https:\/\/yoast.com\/product\/yoast-seo-premium-wordpress\/ -->\n<title>Flight Case Clamp CLA505 - https:\/\/sxflightcase.com \ud83d\udc97<\/title>\n<meta name=\"description\" content=\"Flight case clamp, factory direct! High-quality, durable clamps designed for secure assembly and reinforcement of flight case panels and corners. Ideal for ensuring long-lasting protection and stability.\" \/>\n<meta name=\"robots\" content=\"index, follow, max-snippet:-1, max-image-preview:large, max-video-preview:-1\" \/>\n<link rel=\"canonical\" href=\"https:\/\/sxflightcase.com\/tr\/urun\/ucus-cantasi-kelepcesi-cla505-2\/\" \/>\n<meta property=\"og:locale\" content=\"tr_TR\" \/>\n<meta property=\"og:type\" content=\"article\" \/>\n<meta property=\"og:title\" content=\"Flight Case Clamp CLA505\" \/>\n<meta property=\"og:description\" content=\"Flight case clamp, factory direct! High-quality, durable clamps designed for secure assembly and reinforcement of flight case panels and corners. Ideal for ensuring long-lasting protection and stability.\" \/>\n<meta property=\"og:url\" content=\"https:\/\/sxflightcase.com\/tr\/urun\/ucus-cantasi-kelepcesi-cla505-2\/\" \/>\n<meta property=\"og:site_name\" content=\"https:\/\/sxflightcase.com\" \/>\n<meta property=\"article:publisher\" content=\"https:\/\/www.facebook.com\/profile.php?id=61560407257971\" \/>\n<meta property=\"article:modified_time\" content=\"2024-08-24T07:14:06+00:00\" \/>\n<meta property=\"og:image\" content=\"https:\/\/sxflightcase.com\/wp-content\/uploads\/2024\/08\/CLA505.jpg\" \/>\n\t<meta property=\"og:image:width\" content=\"700\" \/>\n\t<meta property=\"og:image:height\" content=\"700\" \/>\n\t<meta property=\"og:image:type\" content=\"image\/jpeg\" \/>\n<meta name=\"twitter:card\" content=\"summary_large_image\" \/>\n<meta name=\"twitter:label1\" content=\"Tahmini okuma s\u00fcresi\" \/>\n\t<meta name=\"twitter:data1\" content=\"3 dakika\" \/>\n<script type=\"application\/ld+json\" class=\"yoast-schema-graph\">{\"@context\":\"https:\/\/schema.org\",\"@graph\":[{\"@type\":\"WebPage\",\"@id\":\"https:\/\/sxflightcase.com\/product\/flight-case-clamp-cla505\/\",\"url\":\"https:\/\/sxflightcase.com\/product\/flight-case-clamp-cla505\/\",\"name\":\"Flight Case Clamp CLA505 - https:\/\/sxflightcase.com \ud83d\udc97\",\"isPartOf\":{\"@id\":\"https:\/\/sxflightcase.com\/th\/#website\"},\"primaryImageOfPage\":{\"@id\":\"https:\/\/sxflightcase.com\/product\/flight-case-clamp-cla505\/#primaryimage\"},\"image\":{\"@id\":\"https:\/\/sxflightcase.com\/product\/flight-case-clamp-cla505\/#primaryimage\"},\"thumbnailUrl\":\"https:\/\/sxflightcase.com\/wp-content\/uploads\/2024\/08\/CLA505.jpg\",\"datePublished\":\"2024-08-24T07:14:05+00:00\",\"dateModified\":\"2024-08-24T07:14:06+00:00\",\"description\":\"Flight case clamp, factory direct! High-quality, durable clamps designed for secure assembly and reinforcement of flight case panels and corners. Ideal for ensuring long-lasting protection and stability.\",\"breadcrumb\":{\"@id\":\"https:\/\/sxflightcase.com\/product\/flight-case-clamp-cla505\/#breadcrumb\"},\"inLanguage\":\"tr\",\"potentialAction\":[{\"@type\":\"ReadAction\",\"target\":[\"https:\/\/sxflightcase.com\/product\/flight-case-clamp-cla505\/\"]}]},{\"@type\":\"ImageObject\",\"inLanguage\":\"tr\",\"@id\":\"https:\/\/sxflightcase.com\/product\/flight-case-clamp-cla505\/#primaryimage\",\"url\":\"https:\/\/sxflightcase.com\/wp-content\/uploads\/2024\/08\/CLA505.jpg\",\"contentUrl\":\"https:\/\/sxflightcase.com\/wp-content\/uploads\/2024\/08\/CLA505.jpg\",\"width\":700,\"height\":700,\"caption\":\"Flight Case Clamp\"},{\"@type\":\"BreadcrumbList\",\"@id\":\"https:\/\/sxflightcase.com\/product\/flight-case-clamp-cla505\/#breadcrumb\",\"itemListElement\":[{\"@type\":\"ListItem\",\"position\":1,\"name\":\"Home\",\"item\":\"https:\/\/sxflightcase.com\/\"},{\"@type\":\"ListItem\",\"position\":2,\"name\":\"\u0e2a\u0e34\u0e19\u0e04\u0e49\u0e32\",\"item\":\"https:\/\/sxflightcase.com\/th\/shop\/\"},{\"@type\":\"ListItem\",\"position\":3,\"name\":\"Flight Case Clamp CLA505\"}]},{\"@type\":\"WebSite\",\"@id\":\"https:\/\/sxflightcase.com\/th\/#website\",\"url\":\"https:\/\/sxflightcase.com\/th\/\",\"name\":\"sxpowercase.com\",\"description\":\"Flight Case Factory\",\"publisher\":{\"@id\":\"https:\/\/sxflightcase.com\/th\/#organization\"},\"potentialAction\":[{\"@type\":\"SearchAction\",\"target\":{\"@type\":\"EntryPoint\",\"urlTemplate\":\"https:\/\/sxflightcase.com\/th\/?s={search_term_string}\"},\"query-input\":{\"@type\":\"PropertyValueSpecification\",\"valueRequired\":true,\"valueName\":\"search_term_string\"}}],\"inLanguage\":\"tr\"},{\"@type\":\"Organization\",\"@id\":\"https:\/\/sxflightcase.com\/th\/#organization\",\"name\":\"sxpowercase.com\",\"url\":\"https:\/\/sxflightcase.com\/th\/\",\"logo\":{\"@type\":\"ImageObject\",\"inLanguage\":\"tr\",\"@id\":\"https:\/\/sxflightcase.com\/th\/#\/schema\/logo\/image\/\",\"url\":\"https:\/\/sxflightcase.com\/wp-content\/uploads\/2024\/04\/1713919036007.jpg\",\"contentUrl\":\"https:\/\/sxflightcase.com\/wp-content\/uploads\/2024\/04\/1713919036007.jpg\",\"width\":382,\"height\":388,\"caption\":\"sxpowercase.com\"},\"image\":{\"@id\":\"https:\/\/sxflightcase.com\/th\/#\/schema\/logo\/image\/\"},\"sameAs\":[\"https:\/\/www.facebook.com\/profile.php?id=61560407257971\"],\"numberOfEmployees\":{\"@type\":\"QuantitativeValue\",\"minValue\":\"11\",\"maxValue\":\"50\"}}]}<\/script>\n<!-- \/ Yoast SEO Premium plugin. -->","yoast_head_json":{"title":"Flight Case Clamp CLA505 - https:\/\/sxflightcase.com \ud83d\udc97","description":"U\u00e7u\u015f kasas\u0131 kelep\u00e7esi, do\u011frudan fabrika \u00e7\u0131k\u0131\u015f\u0131! U\u00e7u\u015f kasas\u0131 panellerinin ve k\u00f6\u015felerinin g\u00fcvenli montaj\u0131 ve g\u00fc\u00e7lendirilmesi i\u00e7in tasarlanm\u0131\u015f y\u00fcksek kaliteli, dayan\u0131kl\u0131 kelep\u00e7eler. Uzun s\u00fcreli koruma ve stabilite sa\u011flamak i\u00e7in idealdir.","robots":{"index":"index","follow":"follow","max-snippet":"max-snippet:-1","max-image-preview":"max-image-preview:large","max-video-preview":"max-video-preview:-1"},"canonical":"https:\/\/sxflightcase.com\/tr\/urun\/ucus-cantasi-kelepcesi-cla505-2\/","og_locale":"tr_TR","og_type":"article","og_title":"Flight Case Clamp CLA505","og_description":"Flight case clamp, factory direct! High-quality, durable clamps designed for secure assembly and reinforcement of flight case panels and corners. Ideal for ensuring long-lasting protection and stability.","og_url":"https:\/\/sxflightcase.com\/tr\/urun\/ucus-cantasi-kelepcesi-cla505-2\/","og_site_name":"https:\/\/sxflightcase.com","article_publisher":"https:\/\/www.facebook.com\/profile.php?id=61560407257971","article_modified_time":"2024-08-24T07:14:06+00:00","og_image":[{"width":700,"height":700,"url":"https:\/\/sxflightcase.com\/wp-content\/uploads\/2024\/08\/CLA505.jpg","type":"image\/jpeg"}],"twitter_card":"summary_large_image","twitter_misc":{"Tahmini okuma s\u00fcresi":"3 dakika"},"schema":{"@context":"https:\/\/schema.org","@graph":[{"@type":"WebPage","@id":"https:\/\/sxflightcase.com\/product\/flight-case-clamp-cla505\/","url":"https:\/\/sxflightcase.com\/product\/flight-case-clamp-cla505\/","name":"Flight Case Clamp CLA505 - https:\/\/sxflightcase.com \ud83d\udc97","isPartOf":{"@id":"https:\/\/sxflightcase.com\/th\/#website"},"primaryImageOfPage":{"@id":"https:\/\/sxflightcase.com\/product\/flight-case-clamp-cla505\/#primaryimage"},"image":{"@id":"https:\/\/sxflightcase.com\/product\/flight-case-clamp-cla505\/#primaryimage"},"thumbnailUrl":"https:\/\/sxflightcase.com\/wp-content\/uploads\/2024\/08\/CLA505.jpg","datePublished":"2024-08-24T07:14:05+00:00","dateModified":"2024-08-24T07:14:06+00:00","description":"U\u00e7u\u015f kasas\u0131 kelep\u00e7esi, do\u011frudan fabrika \u00e7\u0131k\u0131\u015f\u0131! U\u00e7u\u015f kasas\u0131 panellerinin ve k\u00f6\u015felerinin g\u00fcvenli montaj\u0131 ve g\u00fc\u00e7lendirilmesi i\u00e7in tasarlanm\u0131\u015f y\u00fcksek kaliteli, dayan\u0131kl\u0131 kelep\u00e7eler. Uzun s\u00fcreli koruma ve stabilite sa\u011flamak i\u00e7in idealdir.","breadcrumb":{"@id":"https:\/\/sxflightcase.com\/product\/flight-case-clamp-cla505\/#breadcrumb"},"inLanguage":"tr","potentialAction":[{"@type":"ReadAction","target":["https:\/\/sxflightcase.com\/product\/flight-case-clamp-cla505\/"]}]},{"@type":"ImageObject","inLanguage":"tr","@id":"https:\/\/sxflightcase.com\/product\/flight-case-clamp-cla505\/#primaryimage","url":"https:\/\/sxflightcase.com\/wp-content\/uploads\/2024\/08\/CLA505.jpg","contentUrl":"https:\/\/sxflightcase.com\/wp-content\/uploads\/2024\/08\/CLA505.jpg","width":700,"height":700,"caption":"Flight Case Clamp"},{"@type":"BreadcrumbList","@id":"https:\/\/sxflightcase.com\/product\/flight-case-clamp-cla505\/#breadcrumb","itemListElement":[{"@type":"ListItem","position":1,"name":"Home","item":"https:\/\/sxflightcase.com\/"},{"@type":"ListItem","position":2,"name":"\u0e2a\u0e34\u0e19\u0e04\u0e49\u0e32","item":"https:\/\/sxflightcase.com\/th\/shop\/"},{"@type":"ListItem","position":3,"name":"Flight Case Clamp CLA505"}]},{"@type":"WebSite","@id":"https:\/\/sxflightcase.com\/th\/#website","url":"https:\/\/sxflightcase.com\/th\/","name":"sxpowercase.com","description":"U\u00e7u\u015f \u00c7antas\u0131 Fabrikas\u0131","publisher":{"@id":"https:\/\/sxflightcase.com\/th\/#organization"},"potentialAction":[{"@type":"SearchAction","target":{"@type":"EntryPoint","urlTemplate":"https:\/\/sxflightcase.com\/th\/?s={search_term_string}"},"query-input":{"@type":"PropertyValueSpecification","valueRequired":true,"valueName":"search_term_string"}}],"inLanguage":"tr"},{"@type":"Organization","@id":"https:\/\/sxflightcase.com\/th\/#organization","name":"sxpowercase.com","url":"https:\/\/sxflightcase.com\/th\/","logo":{"@type":"ImageObject","inLanguage":"tr","@id":"https:\/\/sxflightcase.com\/th\/#\/schema\/logo\/image\/","url":"https:\/\/sxflightcase.com\/wp-content\/uploads\/2024\/04\/1713919036007.jpg","contentUrl":"https:\/\/sxflightcase.com\/wp-content\/uploads\/2024\/04\/1713919036007.jpg","width":382,"height":388,"caption":"sxpowercase.com"},"image":{"@id":"https:\/\/sxflightcase.com\/th\/#\/schema\/logo\/image\/"},"sameAs":["https:\/\/www.facebook.com\/profile.php?id=61560407257971"],"numberOfEmployees":{"@type":"QuantitativeValue","minValue":"11","maxValue":"50"}}]}},"_links":{"self":[{"href":"https:\/\/sxflightcase.com\/tr\/wp-json\/wp\/v2\/product\/4215","targetHints":{"allow":["GET"]}}],"collection":[{"href":"https:\/\/sxflightcase.com\/tr\/wp-json\/wp\/v2\/product"}],"about":[{"href":"https:\/\/sxflightcase.com\/tr\/wp-json\/wp\/v2\/types\/product"}],"replies":[{"embeddable":true,"href":"https:\/\/sxflightcase.com\/tr\/wp-json\/wp\/v2\/comments?post=4215"}],"version-history":[{"count":0,"href":"https:\/\/sxflightcase.com\/tr\/wp-json\/wp\/v2\/product\/4215\/revisions"}],"wp:featuredmedia":[{"embeddable":true,"href":"https:\/\/sxflightcase.com\/tr\/wp-json\/wp\/v2\/media\/4183"}],"wp:attachment":[{"href":"https:\/\/sxflightcase.com\/tr\/wp-json\/wp\/v2\/media?parent=4215"}],"wp:term":[{"taxonomy":"product_brand","embeddable":true,"href":"https:\/\/sxflightcase.com\/tr\/wp-json\/wp\/v2\/product_brand?post=4215"},{"taxonomy":"product_cat","embeddable":true,"href":"https:\/\/sxflightcase.com\/tr\/wp-json\/wp\/v2\/product_cat?post=4215"},{"taxonomy":"product_tag","embeddable":true,"href":"https:\/\/sxflightcase.com\/tr\/wp-json\/wp\/v2\/product_tag?post=4215"}],"curies":[{"name":"wp","href":"https:\/\/api.w.org\/{rel}","templated":true}]}}