{"id":4220,"date":"2024-08-26T08:22:55","date_gmt":"2024-08-26T07:22:55","guid":{"rendered":"https:\/\/sxpowercase.com\/?post_type=product&#038;p=4220"},"modified":"2024-08-26T08:22:56","modified_gmt":"2024-08-26T07:22:56","slug":"flight-case-corner-brace-cla801","status":"publish","type":"product","link":"https:\/\/sxflightcase.com\/tr\/urun\/ucus-kasasi-kose-destegi-cla801-2\/","title":{"rendered":"U\u00e7u\u015f Kasas\u0131 K\u00f6\u015fe Deste\u011fi CLA801"},"content":{"rendered":"<h3>SX U\u00e7u\u015f \u00c7antas\u0131 K\u00f6\u015fe Deste\u011fi: Ekipman\u0131n\u0131z i\u00e7in Uygun Fiyatl\u0131 ve G\u00fcvenilir Koruma<\/h3>\n<h4>SX U\u00e7u\u015f \u00c7antas\u0131 K\u00f6\u015fe Deste\u011fi ile \u00c7antalar\u0131n\u0131z\u0131 G\u00fc\u00e7lendirin<\/h4>\n<p>Bir u\u00e7u\u015f kasas\u0131 olu\u015ftururken veya y\u00fckseltirken, sa\u011flam koruma sa\u011flamak \u00e7ok \u00f6nemlidir. SX, dayan\u0131kl\u0131 <span style=\"color: #3366ff;\"><a style=\"color: #3366ff;\" href=\"https:\/\/sxpowercase.com\/product\/road-case-clamp-cla701\/\"><strong>U\u00e7u\u015f \u00c7antas\u0131 K\u00f6\u015fe Deste\u011fi<\/strong><\/a><\/span> kasalar\u0131n\u0131z\u0131n yap\u0131sal b\u00fct\u00fcnl\u00fc\u011f\u00fcn\u00fc geli\u015ftirmek i\u00e7in tasarlanm\u0131\u015ft\u0131r. \u0130ster bir tur profesyoneli ister bir DIY merakl\u0131s\u0131 olun, k\u00f6\u015fe desteklerimiz b\u00fct\u00e7enizi sarsmadan do\u011fru seviyede g\u00fc\u00e7lendirme sa\u011flar.<\/p>\n<h4>Zorlu Ortamlar i\u00e7in \u00dcretildi<\/h4>\n<p>Bizim <strong>U\u00e7u\u015f \u00c7antas\u0131 K\u00f6\u015fe Destekleri<\/strong> y\u00fcksek kaliteli metalden \u00fcretilmi\u015ftir ve s\u00fcrekli ta\u015f\u0131man\u0131n zorluklar\u0131na dayanabilmelerini sa\u011flar. Hasarlar\u0131 \u00f6nlemek ve \u00e7antan\u0131z\u0131n \u00f6mr\u00fcn\u00fc uzatmak i\u00e7in tasarlanan bu destekler, ekipmanlar\u0131n\u0131 g\u00fcvende tutmak isteyen herkes i\u00e7in gereklidir. <a href=\"https:\/\/sxpowercase.com\/\" target=\"_blank\" rel=\"noopener\" title=\"SX\" data-wpil-monitor-id=\"698\">SX<\/a> her ad\u0131mda kaliteye \u00f6ncelik vererek, eri\u015filebilir fiyatlarla g\u00fcvenilir donan\u0131m sunar.<\/p>\n<h4>Uygun Maliyetli \u00c7\u00f6z\u00fcmler i\u00e7in Fabrika Do\u011frudan Fiyatlar\u0131<\/h4>\n<p>SX olarak, uygun fiyat\u0131n \u00f6nemli oldu\u011funu biliyoruz. \u0130\u015fte bu y\u00fczden <strong>U\u00e7u\u015f \u00c7antas\u0131 K\u00f6\u015fe Destekleri<\/strong> arac\u0131 maliyetlerini ortadan kald\u0131rarak do\u011frudan fabrikadan temin edilebilir. Do\u011frudan kayna\u011fa giderek, daha d\u00fc\u015f\u00fck fiyatlardan yararlan\u0131rken en \u00fcst d\u00fczey \u00fcr\u00fcnleri almaya devam edersiniz. Dayan\u0131kl\u0131l\u0131ktan \u00f6d\u00fcn vermeden en iyi de\u011feri elde etmeye odaklanan al\u0131c\u0131lar i\u00e7in SX m\u00fckemmel bir se\u00e7imdir.<\/p>\n<h4>\u00c7ok Y\u00f6nl\u00fc ve Kurulumu Kolay<\/h4>\n<p>SX'in <strong>U\u00e7u\u015f \u00c7antas\u0131 K\u00f6\u015fe Destekleri<\/strong> \u00e7e\u015fitli kasa tasar\u0131mlar\u0131na uyacak kadar \u00e7ok y\u00f6nl\u00fcd\u00fcr, bu da onlar\u0131 farkl\u0131 projeler i\u00e7in uygun hale getirir. Kullan\u0131c\u0131 dostu kurulum s\u00fcreci, bu destekleri kasalar\u0131n\u0131za h\u0131zl\u0131 ve kolay bir \u015fekilde ekleyebilece\u011finiz, stabiliteyi ve korumay\u0131 art\u0131rabilece\u011finiz anlam\u0131na gelir. \u0130ster mevcut bir kasay\u0131 y\u00fckseltin ister s\u0131f\u0131rdan yeni bir kasa in\u015fa edin, SX size yard\u0131mc\u0131 olacakt\u0131r.<\/p>\n<h4>Gereksinimlerinize Uygun \u00d6zelle\u015ftirme Se\u00e7enekleri<\/h4>\n<p>SX olarak her vakan\u0131n kendine \u00f6zg\u00fc ihtiya\u00e7lar\u0131 oldu\u011funu biliyoruz. Bu nedenle, \u00fcr\u00fcnlerimiz i\u00e7in \u00f6zelle\u015ftirme se\u00e7enekleri sunuyoruz. <strong>U\u00e7u\u015f \u00c7antas\u0131 K\u00f6\u015fe Destekleri<\/strong>. \u00d6zel uygulaman\u0131za uymas\u0131 i\u00e7in farkl\u0131 boyutlar, y\u00fczeyler ve malzemeler se\u00e7ebilirsiniz. Bu \u00f6zel se\u00e7eneklerle bile, d\u00fc\u015f\u00fck fabrika fiyatlar\u0131na olan ba\u011fl\u0131l\u0131\u011f\u0131m\u0131z\u0131 s\u00fcrd\u00fcr\u00fcyoruz ve fazla \u00f6deme yapmadan \u00f6zelle\u015ftirmenize olanak tan\u0131yoruz.<\/p>\n<h4>Kasa Donan\u0131m\u0131 i\u00e7in Neden SX Tercih Ediliyor?<\/h4>\n<p>SX, y\u00fcksek kaliteli ve uygun fiyatl\u0131 donan\u0131m \u00e7\u00f6z\u00fcmleri sunma konusunda g\u00fcvenilirdir. Bizim <strong>U\u00e7u\u015f \u00c7antas\u0131 K\u00f6\u015fe Destekleri<\/strong> sa\u011flaml\u0131\u011f\u0131, g\u00fcvenilirli\u011fi ve maliyet etkinli\u011fi ile \u00f6ne \u00e7\u0131kmaktad\u0131r. Kalite kontrol ve m\u00fc\u015fteri memnuniyetine odaklanarak, ihtiya\u00e7lar\u0131n\u0131z\u0131 tam olarak kar\u015f\u0131layan uzun \u00f6m\u00fcrl\u00fc donan\u0131ma sahip olman\u0131z\u0131 sa\u011fl\u0131yoruz.<\/p>\n<h4>SX U\u00e7u\u015f \u00c7antas\u0131 K\u00f6\u015fe Destekleri ile \u00c7antalar\u0131n\u0131z\u0131 Sabitleyin<\/h4>\n<p>S\u00f6z konusu de\u011ferli ekipman\u0131n\u0131z\u0131 korumak oldu\u011funda, her bile\u015fen \u00f6nemlidir. SX'in <strong>U\u00e7u\u015f \u00c7antas\u0131 K\u00f6\u015fe Destekleri<\/strong> u\u00e7u\u015f \u00e7antalar\u0131n\u0131z i\u00e7in gerekli takviyeyi sunarak, yolculuk ne kadar zorlu olursa olsun ekipman\u0131n\u0131z\u0131n g\u00fcvende kalmas\u0131n\u0131 sa\u011flar. Kaliteden veya performanstan asla \u00f6d\u00fcn vermeyen uygun fiyatl\u0131, fabrika \u00e7\u0131k\u0131\u015fl\u0131 donan\u0131m i\u00e7in SX'i se\u00e7in.<\/p>\n<p>Hemen \u0130leti\u015fime Ge\u00e7in:<span style=\"color: #0000ff;\"><a style=\"color: #0000ff;\" href=\"https:\/\/sxpowercase.com\/contact-us\/\">https:\/\/sxpowercase.com\/<\/a><\/span><\/p>\n<p>Donan\u0131m \u00dcr\u00fcn Katalo\u011fu\uff1a<span style=\"color: #3366ff;\"><a style=\"color: #3366ff;\" href=\"https:\/\/sxpowercase.com\/wp-content\/uploads\/2024\/07\/\u4e94\u91d1.pdf\">Donan\u0131m aksesuarlar\u0131 katalo\u011fu<\/a><\/span><\/p>","protected":false},"excerpt":{"rendered":"<h3>SX U\u00e7u\u015f \u00c7antas\u0131 K\u00f6\u015fe Deste\u011fi: Uygun Fiyatlarla G\u00fc\u00e7lendirilmi\u015f Koruma<\/h3>\n<p>SX, kasalar\u0131n\u0131z\u0131 s\u0131k ta\u015f\u0131ma s\u0131ras\u0131nda g\u00fc\u00e7lendirmek i\u00e7in y\u00fcksek kaliteli metal k\u00f6\u015fe destekleri sunar. Fabrika do\u011frudan sat\u0131\u015flar\u0131, b\u00fct\u00e7e dostu fiyatlarla dayan\u0131kl\u0131 donan\u0131m sa\u011flar.<\/p>\n<h3>Dayan\u0131kl\u0131 ve Kurulumu Kolay SX K\u00f6\u015fe Destekleri<\/h3>\n<p>SX k\u00f6\u015fe destekleri \u00e7e\u015fitli kasa tasar\u0131mlar\u0131na uyar ve kurulumu kolayd\u0131r, geli\u015fmi\u015f stabilite sa\u011flar. \u0130ster eski kasalar\u0131 y\u00fckseltin ister yenilerini in\u015fa edin, SX g\u00fcvenilir bir se\u00e7imdir.<\/p>\n<h3>\u00d6zel \u0130htiya\u00e7lar\u0131n\u0131z\u0131 Kar\u015f\u0131layacak \u00d6zelle\u015ftirilebilir \u00c7\u00f6z\u00fcmler<\/h3>\n<p>SX, boyut ve malzeme \u00f6zelle\u015ftirme se\u00e7enekleri sunarken, fabrika do\u011frudan fiyatland\u0131rmas\u0131n\u0131 koruyarak benzersiz gereksinimlerinize g\u00f6re uyarlanm\u0131\u015f uygun maliyetli donan\u0131m sa\u011flar.<\/p>","protected":false},"featured_media":4186,"comment_status":"open","ping_status":"closed","template":"","meta":[],"product_brand":[],"product_cat":[64],"product_tag":[],"class_list":{"0":"post-4220","1":"product","2":"type-product","3":"status-publish","4":"has-post-thumbnail","6":"product_cat-clamps","8":"first","9":"instock","10":"shipping-taxable","11":"product-type-simple"},"yoast_head":"<!-- This site is optimized with the Yoast SEO Premium plugin v27.1 (Yoast SEO v27.2) - https:\/\/yoast.com\/product\/yoast-seo-premium-wordpress\/ -->\n<title>Flight Case Corner Brace CLA801 - https:\/\/sxflightcase.com \ud83d\udc97<\/title>\n<meta name=\"description\" content=\"Flight case corner brace, factory direct! Durable, high-quality braces designed to reinforce and secure flight case corners. Ideal for ensuring stability and long-lasting protection during transport.\" \/>\n<meta name=\"robots\" content=\"index, follow, max-snippet:-1, max-image-preview:large, max-video-preview:-1\" \/>\n<link rel=\"canonical\" href=\"https:\/\/sxflightcase.com\/tr\/urun\/ucus-kasasi-kose-destegi-cla801-2\/\" \/>\n<meta property=\"og:locale\" content=\"tr_TR\" \/>\n<meta property=\"og:type\" content=\"article\" \/>\n<meta property=\"og:title\" content=\"Flight Case Corner Brace CLA801\" \/>\n<meta property=\"og:description\" content=\"Flight case corner brace, factory direct! Durable, high-quality braces designed to reinforce and secure flight case corners. Ideal for ensuring stability and long-lasting protection during transport.\" \/>\n<meta property=\"og:url\" content=\"https:\/\/sxflightcase.com\/tr\/urun\/ucus-kasasi-kose-destegi-cla801-2\/\" \/>\n<meta property=\"og:site_name\" content=\"https:\/\/sxflightcase.com\" \/>\n<meta property=\"article:publisher\" content=\"https:\/\/www.facebook.com\/profile.php?id=61560407257971\" \/>\n<meta property=\"article:modified_time\" content=\"2024-08-26T07:22:56+00:00\" \/>\n<meta property=\"og:image\" content=\"https:\/\/sxflightcase.com\/wp-content\/uploads\/2024\/08\/CLA801.jpg\" \/>\n\t<meta property=\"og:image:width\" content=\"700\" \/>\n\t<meta property=\"og:image:height\" content=\"700\" \/>\n\t<meta property=\"og:image:type\" content=\"image\/jpeg\" \/>\n<meta name=\"twitter:card\" content=\"summary_large_image\" \/>\n<meta name=\"twitter:label1\" content=\"Tahmini okuma s\u00fcresi\" \/>\n\t<meta name=\"twitter:data1\" content=\"3 dakika\" \/>\n<script type=\"application\/ld+json\" class=\"yoast-schema-graph\">{\"@context\":\"https:\/\/schema.org\",\"@graph\":[{\"@type\":\"WebPage\",\"@id\":\"https:\/\/sxflightcase.com\/product\/flight-case-corner-brace-cla801\/\",\"url\":\"https:\/\/sxflightcase.com\/product\/flight-case-corner-brace-cla801\/\",\"name\":\"Flight Case Corner Brace CLA801 - https:\/\/sxflightcase.com \ud83d\udc97\",\"isPartOf\":{\"@id\":\"https:\/\/sxflightcase.com\/th\/#website\"},\"primaryImageOfPage\":{\"@id\":\"https:\/\/sxflightcase.com\/product\/flight-case-corner-brace-cla801\/#primaryimage\"},\"image\":{\"@id\":\"https:\/\/sxflightcase.com\/product\/flight-case-corner-brace-cla801\/#primaryimage\"},\"thumbnailUrl\":\"https:\/\/sxflightcase.com\/wp-content\/uploads\/2024\/08\/CLA801.jpg\",\"datePublished\":\"2024-08-26T07:22:55+00:00\",\"dateModified\":\"2024-08-26T07:22:56+00:00\",\"description\":\"Flight case corner brace, factory direct! Durable, high-quality braces designed to reinforce and secure flight case corners. Ideal for ensuring stability and long-lasting protection during transport.\",\"breadcrumb\":{\"@id\":\"https:\/\/sxflightcase.com\/product\/flight-case-corner-brace-cla801\/#breadcrumb\"},\"inLanguage\":\"tr\",\"potentialAction\":[{\"@type\":\"ReadAction\",\"target\":[\"https:\/\/sxflightcase.com\/product\/flight-case-corner-brace-cla801\/\"]}]},{\"@type\":\"ImageObject\",\"inLanguage\":\"tr\",\"@id\":\"https:\/\/sxflightcase.com\/product\/flight-case-corner-brace-cla801\/#primaryimage\",\"url\":\"https:\/\/sxflightcase.com\/wp-content\/uploads\/2024\/08\/CLA801.jpg\",\"contentUrl\":\"https:\/\/sxflightcase.com\/wp-content\/uploads\/2024\/08\/CLA801.jpg\",\"width\":700,\"height\":700,\"caption\":\"Flight Case Corner Brace\"},{\"@type\":\"BreadcrumbList\",\"@id\":\"https:\/\/sxflightcase.com\/product\/flight-case-corner-brace-cla801\/#breadcrumb\",\"itemListElement\":[{\"@type\":\"ListItem\",\"position\":1,\"name\":\"Home\",\"item\":\"https:\/\/sxflightcase.com\/\"},{\"@type\":\"ListItem\",\"position\":2,\"name\":\"\u0e2a\u0e34\u0e19\u0e04\u0e49\u0e32\",\"item\":\"https:\/\/sxflightcase.com\/th\/shop\/\"},{\"@type\":\"ListItem\",\"position\":3,\"name\":\"Flight Case Corner Brace CLA801\"}]},{\"@type\":\"WebSite\",\"@id\":\"https:\/\/sxflightcase.com\/th\/#website\",\"url\":\"https:\/\/sxflightcase.com\/th\/\",\"name\":\"sxpowercase.com\",\"description\":\"Flight Case Factory\",\"publisher\":{\"@id\":\"https:\/\/sxflightcase.com\/th\/#organization\"},\"potentialAction\":[{\"@type\":\"SearchAction\",\"target\":{\"@type\":\"EntryPoint\",\"urlTemplate\":\"https:\/\/sxflightcase.com\/th\/?s={search_term_string}\"},\"query-input\":{\"@type\":\"PropertyValueSpecification\",\"valueRequired\":true,\"valueName\":\"search_term_string\"}}],\"inLanguage\":\"tr\"},{\"@type\":\"Organization\",\"@id\":\"https:\/\/sxflightcase.com\/th\/#organization\",\"name\":\"sxpowercase.com\",\"url\":\"https:\/\/sxflightcase.com\/th\/\",\"logo\":{\"@type\":\"ImageObject\",\"inLanguage\":\"tr\",\"@id\":\"https:\/\/sxflightcase.com\/th\/#\/schema\/logo\/image\/\",\"url\":\"https:\/\/sxflightcase.com\/wp-content\/uploads\/2024\/04\/1713919036007.jpg\",\"contentUrl\":\"https:\/\/sxflightcase.com\/wp-content\/uploads\/2024\/04\/1713919036007.jpg\",\"width\":382,\"height\":388,\"caption\":\"sxpowercase.com\"},\"image\":{\"@id\":\"https:\/\/sxflightcase.com\/th\/#\/schema\/logo\/image\/\"},\"sameAs\":[\"https:\/\/www.facebook.com\/profile.php?id=61560407257971\"],\"numberOfEmployees\":{\"@type\":\"QuantitativeValue\",\"minValue\":\"11\",\"maxValue\":\"50\"}}]}<\/script>\n<!-- \/ Yoast SEO Premium plugin. -->","yoast_head_json":{"title":"Flight Case Corner Brace CLA801 - https:\/\/sxflightcase.com \ud83d\udc97","description":"U\u00e7u\u015f kasas\u0131 k\u00f6\u015fe deste\u011fi, do\u011frudan fabrika \u00e7\u0131k\u0131\u015f\u0131! U\u00e7u\u015f kasas\u0131 k\u00f6\u015felerini g\u00fc\u00e7lendirmek ve sabitlemek i\u00e7in tasarlanm\u0131\u015f dayan\u0131kl\u0131, y\u00fcksek kaliteli destekler. Ta\u015f\u0131ma s\u0131ras\u0131nda stabilite ve uzun s\u00fcreli koruma sa\u011flamak i\u00e7in idealdir.","robots":{"index":"index","follow":"follow","max-snippet":"max-snippet:-1","max-image-preview":"max-image-preview:large","max-video-preview":"max-video-preview:-1"},"canonical":"https:\/\/sxflightcase.com\/tr\/urun\/ucus-kasasi-kose-destegi-cla801-2\/","og_locale":"tr_TR","og_type":"article","og_title":"Flight Case Corner Brace CLA801","og_description":"Flight case corner brace, factory direct! Durable, high-quality braces designed to reinforce and secure flight case corners. Ideal for ensuring stability and long-lasting protection during transport.","og_url":"https:\/\/sxflightcase.com\/tr\/urun\/ucus-kasasi-kose-destegi-cla801-2\/","og_site_name":"https:\/\/sxflightcase.com","article_publisher":"https:\/\/www.facebook.com\/profile.php?id=61560407257971","article_modified_time":"2024-08-26T07:22:56+00:00","og_image":[{"width":700,"height":700,"url":"https:\/\/sxflightcase.com\/wp-content\/uploads\/2024\/08\/CLA801.jpg","type":"image\/jpeg"}],"twitter_card":"summary_large_image","twitter_misc":{"Tahmini okuma s\u00fcresi":"3 dakika"},"schema":{"@context":"https:\/\/schema.org","@graph":[{"@type":"WebPage","@id":"https:\/\/sxflightcase.com\/product\/flight-case-corner-brace-cla801\/","url":"https:\/\/sxflightcase.com\/product\/flight-case-corner-brace-cla801\/","name":"Flight Case Corner Brace CLA801 - https:\/\/sxflightcase.com \ud83d\udc97","isPartOf":{"@id":"https:\/\/sxflightcase.com\/th\/#website"},"primaryImageOfPage":{"@id":"https:\/\/sxflightcase.com\/product\/flight-case-corner-brace-cla801\/#primaryimage"},"image":{"@id":"https:\/\/sxflightcase.com\/product\/flight-case-corner-brace-cla801\/#primaryimage"},"thumbnailUrl":"https:\/\/sxflightcase.com\/wp-content\/uploads\/2024\/08\/CLA801.jpg","datePublished":"2024-08-26T07:22:55+00:00","dateModified":"2024-08-26T07:22:56+00:00","description":"U\u00e7u\u015f kasas\u0131 k\u00f6\u015fe deste\u011fi, do\u011frudan fabrika \u00e7\u0131k\u0131\u015f\u0131! U\u00e7u\u015f kasas\u0131 k\u00f6\u015felerini g\u00fc\u00e7lendirmek ve sabitlemek i\u00e7in tasarlanm\u0131\u015f dayan\u0131kl\u0131, y\u00fcksek kaliteli destekler. Ta\u015f\u0131ma s\u0131ras\u0131nda stabilite ve uzun s\u00fcreli koruma sa\u011flamak i\u00e7in idealdir.","breadcrumb":{"@id":"https:\/\/sxflightcase.com\/product\/flight-case-corner-brace-cla801\/#breadcrumb"},"inLanguage":"tr","potentialAction":[{"@type":"ReadAction","target":["https:\/\/sxflightcase.com\/product\/flight-case-corner-brace-cla801\/"]}]},{"@type":"ImageObject","inLanguage":"tr","@id":"https:\/\/sxflightcase.com\/product\/flight-case-corner-brace-cla801\/#primaryimage","url":"https:\/\/sxflightcase.com\/wp-content\/uploads\/2024\/08\/CLA801.jpg","contentUrl":"https:\/\/sxflightcase.com\/wp-content\/uploads\/2024\/08\/CLA801.jpg","width":700,"height":700,"caption":"Flight Case Corner Brace"},{"@type":"BreadcrumbList","@id":"https:\/\/sxflightcase.com\/product\/flight-case-corner-brace-cla801\/#breadcrumb","itemListElement":[{"@type":"ListItem","position":1,"name":"Home","item":"https:\/\/sxflightcase.com\/"},{"@type":"ListItem","position":2,"name":"\u0e2a\u0e34\u0e19\u0e04\u0e49\u0e32","item":"https:\/\/sxflightcase.com\/th\/shop\/"},{"@type":"ListItem","position":3,"name":"Flight Case Corner Brace CLA801"}]},{"@type":"WebSite","@id":"https:\/\/sxflightcase.com\/th\/#website","url":"https:\/\/sxflightcase.com\/th\/","name":"sxpowercase.com","description":"U\u00e7u\u015f \u00c7antas\u0131 Fabrikas\u0131","publisher":{"@id":"https:\/\/sxflightcase.com\/th\/#organization"},"potentialAction":[{"@type":"SearchAction","target":{"@type":"EntryPoint","urlTemplate":"https:\/\/sxflightcase.com\/th\/?s={search_term_string}"},"query-input":{"@type":"PropertyValueSpecification","valueRequired":true,"valueName":"search_term_string"}}],"inLanguage":"tr"},{"@type":"Organization","@id":"https:\/\/sxflightcase.com\/th\/#organization","name":"sxpowercase.com","url":"https:\/\/sxflightcase.com\/th\/","logo":{"@type":"ImageObject","inLanguage":"tr","@id":"https:\/\/sxflightcase.com\/th\/#\/schema\/logo\/image\/","url":"https:\/\/sxflightcase.com\/wp-content\/uploads\/2024\/04\/1713919036007.jpg","contentUrl":"https:\/\/sxflightcase.com\/wp-content\/uploads\/2024\/04\/1713919036007.jpg","width":382,"height":388,"caption":"sxpowercase.com"},"image":{"@id":"https:\/\/sxflightcase.com\/th\/#\/schema\/logo\/image\/"},"sameAs":["https:\/\/www.facebook.com\/profile.php?id=61560407257971"],"numberOfEmployees":{"@type":"QuantitativeValue","minValue":"11","maxValue":"50"}}]}},"_links":{"self":[{"href":"https:\/\/sxflightcase.com\/tr\/wp-json\/wp\/v2\/product\/4220","targetHints":{"allow":["GET"]}}],"collection":[{"href":"https:\/\/sxflightcase.com\/tr\/wp-json\/wp\/v2\/product"}],"about":[{"href":"https:\/\/sxflightcase.com\/tr\/wp-json\/wp\/v2\/types\/product"}],"replies":[{"embeddable":true,"href":"https:\/\/sxflightcase.com\/tr\/wp-json\/wp\/v2\/comments?post=4220"}],"version-history":[{"count":0,"href":"https:\/\/sxflightcase.com\/tr\/wp-json\/wp\/v2\/product\/4220\/revisions"}],"wp:featuredmedia":[{"embeddable":true,"href":"https:\/\/sxflightcase.com\/tr\/wp-json\/wp\/v2\/media\/4186"}],"wp:attachment":[{"href":"https:\/\/sxflightcase.com\/tr\/wp-json\/wp\/v2\/media?parent=4220"}],"wp:term":[{"taxonomy":"product_brand","embeddable":true,"href":"https:\/\/sxflightcase.com\/tr\/wp-json\/wp\/v2\/product_brand?post=4220"},{"taxonomy":"product_cat","embeddable":true,"href":"https:\/\/sxflightcase.com\/tr\/wp-json\/wp\/v2\/product_cat?post=4220"},{"taxonomy":"product_tag","embeddable":true,"href":"https:\/\/sxflightcase.com\/tr\/wp-json\/wp\/v2\/product_tag?post=4220"}],"curies":[{"name":"wp","href":"https:\/\/api.w.org\/{rel}","templated":true}]}}