{"id":4221,"date":"2024-08-26T08:28:53","date_gmt":"2024-08-26T07:28:53","guid":{"rendered":"https:\/\/sxpowercase.com\/?post_type=product&#038;p=4221"},"modified":"2024-08-26T08:28:54","modified_gmt":"2024-08-26T07:28:54","slug":"flight-case-corner-brace-cla802","status":"publish","type":"product","link":"https:\/\/sxflightcase.com\/tr\/urun\/ucus-kasasi-kose-destegi-cla802-2\/","title":{"rendered":"U\u00e7u\u015f Kasas\u0131 K\u00f6\u015fe Deste\u011fi CLA802"},"content":{"rendered":"<h3>SX U\u00e7u\u015f \u00c7antas\u0131 K\u00f6\u015fe Deste\u011fi: Bankay\u0131 K\u0131rmadan Dayan\u0131kl\u0131l\u0131\u011f\u0131 Art\u0131r\u0131n<\/h3>\n<h4>SX U\u00e7u\u015f \u00c7antas\u0131 K\u00f6\u015fe Deste\u011fi ile \u00dcst\u00fcn Koruma<\/h4>\n<p>De\u011ferli ekipmanlar\u0131n\u0131z\u0131 korurken, g\u00fcvenilir kasa donan\u0131m\u0131 \u00e7ok \u00f6nemlidir. SX en y\u00fcksek kalitede <span style=\"color: #3366ff;\"><a style=\"color: #3366ff;\" href=\"https:\/\/sxpowercase.com\/product\/flight-case-corner-brace-cla801\/\"><strong>U\u00e7u\u015f \u00c7antas\u0131 K\u00f6\u015fe Deste\u011fi<\/strong><\/a><\/span>\u00a0donan\u0131m\u0131n\u0131z i\u00e7in geli\u015fmi\u015f dayan\u0131kl\u0131l\u0131k ve koruma sunar. Hem profesyoneller hem de kendin yap \u00fcreticileri i\u00e7in tasarlanan bu destekler, maliyetleri d\u00fc\u015f\u00fck tutarken kasalar\u0131n\u0131z\u0131n yap\u0131sal b\u00fct\u00fcnl\u00fc\u011f\u00fcn\u00fc g\u00fc\u00e7lendirmeye yard\u0131mc\u0131 olur.<\/p>\n<h4>A\u011f\u0131r Hizmet Performans\u0131 i\u00e7in Tasarland\u0131<\/h4>\n<p>SX'in <strong>U\u00e7u\u015f \u00c7antas\u0131 K\u00f6\u015fe Destekleri<\/strong> sa\u011flam metal malzemelerden \u00fcretilmi\u015ftir ve s\u0131k kullan\u0131m\u0131n getirdi\u011fi a\u015f\u0131nma ve y\u0131pranmaya kar\u015f\u0131 dayan\u0131kl\u0131d\u0131r. Bu k\u00f6\u015fe destekleri kasalar\u0131n\u0131z\u0131 darbe hasarlar\u0131ndan korur ve ta\u015f\u0131ma s\u0131ras\u0131nda ekipman\u0131n\u0131z\u0131 g\u00fcvende tutar. Kalite g\u00fcvencesine odaklanarak, <a href=\"https:\/\/sxpowercase.com\/\" target=\"_blank\" rel=\"noopener\" title=\"SX\" data-wpil-monitor-id=\"699\">SX<\/a> her ortamda performans g\u00f6steren uzun \u00f6m\u00fcrl\u00fc donan\u0131m \u00e7\u00f6z\u00fcmleri sunar.<\/p>\n<h4>Daha Fazla Tasarruf i\u00e7in Fabrika Do\u011frudan Fiyatland\u0131rmas\u0131<\/h4>\n<p>SX olarak, y\u00fcksek fiyat etiketi olmadan y\u00fcksek kaliteli \u00fcr\u00fcnler sunmaya inan\u0131yoruz. Do\u011frudan fabrikam\u0131zdan tedarik ederek maliyetleri d\u00fc\u015f\u00fck tutuyor ve tasarruflar\u0131 size aktar\u0131yoruz. Bizim <strong>U\u00e7u\u015f \u00c7antas\u0131 K\u00f6\u015fe Destekleri<\/strong> fazla harcama yapmadan dayan\u0131kl\u0131l\u0131k ve kalite isteyenler i\u00e7in uygun fiyatl\u0131 bir \u00e7\u00f6z\u00fcm sunar. Fabrikadan do\u011frudan fiyatland\u0131rma, paran\u0131z\u0131n kar\u015f\u0131l\u0131\u011f\u0131n\u0131 daha fazla alman\u0131z\u0131 sa\u011flar.<\/p>\n<h4>Kolay Kurulum ve \u00c7ok Y\u00f6nl\u00fc Uyum<\/h4>\n<p>The <strong>U\u00e7u\u015f \u00c7antas\u0131 K\u00f6\u015fe Destekleri<\/strong> SX'in h\u0131zl\u0131 ve kolay kurulum i\u00e7in tasarlanm\u0131\u015f olmas\u0131, onlar\u0131 \u00e7e\u015fitli kasa tasar\u0131mlar\u0131 i\u00e7in ideal hale getirir. \u0130ster mevcut kasalar\u0131 y\u00fckseltin ister yenilerini monte edin, k\u00f6\u015fe desteklerimiz sorunsuz bir \u015fekilde oturarak ihtiyac\u0131n\u0131z olan dengeyi sa\u011flar. Donan\u0131m\u0131m\u0131z\u0131n \u00e7ok y\u00f6nl\u00fcl\u00fc\u011f\u00fc, farkl\u0131 proje gereksinimlerini kar\u015f\u0131layan \u00e7oklu konfig\u00fcrasyonlarla uyumluluk sa\u011flar.<\/p>\n<h4>\u0130htiya\u00e7lar\u0131n\u0131za Uygun \u00d6zelle\u015ftirme Se\u00e7enekleri<\/h4>\n<p>SX'de \u00f6zelle\u015ftirme \u00e7ok \u00f6nemlidir. \u00dcr\u00fcnlerimiz i\u00e7in bir dizi se\u00e7enek sunuyoruz <strong>U\u00e7u\u015f \u00c7antas\u0131 K\u00f6\u015fe Destekleri<\/strong>B\u00f6ylece vakalar\u0131n\u0131za en uygun \u00f6zellikleri se\u00e7menize olanak tan\u0131yoruz. Farkl\u0131 boyutlardan y\u00fczeylere ve malzemelere kadar, rekabet\u00e7i fiyatlar\u0131 korurken \u00fcr\u00fcnlerimizi tam tercihlerinize g\u00f6re uyarl\u0131yoruz. SX ile \u00f6zel \u00e7\u00f6z\u00fcmler pahal\u0131 olmak zorunda de\u011fil.<\/p>\n<h4>SX: Kasa Donan\u0131m\u0131 i\u00e7in G\u00fcvenilir Orta\u011f\u0131n\u0131z<\/h4>\n<p>SX, u\u00e7u\u015f \u00e7antalar\u0131 i\u00e7in g\u00fcvenilir ve uygun maliyetli donan\u0131m sunmay\u0131 taahh\u00fct eder. Bizim <strong>U\u00e7u\u015f \u00c7antas\u0131 K\u00f6\u015fe Destekleri<\/strong> optimum koruma ve performans sa\u011flamak i\u00e7in ayr\u0131nt\u0131lara \u00f6zen g\u00f6sterilerek \u00fcretilmi\u015ftir. SX'i se\u00e7ti\u011finizde, kalite g\u00fcvencesi, uygun fiyat ve m\u00fc\u015fteri memnuniyeti ile bilinen bir markay\u0131 se\u00e7mi\u015f olursunuz.<\/p>\n<h4>SX U\u00e7u\u015f \u00c7antas\u0131 K\u00f6\u015fe Destekleri ile Ekipman\u0131n\u0131z\u0131 Koruyun<\/h4>\n<p>Bir u\u00e7u\u015f kasas\u0131 in\u015fa ederken veya onar\u0131rken, her bile\u015fen ekipman\u0131n\u0131z\u0131n g\u00fcvende kalmas\u0131n\u0131 sa\u011flamada hayati bir rol oynar. SX'in <strong>U\u00e7u\u015f \u00c7antas\u0131 K\u00f6\u015fe Destekleri<\/strong> \u00c7antalar\u0131n\u0131z\u0131 en iyi durumda tutmak i\u00e7in gereken ekstra takviyeyi ekleyin. Uygun fiyat, kalite ve kullan\u0131m kolayl\u0131\u011f\u0131n\u0131n bir kar\u0131\u015f\u0131m\u0131 olan SX, u\u00e7u\u015f \u00e7antalar\u0131n\u0131 dayan\u0131kl\u0131 ve g\u00fcvenilir donan\u0131mla geli\u015ftirmek isteyen herkes i\u00e7in m\u00fckemmel bir \u00e7\u00f6z\u00fcm sunar.<\/p>\n<p>Hemen \u0130leti\u015fime Ge\u00e7in:<span style=\"color: #0000ff;\"><a style=\"color: #0000ff;\" href=\"https:\/\/sxpowercase.com\/contact-us\/\">https:\/\/sxpowercase.com\/<\/a><\/span><\/p>\n<p>Donan\u0131m \u00dcr\u00fcn Katalo\u011fu\uff1a<span style=\"color: #3366ff;\"><a style=\"color: #3366ff;\" href=\"https:\/\/sxpowercase.com\/wp-content\/uploads\/2024\/07\/\u4e94\u91d1.pdf\">Donan\u0131m aksesuarlar\u0131 katalo\u011fu<\/a><\/span><\/p>","protected":false},"excerpt":{"rendered":"<h3>SX U\u00e7u\u015f \u00c7antas\u0131 K\u00f6\u015fe Deste\u011fi: Uygun Fiyatlarla G\u00fc\u00e7lendirilmi\u015f Koruma<\/h3>\n<p>SX, kasalar\u0131n\u0131z\u0131 s\u0131k ta\u015f\u0131ma s\u0131ras\u0131nda g\u00fc\u00e7lendirmek i\u00e7in y\u00fcksek kaliteli metal k\u00f6\u015fe destekleri sunar. Fabrika do\u011frudan sat\u0131\u015flar\u0131, b\u00fct\u00e7e dostu fiyatlarla dayan\u0131kl\u0131 donan\u0131m sa\u011flar.<\/p>\n<h3>Dayan\u0131kl\u0131 ve Kurulumu Kolay SX K\u00f6\u015fe Destekleri<\/h3>\n<p>SX k\u00f6\u015fe destekleri \u00e7e\u015fitli kasa tasar\u0131mlar\u0131na uyar ve kurulumu kolayd\u0131r, geli\u015fmi\u015f stabilite sa\u011flar. \u0130ster eski kasalar\u0131 y\u00fckseltin ister yenilerini in\u015fa edin, SX g\u00fcvenilir bir se\u00e7imdir.<\/p>\n<h3>\u00d6zel \u0130htiya\u00e7lar\u0131n\u0131z\u0131 Kar\u015f\u0131layacak \u00d6zelle\u015ftirilebilir \u00c7\u00f6z\u00fcmler<\/h3>\n<p>SX, boyut ve malzeme \u00f6zelle\u015ftirme se\u00e7enekleri sunarken, fabrika do\u011frudan fiyatland\u0131rmas\u0131n\u0131 koruyarak benzersiz gereksinimlerinize g\u00f6re uyarlanm\u0131\u015f uygun maliyetli donan\u0131m sa\u011flar.<\/p>","protected":false},"featured_media":4187,"comment_status":"open","ping_status":"closed","template":"","meta":[],"product_brand":[],"product_cat":[64],"product_tag":[],"class_list":{"0":"post-4221","1":"product","2":"type-product","3":"status-publish","4":"has-post-thumbnail","6":"product_cat-clamps","8":"first","9":"instock","10":"shipping-taxable","11":"product-type-simple"},"yoast_head":"<!-- This site is optimized with the Yoast SEO Premium plugin v27.1 (Yoast SEO v27.2) - https:\/\/yoast.com\/product\/yoast-seo-premium-wordpress\/ -->\n<title>Flight Case Corner Brace CLA802 - https:\/\/sxflightcase.com \ud83d\udc97<\/title>\n<meta name=\"description\" content=\"Flight case corner brace, factory direct! Durable, high-quality braces designed to reinforce and secure flight case corners. Ideal for ensuring stability and long-lasting protection during transport.\" \/>\n<meta name=\"robots\" content=\"index, follow, max-snippet:-1, max-image-preview:large, max-video-preview:-1\" \/>\n<link rel=\"canonical\" href=\"https:\/\/sxflightcase.com\/tr\/urun\/ucus-kasasi-kose-destegi-cla802-2\/\" \/>\n<meta property=\"og:locale\" content=\"tr_TR\" \/>\n<meta property=\"og:type\" content=\"article\" \/>\n<meta property=\"og:title\" content=\"Flight Case Corner Brace CLA802\" \/>\n<meta property=\"og:description\" content=\"Flight case corner brace, factory direct! Durable, high-quality braces designed to reinforce and secure flight case corners. Ideal for ensuring stability and long-lasting protection during transport.\" \/>\n<meta property=\"og:url\" content=\"https:\/\/sxflightcase.com\/tr\/urun\/ucus-kasasi-kose-destegi-cla802-2\/\" \/>\n<meta property=\"og:site_name\" content=\"https:\/\/sxflightcase.com\" \/>\n<meta property=\"article:publisher\" content=\"https:\/\/www.facebook.com\/profile.php?id=61560407257971\" \/>\n<meta property=\"article:modified_time\" content=\"2024-08-26T07:28:54+00:00\" \/>\n<meta property=\"og:image\" content=\"https:\/\/sxflightcase.com\/wp-content\/uploads\/2024\/08\/CLA802.jpg\" \/>\n\t<meta property=\"og:image:width\" content=\"700\" \/>\n\t<meta property=\"og:image:height\" content=\"700\" \/>\n\t<meta property=\"og:image:type\" content=\"image\/jpeg\" \/>\n<meta name=\"twitter:card\" content=\"summary_large_image\" \/>\n<meta name=\"twitter:label1\" content=\"Tahmini okuma s\u00fcresi\" \/>\n\t<meta name=\"twitter:data1\" content=\"3 dakika\" \/>\n<script type=\"application\/ld+json\" class=\"yoast-schema-graph\">{\"@context\":\"https:\/\/schema.org\",\"@graph\":[{\"@type\":\"WebPage\",\"@id\":\"https:\/\/sxflightcase.com\/product\/flight-case-corner-brace-cla802\/\",\"url\":\"https:\/\/sxflightcase.com\/product\/flight-case-corner-brace-cla802\/\",\"name\":\"Flight Case Corner Brace CLA802 - https:\/\/sxflightcase.com \ud83d\udc97\",\"isPartOf\":{\"@id\":\"https:\/\/sxflightcase.com\/th\/#website\"},\"primaryImageOfPage\":{\"@id\":\"https:\/\/sxflightcase.com\/product\/flight-case-corner-brace-cla802\/#primaryimage\"},\"image\":{\"@id\":\"https:\/\/sxflightcase.com\/product\/flight-case-corner-brace-cla802\/#primaryimage\"},\"thumbnailUrl\":\"https:\/\/sxflightcase.com\/wp-content\/uploads\/2024\/08\/CLA802.jpg\",\"datePublished\":\"2024-08-26T07:28:53+00:00\",\"dateModified\":\"2024-08-26T07:28:54+00:00\",\"description\":\"Flight case corner brace, factory direct! Durable, high-quality braces designed to reinforce and secure flight case corners. Ideal for ensuring stability and long-lasting protection during transport.\",\"breadcrumb\":{\"@id\":\"https:\/\/sxflightcase.com\/product\/flight-case-corner-brace-cla802\/#breadcrumb\"},\"inLanguage\":\"tr\",\"potentialAction\":[{\"@type\":\"ReadAction\",\"target\":[\"https:\/\/sxflightcase.com\/product\/flight-case-corner-brace-cla802\/\"]}]},{\"@type\":\"ImageObject\",\"inLanguage\":\"tr\",\"@id\":\"https:\/\/sxflightcase.com\/product\/flight-case-corner-brace-cla802\/#primaryimage\",\"url\":\"https:\/\/sxflightcase.com\/wp-content\/uploads\/2024\/08\/CLA802.jpg\",\"contentUrl\":\"https:\/\/sxflightcase.com\/wp-content\/uploads\/2024\/08\/CLA802.jpg\",\"width\":700,\"height\":700,\"caption\":\"Flight Case Corner Brace\"},{\"@type\":\"BreadcrumbList\",\"@id\":\"https:\/\/sxflightcase.com\/product\/flight-case-corner-brace-cla802\/#breadcrumb\",\"itemListElement\":[{\"@type\":\"ListItem\",\"position\":1,\"name\":\"Home\",\"item\":\"https:\/\/sxflightcase.com\/\"},{\"@type\":\"ListItem\",\"position\":2,\"name\":\"\u0e2a\u0e34\u0e19\u0e04\u0e49\u0e32\",\"item\":\"https:\/\/sxflightcase.com\/th\/shop\/\"},{\"@type\":\"ListItem\",\"position\":3,\"name\":\"Flight Case Corner Brace CLA802\"}]},{\"@type\":\"WebSite\",\"@id\":\"https:\/\/sxflightcase.com\/th\/#website\",\"url\":\"https:\/\/sxflightcase.com\/th\/\",\"name\":\"sxpowercase.com\",\"description\":\"Flight Case Factory\",\"publisher\":{\"@id\":\"https:\/\/sxflightcase.com\/th\/#organization\"},\"potentialAction\":[{\"@type\":\"SearchAction\",\"target\":{\"@type\":\"EntryPoint\",\"urlTemplate\":\"https:\/\/sxflightcase.com\/th\/?s={search_term_string}\"},\"query-input\":{\"@type\":\"PropertyValueSpecification\",\"valueRequired\":true,\"valueName\":\"search_term_string\"}}],\"inLanguage\":\"tr\"},{\"@type\":\"Organization\",\"@id\":\"https:\/\/sxflightcase.com\/th\/#organization\",\"name\":\"sxpowercase.com\",\"url\":\"https:\/\/sxflightcase.com\/th\/\",\"logo\":{\"@type\":\"ImageObject\",\"inLanguage\":\"tr\",\"@id\":\"https:\/\/sxflightcase.com\/th\/#\/schema\/logo\/image\/\",\"url\":\"https:\/\/sxflightcase.com\/wp-content\/uploads\/2024\/04\/1713919036007.jpg\",\"contentUrl\":\"https:\/\/sxflightcase.com\/wp-content\/uploads\/2024\/04\/1713919036007.jpg\",\"width\":382,\"height\":388,\"caption\":\"sxpowercase.com\"},\"image\":{\"@id\":\"https:\/\/sxflightcase.com\/th\/#\/schema\/logo\/image\/\"},\"sameAs\":[\"https:\/\/www.facebook.com\/profile.php?id=61560407257971\"],\"numberOfEmployees\":{\"@type\":\"QuantitativeValue\",\"minValue\":\"11\",\"maxValue\":\"50\"}}]}<\/script>\n<!-- \/ Yoast SEO Premium plugin. -->","yoast_head_json":{"title":"Flight Case Corner Brace CLA802 - https:\/\/sxflightcase.com \ud83d\udc97","description":"U\u00e7u\u015f kasas\u0131 k\u00f6\u015fe deste\u011fi, do\u011frudan fabrika \u00e7\u0131k\u0131\u015f\u0131! U\u00e7u\u015f kasas\u0131 k\u00f6\u015felerini g\u00fc\u00e7lendirmek ve sabitlemek i\u00e7in tasarlanm\u0131\u015f dayan\u0131kl\u0131, y\u00fcksek kaliteli destekler. Ta\u015f\u0131ma s\u0131ras\u0131nda stabilite ve uzun s\u00fcreli koruma sa\u011flamak i\u00e7in idealdir.","robots":{"index":"index","follow":"follow","max-snippet":"max-snippet:-1","max-image-preview":"max-image-preview:large","max-video-preview":"max-video-preview:-1"},"canonical":"https:\/\/sxflightcase.com\/tr\/urun\/ucus-kasasi-kose-destegi-cla802-2\/","og_locale":"tr_TR","og_type":"article","og_title":"Flight Case Corner Brace CLA802","og_description":"Flight case corner brace, factory direct! Durable, high-quality braces designed to reinforce and secure flight case corners. Ideal for ensuring stability and long-lasting protection during transport.","og_url":"https:\/\/sxflightcase.com\/tr\/urun\/ucus-kasasi-kose-destegi-cla802-2\/","og_site_name":"https:\/\/sxflightcase.com","article_publisher":"https:\/\/www.facebook.com\/profile.php?id=61560407257971","article_modified_time":"2024-08-26T07:28:54+00:00","og_image":[{"width":700,"height":700,"url":"https:\/\/sxflightcase.com\/wp-content\/uploads\/2024\/08\/CLA802.jpg","type":"image\/jpeg"}],"twitter_card":"summary_large_image","twitter_misc":{"Tahmini okuma s\u00fcresi":"3 dakika"},"schema":{"@context":"https:\/\/schema.org","@graph":[{"@type":"WebPage","@id":"https:\/\/sxflightcase.com\/product\/flight-case-corner-brace-cla802\/","url":"https:\/\/sxflightcase.com\/product\/flight-case-corner-brace-cla802\/","name":"Flight Case Corner Brace CLA802 - https:\/\/sxflightcase.com \ud83d\udc97","isPartOf":{"@id":"https:\/\/sxflightcase.com\/th\/#website"},"primaryImageOfPage":{"@id":"https:\/\/sxflightcase.com\/product\/flight-case-corner-brace-cla802\/#primaryimage"},"image":{"@id":"https:\/\/sxflightcase.com\/product\/flight-case-corner-brace-cla802\/#primaryimage"},"thumbnailUrl":"https:\/\/sxflightcase.com\/wp-content\/uploads\/2024\/08\/CLA802.jpg","datePublished":"2024-08-26T07:28:53+00:00","dateModified":"2024-08-26T07:28:54+00:00","description":"U\u00e7u\u015f kasas\u0131 k\u00f6\u015fe deste\u011fi, do\u011frudan fabrika \u00e7\u0131k\u0131\u015f\u0131! U\u00e7u\u015f kasas\u0131 k\u00f6\u015felerini g\u00fc\u00e7lendirmek ve sabitlemek i\u00e7in tasarlanm\u0131\u015f dayan\u0131kl\u0131, y\u00fcksek kaliteli destekler. Ta\u015f\u0131ma s\u0131ras\u0131nda stabilite ve uzun s\u00fcreli koruma sa\u011flamak i\u00e7in idealdir.","breadcrumb":{"@id":"https:\/\/sxflightcase.com\/product\/flight-case-corner-brace-cla802\/#breadcrumb"},"inLanguage":"tr","potentialAction":[{"@type":"ReadAction","target":["https:\/\/sxflightcase.com\/product\/flight-case-corner-brace-cla802\/"]}]},{"@type":"ImageObject","inLanguage":"tr","@id":"https:\/\/sxflightcase.com\/product\/flight-case-corner-brace-cla802\/#primaryimage","url":"https:\/\/sxflightcase.com\/wp-content\/uploads\/2024\/08\/CLA802.jpg","contentUrl":"https:\/\/sxflightcase.com\/wp-content\/uploads\/2024\/08\/CLA802.jpg","width":700,"height":700,"caption":"Flight Case Corner Brace"},{"@type":"BreadcrumbList","@id":"https:\/\/sxflightcase.com\/product\/flight-case-corner-brace-cla802\/#breadcrumb","itemListElement":[{"@type":"ListItem","position":1,"name":"Home","item":"https:\/\/sxflightcase.com\/"},{"@type":"ListItem","position":2,"name":"\u0e2a\u0e34\u0e19\u0e04\u0e49\u0e32","item":"https:\/\/sxflightcase.com\/th\/shop\/"},{"@type":"ListItem","position":3,"name":"Flight Case Corner Brace CLA802"}]},{"@type":"WebSite","@id":"https:\/\/sxflightcase.com\/th\/#website","url":"https:\/\/sxflightcase.com\/th\/","name":"sxpowercase.com","description":"U\u00e7u\u015f \u00c7antas\u0131 Fabrikas\u0131","publisher":{"@id":"https:\/\/sxflightcase.com\/th\/#organization"},"potentialAction":[{"@type":"SearchAction","target":{"@type":"EntryPoint","urlTemplate":"https:\/\/sxflightcase.com\/th\/?s={search_term_string}"},"query-input":{"@type":"PropertyValueSpecification","valueRequired":true,"valueName":"search_term_string"}}],"inLanguage":"tr"},{"@type":"Organization","@id":"https:\/\/sxflightcase.com\/th\/#organization","name":"sxpowercase.com","url":"https:\/\/sxflightcase.com\/th\/","logo":{"@type":"ImageObject","inLanguage":"tr","@id":"https:\/\/sxflightcase.com\/th\/#\/schema\/logo\/image\/","url":"https:\/\/sxflightcase.com\/wp-content\/uploads\/2024\/04\/1713919036007.jpg","contentUrl":"https:\/\/sxflightcase.com\/wp-content\/uploads\/2024\/04\/1713919036007.jpg","width":382,"height":388,"caption":"sxpowercase.com"},"image":{"@id":"https:\/\/sxflightcase.com\/th\/#\/schema\/logo\/image\/"},"sameAs":["https:\/\/www.facebook.com\/profile.php?id=61560407257971"],"numberOfEmployees":{"@type":"QuantitativeValue","minValue":"11","maxValue":"50"}}]}},"_links":{"self":[{"href":"https:\/\/sxflightcase.com\/tr\/wp-json\/wp\/v2\/product\/4221","targetHints":{"allow":["GET"]}}],"collection":[{"href":"https:\/\/sxflightcase.com\/tr\/wp-json\/wp\/v2\/product"}],"about":[{"href":"https:\/\/sxflightcase.com\/tr\/wp-json\/wp\/v2\/types\/product"}],"replies":[{"embeddable":true,"href":"https:\/\/sxflightcase.com\/tr\/wp-json\/wp\/v2\/comments?post=4221"}],"version-history":[{"count":0,"href":"https:\/\/sxflightcase.com\/tr\/wp-json\/wp\/v2\/product\/4221\/revisions"}],"wp:featuredmedia":[{"embeddable":true,"href":"https:\/\/sxflightcase.com\/tr\/wp-json\/wp\/v2\/media\/4187"}],"wp:attachment":[{"href":"https:\/\/sxflightcase.com\/tr\/wp-json\/wp\/v2\/media?parent=4221"}],"wp:term":[{"taxonomy":"product_brand","embeddable":true,"href":"https:\/\/sxflightcase.com\/tr\/wp-json\/wp\/v2\/product_brand?post=4221"},{"taxonomy":"product_cat","embeddable":true,"href":"https:\/\/sxflightcase.com\/tr\/wp-json\/wp\/v2\/product_cat?post=4221"},{"taxonomy":"product_tag","embeddable":true,"href":"https:\/\/sxflightcase.com\/tr\/wp-json\/wp\/v2\/product_tag?post=4221"}],"curies":[{"name":"wp","href":"https:\/\/api.w.org\/{rel}","templated":true}]}}