{"id":4224,"date":"2024-08-27T03:45:20","date_gmt":"2024-08-27T02:45:20","guid":{"rendered":"https:\/\/sxpowercase.com\/?post_type=product&#038;p=4224"},"modified":"2024-08-27T03:45:21","modified_gmt":"2024-08-27T02:45:21","slug":"road-case-corner-brace-cla803","status":"publish","type":"product","link":"https:\/\/sxflightcase.com\/tr\/urun\/yol-kasasi-kose-destegi-cla803-2\/","title":{"rendered":"Yol Kasas\u0131 K\u00f6\u015fe Deste\u011fi CLA803"},"content":{"rendered":"<h3>SX Road Case K\u00f6\u015fe Deste\u011fi ile G\u00fcvenilir Koruma<\/h3>\n<p>Yol kasalar\u0131n\u0131 in\u015fa ederken veya onar\u0131rken, dayan\u0131kl\u0131l\u0131k ve g\u00fc\u00e7 esast\u0131r. SX y\u00fcksek kalite sunar <span style=\"color: #3366ff;\"><a style=\"color: #3366ff;\" href=\"https:\/\/sxpowercase.com\/product\/flight-case-corner-brace-cla802\/\"><strong>Yol Kasas\u0131 K\u00f6\u015fe Deste\u011fi<\/strong><\/a><\/span>\u00a0ekipman\u0131n\u0131z i\u00e7in optimum koruma sa\u011flamak \u00fczere tasarlanm\u0131\u015ft\u0131r. Bu k\u00f6\u015fe destekleri kasalar\u0131n\u0131za denge katarak s\u0131k ta\u015f\u0131man\u0131n zorluklar\u0131na dayanabilmelerini sa\u011flar. <a href=\"https:\/\/sxpowercase.com\/\" target=\"_blank\" rel=\"noopener\" title=\"SX\" data-wpil-monitor-id=\"700\">SX<\/a> \u00fcr\u00fcnler, birinci s\u0131n\u0131f malzemeleri fabrikadan do\u011frudan fiyatland\u0131rma ile birle\u015ftirerek paran\u0131z\u0131n kar\u015f\u0131l\u0131\u011f\u0131n\u0131 ola\u011fan\u00fcst\u00fc bir \u015fekilde verir.<\/p>\n<h3>A\u011f\u0131r Hizmet Malzemeleriyle Dayan\u0131kl\u0131 \u00dcretilmi\u015ftir<\/h3>\n<p>SX, yol \u00e7antalar\u0131n\u0131n yolun taleplerine dayanacak kadar g\u00fc\u00e7l\u00fc olmas\u0131 gerekti\u011finin fark\u0131ndad\u0131r. Bizim <strong>Yol Kasas\u0131 K\u00f6\u015fe Deste\u011fi<\/strong>\u00a0sa\u011flam metalden yap\u0131lm\u0131\u015ft\u0131r, uzun \u00f6m\u00fcrl\u00fc performans ve k\u0131l\u0131flar\u0131n\u0131z i\u00e7in geli\u015fmi\u015f koruma sa\u011flar. Sa\u011flam yap\u0131, seyahat s\u0131ras\u0131nda darbelere, d\u00fc\u015fmelere ve a\u015f\u0131nma ve y\u0131pranmaya kar\u015f\u0131 koruma sa\u011flayarak ek g\u00fc\u00e7lendirme sunar. SX ile, rekabet\u00e7i fiyatlar\u0131m\u0131zla bile kaliteden asla \u00f6d\u00fcn verilmedi\u011fine g\u00fcvenebilirsiniz.<\/p>\n<h3>Do\u011frudan Fabrikadan Uygun Fiyatl\u0131 Kalite<\/h3>\n<p>SX olarak kalitenin eri\u015filebilir olmas\u0131 gerekti\u011fine inan\u0131yoruz. \u00dcr\u00fcnlerimizi do\u011frudan fabrikadan tedarik ederek, gereksiz maliyetleri ortadan kald\u0131r\u0131yor ve \u015funlar\u0131 sunuyoruz <strong>Yol Kasas\u0131 K\u00f6\u015fe Deste\u011fi<\/strong>\u00a0rakipsiz fiyatlarla. Bu do\u011frudan fabrika yakla\u015f\u0131m\u0131, ekstra \u00f6deme yapmadan dayan\u0131kl\u0131 ve g\u00fcvenilir donan\u0131m alman\u0131z\u0131 sa\u011flar. Kalite g\u00fcvencesi \u00f6nceli\u011fimizdir ve fiyatlar\u0131 d\u00fc\u015f\u00fck tutarken kat\u0131 standartlar\u0131 koruyoruz.<\/p>\n<h3>Her Proje i\u00e7in Kolay Kurulum<\/h3>\n<p>SX'in <strong>Yol Kasas\u0131 K\u00f6\u015fe Destekleri<\/strong> ister yeni bir kasa in\u015fa ediyor ister mevcut bir kasay\u0131 g\u00fc\u00e7lendiriyor olun, basit kurulum i\u00e7in tasarlanm\u0131\u015ft\u0131r. \u00c7ok y\u00f6nl\u00fc tasar\u0131m, \u00e7e\u015fitli yol kasas\u0131 konfig\u00fcrasyonlar\u0131yla uyumluluk sa\u011flayarak kasan\u0131z\u0131n dayan\u0131kl\u0131l\u0131\u011f\u0131n\u0131 en az \u00e7abayla art\u0131rman\u0131za olanak tan\u0131r. Bu esneklik, k\u00f6\u015fe desteklerimizi hem profesyoneller hem de kendin yap \u00fcreticileri i\u00e7in ideal k\u0131lar.<\/p>\n<h3>\u0130htiya\u00e7lar\u0131n\u0131z\u0131 Kar\u015f\u0131layacak \u00d6zelle\u015ftirilebilir Se\u00e7enekler<\/h3>\n<p>Her projenin benzersiz oldu\u011funun fark\u0131nday\u0131z, bu nedenle SX, projelerimiz i\u00e7in \u00f6zelle\u015ftirilebilir se\u00e7enekler sunuyor. <strong>Yol Kasas\u0131 K\u00f6\u015fe Destekleri<\/strong>. Farkl\u0131 boyut ve kaplamalardan \u00f6zel kasa tasar\u0131mlar\u0131 i\u00e7in \u00f6zel \u00e7\u00f6z\u00fcmlere kadar SX, kar\u015f\u0131layabilece\u011finiz fiyatlarla ihtiyac\u0131n\u0131z olan \u00e7e\u015fitlili\u011fe sahiptir. Amac\u0131m\u0131z, kaliteden \u00f6d\u00fcn vermeden veya maliyetleri art\u0131rmadan \u00f6zelle\u015ftirme sa\u011flamakt\u0131r.<\/p>\n<h3>D\u00fcnya \u00c7ap\u0131ndaki Profesyonellerin G\u00fcvendi\u011fi<\/h3>\n<p>SX, yol \u00e7antas\u0131 end\u00fcstrisi i\u00e7in g\u00fcvenilir, fabrikadan do\u011frudan donan\u0131m \u00e7\u00f6z\u00fcmleri sunma konusunda bir \u00fcne sahiptir. Bizim <strong>Yol Kasas\u0131 K\u00f6\u015fe Destekleri<\/strong> hem kaliteye hem de uygun fiyata de\u011fer veren profesyoneller taraf\u0131ndan g\u00fcvenilmektedir. \u0130ster a\u011f\u0131r hizmet kullan\u0131m\u0131 ister g\u00fcnl\u00fck koruma i\u00e7in k\u0131l\u0131flar monte ediyor olun, SX donan\u0131m ihtiya\u00e7lar\u0131n\u0131z i\u00e7in do\u011fru \u00e7\u00f6z\u00fcm\u00fc sunar.<\/p>\n<h3>Yol \u00c7antalar\u0131n\u0131z\u0131 SX ile G\u00fc\u00e7lendirin<\/h3>\n<p>Konu de\u011ferli ekipman\u0131n\u0131z\u0131n g\u00fcvenli\u011fini sa\u011flamak oldu\u011funda, her bile\u015fen \u00f6nemlidir. SX'in <strong>Yol Kasas\u0131 K\u00f6\u015fe Destekleri<\/strong> ta\u015f\u0131ma s\u0131ras\u0131nda \u00e7antalar\u0131n\u0131z\u0131 sa\u011flam tutmak i\u00e7in gereken ekstra deste\u011fi sunar. Fabrikadan do\u011frudan fiyatland\u0131rma, y\u00fcksek kalite ve kullan\u0131c\u0131 dostu tasar\u0131mlara odaklanan SX, g\u00fcvenilir ve uygun maliyetli yol \u00e7antas\u0131 donan\u0131m\u0131 i\u00e7in ba\u015fvuraca\u011f\u0131n\u0131z markad\u0131r. Bir sonraki projeniz i\u00e7in SX'i se\u00e7erek yat\u0131r\u0131m\u0131n\u0131z\u0131 koruyun.<\/p>\n<p>Hemen \u0130leti\u015fime Ge\u00e7in:<span style=\"color: #0000ff;\"><a style=\"color: #0000ff;\" href=\"https:\/\/sxpowercase.com\/contact-us\/\">https:\/\/sxpowercase.com\/<\/a><\/span><\/p>\n<p>Donan\u0131m \u00dcr\u00fcn Katalo\u011fu\uff1a<span style=\"color: #3366ff;\"><a style=\"color: #3366ff;\" href=\"https:\/\/sxpowercase.com\/wp-content\/uploads\/2024\/07\/\u4e94\u91d1.pdf\">Donan\u0131m aksesuarlar\u0131 katalo\u011fu<\/a><\/span><\/p>","protected":false},"excerpt":{"rendered":"<h3>SX Yol \u00c7antas\u0131 K\u00f6\u015fe Deste\u011fi: Dayan\u0131kl\u0131 ve Uygun Fiyatl\u0131 Koruma<\/h3>\n<p>SX, yol \u00e7antalar\u0131 i\u00e7in g\u00fcvenilir stabilite sa\u011flayan a\u011f\u0131r hizmet tipi k\u00f6\u015fe destekleri sunar. Sa\u011flam metalden \u00fcretilen bu destekler, fabrika do\u011frudan fiyatlar\u0131yla uzun \u00f6m\u00fcrl\u00fc performans sa\u011flar.<\/p>\n<h3>Kasalar\u0131n\u0131z\u0131 SX K\u00f6\u015fe Destekleri ile G\u00fc\u00e7lendirin<\/h3>\n<p>SX k\u00f6\u015fe destekleri kolay kurulum i\u00e7in tasarlanm\u0131\u015ft\u0131r ve hem profesyoneller hem de DIY projeleri i\u00e7in idealdir. Yol kasalar\u0131na ekstra koruma ve g\u00fc\u00e7 katarak a\u015f\u0131nma ve y\u0131pranmaya kar\u015f\u0131 koruma sa\u011flarlar.<\/p>\n<h3>SX'ten \u00d6zelle\u015ftirilebilir ve Uygun Maliyetli Donan\u0131m<\/h3>\n<p>SX, yol kasas\u0131 k\u00f6\u015fe destekleri i\u00e7in \u00f6zelle\u015ftirilebilir se\u00e7enekler sunarak benzersiz proje ihtiya\u00e7lar\u0131n\u0131 kar\u015f\u0131larken uygun fiyatl\u0131 olmay\u0131 da s\u00fcrd\u00fcr\u00fcr. Profesyoneller taraf\u0131ndan g\u00fcvenilen SX, her \u00fcr\u00fcnde kalite ve de\u011feri bir araya getirir.<\/p>","protected":false},"featured_media":4188,"comment_status":"open","ping_status":"closed","template":"","meta":[],"product_brand":[],"product_cat":[64],"product_tag":[],"class_list":{"0":"post-4224","1":"product","2":"type-product","3":"status-publish","4":"has-post-thumbnail","6":"product_cat-clamps","8":"first","9":"instock","10":"shipping-taxable","11":"product-type-simple"},"yoast_head":"<!-- This site is optimized with the Yoast SEO Premium plugin v27.1 (Yoast SEO v27.2) - https:\/\/yoast.com\/product\/yoast-seo-premium-wordpress\/ -->\n<title>Road Case Corner Brace CLA803 - https:\/\/sxflightcase.com \ud83d\udc97<\/title>\n<meta name=\"description\" content=\"Road case corner brace, factory direct! High-quality, durable braces designed to reinforce and secure road case corners. Ideal for added stability and protection during heavy-duty transport.\" \/>\n<meta name=\"robots\" content=\"index, follow, max-snippet:-1, max-image-preview:large, max-video-preview:-1\" \/>\n<link rel=\"canonical\" href=\"https:\/\/sxflightcase.com\/tr\/urun\/yol-kasasi-kose-destegi-cla803-2\/\" \/>\n<meta property=\"og:locale\" content=\"tr_TR\" \/>\n<meta property=\"og:type\" content=\"article\" \/>\n<meta property=\"og:title\" content=\"Road Case Corner Brace CLA803\" \/>\n<meta property=\"og:description\" content=\"Road case corner brace, factory direct! High-quality, durable braces designed to reinforce and secure road case corners. Ideal for added stability and protection during heavy-duty transport.\" \/>\n<meta property=\"og:url\" content=\"https:\/\/sxflightcase.com\/tr\/urun\/yol-kasasi-kose-destegi-cla803-2\/\" \/>\n<meta property=\"og:site_name\" content=\"https:\/\/sxflightcase.com\" \/>\n<meta property=\"article:publisher\" content=\"https:\/\/www.facebook.com\/profile.php?id=61560407257971\" \/>\n<meta property=\"article:modified_time\" content=\"2024-08-27T02:45:21+00:00\" \/>\n<meta property=\"og:image\" content=\"https:\/\/sxflightcase.com\/wp-content\/uploads\/2024\/08\/CLA803.jpg\" \/>\n\t<meta property=\"og:image:width\" content=\"700\" \/>\n\t<meta property=\"og:image:height\" content=\"700\" \/>\n\t<meta property=\"og:image:type\" content=\"image\/jpeg\" \/>\n<meta name=\"twitter:card\" content=\"summary_large_image\" \/>\n<meta name=\"twitter:label1\" content=\"Tahmini okuma s\u00fcresi\" \/>\n\t<meta name=\"twitter:data1\" content=\"3 dakika\" \/>\n<script type=\"application\/ld+json\" class=\"yoast-schema-graph\">{\"@context\":\"https:\/\/schema.org\",\"@graph\":[{\"@type\":\"WebPage\",\"@id\":\"https:\/\/sxflightcase.com\/product\/road-case-corner-brace-cla803\/\",\"url\":\"https:\/\/sxflightcase.com\/product\/road-case-corner-brace-cla803\/\",\"name\":\"Road Case Corner Brace CLA803 - https:\/\/sxflightcase.com \ud83d\udc97\",\"isPartOf\":{\"@id\":\"https:\/\/sxflightcase.com\/th\/#website\"},\"primaryImageOfPage\":{\"@id\":\"https:\/\/sxflightcase.com\/product\/road-case-corner-brace-cla803\/#primaryimage\"},\"image\":{\"@id\":\"https:\/\/sxflightcase.com\/product\/road-case-corner-brace-cla803\/#primaryimage\"},\"thumbnailUrl\":\"https:\/\/sxflightcase.com\/wp-content\/uploads\/2024\/08\/CLA803.jpg\",\"datePublished\":\"2024-08-27T02:45:20+00:00\",\"dateModified\":\"2024-08-27T02:45:21+00:00\",\"description\":\"Road case corner brace, factory direct! High-quality, durable braces designed to reinforce and secure road case corners. Ideal for added stability and protection during heavy-duty transport.\",\"breadcrumb\":{\"@id\":\"https:\/\/sxflightcase.com\/product\/road-case-corner-brace-cla803\/#breadcrumb\"},\"inLanguage\":\"tr\",\"potentialAction\":[{\"@type\":\"ReadAction\",\"target\":[\"https:\/\/sxflightcase.com\/product\/road-case-corner-brace-cla803\/\"]}]},{\"@type\":\"ImageObject\",\"inLanguage\":\"tr\",\"@id\":\"https:\/\/sxflightcase.com\/product\/road-case-corner-brace-cla803\/#primaryimage\",\"url\":\"https:\/\/sxflightcase.com\/wp-content\/uploads\/2024\/08\/CLA803.jpg\",\"contentUrl\":\"https:\/\/sxflightcase.com\/wp-content\/uploads\/2024\/08\/CLA803.jpg\",\"width\":700,\"height\":700,\"caption\":\"Road Case Corner Brace\"},{\"@type\":\"BreadcrumbList\",\"@id\":\"https:\/\/sxflightcase.com\/product\/road-case-corner-brace-cla803\/#breadcrumb\",\"itemListElement\":[{\"@type\":\"ListItem\",\"position\":1,\"name\":\"Home\",\"item\":\"https:\/\/sxflightcase.com\/\"},{\"@type\":\"ListItem\",\"position\":2,\"name\":\"\u0e2a\u0e34\u0e19\u0e04\u0e49\u0e32\",\"item\":\"https:\/\/sxflightcase.com\/th\/shop\/\"},{\"@type\":\"ListItem\",\"position\":3,\"name\":\"Road Case Corner Brace CLA803\"}]},{\"@type\":\"WebSite\",\"@id\":\"https:\/\/sxflightcase.com\/th\/#website\",\"url\":\"https:\/\/sxflightcase.com\/th\/\",\"name\":\"sxpowercase.com\",\"description\":\"Flight Case Factory\",\"publisher\":{\"@id\":\"https:\/\/sxflightcase.com\/th\/#organization\"},\"potentialAction\":[{\"@type\":\"SearchAction\",\"target\":{\"@type\":\"EntryPoint\",\"urlTemplate\":\"https:\/\/sxflightcase.com\/th\/?s={search_term_string}\"},\"query-input\":{\"@type\":\"PropertyValueSpecification\",\"valueRequired\":true,\"valueName\":\"search_term_string\"}}],\"inLanguage\":\"tr\"},{\"@type\":\"Organization\",\"@id\":\"https:\/\/sxflightcase.com\/th\/#organization\",\"name\":\"sxpowercase.com\",\"url\":\"https:\/\/sxflightcase.com\/th\/\",\"logo\":{\"@type\":\"ImageObject\",\"inLanguage\":\"tr\",\"@id\":\"https:\/\/sxflightcase.com\/th\/#\/schema\/logo\/image\/\",\"url\":\"https:\/\/sxflightcase.com\/wp-content\/uploads\/2024\/04\/1713919036007.jpg\",\"contentUrl\":\"https:\/\/sxflightcase.com\/wp-content\/uploads\/2024\/04\/1713919036007.jpg\",\"width\":382,\"height\":388,\"caption\":\"sxpowercase.com\"},\"image\":{\"@id\":\"https:\/\/sxflightcase.com\/th\/#\/schema\/logo\/image\/\"},\"sameAs\":[\"https:\/\/www.facebook.com\/profile.php?id=61560407257971\"],\"numberOfEmployees\":{\"@type\":\"QuantitativeValue\",\"minValue\":\"11\",\"maxValue\":\"50\"}}]}<\/script>\n<!-- \/ Yoast SEO Premium plugin. -->","yoast_head_json":{"title":"Road Case Corner Brace CLA803 - https:\/\/sxflightcase.com \ud83d\udc97","description":"Yol kasas\u0131 k\u00f6\u015fe deste\u011fi, do\u011frudan fabrika \u00e7\u0131k\u0131\u015f\u0131! Yol kasas\u0131 k\u00f6\u015felerini g\u00fc\u00e7lendirmek ve sabitlemek i\u00e7in tasarlanm\u0131\u015f y\u00fcksek kaliteli, dayan\u0131kl\u0131 destekler. A\u011f\u0131r hizmet ta\u015f\u0131mac\u0131l\u0131\u011f\u0131 s\u0131ras\u0131nda ilave stabilite ve koruma i\u00e7in idealdir.","robots":{"index":"index","follow":"follow","max-snippet":"max-snippet:-1","max-image-preview":"max-image-preview:large","max-video-preview":"max-video-preview:-1"},"canonical":"https:\/\/sxflightcase.com\/tr\/urun\/yol-kasasi-kose-destegi-cla803-2\/","og_locale":"tr_TR","og_type":"article","og_title":"Road Case Corner Brace CLA803","og_description":"Road case corner brace, factory direct! High-quality, durable braces designed to reinforce and secure road case corners. Ideal for added stability and protection during heavy-duty transport.","og_url":"https:\/\/sxflightcase.com\/tr\/urun\/yol-kasasi-kose-destegi-cla803-2\/","og_site_name":"https:\/\/sxflightcase.com","article_publisher":"https:\/\/www.facebook.com\/profile.php?id=61560407257971","article_modified_time":"2024-08-27T02:45:21+00:00","og_image":[{"width":700,"height":700,"url":"https:\/\/sxflightcase.com\/wp-content\/uploads\/2024\/08\/CLA803.jpg","type":"image\/jpeg"}],"twitter_card":"summary_large_image","twitter_misc":{"Tahmini okuma s\u00fcresi":"3 dakika"},"schema":{"@context":"https:\/\/schema.org","@graph":[{"@type":"WebPage","@id":"https:\/\/sxflightcase.com\/product\/road-case-corner-brace-cla803\/","url":"https:\/\/sxflightcase.com\/product\/road-case-corner-brace-cla803\/","name":"Road Case Corner Brace CLA803 - https:\/\/sxflightcase.com \ud83d\udc97","isPartOf":{"@id":"https:\/\/sxflightcase.com\/th\/#website"},"primaryImageOfPage":{"@id":"https:\/\/sxflightcase.com\/product\/road-case-corner-brace-cla803\/#primaryimage"},"image":{"@id":"https:\/\/sxflightcase.com\/product\/road-case-corner-brace-cla803\/#primaryimage"},"thumbnailUrl":"https:\/\/sxflightcase.com\/wp-content\/uploads\/2024\/08\/CLA803.jpg","datePublished":"2024-08-27T02:45:20+00:00","dateModified":"2024-08-27T02:45:21+00:00","description":"Yol kasas\u0131 k\u00f6\u015fe deste\u011fi, do\u011frudan fabrika \u00e7\u0131k\u0131\u015f\u0131! Yol kasas\u0131 k\u00f6\u015felerini g\u00fc\u00e7lendirmek ve sabitlemek i\u00e7in tasarlanm\u0131\u015f y\u00fcksek kaliteli, dayan\u0131kl\u0131 destekler. A\u011f\u0131r hizmet ta\u015f\u0131mac\u0131l\u0131\u011f\u0131 s\u0131ras\u0131nda ilave stabilite ve koruma i\u00e7in idealdir.","breadcrumb":{"@id":"https:\/\/sxflightcase.com\/product\/road-case-corner-brace-cla803\/#breadcrumb"},"inLanguage":"tr","potentialAction":[{"@type":"ReadAction","target":["https:\/\/sxflightcase.com\/product\/road-case-corner-brace-cla803\/"]}]},{"@type":"ImageObject","inLanguage":"tr","@id":"https:\/\/sxflightcase.com\/product\/road-case-corner-brace-cla803\/#primaryimage","url":"https:\/\/sxflightcase.com\/wp-content\/uploads\/2024\/08\/CLA803.jpg","contentUrl":"https:\/\/sxflightcase.com\/wp-content\/uploads\/2024\/08\/CLA803.jpg","width":700,"height":700,"caption":"Road Case Corner Brace"},{"@type":"BreadcrumbList","@id":"https:\/\/sxflightcase.com\/product\/road-case-corner-brace-cla803\/#breadcrumb","itemListElement":[{"@type":"ListItem","position":1,"name":"Home","item":"https:\/\/sxflightcase.com\/"},{"@type":"ListItem","position":2,"name":"\u0e2a\u0e34\u0e19\u0e04\u0e49\u0e32","item":"https:\/\/sxflightcase.com\/th\/shop\/"},{"@type":"ListItem","position":3,"name":"Road Case Corner Brace CLA803"}]},{"@type":"WebSite","@id":"https:\/\/sxflightcase.com\/th\/#website","url":"https:\/\/sxflightcase.com\/th\/","name":"sxpowercase.com","description":"U\u00e7u\u015f \u00c7antas\u0131 Fabrikas\u0131","publisher":{"@id":"https:\/\/sxflightcase.com\/th\/#organization"},"potentialAction":[{"@type":"SearchAction","target":{"@type":"EntryPoint","urlTemplate":"https:\/\/sxflightcase.com\/th\/?s={search_term_string}"},"query-input":{"@type":"PropertyValueSpecification","valueRequired":true,"valueName":"search_term_string"}}],"inLanguage":"tr"},{"@type":"Organization","@id":"https:\/\/sxflightcase.com\/th\/#organization","name":"sxpowercase.com","url":"https:\/\/sxflightcase.com\/th\/","logo":{"@type":"ImageObject","inLanguage":"tr","@id":"https:\/\/sxflightcase.com\/th\/#\/schema\/logo\/image\/","url":"https:\/\/sxflightcase.com\/wp-content\/uploads\/2024\/04\/1713919036007.jpg","contentUrl":"https:\/\/sxflightcase.com\/wp-content\/uploads\/2024\/04\/1713919036007.jpg","width":382,"height":388,"caption":"sxpowercase.com"},"image":{"@id":"https:\/\/sxflightcase.com\/th\/#\/schema\/logo\/image\/"},"sameAs":["https:\/\/www.facebook.com\/profile.php?id=61560407257971"],"numberOfEmployees":{"@type":"QuantitativeValue","minValue":"11","maxValue":"50"}}]}},"_links":{"self":[{"href":"https:\/\/sxflightcase.com\/tr\/wp-json\/wp\/v2\/product\/4224","targetHints":{"allow":["GET"]}}],"collection":[{"href":"https:\/\/sxflightcase.com\/tr\/wp-json\/wp\/v2\/product"}],"about":[{"href":"https:\/\/sxflightcase.com\/tr\/wp-json\/wp\/v2\/types\/product"}],"replies":[{"embeddable":true,"href":"https:\/\/sxflightcase.com\/tr\/wp-json\/wp\/v2\/comments?post=4224"}],"version-history":[{"count":0,"href":"https:\/\/sxflightcase.com\/tr\/wp-json\/wp\/v2\/product\/4224\/revisions"}],"wp:featuredmedia":[{"embeddable":true,"href":"https:\/\/sxflightcase.com\/tr\/wp-json\/wp\/v2\/media\/4188"}],"wp:attachment":[{"href":"https:\/\/sxflightcase.com\/tr\/wp-json\/wp\/v2\/media?parent=4224"}],"wp:term":[{"taxonomy":"product_brand","embeddable":true,"href":"https:\/\/sxflightcase.com\/tr\/wp-json\/wp\/v2\/product_brand?post=4224"},{"taxonomy":"product_cat","embeddable":true,"href":"https:\/\/sxflightcase.com\/tr\/wp-json\/wp\/v2\/product_cat?post=4224"},{"taxonomy":"product_tag","embeddable":true,"href":"https:\/\/sxflightcase.com\/tr\/wp-json\/wp\/v2\/product_tag?post=4224"}],"curies":[{"name":"wp","href":"https:\/\/api.w.org\/{rel}","templated":true}]}}