{"id":4225,"date":"2024-08-27T03:50:31","date_gmt":"2024-08-27T02:50:31","guid":{"rendered":"https:\/\/sxpowercase.com\/?post_type=product&#038;p=4225"},"modified":"2024-08-27T03:50:32","modified_gmt":"2024-08-27T02:50:32","slug":"road-case-corner-brace-cla804","status":"publish","type":"product","link":"https:\/\/sxflightcase.com\/tr\/urun\/yol-kasasi-kose-destegi-cla804-2\/","title":{"rendered":"Yol Kasas\u0131 K\u00f6\u015fe Deste\u011fi CLA804"},"content":{"rendered":"<h3>SX'ten Dayan\u0131kl\u0131 Yol \u00c7antas\u0131 K\u00f6\u015fe Deste\u011fi<\/h3>\n<p>Ekipman\u0131n\u0131z\u0131n nakliye s\u0131ras\u0131nda korunmas\u0131 s\u00f6z konusu oldu\u011funda, her ayr\u0131nt\u0131 \u00f6nemlidir. SX'in <span style=\"color: #3366ff;\"><a style=\"color: #3366ff;\" href=\"https:\/\/sxpowercase.com\/product\/road-case-corner-brace-cla803\/\"><strong>Yol Kasas\u0131 K\u00f6\u015fe Deste\u011fi<\/strong><\/a><\/span>\u00a0\u00e7antalar\u0131n\u0131z i\u00e7in geli\u015fmi\u015f koruma ve stabilite sunmak \u00fczere tasarlanm\u0131\u015ft\u0131r. Bu destekler s\u00fcrekli harekete dayanacak \u015fekilde \u00fcretilmi\u015ftir ve zorlu ko\u015fullar alt\u0131nda bile ekipman\u0131n\u0131z\u0131n g\u00fcvende kalmas\u0131n\u0131 sa\u011flar. \u0130le <a href=\"https:\/\/sxpowercase.com\/\" target=\"_blank\" rel=\"noopener\" title=\"SX\" data-wpil-monitor-id=\"701\">SX<\/a>\u00fcr\u00fcnlerimizi hem g\u00fcvenilir hem de uygun fiyatl\u0131 hale getirerek fabrika do\u011frudan fiyatlar\u0131nda \u00fcst\u00fcn kaliteye g\u00fcvenebilirsiniz.<\/p>\n<h3>Maksimum Dayan\u0131kl\u0131l\u0131k i\u00e7in A\u011f\u0131r Hizmet Tipi Yap\u0131<\/h3>\n<p>Bizim <strong>Yol Kasas\u0131 K\u00f6\u015fe Destekleri<\/strong> y\u00fcksek kaliteli metalden yap\u0131lm\u0131\u015ft\u0131r ve zorlu kullan\u0131m i\u00e7in gerekli olan sa\u011flam takviyeyi sa\u011flar. Sa\u011flam yap\u0131, darbelerden, \u00e7izilmelerden ve genel a\u015f\u0131nmadan kaynaklanan hasarlar\u0131 \u00f6nlemeye yard\u0131mc\u0131 olarak kasalar\u0131n\u0131z\u0131n \u00f6mr\u00fcn\u00fc uzat\u0131r. SX ile sadece dayan\u0131kl\u0131 \u00fcr\u00fcnler elde etmekle kalmazs\u0131n\u0131z; fabrikadan do\u011frudan tedarik modelimiz sayesinde bunlar\u0131 mant\u0131kl\u0131 fiyatlarla elde edersiniz.<\/p>\n<h3>Kalite G\u00fcvencesi ile Uygun Maliyetli \u00c7\u00f6z\u00fcmler<\/h3>\n<p>SX olarak, y\u00fcksek fiyat etiketi olmadan y\u00fcksek kaliteli \u00fcr\u00fcnler sunmaya inan\u0131yoruz. Do\u011frudan fabrika yakla\u015f\u0131m\u0131m\u0131z arac\u0131lar\u0131 ortadan kald\u0131rarak \u015funlar\u0131 sunmam\u0131z\u0131 sa\u011flar <strong>Yol Kasas\u0131 K\u00f6\u015fe Deste\u011fi<\/strong>\u00a0Kaliteden \u00f6d\u00fcn vermeden son derece d\u00fc\u015f\u00fck fiyatlarla. Bu, kasalar\u0131n\u0131z\u0131n b\u00fct\u00e7enizi a\u015fmadan en \u00fcst d\u00fczey korumaya sahip olmas\u0131n\u0131 sa\u011flayarak SX'i her proje i\u00e7in uygun maliyetli bir se\u00e7im haline getirir.<\/p>\n<h3>\u00c7ok Y\u00f6nl\u00fc ve Kurulumu Kolay<\/h3>\n<p>SX'in <strong>Yol Kasas\u0131 K\u00f6\u015fe Destekleri<\/strong> \u00e7e\u015fitli kasa tasar\u0131mlar\u0131na kolay entegrasyon i\u00e7in tasarlanm\u0131\u015ft\u0131r. \u0130ster yeni bir kasa in\u015fa ediyor ister mevcut bir kasay\u0131 g\u00fc\u00e7lendiriyor olun, desteklerimizin kurulumu basittir ve size zaman ve emek tasarrufu sa\u011flar. \u00dcr\u00fcnlerimizin esnekli\u011fi, onlar\u0131 profesyonel s\u0131n\u0131f kasalardan \u00f6zel DIY projelerine kadar geni\u015f bir uygulama yelpazesi i\u00e7in uygun hale getirir.<\/p>\n<h3>\u0130htiya\u00e7lar\u0131n\u0131za Uygun \u00d6zelle\u015ftirilebilir Se\u00e7enekler<\/h3>\n<p>Farkl\u0131 projelerin farkl\u0131 \u00e7\u00f6z\u00fcmler gerektirdi\u011fini biliyoruz. Bu nedenle SX, projelerimiz i\u00e7in \u00f6zelle\u015ftirilebilir se\u00e7enekler sunuyor. <strong>Yol Kasas\u0131 K\u00f6\u015fe Destekleri<\/strong>Bu da size \u00f6zel gereksinimleriniz i\u00e7in do\u011fru boyutu, kaplamay\u0131 ve tasar\u0131m\u0131 se\u00e7me olana\u011f\u0131 verir. Se\u00e7enek yelpazemiz, SX'in bilinen kalitesini ve uygun fiyat\u0131n\u0131 korurken tam olarak ihtiyac\u0131n\u0131z olan\u0131 bulabilmenizi sa\u011flar.<\/p>\n<h3>Sekt\u00f6r Profesyonelleri Taraf\u0131ndan G\u00fcvenilen<\/h3>\n<p>D\u00fcnyan\u0131n d\u00f6rt bir yan\u0131ndaki profesyoneller, yol \u00e7antas\u0131 donan\u0131m ihtiya\u00e7lar\u0131 i\u00e7in SX'e g\u00fcveniyor. Bizim <strong>Yol Kasas\u0131 K\u00f6\u015fe Destekleri<\/strong> uzun s\u00fcreli g\u00fcvenilirlik sa\u011flamak \u00fczere tasarlanm\u0131\u015ft\u0131r ve g\u00fcvenilir donan\u0131ma ihtiya\u00e7 duyanlar i\u00e7in tercih sebebidir. \u0130ster hassas enstr\u00fcmanlar\u0131, ister g\u00f6rsel-i\u015fitsel ekipmanlar\u0131 veya di\u011fer de\u011ferli donan\u0131mlar\u0131 koruyor olun, SX \u00e7antalar\u0131n\u0131z\u0131n yola haz\u0131r olmas\u0131n\u0131 sa\u011flar.<\/p>\n<h3>Rakipsiz Koruma i\u00e7in SX'i Se\u00e7in<\/h3>\n<p>Yat\u0131r\u0131m\u0131n\u0131z\u0131 korumak s\u00f6z konusu oldu\u011funda, SX'in <strong>Yol Kasas\u0131 K\u00f6\u015fe Destekleri<\/strong>. Fabrika do\u011frudan fiyatlar\u0131yla y\u00fcksek kaliteli \u00fcr\u00fcnler sunmaya odaklanarak, dayan\u0131kl\u0131l\u0131k ve uygun fiyat aras\u0131nda do\u011fru dengeyi sa\u011fl\u0131yoruz. Ekipman\u0131n\u0131z\u0131 g\u00fcvenle koruyun ve SX'in g\u00fcvenilir yol \u00e7antas\u0131 donan\u0131m\u0131nda orta\u011f\u0131n\u0131z olmas\u0131na izin verin.<\/p>\n<p>Bir sonraki projeniz i\u00e7in SX'i se\u00e7erek yat\u0131r\u0131m yap\u0131n.<\/p>\n<p>Hemen \u0130leti\u015fime Ge\u00e7in:<span style=\"color: #0000ff;\"><a style=\"color: #0000ff;\" href=\"https:\/\/sxpowercase.com\/contact-us\/\">https:\/\/sxpowercase.com\/<\/a><\/span><\/p>\n<p>Donan\u0131m \u00dcr\u00fcn Katalo\u011fu\uff1a<span style=\"color: #3366ff;\"><a style=\"color: #3366ff;\" href=\"https:\/\/sxpowercase.com\/wp-content\/uploads\/2024\/07\/\u4e94\u91d1.pdf\">Donan\u0131m aksesuarlar\u0131 katalo\u011fu<\/a><\/span><\/p>","protected":false},"excerpt":{"rendered":"<h3>SX Yol \u00c7antas\u0131 K\u00f6\u015fe Deste\u011fi: Dayan\u0131kl\u0131 ve Uygun Fiyatl\u0131 Koruma<\/h3>\n<p>SX, yol \u00e7antalar\u0131 i\u00e7in g\u00fcvenilir stabilite sa\u011flayan a\u011f\u0131r hizmet tipi k\u00f6\u015fe destekleri sunar. Sa\u011flam metalden \u00fcretilen bu destekler, fabrika do\u011frudan fiyatlar\u0131yla uzun \u00f6m\u00fcrl\u00fc performans sa\u011flar.<\/p>\n<h3>Kasalar\u0131n\u0131z\u0131 SX K\u00f6\u015fe Destekleri ile G\u00fc\u00e7lendirin<\/h3>\n<p>SX k\u00f6\u015fe destekleri kolay kurulum i\u00e7in tasarlanm\u0131\u015ft\u0131r ve hem profesyoneller hem de DIY projeleri i\u00e7in idealdir. Yol kasalar\u0131na ekstra koruma ve g\u00fc\u00e7 katarak a\u015f\u0131nma ve y\u0131pranmaya kar\u015f\u0131 koruma sa\u011flarlar.<\/p>\n<h3>SX'ten \u00d6zelle\u015ftirilebilir ve Uygun Maliyetli Donan\u0131m<\/h3>\n<p>SX, yol kasas\u0131 k\u00f6\u015fe destekleri i\u00e7in \u00f6zelle\u015ftirilebilir se\u00e7enekler sunarak benzersiz proje ihtiya\u00e7lar\u0131n\u0131 kar\u015f\u0131larken uygun fiyatl\u0131 olmay\u0131 da s\u00fcrd\u00fcr\u00fcr. Profesyoneller taraf\u0131ndan g\u00fcvenilen SX, her \u00fcr\u00fcnde kalite ve de\u011feri bir araya getirir.<\/p>","protected":false},"featured_media":4189,"comment_status":"open","ping_status":"closed","template":"","meta":[],"product_brand":[],"product_cat":[64],"product_tag":[],"class_list":{"0":"post-4225","1":"product","2":"type-product","3":"status-publish","4":"has-post-thumbnail","6":"product_cat-clamps","8":"first","9":"instock","10":"shipping-taxable","11":"product-type-simple"},"yoast_head":"<!-- This site is optimized with the Yoast SEO Premium plugin v27.1 (Yoast SEO v27.2) - https:\/\/yoast.com\/product\/yoast-seo-premium-wordpress\/ -->\n<title>Road Case Corner Brace CLA804 - https:\/\/sxflightcase.com \ud83d\udc97<\/title>\n<meta name=\"description\" content=\"Road case corner brace, factory direct! High-quality, durable braces designed to reinforce and secure road case corners. Ideal for added stability and protection during heavy-duty transport.\" \/>\n<meta name=\"robots\" content=\"index, follow, max-snippet:-1, max-image-preview:large, max-video-preview:-1\" \/>\n<link rel=\"canonical\" href=\"https:\/\/sxflightcase.com\/tr\/urun\/yol-kasasi-kose-destegi-cla804-2\/\" \/>\n<meta property=\"og:locale\" content=\"tr_TR\" \/>\n<meta property=\"og:type\" content=\"article\" \/>\n<meta property=\"og:title\" content=\"Road Case Corner Brace CLA804\" \/>\n<meta property=\"og:description\" content=\"Road case corner brace, factory direct! High-quality, durable braces designed to reinforce and secure road case corners. Ideal for added stability and protection during heavy-duty transport.\" \/>\n<meta property=\"og:url\" content=\"https:\/\/sxflightcase.com\/tr\/urun\/yol-kasasi-kose-destegi-cla804-2\/\" \/>\n<meta property=\"og:site_name\" content=\"https:\/\/sxflightcase.com\" \/>\n<meta property=\"article:publisher\" content=\"https:\/\/www.facebook.com\/profile.php?id=61560407257971\" \/>\n<meta property=\"article:modified_time\" content=\"2024-08-27T02:50:32+00:00\" \/>\n<meta property=\"og:image\" content=\"https:\/\/sxflightcase.com\/wp-content\/uploads\/2024\/08\/CLA804.jpg\" \/>\n\t<meta property=\"og:image:width\" content=\"700\" \/>\n\t<meta property=\"og:image:height\" content=\"700\" \/>\n\t<meta property=\"og:image:type\" content=\"image\/jpeg\" \/>\n<meta name=\"twitter:card\" content=\"summary_large_image\" \/>\n<meta name=\"twitter:label1\" content=\"Tahmini okuma s\u00fcresi\" \/>\n\t<meta name=\"twitter:data1\" content=\"3 dakika\" \/>\n<script type=\"application\/ld+json\" class=\"yoast-schema-graph\">{\"@context\":\"https:\/\/schema.org\",\"@graph\":[{\"@type\":\"WebPage\",\"@id\":\"https:\/\/sxflightcase.com\/product\/road-case-corner-brace-cla804\/\",\"url\":\"https:\/\/sxflightcase.com\/product\/road-case-corner-brace-cla804\/\",\"name\":\"Road Case Corner Brace CLA804 - https:\/\/sxflightcase.com \ud83d\udc97\",\"isPartOf\":{\"@id\":\"https:\/\/sxflightcase.com\/th\/#website\"},\"primaryImageOfPage\":{\"@id\":\"https:\/\/sxflightcase.com\/product\/road-case-corner-brace-cla804\/#primaryimage\"},\"image\":{\"@id\":\"https:\/\/sxflightcase.com\/product\/road-case-corner-brace-cla804\/#primaryimage\"},\"thumbnailUrl\":\"https:\/\/sxflightcase.com\/wp-content\/uploads\/2024\/08\/CLA804.jpg\",\"datePublished\":\"2024-08-27T02:50:31+00:00\",\"dateModified\":\"2024-08-27T02:50:32+00:00\",\"description\":\"Road case corner brace, factory direct! High-quality, durable braces designed to reinforce and secure road case corners. Ideal for added stability and protection during heavy-duty transport.\",\"breadcrumb\":{\"@id\":\"https:\/\/sxflightcase.com\/product\/road-case-corner-brace-cla804\/#breadcrumb\"},\"inLanguage\":\"tr\",\"potentialAction\":[{\"@type\":\"ReadAction\",\"target\":[\"https:\/\/sxflightcase.com\/product\/road-case-corner-brace-cla804\/\"]}]},{\"@type\":\"ImageObject\",\"inLanguage\":\"tr\",\"@id\":\"https:\/\/sxflightcase.com\/product\/road-case-corner-brace-cla804\/#primaryimage\",\"url\":\"https:\/\/sxflightcase.com\/wp-content\/uploads\/2024\/08\/CLA804.jpg\",\"contentUrl\":\"https:\/\/sxflightcase.com\/wp-content\/uploads\/2024\/08\/CLA804.jpg\",\"width\":700,\"height\":700,\"caption\":\"Road Case Corner Brace\"},{\"@type\":\"BreadcrumbList\",\"@id\":\"https:\/\/sxflightcase.com\/product\/road-case-corner-brace-cla804\/#breadcrumb\",\"itemListElement\":[{\"@type\":\"ListItem\",\"position\":1,\"name\":\"Home\",\"item\":\"https:\/\/sxflightcase.com\/\"},{\"@type\":\"ListItem\",\"position\":2,\"name\":\"\u0e2a\u0e34\u0e19\u0e04\u0e49\u0e32\",\"item\":\"https:\/\/sxflightcase.com\/th\/shop\/\"},{\"@type\":\"ListItem\",\"position\":3,\"name\":\"Road Case Corner Brace CLA804\"}]},{\"@type\":\"WebSite\",\"@id\":\"https:\/\/sxflightcase.com\/th\/#website\",\"url\":\"https:\/\/sxflightcase.com\/th\/\",\"name\":\"sxpowercase.com\",\"description\":\"Flight Case Factory\",\"publisher\":{\"@id\":\"https:\/\/sxflightcase.com\/th\/#organization\"},\"potentialAction\":[{\"@type\":\"SearchAction\",\"target\":{\"@type\":\"EntryPoint\",\"urlTemplate\":\"https:\/\/sxflightcase.com\/th\/?s={search_term_string}\"},\"query-input\":{\"@type\":\"PropertyValueSpecification\",\"valueRequired\":true,\"valueName\":\"search_term_string\"}}],\"inLanguage\":\"tr\"},{\"@type\":\"Organization\",\"@id\":\"https:\/\/sxflightcase.com\/th\/#organization\",\"name\":\"sxpowercase.com\",\"url\":\"https:\/\/sxflightcase.com\/th\/\",\"logo\":{\"@type\":\"ImageObject\",\"inLanguage\":\"tr\",\"@id\":\"https:\/\/sxflightcase.com\/th\/#\/schema\/logo\/image\/\",\"url\":\"https:\/\/sxflightcase.com\/wp-content\/uploads\/2024\/04\/1713919036007.jpg\",\"contentUrl\":\"https:\/\/sxflightcase.com\/wp-content\/uploads\/2024\/04\/1713919036007.jpg\",\"width\":382,\"height\":388,\"caption\":\"sxpowercase.com\"},\"image\":{\"@id\":\"https:\/\/sxflightcase.com\/th\/#\/schema\/logo\/image\/\"},\"sameAs\":[\"https:\/\/www.facebook.com\/profile.php?id=61560407257971\"],\"numberOfEmployees\":{\"@type\":\"QuantitativeValue\",\"minValue\":\"11\",\"maxValue\":\"50\"}}]}<\/script>\n<!-- \/ Yoast SEO Premium plugin. -->","yoast_head_json":{"title":"Road Case Corner Brace CLA804 - https:\/\/sxflightcase.com \ud83d\udc97","description":"Yol kasas\u0131 k\u00f6\u015fe deste\u011fi, do\u011frudan fabrika \u00e7\u0131k\u0131\u015f\u0131! Yol kasas\u0131 k\u00f6\u015felerini g\u00fc\u00e7lendirmek ve sabitlemek i\u00e7in tasarlanm\u0131\u015f y\u00fcksek kaliteli, dayan\u0131kl\u0131 destekler. A\u011f\u0131r hizmet ta\u015f\u0131mac\u0131l\u0131\u011f\u0131 s\u0131ras\u0131nda ilave stabilite ve koruma i\u00e7in idealdir.","robots":{"index":"index","follow":"follow","max-snippet":"max-snippet:-1","max-image-preview":"max-image-preview:large","max-video-preview":"max-video-preview:-1"},"canonical":"https:\/\/sxflightcase.com\/tr\/urun\/yol-kasasi-kose-destegi-cla804-2\/","og_locale":"tr_TR","og_type":"article","og_title":"Road Case Corner Brace CLA804","og_description":"Road case corner brace, factory direct! High-quality, durable braces designed to reinforce and secure road case corners. Ideal for added stability and protection during heavy-duty transport.","og_url":"https:\/\/sxflightcase.com\/tr\/urun\/yol-kasasi-kose-destegi-cla804-2\/","og_site_name":"https:\/\/sxflightcase.com","article_publisher":"https:\/\/www.facebook.com\/profile.php?id=61560407257971","article_modified_time":"2024-08-27T02:50:32+00:00","og_image":[{"width":700,"height":700,"url":"https:\/\/sxflightcase.com\/wp-content\/uploads\/2024\/08\/CLA804.jpg","type":"image\/jpeg"}],"twitter_card":"summary_large_image","twitter_misc":{"Tahmini okuma s\u00fcresi":"3 dakika"},"schema":{"@context":"https:\/\/schema.org","@graph":[{"@type":"WebPage","@id":"https:\/\/sxflightcase.com\/product\/road-case-corner-brace-cla804\/","url":"https:\/\/sxflightcase.com\/product\/road-case-corner-brace-cla804\/","name":"Road Case Corner Brace CLA804 - https:\/\/sxflightcase.com \ud83d\udc97","isPartOf":{"@id":"https:\/\/sxflightcase.com\/th\/#website"},"primaryImageOfPage":{"@id":"https:\/\/sxflightcase.com\/product\/road-case-corner-brace-cla804\/#primaryimage"},"image":{"@id":"https:\/\/sxflightcase.com\/product\/road-case-corner-brace-cla804\/#primaryimage"},"thumbnailUrl":"https:\/\/sxflightcase.com\/wp-content\/uploads\/2024\/08\/CLA804.jpg","datePublished":"2024-08-27T02:50:31+00:00","dateModified":"2024-08-27T02:50:32+00:00","description":"Yol kasas\u0131 k\u00f6\u015fe deste\u011fi, do\u011frudan fabrika \u00e7\u0131k\u0131\u015f\u0131! Yol kasas\u0131 k\u00f6\u015felerini g\u00fc\u00e7lendirmek ve sabitlemek i\u00e7in tasarlanm\u0131\u015f y\u00fcksek kaliteli, dayan\u0131kl\u0131 destekler. A\u011f\u0131r hizmet ta\u015f\u0131mac\u0131l\u0131\u011f\u0131 s\u0131ras\u0131nda ilave stabilite ve koruma i\u00e7in idealdir.","breadcrumb":{"@id":"https:\/\/sxflightcase.com\/product\/road-case-corner-brace-cla804\/#breadcrumb"},"inLanguage":"tr","potentialAction":[{"@type":"ReadAction","target":["https:\/\/sxflightcase.com\/product\/road-case-corner-brace-cla804\/"]}]},{"@type":"ImageObject","inLanguage":"tr","@id":"https:\/\/sxflightcase.com\/product\/road-case-corner-brace-cla804\/#primaryimage","url":"https:\/\/sxflightcase.com\/wp-content\/uploads\/2024\/08\/CLA804.jpg","contentUrl":"https:\/\/sxflightcase.com\/wp-content\/uploads\/2024\/08\/CLA804.jpg","width":700,"height":700,"caption":"Road Case Corner Brace"},{"@type":"BreadcrumbList","@id":"https:\/\/sxflightcase.com\/product\/road-case-corner-brace-cla804\/#breadcrumb","itemListElement":[{"@type":"ListItem","position":1,"name":"Home","item":"https:\/\/sxflightcase.com\/"},{"@type":"ListItem","position":2,"name":"\u0e2a\u0e34\u0e19\u0e04\u0e49\u0e32","item":"https:\/\/sxflightcase.com\/th\/shop\/"},{"@type":"ListItem","position":3,"name":"Road Case Corner Brace CLA804"}]},{"@type":"WebSite","@id":"https:\/\/sxflightcase.com\/th\/#website","url":"https:\/\/sxflightcase.com\/th\/","name":"sxpowercase.com","description":"U\u00e7u\u015f \u00c7antas\u0131 Fabrikas\u0131","publisher":{"@id":"https:\/\/sxflightcase.com\/th\/#organization"},"potentialAction":[{"@type":"SearchAction","target":{"@type":"EntryPoint","urlTemplate":"https:\/\/sxflightcase.com\/th\/?s={search_term_string}"},"query-input":{"@type":"PropertyValueSpecification","valueRequired":true,"valueName":"search_term_string"}}],"inLanguage":"tr"},{"@type":"Organization","@id":"https:\/\/sxflightcase.com\/th\/#organization","name":"sxpowercase.com","url":"https:\/\/sxflightcase.com\/th\/","logo":{"@type":"ImageObject","inLanguage":"tr","@id":"https:\/\/sxflightcase.com\/th\/#\/schema\/logo\/image\/","url":"https:\/\/sxflightcase.com\/wp-content\/uploads\/2024\/04\/1713919036007.jpg","contentUrl":"https:\/\/sxflightcase.com\/wp-content\/uploads\/2024\/04\/1713919036007.jpg","width":382,"height":388,"caption":"sxpowercase.com"},"image":{"@id":"https:\/\/sxflightcase.com\/th\/#\/schema\/logo\/image\/"},"sameAs":["https:\/\/www.facebook.com\/profile.php?id=61560407257971"],"numberOfEmployees":{"@type":"QuantitativeValue","minValue":"11","maxValue":"50"}}]}},"_links":{"self":[{"href":"https:\/\/sxflightcase.com\/tr\/wp-json\/wp\/v2\/product\/4225","targetHints":{"allow":["GET"]}}],"collection":[{"href":"https:\/\/sxflightcase.com\/tr\/wp-json\/wp\/v2\/product"}],"about":[{"href":"https:\/\/sxflightcase.com\/tr\/wp-json\/wp\/v2\/types\/product"}],"replies":[{"embeddable":true,"href":"https:\/\/sxflightcase.com\/tr\/wp-json\/wp\/v2\/comments?post=4225"}],"version-history":[{"count":0,"href":"https:\/\/sxflightcase.com\/tr\/wp-json\/wp\/v2\/product\/4225\/revisions"}],"wp:featuredmedia":[{"embeddable":true,"href":"https:\/\/sxflightcase.com\/tr\/wp-json\/wp\/v2\/media\/4189"}],"wp:attachment":[{"href":"https:\/\/sxflightcase.com\/tr\/wp-json\/wp\/v2\/media?parent=4225"}],"wp:term":[{"taxonomy":"product_brand","embeddable":true,"href":"https:\/\/sxflightcase.com\/tr\/wp-json\/wp\/v2\/product_brand?post=4225"},{"taxonomy":"product_cat","embeddable":true,"href":"https:\/\/sxflightcase.com\/tr\/wp-json\/wp\/v2\/product_cat?post=4225"},{"taxonomy":"product_tag","embeddable":true,"href":"https:\/\/sxflightcase.com\/tr\/wp-json\/wp\/v2\/product_tag?post=4225"}],"curies":[{"name":"wp","href":"https:\/\/api.w.org\/{rel}","templated":true}]}}