{"id":4226,"date":"2024-08-27T03:54:31","date_gmt":"2024-08-27T02:54:31","guid":{"rendered":"https:\/\/sxpowercase.com\/?post_type=product&#038;p=4226"},"modified":"2024-08-27T03:54:32","modified_gmt":"2024-08-27T02:54:32","slug":"flight-case-brace-clb101","status":"publish","type":"product","link":"https:\/\/sxflightcase.com\/tr\/urun\/ucus-cantasi-destegi-clb101-2\/","title":{"rendered":"U\u00e7u\u015f Kasas\u0131 Deste\u011fi CLB101"},"content":{"rendered":"<h3>SX'ten Y\u00fcksek Kaliteli U\u00e7u\u015f \u00c7antas\u0131 Deste\u011fi<\/h3>\n<p>U\u00e7u\u015f kasalar\u0131n\u0131z\u0131 in\u015fa ederken veya y\u00fckseltirken, g\u00fc\u00e7l\u00fc takviye \u015fartt\u0131r. SX birinci s\u0131n\u0131f bir <span style=\"color: #3366ff;\"><a style=\"color: #3366ff;\" href=\"https:\/\/sxpowercase.com\/product\/road-case-corner-brace-cla804\/\"><strong>U\u00e7u\u015f \u00c7antas\u0131 Deste\u011fi<\/strong><\/a><\/span> g\u00fcvenilir destek ve ekstra dayan\u0131kl\u0131l\u0131k sa\u011flamak \u00fczere tasarlanm\u0131\u015ft\u0131r. \u0130ster hassas ekipman\u0131 sabitlemeniz ister a\u011f\u0131r kullan\u0131ma dayanman\u0131z gereksin, desteklerimiz birinci s\u0131n\u0131f performans sunmak i\u00e7in \u00fcretilmi\u015ftir. \u0130le <a href=\"https:\/\/sxpowercase.com\/\" target=\"_blank\" rel=\"noopener\" title=\"SX\" data-wpil-monitor-id=\"702\">SX<\/a>fabrika \u00e7\u0131k\u0131\u015fl\u0131 fiyatlardan faydalanarak uygun maliyetle kaliteli koruma sa\u011flars\u0131n\u0131z.<\/p>\n<h3>G\u00fc\u00e7 ve Uzun \u00d6m\u00fcr i\u00e7in \u00dcretildi<\/h3>\n<p>Bizim <strong>U\u00e7u\u015f \u00c7antas\u0131 Deste\u011fi<\/strong> kasan\u0131z\u0131n yap\u0131s\u0131n\u0131 etkili bir \u015fekilde g\u00fc\u00e7lendirmek i\u00e7in tasarlanm\u0131\u015f y\u00fcksek mukavemetli metalden yap\u0131lm\u0131\u015ft\u0131r. Bu sa\u011flam yap\u0131, ta\u015f\u0131ma s\u0131ras\u0131nda b\u00fck\u00fclme, hasar ve di\u011fer yayg\u0131n sorunlar\u0131 \u00f6nlemeye yard\u0131mc\u0131 olur. SX ile, fabrikadan do\u011frudan sat\u0131\u015f modelimiz sayesinde d\u00fc\u015f\u00fck fiyatlar\u0131 korurken, uzun \u00f6m\u00fcrl\u00fc olacak \u015fekilde \u00fcretilmi\u015f kaliteli donan\u0131m elde edersiniz. Y\u00fcksek fiyat etiketi olmadan \u00fcst\u00fcn \u00fcr\u00fcnlerin avantajlar\u0131ndan yararlan\u0131n.<\/p>\n<h3>Fabrika Do\u011frudan Fiyatlar\u0131yla G\u00fcvenilir Koruma<\/h3>\n<p>SX olarak, b\u00fct\u00e7enize uygun y\u00fcksek kaliteli \u00fcr\u00fcnler sunmaya odaklan\u0131yoruz. Bizim <strong>U\u00e7u\u015f \u00c7antas\u0131 Deste\u011fi<\/strong> ihtiyac\u0131n\u0131z olan g\u00fc\u00e7 ve istikrar\u0131 maliyetinin \u00e7ok alt\u0131nda sunar. Arac\u0131lar\u0131 devre d\u0131\u015f\u0131 b\u0131rakarak, m\u00fc\u015fterilerimizin kaliteden \u00f6d\u00fcn vermeden d\u00fc\u015f\u00fck maliyetli \u00e7\u00f6z\u00fcmler almas\u0131n\u0131 sa\u011fl\u0131yoruz. Rekabet\u00e7i fiyatlarla g\u00fcvenilir koruma sa\u011flayan dayan\u0131kl\u0131 donan\u0131m i\u00e7in SX'e g\u00fcvenin.<\/p>\n<h3>Kolay Kurulum ve \u00c7ok Y\u00f6nl\u00fc Tasar\u0131m<\/h3>\n<p>SX'in <strong>U\u00e7u\u015f \u00c7antas\u0131 Deste\u011fi<\/strong> h\u0131zl\u0131 ve sorunsuz kurulum i\u00e7in tasarlanm\u0131\u015ft\u0131r. \u0130ster yeni bir kasa monte ediyor ister mevcut bir kasay\u0131 y\u00fckseltiyor olun, deste\u011fimiz \u00e7e\u015fitli tasar\u0131mlara sorunsuz bir \u015fekilde uyar. \u00c7ok y\u00f6nl\u00fc tasar\u0131m, farkl\u0131 kasa t\u00fcrleriyle iyi \u00e7al\u0131\u015fmas\u0131n\u0131 sa\u011flar ve ekipman\u0131n\u0131z\u0131 g\u00fcvende tutmak i\u00e7in gereken takviyeyi sa\u011flar. SX ile ihtiya\u00e7lar\u0131n\u0131za uygun g\u00fcvenilir bir \u00fcr\u00fcn elde ederken zamandan ve emekten tasarruf edersiniz.<\/p>\n<h3>\u00d6zel Gereksinimleriniz i\u00e7in \u00d6zelle\u015ftirme<\/h3>\n<p>SX olarak her projenin benzersiz oldu\u011funu biliyoruz. \u0130\u015fte bu y\u00fczden m\u00fc\u015fterilerimiz i\u00e7in \u00f6zelle\u015ftirilebilir se\u00e7enekler sunuyoruz. <strong>U\u00e7u\u015f \u00c7antas\u0131 Deste\u011fi<\/strong>. \u00d6zel ihtiya\u00e7lar\u0131n\u0131za uygun farkl\u0131 boyutlar, y\u00fczeyler ve tasar\u0131mlar aras\u0131ndan se\u00e7im yapabilirsiniz. \u0130ster a\u011f\u0131r hizmet tipi desteklere ister daha hafif bir se\u00e7ene\u011fe ihtiyac\u0131n\u0131z olsun, SX proje hedeflerinize uygun \u00f6zel \u00e7\u00f6z\u00fcmler sunar.<\/p>\n<h3>D\u00fcnya \u00c7ap\u0131ndaki Profesyonellerin G\u00fcvendi\u011fi<\/h3>\n<p>\u00c7e\u015fitli sekt\u00f6rlerdeki profesyoneller, u\u00e7u\u015f kasas\u0131 donan\u0131m ihtiya\u00e7lar\u0131 i\u00e7in SX'e g\u00fcveniyor. Bizim <strong>U\u00e7u\u015f \u00c7antas\u0131 Deste\u011fi<\/strong> s\u0131k seyahat ve a\u011f\u0131r kullan\u0131m\u0131n zorluklar\u0131na dayanacak \u015fekilde tasarlanm\u0131\u015ft\u0131r, bu da onu dayan\u0131kl\u0131l\u0131k ve performansa \u00f6ncelik verenler i\u00e7in en iyi se\u00e7im haline getirir. \u0130ster g\u00f6rsel-i\u015fitsel ekipmanlar, ister m\u00fczik aletleri veya di\u011fer de\u011ferli ekipmanlar i\u00e7in olsun, SX g\u00fcvenebilece\u011finiz bir koruma sunar.<\/p>\n<h3>G\u00fcvenilir U\u00e7u\u015f \u00c7antas\u0131 Donan\u0131m\u0131 i\u00e7in SX'i Se\u00e7in<\/h3>\n<p>Yat\u0131r\u0131m\u0131n\u0131z\u0131 g\u00fcvence alt\u0131na almak s\u00f6z konusu oldu\u011funda, SX'in <strong>U\u00e7u\u015f \u00c7antas\u0131 Deste\u011fi<\/strong> ideal se\u00e7imdir. Fabrikadan do\u011frudan fiyatland\u0131rma, kalite g\u00fcvencesi ve dayan\u0131kl\u0131l\u0131\u011fa odaklanarak, g\u00fcvenebilece\u011finiz donan\u0131mlar sunuyoruz. Ekipmanlar\u0131n\u0131z\u0131 g\u00fcvenle koruyun ve kasalar\u0131n\u0131z\u0131n SX'in g\u00fcvenilir \u00e7\u00f6z\u00fcmleriyle g\u00fc\u00e7lendirildi\u011fini bilmenin huzurunu ya\u015fay\u0131n.<\/p>\n<p>Hemen \u0130leti\u015fime Ge\u00e7in:<span style=\"color: #0000ff;\"><a style=\"color: #0000ff;\" href=\"https:\/\/sxpowercase.com\/contact-us\/\">https:\/\/sxpowercase.com\/<\/a><\/span><\/p>\n<p>Donan\u0131m \u00dcr\u00fcn Katalo\u011fu\uff1a<span style=\"color: #3366ff;\"><a style=\"color: #3366ff;\" href=\"https:\/\/sxpowercase.com\/wp-content\/uploads\/2024\/07\/\u4e94\u91d1.pdf\">Donan\u0131m aksesuarlar\u0131 katalo\u011fu<\/a><\/span><\/p>","protected":false},"excerpt":{"rendered":"<h3>SX U\u00e7u\u015f \u00c7antas\u0131 Deste\u011fi: Fabrika Do\u011frudan Fiyatlar\u0131yla Dayan\u0131kl\u0131 Koruma<\/h3>\n<p>Uzun s\u00fcreli destek ve g\u00fcvenilir performans i\u00e7in tasarlanm\u0131\u015f SX'in y\u00fcksek mukavemetli metal destekleriyle u\u00e7u\u015f \u00e7antalar\u0131n\u0131z\u0131 g\u00fc\u00e7lendirin. Fazla harcama yapmadan kaliteli koruman\u0131n keyfini \u00e7\u0131kar\u0131n.<\/p>\n<h3>SX U\u00e7u\u015f \u00c7antas\u0131 Deste\u011fi ile \u00c7antalar\u0131n\u0131z\u0131 G\u00fc\u00e7lendirin<\/h3>\n<p>SX, ta\u015f\u0131ma s\u0131ras\u0131nda b\u00fck\u00fclmeyi ve hasar\u0131 \u00f6nleyen sa\u011flam u\u00e7u\u015f kasas\u0131 destekleri sunar. Kurulumu kolay ve \u00e7ok y\u00f6nl\u00fc olan bu \u00fcr\u00fcnler, \u00e7e\u015fitli kasa tasar\u0131mlar\u0131na sorunsuz bir \u015fekilde uyum sa\u011flar.<\/p>\n<h3>SX'ten \u00d6zelle\u015ftirilebilir ve Uygun Fiyatl\u0131 U\u00e7u\u015f \u00c7antas\u0131 Destekleri<\/h3>\n<p>\u00d6zel ihtiya\u00e7lar\u0131n\u0131za g\u00f6re uyarlanm\u0131\u015f se\u00e7enekler aras\u0131ndan se\u00e7im yap\u0131n. SX, dayan\u0131kl\u0131l\u0131klar\u0131 ve performanslar\u0131yla d\u00fcnya \u00e7ap\u0131ndaki profesyonellerin g\u00fcvendi\u011fi, uygun maliyetli, fabrika \u00e7\u0131k\u0131\u015fl\u0131 \u00e7\u00f6z\u00fcmler sunar.<\/p>","protected":false},"featured_media":4190,"comment_status":"open","ping_status":"closed","template":"","meta":[],"product_brand":[],"product_cat":[64],"product_tag":[],"class_list":{"0":"post-4226","1":"product","2":"type-product","3":"status-publish","4":"has-post-thumbnail","6":"product_cat-clamps","8":"first","9":"instock","10":"shipping-taxable","11":"product-type-simple"},"yoast_head":"<!-- This site is optimized with the Yoast SEO Premium plugin v27.1 (Yoast SEO v27.2) - https:\/\/yoast.com\/product\/yoast-seo-premium-wordpress\/ -->\n<title>Flight Case Brace CLB101 - https:\/\/sxflightcase.com \ud83d\udc97<\/title>\n<meta name=\"description\" content=\"Flight case brace, factory direct! High-quality, durable braces designed to reinforce and secure flight case panels and corners. Perfect for ensuring stability and long-lasting protection.\" \/>\n<meta name=\"robots\" content=\"index, follow, max-snippet:-1, max-image-preview:large, max-video-preview:-1\" \/>\n<link rel=\"canonical\" href=\"https:\/\/sxflightcase.com\/tr\/urun\/ucus-cantasi-destegi-clb101-2\/\" \/>\n<meta property=\"og:locale\" content=\"tr_TR\" \/>\n<meta property=\"og:type\" content=\"article\" \/>\n<meta property=\"og:title\" content=\"Flight Case Brace CLB101\" \/>\n<meta property=\"og:description\" content=\"Flight case brace, factory direct! High-quality, durable braces designed to reinforce and secure flight case panels and corners. Perfect for ensuring stability and long-lasting protection.\" \/>\n<meta property=\"og:url\" content=\"https:\/\/sxflightcase.com\/tr\/urun\/ucus-cantasi-destegi-clb101-2\/\" \/>\n<meta property=\"og:site_name\" content=\"https:\/\/sxflightcase.com\" \/>\n<meta property=\"article:publisher\" content=\"https:\/\/www.facebook.com\/profile.php?id=61560407257971\" \/>\n<meta property=\"article:modified_time\" content=\"2024-08-27T02:54:32+00:00\" \/>\n<meta property=\"og:image\" content=\"https:\/\/sxflightcase.com\/wp-content\/uploads\/2024\/08\/CLB101.jpg\" \/>\n\t<meta property=\"og:image:width\" content=\"520\" \/>\n\t<meta property=\"og:image:height\" content=\"520\" \/>\n\t<meta property=\"og:image:type\" content=\"image\/jpeg\" \/>\n<meta name=\"twitter:card\" content=\"summary_large_image\" \/>\n<meta name=\"twitter:label1\" content=\"Tahmini okuma s\u00fcresi\" \/>\n\t<meta name=\"twitter:data1\" content=\"3 dakika\" \/>\n<script type=\"application\/ld+json\" class=\"yoast-schema-graph\">{\"@context\":\"https:\/\/schema.org\",\"@graph\":[{\"@type\":\"WebPage\",\"@id\":\"https:\/\/sxflightcase.com\/product\/flight-case-brace-clb101\/\",\"url\":\"https:\/\/sxflightcase.com\/product\/flight-case-brace-clb101\/\",\"name\":\"Flight Case Brace CLB101 - https:\/\/sxflightcase.com \ud83d\udc97\",\"isPartOf\":{\"@id\":\"https:\/\/sxflightcase.com\/th\/#website\"},\"primaryImageOfPage\":{\"@id\":\"https:\/\/sxflightcase.com\/product\/flight-case-brace-clb101\/#primaryimage\"},\"image\":{\"@id\":\"https:\/\/sxflightcase.com\/product\/flight-case-brace-clb101\/#primaryimage\"},\"thumbnailUrl\":\"https:\/\/sxflightcase.com\/wp-content\/uploads\/2024\/08\/CLB101.jpg\",\"datePublished\":\"2024-08-27T02:54:31+00:00\",\"dateModified\":\"2024-08-27T02:54:32+00:00\",\"description\":\"Flight case brace, factory direct! High-quality, durable braces designed to reinforce and secure flight case panels and corners. Perfect for ensuring stability and long-lasting protection.\",\"breadcrumb\":{\"@id\":\"https:\/\/sxflightcase.com\/product\/flight-case-brace-clb101\/#breadcrumb\"},\"inLanguage\":\"tr\",\"potentialAction\":[{\"@type\":\"ReadAction\",\"target\":[\"https:\/\/sxflightcase.com\/product\/flight-case-brace-clb101\/\"]}]},{\"@type\":\"ImageObject\",\"inLanguage\":\"tr\",\"@id\":\"https:\/\/sxflightcase.com\/product\/flight-case-brace-clb101\/#primaryimage\",\"url\":\"https:\/\/sxflightcase.com\/wp-content\/uploads\/2024\/08\/CLB101.jpg\",\"contentUrl\":\"https:\/\/sxflightcase.com\/wp-content\/uploads\/2024\/08\/CLB101.jpg\",\"width\":520,\"height\":520,\"caption\":\"Flight Case Brace\"},{\"@type\":\"BreadcrumbList\",\"@id\":\"https:\/\/sxflightcase.com\/product\/flight-case-brace-clb101\/#breadcrumb\",\"itemListElement\":[{\"@type\":\"ListItem\",\"position\":1,\"name\":\"Home\",\"item\":\"https:\/\/sxflightcase.com\/\"},{\"@type\":\"ListItem\",\"position\":2,\"name\":\"\u0e2a\u0e34\u0e19\u0e04\u0e49\u0e32\",\"item\":\"https:\/\/sxflightcase.com\/th\/shop\/\"},{\"@type\":\"ListItem\",\"position\":3,\"name\":\"Flight Case Brace CLB101\"}]},{\"@type\":\"WebSite\",\"@id\":\"https:\/\/sxflightcase.com\/th\/#website\",\"url\":\"https:\/\/sxflightcase.com\/th\/\",\"name\":\"sxpowercase.com\",\"description\":\"Flight Case Factory\",\"publisher\":{\"@id\":\"https:\/\/sxflightcase.com\/th\/#organization\"},\"potentialAction\":[{\"@type\":\"SearchAction\",\"target\":{\"@type\":\"EntryPoint\",\"urlTemplate\":\"https:\/\/sxflightcase.com\/th\/?s={search_term_string}\"},\"query-input\":{\"@type\":\"PropertyValueSpecification\",\"valueRequired\":true,\"valueName\":\"search_term_string\"}}],\"inLanguage\":\"tr\"},{\"@type\":\"Organization\",\"@id\":\"https:\/\/sxflightcase.com\/th\/#organization\",\"name\":\"sxpowercase.com\",\"url\":\"https:\/\/sxflightcase.com\/th\/\",\"logo\":{\"@type\":\"ImageObject\",\"inLanguage\":\"tr\",\"@id\":\"https:\/\/sxflightcase.com\/th\/#\/schema\/logo\/image\/\",\"url\":\"https:\/\/sxflightcase.com\/wp-content\/uploads\/2024\/04\/1713919036007.jpg\",\"contentUrl\":\"https:\/\/sxflightcase.com\/wp-content\/uploads\/2024\/04\/1713919036007.jpg\",\"width\":382,\"height\":388,\"caption\":\"sxpowercase.com\"},\"image\":{\"@id\":\"https:\/\/sxflightcase.com\/th\/#\/schema\/logo\/image\/\"},\"sameAs\":[\"https:\/\/www.facebook.com\/profile.php?id=61560407257971\"],\"numberOfEmployees\":{\"@type\":\"QuantitativeValue\",\"minValue\":\"11\",\"maxValue\":\"50\"}}]}<\/script>\n<!-- \/ Yoast SEO Premium plugin. -->","yoast_head_json":{"title":"Flight Case Brace CLB101 - https:\/\/sxflightcase.com \ud83d\udc97","description":"U\u00e7u\u015f kasas\u0131 deste\u011fi, do\u011frudan fabrika \u00e7\u0131k\u0131\u015f\u0131! U\u00e7u\u015f kasas\u0131 panellerini ve k\u00f6\u015felerini g\u00fc\u00e7lendirmek ve sabitlemek i\u00e7in tasarlanm\u0131\u015f y\u00fcksek kaliteli, dayan\u0131kl\u0131 destekler. Stabilite ve uzun \u00f6m\u00fcrl\u00fc koruma sa\u011flamak i\u00e7in m\u00fckemmeldir.","robots":{"index":"index","follow":"follow","max-snippet":"max-snippet:-1","max-image-preview":"max-image-preview:large","max-video-preview":"max-video-preview:-1"},"canonical":"https:\/\/sxflightcase.com\/tr\/urun\/ucus-cantasi-destegi-clb101-2\/","og_locale":"tr_TR","og_type":"article","og_title":"Flight Case Brace CLB101","og_description":"Flight case brace, factory direct! High-quality, durable braces designed to reinforce and secure flight case panels and corners. Perfect for ensuring stability and long-lasting protection.","og_url":"https:\/\/sxflightcase.com\/tr\/urun\/ucus-cantasi-destegi-clb101-2\/","og_site_name":"https:\/\/sxflightcase.com","article_publisher":"https:\/\/www.facebook.com\/profile.php?id=61560407257971","article_modified_time":"2024-08-27T02:54:32+00:00","og_image":[{"width":520,"height":520,"url":"https:\/\/sxflightcase.com\/wp-content\/uploads\/2024\/08\/CLB101.jpg","type":"image\/jpeg"}],"twitter_card":"summary_large_image","twitter_misc":{"Tahmini okuma s\u00fcresi":"3 dakika"},"schema":{"@context":"https:\/\/schema.org","@graph":[{"@type":"WebPage","@id":"https:\/\/sxflightcase.com\/product\/flight-case-brace-clb101\/","url":"https:\/\/sxflightcase.com\/product\/flight-case-brace-clb101\/","name":"Flight Case Brace CLB101 - https:\/\/sxflightcase.com \ud83d\udc97","isPartOf":{"@id":"https:\/\/sxflightcase.com\/th\/#website"},"primaryImageOfPage":{"@id":"https:\/\/sxflightcase.com\/product\/flight-case-brace-clb101\/#primaryimage"},"image":{"@id":"https:\/\/sxflightcase.com\/product\/flight-case-brace-clb101\/#primaryimage"},"thumbnailUrl":"https:\/\/sxflightcase.com\/wp-content\/uploads\/2024\/08\/CLB101.jpg","datePublished":"2024-08-27T02:54:31+00:00","dateModified":"2024-08-27T02:54:32+00:00","description":"U\u00e7u\u015f kasas\u0131 deste\u011fi, do\u011frudan fabrika \u00e7\u0131k\u0131\u015f\u0131! U\u00e7u\u015f kasas\u0131 panellerini ve k\u00f6\u015felerini g\u00fc\u00e7lendirmek ve sabitlemek i\u00e7in tasarlanm\u0131\u015f y\u00fcksek kaliteli, dayan\u0131kl\u0131 destekler. Stabilite ve uzun \u00f6m\u00fcrl\u00fc koruma sa\u011flamak i\u00e7in m\u00fckemmeldir.","breadcrumb":{"@id":"https:\/\/sxflightcase.com\/product\/flight-case-brace-clb101\/#breadcrumb"},"inLanguage":"tr","potentialAction":[{"@type":"ReadAction","target":["https:\/\/sxflightcase.com\/product\/flight-case-brace-clb101\/"]}]},{"@type":"ImageObject","inLanguage":"tr","@id":"https:\/\/sxflightcase.com\/product\/flight-case-brace-clb101\/#primaryimage","url":"https:\/\/sxflightcase.com\/wp-content\/uploads\/2024\/08\/CLB101.jpg","contentUrl":"https:\/\/sxflightcase.com\/wp-content\/uploads\/2024\/08\/CLB101.jpg","width":520,"height":520,"caption":"Flight Case Brace"},{"@type":"BreadcrumbList","@id":"https:\/\/sxflightcase.com\/product\/flight-case-brace-clb101\/#breadcrumb","itemListElement":[{"@type":"ListItem","position":1,"name":"Home","item":"https:\/\/sxflightcase.com\/"},{"@type":"ListItem","position":2,"name":"\u0e2a\u0e34\u0e19\u0e04\u0e49\u0e32","item":"https:\/\/sxflightcase.com\/th\/shop\/"},{"@type":"ListItem","position":3,"name":"Flight Case Brace CLB101"}]},{"@type":"WebSite","@id":"https:\/\/sxflightcase.com\/th\/#website","url":"https:\/\/sxflightcase.com\/th\/","name":"sxpowercase.com","description":"U\u00e7u\u015f \u00c7antas\u0131 Fabrikas\u0131","publisher":{"@id":"https:\/\/sxflightcase.com\/th\/#organization"},"potentialAction":[{"@type":"SearchAction","target":{"@type":"EntryPoint","urlTemplate":"https:\/\/sxflightcase.com\/th\/?s={search_term_string}"},"query-input":{"@type":"PropertyValueSpecification","valueRequired":true,"valueName":"search_term_string"}}],"inLanguage":"tr"},{"@type":"Organization","@id":"https:\/\/sxflightcase.com\/th\/#organization","name":"sxpowercase.com","url":"https:\/\/sxflightcase.com\/th\/","logo":{"@type":"ImageObject","inLanguage":"tr","@id":"https:\/\/sxflightcase.com\/th\/#\/schema\/logo\/image\/","url":"https:\/\/sxflightcase.com\/wp-content\/uploads\/2024\/04\/1713919036007.jpg","contentUrl":"https:\/\/sxflightcase.com\/wp-content\/uploads\/2024\/04\/1713919036007.jpg","width":382,"height":388,"caption":"sxpowercase.com"},"image":{"@id":"https:\/\/sxflightcase.com\/th\/#\/schema\/logo\/image\/"},"sameAs":["https:\/\/www.facebook.com\/profile.php?id=61560407257971"],"numberOfEmployees":{"@type":"QuantitativeValue","minValue":"11","maxValue":"50"}}]}},"_links":{"self":[{"href":"https:\/\/sxflightcase.com\/tr\/wp-json\/wp\/v2\/product\/4226","targetHints":{"allow":["GET"]}}],"collection":[{"href":"https:\/\/sxflightcase.com\/tr\/wp-json\/wp\/v2\/product"}],"about":[{"href":"https:\/\/sxflightcase.com\/tr\/wp-json\/wp\/v2\/types\/product"}],"replies":[{"embeddable":true,"href":"https:\/\/sxflightcase.com\/tr\/wp-json\/wp\/v2\/comments?post=4226"}],"version-history":[{"count":0,"href":"https:\/\/sxflightcase.com\/tr\/wp-json\/wp\/v2\/product\/4226\/revisions"}],"wp:featuredmedia":[{"embeddable":true,"href":"https:\/\/sxflightcase.com\/tr\/wp-json\/wp\/v2\/media\/4190"}],"wp:attachment":[{"href":"https:\/\/sxflightcase.com\/tr\/wp-json\/wp\/v2\/media?parent=4226"}],"wp:term":[{"taxonomy":"product_brand","embeddable":true,"href":"https:\/\/sxflightcase.com\/tr\/wp-json\/wp\/v2\/product_brand?post=4226"},{"taxonomy":"product_cat","embeddable":true,"href":"https:\/\/sxflightcase.com\/tr\/wp-json\/wp\/v2\/product_cat?post=4226"},{"taxonomy":"product_tag","embeddable":true,"href":"https:\/\/sxflightcase.com\/tr\/wp-json\/wp\/v2\/product_tag?post=4226"}],"curies":[{"name":"wp","href":"https:\/\/api.w.org\/{rel}","templated":true}]}}