{"id":4232,"date":"2024-09-02T07:23:24","date_gmt":"2024-09-02T06:23:24","guid":{"rendered":"https:\/\/sxpowercase.com\/?post_type=product&#038;p=4232"},"modified":"2024-09-02T07:23:35","modified_gmt":"2024-09-02T06:23:35","slug":"road-case-brace","status":"publish","type":"product","link":"https:\/\/sxflightcase.com\/tr\/urun\/yol-kasasi-destegi\/","title":{"rendered":"Yol \u00c7antas\u0131 Deste\u011fi CLB103"},"content":{"rendered":"<h3>SX Yol \u00c7antas\u0131 Deste\u011fi ile Yol \u00c7antalar\u0131n\u0131z\u0131 G\u00fc\u00e7lendirin<\/h3>\n<p>De\u011ferli ekipmanlar\u0131n\u0131z\u0131 ta\u015f\u0131rken, en son isteyece\u011finiz \u015fey yetersiz koruma nedeniyle hasar g\u00f6rmesidir. SX, a\u015fa\u011f\u0131daki \u00fcr\u00fcnlerimizle dayan\u0131kl\u0131 ve uygun maliyetli bir \u00e7\u00f6z\u00fcm sunar <a href=\"https:\/\/sxpowercase.com\/product\/flight-case-brace-clb102\/\"><strong>Yol \u00c7antas\u0131 Deste\u011fi<\/strong><\/a>Yol \u00e7antalar\u0131n\u0131za ek takviye sa\u011flamak i\u00e7in tasarlanm\u0131\u015ft\u0131r. SX olarak, yat\u0131r\u0131m\u0131n\u0131z\u0131n kar\u015f\u0131l\u0131\u011f\u0131n\u0131 en iyi \u015fekilde alman\u0131z\u0131 sa\u011flamak i\u00e7in fabrika \u00e7\u0131k\u0131\u015f fiyatlar\u0131yla kalite ve g\u00fcvenilirlik sunmaya inan\u0131yoruz.<\/p>\n<h3>Uzun \u00d6m\u00fcrl\u00fc Dayan\u0131kl\u0131l\u0131k<\/h3>\n<p>The <strong>Yol \u00c7antas\u0131 Deste\u011fi<\/strong> itibaren <a title=\"SX\" href=\"https:\/\/sxpowercase.com\/\" target=\"_blank\" rel=\"noopener\" data-wpil-monitor-id=\"704\">SX<\/a> seyahatin zorluklar\u0131na dayanabilecek y\u00fcksek kaliteli malzemelerden \u00fcretilmi\u015ftir. \u00c7antalar\u0131n\u0131z ister s\u0131k kullan\u0131ma ister uzun mesafeli ta\u015f\u0131maya maruz kals\u0131n, desteklerimiz yol \u00e7antalar\u0131n\u0131z\u0131n sa\u011flam ve g\u00fcvenli kalmas\u0131n\u0131 sa\u011flar. Desteklerimizin g\u00fcc\u00fc ve dayan\u0131kl\u0131l\u0131\u011f\u0131, ekipman\u0131n\u0131z\u0131n en zorlu ko\u015fullarda bile korundu\u011funu bilerek i\u00e7inizin rahat olmas\u0131n\u0131 sa\u011flar. Kaliteden \u00f6d\u00fcn vermeden uzun \u00f6m\u00fcrl\u00fc \u00fcr\u00fcnler sunmak i\u00e7in SX'e g\u00fcvenin.<\/p>\n<h3>Fabrika Do\u011frudan Fiyatlar\u0131yla Kalite G\u00fcvencesi<\/h3>\n<p>SX, y\u00fcksek kaliteli \u00fcr\u00fcnleri do\u011frudan fabrikadan temin etmeyi taahh\u00fct eder. Bu, \u00fcr\u00fcnlerinizin kalitesinden \u00f6d\u00fcn vermeden \u00f6nemli maliyet tasarruflar\u0131ndan yararlanaca\u011f\u0131n\u0131z anlam\u0131na gelir. <strong>Yol \u00c7antas\u0131 Deste\u011fi<\/strong>. Do\u011frudan fabrika yakla\u015f\u0131m\u0131m\u0131z, her deste\u011fin y\u00fcksek standartlar\u0131m\u0131z\u0131 kar\u015f\u0131lamas\u0131n\u0131 sa\u011flayarak s\u0131k\u0131 kalite kontrollerini s\u00fcrd\u00fcrmemize olanak tan\u0131r. Yol \u00e7antalar\u0131n\u0131z\u0131n ihtiya\u00e7 duydu\u011fu takviyeyi almak i\u00e7in fazla harcama yapmak zorunda de\u011filsiniz; SX, \u00fcst d\u00fczey korumay\u0131 uygun fiyatl\u0131 hale getirir.<\/p>\n<h3>\u0130htiya\u00e7lar\u0131n\u0131za G\u00f6re Tasarlanm\u0131\u015f<\/h3>\n<p>Her yol durumu farkl\u0131d\u0131r ve SX olarak esneklik ihtiyac\u0131n\u0131n fark\u0131nday\u0131z. \u0130\u015fte bu y\u00fczden <strong>Yol \u00c7antas\u0131 Deste\u011fi<\/strong> \u00e7e\u015fitli boyutlarda ve konfig\u00fcrasyonlarda mevcuttur ve gereksinimlerinize en uygun se\u00e7ene\u011fi se\u00e7menize olanak tan\u0131r. \u0130ster standart bir deste\u011fe ister \u00f6zelle\u015ftirilmi\u015f bir \u00e7\u00f6z\u00fcme ihtiyac\u0131n\u0131z olsun, SX \u00f6zel ihtiya\u00e7lar\u0131n\u0131z\u0131 kar\u015f\u0131layacak se\u00e7enekleri rekabet\u00e7i fiyatlarla sunar. Amac\u0131m\u0131z beklentilerinizi kar\u015f\u0131lamakla kalmay\u0131p a\u015fan \u00fcr\u00fcnler sunmakt\u0131r.<\/p>\n<h3>Profesyoneller Taraf\u0131ndan G\u00fcvenilen<\/h3>\n<p>SX, ekipmanlar\u0131n\u0131n iyi korunmas\u0131na g\u00fcvenen profesyoneller aras\u0131nda g\u00fcvenilir bir isim haline gelmi\u015ftir. Bizim <strong>Yol \u00c7antas\u0131 Deste\u011fi<\/strong> sa\u011flaml\u0131\u011f\u0131 ve g\u00fcvenilirli\u011fi nedeniyle e\u011flence, yay\u0131nc\u0131l\u0131k ve etkinlik sekt\u00f6rlerinde \u00e7al\u0131\u015fanlar taraf\u0131ndan tercih edilmektedir. SX'i se\u00e7ti\u011finizde, ekipman\u0131n\u0131z\u0131 ta\u015f\u0131ma s\u0131ras\u0131nda g\u00fcvenli ve sa\u011flam tutman\u0131n \u00f6nemini anlayan bir marka se\u00e7mi\u015f olursunuz.<\/p>\n<h3>Neden SX&#039;i Se\u00e7melisiniz?<\/h3>\n<p>SX olarak kalite, uygun fiyat ve kullan\u0131m kolayl\u0131\u011f\u0131n\u0131 bir araya getiriyoruz. <strong>Yol \u00c7antas\u0131 Deste\u011fi<\/strong>. Do\u011frudan fabrika sat\u0131\u015flar\u0131na olan ba\u011fl\u0131l\u0131\u011f\u0131m\u0131z, titiz kalite g\u00fcvence s\u00fcre\u00e7lerimizden yararlan\u0131rken d\u00fc\u015f\u00fck fiyata y\u00fcksek kaliteli bir \u00fcr\u00fcn alman\u0131z anlam\u0131na gelir. Yol \u00e7antalar\u0131n\u0131z\u0131 g\u00fc\u00e7lendirmek s\u00f6z konusu oldu\u011funda SX, mant\u0131kl\u0131 bir fiyata en iyisini talep eden profesyoneller i\u00e7in ak\u0131ll\u0131 bir se\u00e7imdir. Ekipman\u0131n\u0131z\u0131 SX ile koruyun ve kalitenin yaratt\u0131\u011f\u0131 fark\u0131 deneyimleyin.<\/p>\n<p>Hemen \u0130leti\u015fime Ge\u00e7in:<span style=\"color: #0000ff;\"><a style=\"color: #0000ff;\" href=\"https:\/\/sxpowercase.com\/contact-us\/\">https:\/\/sxpowercase.com\/<\/a><\/span><\/p>\n<p>Donan\u0131m \u00dcr\u00fcn Katalo\u011fu\uff1a<span style=\"color: #3366ff;\"><a style=\"color: #3366ff;\" href=\"https:\/\/sxpowercase.com\/wp-content\/uploads\/2024\/07\/\u4e94\u91d1.pdf\">Donan\u0131m aksesuarlar\u0131 katalo\u011fu<\/a><\/span><\/p>","protected":false},"excerpt":{"rendered":"<div class=\"flex max-w-full flex-col flex-grow\">\n<div class=\"min-h-[20px] text-message flex w-full flex-col items-end gap-2 break-words [.text-message+&amp;]:mt-5 overflow-x-auto whitespace-normal\" dir=\"auto\" data-message-author-role=\"assistant\" data-message-id=\"60de0853-cc30-4040-89ae-7656540583ea\">\n<div class=\"flex w-full flex-col gap-1 empty:hidden first:pt-[3px]\">\n<div class=\"markdown prose w-full break-words dark:prose-invert light\">\n<h3>SX Road Case Brace: Affordable, Durable Protection<\/h3>\n<p>Ensure your road cases are secure with SX\u2019s high-grade braces, designed to withstand the toughest travel conditions. Quality and durability at factory-direct prices.<\/p>\n<h3>Reinforce Your Road Cases with SX Braces<\/h3>\n<p>SX offers robust, reliable road case braces that protect your valuable gear during transport. Benefit from customizable options and unbeatable value.<\/p>\n<h3>Trusted by Professionals: SX Road Case Brace<\/h3>\n<p>Favored by industry experts, SX\u2019s Road Case Brace provides top-tier reinforcement at low costs. Choose SX for dependable protection and peace of mind.<\/p>\n<\/div>\n<\/div>\n<\/div>\n<\/div>\n","protected":false},"featured_media":4192,"comment_status":"open","ping_status":"closed","template":"","meta":[],"product_brand":[],"product_cat":[64],"product_tag":[],"class_list":{"0":"post-4232","1":"product","2":"type-product","3":"status-publish","4":"has-post-thumbnail","6":"product_cat-clamps","8":"first","9":"instock","10":"shipping-taxable","11":"product-type-simple"},"yoast_head":"<!-- This site is optimized with the Yoast SEO Premium plugin v27.1 (Yoast SEO v27.2) - https:\/\/yoast.com\/product\/yoast-seo-premium-wordpress\/ -->\n<title>Road Case Brace CLB103 - https:\/\/sxflightcase.com \ud83d\udc97<\/title>\n<meta name=\"description\" content=\"Road case brace, factory direct! High-quality, durable braces designed to reinforce and secure road case panels and corners. Ideal for ensuring stability and protection during heavy-duty transport.\" \/>\n<meta name=\"robots\" content=\"index, follow, max-snippet:-1, max-image-preview:large, max-video-preview:-1\" \/>\n<link rel=\"canonical\" href=\"https:\/\/sxflightcase.com\/tr\/urun\/yol-kasasi-destegi\/\" \/>\n<meta property=\"og:locale\" content=\"tr_TR\" \/>\n<meta property=\"og:type\" content=\"article\" \/>\n<meta property=\"og:title\" content=\"Road Case Brace CLB103\" \/>\n<meta property=\"og:description\" content=\"Road case brace, factory direct! High-quality, durable braces designed to reinforce and secure road case panels and corners. Ideal for ensuring stability and protection during heavy-duty transport.\" \/>\n<meta property=\"og:url\" content=\"https:\/\/sxflightcase.com\/tr\/urun\/yol-kasasi-destegi\/\" \/>\n<meta property=\"og:site_name\" content=\"https:\/\/sxflightcase.com\" \/>\n<meta property=\"article:publisher\" content=\"https:\/\/www.facebook.com\/profile.php?id=61560407257971\" \/>\n<meta property=\"article:modified_time\" content=\"2024-09-02T06:23:35+00:00\" \/>\n<meta property=\"og:image\" content=\"https:\/\/sxflightcase.com\/wp-content\/uploads\/2024\/08\/CLB103.jpg\" \/>\n\t<meta property=\"og:image:width\" content=\"700\" \/>\n\t<meta property=\"og:image:height\" content=\"700\" \/>\n\t<meta property=\"og:image:type\" content=\"image\/jpeg\" \/>\n<meta name=\"twitter:card\" content=\"summary_large_image\" \/>\n<meta name=\"twitter:label1\" content=\"Tahmini okuma s\u00fcresi\" \/>\n\t<meta name=\"twitter:data1\" content=\"3 dakika\" \/>\n<script type=\"application\/ld+json\" class=\"yoast-schema-graph\">{\"@context\":\"https:\/\/schema.org\",\"@graph\":[{\"@type\":\"WebPage\",\"@id\":\"https:\/\/sxflightcase.com\/product\/road-case-brace\/\",\"url\":\"https:\/\/sxflightcase.com\/product\/road-case-brace\/\",\"name\":\"Road Case Brace CLB103 - https:\/\/sxflightcase.com \ud83d\udc97\",\"isPartOf\":{\"@id\":\"https:\/\/sxflightcase.com\/th\/#website\"},\"primaryImageOfPage\":{\"@id\":\"https:\/\/sxflightcase.com\/product\/road-case-brace\/#primaryimage\"},\"image\":{\"@id\":\"https:\/\/sxflightcase.com\/product\/road-case-brace\/#primaryimage\"},\"thumbnailUrl\":\"https:\/\/sxflightcase.com\/wp-content\/uploads\/2024\/08\/CLB103.jpg\",\"datePublished\":\"2024-09-02T06:23:24+00:00\",\"dateModified\":\"2024-09-02T06:23:35+00:00\",\"description\":\"Road case brace, factory direct! High-quality, durable braces designed to reinforce and secure road case panels and corners. Ideal for ensuring stability and protection during heavy-duty transport.\",\"breadcrumb\":{\"@id\":\"https:\/\/sxflightcase.com\/product\/road-case-brace\/#breadcrumb\"},\"inLanguage\":\"tr\",\"potentialAction\":[{\"@type\":\"ReadAction\",\"target\":[\"https:\/\/sxflightcase.com\/product\/road-case-brace\/\"]}]},{\"@type\":\"ImageObject\",\"inLanguage\":\"tr\",\"@id\":\"https:\/\/sxflightcase.com\/product\/road-case-brace\/#primaryimage\",\"url\":\"https:\/\/sxflightcase.com\/wp-content\/uploads\/2024\/08\/CLB103.jpg\",\"contentUrl\":\"https:\/\/sxflightcase.com\/wp-content\/uploads\/2024\/08\/CLB103.jpg\",\"width\":700,\"height\":700,\"caption\":\"Road Case Brace\"},{\"@type\":\"BreadcrumbList\",\"@id\":\"https:\/\/sxflightcase.com\/product\/road-case-brace\/#breadcrumb\",\"itemListElement\":[{\"@type\":\"ListItem\",\"position\":1,\"name\":\"Home\",\"item\":\"https:\/\/sxflightcase.com\/\"},{\"@type\":\"ListItem\",\"position\":2,\"name\":\"\u0e2a\u0e34\u0e19\u0e04\u0e49\u0e32\",\"item\":\"https:\/\/sxflightcase.com\/th\/shop\/\"},{\"@type\":\"ListItem\",\"position\":3,\"name\":\"Road Case Brace CLB103\"}]},{\"@type\":\"WebSite\",\"@id\":\"https:\/\/sxflightcase.com\/th\/#website\",\"url\":\"https:\/\/sxflightcase.com\/th\/\",\"name\":\"sxpowercase.com\",\"description\":\"Flight Case Factory\",\"publisher\":{\"@id\":\"https:\/\/sxflightcase.com\/th\/#organization\"},\"potentialAction\":[{\"@type\":\"SearchAction\",\"target\":{\"@type\":\"EntryPoint\",\"urlTemplate\":\"https:\/\/sxflightcase.com\/th\/?s={search_term_string}\"},\"query-input\":{\"@type\":\"PropertyValueSpecification\",\"valueRequired\":true,\"valueName\":\"search_term_string\"}}],\"inLanguage\":\"tr\"},{\"@type\":\"Organization\",\"@id\":\"https:\/\/sxflightcase.com\/th\/#organization\",\"name\":\"sxpowercase.com\",\"url\":\"https:\/\/sxflightcase.com\/th\/\",\"logo\":{\"@type\":\"ImageObject\",\"inLanguage\":\"tr\",\"@id\":\"https:\/\/sxflightcase.com\/th\/#\/schema\/logo\/image\/\",\"url\":\"https:\/\/sxflightcase.com\/wp-content\/uploads\/2024\/04\/1713919036007.jpg\",\"contentUrl\":\"https:\/\/sxflightcase.com\/wp-content\/uploads\/2024\/04\/1713919036007.jpg\",\"width\":382,\"height\":388,\"caption\":\"sxpowercase.com\"},\"image\":{\"@id\":\"https:\/\/sxflightcase.com\/th\/#\/schema\/logo\/image\/\"},\"sameAs\":[\"https:\/\/www.facebook.com\/profile.php?id=61560407257971\"],\"numberOfEmployees\":{\"@type\":\"QuantitativeValue\",\"minValue\":\"11\",\"maxValue\":\"50\"}}]}<\/script>\n<!-- \/ Yoast SEO Premium plugin. -->","yoast_head_json":{"title":"Road Case Brace CLB103 - https:\/\/sxflightcase.com \ud83d\udc97","description":"Yol kasas\u0131 deste\u011fi, do\u011frudan fabrika \u00e7\u0131k\u0131\u015f\u0131! Yol kasas\u0131 panellerini ve k\u00f6\u015felerini g\u00fc\u00e7lendirmek ve sabitlemek i\u00e7in tasarlanm\u0131\u015f y\u00fcksek kaliteli, dayan\u0131kl\u0131 destekler. A\u011f\u0131r hizmet ta\u015f\u0131mac\u0131l\u0131\u011f\u0131 s\u0131ras\u0131nda denge ve koruma sa\u011flamak i\u00e7in idealdir.","robots":{"index":"index","follow":"follow","max-snippet":"max-snippet:-1","max-image-preview":"max-image-preview:large","max-video-preview":"max-video-preview:-1"},"canonical":"https:\/\/sxflightcase.com\/tr\/urun\/yol-kasasi-destegi\/","og_locale":"tr_TR","og_type":"article","og_title":"Road Case Brace CLB103","og_description":"Road case brace, factory direct! High-quality, durable braces designed to reinforce and secure road case panels and corners. Ideal for ensuring stability and protection during heavy-duty transport.","og_url":"https:\/\/sxflightcase.com\/tr\/urun\/yol-kasasi-destegi\/","og_site_name":"https:\/\/sxflightcase.com","article_publisher":"https:\/\/www.facebook.com\/profile.php?id=61560407257971","article_modified_time":"2024-09-02T06:23:35+00:00","og_image":[{"width":700,"height":700,"url":"https:\/\/sxflightcase.com\/wp-content\/uploads\/2024\/08\/CLB103.jpg","type":"image\/jpeg"}],"twitter_card":"summary_large_image","twitter_misc":{"Tahmini okuma s\u00fcresi":"3 dakika"},"schema":{"@context":"https:\/\/schema.org","@graph":[{"@type":"WebPage","@id":"https:\/\/sxflightcase.com\/product\/road-case-brace\/","url":"https:\/\/sxflightcase.com\/product\/road-case-brace\/","name":"Road Case Brace CLB103 - https:\/\/sxflightcase.com \ud83d\udc97","isPartOf":{"@id":"https:\/\/sxflightcase.com\/th\/#website"},"primaryImageOfPage":{"@id":"https:\/\/sxflightcase.com\/product\/road-case-brace\/#primaryimage"},"image":{"@id":"https:\/\/sxflightcase.com\/product\/road-case-brace\/#primaryimage"},"thumbnailUrl":"https:\/\/sxflightcase.com\/wp-content\/uploads\/2024\/08\/CLB103.jpg","datePublished":"2024-09-02T06:23:24+00:00","dateModified":"2024-09-02T06:23:35+00:00","description":"Yol kasas\u0131 deste\u011fi, do\u011frudan fabrika \u00e7\u0131k\u0131\u015f\u0131! Yol kasas\u0131 panellerini ve k\u00f6\u015felerini g\u00fc\u00e7lendirmek ve sabitlemek i\u00e7in tasarlanm\u0131\u015f y\u00fcksek kaliteli, dayan\u0131kl\u0131 destekler. A\u011f\u0131r hizmet ta\u015f\u0131mac\u0131l\u0131\u011f\u0131 s\u0131ras\u0131nda denge ve koruma sa\u011flamak i\u00e7in idealdir.","breadcrumb":{"@id":"https:\/\/sxflightcase.com\/product\/road-case-brace\/#breadcrumb"},"inLanguage":"tr","potentialAction":[{"@type":"ReadAction","target":["https:\/\/sxflightcase.com\/product\/road-case-brace\/"]}]},{"@type":"ImageObject","inLanguage":"tr","@id":"https:\/\/sxflightcase.com\/product\/road-case-brace\/#primaryimage","url":"https:\/\/sxflightcase.com\/wp-content\/uploads\/2024\/08\/CLB103.jpg","contentUrl":"https:\/\/sxflightcase.com\/wp-content\/uploads\/2024\/08\/CLB103.jpg","width":700,"height":700,"caption":"Road Case Brace"},{"@type":"BreadcrumbList","@id":"https:\/\/sxflightcase.com\/product\/road-case-brace\/#breadcrumb","itemListElement":[{"@type":"ListItem","position":1,"name":"Home","item":"https:\/\/sxflightcase.com\/"},{"@type":"ListItem","position":2,"name":"\u0e2a\u0e34\u0e19\u0e04\u0e49\u0e32","item":"https:\/\/sxflightcase.com\/th\/shop\/"},{"@type":"ListItem","position":3,"name":"Road Case Brace CLB103"}]},{"@type":"WebSite","@id":"https:\/\/sxflightcase.com\/th\/#website","url":"https:\/\/sxflightcase.com\/th\/","name":"sxpowercase.com","description":"U\u00e7u\u015f \u00c7antas\u0131 Fabrikas\u0131","publisher":{"@id":"https:\/\/sxflightcase.com\/th\/#organization"},"potentialAction":[{"@type":"SearchAction","target":{"@type":"EntryPoint","urlTemplate":"https:\/\/sxflightcase.com\/th\/?s={search_term_string}"},"query-input":{"@type":"PropertyValueSpecification","valueRequired":true,"valueName":"search_term_string"}}],"inLanguage":"tr"},{"@type":"Organization","@id":"https:\/\/sxflightcase.com\/th\/#organization","name":"sxpowercase.com","url":"https:\/\/sxflightcase.com\/th\/","logo":{"@type":"ImageObject","inLanguage":"tr","@id":"https:\/\/sxflightcase.com\/th\/#\/schema\/logo\/image\/","url":"https:\/\/sxflightcase.com\/wp-content\/uploads\/2024\/04\/1713919036007.jpg","contentUrl":"https:\/\/sxflightcase.com\/wp-content\/uploads\/2024\/04\/1713919036007.jpg","width":382,"height":388,"caption":"sxpowercase.com"},"image":{"@id":"https:\/\/sxflightcase.com\/th\/#\/schema\/logo\/image\/"},"sameAs":["https:\/\/www.facebook.com\/profile.php?id=61560407257971"],"numberOfEmployees":{"@type":"QuantitativeValue","minValue":"11","maxValue":"50"}}]}},"_links":{"self":[{"href":"https:\/\/sxflightcase.com\/tr\/wp-json\/wp\/v2\/product\/4232","targetHints":{"allow":["GET"]}}],"collection":[{"href":"https:\/\/sxflightcase.com\/tr\/wp-json\/wp\/v2\/product"}],"about":[{"href":"https:\/\/sxflightcase.com\/tr\/wp-json\/wp\/v2\/types\/product"}],"replies":[{"embeddable":true,"href":"https:\/\/sxflightcase.com\/tr\/wp-json\/wp\/v2\/comments?post=4232"}],"version-history":[{"count":0,"href":"https:\/\/sxflightcase.com\/tr\/wp-json\/wp\/v2\/product\/4232\/revisions"}],"wp:featuredmedia":[{"embeddable":true,"href":"https:\/\/sxflightcase.com\/tr\/wp-json\/wp\/v2\/media\/4192"}],"wp:attachment":[{"href":"https:\/\/sxflightcase.com\/tr\/wp-json\/wp\/v2\/media?parent=4232"}],"wp:term":[{"taxonomy":"product_brand","embeddable":true,"href":"https:\/\/sxflightcase.com\/tr\/wp-json\/wp\/v2\/product_brand?post=4232"},{"taxonomy":"product_cat","embeddable":true,"href":"https:\/\/sxflightcase.com\/tr\/wp-json\/wp\/v2\/product_cat?post=4232"},{"taxonomy":"product_tag","embeddable":true,"href":"https:\/\/sxflightcase.com\/tr\/wp-json\/wp\/v2\/product_tag?post=4232"}],"curies":[{"name":"wp","href":"https:\/\/api.w.org\/{rel}","templated":true}]}}