{"id":4233,"date":"2024-09-02T07:27:59","date_gmt":"2024-09-02T06:27:59","guid":{"rendered":"https:\/\/sxpowercase.com\/?post_type=product&#038;p=4233"},"modified":"2024-09-02T07:28:00","modified_gmt":"2024-09-02T06:28:00","slug":"road-case-brace-clb201","status":"publish","type":"product","link":"https:\/\/sxflightcase.com\/tr\/urun\/yol-cantasi-destegi-clb201\/","title":{"rendered":"Yol \u00c7antas\u0131 Deste\u011fi CLB201"},"content":{"rendered":"<h3>SX Yol \u00c7antas\u0131 Deste\u011fi ile Dayan\u0131kl\u0131l\u0131\u011f\u0131 Art\u0131r\u0131n<\/h3>\n<p>S\u00f6z konusu de\u011ferli ekipman\u0131n\u0131z\u0131 korumak oldu\u011funda, sa\u011flam bir yol \u00e7antas\u0131n\u0131n \u00f6nemi yads\u0131namaz. Bu <a href=\"https:\/\/sxpowercase.com\/product\/road-case-brace\/\"><strong>Yol \u00c7antas\u0131 Deste\u011fi<\/strong><\/a> SX, ekipman\u0131n\u0131z\u0131n g\u00fcvende kalmas\u0131n\u0131 ve korunmas\u0131n\u0131 sa\u011flamak i\u00e7in ek g\u00fc\u00e7lendirme sa\u011flamak \u00fczere tasarlanm\u0131\u015ft\u0131r. SX'te kaliteyi uygun fiyatla birle\u015ftiriyor, en y\u00fcksek standartlar\u0131 kar\u015f\u0131layan \u00fcr\u00fcnleri fabrika do\u011frudan fiyatlar\u0131yla sunuyoruz.<\/p>\n<h3>Uzun \u00d6m\u00fcrl\u00fc Olmak \u0130\u00e7in \u00dcretildi<\/h3>\n<p>The <strong>Yol \u00c7antas\u0131 Deste\u011fi<\/strong> itibaren <a href=\"https:\/\/sxpowercase.com\/\" target=\"_blank\" rel=\"noopener\" title=\"SX\" data-wpil-monitor-id=\"705\">SX<\/a> s\u0131k seyahatin zorluklar\u0131na dayanabilecek y\u00fcksek kaliteli malzemeler kullan\u0131larak \u00fcretilmi\u015ftir. Ekipman\u0131n\u0131z\u0131 ister \u015fehir ister \u00fclke i\u00e7inde ta\u015f\u0131yor olun, bu destek yol \u00e7antalar\u0131n\u0131za \u00f6nemli bir dayan\u0131kl\u0131l\u0131k katarak ekipman\u0131n\u0131z\u0131 her yolculukta sa\u011flam tutar.<\/p>\n<h3>Fabrika Do\u011frudan Fiyatland\u0131rmas\u0131<\/h3>\n<p>Do\u011frudan fabrikam\u0131zdan tedarik ederek, SX size birinci s\u0131n\u0131f \u00fcr\u00fcnler sunabilir <strong>Yol \u00c7antas\u0131 Destekleri<\/strong> rakipsiz fiyatlarla. Y\u00fcksek kaliteli koruman\u0131n y\u00fcksek bir fiyat etiketi ile gelmemesi gerekti\u011fine inan\u0131yoruz. SX ile kaliteden \u00f6d\u00fcn vermeden paran\u0131z\u0131n kar\u015f\u0131l\u0131\u011f\u0131n\u0131 en iyi \u015fekilde al\u0131rs\u0131n\u0131z.<\/p>\n<h3>Kolay Kurulum<\/h3>\n<p>The <strong>Yol \u00c7antas\u0131 Deste\u011fi<\/strong> kolay kurulum i\u00e7in tasarlanm\u0131\u015ft\u0131r ve mevcut kasalar\u0131n\u0131za sorunsuz bir \u015fekilde uyar. Bu kullan\u0131c\u0131 dostu \u00f6zellik, kasalar\u0131n\u0131z\u0131 zahmetsizce h\u0131zl\u0131 bir \u015fekilde y\u00fckseltebilmenizi sa\u011flayarak karma\u015f\u0131k montaj yerine i\u015finize odaklanman\u0131z i\u00e7in size daha fazla zaman kazand\u0131r\u0131r.<\/p>\n<h3>G\u00fcvenilir Performans<\/h3>\n<p>SX, g\u00fcvenilir performans sunan \u00fcr\u00fcnler sa\u011flamay\u0131 taahh\u00fct eder. Bizim <strong>Yol \u00c7antas\u0131 Deste\u011fi<\/strong> tutarl\u0131 bir \u015fekilde koruma ve stabilite sa\u011flama yetene\u011fi nedeniyle \u00e7e\u015fitli sekt\u00f6rlerdeki profesyoneller taraf\u0131ndan g\u00fcvenilmektedir. \u0130\u015finiz sizi nereye g\u00f6t\u00fcr\u00fcrse g\u00f6t\u00fcrs\u00fcn, ekipman\u0131n\u0131z\u0131 g\u00fcvende tutmak i\u00e7in SX'e g\u00fcvenebilirsiniz.<\/p>\n<h3>\u00d6zelle\u015ftirme Se\u00e7enekleri<\/h3>\n<p>Her vakan\u0131n kendine \u00f6zg\u00fc oldu\u011funun bilincinde olan SX, \u00e7e\u015fitli <strong>Yol \u00c7antas\u0131 Destekleri<\/strong> farkl\u0131 ihtiya\u00e7lar\u0131 kar\u015f\u0131lamak i\u00e7in. \u0130ster belirli bir boyuta ister \u00f6zel ba\u011flant\u0131 par\u00e7alar\u0131na ihtiyac\u0131n\u0131z olsun, rekabet\u00e7i fiyatland\u0131rmay\u0131 korurken tam gereksinimlerinizi kar\u015f\u0131layan \u00e7\u00f6z\u00fcmler sunuyoruz.<\/p>\n<h3>Kalite i\u00e7in SX'i se\u00e7in<\/h3>\n<p>SX kendini g\u00fc\u00e7, uygun fiyat ve kullan\u0131m kolayl\u0131\u011f\u0131n\u0131 bir araya getiren \u00fcr\u00fcnler sunmaya adam\u0131\u015ft\u0131r. \u00dcr\u00fcnlerimiz <strong>Yol \u00c7antas\u0131 Deste\u011fi<\/strong> ekipman\u0131n\u0131z\u0131n korumas\u0131n\u0131 art\u0131rman\u0131n g\u00fcvenilir bir yolunu sunarak bu taahh\u00fcd\u00fc \u00f6rneklemektedir. Fabrikadan do\u011frudan fiyatland\u0131rmam\u0131z sayesinde, maliyet i\u00e7in kaliteden \u00f6d\u00fcn vermek zorunda kalmazs\u0131n\u0131z.<\/p>\n<h3>\u00c7\u00f6z\u00fcm<\/h3>\n<p>Yat\u0131r\u0131m yapmak <strong>Yol \u00c7antas\u0131 Deste\u011fi<\/strong> SX'ten g\u00f6n\u00fcl rahatl\u0131\u011f\u0131na yat\u0131r\u0131m yapmak anlam\u0131na gelir. Destek \u00e7\u00f6z\u00fcmlerimiz, kasalar\u0131n\u0131z\u0131n dayan\u0131kl\u0131 ve g\u00fcvenilir kalmas\u0131n\u0131 sa\u011flayarak de\u011ferli ekipmanlar\u0131n\u0131z\u0131n hak etti\u011fi korumay\u0131 sunar. SX'i se\u00e7in ve her sat\u0131n alma i\u015fleminde kaliteyi, uygun fiyat\u0131 ve m\u00fckemmel m\u00fc\u015fteri hizmetlerini deneyimleyin.<\/p>\n<p>Hemen \u0130leti\u015fime Ge\u00e7in:<span style=\"color: #0000ff;\"><a style=\"color: #0000ff;\" href=\"https:\/\/sxpowercase.com\/contact-us\/\">https:\/\/sxpowercase.com\/<\/a><\/span><\/p>\n<p>Donan\u0131m \u00dcr\u00fcn Katalo\u011fu\uff1a<span style=\"color: #3366ff;\"><a style=\"color: #3366ff;\" href=\"https:\/\/sxpowercase.com\/wp-content\/uploads\/2024\/07\/\u4e94\u91d1.pdf\">Donan\u0131m aksesuarlar\u0131 katalo\u011fu<\/a><\/span><\/p>","protected":false},"excerpt":{"rendered":"<div class=\"flex max-w-full flex-col flex-grow\">\n<div class=\"min-h-[20px] text-message flex w-full flex-col items-end gap-2 break-words [.text-message+&amp;]:mt-5 overflow-x-auto whitespace-normal\" dir=\"auto\" data-message-author-role=\"assistant\" data-message-id=\"60de0853-cc30-4040-89ae-7656540583ea\">\n<div class=\"flex w-full flex-col gap-1 empty:hidden first:pt-[3px]\">\n<div class=\"markdown prose w-full break-words dark:prose-invert light\">\n<h3>SX Road Case Brace: Affordable, Durable Protection<\/h3>\n<p>Ensure your road cases are secure with SX\u2019s high-grade braces, designed to withstand the toughest travel conditions. Quality and durability at factory-direct prices.<\/p>\n<h3>Reinforce Your Road Cases with SX Braces<\/h3>\n<p>SX offers robust, reliable road case braces that protect your valuable gear during transport. Benefit from customizable options and unbeatable value.<\/p>\n<h3>Trusted by Professionals: SX Road Case Brace<\/h3>\n<p>Favored by industry experts, SX\u2019s Road Case Brace provides top-tier reinforcement at low costs. Choose SX for dependable protection and peace of mind.<\/p>\n<\/div>\n<\/div>\n<\/div>\n<\/div>\n","protected":false},"featured_media":4193,"comment_status":"open","ping_status":"closed","template":"","meta":[],"product_brand":[],"product_cat":[64],"product_tag":[],"class_list":{"0":"post-4233","1":"product","2":"type-product","3":"status-publish","4":"has-post-thumbnail","6":"product_cat-clamps","8":"first","9":"instock","10":"shipping-taxable","11":"product-type-simple"},"yoast_head":"<!-- This site is optimized with the Yoast SEO Premium plugin v27.1 (Yoast SEO v27.2) - https:\/\/yoast.com\/product\/yoast-seo-premium-wordpress\/ -->\n<title>Road Case Brace CLB201 - https:\/\/sxflightcase.com \ud83d\udc97<\/title>\n<meta name=\"description\" content=\"Road case brace, factory direct! High-quality, durable braces designed to reinforce and secure road case panels and corners. Ideal for ensuring stability and protection during heavy-duty transport.\" \/>\n<meta name=\"robots\" content=\"index, follow, max-snippet:-1, max-image-preview:large, max-video-preview:-1\" \/>\n<link rel=\"canonical\" href=\"https:\/\/sxflightcase.com\/tr\/urun\/yol-cantasi-destegi-clb201\/\" \/>\n<meta property=\"og:locale\" content=\"tr_TR\" \/>\n<meta property=\"og:type\" content=\"article\" \/>\n<meta property=\"og:title\" content=\"Road Case Brace CLB201\" \/>\n<meta property=\"og:description\" content=\"Road case brace, factory direct! High-quality, durable braces designed to reinforce and secure road case panels and corners. Ideal for ensuring stability and protection during heavy-duty transport.\" \/>\n<meta property=\"og:url\" content=\"https:\/\/sxflightcase.com\/tr\/urun\/yol-cantasi-destegi-clb201\/\" \/>\n<meta property=\"og:site_name\" content=\"https:\/\/sxflightcase.com\" \/>\n<meta property=\"article:publisher\" content=\"https:\/\/www.facebook.com\/profile.php?id=61560407257971\" \/>\n<meta property=\"article:modified_time\" content=\"2024-09-02T06:28:00+00:00\" \/>\n<meta property=\"og:image\" content=\"https:\/\/sxflightcase.com\/wp-content\/uploads\/2024\/08\/CLB201.jpg\" \/>\n\t<meta property=\"og:image:width\" content=\"517\" \/>\n\t<meta property=\"og:image:height\" content=\"517\" \/>\n\t<meta property=\"og:image:type\" content=\"image\/jpeg\" \/>\n<meta name=\"twitter:card\" content=\"summary_large_image\" \/>\n<meta name=\"twitter:label1\" content=\"Tahmini okuma s\u00fcresi\" \/>\n\t<meta name=\"twitter:data1\" content=\"3 dakika\" \/>\n<script type=\"application\/ld+json\" class=\"yoast-schema-graph\">{\"@context\":\"https:\/\/schema.org\",\"@graph\":[{\"@type\":\"WebPage\",\"@id\":\"https:\/\/sxflightcase.com\/product\/road-case-brace-clb201\/\",\"url\":\"https:\/\/sxflightcase.com\/product\/road-case-brace-clb201\/\",\"name\":\"Road Case Brace CLB201 - https:\/\/sxflightcase.com \ud83d\udc97\",\"isPartOf\":{\"@id\":\"https:\/\/sxflightcase.com\/th\/#website\"},\"primaryImageOfPage\":{\"@id\":\"https:\/\/sxflightcase.com\/product\/road-case-brace-clb201\/#primaryimage\"},\"image\":{\"@id\":\"https:\/\/sxflightcase.com\/product\/road-case-brace-clb201\/#primaryimage\"},\"thumbnailUrl\":\"https:\/\/sxflightcase.com\/wp-content\/uploads\/2024\/08\/CLB201.jpg\",\"datePublished\":\"2024-09-02T06:27:59+00:00\",\"dateModified\":\"2024-09-02T06:28:00+00:00\",\"description\":\"Road case brace, factory direct! High-quality, durable braces designed to reinforce and secure road case panels and corners. Ideal for ensuring stability and protection during heavy-duty transport.\",\"breadcrumb\":{\"@id\":\"https:\/\/sxflightcase.com\/product\/road-case-brace-clb201\/#breadcrumb\"},\"inLanguage\":\"tr\",\"potentialAction\":[{\"@type\":\"ReadAction\",\"target\":[\"https:\/\/sxflightcase.com\/product\/road-case-brace-clb201\/\"]}]},{\"@type\":\"ImageObject\",\"inLanguage\":\"tr\",\"@id\":\"https:\/\/sxflightcase.com\/product\/road-case-brace-clb201\/#primaryimage\",\"url\":\"https:\/\/sxflightcase.com\/wp-content\/uploads\/2024\/08\/CLB201.jpg\",\"contentUrl\":\"https:\/\/sxflightcase.com\/wp-content\/uploads\/2024\/08\/CLB201.jpg\",\"width\":517,\"height\":517,\"caption\":\"Road Case Brace\"},{\"@type\":\"BreadcrumbList\",\"@id\":\"https:\/\/sxflightcase.com\/product\/road-case-brace-clb201\/#breadcrumb\",\"itemListElement\":[{\"@type\":\"ListItem\",\"position\":1,\"name\":\"Home\",\"item\":\"https:\/\/sxflightcase.com\/\"},{\"@type\":\"ListItem\",\"position\":2,\"name\":\"\u0e2a\u0e34\u0e19\u0e04\u0e49\u0e32\",\"item\":\"https:\/\/sxflightcase.com\/th\/shop\/\"},{\"@type\":\"ListItem\",\"position\":3,\"name\":\"Road Case Brace CLB201\"}]},{\"@type\":\"WebSite\",\"@id\":\"https:\/\/sxflightcase.com\/th\/#website\",\"url\":\"https:\/\/sxflightcase.com\/th\/\",\"name\":\"sxpowercase.com\",\"description\":\"Flight Case Factory\",\"publisher\":{\"@id\":\"https:\/\/sxflightcase.com\/th\/#organization\"},\"potentialAction\":[{\"@type\":\"SearchAction\",\"target\":{\"@type\":\"EntryPoint\",\"urlTemplate\":\"https:\/\/sxflightcase.com\/th\/?s={search_term_string}\"},\"query-input\":{\"@type\":\"PropertyValueSpecification\",\"valueRequired\":true,\"valueName\":\"search_term_string\"}}],\"inLanguage\":\"tr\"},{\"@type\":\"Organization\",\"@id\":\"https:\/\/sxflightcase.com\/th\/#organization\",\"name\":\"sxpowercase.com\",\"url\":\"https:\/\/sxflightcase.com\/th\/\",\"logo\":{\"@type\":\"ImageObject\",\"inLanguage\":\"tr\",\"@id\":\"https:\/\/sxflightcase.com\/th\/#\/schema\/logo\/image\/\",\"url\":\"https:\/\/sxflightcase.com\/wp-content\/uploads\/2024\/04\/1713919036007.jpg\",\"contentUrl\":\"https:\/\/sxflightcase.com\/wp-content\/uploads\/2024\/04\/1713919036007.jpg\",\"width\":382,\"height\":388,\"caption\":\"sxpowercase.com\"},\"image\":{\"@id\":\"https:\/\/sxflightcase.com\/th\/#\/schema\/logo\/image\/\"},\"sameAs\":[\"https:\/\/www.facebook.com\/profile.php?id=61560407257971\"],\"numberOfEmployees\":{\"@type\":\"QuantitativeValue\",\"minValue\":\"11\",\"maxValue\":\"50\"}}]}<\/script>\n<!-- \/ Yoast SEO Premium plugin. -->","yoast_head_json":{"title":"Road Case Brace CLB201 - https:\/\/sxflightcase.com \ud83d\udc97","description":"Yol kasas\u0131 deste\u011fi, do\u011frudan fabrika \u00e7\u0131k\u0131\u015f\u0131! Yol kasas\u0131 panellerini ve k\u00f6\u015felerini g\u00fc\u00e7lendirmek ve sabitlemek i\u00e7in tasarlanm\u0131\u015f y\u00fcksek kaliteli, dayan\u0131kl\u0131 destekler. A\u011f\u0131r hizmet ta\u015f\u0131mac\u0131l\u0131\u011f\u0131 s\u0131ras\u0131nda denge ve koruma sa\u011flamak i\u00e7in idealdir.","robots":{"index":"index","follow":"follow","max-snippet":"max-snippet:-1","max-image-preview":"max-image-preview:large","max-video-preview":"max-video-preview:-1"},"canonical":"https:\/\/sxflightcase.com\/tr\/urun\/yol-cantasi-destegi-clb201\/","og_locale":"tr_TR","og_type":"article","og_title":"Road Case Brace CLB201","og_description":"Road case brace, factory direct! High-quality, durable braces designed to reinforce and secure road case panels and corners. Ideal for ensuring stability and protection during heavy-duty transport.","og_url":"https:\/\/sxflightcase.com\/tr\/urun\/yol-cantasi-destegi-clb201\/","og_site_name":"https:\/\/sxflightcase.com","article_publisher":"https:\/\/www.facebook.com\/profile.php?id=61560407257971","article_modified_time":"2024-09-02T06:28:00+00:00","og_image":[{"width":517,"height":517,"url":"https:\/\/sxflightcase.com\/wp-content\/uploads\/2024\/08\/CLB201.jpg","type":"image\/jpeg"}],"twitter_card":"summary_large_image","twitter_misc":{"Tahmini okuma s\u00fcresi":"3 dakika"},"schema":{"@context":"https:\/\/schema.org","@graph":[{"@type":"WebPage","@id":"https:\/\/sxflightcase.com\/product\/road-case-brace-clb201\/","url":"https:\/\/sxflightcase.com\/product\/road-case-brace-clb201\/","name":"Road Case Brace CLB201 - https:\/\/sxflightcase.com \ud83d\udc97","isPartOf":{"@id":"https:\/\/sxflightcase.com\/th\/#website"},"primaryImageOfPage":{"@id":"https:\/\/sxflightcase.com\/product\/road-case-brace-clb201\/#primaryimage"},"image":{"@id":"https:\/\/sxflightcase.com\/product\/road-case-brace-clb201\/#primaryimage"},"thumbnailUrl":"https:\/\/sxflightcase.com\/wp-content\/uploads\/2024\/08\/CLB201.jpg","datePublished":"2024-09-02T06:27:59+00:00","dateModified":"2024-09-02T06:28:00+00:00","description":"Yol kasas\u0131 deste\u011fi, do\u011frudan fabrika \u00e7\u0131k\u0131\u015f\u0131! Yol kasas\u0131 panellerini ve k\u00f6\u015felerini g\u00fc\u00e7lendirmek ve sabitlemek i\u00e7in tasarlanm\u0131\u015f y\u00fcksek kaliteli, dayan\u0131kl\u0131 destekler. A\u011f\u0131r hizmet ta\u015f\u0131mac\u0131l\u0131\u011f\u0131 s\u0131ras\u0131nda denge ve koruma sa\u011flamak i\u00e7in idealdir.","breadcrumb":{"@id":"https:\/\/sxflightcase.com\/product\/road-case-brace-clb201\/#breadcrumb"},"inLanguage":"tr","potentialAction":[{"@type":"ReadAction","target":["https:\/\/sxflightcase.com\/product\/road-case-brace-clb201\/"]}]},{"@type":"ImageObject","inLanguage":"tr","@id":"https:\/\/sxflightcase.com\/product\/road-case-brace-clb201\/#primaryimage","url":"https:\/\/sxflightcase.com\/wp-content\/uploads\/2024\/08\/CLB201.jpg","contentUrl":"https:\/\/sxflightcase.com\/wp-content\/uploads\/2024\/08\/CLB201.jpg","width":517,"height":517,"caption":"Road Case Brace"},{"@type":"BreadcrumbList","@id":"https:\/\/sxflightcase.com\/product\/road-case-brace-clb201\/#breadcrumb","itemListElement":[{"@type":"ListItem","position":1,"name":"Home","item":"https:\/\/sxflightcase.com\/"},{"@type":"ListItem","position":2,"name":"\u0e2a\u0e34\u0e19\u0e04\u0e49\u0e32","item":"https:\/\/sxflightcase.com\/th\/shop\/"},{"@type":"ListItem","position":3,"name":"Road Case Brace CLB201"}]},{"@type":"WebSite","@id":"https:\/\/sxflightcase.com\/th\/#website","url":"https:\/\/sxflightcase.com\/th\/","name":"sxpowercase.com","description":"U\u00e7u\u015f \u00c7antas\u0131 Fabrikas\u0131","publisher":{"@id":"https:\/\/sxflightcase.com\/th\/#organization"},"potentialAction":[{"@type":"SearchAction","target":{"@type":"EntryPoint","urlTemplate":"https:\/\/sxflightcase.com\/th\/?s={search_term_string}"},"query-input":{"@type":"PropertyValueSpecification","valueRequired":true,"valueName":"search_term_string"}}],"inLanguage":"tr"},{"@type":"Organization","@id":"https:\/\/sxflightcase.com\/th\/#organization","name":"sxpowercase.com","url":"https:\/\/sxflightcase.com\/th\/","logo":{"@type":"ImageObject","inLanguage":"tr","@id":"https:\/\/sxflightcase.com\/th\/#\/schema\/logo\/image\/","url":"https:\/\/sxflightcase.com\/wp-content\/uploads\/2024\/04\/1713919036007.jpg","contentUrl":"https:\/\/sxflightcase.com\/wp-content\/uploads\/2024\/04\/1713919036007.jpg","width":382,"height":388,"caption":"sxpowercase.com"},"image":{"@id":"https:\/\/sxflightcase.com\/th\/#\/schema\/logo\/image\/"},"sameAs":["https:\/\/www.facebook.com\/profile.php?id=61560407257971"],"numberOfEmployees":{"@type":"QuantitativeValue","minValue":"11","maxValue":"50"}}]}},"_links":{"self":[{"href":"https:\/\/sxflightcase.com\/tr\/wp-json\/wp\/v2\/product\/4233","targetHints":{"allow":["GET"]}}],"collection":[{"href":"https:\/\/sxflightcase.com\/tr\/wp-json\/wp\/v2\/product"}],"about":[{"href":"https:\/\/sxflightcase.com\/tr\/wp-json\/wp\/v2\/types\/product"}],"replies":[{"embeddable":true,"href":"https:\/\/sxflightcase.com\/tr\/wp-json\/wp\/v2\/comments?post=4233"}],"version-history":[{"count":0,"href":"https:\/\/sxflightcase.com\/tr\/wp-json\/wp\/v2\/product\/4233\/revisions"}],"wp:featuredmedia":[{"embeddable":true,"href":"https:\/\/sxflightcase.com\/tr\/wp-json\/wp\/v2\/media\/4193"}],"wp:attachment":[{"href":"https:\/\/sxflightcase.com\/tr\/wp-json\/wp\/v2\/media?parent=4233"}],"wp:term":[{"taxonomy":"product_brand","embeddable":true,"href":"https:\/\/sxflightcase.com\/tr\/wp-json\/wp\/v2\/product_brand?post=4233"},{"taxonomy":"product_cat","embeddable":true,"href":"https:\/\/sxflightcase.com\/tr\/wp-json\/wp\/v2\/product_cat?post=4233"},{"taxonomy":"product_tag","embeddable":true,"href":"https:\/\/sxflightcase.com\/tr\/wp-json\/wp\/v2\/product_tag?post=4233"}],"curies":[{"name":"wp","href":"https:\/\/api.w.org\/{rel}","templated":true}]}}