{"id":4234,"date":"2024-09-02T07:37:21","date_gmt":"2024-09-02T06:37:21","guid":{"rendered":"https:\/\/sxpowercase.com\/?post_type=product&#038;p=4234"},"modified":"2024-09-02T07:37:22","modified_gmt":"2024-09-02T06:37:22","slug":"flight-case-clamps-clb202","status":"publish","type":"product","link":"https:\/\/sxflightcase.com\/tr\/urun\/ucus-cantasi-kelepceleri\u0307-clb202\/","title":{"rendered":"U\u00e7u\u015f Kasas\u0131 Kelep\u00e7eleri CLB202"},"content":{"rendered":"<h3>SX'ten \u00dcst\u00fcn Kaliteli U\u00e7u\u015f \u00c7antas\u0131 Kelep\u00e7eleri<\/h3>\n<p>U\u00e7u\u015f \u00e7antalar\u0131n\u0131z\u0131 g\u00fcvence alt\u0131na almak s\u00f6z konusu oldu\u011funda, kalite esast\u0131r. SX olarak birinci s\u0131n\u0131f<a href=\"https:\/\/sxpowercase.com\/product\/road-case-brace-clb201\/\"> <strong>U\u00e7u\u015f \u00c7antas\u0131 Kelep\u00e7eleri<\/strong><\/a> g\u00fcvenilir destek ve uzun s\u00fcreli dayan\u0131kl\u0131l\u0131k sa\u011flamak \u00fczere tasarlanm\u0131\u015ft\u0131r. Kelep\u00e7elerimiz, de\u011ferli ekipmanlar\u0131n\u0131z\u0131n ta\u015f\u0131ma s\u0131ras\u0131nda korunmas\u0131n\u0131 sa\u011flamak i\u00e7in hassasiyetle \u00fcretilmi\u015ftir. \u0130le <a href=\"https:\/\/sxpowercase.com\/\" target=\"_blank\" rel=\"noopener\" title=\"SX\" data-wpil-monitor-id=\"706\">SX<\/a>birinci s\u0131n\u0131f kalite ve uygun fiyat aras\u0131nda m\u00fckemmel bir denge elde edersiniz.<\/p>\n<h3>Maksimum Koruma ve Dayan\u0131kl\u0131l\u0131k i\u00e7in \u00dcretildi<\/h3>\n<p>SX'in <strong>U\u00e7u\u015f \u00c7antas\u0131 Kelep\u00e7eleri<\/strong> en y\u00fcksek standartlar g\u00f6z \u00f6n\u00fcnde bulundurularak \u00fcretilmi\u015ftir. \u0130ster bir tur profesyoneli, ister bir etkinlik organizat\u00f6r\u00fc olun ya da sadece ekipman\u0131n\u0131z\u0131 g\u00fcvende tutman\u0131z gerekiyorsa, kelep\u00e7elerimiz ideal se\u00e7imdir. G\u00fc\u00e7l\u00fc ve dayan\u0131kl\u0131 malzemelerden \u00fcretilen kelep\u00e7eler, \u00e7antalar\u0131n\u0131z\u0131 g\u00fcvenli bir \u015fekilde kapal\u0131 tutarken a\u011f\u0131r kullan\u0131ma dayanacak \u015fekilde tasarlanm\u0131\u015ft\u0131r. Bu, yolculuk ne kadar zorlu olursa olsun ekipman\u0131n\u0131z\u0131n g\u00fcvenli bir \u015fekilde ula\u015faca\u011f\u0131 anlam\u0131na gelir.<\/p>\n<h3>Rakipsiz Fiyatlar i\u00e7in Fabrika Do\u011frudan Sat\u0131\u015flar\u0131<\/h3>\n<p>SX'in \u00f6ne \u00e7\u0131kan \u00f6zelliklerinden biri de fabrika do\u011frudan sat\u0131\u015flar\u0131na olan ba\u011fl\u0131l\u0131\u011f\u0131m\u0131zd\u0131r. Arac\u0131lar\u0131 ortadan kald\u0131rarak \u015funlar\u0131 sunuyoruz <strong>U\u00e7u\u015f \u00c7antas\u0131 Kelep\u00e7eleri<\/strong> yenilmesi zor fiyatlarla. Do\u011frudan t\u00fcketiciye yakla\u015f\u0131m\u0131m\u0131z, kaliteden \u00f6d\u00fcn vermeden paran\u0131z\u0131n kar\u015f\u0131l\u0131\u011f\u0131n\u0131 en iyi \u015fekilde alman\u0131z\u0131 sa\u011flar. SX'ten sat\u0131n ald\u0131\u011f\u0131n\u0131zda, sadece d\u00fc\u015f\u00fck fiyatlar elde etmekle kalmazs\u0131n\u0131z; ayn\u0131 zamanda her bir kelep\u00e7enin en y\u00fcksek standartlarda \u00fcretildi\u011finin g\u00fcvencesini de al\u0131rs\u0131n\u0131z.<\/p>\n<h3>G\u00fcvenilir Performans i\u00e7in Titiz Kalite Kontrol<\/h3>\n<p>Rekabet\u00e7i fiyatland\u0131rmam\u0131za ek olarak, SX satt\u0131\u011f\u0131m\u0131z her \u00fcr\u00fcn\u00fcn kalitesini garanti eder. Bizim <strong>U\u00e7u\u015f \u00c7antas\u0131 Kelep\u00e7eleri<\/strong> titiz standartlar\u0131m\u0131z\u0131 kar\u015f\u0131lad\u0131klar\u0131ndan emin olmak i\u00e7in s\u0131k\u0131 kalite kontrol s\u00fcre\u00e7lerinden ge\u00e7erler. Bu, sat\u0131n ald\u0131\u011f\u0131n\u0131z her kelep\u00e7enin zaman i\u00e7inde g\u00fcvenilir bir \u015fekilde \u00e7al\u0131\u015faca\u011f\u0131na g\u00fcvenebilece\u011finiz anlam\u0131na gelir ve size hak etti\u011finiz huzuru verir.<\/p>\n<h3>M\u00fc\u015fteri Memnuniyeti Garantili<\/h3>\n<p>SX olarak m\u00fc\u015fteri memnuniyetinin \u00f6nemini biliyoruz. Bu nedenle sadece uygun fiyatlar de\u011fil, ayn\u0131 zamanda t\u00fcm \u00fcr\u00fcnlerimiz i\u00e7in memnuniyet garantisi de sunuyoruz. <strong>U\u00e7u\u015f \u00c7antas\u0131 Kelep\u00e7eleri<\/strong>. \u00dcr\u00fcnlerimizin dayan\u0131kl\u0131l\u0131\u011f\u0131 ve performans\u0131n\u0131n arkas\u0131nday\u0131z ve ekibimiz her t\u00fcrl\u00fc soru veya endi\u015fenizde size yard\u0131mc\u0131 olmaya her zaman haz\u0131rd\u0131r.<\/p>\n<h3>T\u00fcm U\u00e7u\u015f \u00c7antas\u0131 \u0130htiya\u00e7lar\u0131n\u0131z \u0130\u00e7in SX'e G\u00fcvenin<\/h3>\n<p>SX'i se\u00e7mek, ihtiya\u00e7lar\u0131n\u0131za de\u011fer veren bir markay\u0131 se\u00e7mek demektir. \u0130ster yeni bir kasa seti kuruyor ister eski donan\u0131m\u0131 de\u011fi\u015ftiriyor olun, bizim <strong>U\u00e7u\u015f \u00c7antas\u0131 Kelep\u00e7esi<\/strong>\u00a0ihtiyac\u0131n\u0131z olan g\u00fcc\u00fc ve g\u00fcvenilirli\u011fi sa\u011flar. D\u00fcnyan\u0131n d\u00f6rt bir yan\u0131ndaki profesyonellerin u\u00e7u\u015f kasas\u0131 ihtiya\u00e7lar\u0131 i\u00e7in neden SX'e g\u00fcvendi\u011fini ke\u015ffedin ve bug\u00fcn rakipsiz fabrika do\u011frudan fiyatlar\u0131m\u0131zdan yararlan\u0131n.<\/p>\n<p>Hemen \u0130leti\u015fime Ge\u00e7in:<span style=\"color: #0000ff;\"><a style=\"color: #0000ff;\" href=\"https:\/\/sxpowercase.com\/contact-us\/\">https:\/\/sxpowercase.com\/<\/a><\/span><\/p>\n<p>Donan\u0131m \u00dcr\u00fcn Katalo\u011fu\uff1a<span style=\"color: #3366ff;\"><a style=\"color: #3366ff;\" href=\"https:\/\/sxpowercase.com\/wp-content\/uploads\/2024\/07\/\u4e94\u91d1.pdf\">Donan\u0131m aksesuarlar\u0131 katalo\u011fu<\/a><\/span><\/p>","protected":false},"excerpt":{"rendered":"<div class=\"flex max-w-full flex-col flex-grow\">\n<div class=\"min-h-[20px] text-message flex w-full flex-col items-end gap-2 break-words [.text-message+&amp;]:mt-5 overflow-x-auto whitespace-normal\" dir=\"auto\" data-message-author-role=\"assistant\" data-message-id=\"d91c7d02-28cb-40d5-842f-74035d9988ba\">\n<div class=\"flex w-full flex-col gap-1 empty:hidden first:pt-[3px]\">\n<div class=\"markdown prose w-full break-words dark:prose-invert light\">\n<h3>SX Flight Case Clamps: Top-Quality Protection at Affordable Prices<\/h3>\n<p>Secure your gear with SX\u2019s durable Flight Case Clamps, designed for maximum protection during transport. Enjoy factory-direct pricing without sacrificing quality.<\/p>\n<h3>Reliable Flight Case Clamps by SX<\/h3>\n<p>SX offers precision-crafted Flight Case Clamps that ensure your equipment stays safe. Trusted by professionals, our clamps deliver long-lasting performance.<\/p>\n<h3>Factory-Direct Savings with SX Flight Case Clamps<\/h3>\n<p>Get premium Flight Case Clamps at unbeatable prices from SX. Our commitment to quality control guarantees reliable, durable protection for your gear.<\/p>\n<\/div>\n<\/div>\n<\/div>\n<\/div>\n","protected":false},"featured_media":4194,"comment_status":"open","ping_status":"closed","template":"","meta":[],"product_brand":[],"product_cat":[64],"product_tag":[],"class_list":{"0":"post-4234","1":"product","2":"type-product","3":"status-publish","4":"has-post-thumbnail","6":"product_cat-clamps","8":"first","9":"instock","10":"shipping-taxable","11":"product-type-simple"},"yoast_head":"<!-- This site is optimized with the Yoast SEO Premium plugin v27.1 (Yoast SEO v27.2) - https:\/\/yoast.com\/product\/yoast-seo-premium-wordpress\/ -->\n<title>Flight Case Clamps CLB202 - https:\/\/sxflightcase.com \ud83d\udc97<\/title>\n<meta name=\"description\" content=\"Flight case clamps, factory direct! High-quality, durable clamps designed for securely assembling and reinforcing flight case panels and corners. Perfect for ensuring long-lasting protection and stability.\" \/>\n<meta name=\"robots\" content=\"index, follow, max-snippet:-1, max-image-preview:large, max-video-preview:-1\" \/>\n<link rel=\"canonical\" href=\"https:\/\/sxflightcase.com\/tr\/urun\/ucus-cantasi-kelepceleri\u0307-clb202\/\" \/>\n<meta property=\"og:locale\" content=\"tr_TR\" \/>\n<meta property=\"og:type\" content=\"article\" \/>\n<meta property=\"og:title\" content=\"Flight Case Clamps CLB202\" \/>\n<meta property=\"og:description\" content=\"Flight case clamps, factory direct! High-quality, durable clamps designed for securely assembling and reinforcing flight case panels and corners. Perfect for ensuring long-lasting protection and stability.\" \/>\n<meta property=\"og:url\" content=\"https:\/\/sxflightcase.com\/tr\/urun\/ucus-cantasi-kelepceleri\u0307-clb202\/\" \/>\n<meta property=\"og:site_name\" content=\"https:\/\/sxflightcase.com\" \/>\n<meta property=\"article:publisher\" content=\"https:\/\/www.facebook.com\/profile.php?id=61560407257971\" \/>\n<meta property=\"article:modified_time\" content=\"2024-09-02T06:37:22+00:00\" \/>\n<meta property=\"og:image\" content=\"https:\/\/sxflightcase.com\/wp-content\/uploads\/2024\/08\/CLB202.jpg\" \/>\n\t<meta property=\"og:image:width\" content=\"700\" \/>\n\t<meta property=\"og:image:height\" content=\"700\" \/>\n\t<meta property=\"og:image:type\" content=\"image\/jpeg\" \/>\n<meta name=\"twitter:card\" content=\"summary_large_image\" \/>\n<meta name=\"twitter:label1\" content=\"Tahmini okuma s\u00fcresi\" \/>\n\t<meta name=\"twitter:data1\" content=\"3 dakika\" \/>\n<script type=\"application\/ld+json\" class=\"yoast-schema-graph\">{\"@context\":\"https:\/\/schema.org\",\"@graph\":[{\"@type\":\"WebPage\",\"@id\":\"https:\/\/sxflightcase.com\/product\/flight-case-clamps-clb202\/\",\"url\":\"https:\/\/sxflightcase.com\/product\/flight-case-clamps-clb202\/\",\"name\":\"Flight Case Clamps CLB202 - https:\/\/sxflightcase.com \ud83d\udc97\",\"isPartOf\":{\"@id\":\"https:\/\/sxflightcase.com\/th\/#website\"},\"primaryImageOfPage\":{\"@id\":\"https:\/\/sxflightcase.com\/product\/flight-case-clamps-clb202\/#primaryimage\"},\"image\":{\"@id\":\"https:\/\/sxflightcase.com\/product\/flight-case-clamps-clb202\/#primaryimage\"},\"thumbnailUrl\":\"https:\/\/sxflightcase.com\/wp-content\/uploads\/2024\/08\/CLB202.jpg\",\"datePublished\":\"2024-09-02T06:37:21+00:00\",\"dateModified\":\"2024-09-02T06:37:22+00:00\",\"description\":\"Flight case clamps, factory direct! High-quality, durable clamps designed for securely assembling and reinforcing flight case panels and corners. Perfect for ensuring long-lasting protection and stability.\",\"breadcrumb\":{\"@id\":\"https:\/\/sxflightcase.com\/product\/flight-case-clamps-clb202\/#breadcrumb\"},\"inLanguage\":\"tr\",\"potentialAction\":[{\"@type\":\"ReadAction\",\"target\":[\"https:\/\/sxflightcase.com\/product\/flight-case-clamps-clb202\/\"]}]},{\"@type\":\"ImageObject\",\"inLanguage\":\"tr\",\"@id\":\"https:\/\/sxflightcase.com\/product\/flight-case-clamps-clb202\/#primaryimage\",\"url\":\"https:\/\/sxflightcase.com\/wp-content\/uploads\/2024\/08\/CLB202.jpg\",\"contentUrl\":\"https:\/\/sxflightcase.com\/wp-content\/uploads\/2024\/08\/CLB202.jpg\",\"width\":700,\"height\":700,\"caption\":\"Flight Case Clamps\"},{\"@type\":\"BreadcrumbList\",\"@id\":\"https:\/\/sxflightcase.com\/product\/flight-case-clamps-clb202\/#breadcrumb\",\"itemListElement\":[{\"@type\":\"ListItem\",\"position\":1,\"name\":\"Home\",\"item\":\"https:\/\/sxflightcase.com\/\"},{\"@type\":\"ListItem\",\"position\":2,\"name\":\"\u0e2a\u0e34\u0e19\u0e04\u0e49\u0e32\",\"item\":\"https:\/\/sxflightcase.com\/th\/shop\/\"},{\"@type\":\"ListItem\",\"position\":3,\"name\":\"Flight Case Clamps CLB202\"}]},{\"@type\":\"WebSite\",\"@id\":\"https:\/\/sxflightcase.com\/th\/#website\",\"url\":\"https:\/\/sxflightcase.com\/th\/\",\"name\":\"sxpowercase.com\",\"description\":\"Flight Case Factory\",\"publisher\":{\"@id\":\"https:\/\/sxflightcase.com\/th\/#organization\"},\"potentialAction\":[{\"@type\":\"SearchAction\",\"target\":{\"@type\":\"EntryPoint\",\"urlTemplate\":\"https:\/\/sxflightcase.com\/th\/?s={search_term_string}\"},\"query-input\":{\"@type\":\"PropertyValueSpecification\",\"valueRequired\":true,\"valueName\":\"search_term_string\"}}],\"inLanguage\":\"tr\"},{\"@type\":\"Organization\",\"@id\":\"https:\/\/sxflightcase.com\/th\/#organization\",\"name\":\"sxpowercase.com\",\"url\":\"https:\/\/sxflightcase.com\/th\/\",\"logo\":{\"@type\":\"ImageObject\",\"inLanguage\":\"tr\",\"@id\":\"https:\/\/sxflightcase.com\/th\/#\/schema\/logo\/image\/\",\"url\":\"https:\/\/sxflightcase.com\/wp-content\/uploads\/2024\/04\/1713919036007.jpg\",\"contentUrl\":\"https:\/\/sxflightcase.com\/wp-content\/uploads\/2024\/04\/1713919036007.jpg\",\"width\":382,\"height\":388,\"caption\":\"sxpowercase.com\"},\"image\":{\"@id\":\"https:\/\/sxflightcase.com\/th\/#\/schema\/logo\/image\/\"},\"sameAs\":[\"https:\/\/www.facebook.com\/profile.php?id=61560407257971\"],\"numberOfEmployees\":{\"@type\":\"QuantitativeValue\",\"minValue\":\"11\",\"maxValue\":\"50\"}}]}<\/script>\n<!-- \/ Yoast SEO Premium plugin. -->","yoast_head_json":{"title":"Flight Case Clamps CLB202 - https:\/\/sxflightcase.com \ud83d\udc97","description":"U\u00e7u\u015f kasas\u0131 kelep\u00e7eleri, do\u011frudan fabrika \u00e7\u0131k\u0131\u015f\u0131! U\u00e7u\u015f kasas\u0131 panellerini ve k\u00f6\u015felerini g\u00fcvenli bir \u015fekilde monte etmek ve g\u00fc\u00e7lendirmek i\u00e7in tasarlanm\u0131\u015f y\u00fcksek kaliteli, dayan\u0131kl\u0131 kelep\u00e7eler. Uzun s\u00fcreli koruma ve stabilite sa\u011flamak i\u00e7in m\u00fckemmeldir.","robots":{"index":"index","follow":"follow","max-snippet":"max-snippet:-1","max-image-preview":"max-image-preview:large","max-video-preview":"max-video-preview:-1"},"canonical":"https:\/\/sxflightcase.com\/tr\/urun\/ucus-cantasi-kelepceleri\u0307-clb202\/","og_locale":"tr_TR","og_type":"article","og_title":"Flight Case Clamps CLB202","og_description":"Flight case clamps, factory direct! High-quality, durable clamps designed for securely assembling and reinforcing flight case panels and corners. Perfect for ensuring long-lasting protection and stability.","og_url":"https:\/\/sxflightcase.com\/tr\/urun\/ucus-cantasi-kelepceleri\u0307-clb202\/","og_site_name":"https:\/\/sxflightcase.com","article_publisher":"https:\/\/www.facebook.com\/profile.php?id=61560407257971","article_modified_time":"2024-09-02T06:37:22+00:00","og_image":[{"width":700,"height":700,"url":"https:\/\/sxflightcase.com\/wp-content\/uploads\/2024\/08\/CLB202.jpg","type":"image\/jpeg"}],"twitter_card":"summary_large_image","twitter_misc":{"Tahmini okuma s\u00fcresi":"3 dakika"},"schema":{"@context":"https:\/\/schema.org","@graph":[{"@type":"WebPage","@id":"https:\/\/sxflightcase.com\/product\/flight-case-clamps-clb202\/","url":"https:\/\/sxflightcase.com\/product\/flight-case-clamps-clb202\/","name":"Flight Case Clamps CLB202 - https:\/\/sxflightcase.com \ud83d\udc97","isPartOf":{"@id":"https:\/\/sxflightcase.com\/th\/#website"},"primaryImageOfPage":{"@id":"https:\/\/sxflightcase.com\/product\/flight-case-clamps-clb202\/#primaryimage"},"image":{"@id":"https:\/\/sxflightcase.com\/product\/flight-case-clamps-clb202\/#primaryimage"},"thumbnailUrl":"https:\/\/sxflightcase.com\/wp-content\/uploads\/2024\/08\/CLB202.jpg","datePublished":"2024-09-02T06:37:21+00:00","dateModified":"2024-09-02T06:37:22+00:00","description":"U\u00e7u\u015f kasas\u0131 kelep\u00e7eleri, do\u011frudan fabrika \u00e7\u0131k\u0131\u015f\u0131! U\u00e7u\u015f kasas\u0131 panellerini ve k\u00f6\u015felerini g\u00fcvenli bir \u015fekilde monte etmek ve g\u00fc\u00e7lendirmek i\u00e7in tasarlanm\u0131\u015f y\u00fcksek kaliteli, dayan\u0131kl\u0131 kelep\u00e7eler. Uzun s\u00fcreli koruma ve stabilite sa\u011flamak i\u00e7in m\u00fckemmeldir.","breadcrumb":{"@id":"https:\/\/sxflightcase.com\/product\/flight-case-clamps-clb202\/#breadcrumb"},"inLanguage":"tr","potentialAction":[{"@type":"ReadAction","target":["https:\/\/sxflightcase.com\/product\/flight-case-clamps-clb202\/"]}]},{"@type":"ImageObject","inLanguage":"tr","@id":"https:\/\/sxflightcase.com\/product\/flight-case-clamps-clb202\/#primaryimage","url":"https:\/\/sxflightcase.com\/wp-content\/uploads\/2024\/08\/CLB202.jpg","contentUrl":"https:\/\/sxflightcase.com\/wp-content\/uploads\/2024\/08\/CLB202.jpg","width":700,"height":700,"caption":"Flight Case Clamps"},{"@type":"BreadcrumbList","@id":"https:\/\/sxflightcase.com\/product\/flight-case-clamps-clb202\/#breadcrumb","itemListElement":[{"@type":"ListItem","position":1,"name":"Home","item":"https:\/\/sxflightcase.com\/"},{"@type":"ListItem","position":2,"name":"\u0e2a\u0e34\u0e19\u0e04\u0e49\u0e32","item":"https:\/\/sxflightcase.com\/th\/shop\/"},{"@type":"ListItem","position":3,"name":"Flight Case Clamps CLB202"}]},{"@type":"WebSite","@id":"https:\/\/sxflightcase.com\/th\/#website","url":"https:\/\/sxflightcase.com\/th\/","name":"sxpowercase.com","description":"U\u00e7u\u015f \u00c7antas\u0131 Fabrikas\u0131","publisher":{"@id":"https:\/\/sxflightcase.com\/th\/#organization"},"potentialAction":[{"@type":"SearchAction","target":{"@type":"EntryPoint","urlTemplate":"https:\/\/sxflightcase.com\/th\/?s={search_term_string}"},"query-input":{"@type":"PropertyValueSpecification","valueRequired":true,"valueName":"search_term_string"}}],"inLanguage":"tr"},{"@type":"Organization","@id":"https:\/\/sxflightcase.com\/th\/#organization","name":"sxpowercase.com","url":"https:\/\/sxflightcase.com\/th\/","logo":{"@type":"ImageObject","inLanguage":"tr","@id":"https:\/\/sxflightcase.com\/th\/#\/schema\/logo\/image\/","url":"https:\/\/sxflightcase.com\/wp-content\/uploads\/2024\/04\/1713919036007.jpg","contentUrl":"https:\/\/sxflightcase.com\/wp-content\/uploads\/2024\/04\/1713919036007.jpg","width":382,"height":388,"caption":"sxpowercase.com"},"image":{"@id":"https:\/\/sxflightcase.com\/th\/#\/schema\/logo\/image\/"},"sameAs":["https:\/\/www.facebook.com\/profile.php?id=61560407257971"],"numberOfEmployees":{"@type":"QuantitativeValue","minValue":"11","maxValue":"50"}}]}},"_links":{"self":[{"href":"https:\/\/sxflightcase.com\/tr\/wp-json\/wp\/v2\/product\/4234","targetHints":{"allow":["GET"]}}],"collection":[{"href":"https:\/\/sxflightcase.com\/tr\/wp-json\/wp\/v2\/product"}],"about":[{"href":"https:\/\/sxflightcase.com\/tr\/wp-json\/wp\/v2\/types\/product"}],"replies":[{"embeddable":true,"href":"https:\/\/sxflightcase.com\/tr\/wp-json\/wp\/v2\/comments?post=4234"}],"version-history":[{"count":0,"href":"https:\/\/sxflightcase.com\/tr\/wp-json\/wp\/v2\/product\/4234\/revisions"}],"wp:featuredmedia":[{"embeddable":true,"href":"https:\/\/sxflightcase.com\/tr\/wp-json\/wp\/v2\/media\/4194"}],"wp:attachment":[{"href":"https:\/\/sxflightcase.com\/tr\/wp-json\/wp\/v2\/media?parent=4234"}],"wp:term":[{"taxonomy":"product_brand","embeddable":true,"href":"https:\/\/sxflightcase.com\/tr\/wp-json\/wp\/v2\/product_brand?post=4234"},{"taxonomy":"product_cat","embeddable":true,"href":"https:\/\/sxflightcase.com\/tr\/wp-json\/wp\/v2\/product_cat?post=4234"},{"taxonomy":"product_tag","embeddable":true,"href":"https:\/\/sxflightcase.com\/tr\/wp-json\/wp\/v2\/product_tag?post=4234"}],"curies":[{"name":"wp","href":"https:\/\/api.w.org\/{rel}","templated":true}]}}