{"id":4240,"date":"2024-09-03T07:14:52","date_gmt":"2024-09-03T06:14:52","guid":{"rendered":"https:\/\/sxpowercase.com\/?post_type=product&#038;p=4240"},"modified":"2024-09-03T07:14:53","modified_gmt":"2024-09-03T06:14:53","slug":"flight-case-dishes-dia101","status":"publish","type":"product","link":"https:\/\/sxflightcase.com\/tr\/urun\/ucus-cantasi-tabaklari-dia101\/","title":{"rendered":"U\u00e7u\u015f Kasas\u0131 Tabaklar\u0131 DIA101"},"content":{"rendered":"<h3>SX U\u00e7u\u015f \u00c7antas\u0131 Kaplar\u0131 ile U\u00e7u\u015f \u00c7antan\u0131z\u0131 Y\u00fckseltin<\/h3>\n<p>S\u00f6z konusu u\u00e7u\u015f \u00e7antan\u0131z\u0131 \u00f6zelle\u015ftirmek oldu\u011funda, do\u011fru aksesuarlar b\u00fcy\u00fck fark yaratabilir. <strong>SX U\u00e7u\u015f \u00c7antas\u0131 Kaplar\u0131<\/strong> hem i\u015flevsellik hem de stil sa\u011flamak \u00fczere tasarlanm\u0131\u015ft\u0131r. Y\u00fcksek kaliteli malzemelerden \u00fcretilen bu tabaklar, u\u00e7u\u015f \u00e7antan\u0131z\u0131n dayan\u0131kl\u0131 ve g\u00fcvenilir kalmas\u0131n\u0131 sa\u011flamak i\u00e7in uzun s\u00fcre dayanacak \u015fekilde \u00fcretilmi\u015ftir. \u0130ster gezgin bir m\u00fczisyen ister seyahat eden bir teknisyen olun, u\u00e7u\u015f \u00e7antas\u0131 tabaklar\u0131m\u0131z ekipmanlar\u0131n\u0131z\u0131 hasardan korurken d\u00fczenlemek i\u00e7in m\u00fckemmel bir \u00e7\u00f6z\u00fcm sunar.<\/p>\n<h3>G\u00fcvenebilece\u011finiz Kalite<\/h3>\n<p>\u015eu anda <a href=\"https:\/\/sxpowercase.com\/\" target=\"_blank\" rel=\"noopener\" title=\"SX\" data-wpil-monitor-id=\"709\">SX<\/a>m\u00fc\u015fterilerimize yaln\u0131zca en iyisini sunmaya inan\u0131yoruz. \u0130\u015fte bu y\u00fczden <strong>Yol <\/strong><strong>Kasa Yemekleri<\/strong> birinci s\u0131n\u0131f malzemeler ve geli\u015fmi\u015f \u00fcretim teknikleri kullan\u0131larak \u00fcretilmektedir. Kaliteden \u00f6d\u00fcn vermeden en iyi de\u011feri alabilmeniz i\u00e7in fabrika \u00e7\u0131k\u0131\u015fl\u0131 fiyatlar sunmaktan gurur duyuyoruz. Kalite g\u00fcvencesine olan ba\u011fl\u0131l\u0131\u011f\u0131m\u0131z, \u00fcretti\u011fimiz her taba\u011f\u0131n dayan\u0131kl\u0131l\u0131k ve performans a\u00e7\u0131s\u0131ndan titiz standartlar\u0131m\u0131z\u0131 kar\u015f\u0131lad\u0131\u011f\u0131na g\u00fcvenebilece\u011finiz anlam\u0131na gelir.<\/p>\n<h3>Fabrika Do\u011frudan Tasarruflar\u0131<\/h3>\n<p>Do\u011frudan kayna\u011f\u0131ndan sat\u0131n almak varken neden daha fazla \u00f6deyesiniz? ile <strong>SX<\/strong>t\u00fcm u\u00e7u\u015f k\u0131l\u0131f\u0131 tabaklar\u0131m\u0131zda fabrikadan do\u011frudan tasarruf elde edersiniz. Arac\u0131lar\u0131 devre d\u0131\u015f\u0131 b\u0131rakarak tasarrufu size aktar\u0131yoruz. Rekabet\u00e7i fiyatland\u0131rmam\u0131z, kaliteden \u00f6d\u00fcn vermeniz gerekti\u011fi anlam\u0131na gelmez; her bir \u00e7anak, y\u0131llarca g\u00fcvenilir bir \u015fekilde \u00e7al\u0131\u015fmas\u0131n\u0131 sa\u011flamak i\u00e7in titizlikle \u00fcretilmi\u015ftir. SX ile seyahatin zorluklar\u0131na dayanacak \u015fekilde \u00fcretilmi\u015f bir \u00fcr\u00fcne yat\u0131r\u0131m yapars\u0131n\u0131z.<\/p>\n<h3>Her \u00c7antaya M\u00fckemmel Uyum<\/h3>\n<p>Bizim <strong>Yol <\/strong><strong>Kasa Yemekleri<\/strong> \u00e7e\u015fitli u\u00e7u\u015f \u00e7antalar\u0131na uyacak \u015fekilde tasarlanm\u0131\u015ft\u0131r, bu da onlar\u0131 kurulumunuza \u00e7ok y\u00f6nl\u00fc bir katk\u0131 haline getirir. Kablolar, aksesuarlar veya di\u011fer ekipmanlar i\u00e7in \u00e7anaklara ihtiyac\u0131n\u0131z varsa, SX m\u00fckemmel bir \u00e7\u00f6z\u00fcme sahiptir. Her bir \u00e7ana\u011f\u0131n kurulumu kolayd\u0131r, ekipman\u0131n\u0131z\u0131 d\u00fczenli ve kolay eri\u015filebilir tutan g\u00fcvenli ve s\u0131k\u0131 bir uyum sa\u011flar. Ayr\u0131ca, geni\u015f se\u00e7enek yelpazemizle, \u00f6zel ihtiya\u00e7lar\u0131n\u0131z\u0131 kar\u015f\u0131layacak do\u011fru \u00e7ana\u011f\u0131 bulaca\u011f\u0131n\u0131zdan emin olabilirsiniz.<\/p>\n<h3>M\u00fc\u015fteri Memnuniyeti Garantili<\/h3>\n<p>SX'te m\u00fc\u015fteri memnuniyeti en \u00f6nemli \u00f6nceli\u011fimizdir. \u00dcr\u00fcnlerimizin arkas\u0131nday\u0131z <strong>Yol \u00c7antas\u0131 Yemekleri<\/strong> tam memnuniyetinizi sa\u011flayan bir kalite garantisi ile. Sat\u0131n ald\u0131\u011f\u0131n\u0131z \u00fcr\u00fcnden memnun kalmazsan\u0131z, bunu d\u00fczeltmek i\u00e7in buraday\u0131z. M\u00fckemmellik taahh\u00fcd\u00fcm\u00fcz \u00fcr\u00fcnlerimizin \u00f6tesine uzan\u0131r - kendimizi ola\u011fan\u00fcst\u00fc m\u00fc\u015fteri hizmeti ve deste\u011fi sa\u011flamaya adad\u0131k. U\u00e7u\u015f \u00e7antas\u0131 ihtiya\u00e7lar\u0131n\u0131z i\u00e7in SX'i se\u00e7in ve kalite, uygun fiyat ve g\u00fcvenilirli\u011fin yaratabilece\u011fi fark\u0131 deneyimleyin.<\/p>\n<p>Hemen \u0130leti\u015fime Ge\u00e7in:<span style=\"color: #0000ff;\"><a style=\"color: #0000ff;\" href=\"https:\/\/sxpowercase.com\/contact-us\/\">https:\/\/sxpowercase.com\/<\/a><\/span><\/p>\n<p>Donan\u0131m \u00dcr\u00fcn Katalo\u011fu\uff1a<span style=\"color: #3366ff;\"><a style=\"color: #3366ff;\" href=\"https:\/\/sxpowercase.com\/wp-content\/uploads\/2024\/07\/\u4e94\u91d1.pdf\">Donan\u0131m aksesuarlar\u0131 katalo\u011fu<\/a><\/span><\/p>","protected":false},"excerpt":{"rendered":"<div class=\"flex max-w-full flex-col flex-grow\">\n<div class=\"min-h-[20px] text-message flex w-full flex-col items-end gap-2 break-words [.text-message+&amp;]:mt-5 overflow-x-auto whitespace-normal\" dir=\"auto\" data-message-author-role=\"assistant\" data-message-id=\"42bf8b70-78ed-45dc-bd0a-25747a65912a\">\n<div class=\"flex w-full flex-col gap-1 empty:hidden first:pt-[3px]\">\n<div class=\"markdown prose w-full break-words dark:prose-invert light\">\n<h3>SX Flight Case Dishes: Durable and Stylish<\/h3>\n<p>Customize your flight case with SX\u2019s high-quality Flight Case Dishes. Designed for durability and easy organization, they\u2019re perfect for protecting your gear.<\/p>\n<h3>Factory-Direct Savings on SX Flight Case Dishes<\/h3>\n<p>Get top-grade Flight Case Dishes from SX at unbeatable factory-direct prices. Enjoy quality and reliability without overpaying, all backed by a satisfaction guarantee.<\/p>\n<h3>Versatile Flight Case Dishes by SX<\/h3>\n<p>SX offers versatile Flight Case Dishes that fit a variety of cases, ensuring a secure fit and easy installation. Trust SX for durable solutions that meet your needs.<\/p>\n<\/div>\n<\/div>\n<\/div>\n<\/div>\n","protected":false},"featured_media":4241,"comment_status":"open","ping_status":"closed","template":"","meta":[],"product_brand":[],"product_cat":[65],"product_tag":[],"class_list":{"0":"post-4240","1":"product","2":"type-product","3":"status-publish","4":"has-post-thumbnail","6":"product_cat-dishes","8":"first","9":"instock","10":"shipping-taxable","11":"product-type-simple"},"yoast_head":"<!-- This site is optimized with the Yoast SEO Premium plugin v27.1 (Yoast SEO v27.2) - https:\/\/yoast.com\/product\/yoast-seo-premium-wordpress\/ -->\n<title>Flight Case Dishes DIA101 - https:\/\/sxflightcase.com \ud83d\udc97<\/title>\n<meta name=\"description\" content=\"Flight case dishes, factory direct! High-quality, durable dishes designed for mounting handles, latches, and other hardware in flight cases. Ideal for a flush, professional finish and long-lasting use.\" \/>\n<meta name=\"robots\" content=\"index, follow, max-snippet:-1, max-image-preview:large, max-video-preview:-1\" \/>\n<link rel=\"canonical\" href=\"https:\/\/sxflightcase.com\/tr\/urun\/ucus-cantasi-tabaklari-dia101\/\" \/>\n<meta property=\"og:locale\" content=\"tr_TR\" \/>\n<meta property=\"og:type\" content=\"article\" \/>\n<meta property=\"og:title\" content=\"Flight Case Dishes DIA101\" \/>\n<meta property=\"og:description\" content=\"Flight case dishes, factory direct! High-quality, durable dishes designed for mounting handles, latches, and other hardware in flight cases. Ideal for a flush, professional finish and long-lasting use.\" \/>\n<meta property=\"og:url\" content=\"https:\/\/sxflightcase.com\/tr\/urun\/ucus-cantasi-tabaklari-dia101\/\" \/>\n<meta property=\"og:site_name\" content=\"https:\/\/sxflightcase.com\" \/>\n<meta property=\"article:publisher\" content=\"https:\/\/www.facebook.com\/profile.php?id=61560407257971\" \/>\n<meta property=\"article:modified_time\" content=\"2024-09-03T06:14:53+00:00\" \/>\n<meta property=\"og:image\" content=\"https:\/\/sxflightcase.com\/wp-content\/uploads\/2024\/09\/DIA101.jpg\" \/>\n\t<meta property=\"og:image:width\" content=\"700\" \/>\n\t<meta property=\"og:image:height\" content=\"700\" \/>\n\t<meta property=\"og:image:type\" content=\"image\/jpeg\" \/>\n<meta name=\"twitter:card\" content=\"summary_large_image\" \/>\n<meta name=\"twitter:label1\" content=\"Tahmini okuma s\u00fcresi\" \/>\n\t<meta name=\"twitter:data1\" content=\"3 dakika\" \/>\n<script type=\"application\/ld+json\" class=\"yoast-schema-graph\">{\"@context\":\"https:\/\/schema.org\",\"@graph\":[{\"@type\":\"WebPage\",\"@id\":\"https:\/\/sxflightcase.com\/product\/flight-case-dishes-dia101\/\",\"url\":\"https:\/\/sxflightcase.com\/product\/flight-case-dishes-dia101\/\",\"name\":\"Flight Case Dishes DIA101 - https:\/\/sxflightcase.com \ud83d\udc97\",\"isPartOf\":{\"@id\":\"https:\/\/sxflightcase.com\/th\/#website\"},\"primaryImageOfPage\":{\"@id\":\"https:\/\/sxflightcase.com\/product\/flight-case-dishes-dia101\/#primaryimage\"},\"image\":{\"@id\":\"https:\/\/sxflightcase.com\/product\/flight-case-dishes-dia101\/#primaryimage\"},\"thumbnailUrl\":\"https:\/\/sxflightcase.com\/wp-content\/uploads\/2024\/09\/DIA101.jpg\",\"datePublished\":\"2024-09-03T06:14:52+00:00\",\"dateModified\":\"2024-09-03T06:14:53+00:00\",\"description\":\"Flight case dishes, factory direct! High-quality, durable dishes designed for mounting handles, latches, and other hardware in flight cases. Ideal for a flush, professional finish and long-lasting use.\",\"breadcrumb\":{\"@id\":\"https:\/\/sxflightcase.com\/product\/flight-case-dishes-dia101\/#breadcrumb\"},\"inLanguage\":\"tr\",\"potentialAction\":[{\"@type\":\"ReadAction\",\"target\":[\"https:\/\/sxflightcase.com\/product\/flight-case-dishes-dia101\/\"]}]},{\"@type\":\"ImageObject\",\"inLanguage\":\"tr\",\"@id\":\"https:\/\/sxflightcase.com\/product\/flight-case-dishes-dia101\/#primaryimage\",\"url\":\"https:\/\/sxflightcase.com\/wp-content\/uploads\/2024\/09\/DIA101.jpg\",\"contentUrl\":\"https:\/\/sxflightcase.com\/wp-content\/uploads\/2024\/09\/DIA101.jpg\",\"width\":700,\"height\":700,\"caption\":\"Flight Case Dishes\"},{\"@type\":\"BreadcrumbList\",\"@id\":\"https:\/\/sxflightcase.com\/product\/flight-case-dishes-dia101\/#breadcrumb\",\"itemListElement\":[{\"@type\":\"ListItem\",\"position\":1,\"name\":\"Home\",\"item\":\"https:\/\/sxflightcase.com\/\"},{\"@type\":\"ListItem\",\"position\":2,\"name\":\"\u0e2a\u0e34\u0e19\u0e04\u0e49\u0e32\",\"item\":\"https:\/\/sxflightcase.com\/th\/shop\/\"},{\"@type\":\"ListItem\",\"position\":3,\"name\":\"Flight Case Dishes DIA101\"}]},{\"@type\":\"WebSite\",\"@id\":\"https:\/\/sxflightcase.com\/th\/#website\",\"url\":\"https:\/\/sxflightcase.com\/th\/\",\"name\":\"sxpowercase.com\",\"description\":\"Flight Case Factory\",\"publisher\":{\"@id\":\"https:\/\/sxflightcase.com\/th\/#organization\"},\"potentialAction\":[{\"@type\":\"SearchAction\",\"target\":{\"@type\":\"EntryPoint\",\"urlTemplate\":\"https:\/\/sxflightcase.com\/th\/?s={search_term_string}\"},\"query-input\":{\"@type\":\"PropertyValueSpecification\",\"valueRequired\":true,\"valueName\":\"search_term_string\"}}],\"inLanguage\":\"tr\"},{\"@type\":\"Organization\",\"@id\":\"https:\/\/sxflightcase.com\/th\/#organization\",\"name\":\"sxpowercase.com\",\"url\":\"https:\/\/sxflightcase.com\/th\/\",\"logo\":{\"@type\":\"ImageObject\",\"inLanguage\":\"tr\",\"@id\":\"https:\/\/sxflightcase.com\/th\/#\/schema\/logo\/image\/\",\"url\":\"https:\/\/sxflightcase.com\/wp-content\/uploads\/2024\/04\/1713919036007.jpg\",\"contentUrl\":\"https:\/\/sxflightcase.com\/wp-content\/uploads\/2024\/04\/1713919036007.jpg\",\"width\":382,\"height\":388,\"caption\":\"sxpowercase.com\"},\"image\":{\"@id\":\"https:\/\/sxflightcase.com\/th\/#\/schema\/logo\/image\/\"},\"sameAs\":[\"https:\/\/www.facebook.com\/profile.php?id=61560407257971\"],\"numberOfEmployees\":{\"@type\":\"QuantitativeValue\",\"minValue\":\"11\",\"maxValue\":\"50\"}}]}<\/script>\n<!-- \/ Yoast SEO Premium plugin. -->","yoast_head_json":{"title":"Flight Case Dishes DIA101 - https:\/\/sxflightcase.com \ud83d\udc97","description":"U\u00e7u\u015f \u00e7antas\u0131 \u00e7anaklar\u0131, do\u011frudan fabrika \u00e7\u0131k\u0131\u015f\u0131! Kollar\u0131, mandallar\u0131 ve di\u011fer donan\u0131mlar\u0131 u\u00e7u\u015f \u00e7antalar\u0131na monte etmek i\u00e7in tasarlanm\u0131\u015f y\u00fcksek kaliteli, dayan\u0131kl\u0131 tabaklar. D\u00fcz, profesyonel bir y\u00fczey ve uzun \u00f6m\u00fcrl\u00fc kullan\u0131m i\u00e7in idealdir.","robots":{"index":"index","follow":"follow","max-snippet":"max-snippet:-1","max-image-preview":"max-image-preview:large","max-video-preview":"max-video-preview:-1"},"canonical":"https:\/\/sxflightcase.com\/tr\/urun\/ucus-cantasi-tabaklari-dia101\/","og_locale":"tr_TR","og_type":"article","og_title":"Flight Case Dishes DIA101","og_description":"Flight case dishes, factory direct! High-quality, durable dishes designed for mounting handles, latches, and other hardware in flight cases. Ideal for a flush, professional finish and long-lasting use.","og_url":"https:\/\/sxflightcase.com\/tr\/urun\/ucus-cantasi-tabaklari-dia101\/","og_site_name":"https:\/\/sxflightcase.com","article_publisher":"https:\/\/www.facebook.com\/profile.php?id=61560407257971","article_modified_time":"2024-09-03T06:14:53+00:00","og_image":[{"width":700,"height":700,"url":"https:\/\/sxflightcase.com\/wp-content\/uploads\/2024\/09\/DIA101.jpg","type":"image\/jpeg"}],"twitter_card":"summary_large_image","twitter_misc":{"Tahmini okuma s\u00fcresi":"3 dakika"},"schema":{"@context":"https:\/\/schema.org","@graph":[{"@type":"WebPage","@id":"https:\/\/sxflightcase.com\/product\/flight-case-dishes-dia101\/","url":"https:\/\/sxflightcase.com\/product\/flight-case-dishes-dia101\/","name":"Flight Case Dishes DIA101 - https:\/\/sxflightcase.com \ud83d\udc97","isPartOf":{"@id":"https:\/\/sxflightcase.com\/th\/#website"},"primaryImageOfPage":{"@id":"https:\/\/sxflightcase.com\/product\/flight-case-dishes-dia101\/#primaryimage"},"image":{"@id":"https:\/\/sxflightcase.com\/product\/flight-case-dishes-dia101\/#primaryimage"},"thumbnailUrl":"https:\/\/sxflightcase.com\/wp-content\/uploads\/2024\/09\/DIA101.jpg","datePublished":"2024-09-03T06:14:52+00:00","dateModified":"2024-09-03T06:14:53+00:00","description":"U\u00e7u\u015f \u00e7antas\u0131 \u00e7anaklar\u0131, do\u011frudan fabrika \u00e7\u0131k\u0131\u015f\u0131! Kollar\u0131, mandallar\u0131 ve di\u011fer donan\u0131mlar\u0131 u\u00e7u\u015f \u00e7antalar\u0131na monte etmek i\u00e7in tasarlanm\u0131\u015f y\u00fcksek kaliteli, dayan\u0131kl\u0131 tabaklar. D\u00fcz, profesyonel bir y\u00fczey ve uzun \u00f6m\u00fcrl\u00fc kullan\u0131m i\u00e7in idealdir.","breadcrumb":{"@id":"https:\/\/sxflightcase.com\/product\/flight-case-dishes-dia101\/#breadcrumb"},"inLanguage":"tr","potentialAction":[{"@type":"ReadAction","target":["https:\/\/sxflightcase.com\/product\/flight-case-dishes-dia101\/"]}]},{"@type":"ImageObject","inLanguage":"tr","@id":"https:\/\/sxflightcase.com\/product\/flight-case-dishes-dia101\/#primaryimage","url":"https:\/\/sxflightcase.com\/wp-content\/uploads\/2024\/09\/DIA101.jpg","contentUrl":"https:\/\/sxflightcase.com\/wp-content\/uploads\/2024\/09\/DIA101.jpg","width":700,"height":700,"caption":"Flight Case Dishes"},{"@type":"BreadcrumbList","@id":"https:\/\/sxflightcase.com\/product\/flight-case-dishes-dia101\/#breadcrumb","itemListElement":[{"@type":"ListItem","position":1,"name":"Home","item":"https:\/\/sxflightcase.com\/"},{"@type":"ListItem","position":2,"name":"\u0e2a\u0e34\u0e19\u0e04\u0e49\u0e32","item":"https:\/\/sxflightcase.com\/th\/shop\/"},{"@type":"ListItem","position":3,"name":"Flight Case Dishes DIA101"}]},{"@type":"WebSite","@id":"https:\/\/sxflightcase.com\/th\/#website","url":"https:\/\/sxflightcase.com\/th\/","name":"sxpowercase.com","description":"U\u00e7u\u015f \u00c7antas\u0131 Fabrikas\u0131","publisher":{"@id":"https:\/\/sxflightcase.com\/th\/#organization"},"potentialAction":[{"@type":"SearchAction","target":{"@type":"EntryPoint","urlTemplate":"https:\/\/sxflightcase.com\/th\/?s={search_term_string}"},"query-input":{"@type":"PropertyValueSpecification","valueRequired":true,"valueName":"search_term_string"}}],"inLanguage":"tr"},{"@type":"Organization","@id":"https:\/\/sxflightcase.com\/th\/#organization","name":"sxpowercase.com","url":"https:\/\/sxflightcase.com\/th\/","logo":{"@type":"ImageObject","inLanguage":"tr","@id":"https:\/\/sxflightcase.com\/th\/#\/schema\/logo\/image\/","url":"https:\/\/sxflightcase.com\/wp-content\/uploads\/2024\/04\/1713919036007.jpg","contentUrl":"https:\/\/sxflightcase.com\/wp-content\/uploads\/2024\/04\/1713919036007.jpg","width":382,"height":388,"caption":"sxpowercase.com"},"image":{"@id":"https:\/\/sxflightcase.com\/th\/#\/schema\/logo\/image\/"},"sameAs":["https:\/\/www.facebook.com\/profile.php?id=61560407257971"],"numberOfEmployees":{"@type":"QuantitativeValue","minValue":"11","maxValue":"50"}}]}},"_links":{"self":[{"href":"https:\/\/sxflightcase.com\/tr\/wp-json\/wp\/v2\/product\/4240","targetHints":{"allow":["GET"]}}],"collection":[{"href":"https:\/\/sxflightcase.com\/tr\/wp-json\/wp\/v2\/product"}],"about":[{"href":"https:\/\/sxflightcase.com\/tr\/wp-json\/wp\/v2\/types\/product"}],"replies":[{"embeddable":true,"href":"https:\/\/sxflightcase.com\/tr\/wp-json\/wp\/v2\/comments?post=4240"}],"version-history":[{"count":0,"href":"https:\/\/sxflightcase.com\/tr\/wp-json\/wp\/v2\/product\/4240\/revisions"}],"wp:featuredmedia":[{"embeddable":true,"href":"https:\/\/sxflightcase.com\/tr\/wp-json\/wp\/v2\/media\/4241"}],"wp:attachment":[{"href":"https:\/\/sxflightcase.com\/tr\/wp-json\/wp\/v2\/media?parent=4240"}],"wp:term":[{"taxonomy":"product_brand","embeddable":true,"href":"https:\/\/sxflightcase.com\/tr\/wp-json\/wp\/v2\/product_brand?post=4240"},{"taxonomy":"product_cat","embeddable":true,"href":"https:\/\/sxflightcase.com\/tr\/wp-json\/wp\/v2\/product_cat?post=4240"},{"taxonomy":"product_tag","embeddable":true,"href":"https:\/\/sxflightcase.com\/tr\/wp-json\/wp\/v2\/product_tag?post=4240"}],"curies":[{"name":"wp","href":"https:\/\/api.w.org\/{rel}","templated":true}]}}