{"id":4249,"date":"2024-09-03T07:22:33","date_gmt":"2024-09-03T06:22:33","guid":{"rendered":"https:\/\/sxpowercase.com\/?post_type=product&#038;p=4249"},"modified":"2024-09-03T07:22:33","modified_gmt":"2024-09-03T06:22:33","slug":"flight-case-dishes-dia201","status":"publish","type":"product","link":"https:\/\/sxflightcase.com\/tr\/urun\/ucus-cantasi-tabaklari-dia201\/","title":{"rendered":"U\u00e7u\u015f Kasas\u0131 Tabaklar\u0131 DIA201"},"content":{"rendered":"<h3>Ekipman\u0131n\u0131z\u0131 SX U\u00e7u\u015f \u00c7antas\u0131 Kaplar\u0131 ile Geli\u015ftirin<\/h3>\n<p>De\u011ferli ekipmanlar\u0131n\u0131z\u0131 korumak s\u00f6z konusu oldu\u011funda, <span style=\"color: #3366ff;\"><a style=\"color: #3366ff;\" href=\"https:\/\/sxpowercase.com\/product\/flight-case-dishes-dia101\/\"><strong>SX U\u00e7u\u015f \u00c7antas\u0131 Kaplar\u0131<\/strong><\/a><\/span> vazge\u00e7ilmez bir aksesuard\u0131r. Dayan\u0131kl\u0131l\u0131k ve i\u015flevsellik i\u00e7in tasarlanan bu kaplar, t\u00fcm ekipmanlar\u0131n\u0131z i\u00e7in g\u00fcvenli bir uyum sa\u011flayarak ta\u015f\u0131ma s\u0131ras\u0131nda her \u015feyin yerinde kalmas\u0131n\u0131 sa\u011flar. \u0130ster sanat\u00e7\u0131, ister teknisyen ya da DJ olun, u\u00e7u\u015f \u00e7antalar\u0131m\u0131z ekipmanlar\u0131n\u0131z\u0131 d\u00fczenli tutman\u0131za ve koruman\u0131za yard\u0131mc\u0131 olarak yolda i\u00e7inizin rahat olmas\u0131n\u0131 sa\u011flar.<\/p>\n<h3>Fabrika Fiyatlar\u0131nda E\u015fsiz Kalite<\/h3>\n<p>\u015eu anda <strong><a href=\"https:\/\/sxpowercase.com\/\" target=\"_blank\" rel=\"noopener\" title=\"SX\" data-wpil-monitor-id=\"710\">SX<\/a><\/strong>\u00fcst\u00fcn \u00fcr\u00fcnleri rakipsiz fiyatlarla sunmay\u0131 taahh\u00fct ediyoruz. Bizim <strong>U\u00e7u\u015f \u00c7antas\u0131 Yemekleri<\/strong> birinci s\u0131n\u0131f malzemelerden \u00fcretilmi\u015ftir ve zaman\u0131n testine dayanmalar\u0131n\u0131 sa\u011flar. Fabrikadan do\u011frudan fiyatland\u0131rma sunarak, gereksiz maliyetleri ortadan kald\u0131r\u0131yor ve b\u00fct\u00e7enizi sarsmadan kaliteye yat\u0131r\u0131m yapman\u0131z\u0131 sa\u011fl\u0131yoruz. Tabaklar\u0131m\u0131z y\u00fcksek standartlar\u0131m\u0131z\u0131 kar\u015f\u0131lad\u0131klar\u0131ndan emin olmak i\u00e7in titizlikle test edilir, b\u00f6ylece her par\u00e7an\u0131n performans\u0131na g\u00fcvenebilirsiniz.<\/p>\n<h3>Uygun Maliyetli ve G\u00fcvenilir \u00c7\u00f6z\u00fcmler<\/h3>\n<p>En iyisine \u00e7ok daha ucuza sahip olabilecekken neden daha az\u0131yla yetinesiniz? <strong>SX<\/strong> t\u00fcm u\u00e7u\u015f \u00e7antas\u0131 ihtiya\u00e7lar\u0131n\u0131z i\u00e7in uygun maliyetli \u00e7\u00f6z\u00fcmler sunar. Bizim <strong>U\u00e7u\u015f \u00c7antas\u0131 Yemekleri<\/strong> premium fiyat etiketi olmadan g\u00fcvenilir performans sunar. Kolay kurulum ve uzun \u00f6m\u00fcrl\u00fc kullan\u0131m i\u00e7in tasarlanan bu \u00e7anaklar m\u00fckemmel de\u011fer sunarak dayan\u0131kl\u0131 ve uygun fiyatl\u0131 ekipmana ihtiya\u00e7 duyan profesyoneller i\u00e7in ak\u0131ll\u0131 bir se\u00e7imdir.<\/p>\n<h3>\u00c7ok Y\u00f6nl\u00fc ve Kurulumu Kolay<\/h3>\n<p>Bizim <strong>Yol<\/strong> <strong>Kasa Yemekleri<\/strong> geni\u015f bir yelpazedeki ihtiya\u00e7lar\u0131 kar\u015f\u0131layacak kadar \u00e7ok y\u00f6nl\u00fcd\u00fcr. \u0130ster kablolar\u0131 d\u00fczenliyor, ister aksesuarlar\u0131 sabitliyor veya hassas ekipmanlar\u0131 koruyor olun, SX sizin i\u00e7in do\u011fru tablaya sahiptir. Kolay kurulum i\u00e7in tasarlanan \u00e7anaklar\u0131m\u0131z, her t\u00fcrl\u00fc u\u00e7u\u015f \u00e7antas\u0131na g\u00fcvenli bir \u015fekilde oturmas\u0131n\u0131 sa\u011flar. Birden fazla se\u00e7enekle, kurulumunuzu \u00f6zel gereksinimlerinize uyacak \u015fekilde \u00f6zelle\u015ftirebilir ve iyi organize edilmi\u015f bir \u00e7antayla gelen g\u00f6n\u00fcl rahatl\u0131\u011f\u0131n\u0131n keyfini \u00e7\u0131karabilirsiniz.<\/p>\n<h3>Her Sat\u0131n Al\u0131mda Memnuniyet Garantisi<\/h3>\n<p>\u015eu anda <strong>SX<\/strong>sizin memnuniyetiniz bizim \u00f6nceli\u011fimizdir. Arkas\u0131nday\u0131z <strong>Yol<\/strong> <strong>Kasa Yemekleri<\/strong> Sat\u0131n alma i\u015fleminizden tamamen memnun kalman\u0131z\u0131 sa\u011flayan bir garanti ile. Memnun kalmazsan\u0131z, m\u00fc\u015fteri destek ekibimiz size yard\u0131mc\u0131 olmaya haz\u0131rd\u0131r. \u00dcr\u00fcnlerimizin kalitesine ve sunduklar\u0131 de\u011fere inan\u0131yoruz ve SX'i bir kez se\u00e7ti\u011finizde asla geriye bakmayaca\u011f\u0131n\u0131zdan eminiz. Kalite ve uygun fiyat\u0131n yaratabilece\u011fi fark\u0131 deneyimleyin - u\u00e7u\u015f \u00e7antas\u0131 ihtiya\u00e7lar\u0131n\u0131z i\u00e7in SX'i se\u00e7in.<\/p>\n<p>Hemen \u0130leti\u015fime Ge\u00e7in:<span style=\"color: #0000ff;\"><a style=\"color: #0000ff;\" href=\"https:\/\/sxpowercase.com\/contact-us\/\">https:\/\/sxpowercase.com\/<\/a><\/span><\/p>\n<p>Donan\u0131m \u00dcr\u00fcn Katalo\u011fu\uff1a<span style=\"color: #3366ff;\"><a style=\"color: #3366ff;\" href=\"https:\/\/sxpowercase.com\/wp-content\/uploads\/2024\/07\/\u4e94\u91d1.pdf\">Donan\u0131m aksesuarlar\u0131 katalo\u011fu<\/a><\/span><\/p>","protected":false},"excerpt":{"rendered":"<div class=\"flex max-w-full flex-col flex-grow\">\n<div class=\"min-h-[20px] text-message flex w-full flex-col items-end gap-2 break-words [.text-message+&amp;]:mt-5 overflow-x-auto whitespace-normal\" dir=\"auto\" data-message-author-role=\"assistant\" data-message-id=\"42bf8b70-78ed-45dc-bd0a-25747a65912a\">\n<div class=\"flex w-full flex-col gap-1 empty:hidden first:pt-[3px]\">\n<div class=\"markdown prose w-full break-words dark:prose-invert light\">\n<h3>SX Flight Case Dishes: Durable and Stylish<\/h3>\n<p>Customize your flight case with SX\u2019s high-quality Flight Case Dishes. Designed for durability and easy organization, they\u2019re perfect for protecting your gear.<\/p>\n<h3>Factory-Direct Savings on SX Flight Case Dishes<\/h3>\n<p>Get top-grade Flight Case Dishes from SX at unbeatable factory-direct prices. Enjoy quality and reliability without overpaying, all backed by a satisfaction guarantee.<\/p>\n<h3>Versatile Flight Case Dishes by SX<\/h3>\n<p>SX offers versatile Flight Case Dishes that fit a variety of cases, ensuring a secure fit and easy installation. Trust SX for durable solutions that meet your needs.<\/p>\n<\/div>\n<\/div>\n<\/div>\n<\/div>\n","protected":false},"featured_media":4242,"comment_status":"open","ping_status":"closed","template":"","meta":[],"product_brand":[],"product_cat":[65],"product_tag":[],"class_list":{"0":"post-4249","1":"product","2":"type-product","3":"status-publish","4":"has-post-thumbnail","6":"product_cat-dishes","8":"first","9":"instock","10":"shipping-taxable","11":"product-type-simple"},"yoast_head":"<!-- This site is optimized with the Yoast SEO Premium plugin v27.1 (Yoast SEO v27.2) - https:\/\/yoast.com\/product\/yoast-seo-premium-wordpress\/ -->\n<title>Flight Case Dishes DIA201 - https:\/\/sxflightcase.com \ud83d\udc97<\/title>\n<meta name=\"description\" content=\"Flight case dishes, factory direct! High-quality, durable dishes designed for mounting handles, latches, and other hardware in flight cases. Ideal for a flush, professional finish and long-lasting use.\" \/>\n<meta name=\"robots\" content=\"index, follow, max-snippet:-1, max-image-preview:large, max-video-preview:-1\" \/>\n<link rel=\"canonical\" href=\"https:\/\/sxflightcase.com\/tr\/urun\/ucus-cantasi-tabaklari-dia201\/\" \/>\n<meta property=\"og:locale\" content=\"tr_TR\" \/>\n<meta property=\"og:type\" content=\"article\" \/>\n<meta property=\"og:title\" content=\"Flight Case Dishes DIA201\" \/>\n<meta property=\"og:description\" content=\"Flight case dishes, factory direct! High-quality, durable dishes designed for mounting handles, latches, and other hardware in flight cases. Ideal for a flush, professional finish and long-lasting use.\" \/>\n<meta property=\"og:url\" content=\"https:\/\/sxflightcase.com\/tr\/urun\/ucus-cantasi-tabaklari-dia201\/\" \/>\n<meta property=\"og:site_name\" content=\"https:\/\/sxflightcase.com\" \/>\n<meta property=\"article:publisher\" content=\"https:\/\/www.facebook.com\/profile.php?id=61560407257971\" \/>\n<meta property=\"og:image\" content=\"https:\/\/sxflightcase.com\/wp-content\/uploads\/2024\/09\/DIA201.jpg\" \/>\n\t<meta property=\"og:image:width\" content=\"700\" \/>\n\t<meta property=\"og:image:height\" content=\"700\" \/>\n\t<meta property=\"og:image:type\" content=\"image\/jpeg\" \/>\n<meta name=\"twitter:card\" content=\"summary_large_image\" \/>\n<meta name=\"twitter:label1\" content=\"Tahmini okuma s\u00fcresi\" \/>\n\t<meta name=\"twitter:data1\" content=\"3 dakika\" \/>\n<script type=\"application\/ld+json\" class=\"yoast-schema-graph\">{\"@context\":\"https:\/\/schema.org\",\"@graph\":[{\"@type\":\"WebPage\",\"@id\":\"https:\/\/sxflightcase.com\/product\/flight-case-dishes-dia201\/\",\"url\":\"https:\/\/sxflightcase.com\/product\/flight-case-dishes-dia201\/\",\"name\":\"Flight Case Dishes DIA201 - https:\/\/sxflightcase.com \ud83d\udc97\",\"isPartOf\":{\"@id\":\"https:\/\/sxflightcase.com\/th\/#website\"},\"primaryImageOfPage\":{\"@id\":\"https:\/\/sxflightcase.com\/product\/flight-case-dishes-dia201\/#primaryimage\"},\"image\":{\"@id\":\"https:\/\/sxflightcase.com\/product\/flight-case-dishes-dia201\/#primaryimage\"},\"thumbnailUrl\":\"https:\/\/sxflightcase.com\/wp-content\/uploads\/2024\/09\/DIA201.jpg\",\"datePublished\":\"2024-09-03T06:22:33+00:00\",\"description\":\"Flight case dishes, factory direct! High-quality, durable dishes designed for mounting handles, latches, and other hardware in flight cases. Ideal for a flush, professional finish and long-lasting use.\",\"breadcrumb\":{\"@id\":\"https:\/\/sxflightcase.com\/product\/flight-case-dishes-dia201\/#breadcrumb\"},\"inLanguage\":\"tr\",\"potentialAction\":[{\"@type\":\"ReadAction\",\"target\":[\"https:\/\/sxflightcase.com\/product\/flight-case-dishes-dia201\/\"]}]},{\"@type\":\"ImageObject\",\"inLanguage\":\"tr\",\"@id\":\"https:\/\/sxflightcase.com\/product\/flight-case-dishes-dia201\/#primaryimage\",\"url\":\"https:\/\/sxflightcase.com\/wp-content\/uploads\/2024\/09\/DIA201.jpg\",\"contentUrl\":\"https:\/\/sxflightcase.com\/wp-content\/uploads\/2024\/09\/DIA201.jpg\",\"width\":700,\"height\":700,\"caption\":\"Flight Case Dishes\"},{\"@type\":\"BreadcrumbList\",\"@id\":\"https:\/\/sxflightcase.com\/product\/flight-case-dishes-dia201\/#breadcrumb\",\"itemListElement\":[{\"@type\":\"ListItem\",\"position\":1,\"name\":\"Home\",\"item\":\"https:\/\/sxflightcase.com\/\"},{\"@type\":\"ListItem\",\"position\":2,\"name\":\"\u0e2a\u0e34\u0e19\u0e04\u0e49\u0e32\",\"item\":\"https:\/\/sxflightcase.com\/th\/shop\/\"},{\"@type\":\"ListItem\",\"position\":3,\"name\":\"Flight Case Dishes DIA201\"}]},{\"@type\":\"WebSite\",\"@id\":\"https:\/\/sxflightcase.com\/th\/#website\",\"url\":\"https:\/\/sxflightcase.com\/th\/\",\"name\":\"sxpowercase.com\",\"description\":\"Flight Case Factory\",\"publisher\":{\"@id\":\"https:\/\/sxflightcase.com\/th\/#organization\"},\"potentialAction\":[{\"@type\":\"SearchAction\",\"target\":{\"@type\":\"EntryPoint\",\"urlTemplate\":\"https:\/\/sxflightcase.com\/th\/?s={search_term_string}\"},\"query-input\":{\"@type\":\"PropertyValueSpecification\",\"valueRequired\":true,\"valueName\":\"search_term_string\"}}],\"inLanguage\":\"tr\"},{\"@type\":\"Organization\",\"@id\":\"https:\/\/sxflightcase.com\/th\/#organization\",\"name\":\"sxpowercase.com\",\"url\":\"https:\/\/sxflightcase.com\/th\/\",\"logo\":{\"@type\":\"ImageObject\",\"inLanguage\":\"tr\",\"@id\":\"https:\/\/sxflightcase.com\/th\/#\/schema\/logo\/image\/\",\"url\":\"https:\/\/sxflightcase.com\/wp-content\/uploads\/2024\/04\/1713919036007.jpg\",\"contentUrl\":\"https:\/\/sxflightcase.com\/wp-content\/uploads\/2024\/04\/1713919036007.jpg\",\"width\":382,\"height\":388,\"caption\":\"sxpowercase.com\"},\"image\":{\"@id\":\"https:\/\/sxflightcase.com\/th\/#\/schema\/logo\/image\/\"},\"sameAs\":[\"https:\/\/www.facebook.com\/profile.php?id=61560407257971\"],\"numberOfEmployees\":{\"@type\":\"QuantitativeValue\",\"minValue\":\"11\",\"maxValue\":\"50\"}}]}<\/script>\n<!-- \/ Yoast SEO Premium plugin. -->","yoast_head_json":{"title":"Flight Case Dishes DIA201 - https:\/\/sxflightcase.com \ud83d\udc97","description":"U\u00e7u\u015f \u00e7antas\u0131 \u00e7anaklar\u0131, do\u011frudan fabrika \u00e7\u0131k\u0131\u015f\u0131! Kollar\u0131, mandallar\u0131 ve di\u011fer donan\u0131mlar\u0131 u\u00e7u\u015f \u00e7antalar\u0131na monte etmek i\u00e7in tasarlanm\u0131\u015f y\u00fcksek kaliteli, dayan\u0131kl\u0131 tabaklar. D\u00fcz, profesyonel bir y\u00fczey ve uzun \u00f6m\u00fcrl\u00fc kullan\u0131m i\u00e7in idealdir.","robots":{"index":"index","follow":"follow","max-snippet":"max-snippet:-1","max-image-preview":"max-image-preview:large","max-video-preview":"max-video-preview:-1"},"canonical":"https:\/\/sxflightcase.com\/tr\/urun\/ucus-cantasi-tabaklari-dia201\/","og_locale":"tr_TR","og_type":"article","og_title":"Flight Case Dishes DIA201","og_description":"Flight case dishes, factory direct! High-quality, durable dishes designed for mounting handles, latches, and other hardware in flight cases. Ideal for a flush, professional finish and long-lasting use.","og_url":"https:\/\/sxflightcase.com\/tr\/urun\/ucus-cantasi-tabaklari-dia201\/","og_site_name":"https:\/\/sxflightcase.com","article_publisher":"https:\/\/www.facebook.com\/profile.php?id=61560407257971","og_image":[{"width":700,"height":700,"url":"https:\/\/sxflightcase.com\/wp-content\/uploads\/2024\/09\/DIA201.jpg","type":"image\/jpeg"}],"twitter_card":"summary_large_image","twitter_misc":{"Tahmini okuma s\u00fcresi":"3 dakika"},"schema":{"@context":"https:\/\/schema.org","@graph":[{"@type":"WebPage","@id":"https:\/\/sxflightcase.com\/product\/flight-case-dishes-dia201\/","url":"https:\/\/sxflightcase.com\/product\/flight-case-dishes-dia201\/","name":"Flight Case Dishes DIA201 - https:\/\/sxflightcase.com \ud83d\udc97","isPartOf":{"@id":"https:\/\/sxflightcase.com\/th\/#website"},"primaryImageOfPage":{"@id":"https:\/\/sxflightcase.com\/product\/flight-case-dishes-dia201\/#primaryimage"},"image":{"@id":"https:\/\/sxflightcase.com\/product\/flight-case-dishes-dia201\/#primaryimage"},"thumbnailUrl":"https:\/\/sxflightcase.com\/wp-content\/uploads\/2024\/09\/DIA201.jpg","datePublished":"2024-09-03T06:22:33+00:00","description":"U\u00e7u\u015f \u00e7antas\u0131 \u00e7anaklar\u0131, do\u011frudan fabrika \u00e7\u0131k\u0131\u015f\u0131! Kollar\u0131, mandallar\u0131 ve di\u011fer donan\u0131mlar\u0131 u\u00e7u\u015f \u00e7antalar\u0131na monte etmek i\u00e7in tasarlanm\u0131\u015f y\u00fcksek kaliteli, dayan\u0131kl\u0131 tabaklar. D\u00fcz, profesyonel bir y\u00fczey ve uzun \u00f6m\u00fcrl\u00fc kullan\u0131m i\u00e7in idealdir.","breadcrumb":{"@id":"https:\/\/sxflightcase.com\/product\/flight-case-dishes-dia201\/#breadcrumb"},"inLanguage":"tr","potentialAction":[{"@type":"ReadAction","target":["https:\/\/sxflightcase.com\/product\/flight-case-dishes-dia201\/"]}]},{"@type":"ImageObject","inLanguage":"tr","@id":"https:\/\/sxflightcase.com\/product\/flight-case-dishes-dia201\/#primaryimage","url":"https:\/\/sxflightcase.com\/wp-content\/uploads\/2024\/09\/DIA201.jpg","contentUrl":"https:\/\/sxflightcase.com\/wp-content\/uploads\/2024\/09\/DIA201.jpg","width":700,"height":700,"caption":"Flight Case Dishes"},{"@type":"BreadcrumbList","@id":"https:\/\/sxflightcase.com\/product\/flight-case-dishes-dia201\/#breadcrumb","itemListElement":[{"@type":"ListItem","position":1,"name":"Home","item":"https:\/\/sxflightcase.com\/"},{"@type":"ListItem","position":2,"name":"\u0e2a\u0e34\u0e19\u0e04\u0e49\u0e32","item":"https:\/\/sxflightcase.com\/th\/shop\/"},{"@type":"ListItem","position":3,"name":"Flight Case Dishes DIA201"}]},{"@type":"WebSite","@id":"https:\/\/sxflightcase.com\/th\/#website","url":"https:\/\/sxflightcase.com\/th\/","name":"sxpowercase.com","description":"U\u00e7u\u015f \u00c7antas\u0131 Fabrikas\u0131","publisher":{"@id":"https:\/\/sxflightcase.com\/th\/#organization"},"potentialAction":[{"@type":"SearchAction","target":{"@type":"EntryPoint","urlTemplate":"https:\/\/sxflightcase.com\/th\/?s={search_term_string}"},"query-input":{"@type":"PropertyValueSpecification","valueRequired":true,"valueName":"search_term_string"}}],"inLanguage":"tr"},{"@type":"Organization","@id":"https:\/\/sxflightcase.com\/th\/#organization","name":"sxpowercase.com","url":"https:\/\/sxflightcase.com\/th\/","logo":{"@type":"ImageObject","inLanguage":"tr","@id":"https:\/\/sxflightcase.com\/th\/#\/schema\/logo\/image\/","url":"https:\/\/sxflightcase.com\/wp-content\/uploads\/2024\/04\/1713919036007.jpg","contentUrl":"https:\/\/sxflightcase.com\/wp-content\/uploads\/2024\/04\/1713919036007.jpg","width":382,"height":388,"caption":"sxpowercase.com"},"image":{"@id":"https:\/\/sxflightcase.com\/th\/#\/schema\/logo\/image\/"},"sameAs":["https:\/\/www.facebook.com\/profile.php?id=61560407257971"],"numberOfEmployees":{"@type":"QuantitativeValue","minValue":"11","maxValue":"50"}}]}},"_links":{"self":[{"href":"https:\/\/sxflightcase.com\/tr\/wp-json\/wp\/v2\/product\/4249","targetHints":{"allow":["GET"]}}],"collection":[{"href":"https:\/\/sxflightcase.com\/tr\/wp-json\/wp\/v2\/product"}],"about":[{"href":"https:\/\/sxflightcase.com\/tr\/wp-json\/wp\/v2\/types\/product"}],"replies":[{"embeddable":true,"href":"https:\/\/sxflightcase.com\/tr\/wp-json\/wp\/v2\/comments?post=4249"}],"version-history":[{"count":0,"href":"https:\/\/sxflightcase.com\/tr\/wp-json\/wp\/v2\/product\/4249\/revisions"}],"wp:featuredmedia":[{"embeddable":true,"href":"https:\/\/sxflightcase.com\/tr\/wp-json\/wp\/v2\/media\/4242"}],"wp:attachment":[{"href":"https:\/\/sxflightcase.com\/tr\/wp-json\/wp\/v2\/media?parent=4249"}],"wp:term":[{"taxonomy":"product_brand","embeddable":true,"href":"https:\/\/sxflightcase.com\/tr\/wp-json\/wp\/v2\/product_brand?post=4249"},{"taxonomy":"product_cat","embeddable":true,"href":"https:\/\/sxflightcase.com\/tr\/wp-json\/wp\/v2\/product_cat?post=4249"},{"taxonomy":"product_tag","embeddable":true,"href":"https:\/\/sxflightcase.com\/tr\/wp-json\/wp\/v2\/product_tag?post=4249"}],"curies":[{"name":"wp","href":"https:\/\/api.w.org\/{rel}","templated":true}]}}