{"id":4250,"date":"2024-09-03T07:29:04","date_gmt":"2024-09-03T06:29:04","guid":{"rendered":"https:\/\/sxpowercase.com\/?post_type=product&#038;p=4250"},"modified":"2024-09-03T07:29:05","modified_gmt":"2024-09-03T06:29:05","slug":"flight-case-wheel-hub-dia301","status":"publish","type":"product","link":"https:\/\/sxflightcase.com\/tr\/urun\/ucus-kutusu-tekerlek-gobegi-dia301-2\/","title":{"rendered":"U\u00e7u\u015f Kasas\u0131 Tekerlek G\u00f6be\u011fi DIA301"},"content":{"rendered":"<h3>SX U\u00e7u\u015f \u00c7antas\u0131 Tekerlek G\u00f6beklerinin Dayan\u0131kl\u0131l\u0131\u011f\u0131n\u0131 Ke\u015ffedin<\/h3>\n<p>De\u011ferli ekipmanlar\u0131n\u0131z\u0131n ta\u015f\u0131nmas\u0131 s\u00f6z konusu oldu\u011funda, u\u00e7u\u015f \u00e7antan\u0131z\u0131n g\u00fcvenilirli\u011fi \u00e7ok \u00f6nemlidir. U\u00e7u\u015f \u00e7antas\u0131 <strong>SX U\u00e7u\u015f \u00c7antas\u0131 Tekerlek G\u00f6be\u011fi<\/strong> ekipman\u0131n\u0131z\u0131n ihtiya\u00e7 duydu\u011fu sorunsuz ve g\u00fcvenli hareketlili\u011fi sa\u011flamak i\u00e7in tasarlanm\u0131\u015ft\u0131r. En kaliteli malzemelerle tasarlanan bu tekerlek g\u00f6bekleri, u\u00e7u\u015f \u00e7antalar\u0131n\u0131z\u0131n zahmetsizce kaymas\u0131n\u0131 sa\u011flayarak hem \u00e7antada hem de i\u00e7indeki i\u00e7eriklerde a\u015f\u0131nma ve y\u0131pranmay\u0131 azalt\u0131r. \u0130le <a href=\"https:\/\/sxpowercase.com\/\" target=\"_blank\" rel=\"noopener\" title=\"SX\" data-wpil-monitor-id=\"711\">SX<\/a>g\u00fc\u00e7 ve performans\u0131n m\u00fckemmel kombinasyonunu elde ederek ta\u015f\u0131man\u0131z\u0131 endi\u015fesiz hale getirir.<\/p>\n<h3>E\u015fsiz De\u011fer i\u00e7in Fabrika Do\u011frudan Fiyatlar\u0131<\/h3>\n<p>\u015eu anda <strong>SX<\/strong>\u00dcst\u00fcn fiyat etiketi olmadan \u00fcst\u00fcn kalite sunmaya inan\u0131yoruz. Bizim <a href=\"https:\/\/sxpowercase.com\/product\/flight-case-dishes-dia201\/\"><strong>U\u00e7u\u015f \u00c7antas\u0131 Tekerlek G\u00f6bekleri<\/strong><\/a> do\u011frudan fabrika fiyatlar\u0131ndan temin edilebilir ve paran\u0131z\u0131n kar\u015f\u0131l\u0131\u011f\u0131n\u0131 en iyi \u015fekilde alman\u0131z\u0131 sa\u011flar. Arac\u0131lar\u0131 devre d\u0131\u015f\u0131 b\u0131rakarak, tasarruflar\u0131 do\u011frudan size aktar\u0131yor ve birinci s\u0131n\u0131f \u00fcr\u00fcnlere uygun fiyatlarla yat\u0131r\u0131m yapman\u0131z\u0131 sa\u011fl\u0131yoruz. Her hub y\u00fcksek standartlar\u0131 kar\u015f\u0131layacak \u015fekilde titizlikle \u00fcretilir ve ekipman\u0131n\u0131z\u0131n her zaman en iyi destekle hareket halinde olmas\u0131n\u0131 sa\u011flar.<\/p>\n<h3>G\u00fcvenebilece\u011finiz Kalite<\/h3>\n<p><strong>SX U\u00e7u\u015f \u00c7antas\u0131 Tekerlek G\u00f6bekleri<\/strong> dayan\u0131kl\u0131l\u0131k ve performansa odaklanarak uzun \u00f6m\u00fcrl\u00fc olacak \u015fekilde \u00fcretilmi\u015ftir. Ekipman\u0131n\u0131z\u0131n g\u00fcvenli\u011finin tart\u0131\u015f\u0131lmaz oldu\u011funu biliyoruz, bu nedenle g\u00f6beklerimizde yaln\u0131zca y\u00fcksek kaliteli malzemeler kullan\u0131yoruz. Her \u00fcr\u00fcn, kat\u0131 kalite y\u00f6nergelerimizi kar\u015f\u0131lad\u0131\u011f\u0131ndan emin olmak i\u00e7in titiz testlerden ge\u00e7irilir. \u0130le <strong>SX<\/strong>u\u00e7u\u015f \u00e7antan\u0131z\u0131n her yolculukta en iyi performans\u0131 g\u00f6sterece\u011fine g\u00fcvenebilirsiniz.<\/p>\n<h3>Kolay Kurulum ve \u00c7ok Y\u00f6nl\u00fc Kullan\u0131m<\/h3>\n<p>Y\u00fckleme <strong>SX U\u00e7u\u015f \u00c7antas\u0131 Tekerlek G\u00f6be\u011fi<\/strong> \u00e7ocuk oyunca\u011f\u0131d\u0131r. \u00c7ok \u00e7e\u015fitli u\u00e7u\u015f \u00e7antalar\u0131na kolay entegrasyon i\u00e7in tasarlanan bu g\u00f6bekler, t\u00fcm ekipmanlar\u0131n\u0131z i\u00e7in g\u00fcvenli ve sabit bir taban sa\u011flar. \u0130ster yeni bir \u00e7antay\u0131 donat\u0131yor ister mevcut bir \u00e7antay\u0131 y\u00fckseltiyor olun, tekerlek g\u00f6beklerimiz m\u00fckemmel bir se\u00e7imdir. \u00c7ok y\u00f6nl\u00fcl\u00fckleri onlar\u0131 \u00e7e\u015fitli uygulamalar i\u00e7in uygun hale getirir ve yolculuk ne olursa olsun ekipman\u0131n\u0131z\u0131n her zaman iyi desteklenmesini sa\u011flar.<\/p>\n<h3>SX ile Garantili Memnuniyet<\/h3>\n<p>Memnuniyetiniz bizim i\u00e7in en \u00f6nemli \u00f6nceliktir <strong>SX<\/strong>. Kalitemizin arkas\u0131nday\u0131z <strong>U\u00e7u\u015f \u00c7antas\u0131 Tekerlek G\u00f6bekleri<\/strong> ve sat\u0131n alma i\u015fleminizden tamamen memnun kalman\u0131z\u0131 sa\u011flamaya kararl\u0131y\u0131z. Herhangi bir nedenle memnun kalmazsan\u0131z, \u00f6zel m\u00fc\u015fteri destek ekibimiz size yard\u0131mc\u0131 olmak i\u00e7in buradad\u0131r. Tekerlek g\u00f6beklerimizin dayan\u0131kl\u0131l\u0131\u011f\u0131n\u0131 ve performans\u0131n\u0131 bir kez deneyimledi\u011finizde, SX'in neden u\u00e7u\u015f \u00e7antas\u0131 aksesuarlar\u0131 i\u00e7in tercih edilen marka oldu\u011funu g\u00f6rece\u011finizden eminiz. Bir sonraki y\u00fckseltmeniz i\u00e7in SX'i se\u00e7in ve b\u00fct\u00e7enizi sarsmayacak bir fiyata g\u00fcvenilir performans\u0131n keyfini \u00e7\u0131kar\u0131n.<\/p>\n<p>Hemen \u0130leti\u015fime Ge\u00e7in:<span style=\"color: #0000ff;\"><a style=\"color: #0000ff;\" href=\"https:\/\/sxpowercase.com\/contact-us\/\">https:\/\/sxpowercase.com\/<\/a><\/span><\/p>\n<p>Donan\u0131m \u00dcr\u00fcn Katalo\u011fu\uff1a<span style=\"color: #3366ff;\"><a style=\"color: #3366ff;\" href=\"https:\/\/sxpowercase.com\/wp-content\/uploads\/2024\/07\/\u4e94\u91d1.pdf\">Donan\u0131m aksesuarlar\u0131 katalo\u011fu<\/a><\/span><\/p>","protected":false},"excerpt":{"rendered":"<h3>SX U\u00e7u\u015f \u00c7antas\u0131 Tekerlek G\u00f6bekleri: Sorunsuz ve G\u00fcvenli Hareketlilik<\/h3>\n<p>SX U\u00e7u\u015f \u00c7antas\u0131 Tekerlek G\u00f6bekleri ile ekipmanlar\u0131n\u0131z\u0131n zahmetsizce ta\u015f\u0131nmas\u0131n\u0131 sa\u011flay\u0131n. En kaliteli malzemelerle \u00fcretilen bu g\u00f6bekler, her yolculukta g\u00fcvenilir performans sa\u011flar.<\/p>\n<h3>SX Fabrika Do\u011frudan Fiyatland\u0131rmas\u0131 ile Uygun Fiyatl\u0131 Kalite<\/h3>\n<p>SX'ten rakipsiz fabrika do\u011frudan fiyatlar\u0131yla birinci s\u0131n\u0131f U\u00e7u\u015f \u00c7antas\u0131 Tekerlek G\u00f6bekleri al\u0131n. Y\u00fcksek maliyet olmadan birinci s\u0131n\u0131f dayan\u0131kl\u0131l\u0131k ve performans\u0131n keyfini \u00e7\u0131kar\u0131n.<\/p>\n<h3>Kolay Kurulum ve G\u00fcvenilir Destek<\/h3>\n<p>SX U\u00e7u\u015f \u00c7antas\u0131 Tekerlek G\u00f6beklerinin kurulumu kolayd\u0131r ve \u00e7e\u015fitli uygulamalar i\u00e7in \u00e7ok y\u00f6nl\u00fcd\u00fcr. Ekipman\u0131n\u0131z\u0131n iyi desteklenmesi ve sorunsuz hareket etmesi i\u00e7in SX'e g\u00fcvenin.<\/p>","protected":false},"featured_media":4243,"comment_status":"open","ping_status":"closed","template":"","meta":[],"product_brand":[],"product_cat":[65],"product_tag":[],"class_list":{"0":"post-4250","1":"product","2":"type-product","3":"status-publish","4":"has-post-thumbnail","6":"product_cat-dishes","8":"first","9":"instock","10":"shipping-taxable","11":"product-type-simple"},"yoast_head":"<!-- This site is optimized with the Yoast SEO Premium plugin v27.1 (Yoast SEO v27.2) - https:\/\/yoast.com\/product\/yoast-seo-premium-wordpress\/ -->\n<title>Flight Case Wheel Hub DIA301 - https:\/\/sxflightcase.com \ud83d\udc97<\/title>\n<meta name=\"description\" content=\"Flight case wheel hub, factory direct! High-quality, durable hubs designed for smooth and reliable mobility of flight cases. Perfect for ensuring easy transport and long-lasting performance.\" \/>\n<meta name=\"robots\" content=\"index, follow, max-snippet:-1, max-image-preview:large, max-video-preview:-1\" \/>\n<link rel=\"canonical\" href=\"https:\/\/sxflightcase.com\/tr\/urun\/ucus-kutusu-tekerlek-gobegi-dia301-2\/\" \/>\n<meta property=\"og:locale\" content=\"tr_TR\" \/>\n<meta property=\"og:type\" content=\"article\" \/>\n<meta property=\"og:title\" content=\"Flight Case Wheel Hub DIA301\" \/>\n<meta property=\"og:description\" content=\"Flight case wheel hub, factory direct! High-quality, durable hubs designed for smooth and reliable mobility of flight cases. Perfect for ensuring easy transport and long-lasting performance.\" \/>\n<meta property=\"og:url\" content=\"https:\/\/sxflightcase.com\/tr\/urun\/ucus-kutusu-tekerlek-gobegi-dia301-2\/\" \/>\n<meta property=\"og:site_name\" content=\"https:\/\/sxflightcase.com\" \/>\n<meta property=\"article:publisher\" content=\"https:\/\/www.facebook.com\/profile.php?id=61560407257971\" \/>\n<meta property=\"article:modified_time\" content=\"2024-09-03T06:29:05+00:00\" \/>\n<meta property=\"og:image\" content=\"https:\/\/sxflightcase.com\/wp-content\/uploads\/2024\/09\/DIA301.jpg\" \/>\n\t<meta property=\"og:image:width\" content=\"700\" \/>\n\t<meta property=\"og:image:height\" content=\"700\" \/>\n\t<meta property=\"og:image:type\" content=\"image\/jpeg\" \/>\n<meta name=\"twitter:card\" content=\"summary_large_image\" \/>\n<meta name=\"twitter:label1\" content=\"Tahmini okuma s\u00fcresi\" \/>\n\t<meta name=\"twitter:data1\" content=\"3 dakika\" \/>\n<script type=\"application\/ld+json\" class=\"yoast-schema-graph\">{\"@context\":\"https:\/\/schema.org\",\"@graph\":[{\"@type\":\"WebPage\",\"@id\":\"https:\/\/sxflightcase.com\/product\/flight-case-wheel-hub-dia301\/\",\"url\":\"https:\/\/sxflightcase.com\/product\/flight-case-wheel-hub-dia301\/\",\"name\":\"Flight Case Wheel Hub DIA301 - https:\/\/sxflightcase.com \ud83d\udc97\",\"isPartOf\":{\"@id\":\"https:\/\/sxflightcase.com\/th\/#website\"},\"primaryImageOfPage\":{\"@id\":\"https:\/\/sxflightcase.com\/product\/flight-case-wheel-hub-dia301\/#primaryimage\"},\"image\":{\"@id\":\"https:\/\/sxflightcase.com\/product\/flight-case-wheel-hub-dia301\/#primaryimage\"},\"thumbnailUrl\":\"https:\/\/sxflightcase.com\/wp-content\/uploads\/2024\/09\/DIA301.jpg\",\"datePublished\":\"2024-09-03T06:29:04+00:00\",\"dateModified\":\"2024-09-03T06:29:05+00:00\",\"description\":\"Flight case wheel hub, factory direct! High-quality, durable hubs designed for smooth and reliable mobility of flight cases. Perfect for ensuring easy transport and long-lasting performance.\",\"breadcrumb\":{\"@id\":\"https:\/\/sxflightcase.com\/product\/flight-case-wheel-hub-dia301\/#breadcrumb\"},\"inLanguage\":\"tr\",\"potentialAction\":[{\"@type\":\"ReadAction\",\"target\":[\"https:\/\/sxflightcase.com\/product\/flight-case-wheel-hub-dia301\/\"]}]},{\"@type\":\"ImageObject\",\"inLanguage\":\"tr\",\"@id\":\"https:\/\/sxflightcase.com\/product\/flight-case-wheel-hub-dia301\/#primaryimage\",\"url\":\"https:\/\/sxflightcase.com\/wp-content\/uploads\/2024\/09\/DIA301.jpg\",\"contentUrl\":\"https:\/\/sxflightcase.com\/wp-content\/uploads\/2024\/09\/DIA301.jpg\",\"width\":700,\"height\":700,\"caption\":\"Flight Case Wheel Hub\"},{\"@type\":\"BreadcrumbList\",\"@id\":\"https:\/\/sxflightcase.com\/product\/flight-case-wheel-hub-dia301\/#breadcrumb\",\"itemListElement\":[{\"@type\":\"ListItem\",\"position\":1,\"name\":\"Home\",\"item\":\"https:\/\/sxflightcase.com\/\"},{\"@type\":\"ListItem\",\"position\":2,\"name\":\"\u0e2a\u0e34\u0e19\u0e04\u0e49\u0e32\",\"item\":\"https:\/\/sxflightcase.com\/th\/shop\/\"},{\"@type\":\"ListItem\",\"position\":3,\"name\":\"Flight Case Wheel Hub DIA301\"}]},{\"@type\":\"WebSite\",\"@id\":\"https:\/\/sxflightcase.com\/th\/#website\",\"url\":\"https:\/\/sxflightcase.com\/th\/\",\"name\":\"sxpowercase.com\",\"description\":\"Flight Case Factory\",\"publisher\":{\"@id\":\"https:\/\/sxflightcase.com\/th\/#organization\"},\"potentialAction\":[{\"@type\":\"SearchAction\",\"target\":{\"@type\":\"EntryPoint\",\"urlTemplate\":\"https:\/\/sxflightcase.com\/th\/?s={search_term_string}\"},\"query-input\":{\"@type\":\"PropertyValueSpecification\",\"valueRequired\":true,\"valueName\":\"search_term_string\"}}],\"inLanguage\":\"tr\"},{\"@type\":\"Organization\",\"@id\":\"https:\/\/sxflightcase.com\/th\/#organization\",\"name\":\"sxpowercase.com\",\"url\":\"https:\/\/sxflightcase.com\/th\/\",\"logo\":{\"@type\":\"ImageObject\",\"inLanguage\":\"tr\",\"@id\":\"https:\/\/sxflightcase.com\/th\/#\/schema\/logo\/image\/\",\"url\":\"https:\/\/sxflightcase.com\/wp-content\/uploads\/2024\/04\/1713919036007.jpg\",\"contentUrl\":\"https:\/\/sxflightcase.com\/wp-content\/uploads\/2024\/04\/1713919036007.jpg\",\"width\":382,\"height\":388,\"caption\":\"sxpowercase.com\"},\"image\":{\"@id\":\"https:\/\/sxflightcase.com\/th\/#\/schema\/logo\/image\/\"},\"sameAs\":[\"https:\/\/www.facebook.com\/profile.php?id=61560407257971\"],\"numberOfEmployees\":{\"@type\":\"QuantitativeValue\",\"minValue\":\"11\",\"maxValue\":\"50\"}}]}<\/script>\n<!-- \/ Yoast SEO Premium plugin. -->","yoast_head_json":{"title":"Flight Case Wheel Hub DIA301 - https:\/\/sxflightcase.com \ud83d\udc97","description":"U\u00e7u\u015f kasas\u0131 tekerlek g\u00f6be\u011fi, do\u011frudan fabrika \u00e7\u0131k\u0131\u015f\u0131! U\u00e7u\u015f \u00e7antalar\u0131n\u0131n sorunsuz ve g\u00fcvenilir hareketlili\u011fi i\u00e7in tasarlanm\u0131\u015f y\u00fcksek kaliteli, dayan\u0131kl\u0131 g\u00f6bekler. Kolay ta\u015f\u0131ma ve uzun \u00f6m\u00fcrl\u00fc performans sa\u011flamak i\u00e7in m\u00fckemmeldir.","robots":{"index":"index","follow":"follow","max-snippet":"max-snippet:-1","max-image-preview":"max-image-preview:large","max-video-preview":"max-video-preview:-1"},"canonical":"https:\/\/sxflightcase.com\/tr\/urun\/ucus-kutusu-tekerlek-gobegi-dia301-2\/","og_locale":"tr_TR","og_type":"article","og_title":"Flight Case Wheel Hub DIA301","og_description":"Flight case wheel hub, factory direct! High-quality, durable hubs designed for smooth and reliable mobility of flight cases. Perfect for ensuring easy transport and long-lasting performance.","og_url":"https:\/\/sxflightcase.com\/tr\/urun\/ucus-kutusu-tekerlek-gobegi-dia301-2\/","og_site_name":"https:\/\/sxflightcase.com","article_publisher":"https:\/\/www.facebook.com\/profile.php?id=61560407257971","article_modified_time":"2024-09-03T06:29:05+00:00","og_image":[{"width":700,"height":700,"url":"https:\/\/sxflightcase.com\/wp-content\/uploads\/2024\/09\/DIA301.jpg","type":"image\/jpeg"}],"twitter_card":"summary_large_image","twitter_misc":{"Tahmini okuma s\u00fcresi":"3 dakika"},"schema":{"@context":"https:\/\/schema.org","@graph":[{"@type":"WebPage","@id":"https:\/\/sxflightcase.com\/product\/flight-case-wheel-hub-dia301\/","url":"https:\/\/sxflightcase.com\/product\/flight-case-wheel-hub-dia301\/","name":"Flight Case Wheel Hub DIA301 - https:\/\/sxflightcase.com \ud83d\udc97","isPartOf":{"@id":"https:\/\/sxflightcase.com\/th\/#website"},"primaryImageOfPage":{"@id":"https:\/\/sxflightcase.com\/product\/flight-case-wheel-hub-dia301\/#primaryimage"},"image":{"@id":"https:\/\/sxflightcase.com\/product\/flight-case-wheel-hub-dia301\/#primaryimage"},"thumbnailUrl":"https:\/\/sxflightcase.com\/wp-content\/uploads\/2024\/09\/DIA301.jpg","datePublished":"2024-09-03T06:29:04+00:00","dateModified":"2024-09-03T06:29:05+00:00","description":"U\u00e7u\u015f kasas\u0131 tekerlek g\u00f6be\u011fi, do\u011frudan fabrika \u00e7\u0131k\u0131\u015f\u0131! U\u00e7u\u015f \u00e7antalar\u0131n\u0131n sorunsuz ve g\u00fcvenilir hareketlili\u011fi i\u00e7in tasarlanm\u0131\u015f y\u00fcksek kaliteli, dayan\u0131kl\u0131 g\u00f6bekler. Kolay ta\u015f\u0131ma ve uzun \u00f6m\u00fcrl\u00fc performans sa\u011flamak i\u00e7in m\u00fckemmeldir.","breadcrumb":{"@id":"https:\/\/sxflightcase.com\/product\/flight-case-wheel-hub-dia301\/#breadcrumb"},"inLanguage":"tr","potentialAction":[{"@type":"ReadAction","target":["https:\/\/sxflightcase.com\/product\/flight-case-wheel-hub-dia301\/"]}]},{"@type":"ImageObject","inLanguage":"tr","@id":"https:\/\/sxflightcase.com\/product\/flight-case-wheel-hub-dia301\/#primaryimage","url":"https:\/\/sxflightcase.com\/wp-content\/uploads\/2024\/09\/DIA301.jpg","contentUrl":"https:\/\/sxflightcase.com\/wp-content\/uploads\/2024\/09\/DIA301.jpg","width":700,"height":700,"caption":"Flight Case Wheel Hub"},{"@type":"BreadcrumbList","@id":"https:\/\/sxflightcase.com\/product\/flight-case-wheel-hub-dia301\/#breadcrumb","itemListElement":[{"@type":"ListItem","position":1,"name":"Home","item":"https:\/\/sxflightcase.com\/"},{"@type":"ListItem","position":2,"name":"\u0e2a\u0e34\u0e19\u0e04\u0e49\u0e32","item":"https:\/\/sxflightcase.com\/th\/shop\/"},{"@type":"ListItem","position":3,"name":"Flight Case Wheel Hub DIA301"}]},{"@type":"WebSite","@id":"https:\/\/sxflightcase.com\/th\/#website","url":"https:\/\/sxflightcase.com\/th\/","name":"sxpowercase.com","description":"U\u00e7u\u015f \u00c7antas\u0131 Fabrikas\u0131","publisher":{"@id":"https:\/\/sxflightcase.com\/th\/#organization"},"potentialAction":[{"@type":"SearchAction","target":{"@type":"EntryPoint","urlTemplate":"https:\/\/sxflightcase.com\/th\/?s={search_term_string}"},"query-input":{"@type":"PropertyValueSpecification","valueRequired":true,"valueName":"search_term_string"}}],"inLanguage":"tr"},{"@type":"Organization","@id":"https:\/\/sxflightcase.com\/th\/#organization","name":"sxpowercase.com","url":"https:\/\/sxflightcase.com\/th\/","logo":{"@type":"ImageObject","inLanguage":"tr","@id":"https:\/\/sxflightcase.com\/th\/#\/schema\/logo\/image\/","url":"https:\/\/sxflightcase.com\/wp-content\/uploads\/2024\/04\/1713919036007.jpg","contentUrl":"https:\/\/sxflightcase.com\/wp-content\/uploads\/2024\/04\/1713919036007.jpg","width":382,"height":388,"caption":"sxpowercase.com"},"image":{"@id":"https:\/\/sxflightcase.com\/th\/#\/schema\/logo\/image\/"},"sameAs":["https:\/\/www.facebook.com\/profile.php?id=61560407257971"],"numberOfEmployees":{"@type":"QuantitativeValue","minValue":"11","maxValue":"50"}}]}},"_links":{"self":[{"href":"https:\/\/sxflightcase.com\/tr\/wp-json\/wp\/v2\/product\/4250","targetHints":{"allow":["GET"]}}],"collection":[{"href":"https:\/\/sxflightcase.com\/tr\/wp-json\/wp\/v2\/product"}],"about":[{"href":"https:\/\/sxflightcase.com\/tr\/wp-json\/wp\/v2\/types\/product"}],"replies":[{"embeddable":true,"href":"https:\/\/sxflightcase.com\/tr\/wp-json\/wp\/v2\/comments?post=4250"}],"version-history":[{"count":0,"href":"https:\/\/sxflightcase.com\/tr\/wp-json\/wp\/v2\/product\/4250\/revisions"}],"wp:featuredmedia":[{"embeddable":true,"href":"https:\/\/sxflightcase.com\/tr\/wp-json\/wp\/v2\/media\/4243"}],"wp:attachment":[{"href":"https:\/\/sxflightcase.com\/tr\/wp-json\/wp\/v2\/media?parent=4250"}],"wp:term":[{"taxonomy":"product_brand","embeddable":true,"href":"https:\/\/sxflightcase.com\/tr\/wp-json\/wp\/v2\/product_brand?post=4250"},{"taxonomy":"product_cat","embeddable":true,"href":"https:\/\/sxflightcase.com\/tr\/wp-json\/wp\/v2\/product_cat?post=4250"},{"taxonomy":"product_tag","embeddable":true,"href":"https:\/\/sxflightcase.com\/tr\/wp-json\/wp\/v2\/product_tag?post=4250"}],"curies":[{"name":"wp","href":"https:\/\/api.w.org\/{rel}","templated":true}]}}