{"id":4251,"date":"2024-09-03T07:45:43","date_gmt":"2024-09-03T06:45:43","guid":{"rendered":"https:\/\/sxpowercase.com\/?post_type=product&#038;p=4251"},"modified":"2024-09-03T07:45:44","modified_gmt":"2024-09-03T06:45:44","slug":"flight-case-wheel-hub-dia401","status":"publish","type":"product","link":"https:\/\/sxflightcase.com\/tr\/urun\/ucus-kutusu-tekerlek-gobegi-dia401-2\/","title":{"rendered":"U\u00e7u\u015f Kasas\u0131 Tekerlek G\u00f6be\u011fi DIA401"},"content":{"rendered":"<h3>SX U\u00e7u\u015f \u00c7antas\u0131 Tekerlek G\u00f6bekleri ile Ta\u015f\u0131mac\u0131l\u0131\u011f\u0131n\u0131z\u0131 Geli\u015ftirin<\/h3>\n<p>De\u011ferli ekipmanlar\u0131n\u0131z\u0131n sorunsuz bir \u015fekilde ta\u015f\u0131nmas\u0131 i\u00e7in <strong>SX U\u00e7u\u015f \u00c7antas\u0131 Tekerlek G\u00f6be\u011fi<\/strong> ideal \u00e7\u00f6z\u00fcm\u00fcn\u00fczd\u00fcr. Hassasiyetle tasarlanan ve y\u00fcksek kaliteli malzemelerden \u00fcretilen bu g\u00f6bekler, u\u00e7u\u015f \u00e7antalar\u0131n\u0131z\u0131n sorunsuz ve verimli bir \u015fekilde hareket etmesini sa\u011flar. \u0130ster havaalanlar\u0131nda geziniyor ister ara\u00e7lara ekipman y\u00fckl\u00fcyor olun, SX g\u00f6bekler g\u00fcvenilir ve zahmetsiz hareket kabiliyeti sa\u011flayarak seyahatlerinizi daha kolay ve g\u00fcvenli hale getirir.<\/p>\n<h3>Fabrika Do\u011frudan Fiyatland\u0131rmas\u0131 ile Uygun Fiyatl\u0131 M\u00fckemmellik<\/h3>\n<p>\u015eu anda <strong><a href=\"https:\/\/sxpowercase.com\/\" target=\"_blank\" rel=\"noopener\" title=\"SX\" data-wpil-monitor-id=\"712\">SX<\/a><\/strong>\u00fcst\u00fcn kaliteyi rakipsiz fiyatlarla sunmay\u0131 taahh\u00fct ediyoruz. Bizim <strong><span style=\"color: #3366ff;\"><a style=\"color: #3366ff;\" href=\"https:\/\/sxpowercase.com\/product\/flight-case-wheel-hub-dia301\/\">U\u00e7u\u015f \u00c7antas\u0131 Tekerlek G\u00f6be\u011fi<\/a><\/span>s<\/strong> do\u011frudan fabrikadan sat\u0131larak ekstra maliyetleri ortadan kald\u0131r\u0131r ve size mevcut en iyi fiyatlar\u0131 sunmam\u0131z\u0131 sa\u011flar. Bu do\u011frudan yakla\u015f\u0131m, b\u00fct\u00e7enizden \u00f6d\u00fcn vermeden y\u00fcksek performansl\u0131 g\u00f6bekler alman\u0131z\u0131 sa\u011flar. M\u00fckemmelli\u011fe yat\u0131r\u0131m yap\u0131n ve SX ile \u00f6nemli tasarruflar\u0131n keyfini \u00e7\u0131kar\u0131n.<\/p>\n<h3>E\u015fsiz Kalite ve Dayan\u0131kl\u0131l\u0131k<\/h3>\n<p>The <strong>SX U\u00e7u\u015f \u00c7antas\u0131 Tekerlek G\u00f6be\u011fi<\/strong> uzun \u00f6m\u00fcr ve performans i\u00e7in tasarlanm\u0131\u015ft\u0131r. G\u00f6beklerimizi \u00fcretmek i\u00e7in birinci s\u0131n\u0131f malzemeler kullanarak seyahat ve a\u011f\u0131r kullan\u0131m\u0131n zorluklar\u0131na dayanmalar\u0131n\u0131 sa\u011fl\u0131yoruz. Her bir g\u00f6bek, y\u00fcksek standartlar\u0131m\u0131z\u0131 kar\u015f\u0131lad\u0131\u011f\u0131n\u0131 garanti eden s\u0131k\u0131 kalite kontrol \u00f6nlemlerine tabi tutulur. Size hem dayan\u0131kl\u0131l\u0131k hem de g\u00fcvenilirlik sunan bir \u00fcr\u00fcn sa\u011flamak i\u00e7in SX'e g\u00fcvenin.<\/p>\n<h3>\u00c7ok Y\u00f6nl\u00fc Uygulamalar i\u00e7in Basit Kurulum<\/h3>\n<p>Y\u00fckleme <strong>SX U\u00e7u\u015f \u00c7antas\u0131 Tekerlek G\u00f6be\u011fi<\/strong> basittir ve hem yeni hem de mevcut kasalar i\u00e7in m\u00fckemmel bir se\u00e7imdir. G\u00f6beklerimiz, \u00e7e\u015fitli u\u00e7u\u015f \u00e7antas\u0131 tasar\u0131mlar\u0131na uyacak \u015fekilde kolay entegrasyon i\u00e7in tasarlanm\u0131\u015ft\u0131r. Bu \u00e7ok y\u00f6nl\u00fcl\u00fck, herhangi bir \u00e7antan\u0131n hareket kabiliyetini art\u0131rabilmenizi ve her yolculukta ekipman\u0131n\u0131z i\u00e7in g\u00fcvenli destek sa\u011flayabilmenizi sa\u011flar.<\/p>\n<h3>SX'in Memnuniyetinize Ba\u011fl\u0131l\u0131\u011f\u0131<\/h3>\n<p>\u015eu anda <strong>SX<\/strong>m\u00fc\u015fteri memnuniyeti, yapt\u0131\u011f\u0131m\u0131z her \u015feyin merkezinde yer al\u0131r. Kalitemizin arkas\u0131nda duruyoruz <strong>U\u00e7u\u015f \u00c7antas\u0131 Tekerlek G\u00f6bekleri<\/strong> ve sat\u0131n alma i\u015fleminizden tamamen memnun kalman\u0131z\u0131 sa\u011flamaya kendimizi adad\u0131k. M\u00fc\u015fteri hizmetleri ekibimiz her t\u00fcrl\u00fc endi\u015feniz veya sorunuz i\u00e7in size yard\u0131mc\u0131 olmaya haz\u0131rd\u0131r. U\u00e7u\u015f \u00e7antas\u0131 ihtiya\u00e7lar\u0131n\u0131z i\u00e7in SX'i se\u00e7in ve performans, kalite ve de\u011ferin m\u00fckemmel kar\u0131\u015f\u0131m\u0131n\u0131 deneyimleyin. SX ile ekipman\u0131n\u0131z\u0131n en iyiler taraf\u0131ndan desteklendi\u011fini bilerek g\u00fcvenle seyahat edebilirsiniz.<\/p>\n<p>Hemen \u0130leti\u015fime Ge\u00e7in:<span style=\"color: #0000ff;\"><a style=\"color: #0000ff;\" href=\"https:\/\/sxpowercase.com\/contact-us\/\">https:\/\/sxpowercase.com\/<\/a><\/span><\/p>\n<p>Donan\u0131m \u00dcr\u00fcn Katalo\u011fu\uff1a<span style=\"color: #3366ff;\"><a style=\"color: #3366ff;\" href=\"https:\/\/sxpowercase.com\/wp-content\/uploads\/2024\/07\/\u4e94\u91d1.pdf\">Donan\u0131m aksesuarlar\u0131 katalo\u011fu<\/a><\/span><\/p>","protected":false},"excerpt":{"rendered":"<h3>SX U\u00e7u\u015f \u00c7antas\u0131 Tekerlek G\u00f6bekleri: Sorunsuz ve G\u00fcvenli Hareketlilik<\/h3>\n<p>SX U\u00e7u\u015f \u00c7antas\u0131 Tekerlek G\u00f6bekleri ile ekipmanlar\u0131n\u0131z\u0131n zahmetsizce ta\u015f\u0131nmas\u0131n\u0131 sa\u011flay\u0131n. En kaliteli malzemelerle \u00fcretilen bu g\u00f6bekler, her yolculukta g\u00fcvenilir performans sa\u011flar.<\/p>\n<h3>SX Fabrika Do\u011frudan Fiyatland\u0131rmas\u0131 ile Uygun Fiyatl\u0131 Kalite<\/h3>\n<p>SX'ten rakipsiz fabrika do\u011frudan fiyatlar\u0131yla birinci s\u0131n\u0131f U\u00e7u\u015f \u00c7antas\u0131 Tekerlek G\u00f6bekleri al\u0131n. Y\u00fcksek maliyet olmadan birinci s\u0131n\u0131f dayan\u0131kl\u0131l\u0131k ve performans\u0131n keyfini \u00e7\u0131kar\u0131n.<\/p>\n<h3>Kolay Kurulum ve G\u00fcvenilir Destek<\/h3>\n<p>SX U\u00e7u\u015f \u00c7antas\u0131 Tekerlek G\u00f6beklerinin kurulumu kolayd\u0131r ve \u00e7e\u015fitli uygulamalar i\u00e7in \u00e7ok y\u00f6nl\u00fcd\u00fcr. Ekipman\u0131n\u0131z\u0131n iyi desteklenmesi ve sorunsuz hareket etmesi i\u00e7in SX'e g\u00fcvenin.<\/p>","protected":false},"featured_media":4244,"comment_status":"open","ping_status":"closed","template":"","meta":[],"product_brand":[],"product_cat":[65],"product_tag":[],"class_list":{"0":"post-4251","1":"product","2":"type-product","3":"status-publish","4":"has-post-thumbnail","6":"product_cat-dishes","8":"first","9":"instock","10":"shipping-taxable","11":"product-type-simple"},"yoast_head":"<!-- This site is optimized with the Yoast SEO Premium plugin v27.1 (Yoast SEO v27.2) - https:\/\/yoast.com\/product\/yoast-seo-premium-wordpress\/ -->\n<title>Flight Case Wheel Hub DIA401 - https:\/\/sxflightcase.com \ud83d\udc97<\/title>\n<meta name=\"description\" content=\"Flight case wheel hub, factory direct! High-quality, durable hubs designed for smooth and reliable mobility of flight cases. Perfect for ensuring easy transport and long-lasting performance.\" \/>\n<meta name=\"robots\" content=\"index, follow, max-snippet:-1, max-image-preview:large, max-video-preview:-1\" \/>\n<link rel=\"canonical\" href=\"https:\/\/sxflightcase.com\/tr\/urun\/ucus-kutusu-tekerlek-gobegi-dia401-2\/\" \/>\n<meta property=\"og:locale\" content=\"tr_TR\" \/>\n<meta property=\"og:type\" content=\"article\" \/>\n<meta property=\"og:title\" content=\"Flight Case Wheel Hub DIA401\" \/>\n<meta property=\"og:description\" content=\"Flight case wheel hub, factory direct! High-quality, durable hubs designed for smooth and reliable mobility of flight cases. Perfect for ensuring easy transport and long-lasting performance.\" \/>\n<meta property=\"og:url\" content=\"https:\/\/sxflightcase.com\/tr\/urun\/ucus-kutusu-tekerlek-gobegi-dia401-2\/\" \/>\n<meta property=\"og:site_name\" content=\"https:\/\/sxflightcase.com\" \/>\n<meta property=\"article:publisher\" content=\"https:\/\/www.facebook.com\/profile.php?id=61560407257971\" \/>\n<meta property=\"article:modified_time\" content=\"2024-09-03T06:45:44+00:00\" \/>\n<meta property=\"og:image\" content=\"https:\/\/sxflightcase.com\/wp-content\/uploads\/2024\/09\/DIA401.jpg\" \/>\n\t<meta property=\"og:image:width\" content=\"700\" \/>\n\t<meta property=\"og:image:height\" content=\"700\" \/>\n\t<meta property=\"og:image:type\" content=\"image\/jpeg\" \/>\n<meta name=\"twitter:card\" content=\"summary_large_image\" \/>\n<meta name=\"twitter:label1\" content=\"Tahmini okuma s\u00fcresi\" \/>\n\t<meta name=\"twitter:data1\" content=\"3 dakika\" \/>\n<script type=\"application\/ld+json\" class=\"yoast-schema-graph\">{\"@context\":\"https:\/\/schema.org\",\"@graph\":[{\"@type\":\"WebPage\",\"@id\":\"https:\/\/sxflightcase.com\/product\/flight-case-wheel-hub-dia401\/\",\"url\":\"https:\/\/sxflightcase.com\/product\/flight-case-wheel-hub-dia401\/\",\"name\":\"Flight Case Wheel Hub DIA401 - https:\/\/sxflightcase.com \ud83d\udc97\",\"isPartOf\":{\"@id\":\"https:\/\/sxflightcase.com\/th\/#website\"},\"primaryImageOfPage\":{\"@id\":\"https:\/\/sxflightcase.com\/product\/flight-case-wheel-hub-dia401\/#primaryimage\"},\"image\":{\"@id\":\"https:\/\/sxflightcase.com\/product\/flight-case-wheel-hub-dia401\/#primaryimage\"},\"thumbnailUrl\":\"https:\/\/sxflightcase.com\/wp-content\/uploads\/2024\/09\/DIA401.jpg\",\"datePublished\":\"2024-09-03T06:45:43+00:00\",\"dateModified\":\"2024-09-03T06:45:44+00:00\",\"description\":\"Flight case wheel hub, factory direct! High-quality, durable hubs designed for smooth and reliable mobility of flight cases. Perfect for ensuring easy transport and long-lasting performance.\",\"breadcrumb\":{\"@id\":\"https:\/\/sxflightcase.com\/product\/flight-case-wheel-hub-dia401\/#breadcrumb\"},\"inLanguage\":\"tr\",\"potentialAction\":[{\"@type\":\"ReadAction\",\"target\":[\"https:\/\/sxflightcase.com\/product\/flight-case-wheel-hub-dia401\/\"]}]},{\"@type\":\"ImageObject\",\"inLanguage\":\"tr\",\"@id\":\"https:\/\/sxflightcase.com\/product\/flight-case-wheel-hub-dia401\/#primaryimage\",\"url\":\"https:\/\/sxflightcase.com\/wp-content\/uploads\/2024\/09\/DIA401.jpg\",\"contentUrl\":\"https:\/\/sxflightcase.com\/wp-content\/uploads\/2024\/09\/DIA401.jpg\",\"width\":700,\"height\":700,\"caption\":\"Flight Case Wheel Hub\"},{\"@type\":\"BreadcrumbList\",\"@id\":\"https:\/\/sxflightcase.com\/product\/flight-case-wheel-hub-dia401\/#breadcrumb\",\"itemListElement\":[{\"@type\":\"ListItem\",\"position\":1,\"name\":\"Home\",\"item\":\"https:\/\/sxflightcase.com\/\"},{\"@type\":\"ListItem\",\"position\":2,\"name\":\"\u0e2a\u0e34\u0e19\u0e04\u0e49\u0e32\",\"item\":\"https:\/\/sxflightcase.com\/th\/shop\/\"},{\"@type\":\"ListItem\",\"position\":3,\"name\":\"Flight Case Wheel Hub DIA401\"}]},{\"@type\":\"WebSite\",\"@id\":\"https:\/\/sxflightcase.com\/th\/#website\",\"url\":\"https:\/\/sxflightcase.com\/th\/\",\"name\":\"sxpowercase.com\",\"description\":\"Flight Case Factory\",\"publisher\":{\"@id\":\"https:\/\/sxflightcase.com\/th\/#organization\"},\"potentialAction\":[{\"@type\":\"SearchAction\",\"target\":{\"@type\":\"EntryPoint\",\"urlTemplate\":\"https:\/\/sxflightcase.com\/th\/?s={search_term_string}\"},\"query-input\":{\"@type\":\"PropertyValueSpecification\",\"valueRequired\":true,\"valueName\":\"search_term_string\"}}],\"inLanguage\":\"tr\"},{\"@type\":\"Organization\",\"@id\":\"https:\/\/sxflightcase.com\/th\/#organization\",\"name\":\"sxpowercase.com\",\"url\":\"https:\/\/sxflightcase.com\/th\/\",\"logo\":{\"@type\":\"ImageObject\",\"inLanguage\":\"tr\",\"@id\":\"https:\/\/sxflightcase.com\/th\/#\/schema\/logo\/image\/\",\"url\":\"https:\/\/sxflightcase.com\/wp-content\/uploads\/2024\/04\/1713919036007.jpg\",\"contentUrl\":\"https:\/\/sxflightcase.com\/wp-content\/uploads\/2024\/04\/1713919036007.jpg\",\"width\":382,\"height\":388,\"caption\":\"sxpowercase.com\"},\"image\":{\"@id\":\"https:\/\/sxflightcase.com\/th\/#\/schema\/logo\/image\/\"},\"sameAs\":[\"https:\/\/www.facebook.com\/profile.php?id=61560407257971\"],\"numberOfEmployees\":{\"@type\":\"QuantitativeValue\",\"minValue\":\"11\",\"maxValue\":\"50\"}}]}<\/script>\n<!-- \/ Yoast SEO Premium plugin. -->","yoast_head_json":{"title":"Flight Case Wheel Hub DIA401 - https:\/\/sxflightcase.com \ud83d\udc97","description":"U\u00e7u\u015f kasas\u0131 tekerlek g\u00f6be\u011fi, do\u011frudan fabrika \u00e7\u0131k\u0131\u015f\u0131! U\u00e7u\u015f \u00e7antalar\u0131n\u0131n sorunsuz ve g\u00fcvenilir hareketlili\u011fi i\u00e7in tasarlanm\u0131\u015f y\u00fcksek kaliteli, dayan\u0131kl\u0131 g\u00f6bekler. Kolay ta\u015f\u0131ma ve uzun \u00f6m\u00fcrl\u00fc performans sa\u011flamak i\u00e7in m\u00fckemmeldir.","robots":{"index":"index","follow":"follow","max-snippet":"max-snippet:-1","max-image-preview":"max-image-preview:large","max-video-preview":"max-video-preview:-1"},"canonical":"https:\/\/sxflightcase.com\/tr\/urun\/ucus-kutusu-tekerlek-gobegi-dia401-2\/","og_locale":"tr_TR","og_type":"article","og_title":"Flight Case Wheel Hub DIA401","og_description":"Flight case wheel hub, factory direct! High-quality, durable hubs designed for smooth and reliable mobility of flight cases. Perfect for ensuring easy transport and long-lasting performance.","og_url":"https:\/\/sxflightcase.com\/tr\/urun\/ucus-kutusu-tekerlek-gobegi-dia401-2\/","og_site_name":"https:\/\/sxflightcase.com","article_publisher":"https:\/\/www.facebook.com\/profile.php?id=61560407257971","article_modified_time":"2024-09-03T06:45:44+00:00","og_image":[{"width":700,"height":700,"url":"https:\/\/sxflightcase.com\/wp-content\/uploads\/2024\/09\/DIA401.jpg","type":"image\/jpeg"}],"twitter_card":"summary_large_image","twitter_misc":{"Tahmini okuma s\u00fcresi":"3 dakika"},"schema":{"@context":"https:\/\/schema.org","@graph":[{"@type":"WebPage","@id":"https:\/\/sxflightcase.com\/product\/flight-case-wheel-hub-dia401\/","url":"https:\/\/sxflightcase.com\/product\/flight-case-wheel-hub-dia401\/","name":"Flight Case Wheel Hub DIA401 - https:\/\/sxflightcase.com \ud83d\udc97","isPartOf":{"@id":"https:\/\/sxflightcase.com\/th\/#website"},"primaryImageOfPage":{"@id":"https:\/\/sxflightcase.com\/product\/flight-case-wheel-hub-dia401\/#primaryimage"},"image":{"@id":"https:\/\/sxflightcase.com\/product\/flight-case-wheel-hub-dia401\/#primaryimage"},"thumbnailUrl":"https:\/\/sxflightcase.com\/wp-content\/uploads\/2024\/09\/DIA401.jpg","datePublished":"2024-09-03T06:45:43+00:00","dateModified":"2024-09-03T06:45:44+00:00","description":"U\u00e7u\u015f kasas\u0131 tekerlek g\u00f6be\u011fi, do\u011frudan fabrika \u00e7\u0131k\u0131\u015f\u0131! U\u00e7u\u015f \u00e7antalar\u0131n\u0131n sorunsuz ve g\u00fcvenilir hareketlili\u011fi i\u00e7in tasarlanm\u0131\u015f y\u00fcksek kaliteli, dayan\u0131kl\u0131 g\u00f6bekler. Kolay ta\u015f\u0131ma ve uzun \u00f6m\u00fcrl\u00fc performans sa\u011flamak i\u00e7in m\u00fckemmeldir.","breadcrumb":{"@id":"https:\/\/sxflightcase.com\/product\/flight-case-wheel-hub-dia401\/#breadcrumb"},"inLanguage":"tr","potentialAction":[{"@type":"ReadAction","target":["https:\/\/sxflightcase.com\/product\/flight-case-wheel-hub-dia401\/"]}]},{"@type":"ImageObject","inLanguage":"tr","@id":"https:\/\/sxflightcase.com\/product\/flight-case-wheel-hub-dia401\/#primaryimage","url":"https:\/\/sxflightcase.com\/wp-content\/uploads\/2024\/09\/DIA401.jpg","contentUrl":"https:\/\/sxflightcase.com\/wp-content\/uploads\/2024\/09\/DIA401.jpg","width":700,"height":700,"caption":"Flight Case Wheel Hub"},{"@type":"BreadcrumbList","@id":"https:\/\/sxflightcase.com\/product\/flight-case-wheel-hub-dia401\/#breadcrumb","itemListElement":[{"@type":"ListItem","position":1,"name":"Home","item":"https:\/\/sxflightcase.com\/"},{"@type":"ListItem","position":2,"name":"\u0e2a\u0e34\u0e19\u0e04\u0e49\u0e32","item":"https:\/\/sxflightcase.com\/th\/shop\/"},{"@type":"ListItem","position":3,"name":"Flight Case Wheel Hub DIA401"}]},{"@type":"WebSite","@id":"https:\/\/sxflightcase.com\/th\/#website","url":"https:\/\/sxflightcase.com\/th\/","name":"sxpowercase.com","description":"U\u00e7u\u015f \u00c7antas\u0131 Fabrikas\u0131","publisher":{"@id":"https:\/\/sxflightcase.com\/th\/#organization"},"potentialAction":[{"@type":"SearchAction","target":{"@type":"EntryPoint","urlTemplate":"https:\/\/sxflightcase.com\/th\/?s={search_term_string}"},"query-input":{"@type":"PropertyValueSpecification","valueRequired":true,"valueName":"search_term_string"}}],"inLanguage":"tr"},{"@type":"Organization","@id":"https:\/\/sxflightcase.com\/th\/#organization","name":"sxpowercase.com","url":"https:\/\/sxflightcase.com\/th\/","logo":{"@type":"ImageObject","inLanguage":"tr","@id":"https:\/\/sxflightcase.com\/th\/#\/schema\/logo\/image\/","url":"https:\/\/sxflightcase.com\/wp-content\/uploads\/2024\/04\/1713919036007.jpg","contentUrl":"https:\/\/sxflightcase.com\/wp-content\/uploads\/2024\/04\/1713919036007.jpg","width":382,"height":388,"caption":"sxpowercase.com"},"image":{"@id":"https:\/\/sxflightcase.com\/th\/#\/schema\/logo\/image\/"},"sameAs":["https:\/\/www.facebook.com\/profile.php?id=61560407257971"],"numberOfEmployees":{"@type":"QuantitativeValue","minValue":"11","maxValue":"50"}}]}},"_links":{"self":[{"href":"https:\/\/sxflightcase.com\/tr\/wp-json\/wp\/v2\/product\/4251","targetHints":{"allow":["GET"]}}],"collection":[{"href":"https:\/\/sxflightcase.com\/tr\/wp-json\/wp\/v2\/product"}],"about":[{"href":"https:\/\/sxflightcase.com\/tr\/wp-json\/wp\/v2\/types\/product"}],"replies":[{"embeddable":true,"href":"https:\/\/sxflightcase.com\/tr\/wp-json\/wp\/v2\/comments?post=4251"}],"version-history":[{"count":0,"href":"https:\/\/sxflightcase.com\/tr\/wp-json\/wp\/v2\/product\/4251\/revisions"}],"wp:featuredmedia":[{"embeddable":true,"href":"https:\/\/sxflightcase.com\/tr\/wp-json\/wp\/v2\/media\/4244"}],"wp:attachment":[{"href":"https:\/\/sxflightcase.com\/tr\/wp-json\/wp\/v2\/media?parent=4251"}],"wp:term":[{"taxonomy":"product_brand","embeddable":true,"href":"https:\/\/sxflightcase.com\/tr\/wp-json\/wp\/v2\/product_brand?post=4251"},{"taxonomy":"product_cat","embeddable":true,"href":"https:\/\/sxflightcase.com\/tr\/wp-json\/wp\/v2\/product_cat?post=4251"},{"taxonomy":"product_tag","embeddable":true,"href":"https:\/\/sxflightcase.com\/tr\/wp-json\/wp\/v2\/product_tag?post=4251"}],"curies":[{"name":"wp","href":"https:\/\/api.w.org\/{rel}","templated":true}]}}