{"id":4258,"date":"2024-09-04T08:05:09","date_gmt":"2024-09-04T07:05:09","guid":{"rendered":"https:\/\/sxpowercase.com\/?post_type=product&#038;p=4258"},"modified":"2024-09-04T08:05:10","modified_gmt":"2024-09-04T07:05:10","slug":"caster-dish-did101","status":"publish","type":"product","link":"https:\/\/sxflightcase.com\/tr\/urun\/tekerlekli-canak-did101-2\/","title":{"rendered":"D\u00f6k\u00fcm Tabak DID101"},"content":{"rendered":"<h3>SX Teker \u00c7ana\u011f\u0131: Hareketlilik ve Stabilite i\u00e7in M\u00fckemmel \u00c7\u00f6z\u00fcm<\/h3>\n<p>A\u011f\u0131r ekipmanlar\u0131n ta\u015f\u0131nmas\u0131 s\u00f6z konusu oldu\u011funda, do\u011fru bile\u015fenlere sahip olmak \u00e7ok \u00f6nemlidir. Bu <strong>SX Teker \u00c7anak<\/strong> yol \u00e7antalar\u0131n\u0131z\u0131n hareket kabiliyetini ve dengesini art\u0131rmak i\u00e7in tasarlanm\u0131\u015ft\u0131r. \u0130ster hassas enstr\u00fcmanlar\u0131 ister sa\u011flam ekipmanlar\u0131 ta\u015f\u0131yor olun, tekerlek \u00e7anaklar\u0131m\u0131z ekipman\u0131n\u0131z\u0131n g\u00fcvende kalmas\u0131n\u0131 ve kolay manevra yapabilmesini sa\u011flar.<\/p>\n<h3>Kalite G\u00fcvencesi ile Fabrika Do\u011frudan Fiyatland\u0131rmas\u0131<\/h3>\n<p>\u015eu anda <strong><a href=\"https:\/\/sxpowercase.com\/\" target=\"_blank\" rel=\"noopener\" title=\"SX\" data-wpil-monitor-id=\"716\">SX<\/a><\/strong>birinci s\u0131n\u0131f \u00fcr\u00fcnleri fabrika \u00e7\u0131k\u0131\u015f fiyatlar\u0131yla sunmaktan gurur duyuyoruz. Bizim <a href=\"https:\/\/sxpowercase.com\/product\/road-case-dishes-dic101\/\"><strong>Teker \u00c7anak<\/strong><\/a> bir istisna de\u011fildir. Arac\u0131lar\u0131 devre d\u0131\u015f\u0131 b\u0131rakarak, kaliteden \u00f6d\u00fcn vermeden tasarrufu do\u011frudan size aktar\u0131yoruz. B\u00fct\u00e7enize uygun bir fiyata dayan\u0131kl\u0131 ve g\u00fcvenilir bir \u00fcr\u00fcn elde edersiniz.<\/p>\n<h3>\u00dcst\u00fcn Malzemelerle Uzun \u00d6m\u00fcrl\u00fc \u00dcretilmi\u015ftir<\/h3>\n<p>The <strong>SX Teker \u00c7anak<\/strong> uzun \u00f6m\u00fcr ve dayan\u0131kl\u0131l\u0131k sa\u011flayan y\u00fcksek kaliteli malzemelerden \u00fcretilmi\u015ftir. S\u0131k kullan\u0131m\u0131n zorluklar\u0131na dayanacak \u015fekilde tasarlanan bu tekerlek \u00e7anaklar\u0131, yol \u00e7antalar\u0131n\u0131z i\u00e7in sa\u011flam destek sa\u011flar. SX ile zaman i\u00e7inde tutarl\u0131 performans sunan ve her yolculukta ekipman\u0131n\u0131z\u0131 g\u00fcvende tutan bir \u00fcr\u00fcne yat\u0131r\u0131m yapm\u0131\u015f olursunuz.<\/p>\n<h3>Kolay Kurulum ve \u00c7ok Y\u00f6nl\u00fc Kullan\u0131m<\/h3>\n<p>Bizim <strong>Teker \u00c7anak<\/strong> kolay kurulum i\u00e7in tasarlanm\u0131\u015ft\u0131r ve yol \u00e7antalar\u0131n\u0131z\u0131 h\u0131zl\u0131 ve verimli bir \u015fekilde y\u00fckseltmenize olanak tan\u0131r. \u00c7ok y\u00f6nl\u00fc tasar\u0131m\u0131, \u00e7e\u015fitli kurulumlarla uyumluluk sa\u011flayarak ta\u015f\u0131ma \u00e7antalar\u0131n\u0131 geli\u015ftirmek isteyen herkes i\u00e7in pratik bir se\u00e7imdir. SX, bu \u00f6nemli bile\u015feni ekipman\u0131n\u0131za eklemeyi kolayla\u015ft\u0131rarak stabilite ve hareket kolayl\u0131\u011f\u0131 sa\u011flar.<\/p>\n<h3>G\u00fcvenilir Nakliye \u00c7\u00f6z\u00fcmleri i\u00e7in SX'e G\u00fcvenin<\/h3>\n<p>Se\u00e7me <strong>SX<\/strong> kaliteye ve m\u00fc\u015fteri memnuniyetine \u00f6ncelik veren bir markaya g\u00fcvenmek anlam\u0131na gelir. Bizim <strong>Teker \u00c7anak<\/strong> end\u00fcstri standartlar\u0131n\u0131 kar\u015f\u0131lamak i\u00e7in titizlikle test edilir, ekipman\u0131n\u0131z\u0131n iyi desteklendi\u011fini ve ta\u015f\u0131nmas\u0131n\u0131n kolay oldu\u011funu garanti eder. SX'i tercih etti\u011finizde, ekipman\u0131n\u0131z\u0131n var\u0131\u015f yerine g\u00fcvenli ve verimli bir \u015fekilde ula\u015fmas\u0131n\u0131 sa\u011flayan g\u00fcvenilir bir \u00e7\u00f6z\u00fcm se\u00e7mi\u015f olursunuz.<\/p>\n<p>ile <strong>SX Caster Tabaklar<\/strong>ile yol \u00e7antalar\u0131n\u0131z i\u00e7in m\u00fckemmel bir mobilite ve g\u00fcvenlik dengesi elde edersiniz. SX'e yat\u0131r\u0131m yap\u0131n ve kalite, dayan\u0131kl\u0131l\u0131k ve performans fark\u0131n\u0131 ya\u015fay\u0131n.<\/p>\n<p>Hemen \u0130leti\u015fime Ge\u00e7in:<span style=\"color: #0000ff;\"><a style=\"color: #0000ff;\" href=\"https:\/\/sxpowercase.com\/contact-us\/\">https:\/\/sxpowercase.com\/<\/a><\/span><\/p>\n<p>Donan\u0131m \u00dcr\u00fcn Katalo\u011fu\uff1a<span style=\"color: #3366ff;\"><a style=\"color: #3366ff;\" href=\"https:\/\/sxpowercase.com\/wp-content\/uploads\/2024\/07\/\u4e94\u91d1.pdf\">Donan\u0131m aksesuarlar\u0131 katalo\u011fu<\/a><\/span><\/p>","protected":false},"excerpt":{"rendered":"<h3>SX Caster Dish ile Hareketlili\u011fi Art\u0131r\u0131n<\/h3>\n<p>Daha iyi denge ve kolay manevra kabiliyeti i\u00e7in yol \u00e7antalar\u0131n\u0131z\u0131 SX Teker Kapaklar\u0131 ile y\u00fckselterek a\u011f\u0131r ekipmanlar\u0131n\u0131z\u0131n ta\u015f\u0131ma s\u0131ras\u0131nda g\u00fcvende kalmas\u0131n\u0131 sa\u011flay\u0131n.<\/p>\n<h3>G\u00fcvenebilece\u011finiz Kalite i\u00e7in Fabrika Do\u011frudan Fiyatland\u0131rmas\u0131<\/h3>\n<p>Kaliteden \u00f6d\u00fcn vermeden ola\u011fan\u00fcst\u00fc de\u011fer sunan dayan\u0131kl\u0131 ve g\u00fcvenilir SX Caster Bula\u015f\u0131kl\u0131klar\u0131n\u0131 fabrikadan do\u011frudan fiyatlarla al\u0131n.<\/p>\n<h3>Dayan\u0131kl\u0131 ve \u00c7ok Y\u00f6nl\u00fc Kurulum<\/h3>\n<p>SX Caster Dishes uzun \u00f6m\u00fcrl\u00fc olacak \u015fekilde \u00fcretilmi\u015ftir ve kolay kurulum i\u00e7in tasarlanm\u0131\u015ft\u0131r, bu da onlar\u0131 tutarl\u0131 performans ve istikrar i\u00e7in her t\u00fcrl\u00fc ta\u015f\u0131ma kurulumuna m\u00fckemmel bir katk\u0131 haline getirir.<\/p>","protected":false},"featured_media":4247,"comment_status":"open","ping_status":"closed","template":"","meta":[],"product_brand":[],"product_cat":[65],"product_tag":[],"class_list":{"0":"post-4258","1":"product","2":"type-product","3":"status-publish","4":"has-post-thumbnail","6":"product_cat-dishes","8":"first","9":"instock","10":"shipping-taxable","11":"product-type-simple"},"yoast_head":"<!-- This site is optimized with the Yoast SEO Premium plugin v27.1 (Yoast SEO v27.2) - https:\/\/yoast.com\/product\/yoast-seo-premium-wordpress\/ -->\n<title>Caster Dish DID101 - https:\/\/sxflightcase.com \ud83d\udc97<\/title>\n<meta name=\"description\" content=\"Caster dish, factory direct! High-quality, durable dishes designed for securely mounting casters on cases and carts. Ideal for ensuring smooth mobility and long-lasting stability.\" \/>\n<meta name=\"robots\" content=\"index, follow, max-snippet:-1, max-image-preview:large, max-video-preview:-1\" \/>\n<link rel=\"canonical\" href=\"https:\/\/sxflightcase.com\/tr\/urun\/tekerlekli-canak-did101-2\/\" \/>\n<meta property=\"og:locale\" content=\"tr_TR\" \/>\n<meta property=\"og:type\" content=\"article\" \/>\n<meta property=\"og:title\" content=\"Caster Dish DID101\" \/>\n<meta property=\"og:description\" content=\"Caster dish, factory direct! High-quality, durable dishes designed for securely mounting casters on cases and carts. Ideal for ensuring smooth mobility and long-lasting stability.\" \/>\n<meta property=\"og:url\" content=\"https:\/\/sxflightcase.com\/tr\/urun\/tekerlekli-canak-did101-2\/\" \/>\n<meta property=\"og:site_name\" content=\"https:\/\/sxflightcase.com\" \/>\n<meta property=\"article:publisher\" content=\"https:\/\/www.facebook.com\/profile.php?id=61560407257971\" \/>\n<meta property=\"article:modified_time\" content=\"2024-09-04T07:05:10+00:00\" \/>\n<meta property=\"og:image\" content=\"https:\/\/sxflightcase.com\/wp-content\/uploads\/2024\/09\/DID101.jpg\" \/>\n\t<meta property=\"og:image:width\" content=\"700\" \/>\n\t<meta property=\"og:image:height\" content=\"700\" \/>\n\t<meta property=\"og:image:type\" content=\"image\/jpeg\" \/>\n<meta name=\"twitter:card\" content=\"summary_large_image\" \/>\n<meta name=\"twitter:label1\" content=\"Tahmini okuma s\u00fcresi\" \/>\n\t<meta name=\"twitter:data1\" content=\"3 dakika\" \/>\n<script type=\"application\/ld+json\" class=\"yoast-schema-graph\">{\"@context\":\"https:\/\/schema.org\",\"@graph\":[{\"@type\":\"WebPage\",\"@id\":\"https:\/\/sxflightcase.com\/product\/caster-dish-did101\/\",\"url\":\"https:\/\/sxflightcase.com\/product\/caster-dish-did101\/\",\"name\":\"Caster Dish DID101 - https:\/\/sxflightcase.com \ud83d\udc97\",\"isPartOf\":{\"@id\":\"https:\/\/sxflightcase.com\/th\/#website\"},\"primaryImageOfPage\":{\"@id\":\"https:\/\/sxflightcase.com\/product\/caster-dish-did101\/#primaryimage\"},\"image\":{\"@id\":\"https:\/\/sxflightcase.com\/product\/caster-dish-did101\/#primaryimage\"},\"thumbnailUrl\":\"https:\/\/sxflightcase.com\/wp-content\/uploads\/2024\/09\/DID101.jpg\",\"datePublished\":\"2024-09-04T07:05:09+00:00\",\"dateModified\":\"2024-09-04T07:05:10+00:00\",\"description\":\"Caster dish, factory direct! High-quality, durable dishes designed for securely mounting casters on cases and carts. Ideal for ensuring smooth mobility and long-lasting stability.\",\"breadcrumb\":{\"@id\":\"https:\/\/sxflightcase.com\/product\/caster-dish-did101\/#breadcrumb\"},\"inLanguage\":\"tr\",\"potentialAction\":[{\"@type\":\"ReadAction\",\"target\":[\"https:\/\/sxflightcase.com\/product\/caster-dish-did101\/\"]}]},{\"@type\":\"ImageObject\",\"inLanguage\":\"tr\",\"@id\":\"https:\/\/sxflightcase.com\/product\/caster-dish-did101\/#primaryimage\",\"url\":\"https:\/\/sxflightcase.com\/wp-content\/uploads\/2024\/09\/DID101.jpg\",\"contentUrl\":\"https:\/\/sxflightcase.com\/wp-content\/uploads\/2024\/09\/DID101.jpg\",\"width\":700,\"height\":700,\"caption\":\"Caster Dish\"},{\"@type\":\"BreadcrumbList\",\"@id\":\"https:\/\/sxflightcase.com\/product\/caster-dish-did101\/#breadcrumb\",\"itemListElement\":[{\"@type\":\"ListItem\",\"position\":1,\"name\":\"Home\",\"item\":\"https:\/\/sxflightcase.com\/\"},{\"@type\":\"ListItem\",\"position\":2,\"name\":\"\u0e2a\u0e34\u0e19\u0e04\u0e49\u0e32\",\"item\":\"https:\/\/sxflightcase.com\/th\/shop\/\"},{\"@type\":\"ListItem\",\"position\":3,\"name\":\"Caster Dish DID101\"}]},{\"@type\":\"WebSite\",\"@id\":\"https:\/\/sxflightcase.com\/th\/#website\",\"url\":\"https:\/\/sxflightcase.com\/th\/\",\"name\":\"sxpowercase.com\",\"description\":\"Flight Case Factory\",\"publisher\":{\"@id\":\"https:\/\/sxflightcase.com\/th\/#organization\"},\"potentialAction\":[{\"@type\":\"SearchAction\",\"target\":{\"@type\":\"EntryPoint\",\"urlTemplate\":\"https:\/\/sxflightcase.com\/th\/?s={search_term_string}\"},\"query-input\":{\"@type\":\"PropertyValueSpecification\",\"valueRequired\":true,\"valueName\":\"search_term_string\"}}],\"inLanguage\":\"tr\"},{\"@type\":\"Organization\",\"@id\":\"https:\/\/sxflightcase.com\/th\/#organization\",\"name\":\"sxpowercase.com\",\"url\":\"https:\/\/sxflightcase.com\/th\/\",\"logo\":{\"@type\":\"ImageObject\",\"inLanguage\":\"tr\",\"@id\":\"https:\/\/sxflightcase.com\/th\/#\/schema\/logo\/image\/\",\"url\":\"https:\/\/sxflightcase.com\/wp-content\/uploads\/2024\/04\/1713919036007.jpg\",\"contentUrl\":\"https:\/\/sxflightcase.com\/wp-content\/uploads\/2024\/04\/1713919036007.jpg\",\"width\":382,\"height\":388,\"caption\":\"sxpowercase.com\"},\"image\":{\"@id\":\"https:\/\/sxflightcase.com\/th\/#\/schema\/logo\/image\/\"},\"sameAs\":[\"https:\/\/www.facebook.com\/profile.php?id=61560407257971\"],\"numberOfEmployees\":{\"@type\":\"QuantitativeValue\",\"minValue\":\"11\",\"maxValue\":\"50\"}}]}<\/script>\n<!-- \/ Yoast SEO Premium plugin. -->","yoast_head_json":{"title":"Caster Dish DID101 - https:\/\/sxflightcase.com \ud83d\udc97","description":"Teker \u00e7ana\u011f\u0131, do\u011frudan fabrika \u00e7\u0131k\u0131\u015f\u0131! Kasalara ve arabalara tekerlekleri g\u00fcvenli bir \u015fekilde monte etmek i\u00e7in tasarlanm\u0131\u015f y\u00fcksek kaliteli, dayan\u0131kl\u0131 tabaklar. Sorunsuz hareketlilik ve uzun \u00f6m\u00fcrl\u00fc stabilite sa\u011flamak i\u00e7in idealdir.","robots":{"index":"index","follow":"follow","max-snippet":"max-snippet:-1","max-image-preview":"max-image-preview:large","max-video-preview":"max-video-preview:-1"},"canonical":"https:\/\/sxflightcase.com\/tr\/urun\/tekerlekli-canak-did101-2\/","og_locale":"tr_TR","og_type":"article","og_title":"Caster Dish DID101","og_description":"Caster dish, factory direct! High-quality, durable dishes designed for securely mounting casters on cases and carts. Ideal for ensuring smooth mobility and long-lasting stability.","og_url":"https:\/\/sxflightcase.com\/tr\/urun\/tekerlekli-canak-did101-2\/","og_site_name":"https:\/\/sxflightcase.com","article_publisher":"https:\/\/www.facebook.com\/profile.php?id=61560407257971","article_modified_time":"2024-09-04T07:05:10+00:00","og_image":[{"width":700,"height":700,"url":"https:\/\/sxflightcase.com\/wp-content\/uploads\/2024\/09\/DID101.jpg","type":"image\/jpeg"}],"twitter_card":"summary_large_image","twitter_misc":{"Tahmini okuma s\u00fcresi":"3 dakika"},"schema":{"@context":"https:\/\/schema.org","@graph":[{"@type":"WebPage","@id":"https:\/\/sxflightcase.com\/product\/caster-dish-did101\/","url":"https:\/\/sxflightcase.com\/product\/caster-dish-did101\/","name":"Caster Dish DID101 - https:\/\/sxflightcase.com \ud83d\udc97","isPartOf":{"@id":"https:\/\/sxflightcase.com\/th\/#website"},"primaryImageOfPage":{"@id":"https:\/\/sxflightcase.com\/product\/caster-dish-did101\/#primaryimage"},"image":{"@id":"https:\/\/sxflightcase.com\/product\/caster-dish-did101\/#primaryimage"},"thumbnailUrl":"https:\/\/sxflightcase.com\/wp-content\/uploads\/2024\/09\/DID101.jpg","datePublished":"2024-09-04T07:05:09+00:00","dateModified":"2024-09-04T07:05:10+00:00","description":"Teker \u00e7ana\u011f\u0131, do\u011frudan fabrika \u00e7\u0131k\u0131\u015f\u0131! Kasalara ve arabalara tekerlekleri g\u00fcvenli bir \u015fekilde monte etmek i\u00e7in tasarlanm\u0131\u015f y\u00fcksek kaliteli, dayan\u0131kl\u0131 tabaklar. Sorunsuz hareketlilik ve uzun \u00f6m\u00fcrl\u00fc stabilite sa\u011flamak i\u00e7in idealdir.","breadcrumb":{"@id":"https:\/\/sxflightcase.com\/product\/caster-dish-did101\/#breadcrumb"},"inLanguage":"tr","potentialAction":[{"@type":"ReadAction","target":["https:\/\/sxflightcase.com\/product\/caster-dish-did101\/"]}]},{"@type":"ImageObject","inLanguage":"tr","@id":"https:\/\/sxflightcase.com\/product\/caster-dish-did101\/#primaryimage","url":"https:\/\/sxflightcase.com\/wp-content\/uploads\/2024\/09\/DID101.jpg","contentUrl":"https:\/\/sxflightcase.com\/wp-content\/uploads\/2024\/09\/DID101.jpg","width":700,"height":700,"caption":"Caster Dish"},{"@type":"BreadcrumbList","@id":"https:\/\/sxflightcase.com\/product\/caster-dish-did101\/#breadcrumb","itemListElement":[{"@type":"ListItem","position":1,"name":"Home","item":"https:\/\/sxflightcase.com\/"},{"@type":"ListItem","position":2,"name":"\u0e2a\u0e34\u0e19\u0e04\u0e49\u0e32","item":"https:\/\/sxflightcase.com\/th\/shop\/"},{"@type":"ListItem","position":3,"name":"Caster Dish DID101"}]},{"@type":"WebSite","@id":"https:\/\/sxflightcase.com\/th\/#website","url":"https:\/\/sxflightcase.com\/th\/","name":"sxpowercase.com","description":"U\u00e7u\u015f \u00c7antas\u0131 Fabrikas\u0131","publisher":{"@id":"https:\/\/sxflightcase.com\/th\/#organization"},"potentialAction":[{"@type":"SearchAction","target":{"@type":"EntryPoint","urlTemplate":"https:\/\/sxflightcase.com\/th\/?s={search_term_string}"},"query-input":{"@type":"PropertyValueSpecification","valueRequired":true,"valueName":"search_term_string"}}],"inLanguage":"tr"},{"@type":"Organization","@id":"https:\/\/sxflightcase.com\/th\/#organization","name":"sxpowercase.com","url":"https:\/\/sxflightcase.com\/th\/","logo":{"@type":"ImageObject","inLanguage":"tr","@id":"https:\/\/sxflightcase.com\/th\/#\/schema\/logo\/image\/","url":"https:\/\/sxflightcase.com\/wp-content\/uploads\/2024\/04\/1713919036007.jpg","contentUrl":"https:\/\/sxflightcase.com\/wp-content\/uploads\/2024\/04\/1713919036007.jpg","width":382,"height":388,"caption":"sxpowercase.com"},"image":{"@id":"https:\/\/sxflightcase.com\/th\/#\/schema\/logo\/image\/"},"sameAs":["https:\/\/www.facebook.com\/profile.php?id=61560407257971"],"numberOfEmployees":{"@type":"QuantitativeValue","minValue":"11","maxValue":"50"}}]}},"_links":{"self":[{"href":"https:\/\/sxflightcase.com\/tr\/wp-json\/wp\/v2\/product\/4258","targetHints":{"allow":["GET"]}}],"collection":[{"href":"https:\/\/sxflightcase.com\/tr\/wp-json\/wp\/v2\/product"}],"about":[{"href":"https:\/\/sxflightcase.com\/tr\/wp-json\/wp\/v2\/types\/product"}],"replies":[{"embeddable":true,"href":"https:\/\/sxflightcase.com\/tr\/wp-json\/wp\/v2\/comments?post=4258"}],"version-history":[{"count":0,"href":"https:\/\/sxflightcase.com\/tr\/wp-json\/wp\/v2\/product\/4258\/revisions"}],"wp:featuredmedia":[{"embeddable":true,"href":"https:\/\/sxflightcase.com\/tr\/wp-json\/wp\/v2\/media\/4247"}],"wp:attachment":[{"href":"https:\/\/sxflightcase.com\/tr\/wp-json\/wp\/v2\/media?parent=4258"}],"wp:term":[{"taxonomy":"product_brand","embeddable":true,"href":"https:\/\/sxflightcase.com\/tr\/wp-json\/wp\/v2\/product_brand?post=4258"},{"taxonomy":"product_cat","embeddable":true,"href":"https:\/\/sxflightcase.com\/tr\/wp-json\/wp\/v2\/product_cat?post=4258"},{"taxonomy":"product_tag","embeddable":true,"href":"https:\/\/sxflightcase.com\/tr\/wp-json\/wp\/v2\/product_tag?post=4258"}],"curies":[{"name":"wp","href":"https:\/\/api.w.org\/{rel}","templated":true}]}}