{"id":4259,"date":"2024-09-04T08:12:40","date_gmt":"2024-09-04T07:12:40","guid":{"rendered":"https:\/\/sxpowercase.com\/?post_type=product&#038;p=4259"},"modified":"2024-09-04T08:13:03","modified_gmt":"2024-09-04T07:13:03","slug":"caster-dish-die101","status":"publish","type":"product","link":"https:\/\/sxflightcase.com\/tr\/urun\/tekerlekli-canak-die101\/","title":{"rendered":"Caster Tabak DIE101"},"content":{"rendered":"<h3>SX Teker \u00c7ana\u011f\u0131: Yol \u00c7antalar\u0131n\u0131z i\u00e7in G\u00fcvenilir Destek<\/h3>\n<p>A\u011f\u0131r ekipman ta\u015f\u0131man\u0131z gerekti\u011finde, her bile\u015fen \u00f6nemlidir. Bu <strong>SX Teker \u00c7anak<\/strong> yol \u00e7antalar\u0131n\u0131z i\u00e7in gerekli deste\u011fi ve dengeyi sa\u011flayarak sorunsuz ve g\u00fcvenli ta\u015f\u0131ma sa\u011flar. \u0130ster yolda ister st\u00fcdyoda olun, tekerlek \u00e7anaklar\u0131m\u0131z ihtiyac\u0131n\u0131z olan dayan\u0131kl\u0131l\u0131\u011f\u0131 ve g\u00fcvenilirli\u011fi sunar.<\/p>\n<h3>En \u0130yi De\u011fer i\u00e7in Do\u011frudan Fabrikadan<\/h3>\n<p>\u015eu anda <strong><a title=\"SX\" href=\"https:\/\/sxpowercase.com\/\" target=\"_blank\" rel=\"noopener\" data-wpil-monitor-id=\"717\">SX<\/a><\/strong>birinci s\u0131n\u0131f \u00fcr\u00fcnleri rakipsiz fiyatlarla sunmaya inan\u0131yoruz. Bizim <a href=\"https:\/\/sxpowercase.com\/product\/caster-dish-did101\/\"><strong>Teker \u00c7anak<\/strong><\/a> do\u011frudan fabrikadan sat\u0131lmaktad\u0131r, bu da kaliteden \u00f6d\u00fcn vermeden rekabet\u00e7i fiyatlar sunmam\u0131z\u0131 sa\u011flar. Bu do\u011frudan yakla\u015f\u0131m, en iyisini talep eden profesyoneller i\u00e7in m\u00fckemmel olan, uygun maliyetli bir fiyata y\u00fcksek kaliteli bir \u00fcr\u00fcn alman\u0131z anlam\u0131na gelir.<\/p>\n<h3>G\u00fcvenebilece\u011finiz Dayan\u0131kl\u0131l\u0131k<\/h3>\n<p>Sa\u011flam malzemelerden \u00fcretilen <strong>SX Teker \u00c7anak<\/strong> s\u0131k seyahat ve a\u011f\u0131r y\u00fcklerin taleplerine dayanacak \u015fekilde tasarlanm\u0131\u015ft\u0131r. Tekerlek \u00e7anaklar\u0131m\u0131z uzun \u00f6m\u00fcrl\u00fc olacak \u015fekilde \u00fcretilmi\u015ftir ve yol \u00e7antalar\u0131n\u0131z i\u00e7in uzun vadeli destek sa\u011flar. SX ile, ekipman\u0131n\u0131z\u0131n dayan\u0131kl\u0131l\u0131k i\u00e7in tasarlanm\u0131\u015f bile\u015fenler taraf\u0131ndan korundu\u011funa g\u00fcvenebilirsiniz.<\/p>\n<h3>Basit Kurulum, Maksimum \u00c7ok Y\u00f6nl\u00fcl\u00fck<\/h3>\n<p>The <strong>SX Teker \u00c7anak<\/strong> kurulumu kolayd\u0131r, bu da onu yol \u00e7antalar\u0131n\u0131za uygun bir eklenti haline getirir. \u00c7ok y\u00f6nl\u00fc tasar\u0131m\u0131, \u00e7ok \u00e7e\u015fitli kasalara uymas\u0131n\u0131 sa\u011flayarak size \u00e7e\u015fitli konfig\u00fcrasyonlarda kullanma esnekli\u011fi verir. \u0130ster mevcut kasalar\u0131 yeniliyor ister yenilerini in\u015fa ediyor olun, SX tekerlek \u00e7anaklar\u0131 ihtiyac\u0131n\u0131z olan uyarlanabilirli\u011fi sunar.<\/p>\n<h3>SX ile G\u00fcvenebilece\u011finiz Kalite<\/h3>\n<p>Se\u00e7me <strong>SX<\/strong> kalite ve g\u00fcvenilirlikle tan\u0131nan bir markaya yat\u0131r\u0131m yapmak anlam\u0131na gelir. Bizim <strong>Teker \u00c7anak<\/strong> en y\u00fcksek standartlar\u0131 kar\u015f\u0131lad\u0131\u011f\u0131ndan emin olmak i\u00e7in titiz testlerden ge\u00e7irilir ve ekipman\u0131n\u0131z\u0131n ta\u015f\u0131ma s\u0131ras\u0131nda g\u00fcvende kalaca\u011f\u0131ndan emin olman\u0131z\u0131 sa\u011flar. Yol \u00e7antalar\u0131n\u0131z\u0131n hak etti\u011fi kalite ve performans\u0131 sunmas\u0131 i\u00e7in SX'e g\u00fcvenin.<\/p>\n<p>The <strong>SX Teker \u00c7anak<\/strong> yol \u00e7antalar\u0131n\u0131n hareket kabiliyetini ve dengesini art\u0131rmak isteyen herkes i\u00e7in ak\u0131ll\u0131 bir se\u00e7imdir. Fabrikadan do\u011frudan fiyatland\u0131rma, dayan\u0131kl\u0131 yap\u0131 ve kolay kurulum ile SX, ekipman\u0131n\u0131z\u0131n g\u00fcvenli\u011fini ve ta\u015f\u0131ma kolayl\u0131\u011f\u0131n\u0131 art\u0131ran bir \u00fcr\u00fcn sunar.<\/p>\n<p>Hemen \u0130leti\u015fime Ge\u00e7in:<span style=\"color: #0000ff;\"><a style=\"color: #0000ff;\" href=\"https:\/\/sxpowercase.com\/contact-us\/\">https:\/\/sxpowercase.com\/<\/a><\/span><\/p>\n<p>Donan\u0131m \u00dcr\u00fcn Katalo\u011fu\uff1a<span style=\"color: #3366ff;\"><a style=\"color: #3366ff;\" href=\"https:\/\/sxpowercase.com\/wp-content\/uploads\/2024\/07\/\u4e94\u91d1.pdf\">Donan\u0131m aksesuarlar\u0131 katalo\u011fu<\/a><\/span><\/p>","protected":false},"excerpt":{"rendered":"<h3>SX Caster Dish ile Hareketlili\u011fi Art\u0131r\u0131n<\/h3>\n<p>Daha iyi denge ve kolay manevra kabiliyeti i\u00e7in yol \u00e7antalar\u0131n\u0131z\u0131 SX Teker Kapaklar\u0131 ile y\u00fckselterek a\u011f\u0131r ekipmanlar\u0131n\u0131z\u0131n ta\u015f\u0131ma s\u0131ras\u0131nda g\u00fcvende kalmas\u0131n\u0131 sa\u011flay\u0131n.<\/p>\n<h3>G\u00fcvenebilece\u011finiz Kalite i\u00e7in Fabrika Do\u011frudan Fiyatland\u0131rmas\u0131<\/h3>\n<p>Kaliteden \u00f6d\u00fcn vermeden ola\u011fan\u00fcst\u00fc de\u011fer sunan dayan\u0131kl\u0131 ve g\u00fcvenilir SX Caster Bula\u015f\u0131kl\u0131klar\u0131n\u0131 fabrikadan do\u011frudan fiyatlarla al\u0131n.<\/p>\n<h3>Dayan\u0131kl\u0131 ve \u00c7ok Y\u00f6nl\u00fc Kurulum<\/h3>\n<p>SX Caster Dishes uzun \u00f6m\u00fcrl\u00fc olacak \u015fekilde \u00fcretilmi\u015ftir ve kolay kurulum i\u00e7in tasarlanm\u0131\u015ft\u0131r, bu da onlar\u0131 tutarl\u0131 performans ve istikrar i\u00e7in her t\u00fcrl\u00fc ta\u015f\u0131ma kurulumuna m\u00fckemmel bir katk\u0131 haline getirir.<\/p>","protected":false},"featured_media":4248,"comment_status":"open","ping_status":"closed","template":"","meta":[],"product_brand":[],"product_cat":[65],"product_tag":[],"class_list":{"0":"post-4259","1":"product","2":"type-product","3":"status-publish","4":"has-post-thumbnail","6":"product_cat-dishes","8":"first","9":"instock","10":"shipping-taxable","11":"product-type-simple"},"yoast_head":"<!-- This site is optimized with the Yoast SEO Premium plugin v27.1 (Yoast SEO v27.2) - https:\/\/yoast.com\/product\/yoast-seo-premium-wordpress\/ -->\n<title>Caster Dish DIE101 - https:\/\/sxflightcase.com \ud83d\udc97<\/title>\n<meta name=\"description\" content=\"Caster dish, factory direct! High-quality, durable dishes designed for securely mounting casters on cases and carts. Ideal for ensuring smooth mobility and long-lasting stability.\" \/>\n<meta name=\"robots\" content=\"index, follow, max-snippet:-1, max-image-preview:large, max-video-preview:-1\" \/>\n<link rel=\"canonical\" href=\"https:\/\/sxflightcase.com\/tr\/\u4ea7\u54c1\/\u811a\u8f6e\u76d8\u6a21\u5177101\/\" \/>\n<meta property=\"og:locale\" content=\"tr_TR\" \/>\n<meta property=\"og:type\" content=\"article\" \/>\n<meta property=\"og:title\" content=\"Caster Dish DIE101\" \/>\n<meta property=\"og:description\" content=\"Caster dish, factory direct! High-quality, durable dishes designed for securely mounting casters on cases and carts. Ideal for ensuring smooth mobility and long-lasting stability.\" \/>\n<meta property=\"og:url\" content=\"https:\/\/sxflightcase.com\/tr\/\u4ea7\u54c1\/\u811a\u8f6e\u76d8\u6a21\u5177101\/\" \/>\n<meta property=\"og:site_name\" content=\"https:\/\/sxflightcase.com\" \/>\n<meta property=\"article:publisher\" content=\"https:\/\/www.facebook.com\/profile.php?id=61560407257971\" \/>\n<meta property=\"article:modified_time\" content=\"2024-09-04T07:13:03+00:00\" \/>\n<meta property=\"og:image\" content=\"https:\/\/sxflightcase.com\/wp-content\/uploads\/2024\/09\/DIE101.jpg\" \/>\n\t<meta property=\"og:image:width\" content=\"700\" \/>\n\t<meta property=\"og:image:height\" content=\"700\" \/>\n\t<meta property=\"og:image:type\" content=\"image\/jpeg\" \/>\n<meta name=\"twitter:card\" content=\"summary_large_image\" \/>\n<meta name=\"twitter:label1\" content=\"Tahmini okuma s\u00fcresi\" \/>\n\t<meta name=\"twitter:data1\" content=\"3 dakika\" \/>\n<script type=\"application\/ld+json\" class=\"yoast-schema-graph\">{\"@context\":\"https:\/\/schema.org\",\"@graph\":[{\"@type\":\"WebPage\",\"@id\":\"https:\/\/sxflightcase.com\/zh\/\u4ea7\u54c1\/\u811a\u8f6e\u76d8\u6a21\u5177101\/\",\"url\":\"https:\/\/sxflightcase.com\/zh\/\u4ea7\u54c1\/\u811a\u8f6e\u76d8\u6a21\u5177101\/\",\"name\":\"Caster Dish DIE101 - https:\/\/sxflightcase.com \ud83d\udc97\",\"isPartOf\":{\"@id\":\"https:\/\/sxflightcase.com\/th\/#website\"},\"primaryImageOfPage\":{\"@id\":\"https:\/\/sxflightcase.com\/zh\/\u4ea7\u54c1\/\u811a\u8f6e\u76d8\u6a21\u5177101\/#primaryimage\"},\"image\":{\"@id\":\"https:\/\/sxflightcase.com\/zh\/\u4ea7\u54c1\/\u811a\u8f6e\u76d8\u6a21\u5177101\/#primaryimage\"},\"thumbnailUrl\":\"https:\/\/sxflightcase.com\/wp-content\/uploads\/2024\/09\/DIE101.jpg\",\"datePublished\":\"2024-09-04T07:12:40+00:00\",\"dateModified\":\"2024-09-04T07:13:03+00:00\",\"description\":\"Caster dish, factory direct! High-quality, durable dishes designed for securely mounting casters on cases and carts. Ideal for ensuring smooth mobility and long-lasting stability.\",\"breadcrumb\":{\"@id\":\"https:\/\/sxflightcase.com\/zh\/\u4ea7\u54c1\/\u811a\u8f6e\u76d8\u6a21\u5177101\/#breadcrumb\"},\"inLanguage\":\"tr\",\"potentialAction\":[{\"@type\":\"ReadAction\",\"target\":[\"https:\/\/sxflightcase.com\/zh\/\u4ea7\u54c1\/\u811a\u8f6e\u76d8\u6a21\u5177101\/\"]}]},{\"@type\":\"ImageObject\",\"inLanguage\":\"tr\",\"@id\":\"https:\/\/sxflightcase.com\/zh\/\u4ea7\u54c1\/\u811a\u8f6e\u76d8\u6a21\u5177101\/#primaryimage\",\"url\":\"https:\/\/sxflightcase.com\/wp-content\/uploads\/2024\/09\/DIE101.jpg\",\"contentUrl\":\"https:\/\/sxflightcase.com\/wp-content\/uploads\/2024\/09\/DIE101.jpg\",\"width\":700,\"height\":700,\"caption\":\"Caster Dish\"},{\"@type\":\"BreadcrumbList\",\"@id\":\"https:\/\/sxflightcase.com\/zh\/\u4ea7\u54c1\/\u811a\u8f6e\u76d8\u6a21\u5177101\/#breadcrumb\",\"itemListElement\":[{\"@type\":\"ListItem\",\"position\":1,\"name\":\"Home\",\"item\":\"https:\/\/sxflightcase.com\/\"},{\"@type\":\"ListItem\",\"position\":2,\"name\":\"\u0e2a\u0e34\u0e19\u0e04\u0e49\u0e32\",\"item\":\"https:\/\/sxflightcase.com\/th\/shop\/\"},{\"@type\":\"ListItem\",\"position\":3,\"name\":\"Caster Dish DIE101\"}]},{\"@type\":\"WebSite\",\"@id\":\"https:\/\/sxflightcase.com\/th\/#website\",\"url\":\"https:\/\/sxflightcase.com\/th\/\",\"name\":\"sxpowercase.com\",\"description\":\"Flight Case Factory\",\"publisher\":{\"@id\":\"https:\/\/sxflightcase.com\/th\/#organization\"},\"potentialAction\":[{\"@type\":\"SearchAction\",\"target\":{\"@type\":\"EntryPoint\",\"urlTemplate\":\"https:\/\/sxflightcase.com\/th\/?s={search_term_string}\"},\"query-input\":{\"@type\":\"PropertyValueSpecification\",\"valueRequired\":true,\"valueName\":\"search_term_string\"}}],\"inLanguage\":\"tr\"},{\"@type\":\"Organization\",\"@id\":\"https:\/\/sxflightcase.com\/th\/#organization\",\"name\":\"sxpowercase.com\",\"url\":\"https:\/\/sxflightcase.com\/th\/\",\"logo\":{\"@type\":\"ImageObject\",\"inLanguage\":\"tr\",\"@id\":\"https:\/\/sxflightcase.com\/th\/#\/schema\/logo\/image\/\",\"url\":\"https:\/\/sxflightcase.com\/wp-content\/uploads\/2024\/04\/1713919036007.jpg\",\"contentUrl\":\"https:\/\/sxflightcase.com\/wp-content\/uploads\/2024\/04\/1713919036007.jpg\",\"width\":382,\"height\":388,\"caption\":\"sxpowercase.com\"},\"image\":{\"@id\":\"https:\/\/sxflightcase.com\/th\/#\/schema\/logo\/image\/\"},\"sameAs\":[\"https:\/\/www.facebook.com\/profile.php?id=61560407257971\"],\"numberOfEmployees\":{\"@type\":\"QuantitativeValue\",\"minValue\":\"11\",\"maxValue\":\"50\"}}]}<\/script>\n<!-- \/ Yoast SEO Premium plugin. -->","yoast_head_json":{"title":"Caster Dish DIE101 - https:\/\/sxflightcase.com \ud83d\udc97","description":"Teker \u00e7ana\u011f\u0131, do\u011frudan fabrika \u00e7\u0131k\u0131\u015f\u0131! Kasalara ve arabalara tekerlekleri g\u00fcvenli bir \u015fekilde monte etmek i\u00e7in tasarlanm\u0131\u015f y\u00fcksek kaliteli, dayan\u0131kl\u0131 tabaklar. Sorunsuz hareketlilik ve uzun \u00f6m\u00fcrl\u00fc stabilite sa\u011flamak i\u00e7in idealdir.","robots":{"index":"index","follow":"follow","max-snippet":"max-snippet:-1","max-image-preview":"max-image-preview:large","max-video-preview":"max-video-preview:-1"},"canonical":"https:\/\/sxflightcase.com\/tr\/\u4ea7\u54c1\/\u811a\u8f6e\u76d8\u6a21\u5177101\/","og_locale":"tr_TR","og_type":"article","og_title":"Caster Dish DIE101","og_description":"Caster dish, factory direct! High-quality, durable dishes designed for securely mounting casters on cases and carts. Ideal for ensuring smooth mobility and long-lasting stability.","og_url":"https:\/\/sxflightcase.com\/tr\/\u4ea7\u54c1\/\u811a\u8f6e\u76d8\u6a21\u5177101\/","og_site_name":"https:\/\/sxflightcase.com","article_publisher":"https:\/\/www.facebook.com\/profile.php?id=61560407257971","article_modified_time":"2024-09-04T07:13:03+00:00","og_image":[{"width":700,"height":700,"url":"https:\/\/sxflightcase.com\/wp-content\/uploads\/2024\/09\/DIE101.jpg","type":"image\/jpeg"}],"twitter_card":"summary_large_image","twitter_misc":{"Tahmini okuma s\u00fcresi":"3 dakika"},"schema":{"@context":"https:\/\/schema.org","@graph":[{"@type":"WebPage","@id":"https:\/\/sxflightcase.com\/zh\/\u4ea7\u54c1\/\u811a\u8f6e\u76d8\u6a21\u5177101\/","url":"https:\/\/sxflightcase.com\/zh\/\u4ea7\u54c1\/\u811a\u8f6e\u76d8\u6a21\u5177101\/","name":"Caster Dish DIE101 - https:\/\/sxflightcase.com \ud83d\udc97","isPartOf":{"@id":"https:\/\/sxflightcase.com\/th\/#website"},"primaryImageOfPage":{"@id":"https:\/\/sxflightcase.com\/zh\/\u4ea7\u54c1\/\u811a\u8f6e\u76d8\u6a21\u5177101\/#primaryimage"},"image":{"@id":"https:\/\/sxflightcase.com\/zh\/\u4ea7\u54c1\/\u811a\u8f6e\u76d8\u6a21\u5177101\/#primaryimage"},"thumbnailUrl":"https:\/\/sxflightcase.com\/wp-content\/uploads\/2024\/09\/DIE101.jpg","datePublished":"2024-09-04T07:12:40+00:00","dateModified":"2024-09-04T07:13:03+00:00","description":"Teker \u00e7ana\u011f\u0131, do\u011frudan fabrika \u00e7\u0131k\u0131\u015f\u0131! Kasalara ve arabalara tekerlekleri g\u00fcvenli bir \u015fekilde monte etmek i\u00e7in tasarlanm\u0131\u015f y\u00fcksek kaliteli, dayan\u0131kl\u0131 tabaklar. Sorunsuz hareketlilik ve uzun \u00f6m\u00fcrl\u00fc stabilite sa\u011flamak i\u00e7in idealdir.","breadcrumb":{"@id":"https:\/\/sxflightcase.com\/zh\/\u4ea7\u54c1\/\u811a\u8f6e\u76d8\u6a21\u5177101\/#breadcrumb"},"inLanguage":"tr","potentialAction":[{"@type":"ReadAction","target":["https:\/\/sxflightcase.com\/zh\/\u4ea7\u54c1\/\u811a\u8f6e\u76d8\u6a21\u5177101\/"]}]},{"@type":"ImageObject","inLanguage":"tr","@id":"https:\/\/sxflightcase.com\/zh\/\u4ea7\u54c1\/\u811a\u8f6e\u76d8\u6a21\u5177101\/#primaryimage","url":"https:\/\/sxflightcase.com\/wp-content\/uploads\/2024\/09\/DIE101.jpg","contentUrl":"https:\/\/sxflightcase.com\/wp-content\/uploads\/2024\/09\/DIE101.jpg","width":700,"height":700,"caption":"Caster Dish"},{"@type":"BreadcrumbList","@id":"https:\/\/sxflightcase.com\/zh\/\u4ea7\u54c1\/\u811a\u8f6e\u76d8\u6a21\u5177101\/#breadcrumb","itemListElement":[{"@type":"ListItem","position":1,"name":"Home","item":"https:\/\/sxflightcase.com\/"},{"@type":"ListItem","position":2,"name":"\u0e2a\u0e34\u0e19\u0e04\u0e49\u0e32","item":"https:\/\/sxflightcase.com\/th\/shop\/"},{"@type":"ListItem","position":3,"name":"Caster Dish DIE101"}]},{"@type":"WebSite","@id":"https:\/\/sxflightcase.com\/th\/#website","url":"https:\/\/sxflightcase.com\/th\/","name":"sxpowercase.com","description":"U\u00e7u\u015f \u00c7antas\u0131 Fabrikas\u0131","publisher":{"@id":"https:\/\/sxflightcase.com\/th\/#organization"},"potentialAction":[{"@type":"SearchAction","target":{"@type":"EntryPoint","urlTemplate":"https:\/\/sxflightcase.com\/th\/?s={search_term_string}"},"query-input":{"@type":"PropertyValueSpecification","valueRequired":true,"valueName":"search_term_string"}}],"inLanguage":"tr"},{"@type":"Organization","@id":"https:\/\/sxflightcase.com\/th\/#organization","name":"sxpowercase.com","url":"https:\/\/sxflightcase.com\/th\/","logo":{"@type":"ImageObject","inLanguage":"tr","@id":"https:\/\/sxflightcase.com\/th\/#\/schema\/logo\/image\/","url":"https:\/\/sxflightcase.com\/wp-content\/uploads\/2024\/04\/1713919036007.jpg","contentUrl":"https:\/\/sxflightcase.com\/wp-content\/uploads\/2024\/04\/1713919036007.jpg","width":382,"height":388,"caption":"sxpowercase.com"},"image":{"@id":"https:\/\/sxflightcase.com\/th\/#\/schema\/logo\/image\/"},"sameAs":["https:\/\/www.facebook.com\/profile.php?id=61560407257971"],"numberOfEmployees":{"@type":"QuantitativeValue","minValue":"11","maxValue":"50"}}]}},"_links":{"self":[{"href":"https:\/\/sxflightcase.com\/tr\/wp-json\/wp\/v2\/product\/4259","targetHints":{"allow":["GET"]}}],"collection":[{"href":"https:\/\/sxflightcase.com\/tr\/wp-json\/wp\/v2\/product"}],"about":[{"href":"https:\/\/sxflightcase.com\/tr\/wp-json\/wp\/v2\/types\/product"}],"replies":[{"embeddable":true,"href":"https:\/\/sxflightcase.com\/tr\/wp-json\/wp\/v2\/comments?post=4259"}],"version-history":[{"count":0,"href":"https:\/\/sxflightcase.com\/tr\/wp-json\/wp\/v2\/product\/4259\/revisions"}],"wp:featuredmedia":[{"embeddable":true,"href":"https:\/\/sxflightcase.com\/tr\/wp-json\/wp\/v2\/media\/4248"}],"wp:attachment":[{"href":"https:\/\/sxflightcase.com\/tr\/wp-json\/wp\/v2\/media?parent=4259"}],"wp:term":[{"taxonomy":"product_brand","embeddable":true,"href":"https:\/\/sxflightcase.com\/tr\/wp-json\/wp\/v2\/product_brand?post=4259"},{"taxonomy":"product_cat","embeddable":true,"href":"https:\/\/sxflightcase.com\/tr\/wp-json\/wp\/v2\/product_cat?post=4259"},{"taxonomy":"product_tag","embeddable":true,"href":"https:\/\/sxflightcase.com\/tr\/wp-json\/wp\/v2\/product_tag?post=4259"}],"curies":[{"name":"wp","href":"https:\/\/api.w.org\/{rel}","templated":true}]}}