{"id":4313,"date":"2024-09-06T07:42:52","date_gmt":"2024-09-06T06:42:52","guid":{"rendered":"https:\/\/sxpowercase.com\/?post_type=product&#038;p=4313"},"modified":"2024-09-06T07:42:53","modified_gmt":"2024-09-06T06:42:53","slug":"rack-rail-pair-raa402","status":"publish","type":"product","link":"https:\/\/sxflightcase.com\/tr\/urun\/raf-rayi-cifti-raa402\/","title":{"rendered":"Raf Ray\u0131 \u00c7ifti RAA402"},"content":{"rendered":"<h3>Ekipman\u0131n\u0131z\u0131 SX Raf Ray\u0131 \u00c7ifti ile Sabitleyin<\/h3>\n<p>Ekipman\u0131n\u0131z\u0131 g\u00fcvenli bir \u015fekilde monte etmek s\u00f6z konusu oldu\u011funda <a href=\"https:\/\/sxpowercase.com\/product\/punched-rack-panel-raa401\/\"><strong>SX Raf Ray\u0131 \u00c7ifti<\/strong><\/a> ideal bir se\u00e7imdir. G\u00fc\u00e7l\u00fc destek sunmak \u00fczere tasarlanan bu \u00fcr\u00fcn, ekipman\u0131n\u0131z\u0131n g\u00fcvenli bir \u015fekilde kurulmas\u0131n\u0131 sa\u011flayarak hem stabilite hem de g\u00fcvenilirlik sunar. <strong>SX<\/strong> bu \u00e7\u00f6z\u00fcm\u00fc do\u011frudan fabrika fiyatlar\u0131yla sunarak y\u00fcksek maliyet olmadan y\u00fcksek kaliteye sahip olman\u0131z\u0131 sa\u011flar.<\/p>\n<h3>Uzun \u00d6m\u00fcrl\u00fc Performans i\u00e7in Y\u00fcksek Kaliteli Malzeme<\/h3>\n<p>Bizim <strong>Raf Ray\u0131 \u00c7ifti<\/strong> dayan\u0131kl\u0131, y\u00fcksek kaliteli malzemelerden \u00fcretilmi\u015ftir ve uzun \u00f6m\u00fcrl\u00fc performans\u0131 garanti eder. \u0130ster profesyonel bir st\u00fcdyoda ister bir ev ofisinde kurulum yap\u0131yor olun, bu raylar a\u011f\u0131r kullan\u0131ma dayanacak \u015fekilde \u00fcretilmi\u015ftir. At <strong><a href=\"https:\/\/sxpowercase.com\/\" target=\"_blank\" rel=\"noopener\" title=\"SX\" data-wpil-monitor-id=\"728\">SX<\/a><\/strong>\u00dcr\u00fcnlerimizin kat\u0131 end\u00fcstri standartlar\u0131n\u0131 kar\u015f\u0131lamas\u0131n\u0131 sa\u011flamak i\u00e7in kalite g\u00fcvencesine \u00f6ncelik veriyoruz.<\/p>\n<h3>Kolay Kurulum ve \u00c7ok Y\u00f6nl\u00fcl\u00fck<\/h3>\n<p>The <strong>SX Raf Ray\u0131 \u00c7ifti<\/strong> h\u0131zl\u0131 ve kolay kurulum i\u00e7in tasarlanm\u0131\u015ft\u0131r ve \u00e7o\u011fu raf sistemine uyar. \u00c7ok y\u00f6nl\u00fc tasar\u0131m\u0131, \u00e7ok \u00e7e\u015fitli cihazlar\u0131 bar\u0131nd\u0131rmas\u0131na olanak tan\u0131yarak onu her kurulum i\u00e7in m\u00fckemmel bir \u00e7\u00f6z\u00fcm haline getirir. Hassas m\u00fchendisli\u011fi sayesinde kolayl\u0131kla kurabilir, zamandan ve emekten tasarruf edebilirsiniz.<\/p>\n<h3>Maksimum De\u011fer i\u00e7in Fabrika Do\u011frudan Fiyatland\u0131rmas\u0131<\/h3>\n<p>\u015eu anda <strong>SX<\/strong>rekabet\u00e7i fiyatlarla \u00fcst d\u00fczey \u00fcr\u00fcnler sunmaya inan\u0131yoruz. Bizim <strong>Raf Ray\u0131 \u00c7ifti<\/strong> do\u011frudan fabrikam\u0131zdan gelir, arac\u0131lar\u0131 devre d\u0131\u015f\u0131 b\u0131rak\u0131r ve tasarruflar\u0131 size aktarmam\u0131z\u0131 sa\u011flar. Bu da \u00fcst\u00fcn kaliteyi uygun fiyata alman\u0131z anlam\u0131na geliyor. <strong>SX<\/strong> b\u00fct\u00e7e bilincine sahip al\u0131c\u0131lar\u0131n tercihidir.<\/p>\n<h3>G\u00fcvenebilece\u011finiz G\u00fcvenilirlik<\/h3>\n<p>ile <strong>SX Raf Ray\u0131 \u00c7ifti<\/strong>her zaman g\u00fcvenilir performansa g\u00fcvenebilirsiniz. \u0130ster a\u011f\u0131r sunucular\u0131, ister ses ekipmanlar\u0131n\u0131 veya di\u011fer cihazlar\u0131 monte ediyor olun, bu raylar ihtiyac\u0131n\u0131z olan deste\u011fi sa\u011flar. G\u00fcvenli montaj ve minimum hareket i\u00e7in tasarlanan bu raylar, de\u011ferli ekipmanlar\u0131n\u0131z\u0131n korunmas\u0131na yard\u0131mc\u0131 olur.<\/p>\n<h3>Her Ortam \u0130\u00e7in \u0130deal<\/h3>\n<p>Veri merkezlerinden kay\u0131t st\u00fcdyolar\u0131na kadar <strong>SX Raf Ray\u0131 \u00c7iftleri<\/strong> \u00e7ok y\u00f6nl\u00fc i\u015flevsellik sunar. Sa\u011flam tasar\u0131m\u0131 ve kolay uyarlanabilirli\u011fi, onu \u00e7e\u015fitli uygulamalar i\u00e7in uygun hale getirir. Nerede kullan\u0131rsan\u0131z kullan\u0131n, bu raylar ekonomiklik ve dayan\u0131kl\u0131l\u0131k aras\u0131nda m\u00fckemmel bir denge sa\u011flar.<\/p>\n<h3>G\u00fcvenebilece\u011finiz Kalite<\/h3>\n<p>\u015eu anda <strong>SX<\/strong>g\u00fcvenebilece\u011finiz \u00fcr\u00fcnler sunmaya kararl\u0131y\u0131z. Her <strong>Raf Ray\u0131 \u00c7iftleri<\/strong> fabrikam\u0131zdan \u00e7\u0131kmadan \u00f6nce s\u0131k\u0131 kalite kontrollerinden ge\u00e7erek beklentilerinizi a\u015fan bir \u00fcr\u00fcn alman\u0131z\u0131 sa\u011flar. \u0130le <strong>SX<\/strong>kaliteli i\u015f\u00e7ili\u011fin g\u00fcvenini d\u00fc\u015f\u00fck bir fiyata elde edersiniz.<\/p>\n<p>Ekipman raf\u0131n\u0131z\u0131 a\u015fa\u011f\u0131dakilerle y\u00fckseltin <strong>SX Raf Ray\u0131 \u00c7iftleri<\/strong> ve \u00fcst\u00fcn \u00f6zelliklerin, kalite g\u00fcvencesinin ve rakipsiz de\u011ferin keyfini \u00e7\u0131kar\u0131n - hepsi g\u00fcvenebilece\u011finiz bir markadan.<\/p>\n<p>Hemen \u0130leti\u015fime Ge\u00e7in:<span style=\"color: #0000ff;\"><a style=\"color: #0000ff;\" href=\"https:\/\/sxpowercase.com\/contact-us\/\">https:\/\/sxpowercase.com\/<\/a><\/span><\/p>\n<p>Donan\u0131m \u00dcr\u00fcn Katalo\u011fu\uff1a<span style=\"color: #3366ff;\"><a style=\"color: #3366ff;\" href=\"https:\/\/sxpowercase.com\/wp-content\/uploads\/2024\/07\/\u4e94\u91d1.pdf\">Donan\u0131m aksesuarlar\u0131 katalo\u011fu<\/a><\/span><\/p>","protected":false},"excerpt":{"rendered":"<h3>Kurulumunuzu SX Raf Ray\u0131 \u00c7ifti ile Sabitleyin<\/h3>\n<p>SX Raf Ray\u0131 \u00c7ifti, ekipman\u0131n\u0131z\u0131 g\u00fcvenli bir \u015fekilde monte etmek i\u00e7in g\u00fcvenilir ve istikrarl\u0131 bir destek sunarak fabrika do\u011frudan fiyatlar\u0131yla uzun \u00f6m\u00fcrl\u00fc performans sa\u011flar.<\/p>\n<h3>A\u011f\u0131r Kullan\u0131m i\u00e7in Dayan\u0131kl\u0131 Yap\u0131<\/h3>\n<p>Y\u00fcksek kaliteli malzemelerden \u00fcretilen SX Raf Ray\u0131 \u00c7ifti, a\u011f\u0131r y\u00fcklere dayanacak \u015fekilde \u00fcretilmi\u015ftir ve profesyonel st\u00fcdyolar veya ev ofisleri i\u00e7in m\u00fckemmeldir.<\/p>\n<h3>Kolay Kurulum ve Maksimum De\u011fer<\/h3>\n<p>H\u0131zl\u0131 kurulum ve \u00e7ok y\u00f6nl\u00fc bir tasar\u0131ma sahip olan SX Raf Ray\u0131 \u00c7ifti, \u00e7o\u011fu raf sistemine uyar. Uygun, fabrika \u00e7\u0131k\u0131\u015fl\u0131 fiyatlarla \u00fcst\u00fcn kalitenin keyfini \u00e7\u0131kar\u0131n.<\/p>","protected":false},"featured_media":4274,"comment_status":"open","ping_status":"closed","template":"","meta":[],"product_brand":[],"product_cat":[66],"product_tag":[],"class_list":{"0":"post-4313","1":"product","2":"type-product","3":"status-publish","4":"has-post-thumbnail","6":"product_cat-rack-hardware","8":"first","9":"instock","10":"shipping-taxable","11":"product-type-simple"},"yoast_head":"<!-- This site is optimized with the Yoast SEO Premium plugin v27.1 (Yoast SEO v27.2) - https:\/\/yoast.com\/product\/yoast-seo-premium-wordpress\/ -->\n<title>Rack Rail Pair RAA402 - https:\/\/sxflightcase.com \ud83d\udc97<\/title>\n<meta name=\"description\" content=\"Rack rail pair, factory direct! High-quality, durable rails designed for secure mounting of rack equipment. Ideal for professional setups in cases, server racks, and more.\" \/>\n<meta name=\"robots\" content=\"index, follow, max-snippet:-1, max-image-preview:large, max-video-preview:-1\" \/>\n<link rel=\"canonical\" href=\"https:\/\/sxflightcase.com\/tr\/produk\/pasangan-rel-rak-raa402-2\/\" \/>\n<meta property=\"og:locale\" content=\"tr_TR\" \/>\n<meta property=\"og:type\" content=\"article\" \/>\n<meta property=\"og:title\" content=\"Rack Rail Pair RAA402\" \/>\n<meta property=\"og:description\" content=\"Rack rail pair, factory direct! High-quality, durable rails designed for secure mounting of rack equipment. Ideal for professional setups in cases, server racks, and more.\" \/>\n<meta property=\"og:url\" content=\"https:\/\/sxflightcase.com\/tr\/produk\/pasangan-rel-rak-raa402-2\/\" \/>\n<meta property=\"og:site_name\" content=\"https:\/\/sxflightcase.com\" \/>\n<meta property=\"article:publisher\" content=\"https:\/\/www.facebook.com\/profile.php?id=61560407257971\" \/>\n<meta property=\"article:modified_time\" content=\"2024-09-06T06:42:53+00:00\" \/>\n<meta property=\"og:image\" content=\"https:\/\/sxflightcase.com\/wp-content\/uploads\/2024\/09\/RAA402.jpg\" \/>\n\t<meta property=\"og:image:width\" content=\"700\" \/>\n\t<meta property=\"og:image:height\" content=\"700\" \/>\n\t<meta property=\"og:image:type\" content=\"image\/jpeg\" \/>\n<meta name=\"twitter:card\" content=\"summary_large_image\" \/>\n<meta name=\"twitter:label1\" content=\"Tahmini okuma s\u00fcresi\" \/>\n\t<meta name=\"twitter:data1\" content=\"3 dakika\" \/>\n<script type=\"application\/ld+json\" class=\"yoast-schema-graph\">{\"@context\":\"https:\/\/schema.org\",\"@graph\":[{\"@type\":\"WebPage\",\"@id\":\"https:\/\/sxflightcase.com\/id\/produk\/pasangan-rel-rak-raa402-2\/\",\"url\":\"https:\/\/sxflightcase.com\/id\/produk\/pasangan-rel-rak-raa402-2\/\",\"name\":\"Rack Rail Pair RAA402 - https:\/\/sxflightcase.com \ud83d\udc97\",\"isPartOf\":{\"@id\":\"https:\/\/sxflightcase.com\/th\/#website\"},\"primaryImageOfPage\":{\"@id\":\"https:\/\/sxflightcase.com\/id\/produk\/pasangan-rel-rak-raa402-2\/#primaryimage\"},\"image\":{\"@id\":\"https:\/\/sxflightcase.com\/id\/produk\/pasangan-rel-rak-raa402-2\/#primaryimage\"},\"thumbnailUrl\":\"https:\/\/sxflightcase.com\/wp-content\/uploads\/2024\/09\/RAA402.jpg\",\"datePublished\":\"2024-09-06T06:42:52+00:00\",\"dateModified\":\"2024-09-06T06:42:53+00:00\",\"description\":\"Rack rail pair, factory direct! High-quality, durable rails designed for secure mounting of rack equipment. Ideal for professional setups in cases, server racks, and more.\",\"breadcrumb\":{\"@id\":\"https:\/\/sxflightcase.com\/id\/produk\/pasangan-rel-rak-raa402-2\/#breadcrumb\"},\"inLanguage\":\"tr\",\"potentialAction\":[{\"@type\":\"ReadAction\",\"target\":[\"https:\/\/sxflightcase.com\/id\/produk\/pasangan-rel-rak-raa402-2\/\"]}]},{\"@type\":\"ImageObject\",\"inLanguage\":\"tr\",\"@id\":\"https:\/\/sxflightcase.com\/id\/produk\/pasangan-rel-rak-raa402-2\/#primaryimage\",\"url\":\"https:\/\/sxflightcase.com\/wp-content\/uploads\/2024\/09\/RAA402.jpg\",\"contentUrl\":\"https:\/\/sxflightcase.com\/wp-content\/uploads\/2024\/09\/RAA402.jpg\",\"width\":700,\"height\":700,\"caption\":\"Rack Rail Pair\"},{\"@type\":\"BreadcrumbList\",\"@id\":\"https:\/\/sxflightcase.com\/id\/produk\/pasangan-rel-rak-raa402-2\/#breadcrumb\",\"itemListElement\":[{\"@type\":\"ListItem\",\"position\":1,\"name\":\"Home\",\"item\":\"https:\/\/sxflightcase.com\/\"},{\"@type\":\"ListItem\",\"position\":2,\"name\":\"\u0e2a\u0e34\u0e19\u0e04\u0e49\u0e32\",\"item\":\"https:\/\/sxflightcase.com\/th\/shop\/\"},{\"@type\":\"ListItem\",\"position\":3,\"name\":\"Rack Rail Pair RAA402\"}]},{\"@type\":\"WebSite\",\"@id\":\"https:\/\/sxflightcase.com\/th\/#website\",\"url\":\"https:\/\/sxflightcase.com\/th\/\",\"name\":\"sxpowercase.com\",\"description\":\"Flight Case Factory\",\"publisher\":{\"@id\":\"https:\/\/sxflightcase.com\/th\/#organization\"},\"potentialAction\":[{\"@type\":\"SearchAction\",\"target\":{\"@type\":\"EntryPoint\",\"urlTemplate\":\"https:\/\/sxflightcase.com\/th\/?s={search_term_string}\"},\"query-input\":{\"@type\":\"PropertyValueSpecification\",\"valueRequired\":true,\"valueName\":\"search_term_string\"}}],\"inLanguage\":\"tr\"},{\"@type\":\"Organization\",\"@id\":\"https:\/\/sxflightcase.com\/th\/#organization\",\"name\":\"sxpowercase.com\",\"url\":\"https:\/\/sxflightcase.com\/th\/\",\"logo\":{\"@type\":\"ImageObject\",\"inLanguage\":\"tr\",\"@id\":\"https:\/\/sxflightcase.com\/th\/#\/schema\/logo\/image\/\",\"url\":\"https:\/\/sxflightcase.com\/wp-content\/uploads\/2024\/04\/1713919036007.jpg\",\"contentUrl\":\"https:\/\/sxflightcase.com\/wp-content\/uploads\/2024\/04\/1713919036007.jpg\",\"width\":382,\"height\":388,\"caption\":\"sxpowercase.com\"},\"image\":{\"@id\":\"https:\/\/sxflightcase.com\/th\/#\/schema\/logo\/image\/\"},\"sameAs\":[\"https:\/\/www.facebook.com\/profile.php?id=61560407257971\"],\"numberOfEmployees\":{\"@type\":\"QuantitativeValue\",\"minValue\":\"11\",\"maxValue\":\"50\"}}]}<\/script>\n<!-- \/ Yoast SEO Premium plugin. -->","yoast_head_json":{"title":"Rack Rail Pair RAA402 - https:\/\/sxflightcase.com \ud83d\udc97","description":"Raf ray\u0131 \u00e7ifti, do\u011frudan fabrika \u00e7\u0131k\u0131\u015f\u0131! Raf ekipmanlar\u0131n\u0131n g\u00fcvenli montaj\u0131 i\u00e7in tasarlanm\u0131\u015f y\u00fcksek kaliteli, dayan\u0131kl\u0131 raylar. Kasalarda, sunucu raflar\u0131nda ve daha fazlas\u0131nda profesyonel kurulumlar i\u00e7in idealdir.","robots":{"index":"index","follow":"follow","max-snippet":"max-snippet:-1","max-image-preview":"max-image-preview:large","max-video-preview":"max-video-preview:-1"},"canonical":"https:\/\/sxflightcase.com\/tr\/produk\/pasangan-rel-rak-raa402-2\/","og_locale":"tr_TR","og_type":"article","og_title":"Rack Rail Pair RAA402","og_description":"Rack rail pair, factory direct! High-quality, durable rails designed for secure mounting of rack equipment. Ideal for professional setups in cases, server racks, and more.","og_url":"https:\/\/sxflightcase.com\/tr\/produk\/pasangan-rel-rak-raa402-2\/","og_site_name":"https:\/\/sxflightcase.com","article_publisher":"https:\/\/www.facebook.com\/profile.php?id=61560407257971","article_modified_time":"2024-09-06T06:42:53+00:00","og_image":[{"width":700,"height":700,"url":"https:\/\/sxflightcase.com\/wp-content\/uploads\/2024\/09\/RAA402.jpg","type":"image\/jpeg"}],"twitter_card":"summary_large_image","twitter_misc":{"Tahmini okuma s\u00fcresi":"3 dakika"},"schema":{"@context":"https:\/\/schema.org","@graph":[{"@type":"WebPage","@id":"https:\/\/sxflightcase.com\/id\/produk\/pasangan-rel-rak-raa402-2\/","url":"https:\/\/sxflightcase.com\/id\/produk\/pasangan-rel-rak-raa402-2\/","name":"Rack Rail Pair RAA402 - https:\/\/sxflightcase.com \ud83d\udc97","isPartOf":{"@id":"https:\/\/sxflightcase.com\/th\/#website"},"primaryImageOfPage":{"@id":"https:\/\/sxflightcase.com\/id\/produk\/pasangan-rel-rak-raa402-2\/#primaryimage"},"image":{"@id":"https:\/\/sxflightcase.com\/id\/produk\/pasangan-rel-rak-raa402-2\/#primaryimage"},"thumbnailUrl":"https:\/\/sxflightcase.com\/wp-content\/uploads\/2024\/09\/RAA402.jpg","datePublished":"2024-09-06T06:42:52+00:00","dateModified":"2024-09-06T06:42:53+00:00","description":"Raf ray\u0131 \u00e7ifti, do\u011frudan fabrika \u00e7\u0131k\u0131\u015f\u0131! Raf ekipmanlar\u0131n\u0131n g\u00fcvenli montaj\u0131 i\u00e7in tasarlanm\u0131\u015f y\u00fcksek kaliteli, dayan\u0131kl\u0131 raylar. Kasalarda, sunucu raflar\u0131nda ve daha fazlas\u0131nda profesyonel kurulumlar i\u00e7in idealdir.","breadcrumb":{"@id":"https:\/\/sxflightcase.com\/id\/produk\/pasangan-rel-rak-raa402-2\/#breadcrumb"},"inLanguage":"tr","potentialAction":[{"@type":"ReadAction","target":["https:\/\/sxflightcase.com\/id\/produk\/pasangan-rel-rak-raa402-2\/"]}]},{"@type":"ImageObject","inLanguage":"tr","@id":"https:\/\/sxflightcase.com\/id\/produk\/pasangan-rel-rak-raa402-2\/#primaryimage","url":"https:\/\/sxflightcase.com\/wp-content\/uploads\/2024\/09\/RAA402.jpg","contentUrl":"https:\/\/sxflightcase.com\/wp-content\/uploads\/2024\/09\/RAA402.jpg","width":700,"height":700,"caption":"Rack Rail Pair"},{"@type":"BreadcrumbList","@id":"https:\/\/sxflightcase.com\/id\/produk\/pasangan-rel-rak-raa402-2\/#breadcrumb","itemListElement":[{"@type":"ListItem","position":1,"name":"Home","item":"https:\/\/sxflightcase.com\/"},{"@type":"ListItem","position":2,"name":"\u0e2a\u0e34\u0e19\u0e04\u0e49\u0e32","item":"https:\/\/sxflightcase.com\/th\/shop\/"},{"@type":"ListItem","position":3,"name":"Rack Rail Pair RAA402"}]},{"@type":"WebSite","@id":"https:\/\/sxflightcase.com\/th\/#website","url":"https:\/\/sxflightcase.com\/th\/","name":"sxpowercase.com","description":"U\u00e7u\u015f \u00c7antas\u0131 Fabrikas\u0131","publisher":{"@id":"https:\/\/sxflightcase.com\/th\/#organization"},"potentialAction":[{"@type":"SearchAction","target":{"@type":"EntryPoint","urlTemplate":"https:\/\/sxflightcase.com\/th\/?s={search_term_string}"},"query-input":{"@type":"PropertyValueSpecification","valueRequired":true,"valueName":"search_term_string"}}],"inLanguage":"tr"},{"@type":"Organization","@id":"https:\/\/sxflightcase.com\/th\/#organization","name":"sxpowercase.com","url":"https:\/\/sxflightcase.com\/th\/","logo":{"@type":"ImageObject","inLanguage":"tr","@id":"https:\/\/sxflightcase.com\/th\/#\/schema\/logo\/image\/","url":"https:\/\/sxflightcase.com\/wp-content\/uploads\/2024\/04\/1713919036007.jpg","contentUrl":"https:\/\/sxflightcase.com\/wp-content\/uploads\/2024\/04\/1713919036007.jpg","width":382,"height":388,"caption":"sxpowercase.com"},"image":{"@id":"https:\/\/sxflightcase.com\/th\/#\/schema\/logo\/image\/"},"sameAs":["https:\/\/www.facebook.com\/profile.php?id=61560407257971"],"numberOfEmployees":{"@type":"QuantitativeValue","minValue":"11","maxValue":"50"}}]}},"_links":{"self":[{"href":"https:\/\/sxflightcase.com\/tr\/wp-json\/wp\/v2\/product\/4313","targetHints":{"allow":["GET"]}}],"collection":[{"href":"https:\/\/sxflightcase.com\/tr\/wp-json\/wp\/v2\/product"}],"about":[{"href":"https:\/\/sxflightcase.com\/tr\/wp-json\/wp\/v2\/types\/product"}],"replies":[{"embeddable":true,"href":"https:\/\/sxflightcase.com\/tr\/wp-json\/wp\/v2\/comments?post=4313"}],"version-history":[{"count":0,"href":"https:\/\/sxflightcase.com\/tr\/wp-json\/wp\/v2\/product\/4313\/revisions"}],"wp:featuredmedia":[{"embeddable":true,"href":"https:\/\/sxflightcase.com\/tr\/wp-json\/wp\/v2\/media\/4274"}],"wp:attachment":[{"href":"https:\/\/sxflightcase.com\/tr\/wp-json\/wp\/v2\/media?parent=4313"}],"wp:term":[{"taxonomy":"product_brand","embeddable":true,"href":"https:\/\/sxflightcase.com\/tr\/wp-json\/wp\/v2\/product_brand?post=4313"},{"taxonomy":"product_cat","embeddable":true,"href":"https:\/\/sxflightcase.com\/tr\/wp-json\/wp\/v2\/product_cat?post=4313"},{"taxonomy":"product_tag","embeddable":true,"href":"https:\/\/sxflightcase.com\/tr\/wp-json\/wp\/v2\/product_tag?post=4313"}],"curies":[{"name":"wp","href":"https:\/\/api.w.org\/{rel}","templated":true}]}}