{"id":4314,"date":"2024-09-06T07:49:10","date_gmt":"2024-09-06T06:49:10","guid":{"rendered":"https:\/\/sxpowercase.com\/?post_type=product&#038;p=4314"},"modified":"2024-09-09T05:01:14","modified_gmt":"2024-09-09T04:01:14","slug":"rack-rail-rab101","status":"publish","type":"product","link":"https:\/\/sxflightcase.com\/tr\/urun\/raf-rayi-rab101\/","title":{"rendered":"Raf Ray\u0131 RAB101"},"content":{"rendered":"<h3>SX Raf Ray\u0131 ile G\u00fc\u00e7l\u00fc Destek<\/h3>\n<p>Ekipman\u0131n\u0131z\u0131n g\u00fcvenli\u011fini sa\u011flamak s\u00f6z konusu oldu\u011funda <strong>SX <a href=\"https:\/\/sxpowercase.com\/product\/rack-rail-rab101\/\">Raf Ray\u0131<\/a><\/strong> m\u00fckemmel bir \u00e7\u00f6z\u00fcm sunar. G\u00fc\u00e7 ve dayan\u0131kl\u0131l\u0131k i\u00e7in tasarlanan bu \u00fcr\u00fcn, ekipman\u0131n\u0131z\u0131n yerinde kalmas\u0131n\u0131 sa\u011flayarak g\u00fcvenilir bir destek sunar. <strong>SX<\/strong> size fabrikadan do\u011frudan fiyatland\u0131rma sunar, b\u00f6ylece d\u00fc\u015f\u00fck maliyetle y\u00fcksek kaliteli bir \u00fcr\u00fcn al\u0131rs\u0131n\u0131z, b\u00fct\u00e7e bilincine sahip her profesyonel i\u00e7in m\u00fckemmeldir.<\/p>\n<h3>Uzun S\u00fcreli Kullan\u0131m i\u00e7in Y\u00fcksek Kaliteli Malzeme<\/h3>\n<p>The <strong><a title=\"SX\" href=\"https:\/\/sxpowercase.com\/\" target=\"_blank\" rel=\"noopener\" data-wpil-monitor-id=\"729\">SX<\/a> Raf Ray\u0131<\/strong> birinci s\u0131n\u0131f malzemelerden \u00fcretilmi\u015ftir ve zaman i\u00e7inde a\u011f\u0131r hizmet tipi kullan\u0131m\u0131n \u00fcstesinden gelmek i\u00e7in \u00fcretilmi\u015ftir. \u0130ster ses, ister BT veya yay\u0131n ekipman\u0131yla \u00e7al\u0131\u015f\u0131yor olun, bu raf ray\u0131 sa\u011flam performans ve uzun s\u00fcreli g\u00fcvenilirli\u011fi garanti eder. At <strong>SX<\/strong>kalite g\u00fcvencesine inan\u0131yor, her \u00fcr\u00fcn\u00fcn size ula\u015fmadan \u00f6nce end\u00fcstri standartlar\u0131n\u0131 kar\u015f\u0131lad\u0131\u011f\u0131ndan emin oluyoruz.<\/p>\n<h3>Kolay Kurulum ve Uyarlanabilirlik<\/h3>\n<p>ile <strong>SX Raf Raylar\u0131<\/strong>montaj\u0131 h\u0131zl\u0131 ve kolayd\u0131r. Bu raylar \u00e7o\u011fu raf sistemine sorunsuz bir \u015fekilde uyum sa\u011flayarak \u00e7e\u015fitli kurulumlarda esneklik sunar. \u0130ster bir ev st\u00fcdyosunu, ister ofisi veya veri merkezini donat\u0131yor olun, bu raylar\u0131n \u00e7ok y\u00f6nl\u00fcl\u00fc\u011f\u00fc onlar\u0131 her uygulama i\u00e7in m\u00fckemmel bir se\u00e7im haline getirir.<\/p>\n<h3>Daha Y\u00fcksek De\u011fer i\u00e7in Fabrika Do\u011frudan Fiyatland\u0131rmas\u0131<\/h3>\n<p>\u015eu anda <strong>SX<\/strong>m\u00fc\u015fterilerimizin fabrikadan do\u011frudan fiyatland\u0131rmadan yararlanmas\u0131n\u0131 sa\u011fl\u0131yoruz. Arac\u0131lar\u0131 ortadan kald\u0131rarak, a\u015fa\u011f\u0131daki gibi \u00fcst d\u00fczey \u00fcr\u00fcnler sunuyoruz <strong>Raf Ray\u0131<\/strong> rekabet\u00e7i bir fiyata. Kaliteden \u00f6d\u00fcn vermeden en iyi de\u011feri elde edersiniz, bu da raflar\u0131n\u0131z\u0131 belirli bir b\u00fct\u00e7eyle donatman\u0131z\u0131 kolayla\u015ft\u0131r\u0131r.<\/p>\n<h3>\u0130stikrar ve Koruma<\/h3>\n<p>The <strong>SX Raf Ray\u0131<\/strong> m\u00fckemmel stabilite sunarak cihazlar\u0131n\u0131z\u0131 yerinde sabitler ve istenmeyen hareketleri \u00f6nler. Bu, de\u011ferli ekipmanlar\u0131n\u0131z\u0131n yo\u011fun ortamlarda bile korunmas\u0131n\u0131 sa\u011flar. \u0130ster hafif ekipmanlar ister a\u011f\u0131r sunucular i\u00e7in olsun, bu raylar g\u00f6n\u00fcl rahatl\u0131\u011f\u0131 sa\u011flar.<\/p>\n<h3>\u00c7ok Y\u00f6nl\u00fc Uygulamalar i\u00e7in \u00dcretildi<\/h3>\n<p>\u0130ster profesyonel bir ortamda ister evde olsun <strong>SX Raf Raylar\u0131<\/strong> geni\u015f bir kullan\u0131m yelpazesi i\u00e7in tasarlanm\u0131\u015ft\u0131r. St\u00fcdyolardan veri merkezlerine kadar, bu raylar\u0131n uyarlanabilirli\u011fi ve g\u00fcc\u00fc onlar\u0131 her senaryo i\u00e7in uygun hale getirir. G\u00fc\u00e7l\u00fc yap\u0131s\u0131 ve kolay entegrasyonu, kurulumunuza g\u00fcvenilir bir katk\u0131 sa\u011flar.<\/p>\n<h3>G\u00fcvenebilece\u011finiz Kalite<\/h3>\n<p><strong>SX<\/strong> g\u00fcvenilir, y\u00fcksek kaliteli \u00fcr\u00fcnler sunmay\u0131 taahh\u00fct eder. Bizim <strong>Raf Ray\u0131<\/strong> performans ve dayan\u0131kl\u0131l\u0131k a\u00e7\u0131s\u0131ndan titizlikle test edilerek en iyisini alman\u0131z\u0131 sa\u011flar. Fabrikadan do\u011frudan fiyatland\u0131rma ve kalite g\u00fcvencesine odaklanma ile g\u00fcvenebilirsiniz <strong>SX<\/strong> her seferinde de\u011fer sunmak i\u00e7in.<\/p>\n<ol>\n<li>Hemen \u0130leti\u015fime Ge\u00e7in:<span style=\"color: #0000ff;\"><a style=\"color: #0000ff;\" href=\"https:\/\/sxpowercase.com\/contact-us\/\">https:\/\/sxpowercase.com\/<\/a><\/span><\/li>\n<li>Donan\u0131m \u00dcr\u00fcn Katalo\u011fu\uff1a<span style=\"color: #3366ff;\"><a style=\"color: #3366ff;\" href=\"https:\/\/sxpowercase.com\/wp-content\/uploads\/2024\/07\/\u4e94\u91d1.pdf\">Donan\u0131m aksesuarlar\u0131 katalo\u011fu<\/a><\/span><\/li>\n<\/ol>","protected":false},"excerpt":{"rendered":"<h3>SX Raf Ray\u0131 ile G\u00fcvenilir Destek<\/h3>\n<p>SX Raf Ray\u0131, ekipman\u0131n\u0131z\u0131 sabitlemek i\u00e7in g\u00fc\u00e7l\u00fc ve dayan\u0131kl\u0131 destek sunarak uygun, fabrika \u00e7\u0131k\u0131\u015fl\u0131 fiyatlarla g\u00fcvenilir performans sa\u011flar.<\/p>\n<h3>Uzun S\u00fcreli Kullan\u0131m i\u00e7in Y\u00fcksek Kaliteli Malzemeler<\/h3>\n<p>Birinci s\u0131n\u0131f malzemelerden \u00fcretilen SX Raf Ray\u0131, BT, ses veya yay\u0131n kurulumlar\u0131ndaki a\u011f\u0131r hizmet uygulamalar\u0131 i\u00e7in m\u00fckemmel olan uzun s\u00fcreli dayan\u0131kl\u0131l\u0131k sa\u011flar.<\/p>\n<h3>Kolay Kurulum ve Maksimum \u00c7ok Y\u00f6nl\u00fcl\u00fck<\/h3>\n<p>Sorunsuz kurulum i\u00e7in tasarlanan SX Raf Raylar\u0131, \u00e7o\u011fu raf sistemine uyarak hem profesyonel hem de ev ortamlar\u0131 i\u00e7in ideal bir se\u00e7imdir.<\/p>","protected":false},"featured_media":4275,"comment_status":"open","ping_status":"closed","template":"","meta":[],"product_brand":[],"product_cat":[66],"product_tag":[],"class_list":{"0":"post-4314","1":"product","2":"type-product","3":"status-publish","4":"has-post-thumbnail","6":"product_cat-rack-hardware","8":"first","9":"instock","10":"shipping-taxable","11":"product-type-simple"},"yoast_head":"<!-- This site is optimized with the Yoast SEO Premium plugin v27.1 (Yoast SEO v27.2) - https:\/\/yoast.com\/product\/yoast-seo-premium-wordpress\/ -->\n<title>Rack Rail RAB101 - https:\/\/sxflightcase.com \ud83d\udc97<\/title>\n<meta name=\"description\" content=\"Rack rail, factory direct! High-quality, durable rail designed for secure and organized mounting of rack equipment. Perfect for professional use in cases, server racks, and AV setups.\" \/>\n<meta name=\"robots\" content=\"index, follow, max-snippet:-1, max-image-preview:large, max-video-preview:-1\" \/>\n<link rel=\"canonical\" href=\"https:\/\/sxflightcase.com\/tr\/urun\/raf-rayi-rab101\/\" \/>\n<meta property=\"og:locale\" content=\"tr_TR\" \/>\n<meta property=\"og:type\" content=\"article\" \/>\n<meta property=\"og:title\" content=\"Rack Rail RAB101\" \/>\n<meta property=\"og:description\" content=\"Rack rail, factory direct! High-quality, durable rail designed for secure and organized mounting of rack equipment. Perfect for professional use in cases, server racks, and AV setups.\" \/>\n<meta property=\"og:url\" content=\"https:\/\/sxflightcase.com\/tr\/urun\/raf-rayi-rab101\/\" \/>\n<meta property=\"og:site_name\" content=\"https:\/\/sxflightcase.com\" \/>\n<meta property=\"article:publisher\" content=\"https:\/\/www.facebook.com\/profile.php?id=61560407257971\" \/>\n<meta property=\"article:modified_time\" content=\"2024-09-09T04:01:14+00:00\" \/>\n<meta property=\"og:image\" content=\"https:\/\/sxflightcase.com\/wp-content\/uploads\/2024\/09\/RAB101.jpg\" \/>\n\t<meta property=\"og:image:width\" content=\"700\" \/>\n\t<meta property=\"og:image:height\" content=\"700\" \/>\n\t<meta property=\"og:image:type\" content=\"image\/jpeg\" \/>\n<meta name=\"twitter:card\" content=\"summary_large_image\" \/>\n<meta name=\"twitter:label1\" content=\"Tahmini okuma s\u00fcresi\" \/>\n\t<meta name=\"twitter:data1\" content=\"3 dakika\" \/>\n<script type=\"application\/ld+json\" class=\"yoast-schema-graph\">{\"@context\":\"https:\/\/schema.org\",\"@graph\":[{\"@type\":\"WebPage\",\"@id\":\"https:\/\/sxflightcase.com\/product\/rack-rail-rab101\/\",\"url\":\"https:\/\/sxflightcase.com\/product\/rack-rail-rab101\/\",\"name\":\"Rack Rail RAB101 - https:\/\/sxflightcase.com \ud83d\udc97\",\"isPartOf\":{\"@id\":\"https:\/\/sxflightcase.com\/th\/#website\"},\"primaryImageOfPage\":{\"@id\":\"https:\/\/sxflightcase.com\/product\/rack-rail-rab101\/#primaryimage\"},\"image\":{\"@id\":\"https:\/\/sxflightcase.com\/product\/rack-rail-rab101\/#primaryimage\"},\"thumbnailUrl\":\"https:\/\/sxflightcase.com\/wp-content\/uploads\/2024\/09\/RAB101.jpg\",\"datePublished\":\"2024-09-06T06:49:10+00:00\",\"dateModified\":\"2024-09-09T04:01:14+00:00\",\"description\":\"Rack rail, factory direct! High-quality, durable rail designed for secure and organized mounting of rack equipment. Perfect for professional use in cases, server racks, and AV setups.\",\"breadcrumb\":{\"@id\":\"https:\/\/sxflightcase.com\/product\/rack-rail-rab101\/#breadcrumb\"},\"inLanguage\":\"tr\",\"potentialAction\":[{\"@type\":\"ReadAction\",\"target\":[\"https:\/\/sxflightcase.com\/product\/rack-rail-rab101\/\"]}]},{\"@type\":\"ImageObject\",\"inLanguage\":\"tr\",\"@id\":\"https:\/\/sxflightcase.com\/product\/rack-rail-rab101\/#primaryimage\",\"url\":\"https:\/\/sxflightcase.com\/wp-content\/uploads\/2024\/09\/RAB101.jpg\",\"contentUrl\":\"https:\/\/sxflightcase.com\/wp-content\/uploads\/2024\/09\/RAB101.jpg\",\"width\":700,\"height\":700,\"caption\":\"Rack Rail\"},{\"@type\":\"BreadcrumbList\",\"@id\":\"https:\/\/sxflightcase.com\/product\/rack-rail-rab101\/#breadcrumb\",\"itemListElement\":[{\"@type\":\"ListItem\",\"position\":1,\"name\":\"Home\",\"item\":\"https:\/\/sxflightcase.com\/\"},{\"@type\":\"ListItem\",\"position\":2,\"name\":\"\u0e2a\u0e34\u0e19\u0e04\u0e49\u0e32\",\"item\":\"https:\/\/sxflightcase.com\/th\/shop\/\"},{\"@type\":\"ListItem\",\"position\":3,\"name\":\"Rack Rail RAB101\"}]},{\"@type\":\"WebSite\",\"@id\":\"https:\/\/sxflightcase.com\/th\/#website\",\"url\":\"https:\/\/sxflightcase.com\/th\/\",\"name\":\"sxpowercase.com\",\"description\":\"Flight Case Factory\",\"publisher\":{\"@id\":\"https:\/\/sxflightcase.com\/th\/#organization\"},\"potentialAction\":[{\"@type\":\"SearchAction\",\"target\":{\"@type\":\"EntryPoint\",\"urlTemplate\":\"https:\/\/sxflightcase.com\/th\/?s={search_term_string}\"},\"query-input\":{\"@type\":\"PropertyValueSpecification\",\"valueRequired\":true,\"valueName\":\"search_term_string\"}}],\"inLanguage\":\"tr\"},{\"@type\":\"Organization\",\"@id\":\"https:\/\/sxflightcase.com\/th\/#organization\",\"name\":\"sxpowercase.com\",\"url\":\"https:\/\/sxflightcase.com\/th\/\",\"logo\":{\"@type\":\"ImageObject\",\"inLanguage\":\"tr\",\"@id\":\"https:\/\/sxflightcase.com\/th\/#\/schema\/logo\/image\/\",\"url\":\"https:\/\/sxflightcase.com\/wp-content\/uploads\/2024\/04\/1713919036007.jpg\",\"contentUrl\":\"https:\/\/sxflightcase.com\/wp-content\/uploads\/2024\/04\/1713919036007.jpg\",\"width\":382,\"height\":388,\"caption\":\"sxpowercase.com\"},\"image\":{\"@id\":\"https:\/\/sxflightcase.com\/th\/#\/schema\/logo\/image\/\"},\"sameAs\":[\"https:\/\/www.facebook.com\/profile.php?id=61560407257971\"],\"numberOfEmployees\":{\"@type\":\"QuantitativeValue\",\"minValue\":\"11\",\"maxValue\":\"50\"}}]}<\/script>\n<!-- \/ Yoast SEO Premium plugin. -->","yoast_head_json":{"title":"Rack Rail RAB101 - https:\/\/sxflightcase.com \ud83d\udc97","description":"Raf ray\u0131, do\u011frudan fabrika \u00e7\u0131k\u0131\u015f\u0131! Raf ekipmanlar\u0131n\u0131n g\u00fcvenli ve d\u00fczenli bir \u015fekilde monte edilmesi i\u00e7in tasarlanm\u0131\u015f y\u00fcksek kaliteli, dayan\u0131kl\u0131 ray. Kasalarda, sunucu raflar\u0131nda ve AV kurulumlar\u0131nda profesyonel kullan\u0131m i\u00e7in m\u00fckemmeldir.","robots":{"index":"index","follow":"follow","max-snippet":"max-snippet:-1","max-image-preview":"max-image-preview:large","max-video-preview":"max-video-preview:-1"},"canonical":"https:\/\/sxflightcase.com\/tr\/urun\/raf-rayi-rab101\/","og_locale":"tr_TR","og_type":"article","og_title":"Rack Rail RAB101","og_description":"Rack rail, factory direct! High-quality, durable rail designed for secure and organized mounting of rack equipment. Perfect for professional use in cases, server racks, and AV setups.","og_url":"https:\/\/sxflightcase.com\/tr\/urun\/raf-rayi-rab101\/","og_site_name":"https:\/\/sxflightcase.com","article_publisher":"https:\/\/www.facebook.com\/profile.php?id=61560407257971","article_modified_time":"2024-09-09T04:01:14+00:00","og_image":[{"width":700,"height":700,"url":"https:\/\/sxflightcase.com\/wp-content\/uploads\/2024\/09\/RAB101.jpg","type":"image\/jpeg"}],"twitter_card":"summary_large_image","twitter_misc":{"Tahmini okuma s\u00fcresi":"3 dakika"},"schema":{"@context":"https:\/\/schema.org","@graph":[{"@type":"WebPage","@id":"https:\/\/sxflightcase.com\/product\/rack-rail-rab101\/","url":"https:\/\/sxflightcase.com\/product\/rack-rail-rab101\/","name":"Rack Rail RAB101 - https:\/\/sxflightcase.com \ud83d\udc97","isPartOf":{"@id":"https:\/\/sxflightcase.com\/th\/#website"},"primaryImageOfPage":{"@id":"https:\/\/sxflightcase.com\/product\/rack-rail-rab101\/#primaryimage"},"image":{"@id":"https:\/\/sxflightcase.com\/product\/rack-rail-rab101\/#primaryimage"},"thumbnailUrl":"https:\/\/sxflightcase.com\/wp-content\/uploads\/2024\/09\/RAB101.jpg","datePublished":"2024-09-06T06:49:10+00:00","dateModified":"2024-09-09T04:01:14+00:00","description":"Raf ray\u0131, do\u011frudan fabrika \u00e7\u0131k\u0131\u015f\u0131! Raf ekipmanlar\u0131n\u0131n g\u00fcvenli ve d\u00fczenli bir \u015fekilde monte edilmesi i\u00e7in tasarlanm\u0131\u015f y\u00fcksek kaliteli, dayan\u0131kl\u0131 ray. Kasalarda, sunucu raflar\u0131nda ve AV kurulumlar\u0131nda profesyonel kullan\u0131m i\u00e7in m\u00fckemmeldir.","breadcrumb":{"@id":"https:\/\/sxflightcase.com\/product\/rack-rail-rab101\/#breadcrumb"},"inLanguage":"tr","potentialAction":[{"@type":"ReadAction","target":["https:\/\/sxflightcase.com\/product\/rack-rail-rab101\/"]}]},{"@type":"ImageObject","inLanguage":"tr","@id":"https:\/\/sxflightcase.com\/product\/rack-rail-rab101\/#primaryimage","url":"https:\/\/sxflightcase.com\/wp-content\/uploads\/2024\/09\/RAB101.jpg","contentUrl":"https:\/\/sxflightcase.com\/wp-content\/uploads\/2024\/09\/RAB101.jpg","width":700,"height":700,"caption":"Rack Rail"},{"@type":"BreadcrumbList","@id":"https:\/\/sxflightcase.com\/product\/rack-rail-rab101\/#breadcrumb","itemListElement":[{"@type":"ListItem","position":1,"name":"Home","item":"https:\/\/sxflightcase.com\/"},{"@type":"ListItem","position":2,"name":"\u0e2a\u0e34\u0e19\u0e04\u0e49\u0e32","item":"https:\/\/sxflightcase.com\/th\/shop\/"},{"@type":"ListItem","position":3,"name":"Rack Rail RAB101"}]},{"@type":"WebSite","@id":"https:\/\/sxflightcase.com\/th\/#website","url":"https:\/\/sxflightcase.com\/th\/","name":"sxpowercase.com","description":"U\u00e7u\u015f \u00c7antas\u0131 Fabrikas\u0131","publisher":{"@id":"https:\/\/sxflightcase.com\/th\/#organization"},"potentialAction":[{"@type":"SearchAction","target":{"@type":"EntryPoint","urlTemplate":"https:\/\/sxflightcase.com\/th\/?s={search_term_string}"},"query-input":{"@type":"PropertyValueSpecification","valueRequired":true,"valueName":"search_term_string"}}],"inLanguage":"tr"},{"@type":"Organization","@id":"https:\/\/sxflightcase.com\/th\/#organization","name":"sxpowercase.com","url":"https:\/\/sxflightcase.com\/th\/","logo":{"@type":"ImageObject","inLanguage":"tr","@id":"https:\/\/sxflightcase.com\/th\/#\/schema\/logo\/image\/","url":"https:\/\/sxflightcase.com\/wp-content\/uploads\/2024\/04\/1713919036007.jpg","contentUrl":"https:\/\/sxflightcase.com\/wp-content\/uploads\/2024\/04\/1713919036007.jpg","width":382,"height":388,"caption":"sxpowercase.com"},"image":{"@id":"https:\/\/sxflightcase.com\/th\/#\/schema\/logo\/image\/"},"sameAs":["https:\/\/www.facebook.com\/profile.php?id=61560407257971"],"numberOfEmployees":{"@type":"QuantitativeValue","minValue":"11","maxValue":"50"}}]}},"_links":{"self":[{"href":"https:\/\/sxflightcase.com\/tr\/wp-json\/wp\/v2\/product\/4314","targetHints":{"allow":["GET"]}}],"collection":[{"href":"https:\/\/sxflightcase.com\/tr\/wp-json\/wp\/v2\/product"}],"about":[{"href":"https:\/\/sxflightcase.com\/tr\/wp-json\/wp\/v2\/types\/product"}],"replies":[{"embeddable":true,"href":"https:\/\/sxflightcase.com\/tr\/wp-json\/wp\/v2\/comments?post=4314"}],"version-history":[{"count":0,"href":"https:\/\/sxflightcase.com\/tr\/wp-json\/wp\/v2\/product\/4314\/revisions"}],"wp:featuredmedia":[{"embeddable":true,"href":"https:\/\/sxflightcase.com\/tr\/wp-json\/wp\/v2\/media\/4275"}],"wp:attachment":[{"href":"https:\/\/sxflightcase.com\/tr\/wp-json\/wp\/v2\/media?parent=4314"}],"wp:term":[{"taxonomy":"product_brand","embeddable":true,"href":"https:\/\/sxflightcase.com\/tr\/wp-json\/wp\/v2\/product_brand?post=4314"},{"taxonomy":"product_cat","embeddable":true,"href":"https:\/\/sxflightcase.com\/tr\/wp-json\/wp\/v2\/product_cat?post=4314"},{"taxonomy":"product_tag","embeddable":true,"href":"https:\/\/sxflightcase.com\/tr\/wp-json\/wp\/v2\/product_tag?post=4314"}],"curies":[{"name":"wp","href":"https:\/\/api.w.org\/{rel}","templated":true}]}}