{"id":4321,"date":"2024-09-09T07:19:35","date_gmt":"2024-09-09T06:19:35","guid":{"rendered":"https:\/\/sxpowercase.com\/?post_type=product&#038;p=4321"},"modified":"2024-09-09T07:19:36","modified_gmt":"2024-09-09T06:19:36","slug":"rack-mounting-rails-rab103","status":"publish","type":"product","link":"https:\/\/sxflightcase.com\/tr\/urun\/raf-montaj-raylari-rab103-2\/","title":{"rendered":"Raf Montaj Raylar\u0131 RAB103"},"content":{"rendered":"<h3>Her Kurulum i\u00e7in \u00dcst\u00fcn Kaliteli SX Raf Montaj Raylar\u0131<\/h3>\n<p>Ekipman\u0131n\u0131z\u0131 monte etmek i\u00e7in g\u00fcvenilir ve uygun maliyetli bir yol mu ar\u0131yorsunuz? <strong>SX <a href=\"https:\/\/sxpowercase.com\/product\/rack-mounting-rails-rab102\/\">Raf Montaj Raylar\u0131<\/a><\/strong> st\u00fcdyolar, sunucu odalar\u0131 veya end\u00fcstriyel alanlar gibi profesyonel kurulumlar i\u00e7in m\u00fckemmel bir \u00e7\u00f6z\u00fcm sunar. <strong>SX<\/strong> y\u00fcksek maliyetler olmadan y\u00fcksek kaliteli \u00fcr\u00fcnler sa\u011flayarak fabrika do\u011frudan fiyatland\u0131rmas\u0131 sunar.<\/p>\n<h3>Maksimum Dayan\u0131kl\u0131l\u0131k i\u00e7in \u00dcretildi<\/h3>\n<p>Her <strong>Raf Montaj Ray\u0131<\/strong> itibaren <strong><a href=\"https:\/\/sxpowercase.com\/\" target=\"_blank\" rel=\"noopener\" title=\"SX\" data-wpil-monitor-id=\"732\">SX<\/a><\/strong> sa\u011flam malzemelerden \u00fcretilmi\u015ftir ve a\u011f\u0131r y\u00fckler alt\u0131nda bile uzun s\u00fcreli dayan\u0131kl\u0131l\u0131k sunar. En zorlu ko\u015fullara dayanacak \u015fekilde tasarlanan bu raylar, t\u00fcm montaj ihtiya\u00e7lar\u0131n\u0131z i\u00e7in g\u00fcvenilir destek sa\u011flar. G\u00fcven <strong>SX<\/strong> Her \u00fcr\u00fcnde g\u00fc\u00e7 ve sa\u011flaml\u0131k i\u00e7in.<\/p>\n<h3>Basit Kurulum ve Uyarlanabilirlik<\/h3>\n<p>Bizim <strong>Raf Montaj Raylar\u0131<\/strong> kurulumu kolayd\u0131r ve \u00e7ok \u00e7e\u015fitli kurulumlara uyum sa\u011flar. \u0130ster ses ekipman\u0131, ister BT sunucular\u0131 veya end\u00fcstriyel donan\u0131m monte ediyor olun, <strong>SX<\/strong> raylar s\u00fcreci sorunsuz ve verimli hale getirir. \u00c7ok y\u00f6nl\u00fc bir tasar\u0131ma sahip olan bu raylar, her t\u00fcrl\u00fc standart raf sistemine sorunsuz bir \u015fekilde uyum sa\u011flar.<\/p>\n<h3>Fabrika Do\u011frudan Tasarruflar\u0131<\/h3>\n<p>\u015eu anda <strong>SX<\/strong>do\u011frudan fabrikadan fiyatland\u0131rma sunuyoruz, bu da \u00fcst\u00fcn kaliteyi daha d\u00fc\u015f\u00fck maliyetle elde edece\u011finiz anlam\u0131na geliyor. Uygun fiyatl\u0131 \u00e7\u00f6z\u00fcmlere do\u011frudan kayna\u011f\u0131ndan eri\u015fmek varken kaliteden \u00f6d\u00fcn vermenize gerek yok. \u0130le <strong>SX<\/strong>b\u00fct\u00e7eniz i\u00e7in en iyi de\u011feri bulaca\u011f\u0131n\u0131z\u0131 garanti ediyoruz.<\/p>\n<h3>G\u00fcvenli ve Emniyetli Ekipman Montaj\u0131<\/h3>\n<p>The <strong>Raf Montaj Raylar\u0131<\/strong> taraf\u0131ndan <strong>SX<\/strong> a\u011f\u0131r veya hassas ekipmanlar i\u00e7in gereken stabilite ve g\u00fcvenli\u011fi sa\u011flar. Cihazlar\u0131n\u0131z\u0131n s\u0131k\u0131ca yerinde durdu\u011fundan ve kazara d\u00fc\u015fme veya hasar riskini azaltt\u0131\u011f\u0131ndan emin olabilirsiniz. Bu g\u00fcvenilirlik, de\u011ferli ekipman\u0131n\u0131z\u0131n kullan\u0131m s\u0131ras\u0131nda g\u00fcvende kalmas\u0131n\u0131 sa\u011flar.<\/p>\n<h3>\u00c7e\u015fitli Uygulamalar i\u00e7in \u0130deal<\/h3>\n<p>Ne t\u00fcr bir kurulumla \u00e7al\u0131\u015ft\u0131\u011f\u0131n\u0131z\u0131n bir \u00f6nemi yok, <strong>SX Raf Montaj Raylar\u0131<\/strong> destekleyecek esnekli\u011fi ve g\u00fcc\u00fc sunar. Veri merkezlerinden yay\u0131n st\u00fcdyolar\u0131na kadar, raylar\u0131m\u0131z \u00e7ok y\u00f6nl\u00fcl\u00fck i\u00e7in \u00fcretilmi\u015ftir. Kalite ve dayan\u0131kl\u0131l\u0131k konusunda bir \u00fcne sahiptir, <strong>SX<\/strong> \u00fcr\u00fcnleri d\u00fcnya \u00e7ap\u0131nda profesyoneller taraf\u0131ndan g\u00fcvenilmektedir.<\/p>\n<h3>G\u00fcvenebilece\u011finiz Kalite G\u00fcvencesi<\/h3>\n<p>\u015eu anda <strong>SX<\/strong>en iyisini sunmaya kararl\u0131y\u0131z. Her <strong>Raf Montaj Ray\u0131<\/strong> en y\u00fcksek standartlar\u0131 kar\u015f\u0131lad\u0131\u011f\u0131ndan emin olmak i\u00e7in titiz kalite kontrollerinden ge\u00e7er. \u015eundan emin olabilirsiniz ki <strong>SX<\/strong>dayan\u0131kl\u0131l\u0131k, g\u00fcvenilirlik ve uygun fiyat\u0131 bir araya getiren bir \u00fcr\u00fcne yat\u0131r\u0131m yap\u0131yorsunuz.<\/p>\n<p>Bir sonraki projeniz i\u00e7in ak\u0131ll\u0131ca bir se\u00e7im yap\u0131n <strong>SX Raf Montaj Raylar\u0131<\/strong>-\u00d6deyebilece\u011finiz bir fiyata g\u00fcvenebilece\u011finiz kalite.<\/p>\n<ol>\n<li>Hemen \u0130leti\u015fime Ge\u00e7in:<span style=\"color: #0000ff;\"><a style=\"color: #0000ff;\" href=\"https:\/\/sxpowercase.com\/contact-us\/\">https:\/\/sxpowercase.com\/<\/a><\/span><\/li>\n<li>Donan\u0131m \u00dcr\u00fcn Katalo\u011fu\uff1a<span style=\"color: #3366ff;\"><a style=\"color: #3366ff;\" href=\"https:\/\/sxpowercase.com\/wp-content\/uploads\/2024\/07\/\u4e94\u91d1.pdf\">Donan\u0131m aksesuarlar\u0131 katalo\u011fu<\/a><\/span><\/li>\n<\/ol>","protected":false},"excerpt":{"rendered":"<h3>Ekipman\u0131n\u0131z\u0131 SX Raf Montaj Raylar\u0131 ile Sabitleyin<\/h3>\n<p>SX Raf Montaj Raylar\u0131, profesyonel kurulumunuz i\u00e7in g\u00fc\u00e7l\u00fc ve g\u00fcvenilir bir destek sunarak fabrika \u00e7\u0131k\u0131\u015f fiyatlar\u0131yla ekipmanlar\u0131n\u0131z i\u00e7in stabilite ve g\u00fcvenlik sa\u011flar.<\/p>\n<h3>Dayan\u0131kl\u0131 ve Uzun \u00d6m\u00fcrl\u00fc<\/h3>\n<p>Birinci s\u0131n\u0131f malzemelerden \u00fcretilen SX Raf Montaj Raylar\u0131, a\u011f\u0131r kullan\u0131ma dayanacak \u015fekilde tasarlanm\u0131\u015ft\u0131r ve her ortamda uzun \u00f6m\u00fcrl\u00fc performans sa\u011flar.<\/p>\n<h3>Kolay Kurulum ve \u00c7ok Y\u00f6nl\u00fc Uyumluluk<\/h3>\n<p>\u00c7o\u011fu standart raf sistemiyle uyumlu olan SX Raf Montaj Raylar\u0131, h\u0131zl\u0131 kurulum ve geni\u015f bir ekipman yelpazesi i\u00e7in uyarlanabilir destek sa\u011flar.<\/p>","protected":false},"featured_media":4277,"comment_status":"open","ping_status":"closed","template":"","meta":[],"product_brand":[],"product_cat":[66],"product_tag":[],"class_list":{"0":"post-4321","1":"product","2":"type-product","3":"status-publish","4":"has-post-thumbnail","6":"product_cat-rack-hardware","8":"first","9":"instock","10":"shipping-taxable","11":"product-type-simple"},"yoast_head":"<!-- This site is optimized with the Yoast SEO Premium plugin v27.1 (Yoast SEO v27.2) - https:\/\/yoast.com\/product\/yoast-seo-premium-wordpress\/ -->\n<title>Rack Mounting Rails RAB103 - https:\/\/sxflightcase.com \ud83d\udc97<\/title>\n<meta name=\"description\" content=\"Rack mounting rails, factory direct! High-quality, durable rails designed for securely mounting and organizing equipment in racks.\" \/>\n<meta name=\"robots\" content=\"index, follow, max-snippet:-1, max-image-preview:large, max-video-preview:-1\" \/>\n<link rel=\"canonical\" href=\"https:\/\/sxflightcase.com\/tr\/urun\/raf-montaj-raylari-rab103-2\/\" \/>\n<meta property=\"og:locale\" content=\"tr_TR\" \/>\n<meta property=\"og:type\" content=\"article\" \/>\n<meta property=\"og:title\" content=\"Rack Mounting Rails RAB103\" \/>\n<meta property=\"og:description\" content=\"Rack mounting rails, factory direct! High-quality, durable rails designed for securely mounting and organizing equipment in racks.\" \/>\n<meta property=\"og:url\" content=\"https:\/\/sxflightcase.com\/tr\/urun\/raf-montaj-raylari-rab103-2\/\" \/>\n<meta property=\"og:site_name\" content=\"https:\/\/sxflightcase.com\" \/>\n<meta property=\"article:publisher\" content=\"https:\/\/www.facebook.com\/profile.php?id=61560407257971\" \/>\n<meta property=\"article:modified_time\" content=\"2024-09-09T06:19:36+00:00\" \/>\n<meta property=\"og:image\" content=\"https:\/\/sxflightcase.com\/wp-content\/uploads\/2024\/09\/RAB103.jpg\" \/>\n\t<meta property=\"og:image:width\" content=\"700\" \/>\n\t<meta property=\"og:image:height\" content=\"700\" \/>\n\t<meta property=\"og:image:type\" content=\"image\/jpeg\" \/>\n<meta name=\"twitter:card\" content=\"summary_large_image\" \/>\n<meta name=\"twitter:label1\" content=\"Tahmini okuma s\u00fcresi\" \/>\n\t<meta name=\"twitter:data1\" content=\"3 dakika\" \/>\n<script type=\"application\/ld+json\" class=\"yoast-schema-graph\">{\"@context\":\"https:\/\/schema.org\",\"@graph\":[{\"@type\":\"WebPage\",\"@id\":\"https:\/\/sxflightcase.com\/product\/rack-mounting-rails-rab103\/\",\"url\":\"https:\/\/sxflightcase.com\/product\/rack-mounting-rails-rab103\/\",\"name\":\"Rack Mounting Rails RAB103 - https:\/\/sxflightcase.com \ud83d\udc97\",\"isPartOf\":{\"@id\":\"https:\/\/sxflightcase.com\/th\/#website\"},\"primaryImageOfPage\":{\"@id\":\"https:\/\/sxflightcase.com\/product\/rack-mounting-rails-rab103\/#primaryimage\"},\"image\":{\"@id\":\"https:\/\/sxflightcase.com\/product\/rack-mounting-rails-rab103\/#primaryimage\"},\"thumbnailUrl\":\"https:\/\/sxflightcase.com\/wp-content\/uploads\/2024\/09\/RAB103.jpg\",\"datePublished\":\"2024-09-09T06:19:35+00:00\",\"dateModified\":\"2024-09-09T06:19:36+00:00\",\"description\":\"Rack mounting rails, factory direct! High-quality, durable rails designed for securely mounting and organizing equipment in racks.\",\"breadcrumb\":{\"@id\":\"https:\/\/sxflightcase.com\/product\/rack-mounting-rails-rab103\/#breadcrumb\"},\"inLanguage\":\"tr\",\"potentialAction\":[{\"@type\":\"ReadAction\",\"target\":[\"https:\/\/sxflightcase.com\/product\/rack-mounting-rails-rab103\/\"]}]},{\"@type\":\"ImageObject\",\"inLanguage\":\"tr\",\"@id\":\"https:\/\/sxflightcase.com\/product\/rack-mounting-rails-rab103\/#primaryimage\",\"url\":\"https:\/\/sxflightcase.com\/wp-content\/uploads\/2024\/09\/RAB103.jpg\",\"contentUrl\":\"https:\/\/sxflightcase.com\/wp-content\/uploads\/2024\/09\/RAB103.jpg\",\"width\":700,\"height\":700,\"caption\":\"Rack Mounting Rails\"},{\"@type\":\"BreadcrumbList\",\"@id\":\"https:\/\/sxflightcase.com\/product\/rack-mounting-rails-rab103\/#breadcrumb\",\"itemListElement\":[{\"@type\":\"ListItem\",\"position\":1,\"name\":\"Home\",\"item\":\"https:\/\/sxflightcase.com\/\"},{\"@type\":\"ListItem\",\"position\":2,\"name\":\"\u0e2a\u0e34\u0e19\u0e04\u0e49\u0e32\",\"item\":\"https:\/\/sxflightcase.com\/th\/shop\/\"},{\"@type\":\"ListItem\",\"position\":3,\"name\":\"Rack Mounting Rails RAB103\"}]},{\"@type\":\"WebSite\",\"@id\":\"https:\/\/sxflightcase.com\/th\/#website\",\"url\":\"https:\/\/sxflightcase.com\/th\/\",\"name\":\"sxpowercase.com\",\"description\":\"Flight Case Factory\",\"publisher\":{\"@id\":\"https:\/\/sxflightcase.com\/th\/#organization\"},\"potentialAction\":[{\"@type\":\"SearchAction\",\"target\":{\"@type\":\"EntryPoint\",\"urlTemplate\":\"https:\/\/sxflightcase.com\/th\/?s={search_term_string}\"},\"query-input\":{\"@type\":\"PropertyValueSpecification\",\"valueRequired\":true,\"valueName\":\"search_term_string\"}}],\"inLanguage\":\"tr\"},{\"@type\":\"Organization\",\"@id\":\"https:\/\/sxflightcase.com\/th\/#organization\",\"name\":\"sxpowercase.com\",\"url\":\"https:\/\/sxflightcase.com\/th\/\",\"logo\":{\"@type\":\"ImageObject\",\"inLanguage\":\"tr\",\"@id\":\"https:\/\/sxflightcase.com\/th\/#\/schema\/logo\/image\/\",\"url\":\"https:\/\/sxflightcase.com\/wp-content\/uploads\/2024\/04\/1713919036007.jpg\",\"contentUrl\":\"https:\/\/sxflightcase.com\/wp-content\/uploads\/2024\/04\/1713919036007.jpg\",\"width\":382,\"height\":388,\"caption\":\"sxpowercase.com\"},\"image\":{\"@id\":\"https:\/\/sxflightcase.com\/th\/#\/schema\/logo\/image\/\"},\"sameAs\":[\"https:\/\/www.facebook.com\/profile.php?id=61560407257971\"],\"numberOfEmployees\":{\"@type\":\"QuantitativeValue\",\"minValue\":\"11\",\"maxValue\":\"50\"}}]}<\/script>\n<!-- \/ Yoast SEO Premium plugin. -->","yoast_head_json":{"title":"Rack Mounting Rails RAB103 - https:\/\/sxflightcase.com \ud83d\udc97","description":"Raf montaj raylar\u0131, do\u011frudan fabrika \u00e7\u0131k\u0131\u015f\u0131! Ekipman\u0131 raflara g\u00fcvenli bir \u015fekilde monte etmek ve d\u00fczenlemek i\u00e7in tasarlanm\u0131\u015f y\u00fcksek kaliteli, dayan\u0131kl\u0131 raylar.","robots":{"index":"index","follow":"follow","max-snippet":"max-snippet:-1","max-image-preview":"max-image-preview:large","max-video-preview":"max-video-preview:-1"},"canonical":"https:\/\/sxflightcase.com\/tr\/urun\/raf-montaj-raylari-rab103-2\/","og_locale":"tr_TR","og_type":"article","og_title":"Rack Mounting Rails RAB103","og_description":"Rack mounting rails, factory direct! High-quality, durable rails designed for securely mounting and organizing equipment in racks.","og_url":"https:\/\/sxflightcase.com\/tr\/urun\/raf-montaj-raylari-rab103-2\/","og_site_name":"https:\/\/sxflightcase.com","article_publisher":"https:\/\/www.facebook.com\/profile.php?id=61560407257971","article_modified_time":"2024-09-09T06:19:36+00:00","og_image":[{"width":700,"height":700,"url":"https:\/\/sxflightcase.com\/wp-content\/uploads\/2024\/09\/RAB103.jpg","type":"image\/jpeg"}],"twitter_card":"summary_large_image","twitter_misc":{"Tahmini okuma s\u00fcresi":"3 dakika"},"schema":{"@context":"https:\/\/schema.org","@graph":[{"@type":"WebPage","@id":"https:\/\/sxflightcase.com\/product\/rack-mounting-rails-rab103\/","url":"https:\/\/sxflightcase.com\/product\/rack-mounting-rails-rab103\/","name":"Rack Mounting Rails RAB103 - https:\/\/sxflightcase.com \ud83d\udc97","isPartOf":{"@id":"https:\/\/sxflightcase.com\/th\/#website"},"primaryImageOfPage":{"@id":"https:\/\/sxflightcase.com\/product\/rack-mounting-rails-rab103\/#primaryimage"},"image":{"@id":"https:\/\/sxflightcase.com\/product\/rack-mounting-rails-rab103\/#primaryimage"},"thumbnailUrl":"https:\/\/sxflightcase.com\/wp-content\/uploads\/2024\/09\/RAB103.jpg","datePublished":"2024-09-09T06:19:35+00:00","dateModified":"2024-09-09T06:19:36+00:00","description":"Raf montaj raylar\u0131, do\u011frudan fabrika \u00e7\u0131k\u0131\u015f\u0131! Ekipman\u0131 raflara g\u00fcvenli bir \u015fekilde monte etmek ve d\u00fczenlemek i\u00e7in tasarlanm\u0131\u015f y\u00fcksek kaliteli, dayan\u0131kl\u0131 raylar.","breadcrumb":{"@id":"https:\/\/sxflightcase.com\/product\/rack-mounting-rails-rab103\/#breadcrumb"},"inLanguage":"tr","potentialAction":[{"@type":"ReadAction","target":["https:\/\/sxflightcase.com\/product\/rack-mounting-rails-rab103\/"]}]},{"@type":"ImageObject","inLanguage":"tr","@id":"https:\/\/sxflightcase.com\/product\/rack-mounting-rails-rab103\/#primaryimage","url":"https:\/\/sxflightcase.com\/wp-content\/uploads\/2024\/09\/RAB103.jpg","contentUrl":"https:\/\/sxflightcase.com\/wp-content\/uploads\/2024\/09\/RAB103.jpg","width":700,"height":700,"caption":"Rack Mounting Rails"},{"@type":"BreadcrumbList","@id":"https:\/\/sxflightcase.com\/product\/rack-mounting-rails-rab103\/#breadcrumb","itemListElement":[{"@type":"ListItem","position":1,"name":"Home","item":"https:\/\/sxflightcase.com\/"},{"@type":"ListItem","position":2,"name":"\u0e2a\u0e34\u0e19\u0e04\u0e49\u0e32","item":"https:\/\/sxflightcase.com\/th\/shop\/"},{"@type":"ListItem","position":3,"name":"Rack Mounting Rails RAB103"}]},{"@type":"WebSite","@id":"https:\/\/sxflightcase.com\/th\/#website","url":"https:\/\/sxflightcase.com\/th\/","name":"sxpowercase.com","description":"U\u00e7u\u015f \u00c7antas\u0131 Fabrikas\u0131","publisher":{"@id":"https:\/\/sxflightcase.com\/th\/#organization"},"potentialAction":[{"@type":"SearchAction","target":{"@type":"EntryPoint","urlTemplate":"https:\/\/sxflightcase.com\/th\/?s={search_term_string}"},"query-input":{"@type":"PropertyValueSpecification","valueRequired":true,"valueName":"search_term_string"}}],"inLanguage":"tr"},{"@type":"Organization","@id":"https:\/\/sxflightcase.com\/th\/#organization","name":"sxpowercase.com","url":"https:\/\/sxflightcase.com\/th\/","logo":{"@type":"ImageObject","inLanguage":"tr","@id":"https:\/\/sxflightcase.com\/th\/#\/schema\/logo\/image\/","url":"https:\/\/sxflightcase.com\/wp-content\/uploads\/2024\/04\/1713919036007.jpg","contentUrl":"https:\/\/sxflightcase.com\/wp-content\/uploads\/2024\/04\/1713919036007.jpg","width":382,"height":388,"caption":"sxpowercase.com"},"image":{"@id":"https:\/\/sxflightcase.com\/th\/#\/schema\/logo\/image\/"},"sameAs":["https:\/\/www.facebook.com\/profile.php?id=61560407257971"],"numberOfEmployees":{"@type":"QuantitativeValue","minValue":"11","maxValue":"50"}}]}},"_links":{"self":[{"href":"https:\/\/sxflightcase.com\/tr\/wp-json\/wp\/v2\/product\/4321","targetHints":{"allow":["GET"]}}],"collection":[{"href":"https:\/\/sxflightcase.com\/tr\/wp-json\/wp\/v2\/product"}],"about":[{"href":"https:\/\/sxflightcase.com\/tr\/wp-json\/wp\/v2\/types\/product"}],"replies":[{"embeddable":true,"href":"https:\/\/sxflightcase.com\/tr\/wp-json\/wp\/v2\/comments?post=4321"}],"version-history":[{"count":0,"href":"https:\/\/sxflightcase.com\/tr\/wp-json\/wp\/v2\/product\/4321\/revisions"}],"wp:featuredmedia":[{"embeddable":true,"href":"https:\/\/sxflightcase.com\/tr\/wp-json\/wp\/v2\/media\/4277"}],"wp:attachment":[{"href":"https:\/\/sxflightcase.com\/tr\/wp-json\/wp\/v2\/media?parent=4321"}],"wp:term":[{"taxonomy":"product_brand","embeddable":true,"href":"https:\/\/sxflightcase.com\/tr\/wp-json\/wp\/v2\/product_brand?post=4321"},{"taxonomy":"product_cat","embeddable":true,"href":"https:\/\/sxflightcase.com\/tr\/wp-json\/wp\/v2\/product_cat?post=4321"},{"taxonomy":"product_tag","embeddable":true,"href":"https:\/\/sxflightcase.com\/tr\/wp-json\/wp\/v2\/product_tag?post=4321"}],"curies":[{"name":"wp","href":"https:\/\/api.w.org\/{rel}","templated":true}]}}