{"id":4336,"date":"2024-09-10T07:29:19","date_gmt":"2024-09-10T06:29:19","guid":{"rendered":"https:\/\/sxpowercase.com\/?post_type=product&#038;p=4336"},"modified":"2024-09-10T07:29:20","modified_gmt":"2024-09-10T06:29:20","slug":"rack-panel-rab204","status":"publish","type":"product","link":"https:\/\/sxflightcase.com\/tr\/urun\/raf-paneli-rab204\/","title":{"rendered":"Raf Paneli RAB204"},"content":{"rendered":"<h3>Fabrika Fiyatlar\u0131yla SX'ten Y\u00fcksek Kaliteli Raf Panelleri<\/h3>\n<p>Dayan\u0131kl\u0131 aran\u0131yor <strong>Raf Panelleri<\/strong> hem kalite hem de uygun fiyat sunan? Daha fazla araman\u0131za gerek yok <strong>SX<\/strong>. Bizim <a href=\"https:\/\/sxpowercase.com\/product\/rack-panel-rab203\/\"><strong>Raf Panelleri<\/strong><\/a> en y\u00fcksek standartlarda \u00fcretilir ve kurulumunuz i\u00e7in rakipsiz de\u011fer sa\u011flayan fabrika do\u011frudan fiyatlar\u0131yla mevcuttur.<\/p>\n<h3>Birinci S\u0131n\u0131f Malzemelerle Uzun \u00d6m\u00fcrl\u00fc \u00dcretilmi\u015ftir<\/h3>\n<p>\u015eu anda <strong><a href=\"https:\/\/sxpowercase.com\/\" target=\"_blank\" rel=\"noopener\" title=\"SX\" data-wpil-monitor-id=\"737\">SX<\/a><\/strong>uzun \u00f6m\u00fcrl\u00fc \u00fcr\u00fcnler sunmaya inan\u0131yoruz. Bizim <strong>Raf Panelleri<\/strong> g\u00fcnl\u00fck kullan\u0131m\u0131n zorluklar\u0131na dayanabilmelerini sa\u011flayan birinci s\u0131n\u0131f malzemelerden \u00fcretilmi\u015ftir. G\u00fc\u00e7 ve dayan\u0131kl\u0131l\u0131k i\u00e7in tasarlanan bu paneller ekipman\u0131n\u0131z\u0131 koruyacak ve sisteminizi d\u00fczenli tutacakt\u0131r.<\/p>\n<h3>H\u0131zl\u0131 ve Basit Kurulum<\/h3>\n<p>The <strong>SX Raf Paneli<\/strong> kurulumu kolayd\u0131r, size zaman ve emek tasarrufu sa\u011flar. Standart raflara sorunsuzca s\u0131\u011facak \u015fekilde tasarlanan panellerimiz, ekipman\u0131n\u0131z\u0131 g\u00fcvenli bir \u015fekilde monte etmeyi kolayla\u015ft\u0131r\u0131r. \u0130ster profesyonel bir AV kurulumu ister bir veri merkezi i\u00e7in olsun, a\u015fa\u011f\u0131dakilere g\u00fcvenebilirsiniz <strong>SX<\/strong> sorunsuz bir kurulum deneyimi i\u00e7in.<\/p>\n<h3>Do\u011frudan Fabrika Sat\u0131\u015f\u0131 ile Uygun Fiyatl\u0131 \u00c7\u00f6z\u00fcmler<\/h3>\n<p>ile <strong>SX<\/strong>M\u00fckemmel bir fiyat elde etmek i\u00e7in kaliteden \u00f6d\u00fcn vermek zorunda de\u011filsiniz. Fabrika do\u011frudan sat\u0131\u015f modelimiz sayesinde, y\u00fcksek kaliteli \u00fcr\u00fcnlerimizi <strong>Raf Panelleri<\/strong> daha d\u00fc\u015f\u00fck fiyatlarla. Bu, b\u00fct\u00e7enizi a\u015fmadan \u00fcst d\u00fczey \u00fcr\u00fcnlerin keyfini \u00e7\u0131karman\u0131z\u0131 sa\u011flar.<\/p>\n<h3>\u00c7oklu Uygulamalar i\u00e7in \u00c7ok Y\u00f6nl\u00fc Tasar\u0131m<\/h3>\n<p>Ne t\u00fcr bir ekipman kuruyor olursan\u0131z olun, <strong>SX Raf Panelleri<\/strong> \u00e7e\u015fitli ihtiya\u00e7lara uyacak kadar \u00e7ok y\u00f6nl\u00fcd\u00fcr. Tasar\u0131mlar\u0131, sunucu raflar\u0131ndan ses ekipmanlar\u0131na kadar geni\u015f bir sistem yelpazesiyle uyumluluk sa\u011flar. Bu uyarlanabilirlik, panellerimizi her t\u00fcrl\u00fc kurulum i\u00e7in m\u00fckemmel bir se\u00e7im haline getirir.<\/p>\n<h3>G\u00fcvenilir Kalite G\u00fcvencesi<\/h3>\n<p>Her biri <strong>Raf Paneli<\/strong> itibaren <strong>SX<\/strong> s\u0131k\u0131 kalite standartlar\u0131m\u0131z\u0131 kar\u015f\u0131lad\u0131\u011f\u0131ndan emin olmak i\u00e7in titiz testlerden ge\u00e7mektedir. Sadece iyi performans g\u00f6steren de\u011fil, ayn\u0131 zamanda uzun \u00f6m\u00fcrl\u00fc ve g\u00fcvenilir \u00fcr\u00fcnler sunmaya kararl\u0131y\u0131z. G\u00fcvenebilirsiniz <strong>SX<\/strong> y\u00fcksek beklentilerinizi kar\u015f\u0131layan bir panel sunmak i\u00e7in.<\/p>\n<h3>D\u00fcnya \u00c7ap\u0131ndaki Profesyoneller Taraf\u0131ndan Se\u00e7ildi<\/h3>\n<p>D\u00fcnyan\u0131n d\u00f6rt bir yan\u0131ndaki profesyoneller <strong>SX Raf Panelleri<\/strong> dayan\u0131kl\u0131l\u0131klar\u0131 ve performanslar\u0131 i\u00e7in. \u0130ster bir ev st\u00fcdyosu kuruyor ister b\u00fcy\u00fck \u00f6l\u00e7ekli bir veri merkezini y\u00f6netiyor olun, panellerimiz ekipman\u0131n\u0131z\u0131 g\u00fcvende ve d\u00fczenli tutmak i\u00e7in ihtiya\u00e7 duydu\u011funuz g\u00fcvenilir deste\u011fi sa\u011flar.<\/p>\n<p>Uygun maliyetli, y\u00fcksek kaliteli <strong>Raf Panelleri<\/strong>, se\u00e7 <strong>SX<\/strong>. Size en iyi de\u011feri sunmak i\u00e7in fabrika fiyatlar\u0131n\u0131 birinci s\u0131n\u0131f malzemelerle birle\u015ftiriyoruz. G\u00fcven <strong>SX<\/strong> t\u00fcm raf montaj \u00e7\u00f6z\u00fcmleriniz i\u00e7in.<\/p>\n<ol>\n<li>Hemen \u0130leti\u015fime Ge\u00e7in:<span style=\"color: #0000ff;\"><a style=\"color: #0000ff;\" href=\"https:\/\/sxpowercase.com\/contact-us\/\">https:\/\/sxpowercase.com\/<\/a><\/span><\/li>\n<li>Donan\u0131m \u00dcr\u00fcn Katalo\u011fu\uff1a<span style=\"color: #0000ff;\"><a style=\"color: #0000ff;\" href=\"https:\/\/sxpowercase.com\/wp-content\/uploads\/2024\/07\/\u4e94\u91d1.pdf\">Donan\u0131m aksesuarlar\u0131 katalo\u011fu<\/a><\/span><\/li>\n<\/ol>","protected":false},"excerpt":{"rendered":"<div class=\"flex-shrink-0 flex flex-col relative items-end\">\n<div>\n<div class=\"pt-0\">\n<div class=\"gizmo-bot-avatar flex h-8 w-8 items-center justify-center overflow-hidden rounded-full\">\n<div class=\"relative p-1 rounded-sm flex items-center justify-center bg-token-main-surface-primary text-token-text-primary h-8 w-8\"><\/div>\n<\/div>\n<\/div>\n<\/div>\n<\/div>\n<div class=\"group\/conversation-turn relative flex w-full min-w-0 flex-col agent-turn\">\n<div class=\"flex-col gap-1 md:gap-3\">\n<div class=\"flex max-w-full flex-col flex-grow\">\n<div class=\"min-h-[20px] text-message flex w-full flex-col items-end gap-2 whitespace-normal break-words [.text-message+&amp;]:mt-5\" dir=\"auto\" data-message-author-role=\"assistant\" data-message-id=\"f77ba064-ccd1-4820-b71e-f917db2e329b\">\n<div class=\"flex w-full flex-col gap-1 empty:hidden first:pt-[3px]\">\n<div class=\"markdown prose w-full break-words dark:prose-invert light\">\n<h3>Premium SX Rack Panels: Affordable Excellence<\/h3>\n<p>SX delivers high-quality Rack Panels straight from the factory, offering both durability and affordability for your setup.<\/p>\n<h3>Durable Materials for Professional Use<\/h3>\n<p>Crafted from high-grade materials, SX Rack Panels provide long-lasting strength and reliability, perfect for demanding environments.<\/p>\n<h3>Easy Installation and Versatile Applications<\/h3>\n<p>Designed for quick setup and compatibility with standard racks, SX Rack Panels are versatile for various mounting needs, ensuring a seamless and professional finish.<\/p>\n<\/div>\n<\/div>\n<\/div>\n<\/div>\n<\/div>\n<\/div>\n","protected":false},"featured_media":4281,"comment_status":"open","ping_status":"closed","template":"","meta":[],"product_brand":[],"product_cat":[66],"product_tag":[],"class_list":{"0":"post-4336","1":"product","2":"type-product","3":"status-publish","4":"has-post-thumbnail","6":"product_cat-rack-hardware","8":"first","9":"instock","10":"shipping-taxable","11":"product-type-simple"},"yoast_head":"<!-- This site is optimized with the Yoast SEO Premium plugin v27.1 (Yoast SEO v27.2) - https:\/\/yoast.com\/product\/yoast-seo-premium-wordpress\/ -->\n<title>Rack Panel RAB204 - https:\/\/sxflightcase.com \ud83d\udc97<\/title>\n<meta name=\"description\" content=\"Rack panel, factory direct! High-quality, durable panels designed for mounting and organizing equipment in racks. Ideal for professional and industrial setups, ensuring secure and efficient use.\" \/>\n<meta name=\"robots\" content=\"index, follow, max-snippet:-1, max-image-preview:large, max-video-preview:-1\" \/>\n<link rel=\"canonical\" href=\"https:\/\/sxflightcase.com\/tr\/urun\/raf-paneli-rab204\/\" \/>\n<meta property=\"og:locale\" content=\"tr_TR\" \/>\n<meta property=\"og:type\" content=\"article\" \/>\n<meta property=\"og:title\" content=\"Rack Panel RAB204\" \/>\n<meta property=\"og:description\" content=\"Rack panel, factory direct! High-quality, durable panels designed for mounting and organizing equipment in racks. Ideal for professional and industrial setups, ensuring secure and efficient use.\" \/>\n<meta property=\"og:url\" content=\"https:\/\/sxflightcase.com\/tr\/urun\/raf-paneli-rab204\/\" \/>\n<meta property=\"og:site_name\" content=\"https:\/\/sxflightcase.com\" \/>\n<meta property=\"article:publisher\" content=\"https:\/\/www.facebook.com\/profile.php?id=61560407257971\" \/>\n<meta property=\"article:modified_time\" content=\"2024-09-10T06:29:20+00:00\" \/>\n<meta property=\"og:image\" content=\"https:\/\/sxflightcase.com\/wp-content\/uploads\/2024\/09\/RAB204.jpg\" \/>\n\t<meta property=\"og:image:width\" content=\"700\" \/>\n\t<meta property=\"og:image:height\" content=\"700\" \/>\n\t<meta property=\"og:image:type\" content=\"image\/jpeg\" \/>\n<meta name=\"twitter:card\" content=\"summary_large_image\" \/>\n<meta name=\"twitter:label1\" content=\"Tahmini okuma s\u00fcresi\" \/>\n\t<meta name=\"twitter:data1\" content=\"3 dakika\" \/>\n<script type=\"application\/ld+json\" class=\"yoast-schema-graph\">{\"@context\":\"https:\/\/schema.org\",\"@graph\":[{\"@type\":\"WebPage\",\"@id\":\"https:\/\/sxflightcase.com\/product\/rack-panel-rab204\/\",\"url\":\"https:\/\/sxflightcase.com\/product\/rack-panel-rab204\/\",\"name\":\"Rack Panel RAB204 - https:\/\/sxflightcase.com \ud83d\udc97\",\"isPartOf\":{\"@id\":\"https:\/\/sxflightcase.com\/th\/#website\"},\"primaryImageOfPage\":{\"@id\":\"https:\/\/sxflightcase.com\/product\/rack-panel-rab204\/#primaryimage\"},\"image\":{\"@id\":\"https:\/\/sxflightcase.com\/product\/rack-panel-rab204\/#primaryimage\"},\"thumbnailUrl\":\"https:\/\/sxflightcase.com\/wp-content\/uploads\/2024\/09\/RAB204.jpg\",\"datePublished\":\"2024-09-10T06:29:19+00:00\",\"dateModified\":\"2024-09-10T06:29:20+00:00\",\"description\":\"Rack panel, factory direct! High-quality, durable panels designed for mounting and organizing equipment in racks. Ideal for professional and industrial setups, ensuring secure and efficient use.\",\"breadcrumb\":{\"@id\":\"https:\/\/sxflightcase.com\/product\/rack-panel-rab204\/#breadcrumb\"},\"inLanguage\":\"tr\",\"potentialAction\":[{\"@type\":\"ReadAction\",\"target\":[\"https:\/\/sxflightcase.com\/product\/rack-panel-rab204\/\"]}]},{\"@type\":\"ImageObject\",\"inLanguage\":\"tr\",\"@id\":\"https:\/\/sxflightcase.com\/product\/rack-panel-rab204\/#primaryimage\",\"url\":\"https:\/\/sxflightcase.com\/wp-content\/uploads\/2024\/09\/RAB204.jpg\",\"contentUrl\":\"https:\/\/sxflightcase.com\/wp-content\/uploads\/2024\/09\/RAB204.jpg\",\"width\":700,\"height\":700,\"caption\":\"Rack Panel\"},{\"@type\":\"BreadcrumbList\",\"@id\":\"https:\/\/sxflightcase.com\/product\/rack-panel-rab204\/#breadcrumb\",\"itemListElement\":[{\"@type\":\"ListItem\",\"position\":1,\"name\":\"Home\",\"item\":\"https:\/\/sxflightcase.com\/\"},{\"@type\":\"ListItem\",\"position\":2,\"name\":\"\u0e2a\u0e34\u0e19\u0e04\u0e49\u0e32\",\"item\":\"https:\/\/sxflightcase.com\/th\/shop\/\"},{\"@type\":\"ListItem\",\"position\":3,\"name\":\"Rack Panel RAB204\"}]},{\"@type\":\"WebSite\",\"@id\":\"https:\/\/sxflightcase.com\/th\/#website\",\"url\":\"https:\/\/sxflightcase.com\/th\/\",\"name\":\"sxpowercase.com\",\"description\":\"Flight Case Factory\",\"publisher\":{\"@id\":\"https:\/\/sxflightcase.com\/th\/#organization\"},\"potentialAction\":[{\"@type\":\"SearchAction\",\"target\":{\"@type\":\"EntryPoint\",\"urlTemplate\":\"https:\/\/sxflightcase.com\/th\/?s={search_term_string}\"},\"query-input\":{\"@type\":\"PropertyValueSpecification\",\"valueRequired\":true,\"valueName\":\"search_term_string\"}}],\"inLanguage\":\"tr\"},{\"@type\":\"Organization\",\"@id\":\"https:\/\/sxflightcase.com\/th\/#organization\",\"name\":\"sxpowercase.com\",\"url\":\"https:\/\/sxflightcase.com\/th\/\",\"logo\":{\"@type\":\"ImageObject\",\"inLanguage\":\"tr\",\"@id\":\"https:\/\/sxflightcase.com\/th\/#\/schema\/logo\/image\/\",\"url\":\"https:\/\/sxflightcase.com\/wp-content\/uploads\/2024\/04\/1713919036007.jpg\",\"contentUrl\":\"https:\/\/sxflightcase.com\/wp-content\/uploads\/2024\/04\/1713919036007.jpg\",\"width\":382,\"height\":388,\"caption\":\"sxpowercase.com\"},\"image\":{\"@id\":\"https:\/\/sxflightcase.com\/th\/#\/schema\/logo\/image\/\"},\"sameAs\":[\"https:\/\/www.facebook.com\/profile.php?id=61560407257971\"],\"numberOfEmployees\":{\"@type\":\"QuantitativeValue\",\"minValue\":\"11\",\"maxValue\":\"50\"}}]}<\/script>\n<!-- \/ Yoast SEO Premium plugin. -->","yoast_head_json":{"title":"Rack Panel RAB204 - https:\/\/sxflightcase.com \ud83d\udc97","description":"Raf paneli, do\u011frudan fabrika \u00e7\u0131k\u0131\u015f\u0131! Ekipman\u0131 raflara monte etmek ve d\u00fczenlemek i\u00e7in tasarlanm\u0131\u015f y\u00fcksek kaliteli, dayan\u0131kl\u0131 paneller. Profesyonel ve end\u00fcstriyel kurulumlar i\u00e7in idealdir, g\u00fcvenli ve verimli kullan\u0131m sa\u011flar.","robots":{"index":"index","follow":"follow","max-snippet":"max-snippet:-1","max-image-preview":"max-image-preview:large","max-video-preview":"max-video-preview:-1"},"canonical":"https:\/\/sxflightcase.com\/tr\/urun\/raf-paneli-rab204\/","og_locale":"tr_TR","og_type":"article","og_title":"Rack Panel RAB204","og_description":"Rack panel, factory direct! High-quality, durable panels designed for mounting and organizing equipment in racks. Ideal for professional and industrial setups, ensuring secure and efficient use.","og_url":"https:\/\/sxflightcase.com\/tr\/urun\/raf-paneli-rab204\/","og_site_name":"https:\/\/sxflightcase.com","article_publisher":"https:\/\/www.facebook.com\/profile.php?id=61560407257971","article_modified_time":"2024-09-10T06:29:20+00:00","og_image":[{"width":700,"height":700,"url":"https:\/\/sxflightcase.com\/wp-content\/uploads\/2024\/09\/RAB204.jpg","type":"image\/jpeg"}],"twitter_card":"summary_large_image","twitter_misc":{"Tahmini okuma s\u00fcresi":"3 dakika"},"schema":{"@context":"https:\/\/schema.org","@graph":[{"@type":"WebPage","@id":"https:\/\/sxflightcase.com\/product\/rack-panel-rab204\/","url":"https:\/\/sxflightcase.com\/product\/rack-panel-rab204\/","name":"Rack Panel RAB204 - https:\/\/sxflightcase.com \ud83d\udc97","isPartOf":{"@id":"https:\/\/sxflightcase.com\/th\/#website"},"primaryImageOfPage":{"@id":"https:\/\/sxflightcase.com\/product\/rack-panel-rab204\/#primaryimage"},"image":{"@id":"https:\/\/sxflightcase.com\/product\/rack-panel-rab204\/#primaryimage"},"thumbnailUrl":"https:\/\/sxflightcase.com\/wp-content\/uploads\/2024\/09\/RAB204.jpg","datePublished":"2024-09-10T06:29:19+00:00","dateModified":"2024-09-10T06:29:20+00:00","description":"Raf paneli, do\u011frudan fabrika \u00e7\u0131k\u0131\u015f\u0131! Ekipman\u0131 raflara monte etmek ve d\u00fczenlemek i\u00e7in tasarlanm\u0131\u015f y\u00fcksek kaliteli, dayan\u0131kl\u0131 paneller. Profesyonel ve end\u00fcstriyel kurulumlar i\u00e7in idealdir, g\u00fcvenli ve verimli kullan\u0131m sa\u011flar.","breadcrumb":{"@id":"https:\/\/sxflightcase.com\/product\/rack-panel-rab204\/#breadcrumb"},"inLanguage":"tr","potentialAction":[{"@type":"ReadAction","target":["https:\/\/sxflightcase.com\/product\/rack-panel-rab204\/"]}]},{"@type":"ImageObject","inLanguage":"tr","@id":"https:\/\/sxflightcase.com\/product\/rack-panel-rab204\/#primaryimage","url":"https:\/\/sxflightcase.com\/wp-content\/uploads\/2024\/09\/RAB204.jpg","contentUrl":"https:\/\/sxflightcase.com\/wp-content\/uploads\/2024\/09\/RAB204.jpg","width":700,"height":700,"caption":"Rack Panel"},{"@type":"BreadcrumbList","@id":"https:\/\/sxflightcase.com\/product\/rack-panel-rab204\/#breadcrumb","itemListElement":[{"@type":"ListItem","position":1,"name":"Home","item":"https:\/\/sxflightcase.com\/"},{"@type":"ListItem","position":2,"name":"\u0e2a\u0e34\u0e19\u0e04\u0e49\u0e32","item":"https:\/\/sxflightcase.com\/th\/shop\/"},{"@type":"ListItem","position":3,"name":"Rack Panel RAB204"}]},{"@type":"WebSite","@id":"https:\/\/sxflightcase.com\/th\/#website","url":"https:\/\/sxflightcase.com\/th\/","name":"sxpowercase.com","description":"U\u00e7u\u015f \u00c7antas\u0131 Fabrikas\u0131","publisher":{"@id":"https:\/\/sxflightcase.com\/th\/#organization"},"potentialAction":[{"@type":"SearchAction","target":{"@type":"EntryPoint","urlTemplate":"https:\/\/sxflightcase.com\/th\/?s={search_term_string}"},"query-input":{"@type":"PropertyValueSpecification","valueRequired":true,"valueName":"search_term_string"}}],"inLanguage":"tr"},{"@type":"Organization","@id":"https:\/\/sxflightcase.com\/th\/#organization","name":"sxpowercase.com","url":"https:\/\/sxflightcase.com\/th\/","logo":{"@type":"ImageObject","inLanguage":"tr","@id":"https:\/\/sxflightcase.com\/th\/#\/schema\/logo\/image\/","url":"https:\/\/sxflightcase.com\/wp-content\/uploads\/2024\/04\/1713919036007.jpg","contentUrl":"https:\/\/sxflightcase.com\/wp-content\/uploads\/2024\/04\/1713919036007.jpg","width":382,"height":388,"caption":"sxpowercase.com"},"image":{"@id":"https:\/\/sxflightcase.com\/th\/#\/schema\/logo\/image\/"},"sameAs":["https:\/\/www.facebook.com\/profile.php?id=61560407257971"],"numberOfEmployees":{"@type":"QuantitativeValue","minValue":"11","maxValue":"50"}}]}},"_links":{"self":[{"href":"https:\/\/sxflightcase.com\/tr\/wp-json\/wp\/v2\/product\/4336","targetHints":{"allow":["GET"]}}],"collection":[{"href":"https:\/\/sxflightcase.com\/tr\/wp-json\/wp\/v2\/product"}],"about":[{"href":"https:\/\/sxflightcase.com\/tr\/wp-json\/wp\/v2\/types\/product"}],"replies":[{"embeddable":true,"href":"https:\/\/sxflightcase.com\/tr\/wp-json\/wp\/v2\/comments?post=4336"}],"version-history":[{"count":0,"href":"https:\/\/sxflightcase.com\/tr\/wp-json\/wp\/v2\/product\/4336\/revisions"}],"wp:featuredmedia":[{"embeddable":true,"href":"https:\/\/sxflightcase.com\/tr\/wp-json\/wp\/v2\/media\/4281"}],"wp:attachment":[{"href":"https:\/\/sxflightcase.com\/tr\/wp-json\/wp\/v2\/media?parent=4336"}],"wp:term":[{"taxonomy":"product_brand","embeddable":true,"href":"https:\/\/sxflightcase.com\/tr\/wp-json\/wp\/v2\/product_brand?post=4336"},{"taxonomy":"product_cat","embeddable":true,"href":"https:\/\/sxflightcase.com\/tr\/wp-json\/wp\/v2\/product_cat?post=4336"},{"taxonomy":"product_tag","embeddable":true,"href":"https:\/\/sxflightcase.com\/tr\/wp-json\/wp\/v2\/product_tag?post=4336"}],"curies":[{"name":"wp","href":"https:\/\/api.w.org\/{rel}","templated":true}]}}