{"id":4399,"date":"2024-09-13T07:15:45","date_gmt":"2024-09-13T06:15:45","guid":{"rendered":"https:\/\/sxpowercase.com\/?post_type=product&#038;p=4399"},"modified":"2024-09-13T07:15:46","modified_gmt":"2024-09-13T06:15:46","slug":"audio-rack-panel-rab305","status":"publish","type":"product","link":"https:\/\/sxflightcase.com\/tr\/urun\/ses-raf-paneli-rab305-2\/","title":{"rendered":"Ses Raf Paneli RAB305"},"content":{"rendered":"<h3>Kurulumunuzu SX Audio Raf Panelleri ile Geli\u015ftirin<\/h3>\n<p>Ses ekipmanlar\u0131n\u0131 y\u00f6netirken organizasyon \u00e7ok \u00f6nemlidir. Bu <span style=\"color: #0000ff;\"><a style=\"color: #0000ff;\" href=\"https:\/\/sxpowercase.com\/product\/audio-rack-panel-rab304\/\"><strong>Ses Raf\u0131 Paneli<\/strong><\/a><\/span> itibaren <strong>SX<\/strong> ekipman\u0131n\u0131z\u0131 d\u00fczenli ve korumal\u0131 tutmak i\u00e7in g\u00fcvenilir ve \u015f\u0131k bir \u00e7\u00f6z\u00fcm sunar. Panellerimiz \u00e7e\u015fitli ses kurulumlar\u0131na uyacak \u015fekilde tasarlanm\u0131\u015ft\u0131r ve hem i\u015flevsellik hem de dayan\u0131kl\u0131l\u0131k sa\u011flar. \u0130le <strong><a href=\"https:\/\/sxpowercase.com\/\" target=\"_blank\" rel=\"noopener\" title=\"SX\" data-wpil-monitor-id=\"752\">SX<\/a><\/strong>raf\u0131n\u0131z\u0131n genel g\u00f6r\u00fcn\u00fcm\u00fcn\u00fc iyile\u015ftirirken ekipman\u0131n\u0131z\u0131n g\u00fcvende kalmas\u0131n\u0131 sa\u011flayan bir \u00fcr\u00fcn elde edersiniz.<\/p>\n<h3>Kal\u0131c\u0131 Performans i\u00e7in \u00dcretildi<\/h3>\n<p>The <strong>Ses Raf\u0131 Paneli<\/strong> taraf\u0131ndan <strong>SX<\/strong> birinci s\u0131n\u0131f malzemelerden \u00fcretilmi\u015ftir ve uzun \u00f6m\u00fcrl\u00fc performans sa\u011flar. Bu paneller profesyonel ses ortamlar\u0131n\u0131n taleplerini kar\u015f\u0131lamak \u00fczere tasarlanm\u0131\u015ft\u0131r. \u0130ster bir kay\u0131t st\u00fcdyosunda ister canl\u0131 ses sistemleri i\u00e7in kullan\u0131n, <strong>SX<\/strong> paneller, ekipman\u0131n\u0131z\u0131 g\u00fcvende ve d\u00fczenli tutmak i\u00e7in gereken g\u00fcc\u00fc ve deste\u011fi sunar.<\/p>\n<h3>Uygun Fiyatl\u0131, Fabrika Do\u011frudan Fiyatland\u0131rmas\u0131<\/h3>\n<p>\u015eu anda <strong>SX<\/strong>y\u00fcksek kaliteli \u00fcr\u00fcnler sunuyoruz <strong>Ses Raf Panelleri<\/strong> y\u00fcksek maliyet olmadan. Do\u011frudan fabrika modelimiz sayesinde arac\u0131lar\u0131 ortadan kald\u0131r\u0131yor ve tasarruflar\u0131 size aktar\u0131yoruz. Panellerimiz rekabet\u00e7i bir \u015fekilde fiyatland\u0131r\u0131l\u0131r ve kaliteden \u00f6d\u00fcn vermeden en iyi teklifi alman\u0131z\u0131 sa\u011flar. \u0130le <strong>SX<\/strong>rakipsiz fiyatlarla dayan\u0131kl\u0131 \u00fcr\u00fcnler bekleyebilirsiniz.<\/p>\n<h3>Kurulumu Kolay ve \u00c7ok Y\u00f6nl\u00fc<\/h3>\n<p>Bir y\u00fckleme <strong>Ses Raf\u0131 Paneli<\/strong> itibaren <strong>SX<\/strong> basit ve sorunsuzdur. Standart raf sistemleriyle uyumlu olan panellerimiz, her t\u00fcrl\u00fc ses ortam\u0131 i\u00e7in h\u0131zl\u0131 bir kurulum sa\u011flar. Panellerimizin temiz ve profesyonel g\u00f6r\u00fcn\u00fcm\u00fc yaln\u0131zca raf\u0131n\u0131z\u0131n g\u00f6r\u00fcn\u00fcm\u00fcn\u00fc iyile\u015ftirmekle kalmaz, ayn\u0131 zamanda kablo ve ekipman y\u00f6netimini daha verimli hale getirir.<\/p>\n<h3>Ekipman\u0131n\u0131z i\u00e7in Koruma ve Hava Ak\u0131\u015f\u0131<\/h3>\n<p><strong>SX Ses Raf Panelleri<\/strong> ekipman\u0131n\u0131z\u0131n korunmas\u0131 d\u00fc\u015f\u00fcn\u00fclerek tasarlanm\u0131\u015ft\u0131r. Ekipman\u0131n\u0131z\u0131 toz ve hasardan korumaya yard\u0131mc\u0131 olurken ayn\u0131 zamanda a\u015f\u0131r\u0131 \u0131s\u0131nmay\u0131 \u00f6nlemek i\u00e7in uygun hava ak\u0131\u015f\u0131n\u0131 sa\u011flarlar. Bu ek koruma katman\u0131, ses ekipman\u0131n\u0131z\u0131n \u00f6mr\u00fcn\u00fc uzat\u0131r ve ekipman\u0131n\u0131za iyi bak\u0131ld\u0131\u011f\u0131 konusunda i\u00e7inizin rahat olmas\u0131n\u0131 sa\u011flar.<\/p>\n<h3>Ses Profesyonellerinin G\u00fcvendi\u011fi<\/h3>\n<p>Ses end\u00fcstrisi genelinde profesyoneller <strong>SX<\/strong> onlar\u0131n <strong>Ses Raf Panelleri<\/strong>. \u0130ster bir ev st\u00fcdyosu kuruyor ister canl\u0131 etkinliklerle ilgileniyor olun, panellerimiz \u015f\u0131k ve profesyonel bir g\u00f6r\u00fcn\u00fcm sa\u011flarken en zorlu ko\u015fullara dayanacak \u015fekilde \u00fcretilmi\u015ftir. <strong>SX<\/strong> d\u00fc\u015f\u00fck fiyatlarla g\u00fcvenilir, y\u00fcksek kaliteli \u00fcr\u00fcnleriyle bilinir ve bu da bizi ses uzmanlar\u0131 i\u00e7in en iyi se\u00e7im haline getirir.<\/p>\n<h3>Kalite ve De\u011fer i\u00e7in SX'i Se\u00e7in<\/h3>\n<p>Ses sistemlerinin d\u00fczenini ve korunmas\u0131n\u0131 iyile\u015ftirmek isteyenler i\u00e7in, <strong>SX Ses Raf Panelleri<\/strong> m\u00fckemmel uyum sa\u011flar. Dayan\u0131kl\u0131 yap\u0131, uygun fiyatl\u0131 fabrika do\u011frudan fiyatland\u0131rma ve profesyonel tasar\u0131mlarla, <strong>SX<\/strong> raf\u0131n\u0131z i\u00e7in en iyi \u00e7\u00f6z\u00fcm\u00fc alman\u0131z\u0131 sa\u011flar. Se\u00e7iniz <strong>SX<\/strong> ve g\u00fcvenebilece\u011finiz \u00fcr\u00fcnlerle ses kurulumunuzu geli\u015ftirin.<\/p>\n<ol>\n<li>Hemen \u0130leti\u015fime Ge\u00e7in:<span style=\"color: #0000ff;\"><a style=\"color: #0000ff;\" href=\"https:\/\/sxpowercase.com\/contact-us\/\">https:\/\/sxpowercase.com\/<\/a><\/span><\/li>\n<li>Donan\u0131m \u00dcr\u00fcn Katalo\u011fu\uff1a<span style=\"color: #0000ff;\"><a style=\"color: #0000ff;\" href=\"https:\/\/sxpowercase.com\/wp-content\/uploads\/2024\/07\/\u4e94\u91d1.pdf\">Donan\u0131m aksesuarlar\u0131 katalo\u011fu<\/a><\/span><\/li>\n<\/ol>","protected":false},"excerpt":{"rendered":"<div class=\"flex max-w-full flex-col flex-grow\">\n<div class=\"min-h-[20px] text-message flex w-full flex-col items-end gap-2 whitespace-normal break-words [.text-message+&amp;]:mt-5\" dir=\"auto\" data-message-author-role=\"assistant\" data-message-id=\"aba26d0f-37c4-4886-8751-c903e68e8cbc\">\n<div class=\"flex w-full flex-col gap-1 empty:hidden first:pt-[3px]\">\n<div class=\"markdown prose w-full break-words dark:prose-invert light\">\n<h3>Durable Audio Rack Panels by SX<\/h3>\n<p>SX Audio Rack Panels are built with high-quality materials, ensuring strength and longevity for both professional and home studio setups.<\/p>\n<h3>Affordable Factory-Direct Pricing<\/h3>\n<p>Get premium audio solutions at unbeatable factory-direct prices with SX, offering high-performance Audio Rack Panels without the middleman mark-up.<\/p>\n<h3>Easy Installation and Equipment Protection<\/h3>\n<p>SX Audio Rack Panels are simple to install, compatible with standard racks, and provide optimal protection by improving airflow and reducing dust buildup.<\/p>\n<\/div>\n<\/div>\n<\/div>\n<\/div>\n","protected":false},"featured_media":4287,"comment_status":"open","ping_status":"closed","template":"","meta":[],"product_brand":[],"product_cat":[66],"product_tag":[],"class_list":{"0":"post-4399","1":"product","2":"type-product","3":"status-publish","4":"has-post-thumbnail","6":"product_cat-rack-hardware","8":"first","9":"instock","10":"shipping-taxable","11":"product-type-simple"},"yoast_head":"<!-- This site is optimized with the Yoast SEO Premium plugin v27.1 (Yoast SEO v27.2) - https:\/\/yoast.com\/product\/yoast-seo-premium-wordpress\/ -->\n<title>Audio Rack Panel RAB305 - https:\/\/sxflightcase.com \ud83d\udc97<\/title>\n<meta name=\"description\" content=\"Audio rack panel, factory direct! High-quality, durable panels designed for securely mounting and organizing audio equipment in racks. Ideal for professional studios, live sound setups, and AV installations.\" \/>\n<meta name=\"robots\" content=\"index, follow, max-snippet:-1, max-image-preview:large, max-video-preview:-1\" \/>\n<link rel=\"canonical\" href=\"https:\/\/sxflightcase.com\/tr\/\u4ea7\u54c1\/\u97f3\u9891\u673a\u67b6\u9762\u677f-rab305-2\/\" \/>\n<meta property=\"og:locale\" content=\"tr_TR\" \/>\n<meta property=\"og:type\" content=\"article\" \/>\n<meta property=\"og:title\" content=\"Audio Rack Panel RAB305\" \/>\n<meta property=\"og:description\" content=\"Audio rack panel, factory direct! High-quality, durable panels designed for securely mounting and organizing audio equipment in racks. Ideal for professional studios, live sound setups, and AV installations.\" \/>\n<meta property=\"og:url\" content=\"https:\/\/sxflightcase.com\/tr\/\u4ea7\u54c1\/\u97f3\u9891\u673a\u67b6\u9762\u677f-rab305-2\/\" \/>\n<meta property=\"og:site_name\" content=\"https:\/\/sxflightcase.com\" \/>\n<meta property=\"article:publisher\" content=\"https:\/\/www.facebook.com\/profile.php?id=61560407257971\" \/>\n<meta property=\"article:modified_time\" content=\"2024-09-13T06:15:46+00:00\" \/>\n<meta property=\"og:image\" content=\"https:\/\/sxflightcase.com\/wp-content\/uploads\/2024\/09\/RAB305.jpg\" \/>\n\t<meta property=\"og:image:width\" content=\"700\" \/>\n\t<meta property=\"og:image:height\" content=\"700\" \/>\n\t<meta property=\"og:image:type\" content=\"image\/jpeg\" \/>\n<meta name=\"twitter:card\" content=\"summary_large_image\" \/>\n<meta name=\"twitter:label1\" content=\"Tahmini okuma s\u00fcresi\" \/>\n\t<meta name=\"twitter:data1\" content=\"3 dakika\" \/>\n<script type=\"application\/ld+json\" class=\"yoast-schema-graph\">{\"@context\":\"https:\/\/schema.org\",\"@graph\":[{\"@type\":\"WebPage\",\"@id\":\"https:\/\/sxflightcase.com\/zh\/\u4ea7\u54c1\/\u97f3\u9891\u673a\u67b6\u9762\u677f-rab305-2\/\",\"url\":\"https:\/\/sxflightcase.com\/zh\/\u4ea7\u54c1\/\u97f3\u9891\u673a\u67b6\u9762\u677f-rab305-2\/\",\"name\":\"Audio Rack Panel RAB305 - https:\/\/sxflightcase.com \ud83d\udc97\",\"isPartOf\":{\"@id\":\"https:\/\/sxflightcase.com\/th\/#website\"},\"primaryImageOfPage\":{\"@id\":\"https:\/\/sxflightcase.com\/zh\/\u4ea7\u54c1\/\u97f3\u9891\u673a\u67b6\u9762\u677f-rab305-2\/#primaryimage\"},\"image\":{\"@id\":\"https:\/\/sxflightcase.com\/zh\/\u4ea7\u54c1\/\u97f3\u9891\u673a\u67b6\u9762\u677f-rab305-2\/#primaryimage\"},\"thumbnailUrl\":\"https:\/\/sxflightcase.com\/wp-content\/uploads\/2024\/09\/RAB305.jpg\",\"datePublished\":\"2024-09-13T06:15:45+00:00\",\"dateModified\":\"2024-09-13T06:15:46+00:00\",\"description\":\"Audio rack panel, factory direct! High-quality, durable panels designed for securely mounting and organizing audio equipment in racks. Ideal for professional studios, live sound setups, and AV installations.\",\"breadcrumb\":{\"@id\":\"https:\/\/sxflightcase.com\/zh\/\u4ea7\u54c1\/\u97f3\u9891\u673a\u67b6\u9762\u677f-rab305-2\/#breadcrumb\"},\"inLanguage\":\"tr\",\"potentialAction\":[{\"@type\":\"ReadAction\",\"target\":[\"https:\/\/sxflightcase.com\/zh\/\u4ea7\u54c1\/\u97f3\u9891\u673a\u67b6\u9762\u677f-rab305-2\/\"]}]},{\"@type\":\"ImageObject\",\"inLanguage\":\"tr\",\"@id\":\"https:\/\/sxflightcase.com\/zh\/\u4ea7\u54c1\/\u97f3\u9891\u673a\u67b6\u9762\u677f-rab305-2\/#primaryimage\",\"url\":\"https:\/\/sxflightcase.com\/wp-content\/uploads\/2024\/09\/RAB305.jpg\",\"contentUrl\":\"https:\/\/sxflightcase.com\/wp-content\/uploads\/2024\/09\/RAB305.jpg\",\"width\":700,\"height\":700,\"caption\":\"Audio Rack Panel\"},{\"@type\":\"BreadcrumbList\",\"@id\":\"https:\/\/sxflightcase.com\/zh\/\u4ea7\u54c1\/\u97f3\u9891\u673a\u67b6\u9762\u677f-rab305-2\/#breadcrumb\",\"itemListElement\":[{\"@type\":\"ListItem\",\"position\":1,\"name\":\"Home\",\"item\":\"https:\/\/sxflightcase.com\/\"},{\"@type\":\"ListItem\",\"position\":2,\"name\":\"\u0e2a\u0e34\u0e19\u0e04\u0e49\u0e32\",\"item\":\"https:\/\/sxflightcase.com\/th\/shop\/\"},{\"@type\":\"ListItem\",\"position\":3,\"name\":\"Audio Rack Panel RAB305\"}]},{\"@type\":\"WebSite\",\"@id\":\"https:\/\/sxflightcase.com\/th\/#website\",\"url\":\"https:\/\/sxflightcase.com\/th\/\",\"name\":\"sxpowercase.com\",\"description\":\"Flight Case Factory\",\"publisher\":{\"@id\":\"https:\/\/sxflightcase.com\/th\/#organization\"},\"potentialAction\":[{\"@type\":\"SearchAction\",\"target\":{\"@type\":\"EntryPoint\",\"urlTemplate\":\"https:\/\/sxflightcase.com\/th\/?s={search_term_string}\"},\"query-input\":{\"@type\":\"PropertyValueSpecification\",\"valueRequired\":true,\"valueName\":\"search_term_string\"}}],\"inLanguage\":\"tr\"},{\"@type\":\"Organization\",\"@id\":\"https:\/\/sxflightcase.com\/th\/#organization\",\"name\":\"sxpowercase.com\",\"url\":\"https:\/\/sxflightcase.com\/th\/\",\"logo\":{\"@type\":\"ImageObject\",\"inLanguage\":\"tr\",\"@id\":\"https:\/\/sxflightcase.com\/th\/#\/schema\/logo\/image\/\",\"url\":\"https:\/\/sxflightcase.com\/wp-content\/uploads\/2024\/04\/1713919036007.jpg\",\"contentUrl\":\"https:\/\/sxflightcase.com\/wp-content\/uploads\/2024\/04\/1713919036007.jpg\",\"width\":382,\"height\":388,\"caption\":\"sxpowercase.com\"},\"image\":{\"@id\":\"https:\/\/sxflightcase.com\/th\/#\/schema\/logo\/image\/\"},\"sameAs\":[\"https:\/\/www.facebook.com\/profile.php?id=61560407257971\"],\"numberOfEmployees\":{\"@type\":\"QuantitativeValue\",\"minValue\":\"11\",\"maxValue\":\"50\"}}]}<\/script>\n<!-- \/ Yoast SEO Premium plugin. -->","yoast_head_json":{"title":"Audio Rack Panel RAB305 - https:\/\/sxflightcase.com \ud83d\udc97","description":"Ses raf\u0131 paneli, do\u011frudan fabrika \u00e7\u0131k\u0131\u015f\u0131! Ses ekipmanlar\u0131n\u0131 raflara g\u00fcvenli bir \u015fekilde monte etmek ve d\u00fczenlemek i\u00e7in tasarlanm\u0131\u015f y\u00fcksek kaliteli, dayan\u0131kl\u0131 paneller. Profesyonel st\u00fcdyolar, canl\u0131 ses kurulumlar\u0131 ve AV kurulumlar\u0131 i\u00e7in idealdir.","robots":{"index":"index","follow":"follow","max-snippet":"max-snippet:-1","max-image-preview":"max-image-preview:large","max-video-preview":"max-video-preview:-1"},"canonical":"https:\/\/sxflightcase.com\/tr\/\u4ea7\u54c1\/\u97f3\u9891\u673a\u67b6\u9762\u677f-rab305-2\/","og_locale":"tr_TR","og_type":"article","og_title":"Audio Rack Panel RAB305","og_description":"Audio rack panel, factory direct! High-quality, durable panels designed for securely mounting and organizing audio equipment in racks. Ideal for professional studios, live sound setups, and AV installations.","og_url":"https:\/\/sxflightcase.com\/tr\/\u4ea7\u54c1\/\u97f3\u9891\u673a\u67b6\u9762\u677f-rab305-2\/","og_site_name":"https:\/\/sxflightcase.com","article_publisher":"https:\/\/www.facebook.com\/profile.php?id=61560407257971","article_modified_time":"2024-09-13T06:15:46+00:00","og_image":[{"width":700,"height":700,"url":"https:\/\/sxflightcase.com\/wp-content\/uploads\/2024\/09\/RAB305.jpg","type":"image\/jpeg"}],"twitter_card":"summary_large_image","twitter_misc":{"Tahmini okuma s\u00fcresi":"3 dakika"},"schema":{"@context":"https:\/\/schema.org","@graph":[{"@type":"WebPage","@id":"https:\/\/sxflightcase.com\/zh\/\u4ea7\u54c1\/\u97f3\u9891\u673a\u67b6\u9762\u677f-rab305-2\/","url":"https:\/\/sxflightcase.com\/zh\/\u4ea7\u54c1\/\u97f3\u9891\u673a\u67b6\u9762\u677f-rab305-2\/","name":"Audio Rack Panel RAB305 - https:\/\/sxflightcase.com \ud83d\udc97","isPartOf":{"@id":"https:\/\/sxflightcase.com\/th\/#website"},"primaryImageOfPage":{"@id":"https:\/\/sxflightcase.com\/zh\/\u4ea7\u54c1\/\u97f3\u9891\u673a\u67b6\u9762\u677f-rab305-2\/#primaryimage"},"image":{"@id":"https:\/\/sxflightcase.com\/zh\/\u4ea7\u54c1\/\u97f3\u9891\u673a\u67b6\u9762\u677f-rab305-2\/#primaryimage"},"thumbnailUrl":"https:\/\/sxflightcase.com\/wp-content\/uploads\/2024\/09\/RAB305.jpg","datePublished":"2024-09-13T06:15:45+00:00","dateModified":"2024-09-13T06:15:46+00:00","description":"Ses raf\u0131 paneli, do\u011frudan fabrika \u00e7\u0131k\u0131\u015f\u0131! Ses ekipmanlar\u0131n\u0131 raflara g\u00fcvenli bir \u015fekilde monte etmek ve d\u00fczenlemek i\u00e7in tasarlanm\u0131\u015f y\u00fcksek kaliteli, dayan\u0131kl\u0131 paneller. Profesyonel st\u00fcdyolar, canl\u0131 ses kurulumlar\u0131 ve AV kurulumlar\u0131 i\u00e7in idealdir.","breadcrumb":{"@id":"https:\/\/sxflightcase.com\/zh\/\u4ea7\u54c1\/\u97f3\u9891\u673a\u67b6\u9762\u677f-rab305-2\/#breadcrumb"},"inLanguage":"tr","potentialAction":[{"@type":"ReadAction","target":["https:\/\/sxflightcase.com\/zh\/\u4ea7\u54c1\/\u97f3\u9891\u673a\u67b6\u9762\u677f-rab305-2\/"]}]},{"@type":"ImageObject","inLanguage":"tr","@id":"https:\/\/sxflightcase.com\/zh\/\u4ea7\u54c1\/\u97f3\u9891\u673a\u67b6\u9762\u677f-rab305-2\/#primaryimage","url":"https:\/\/sxflightcase.com\/wp-content\/uploads\/2024\/09\/RAB305.jpg","contentUrl":"https:\/\/sxflightcase.com\/wp-content\/uploads\/2024\/09\/RAB305.jpg","width":700,"height":700,"caption":"Audio Rack Panel"},{"@type":"BreadcrumbList","@id":"https:\/\/sxflightcase.com\/zh\/\u4ea7\u54c1\/\u97f3\u9891\u673a\u67b6\u9762\u677f-rab305-2\/#breadcrumb","itemListElement":[{"@type":"ListItem","position":1,"name":"Home","item":"https:\/\/sxflightcase.com\/"},{"@type":"ListItem","position":2,"name":"\u0e2a\u0e34\u0e19\u0e04\u0e49\u0e32","item":"https:\/\/sxflightcase.com\/th\/shop\/"},{"@type":"ListItem","position":3,"name":"Audio Rack Panel RAB305"}]},{"@type":"WebSite","@id":"https:\/\/sxflightcase.com\/th\/#website","url":"https:\/\/sxflightcase.com\/th\/","name":"sxpowercase.com","description":"U\u00e7u\u015f \u00c7antas\u0131 Fabrikas\u0131","publisher":{"@id":"https:\/\/sxflightcase.com\/th\/#organization"},"potentialAction":[{"@type":"SearchAction","target":{"@type":"EntryPoint","urlTemplate":"https:\/\/sxflightcase.com\/th\/?s={search_term_string}"},"query-input":{"@type":"PropertyValueSpecification","valueRequired":true,"valueName":"search_term_string"}}],"inLanguage":"tr"},{"@type":"Organization","@id":"https:\/\/sxflightcase.com\/th\/#organization","name":"sxpowercase.com","url":"https:\/\/sxflightcase.com\/th\/","logo":{"@type":"ImageObject","inLanguage":"tr","@id":"https:\/\/sxflightcase.com\/th\/#\/schema\/logo\/image\/","url":"https:\/\/sxflightcase.com\/wp-content\/uploads\/2024\/04\/1713919036007.jpg","contentUrl":"https:\/\/sxflightcase.com\/wp-content\/uploads\/2024\/04\/1713919036007.jpg","width":382,"height":388,"caption":"sxpowercase.com"},"image":{"@id":"https:\/\/sxflightcase.com\/th\/#\/schema\/logo\/image\/"},"sameAs":["https:\/\/www.facebook.com\/profile.php?id=61560407257971"],"numberOfEmployees":{"@type":"QuantitativeValue","minValue":"11","maxValue":"50"}}]}},"_links":{"self":[{"href":"https:\/\/sxflightcase.com\/tr\/wp-json\/wp\/v2\/product\/4399","targetHints":{"allow":["GET"]}}],"collection":[{"href":"https:\/\/sxflightcase.com\/tr\/wp-json\/wp\/v2\/product"}],"about":[{"href":"https:\/\/sxflightcase.com\/tr\/wp-json\/wp\/v2\/types\/product"}],"replies":[{"embeddable":true,"href":"https:\/\/sxflightcase.com\/tr\/wp-json\/wp\/v2\/comments?post=4399"}],"version-history":[{"count":0,"href":"https:\/\/sxflightcase.com\/tr\/wp-json\/wp\/v2\/product\/4399\/revisions"}],"wp:featuredmedia":[{"embeddable":true,"href":"https:\/\/sxflightcase.com\/tr\/wp-json\/wp\/v2\/media\/4287"}],"wp:attachment":[{"href":"https:\/\/sxflightcase.com\/tr\/wp-json\/wp\/v2\/media?parent=4399"}],"wp:term":[{"taxonomy":"product_brand","embeddable":true,"href":"https:\/\/sxflightcase.com\/tr\/wp-json\/wp\/v2\/product_brand?post=4399"},{"taxonomy":"product_cat","embeddable":true,"href":"https:\/\/sxflightcase.com\/tr\/wp-json\/wp\/v2\/product_cat?post=4399"},{"taxonomy":"product_tag","embeddable":true,"href":"https:\/\/sxflightcase.com\/tr\/wp-json\/wp\/v2\/product_tag?post=4399"}],"curies":[{"name":"wp","href":"https:\/\/api.w.org\/{rel}","templated":true}]}}