{"id":4400,"date":"2024-09-13T07:21:08","date_gmt":"2024-09-13T06:21:08","guid":{"rendered":"https:\/\/sxpowercase.com\/?post_type=product&#038;p=4400"},"modified":"2024-09-13T07:25:16","modified_gmt":"2024-09-13T06:25:16","slug":"rack-panel-punched-rab306","status":"publish","type":"product","link":"https:\/\/sxflightcase.com\/tr\/urun\/raf-paneli-delikli-rab306-2\/","title":{"rendered":"Raf Paneli Delikli RAB306"},"content":{"rendered":"<h3>SX Rack Panel Delikli \u00c7\u00f6z\u00fcmler ile Kurulumunuzu Optimize Edin<\/h3>\n<p>The <span style=\"color: #0000ff;\"><a style=\"color: #0000ff;\" href=\"https:\/\/sxpowercase.com\/product\/audio-rack-panel-rab305\/\"><strong>Raf Paneli Delikli<\/strong><\/a><\/span> itibaren <strong>SX<\/strong> rafa monte ekipmanlar\u0131n\u0131z\u0131 d\u00fczenlemek i\u00e7in m\u00fckemmel bir \u00e7\u00f6z\u00fcmd\u00fcr. Maksimum verimlilik ve temiz, profesyonel bir g\u00f6r\u00fcn\u00fcm sunmak i\u00e7in tasarlanan bu paneller, ekipman\u0131n\u0131z\u0131 g\u00fcvende ve emniyette tutarken ba\u011flant\u0131lara kolay eri\u015fim sa\u011flar. \u0130le <strong>SX<\/strong>ihtiya\u00e7lar\u0131n\u0131z\u0131 kar\u015f\u0131layan y\u00fcksek kaliteli panelleri fabrikadan do\u011frudan fiyatlarla elde edersiniz.<\/p>\n<h3>Uzun S\u00fcreli Dayan\u0131kl\u0131l\u0131k i\u00e7in Y\u00fcksek Kaliteli Malzemeler<\/h3>\n<p>Bizim <strong>Raf Paneli Delikli<\/strong> \u00fcr\u00fcnleri, uzun \u00f6m\u00fcrl\u00fc olmalar\u0131n\u0131 sa\u011flamak i\u00e7in g\u00fc\u00e7l\u00fc ve dayan\u0131kl\u0131 malzemeler kullan\u0131larak \u00fcretilmi\u015ftir. \u0130ster bir sunucu odas\u0131, ister yay\u0131n st\u00fcdyosu veya herhangi bir ekipman raf\u0131 kuruyor olun, <strong><a title=\"SX\" href=\"https:\/\/sxpowercase.com\/\" target=\"_blank\" rel=\"noopener\" data-wpil-monitor-id=\"753\">SX<\/a><\/strong> uzun s\u00fcreli performans ve koruma sa\u011flar. Panellerimiz yaln\u0131zca m\u00fckemmel hava ak\u0131\u015f\u0131 sa\u011flamakla kalmaz, ayn\u0131 zamanda toz birikmesini \u00f6nleyerek ekipman\u0131n\u0131z\u0131n sa\u011fl\u0131\u011f\u0131n\u0131 ve i\u015flevselli\u011fini korumaya yard\u0131mc\u0131 olur.<\/p>\n<h3>G\u00fcvenebilece\u011finiz Fabrika Do\u011frudan Fiyatland\u0131rmas\u0131<\/h3>\n<p>\u015eu anda <strong>SX<\/strong>olarak, birinci s\u0131n\u0131f \u00fcr\u00fcnleri do\u011frudan fabrikam\u0131zdan teslim etmeye kararl\u0131y\u0131z. Bu model, kaliteden \u00f6d\u00fcn vermeden fiyatlar\u0131 d\u00fc\u015f\u00fck tutmam\u0131za yard\u0131mc\u0131 oluyor. Teklif ederek <strong>Raf Paneli Delikli<\/strong> \u00fcr\u00fcnleri fabrika do\u011frudan fiyatlar\u0131yla sunarak yat\u0131r\u0131m\u0131n\u0131z i\u00e7in en iyi de\u011feri alman\u0131z\u0131 sa\u011fl\u0131yoruz. Kalite ve uygun fiyat her \u00fcr\u00fcn\u00fcm\u00fcz\u00fcn merkezinde yer al\u0131r. <strong>SX<\/strong> \u00fcr\u00fcn.<\/p>\n<h3>Kolay Kurulum ve \u00c7ok Y\u00f6nl\u00fc Kullan\u0131m<\/h3>\n<p>Bizim <strong>Raf Paneli Delikli<\/strong> basit kurulum i\u00e7in tasarlanm\u0131\u015ft\u0131r. Standart raf sistemleriyle uyumlu olan bu paneller, kurulumunuzu sorunsuz bir \u015fekilde kolayla\u015ft\u0131rman\u0131z\u0131 sa\u011flar. \u0130ster yeni bir kurulum \u00fczerinde \u00e7al\u0131\u015f\u0131yor ister mevcut bir raf\u0131 y\u00fckseltiyor olun, <strong>SX<\/strong> s\u00fcreci basitle\u015ftirir. Ayr\u0131ca, delikli tasar\u0131m esnek kablo y\u00f6netimine olanak tan\u0131yarak ekipman\u0131n\u0131za kolayca ba\u011flanman\u0131z\u0131 ve eri\u015fmenizi sa\u011flar.<\/p>\n<h3>Sekt\u00f6r Profesyonelleri Taraf\u0131ndan G\u00fcvenilen<\/h3>\n<p><strong>SX Raf Paneli Delgisi<\/strong>\u00a0\u00fcr\u00fcnleri, BT, ses ve yay\u0131nc\u0131l\u0131k dahil olmak \u00fczere \u00e7e\u015fitli sekt\u00f6rlerdeki profesyoneller taraf\u0131ndan g\u00fcvenilmektedir. Dayan\u0131kl\u0131l\u0131klar\u0131, kullan\u0131m kolayl\u0131klar\u0131 ve \u015f\u0131k tasar\u0131mlar\u0131yla bilinen bu paneller, t\u00fcm profesyonel kurulumlar\u0131n vazge\u00e7ilmez bir par\u00e7as\u0131d\u0131r. M\u00fc\u015fterilerimiz \u015funlara g\u00fcveniyor <strong>SX<\/strong> hem i\u015flevsellik hem de maliyet verimlili\u011fi sunan g\u00fcvenilir \u00e7\u00f6z\u00fcmler i\u00e7in.<\/p>\n<h3>Uygun Fiyatl\u0131, Kaliteli Raf Panelleri i\u00e7in SX'i Se\u00e7in<\/h3>\n<p>ile <strong>SX<\/strong>kalite ve fiyat aras\u0131nda \u00f6d\u00fcn vermek zorunda de\u011filsiniz. Bizim <strong>Raf Paneli Delgisi<\/strong>\u00a0\u00fcr\u00fcnlerimiz en y\u00fcksek standartlarda \u00fcretilirken, fabrika do\u011frudan fiyatland\u0131rma modelimiz sayesinde uygun fiyatl\u0131 kalmaktad\u0131r. Raf sistemlerini a\u015f\u0131r\u0131 harcama yapmadan geli\u015ftirmek isteyen kurulu\u015flar i\u00e7in, <strong>SX<\/strong> m\u00fckemmel bir se\u00e7imdir.<\/p>\n<p>Se\u00e7in <strong>SX<\/strong> senin i\u00e7in <strong>Raf Paneli Delikli<\/strong> ihtiya\u00e7lar\u0131n\u0131z\u0131 kar\u015f\u0131lay\u0131n ve dayan\u0131kl\u0131l\u0131k, de\u011fer ve profesyonel tasar\u0131m\u0131n m\u00fckemmel kar\u0131\u015f\u0131m\u0131n\u0131 deneyimleyin.<\/p>\n<ol>\n<li>Hemen \u0130leti\u015fime Ge\u00e7in:<span style=\"color: #0000ff;\"><a style=\"color: #0000ff;\" href=\"https:\/\/sxpowercase.com\/contact-us\/\">https:\/\/sxpowercase.com\/<\/a><\/span><\/li>\n<li>Donan\u0131m \u00dcr\u00fcn Katalo\u011fu\uff1a<span style=\"color: #0000ff;\"><a style=\"color: #0000ff;\" href=\"https:\/\/sxpowercase.com\/wp-content\/uploads\/2024\/07\/\u4e94\u91d1.pdf\">Donan\u0131m aksesuarlar\u0131 katalo\u011fu<\/a><\/span><\/li>\n<\/ol>","protected":false},"excerpt":{"rendered":"<h3>SX'ten Y\u00fcksek Kaliteli Ses Raf Panelleri<\/h3>\n<p>SX, profesyonel ve ev st\u00fcdyo kurulumlar\u0131 i\u00e7in hem i\u015flevsellik hem de dayan\u0131kl\u0131l\u0131k sa\u011flamak \u00fczere ustal\u0131kla haz\u0131rlanm\u0131\u015f birinci s\u0131n\u0131f Ses Raf Panelleri sunar.<\/p>\n<h3>B\u00fcy\u00fck De\u011fer i\u00e7in Fabrika Do\u011frudan Fiyatland\u0131rmas\u0131<\/h3>\n<p>Do\u011frudan fabrika fiyatlar\u0131yla ola\u011fan\u00fcst\u00fc kalite elde edin. SX, arac\u0131lar\u0131 ortadan kald\u0131rarak en \u00fcst d\u00fczey Ses Raf Panellerini rekabet\u00e7i fiyatlarla alman\u0131z\u0131 sa\u011flar.<\/p>\n<h3>Kolay Kurulum ve Maksimum Koruma<\/h3>\n<p>SX Audio Raf Panellerinin kurulumu kolayd\u0131r, organizasyonu geli\u015ftirir ve sorunsuz, uzun \u00f6m\u00fcrl\u00fc performans i\u00e7in geli\u015fmi\u015f hava ak\u0131\u015f\u0131 ve toz direnci ile ekipman\u0131n\u0131z\u0131 korur.<\/p>","protected":false},"featured_media":4288,"comment_status":"open","ping_status":"closed","template":"","meta":[],"product_brand":[],"product_cat":[66],"product_tag":[],"class_list":{"0":"post-4400","1":"product","2":"type-product","3":"status-publish","4":"has-post-thumbnail","6":"product_cat-rack-hardware","8":"first","9":"instock","10":"shipping-taxable","11":"product-type-simple"},"yoast_head":"<!-- This site is optimized with the Yoast SEO Premium plugin v27.1 (Yoast SEO v27.2) - https:\/\/yoast.com\/product\/yoast-seo-premium-wordpress\/ -->\n<title>Rack Panel Punched RAB306 - https:\/\/sxflightcase.com \ud83d\udc97<\/title>\n<meta name=\"description\" content=\"Rack panel punched, factory direct! Durable, high-quality panels with pre-punched holes for easy and secure mounting of equipment. Ideal for professional rack setups and efficient organization.\" \/>\n<meta name=\"robots\" content=\"index, follow, max-snippet:-1, max-image-preview:large, max-video-preview:-1\" \/>\n<link rel=\"canonical\" href=\"https:\/\/sxflightcase.com\/tr\/urun\/raf-paneli-delikli-rab306-2\/\" \/>\n<meta property=\"og:locale\" content=\"tr_TR\" \/>\n<meta property=\"og:type\" content=\"article\" \/>\n<meta property=\"og:title\" content=\"Rack Panel Punched RAB306\" \/>\n<meta property=\"og:description\" content=\"Rack panel punched, factory direct! Durable, high-quality panels with pre-punched holes for easy and secure mounting of equipment. Ideal for professional rack setups and efficient organization.\" \/>\n<meta property=\"og:url\" content=\"https:\/\/sxflightcase.com\/tr\/urun\/raf-paneli-delikli-rab306-2\/\" \/>\n<meta property=\"og:site_name\" content=\"https:\/\/sxflightcase.com\" \/>\n<meta property=\"article:publisher\" content=\"https:\/\/www.facebook.com\/profile.php?id=61560407257971\" \/>\n<meta property=\"article:modified_time\" content=\"2024-09-13T06:25:16+00:00\" \/>\n<meta property=\"og:image\" content=\"https:\/\/sxflightcase.com\/wp-content\/uploads\/2024\/09\/RAB306.jpg\" \/>\n\t<meta property=\"og:image:width\" content=\"700\" \/>\n\t<meta property=\"og:image:height\" content=\"700\" \/>\n\t<meta property=\"og:image:type\" content=\"image\/jpeg\" \/>\n<meta name=\"twitter:card\" content=\"summary_large_image\" \/>\n<meta name=\"twitter:label1\" content=\"Tahmini okuma s\u00fcresi\" \/>\n\t<meta name=\"twitter:data1\" content=\"3 dakika\" \/>\n<script type=\"application\/ld+json\" class=\"yoast-schema-graph\">{\"@context\":\"https:\/\/schema.org\",\"@graph\":[{\"@type\":\"WebPage\",\"@id\":\"https:\/\/sxflightcase.com\/product\/rack-panel-punched-rab306\/\",\"url\":\"https:\/\/sxflightcase.com\/product\/rack-panel-punched-rab306\/\",\"name\":\"Rack Panel Punched RAB306 - https:\/\/sxflightcase.com \ud83d\udc97\",\"isPartOf\":{\"@id\":\"https:\/\/sxflightcase.com\/th\/#website\"},\"primaryImageOfPage\":{\"@id\":\"https:\/\/sxflightcase.com\/product\/rack-panel-punched-rab306\/#primaryimage\"},\"image\":{\"@id\":\"https:\/\/sxflightcase.com\/product\/rack-panel-punched-rab306\/#primaryimage\"},\"thumbnailUrl\":\"https:\/\/sxflightcase.com\/wp-content\/uploads\/2024\/09\/RAB306.jpg\",\"datePublished\":\"2024-09-13T06:21:08+00:00\",\"dateModified\":\"2024-09-13T06:25:16+00:00\",\"description\":\"Rack panel punched, factory direct! Durable, high-quality panels with pre-punched holes for easy and secure mounting of equipment. Ideal for professional rack setups and efficient organization.\",\"breadcrumb\":{\"@id\":\"https:\/\/sxflightcase.com\/product\/rack-panel-punched-rab306\/#breadcrumb\"},\"inLanguage\":\"tr\",\"potentialAction\":[{\"@type\":\"ReadAction\",\"target\":[\"https:\/\/sxflightcase.com\/product\/rack-panel-punched-rab306\/\"]}]},{\"@type\":\"ImageObject\",\"inLanguage\":\"tr\",\"@id\":\"https:\/\/sxflightcase.com\/product\/rack-panel-punched-rab306\/#primaryimage\",\"url\":\"https:\/\/sxflightcase.com\/wp-content\/uploads\/2024\/09\/RAB306.jpg\",\"contentUrl\":\"https:\/\/sxflightcase.com\/wp-content\/uploads\/2024\/09\/RAB306.jpg\",\"width\":700,\"height\":700,\"caption\":\"Rack Panel Punched\"},{\"@type\":\"BreadcrumbList\",\"@id\":\"https:\/\/sxflightcase.com\/product\/rack-panel-punched-rab306\/#breadcrumb\",\"itemListElement\":[{\"@type\":\"ListItem\",\"position\":1,\"name\":\"Home\",\"item\":\"https:\/\/sxflightcase.com\/\"},{\"@type\":\"ListItem\",\"position\":2,\"name\":\"\u0e2a\u0e34\u0e19\u0e04\u0e49\u0e32\",\"item\":\"https:\/\/sxflightcase.com\/th\/shop\/\"},{\"@type\":\"ListItem\",\"position\":3,\"name\":\"Rack Panel Punched RAB306\"}]},{\"@type\":\"WebSite\",\"@id\":\"https:\/\/sxflightcase.com\/th\/#website\",\"url\":\"https:\/\/sxflightcase.com\/th\/\",\"name\":\"sxpowercase.com\",\"description\":\"Flight Case Factory\",\"publisher\":{\"@id\":\"https:\/\/sxflightcase.com\/th\/#organization\"},\"potentialAction\":[{\"@type\":\"SearchAction\",\"target\":{\"@type\":\"EntryPoint\",\"urlTemplate\":\"https:\/\/sxflightcase.com\/th\/?s={search_term_string}\"},\"query-input\":{\"@type\":\"PropertyValueSpecification\",\"valueRequired\":true,\"valueName\":\"search_term_string\"}}],\"inLanguage\":\"tr\"},{\"@type\":\"Organization\",\"@id\":\"https:\/\/sxflightcase.com\/th\/#organization\",\"name\":\"sxpowercase.com\",\"url\":\"https:\/\/sxflightcase.com\/th\/\",\"logo\":{\"@type\":\"ImageObject\",\"inLanguage\":\"tr\",\"@id\":\"https:\/\/sxflightcase.com\/th\/#\/schema\/logo\/image\/\",\"url\":\"https:\/\/sxflightcase.com\/wp-content\/uploads\/2024\/04\/1713919036007.jpg\",\"contentUrl\":\"https:\/\/sxflightcase.com\/wp-content\/uploads\/2024\/04\/1713919036007.jpg\",\"width\":382,\"height\":388,\"caption\":\"sxpowercase.com\"},\"image\":{\"@id\":\"https:\/\/sxflightcase.com\/th\/#\/schema\/logo\/image\/\"},\"sameAs\":[\"https:\/\/www.facebook.com\/profile.php?id=61560407257971\"],\"numberOfEmployees\":{\"@type\":\"QuantitativeValue\",\"minValue\":\"11\",\"maxValue\":\"50\"}}]}<\/script>\n<!-- \/ Yoast SEO Premium plugin. -->","yoast_head_json":{"title":"Rack Panel Punched RAB306 - https:\/\/sxflightcase.com \ud83d\udc97","description":"Raf paneli delikli, do\u011frudan fabrika \u00e7\u0131k\u0131\u015f\u0131! Ekipman\u0131n kolay ve g\u00fcvenli montaj\u0131 i\u00e7in \u00f6nceden delinmi\u015f deliklere sahip dayan\u0131kl\u0131, y\u00fcksek kaliteli paneller. Profesyonel raf kurulumlar\u0131 ve verimli organizasyon i\u00e7in idealdir.","robots":{"index":"index","follow":"follow","max-snippet":"max-snippet:-1","max-image-preview":"max-image-preview:large","max-video-preview":"max-video-preview:-1"},"canonical":"https:\/\/sxflightcase.com\/tr\/urun\/raf-paneli-delikli-rab306-2\/","og_locale":"tr_TR","og_type":"article","og_title":"Rack Panel Punched RAB306","og_description":"Rack panel punched, factory direct! Durable, high-quality panels with pre-punched holes for easy and secure mounting of equipment. Ideal for professional rack setups and efficient organization.","og_url":"https:\/\/sxflightcase.com\/tr\/urun\/raf-paneli-delikli-rab306-2\/","og_site_name":"https:\/\/sxflightcase.com","article_publisher":"https:\/\/www.facebook.com\/profile.php?id=61560407257971","article_modified_time":"2024-09-13T06:25:16+00:00","og_image":[{"width":700,"height":700,"url":"https:\/\/sxflightcase.com\/wp-content\/uploads\/2024\/09\/RAB306.jpg","type":"image\/jpeg"}],"twitter_card":"summary_large_image","twitter_misc":{"Tahmini okuma s\u00fcresi":"3 dakika"},"schema":{"@context":"https:\/\/schema.org","@graph":[{"@type":"WebPage","@id":"https:\/\/sxflightcase.com\/product\/rack-panel-punched-rab306\/","url":"https:\/\/sxflightcase.com\/product\/rack-panel-punched-rab306\/","name":"Rack Panel Punched RAB306 - https:\/\/sxflightcase.com \ud83d\udc97","isPartOf":{"@id":"https:\/\/sxflightcase.com\/th\/#website"},"primaryImageOfPage":{"@id":"https:\/\/sxflightcase.com\/product\/rack-panel-punched-rab306\/#primaryimage"},"image":{"@id":"https:\/\/sxflightcase.com\/product\/rack-panel-punched-rab306\/#primaryimage"},"thumbnailUrl":"https:\/\/sxflightcase.com\/wp-content\/uploads\/2024\/09\/RAB306.jpg","datePublished":"2024-09-13T06:21:08+00:00","dateModified":"2024-09-13T06:25:16+00:00","description":"Raf paneli delikli, do\u011frudan fabrika \u00e7\u0131k\u0131\u015f\u0131! Ekipman\u0131n kolay ve g\u00fcvenli montaj\u0131 i\u00e7in \u00f6nceden delinmi\u015f deliklere sahip dayan\u0131kl\u0131, y\u00fcksek kaliteli paneller. Profesyonel raf kurulumlar\u0131 ve verimli organizasyon i\u00e7in idealdir.","breadcrumb":{"@id":"https:\/\/sxflightcase.com\/product\/rack-panel-punched-rab306\/#breadcrumb"},"inLanguage":"tr","potentialAction":[{"@type":"ReadAction","target":["https:\/\/sxflightcase.com\/product\/rack-panel-punched-rab306\/"]}]},{"@type":"ImageObject","inLanguage":"tr","@id":"https:\/\/sxflightcase.com\/product\/rack-panel-punched-rab306\/#primaryimage","url":"https:\/\/sxflightcase.com\/wp-content\/uploads\/2024\/09\/RAB306.jpg","contentUrl":"https:\/\/sxflightcase.com\/wp-content\/uploads\/2024\/09\/RAB306.jpg","width":700,"height":700,"caption":"Rack Panel Punched"},{"@type":"BreadcrumbList","@id":"https:\/\/sxflightcase.com\/product\/rack-panel-punched-rab306\/#breadcrumb","itemListElement":[{"@type":"ListItem","position":1,"name":"Home","item":"https:\/\/sxflightcase.com\/"},{"@type":"ListItem","position":2,"name":"\u0e2a\u0e34\u0e19\u0e04\u0e49\u0e32","item":"https:\/\/sxflightcase.com\/th\/shop\/"},{"@type":"ListItem","position":3,"name":"Rack Panel Punched RAB306"}]},{"@type":"WebSite","@id":"https:\/\/sxflightcase.com\/th\/#website","url":"https:\/\/sxflightcase.com\/th\/","name":"sxpowercase.com","description":"U\u00e7u\u015f \u00c7antas\u0131 Fabrikas\u0131","publisher":{"@id":"https:\/\/sxflightcase.com\/th\/#organization"},"potentialAction":[{"@type":"SearchAction","target":{"@type":"EntryPoint","urlTemplate":"https:\/\/sxflightcase.com\/th\/?s={search_term_string}"},"query-input":{"@type":"PropertyValueSpecification","valueRequired":true,"valueName":"search_term_string"}}],"inLanguage":"tr"},{"@type":"Organization","@id":"https:\/\/sxflightcase.com\/th\/#organization","name":"sxpowercase.com","url":"https:\/\/sxflightcase.com\/th\/","logo":{"@type":"ImageObject","inLanguage":"tr","@id":"https:\/\/sxflightcase.com\/th\/#\/schema\/logo\/image\/","url":"https:\/\/sxflightcase.com\/wp-content\/uploads\/2024\/04\/1713919036007.jpg","contentUrl":"https:\/\/sxflightcase.com\/wp-content\/uploads\/2024\/04\/1713919036007.jpg","width":382,"height":388,"caption":"sxpowercase.com"},"image":{"@id":"https:\/\/sxflightcase.com\/th\/#\/schema\/logo\/image\/"},"sameAs":["https:\/\/www.facebook.com\/profile.php?id=61560407257971"],"numberOfEmployees":{"@type":"QuantitativeValue","minValue":"11","maxValue":"50"}}]}},"_links":{"self":[{"href":"https:\/\/sxflightcase.com\/tr\/wp-json\/wp\/v2\/product\/4400","targetHints":{"allow":["GET"]}}],"collection":[{"href":"https:\/\/sxflightcase.com\/tr\/wp-json\/wp\/v2\/product"}],"about":[{"href":"https:\/\/sxflightcase.com\/tr\/wp-json\/wp\/v2\/types\/product"}],"replies":[{"embeddable":true,"href":"https:\/\/sxflightcase.com\/tr\/wp-json\/wp\/v2\/comments?post=4400"}],"version-history":[{"count":0,"href":"https:\/\/sxflightcase.com\/tr\/wp-json\/wp\/v2\/product\/4400\/revisions"}],"wp:featuredmedia":[{"embeddable":true,"href":"https:\/\/sxflightcase.com\/tr\/wp-json\/wp\/v2\/media\/4288"}],"wp:attachment":[{"href":"https:\/\/sxflightcase.com\/tr\/wp-json\/wp\/v2\/media?parent=4400"}],"wp:term":[{"taxonomy":"product_brand","embeddable":true,"href":"https:\/\/sxflightcase.com\/tr\/wp-json\/wp\/v2\/product_brand?post=4400"},{"taxonomy":"product_cat","embeddable":true,"href":"https:\/\/sxflightcase.com\/tr\/wp-json\/wp\/v2\/product_cat?post=4400"},{"taxonomy":"product_tag","embeddable":true,"href":"https:\/\/sxflightcase.com\/tr\/wp-json\/wp\/v2\/product_tag?post=4400"}],"curies":[{"name":"wp","href":"https:\/\/api.w.org\/{rel}","templated":true}]}}