{"id":4401,"date":"2024-09-13T07:29:12","date_gmt":"2024-09-13T06:29:12","guid":{"rendered":"https:\/\/sxpowercase.com\/?post_type=product&#038;p=4401"},"modified":"2024-09-13T07:29:13","modified_gmt":"2024-09-13T06:29:13","slug":"rack-panel-punched-rab307","status":"publish","type":"product","link":"https:\/\/sxflightcase.com\/tr\/urun\/raf-paneli-delikli-rab307\/","title":{"rendered":"Raf Paneli Delikli RAB307"},"content":{"rendered":"<h3>SX Rack Panel Delikli ile Ekipman\u0131n\u0131z\u0131 Geli\u015ftirin<\/h3>\n<p><a href=\"https:\/\/sxpowercase.com\/product\/rack-panel-punched-rab306\/\"><strong>SX Raf Paneli Delikli<\/strong><\/a> rafa monte sistemlerinizi d\u00fczenlemek i\u00e7in g\u00fcvenilir ve profesyonel bir \u00e7\u00f6z\u00fcm sunar. Hassasiyetle \u00fcretilen bu paneller, ekipman\u0131n\u0131za verimli bir d\u00fczen sa\u011flamak, kablolar\u0131 ve ba\u011flant\u0131lar\u0131 zahmetsizce y\u00f6netmenize yard\u0131mc\u0131 olmak i\u00e7in tasarlanm\u0131\u015ft\u0131r. \u0130le <strong>SX<\/strong>sadece etkili de\u011fil ayn\u0131 zamanda uygun fiyatl\u0131 dayan\u0131kl\u0131 \u00fcr\u00fcnler elde edersiniz.<\/p>\n<h3>Uzun \u00d6m\u00fcrl\u00fc Dayan\u0131kl\u0131l\u0131k<\/h3>\n<p>Her biri <strong>Raf Paneli Delikli<\/strong> itibaren <strong><a href=\"https:\/\/sxpowercase.com\/\" target=\"_blank\" rel=\"noopener\" title=\"SX\" data-wpil-monitor-id=\"754\">SX<\/a><\/strong> uzun \u00f6m\u00fcrl\u00fc dayan\u0131kl\u0131l\u0131k sa\u011flayan y\u00fcksek kaliteli malzemelerden \u00fcretilmi\u015ftir. \u0130ster bir sunucu odas\u0131 in\u015fa ediyor ister g\u00f6rsel-i\u015fitsel ekipman\u0131 y\u00f6netiyor olun, bu paneller yo\u011fun kullan\u0131ma dayanacak \u015fekilde tasarlanm\u0131\u015ft\u0131r. <strong>SX<\/strong> \u00fcr\u00fcnleri uzun \u00f6m\u00fcrl\u00fc olacak \u015fekilde tasarlanm\u0131\u015ft\u0131r ve ekipman\u0131n\u0131z\u0131n korunmas\u0131n\u0131 sa\u011flarken uygun hava ak\u0131\u015f\u0131n\u0131 da s\u00fcrd\u00fcr\u00fcr.<\/p>\n<h3>Tavizsiz Fabrika Do\u011frudan Fiyatland\u0131rmas\u0131<\/h3>\n<p>\u015eu anda <strong>SX<\/strong>fabrikada do\u011frudan fiyatland\u0131rma sunmay\u0131 taahh\u00fct ediyoruz. Arac\u0131y\u0131 ortadan kald\u0131rarak, \u00fcr\u00fcn kalitesini d\u00fc\u015f\u00fcrmeden fiyatlar\u0131 d\u00fc\u015f\u00fck tutabiliyoruz. Bu, birinci s\u0131n\u0131f \u00fcr\u00fcn ald\u0131\u011f\u0131n\u0131z anlam\u0131na gelir <strong>Raf Paneli Delikli<\/strong> uygun maliyetli \u00e7\u00f6z\u00fcmler. \u0130le <strong>SX<\/strong>hem kalite hem de b\u00fct\u00e7e dostu fiyat garantisi alt\u0131ndas\u0131n\u0131z.<\/p>\n<h3>Kolay Entegrasyon ve \u00c7ok Y\u00f6nl\u00fc \u0130\u015flevsellik<\/h3>\n<p>Bizim <strong>Raf Paneli Delikli<\/strong> kurulumu kolayd\u0131r ve herhangi bir standart raf sistemine sorunsuz bir \u015fekilde uyar. \u0130ster BT kurulumlar\u0131, ister ses sistemleri veya di\u011fer ekipmanlar \u00fczerinde \u00e7al\u0131\u015f\u0131yor olun, <strong>SX<\/strong> ihtiyac\u0131n\u0131z olan esnekli\u011fi sa\u011flar. Delikli tasar\u0131m, optimum kablo y\u00f6netimine olanak tan\u0131yarak cihazlar\u0131 ba\u011flama ve kurulumunuzu s\u00fcrd\u00fcrme s\u00fcrecini basitle\u015ftirir.<\/p>\n<h3>Profesyoneller Taraf\u0131ndan G\u00fcvenilen<\/h3>\n<p>Yay\u0131nc\u0131l\u0131ktan bili\u015fime kadar \u00e7e\u015fitli alanlardaki profesyoneller <strong>SX Raf Paneli Delgisi<\/strong>\u00a0dayan\u0131kl\u0131l\u0131\u011f\u0131 ve \u015f\u0131k tasar\u0131m\u0131 i\u00e7in. \u00dcr\u00fcnlerimiz, d\u00fczenli ve temiz bir g\u00f6r\u00fcn\u00fcm sa\u011flarken y\u00fcksek performans sunmas\u0131yla tan\u0131n\u0131r. \u0130le <strong>SX<\/strong>modern end\u00fcstrilerin taleplerini kar\u015f\u0131layan g\u00fcvenilir \u00e7\u00f6z\u00fcmler se\u00e7iyorsunuz.<\/p>\n<h3>\u00dcst\u00fcn De\u011fer i\u00e7in SX'i Se\u00e7in<\/h3>\n<p>ile <strong>SX<\/strong>y\u00fcksek kaliteli \u00fcr\u00fcnler al\u0131rs\u0131n\u0131z <strong>Raf Paneli Delgisi<\/strong>\u00a0rakipsiz fiyatlarla \u00fcr\u00fcnler. Do\u011frudan fabrika modelimiz, kaliteden \u00f6d\u00fcn vermeden ola\u011fan\u00fcst\u00fc de\u011fer sa\u011flamam\u0131za olanak tan\u0131r. \u0130ster mevcut bir raf\u0131 y\u00fckseltin ister yeni bir raf in\u015fa edin, <strong>SX<\/strong> g\u00fcvenilirlik ve uygun fiyat aras\u0131nda m\u00fckemmel bir denge sunar.<\/p>\n<p>Yat\u0131r\u0131m yap\u0131n <strong>SX Raf Paneli Delikli<\/strong> \u00e7\u00f6z\u00fcmlerinden hemen yararlan\u0131n ve raf sisteminiz i\u00e7in dayan\u0131kl\u0131, uygun maliyetli se\u00e7eneklerin keyfini \u00e7\u0131kar\u0131n.<\/p>\n<ol>\n<li>Hemen \u0130leti\u015fime Ge\u00e7in:<span style=\"color: #0000ff;\"><a style=\"color: #0000ff;\" href=\"https:\/\/sxpowercase.com\/contact-us\/\">https:\/\/sxpowercase.com\/<\/a><\/span><\/li>\n<li>Donan\u0131m \u00dcr\u00fcn Katalo\u011fu\uff1a<span style=\"color: #0000ff;\"><a style=\"color: #0000ff;\" href=\"https:\/\/sxpowercase.com\/wp-content\/uploads\/2024\/07\/\u4e94\u91d1.pdf\">Donan\u0131m aksesuarlar\u0131 katalo\u011fu<\/a><\/span><\/li>\n<\/ol>","protected":false},"excerpt":{"rendered":"<h3>SX'ten Y\u00fcksek Kaliteli Ses Raf Panelleri<\/h3>\n<p>SX, profesyonel ve ev st\u00fcdyo kurulumlar\u0131 i\u00e7in hem i\u015flevsellik hem de dayan\u0131kl\u0131l\u0131k sa\u011flamak \u00fczere ustal\u0131kla haz\u0131rlanm\u0131\u015f birinci s\u0131n\u0131f Ses Raf Panelleri sunar.<\/p>\n<h3>B\u00fcy\u00fck De\u011fer i\u00e7in Fabrika Do\u011frudan Fiyatland\u0131rmas\u0131<\/h3>\n<p>Do\u011frudan fabrika fiyatlar\u0131yla ola\u011fan\u00fcst\u00fc kalite elde edin. SX, arac\u0131lar\u0131 ortadan kald\u0131rarak en \u00fcst d\u00fczey Ses Raf Panellerini rekabet\u00e7i fiyatlarla alman\u0131z\u0131 sa\u011flar.<\/p>\n<h3>Kolay Kurulum ve Maksimum Koruma<\/h3>\n<p>SX Audio Raf Panellerinin kurulumu kolayd\u0131r, organizasyonu geli\u015ftirir ve sorunsuz, uzun \u00f6m\u00fcrl\u00fc performans i\u00e7in geli\u015fmi\u015f hava ak\u0131\u015f\u0131 ve toz direnci ile ekipman\u0131n\u0131z\u0131 korur.<\/p>","protected":false},"featured_media":4289,"comment_status":"open","ping_status":"closed","template":"","meta":[],"product_brand":[],"product_cat":[66],"product_tag":[],"class_list":{"0":"post-4401","1":"product","2":"type-product","3":"status-publish","4":"has-post-thumbnail","6":"product_cat-rack-hardware","8":"first","9":"instock","10":"shipping-taxable","11":"product-type-simple"},"yoast_head":"<!-- This site is optimized with the Yoast SEO Premium plugin v27.1 (Yoast SEO v27.2) - https:\/\/yoast.com\/product\/yoast-seo-premium-wordpress\/ -->\n<title>Rack Panel Punched RAB307 - https:\/\/sxflightcase.com \ud83d\udc97<\/title>\n<meta name=\"description\" content=\"Rack panel punched, factory direct! Durable, high-quality panels with pre-punched holes for easy and secure mounting of equipment. Ideal for professional rack setups and efficient organization.\" \/>\n<meta name=\"robots\" content=\"index, follow, max-snippet:-1, max-image-preview:large, max-video-preview:-1\" \/>\n<link rel=\"canonical\" href=\"https:\/\/sxflightcase.com\/tr\/urun\/raf-paneli-delikli-rab307\/\" \/>\n<meta property=\"og:locale\" content=\"tr_TR\" \/>\n<meta property=\"og:type\" content=\"article\" \/>\n<meta property=\"og:title\" content=\"Rack Panel Punched RAB307\" \/>\n<meta property=\"og:description\" content=\"Rack panel punched, factory direct! Durable, high-quality panels with pre-punched holes for easy and secure mounting of equipment. Ideal for professional rack setups and efficient organization.\" \/>\n<meta property=\"og:url\" content=\"https:\/\/sxflightcase.com\/tr\/urun\/raf-paneli-delikli-rab307\/\" \/>\n<meta property=\"og:site_name\" content=\"https:\/\/sxflightcase.com\" \/>\n<meta property=\"article:publisher\" content=\"https:\/\/www.facebook.com\/profile.php?id=61560407257971\" \/>\n<meta property=\"article:modified_time\" content=\"2024-09-13T06:29:13+00:00\" \/>\n<meta property=\"og:image\" content=\"https:\/\/sxflightcase.com\/wp-content\/uploads\/2024\/09\/RAB307.jpg\" \/>\n\t<meta property=\"og:image:width\" content=\"700\" \/>\n\t<meta property=\"og:image:height\" content=\"700\" \/>\n\t<meta property=\"og:image:type\" content=\"image\/jpeg\" \/>\n<meta name=\"twitter:card\" content=\"summary_large_image\" \/>\n<meta name=\"twitter:label1\" content=\"Tahmini okuma s\u00fcresi\" \/>\n\t<meta name=\"twitter:data1\" content=\"3 dakika\" \/>\n<script type=\"application\/ld+json\" class=\"yoast-schema-graph\">{\"@context\":\"https:\/\/schema.org\",\"@graph\":[{\"@type\":\"WebPage\",\"@id\":\"https:\/\/sxflightcase.com\/product\/rack-panel-punched-rab307\/\",\"url\":\"https:\/\/sxflightcase.com\/product\/rack-panel-punched-rab307\/\",\"name\":\"Rack Panel Punched RAB307 - https:\/\/sxflightcase.com \ud83d\udc97\",\"isPartOf\":{\"@id\":\"https:\/\/sxflightcase.com\/th\/#website\"},\"primaryImageOfPage\":{\"@id\":\"https:\/\/sxflightcase.com\/product\/rack-panel-punched-rab307\/#primaryimage\"},\"image\":{\"@id\":\"https:\/\/sxflightcase.com\/product\/rack-panel-punched-rab307\/#primaryimage\"},\"thumbnailUrl\":\"https:\/\/sxflightcase.com\/wp-content\/uploads\/2024\/09\/RAB307.jpg\",\"datePublished\":\"2024-09-13T06:29:12+00:00\",\"dateModified\":\"2024-09-13T06:29:13+00:00\",\"description\":\"Rack panel punched, factory direct! Durable, high-quality panels with pre-punched holes for easy and secure mounting of equipment. Ideal for professional rack setups and efficient organization.\",\"breadcrumb\":{\"@id\":\"https:\/\/sxflightcase.com\/product\/rack-panel-punched-rab307\/#breadcrumb\"},\"inLanguage\":\"tr\",\"potentialAction\":[{\"@type\":\"ReadAction\",\"target\":[\"https:\/\/sxflightcase.com\/product\/rack-panel-punched-rab307\/\"]}]},{\"@type\":\"ImageObject\",\"inLanguage\":\"tr\",\"@id\":\"https:\/\/sxflightcase.com\/product\/rack-panel-punched-rab307\/#primaryimage\",\"url\":\"https:\/\/sxflightcase.com\/wp-content\/uploads\/2024\/09\/RAB307.jpg\",\"contentUrl\":\"https:\/\/sxflightcase.com\/wp-content\/uploads\/2024\/09\/RAB307.jpg\",\"width\":700,\"height\":700,\"caption\":\"Rack Panel Punched\"},{\"@type\":\"BreadcrumbList\",\"@id\":\"https:\/\/sxflightcase.com\/product\/rack-panel-punched-rab307\/#breadcrumb\",\"itemListElement\":[{\"@type\":\"ListItem\",\"position\":1,\"name\":\"Home\",\"item\":\"https:\/\/sxflightcase.com\/\"},{\"@type\":\"ListItem\",\"position\":2,\"name\":\"\u0e2a\u0e34\u0e19\u0e04\u0e49\u0e32\",\"item\":\"https:\/\/sxflightcase.com\/th\/shop\/\"},{\"@type\":\"ListItem\",\"position\":3,\"name\":\"Rack Panel Punched RAB307\"}]},{\"@type\":\"WebSite\",\"@id\":\"https:\/\/sxflightcase.com\/th\/#website\",\"url\":\"https:\/\/sxflightcase.com\/th\/\",\"name\":\"sxpowercase.com\",\"description\":\"Flight Case Factory\",\"publisher\":{\"@id\":\"https:\/\/sxflightcase.com\/th\/#organization\"},\"potentialAction\":[{\"@type\":\"SearchAction\",\"target\":{\"@type\":\"EntryPoint\",\"urlTemplate\":\"https:\/\/sxflightcase.com\/th\/?s={search_term_string}\"},\"query-input\":{\"@type\":\"PropertyValueSpecification\",\"valueRequired\":true,\"valueName\":\"search_term_string\"}}],\"inLanguage\":\"tr\"},{\"@type\":\"Organization\",\"@id\":\"https:\/\/sxflightcase.com\/th\/#organization\",\"name\":\"sxpowercase.com\",\"url\":\"https:\/\/sxflightcase.com\/th\/\",\"logo\":{\"@type\":\"ImageObject\",\"inLanguage\":\"tr\",\"@id\":\"https:\/\/sxflightcase.com\/th\/#\/schema\/logo\/image\/\",\"url\":\"https:\/\/sxflightcase.com\/wp-content\/uploads\/2024\/04\/1713919036007.jpg\",\"contentUrl\":\"https:\/\/sxflightcase.com\/wp-content\/uploads\/2024\/04\/1713919036007.jpg\",\"width\":382,\"height\":388,\"caption\":\"sxpowercase.com\"},\"image\":{\"@id\":\"https:\/\/sxflightcase.com\/th\/#\/schema\/logo\/image\/\"},\"sameAs\":[\"https:\/\/www.facebook.com\/profile.php?id=61560407257971\"],\"numberOfEmployees\":{\"@type\":\"QuantitativeValue\",\"minValue\":\"11\",\"maxValue\":\"50\"}}]}<\/script>\n<!-- \/ Yoast SEO Premium plugin. -->","yoast_head_json":{"title":"Rack Panel Punched RAB307 - https:\/\/sxflightcase.com \ud83d\udc97","description":"Raf paneli delikli, do\u011frudan fabrika \u00e7\u0131k\u0131\u015f\u0131! Ekipman\u0131n kolay ve g\u00fcvenli montaj\u0131 i\u00e7in \u00f6nceden delinmi\u015f deliklere sahip dayan\u0131kl\u0131, y\u00fcksek kaliteli paneller. Profesyonel raf kurulumlar\u0131 ve verimli organizasyon i\u00e7in idealdir.","robots":{"index":"index","follow":"follow","max-snippet":"max-snippet:-1","max-image-preview":"max-image-preview:large","max-video-preview":"max-video-preview:-1"},"canonical":"https:\/\/sxflightcase.com\/tr\/urun\/raf-paneli-delikli-rab307\/","og_locale":"tr_TR","og_type":"article","og_title":"Rack Panel Punched RAB307","og_description":"Rack panel punched, factory direct! Durable, high-quality panels with pre-punched holes for easy and secure mounting of equipment. Ideal for professional rack setups and efficient organization.","og_url":"https:\/\/sxflightcase.com\/tr\/urun\/raf-paneli-delikli-rab307\/","og_site_name":"https:\/\/sxflightcase.com","article_publisher":"https:\/\/www.facebook.com\/profile.php?id=61560407257971","article_modified_time":"2024-09-13T06:29:13+00:00","og_image":[{"width":700,"height":700,"url":"https:\/\/sxflightcase.com\/wp-content\/uploads\/2024\/09\/RAB307.jpg","type":"image\/jpeg"}],"twitter_card":"summary_large_image","twitter_misc":{"Tahmini okuma s\u00fcresi":"3 dakika"},"schema":{"@context":"https:\/\/schema.org","@graph":[{"@type":"WebPage","@id":"https:\/\/sxflightcase.com\/product\/rack-panel-punched-rab307\/","url":"https:\/\/sxflightcase.com\/product\/rack-panel-punched-rab307\/","name":"Rack Panel Punched RAB307 - https:\/\/sxflightcase.com \ud83d\udc97","isPartOf":{"@id":"https:\/\/sxflightcase.com\/th\/#website"},"primaryImageOfPage":{"@id":"https:\/\/sxflightcase.com\/product\/rack-panel-punched-rab307\/#primaryimage"},"image":{"@id":"https:\/\/sxflightcase.com\/product\/rack-panel-punched-rab307\/#primaryimage"},"thumbnailUrl":"https:\/\/sxflightcase.com\/wp-content\/uploads\/2024\/09\/RAB307.jpg","datePublished":"2024-09-13T06:29:12+00:00","dateModified":"2024-09-13T06:29:13+00:00","description":"Raf paneli delikli, do\u011frudan fabrika \u00e7\u0131k\u0131\u015f\u0131! Ekipman\u0131n kolay ve g\u00fcvenli montaj\u0131 i\u00e7in \u00f6nceden delinmi\u015f deliklere sahip dayan\u0131kl\u0131, y\u00fcksek kaliteli paneller. Profesyonel raf kurulumlar\u0131 ve verimli organizasyon i\u00e7in idealdir.","breadcrumb":{"@id":"https:\/\/sxflightcase.com\/product\/rack-panel-punched-rab307\/#breadcrumb"},"inLanguage":"tr","potentialAction":[{"@type":"ReadAction","target":["https:\/\/sxflightcase.com\/product\/rack-panel-punched-rab307\/"]}]},{"@type":"ImageObject","inLanguage":"tr","@id":"https:\/\/sxflightcase.com\/product\/rack-panel-punched-rab307\/#primaryimage","url":"https:\/\/sxflightcase.com\/wp-content\/uploads\/2024\/09\/RAB307.jpg","contentUrl":"https:\/\/sxflightcase.com\/wp-content\/uploads\/2024\/09\/RAB307.jpg","width":700,"height":700,"caption":"Rack Panel Punched"},{"@type":"BreadcrumbList","@id":"https:\/\/sxflightcase.com\/product\/rack-panel-punched-rab307\/#breadcrumb","itemListElement":[{"@type":"ListItem","position":1,"name":"Home","item":"https:\/\/sxflightcase.com\/"},{"@type":"ListItem","position":2,"name":"\u0e2a\u0e34\u0e19\u0e04\u0e49\u0e32","item":"https:\/\/sxflightcase.com\/th\/shop\/"},{"@type":"ListItem","position":3,"name":"Rack Panel Punched RAB307"}]},{"@type":"WebSite","@id":"https:\/\/sxflightcase.com\/th\/#website","url":"https:\/\/sxflightcase.com\/th\/","name":"sxpowercase.com","description":"U\u00e7u\u015f \u00c7antas\u0131 Fabrikas\u0131","publisher":{"@id":"https:\/\/sxflightcase.com\/th\/#organization"},"potentialAction":[{"@type":"SearchAction","target":{"@type":"EntryPoint","urlTemplate":"https:\/\/sxflightcase.com\/th\/?s={search_term_string}"},"query-input":{"@type":"PropertyValueSpecification","valueRequired":true,"valueName":"search_term_string"}}],"inLanguage":"tr"},{"@type":"Organization","@id":"https:\/\/sxflightcase.com\/th\/#organization","name":"sxpowercase.com","url":"https:\/\/sxflightcase.com\/th\/","logo":{"@type":"ImageObject","inLanguage":"tr","@id":"https:\/\/sxflightcase.com\/th\/#\/schema\/logo\/image\/","url":"https:\/\/sxflightcase.com\/wp-content\/uploads\/2024\/04\/1713919036007.jpg","contentUrl":"https:\/\/sxflightcase.com\/wp-content\/uploads\/2024\/04\/1713919036007.jpg","width":382,"height":388,"caption":"sxpowercase.com"},"image":{"@id":"https:\/\/sxflightcase.com\/th\/#\/schema\/logo\/image\/"},"sameAs":["https:\/\/www.facebook.com\/profile.php?id=61560407257971"],"numberOfEmployees":{"@type":"QuantitativeValue","minValue":"11","maxValue":"50"}}]}},"_links":{"self":[{"href":"https:\/\/sxflightcase.com\/tr\/wp-json\/wp\/v2\/product\/4401","targetHints":{"allow":["GET"]}}],"collection":[{"href":"https:\/\/sxflightcase.com\/tr\/wp-json\/wp\/v2\/product"}],"about":[{"href":"https:\/\/sxflightcase.com\/tr\/wp-json\/wp\/v2\/types\/product"}],"replies":[{"embeddable":true,"href":"https:\/\/sxflightcase.com\/tr\/wp-json\/wp\/v2\/comments?post=4401"}],"version-history":[{"count":0,"href":"https:\/\/sxflightcase.com\/tr\/wp-json\/wp\/v2\/product\/4401\/revisions"}],"wp:featuredmedia":[{"embeddable":true,"href":"https:\/\/sxflightcase.com\/tr\/wp-json\/wp\/v2\/media\/4289"}],"wp:attachment":[{"href":"https:\/\/sxflightcase.com\/tr\/wp-json\/wp\/v2\/media?parent=4401"}],"wp:term":[{"taxonomy":"product_brand","embeddable":true,"href":"https:\/\/sxflightcase.com\/tr\/wp-json\/wp\/v2\/product_brand?post=4401"},{"taxonomy":"product_cat","embeddable":true,"href":"https:\/\/sxflightcase.com\/tr\/wp-json\/wp\/v2\/product_cat?post=4401"},{"taxonomy":"product_tag","embeddable":true,"href":"https:\/\/sxflightcase.com\/tr\/wp-json\/wp\/v2\/product_tag?post=4401"}],"curies":[{"name":"wp","href":"https:\/\/api.w.org\/{rel}","templated":true}]}}