{"id":4424,"date":"2024-09-14T07:16:40","date_gmt":"2024-09-14T06:16:40","guid":{"rendered":"https:\/\/sxpowercase.com\/?post_type=product&#038;p=4424"},"modified":"2024-09-14T07:16:54","modified_gmt":"2024-09-14T06:16:54","slug":"rack-mountable-flat-raf102","status":"publish","type":"product","link":"https:\/\/sxflightcase.com\/tr\/urun\/rafa-monte-edilebilir-duz-raf102-2\/","title":{"rendered":"Rafa Monte Edilebilir D\u00fcz RAF102"},"content":{"rendered":"<h3>SX Rafa Monte Edilebilir D\u00fcz Paneller ile Kurulumunuzu Kolayla\u015ft\u0131r\u0131n<\/h3>\n<p>G\u00f6rsel-i\u015fitsel veya BT ekipmanlar\u0131n\u0131z\u0131 d\u00fczenlemek hi\u00e7 bu kadar kolay olmam\u0131\u015ft\u0131 <strong>SX<\/strong>'s <a href=\"https:\/\/sxpowercase.com\/product\/rack-mountable-flat-raf101\/\"><strong>Rafa Monte Edilebilir D\u00fcz<\/strong><\/a> paneller. Bu paneller \u015f\u0131k bir tasar\u0131m sunarak \u00e7al\u0131\u015fma alan\u0131n\u0131z\u0131 d\u00fczenli ve eri\u015filebilir tutman\u0131za yard\u0131mc\u0131 olur. Ekipman\u0131 g\u00fcvenli ve verimli bir \u015fekilde monte etmek i\u00e7in m\u00fckemmel bir \u00e7\u00f6z\u00fcmd\u00fcr ve ekipman\u0131n\u0131z\u0131n gereksiz yer kaplamadan yerinde kalmas\u0131n\u0131 sa\u011flar.<\/p>\n<h3>Dayan\u0131kl\u0131l\u0131k ve G\u00fcvenilirlik i\u00e7in \u00dcretildi<\/h3>\n<p>Uzun \u00f6m\u00fcrl\u00fc performans s\u00f6z konusu oldu\u011funda, <strong><a title=\"SX\" href=\"https:\/\/sxpowercase.com\/\" target=\"_blank\" rel=\"noopener\" data-wpil-monitor-id=\"760\">SX<\/a><\/strong> teslim eder. Bizim <strong>Rafa Monte Edilebilir D\u00fcz<\/strong> paneller, zorlu ortamlarda g\u00fcnl\u00fck kullan\u0131ma dayanacak \u015fekilde tasarlanm\u0131\u015f y\u00fcksek kaliteli malzemelerden \u00fcretilmi\u015ftir. Sa\u011flam bir yap\u0131ya sahip olan bu paneller, sunucu odalar\u0131ndan kay\u0131t st\u00fcdyolar\u0131na kadar \u00e7ok \u00e7e\u015fitli profesyonel kurulumlar i\u00e7in gereken g\u00fcc\u00fc ve deste\u011fi sa\u011flar.<\/p>\n<h3>Uygun Fiyatl\u0131 \u00c7\u00f6z\u00fcmler i\u00e7in Fabrika Do\u011frudan Fiyatland\u0131rmas\u0131<\/h3>\n<p>\u015eu anda <strong>SX<\/strong>rekabet\u00e7i fiyatlarla birinci s\u0131n\u0131f \u00fcr\u00fcnler sunmaya inan\u0131yoruz. Teklif ederek <strong>Rafa Monte Edilebilir D\u00fcz<\/strong> panelleri do\u011frudan fabrikadan temin ederek m\u00fc\u015fterilerimizin m\u00fcmk\u00fcn olan en iyi teklifi almas\u0131n\u0131 sa\u011fl\u0131yoruz. Bu maliyet tasarrufu yakla\u015f\u0131m\u0131, i\u015fletmelerin a\u015f\u0131r\u0131 harcama yapmadan kaliteli ekipmana yat\u0131r\u0131m yapmas\u0131na olanak tan\u0131yarak <strong>SX<\/strong> b\u00fct\u00e7e bilincine sahip profesyoneller i\u00e7in ideal se\u00e7imdir.<\/p>\n<h3>Herhangi Bir Raf Sistemine Kolay Entegrasyon<\/h3>\n<p>Standart raflara uyacak \u015fekilde tasarlanm\u0131\u015ft\u0131r, <strong>SX Rafa Monte Edilebilir D\u00fcz<\/strong> panellerin kurulumu son derece kolayd\u0131r. Karma\u015f\u0131k bir kurulum gerektirmeyen bu paneller, mevcut altyap\u0131n\u0131za sorunsuz bir \u015fekilde dahil edilebilir. D\u00fcz tasar\u0131mlar\u0131 yaln\u0131zca yerden tasarruf etmekle kalmaz, ayn\u0131 zamanda kablo y\u00f6netimini de iyile\u015ftirerek kurulumunuzu d\u00fczenli ve da\u011f\u0131n\u0131kl\u0131ktan uzak tutar.<\/p>\n<h3>Sekt\u00f6r Profesyonelleri Taraf\u0131ndan G\u00fcvenilen<\/h3>\n<p>D\u00fcnyan\u0131n d\u00f6rt bir yan\u0131ndaki profesyoneller g\u00fcveniyor <strong>SX<\/strong> ekipman ihtiya\u00e7lar\u0131 i\u00e7in. Bizim <strong>Rafa Monte Edilebilir D\u00fcz<\/strong> Paneller dayan\u0131kl\u0131l\u0131klar\u0131, uygun maliyetleri ve kullan\u0131m kolayl\u0131klar\u0131 ile bilinir; bu da onlar\u0131 yay\u0131nc\u0131l\u0131k, BT ve canl\u0131 etkinlik prod\u00fcksiyonu gibi sekt\u00f6rlerde pop\u00fcler bir se\u00e7im haline getirir. Alan\u0131n\u0131z ne olursa olsun, <strong>SX<\/strong> g\u00fcvenebilece\u011finiz g\u00fcvenilir \u00e7\u00f6z\u00fcmler sunar.<\/p>\n<h3>G\u00fcvenebilece\u011finiz Kalite ve De\u011fer<\/h3>\n<p>ile <strong>SX<\/strong>bir \u00fcr\u00fcnden daha fazlas\u0131n\u0131 elde edersiniz - kalite ve de\u011fer elde edersiniz. Bizim <strong>Rafa Monte Edilebilir Daireler<\/strong> paneller, bankay\u0131 sarsmayacak bir fiyatla uzun \u00f6m\u00fcrl\u00fc dayan\u0131kl\u0131l\u0131k sunar. \u0130ster yeni bir st\u00fcdyo kuruyor ister mevcut sisteminizi y\u00fckseltiyor olun, <strong>SX<\/strong> ba\u015far\u0131l\u0131 olmak i\u00e7in ihtiya\u00e7 duydu\u011funuz g\u00fcvenilir ve uygun maliyetli \u00e7\u00f6z\u00fcmleri sunar.<\/p>\n<p>Se\u00e7in <strong>SX Rafa Monte Edilebilir Daireler<\/strong> panelleri ile bir sonraki projeniz i\u00e7in kalite, fiyat ve performans\u0131n m\u00fckemmel dengesini deneyimleyin.<\/p>\n<ol>\n<li>Hemen \u0130leti\u015fime Ge\u00e7in:<span style=\"color: #0000ff;\"><a style=\"color: #0000ff;\" href=\"https:\/\/sxpowercase.com\/contact-us\/\">https:\/\/sxpowercase.com\/<\/a><\/span><\/li>\n<li>Donan\u0131m \u00dcr\u00fcn Katalo\u011fu\uff1a<span style=\"color: #0000ff;\"><a style=\"color: #0000ff;\" href=\"https:\/\/sxpowercase.com\/wp-content\/uploads\/2024\/07\/\u4e94\u91d1.pdf\">Donan\u0131m aksesuarlar\u0131 katalo\u011fu<\/a><\/span><\/li>\n<\/ol>","protected":false},"excerpt":{"rendered":"<h3>SX Rafa Monte Edilebilir D\u00fcz Panellerle Alan\u0131 Maksimize Edin<\/h3>\n<p>SX Rafa Monte Edilebilir D\u00fcz Paneller, g\u00f6rsel-i\u015fitsel veya BT ekipmanlar\u0131n\u0131z\u0131 d\u00fczenlemek i\u00e7in \u015f\u0131k, yerden tasarruf sa\u011flayan bir \u00e7\u00f6z\u00fcm sunarak verimlilik ve kolay eri\u015fim sa\u011flar.<\/p>\n<h3>Dayan\u0131kl\u0131 ve Uygun Maliyetli<\/h3>\n<p>Y\u00fcksek kaliteli malzemelerden \u00fcretilen bu paneller uzun \u00f6m\u00fcrl\u00fc dayan\u0131kl\u0131l\u0131k sa\u011flar. Fabrikadan do\u011frudan fiyatland\u0131rma, daha d\u00fc\u015f\u00fck maliyetle \u00fcst\u00fcn kalite sa\u011flayarak SX'i b\u00fct\u00e7e dostu bir se\u00e7im haline getirir.<\/p>\n<h3>Her Kurulum i\u00e7in Kolay Kurulum<\/h3>\n<p>Standart raflar i\u00e7in tasarlanan SX panellerin kurulumu h\u0131zl\u0131d\u0131r ve kablo y\u00f6netimini kolayla\u015ft\u0131rmaya yard\u0131mc\u0131 olarak herhangi bir profesyonel veya ev kurulumunun organizasyonunu geli\u015ftirir.<\/p>","protected":false},"featured_media":4296,"comment_status":"open","ping_status":"closed","template":"","meta":[],"product_brand":[],"product_cat":[66],"product_tag":[],"class_list":{"0":"post-4424","1":"product","2":"type-product","3":"status-publish","4":"has-post-thumbnail","6":"product_cat-rack-hardware","8":"first","9":"instock","10":"shipping-taxable","11":"product-type-simple"},"yoast_head":"<!-- This site is optimized with the Yoast SEO Premium plugin v27.1 (Yoast SEO v27.2) - https:\/\/yoast.com\/product\/yoast-seo-premium-wordpress\/ -->\n<title>Rack Mountable Flat RAF102 - https:\/\/sxflightcase.com \ud83d\udc97<\/title>\n<meta name=\"description\" content=\"Rack mountable flat, factory direct! Durable and high-quality flat panels for securely mounting equipment in racks. Perfect for professional setups, ensuring stability and efficient space use.\" \/>\n<meta name=\"robots\" content=\"index, follow, max-snippet:-1, max-image-preview:large, max-video-preview:-1\" \/>\n<link rel=\"canonical\" href=\"https:\/\/sxflightcase.com\/tr\/urun\/rafa-monte-edilebilir-duz-raf102-2\/\" \/>\n<meta property=\"og:locale\" content=\"tr_TR\" \/>\n<meta property=\"og:type\" content=\"article\" \/>\n<meta property=\"og:title\" content=\"Rack Mountable Flat RAF102\" \/>\n<meta property=\"og:description\" content=\"Rack mountable flat, factory direct! Durable and high-quality flat panels for securely mounting equipment in racks. Perfect for professional setups, ensuring stability and efficient space use.\" \/>\n<meta property=\"og:url\" content=\"https:\/\/sxflightcase.com\/tr\/urun\/rafa-monte-edilebilir-duz-raf102-2\/\" \/>\n<meta property=\"og:site_name\" content=\"https:\/\/sxflightcase.com\" \/>\n<meta property=\"article:publisher\" content=\"https:\/\/www.facebook.com\/profile.php?id=61560407257971\" \/>\n<meta property=\"article:modified_time\" content=\"2024-09-14T06:16:54+00:00\" \/>\n<meta property=\"og:image\" content=\"https:\/\/sxflightcase.com\/wp-content\/uploads\/2024\/09\/RAF102.jpg\" \/>\n\t<meta property=\"og:image:width\" content=\"700\" \/>\n\t<meta property=\"og:image:height\" content=\"700\" \/>\n\t<meta property=\"og:image:type\" content=\"image\/jpeg\" \/>\n<meta name=\"twitter:card\" content=\"summary_large_image\" \/>\n<meta name=\"twitter:label1\" content=\"Tahmini okuma s\u00fcresi\" \/>\n\t<meta name=\"twitter:data1\" content=\"3 dakika\" \/>\n<script type=\"application\/ld+json\" class=\"yoast-schema-graph\">{\"@context\":\"https:\/\/schema.org\",\"@graph\":[{\"@type\":\"WebPage\",\"@id\":\"https:\/\/sxflightcase.com\/tr\/urun\/rafa-monte-edilebilir-duz-raf102-2\/\",\"url\":\"https:\/\/sxflightcase.com\/tr\/urun\/rafa-monte-edilebilir-duz-raf102-2\/\",\"name\":\"Rack Mountable Flat RAF102 - https:\/\/sxflightcase.com \ud83d\udc97\",\"isPartOf\":{\"@id\":\"https:\/\/sxflightcase.com\/th\/#website\"},\"primaryImageOfPage\":{\"@id\":\"https:\/\/sxflightcase.com\/tr\/urun\/rafa-monte-edilebilir-duz-raf102-2\/#primaryimage\"},\"image\":{\"@id\":\"https:\/\/sxflightcase.com\/tr\/urun\/rafa-monte-edilebilir-duz-raf102-2\/#primaryimage\"},\"thumbnailUrl\":\"https:\/\/sxflightcase.com\/wp-content\/uploads\/2024\/09\/RAF102.jpg\",\"datePublished\":\"2024-09-14T06:16:40+00:00\",\"dateModified\":\"2024-09-14T06:16:54+00:00\",\"description\":\"Rack mountable flat, factory direct! Durable and high-quality flat panels for securely mounting equipment in racks. Perfect for professional setups, ensuring stability and efficient space use.\",\"breadcrumb\":{\"@id\":\"https:\/\/sxflightcase.com\/tr\/urun\/rafa-monte-edilebilir-duz-raf102-2\/#breadcrumb\"},\"inLanguage\":\"tr\",\"potentialAction\":[{\"@type\":\"ReadAction\",\"target\":[\"https:\/\/sxflightcase.com\/tr\/urun\/rafa-monte-edilebilir-duz-raf102-2\/\"]}]},{\"@type\":\"ImageObject\",\"inLanguage\":\"tr\",\"@id\":\"https:\/\/sxflightcase.com\/tr\/urun\/rafa-monte-edilebilir-duz-raf102-2\/#primaryimage\",\"url\":\"https:\/\/sxflightcase.com\/wp-content\/uploads\/2024\/09\/RAF102.jpg\",\"contentUrl\":\"https:\/\/sxflightcase.com\/wp-content\/uploads\/2024\/09\/RAF102.jpg\",\"width\":700,\"height\":700,\"caption\":\"Rack Mountable Flat\"},{\"@type\":\"BreadcrumbList\",\"@id\":\"https:\/\/sxflightcase.com\/tr\/urun\/rafa-monte-edilebilir-duz-raf102-2\/#breadcrumb\",\"itemListElement\":[{\"@type\":\"ListItem\",\"position\":1,\"name\":\"Home\",\"item\":\"https:\/\/sxflightcase.com\/\"},{\"@type\":\"ListItem\",\"position\":2,\"name\":\"\u0e2a\u0e34\u0e19\u0e04\u0e49\u0e32\",\"item\":\"https:\/\/sxflightcase.com\/th\/shop\/\"},{\"@type\":\"ListItem\",\"position\":3,\"name\":\"Rack Mountable Flat RAF102\"}]},{\"@type\":\"WebSite\",\"@id\":\"https:\/\/sxflightcase.com\/th\/#website\",\"url\":\"https:\/\/sxflightcase.com\/th\/\",\"name\":\"sxpowercase.com\",\"description\":\"Flight Case Factory\",\"publisher\":{\"@id\":\"https:\/\/sxflightcase.com\/th\/#organization\"},\"potentialAction\":[{\"@type\":\"SearchAction\",\"target\":{\"@type\":\"EntryPoint\",\"urlTemplate\":\"https:\/\/sxflightcase.com\/th\/?s={search_term_string}\"},\"query-input\":{\"@type\":\"PropertyValueSpecification\",\"valueRequired\":true,\"valueName\":\"search_term_string\"}}],\"inLanguage\":\"tr\"},{\"@type\":\"Organization\",\"@id\":\"https:\/\/sxflightcase.com\/th\/#organization\",\"name\":\"sxpowercase.com\",\"url\":\"https:\/\/sxflightcase.com\/th\/\",\"logo\":{\"@type\":\"ImageObject\",\"inLanguage\":\"tr\",\"@id\":\"https:\/\/sxflightcase.com\/th\/#\/schema\/logo\/image\/\",\"url\":\"https:\/\/sxflightcase.com\/wp-content\/uploads\/2024\/04\/1713919036007.jpg\",\"contentUrl\":\"https:\/\/sxflightcase.com\/wp-content\/uploads\/2024\/04\/1713919036007.jpg\",\"width\":382,\"height\":388,\"caption\":\"sxpowercase.com\"},\"image\":{\"@id\":\"https:\/\/sxflightcase.com\/th\/#\/schema\/logo\/image\/\"},\"sameAs\":[\"https:\/\/www.facebook.com\/profile.php?id=61560407257971\"],\"numberOfEmployees\":{\"@type\":\"QuantitativeValue\",\"minValue\":\"11\",\"maxValue\":\"50\"}}]}<\/script>\n<!-- \/ Yoast SEO Premium plugin. -->","yoast_head_json":{"title":"Rack Mountable Flat RAF102 - https:\/\/sxflightcase.com \ud83d\udc97","description":"Kabine monte edilebilir d\u00fcz, do\u011frudan fabrika \u00e7\u0131k\u0131\u015f\u0131! Ekipman\u0131 raflara g\u00fcvenli bir \u015fekilde monte etmek i\u00e7in dayan\u0131kl\u0131 ve y\u00fcksek kaliteli d\u00fcz paneller. Profesyonel kurulumlar i\u00e7in m\u00fckemmeldir, stabilite ve verimli alan kullan\u0131m\u0131 sa\u011flar.","robots":{"index":"index","follow":"follow","max-snippet":"max-snippet:-1","max-image-preview":"max-image-preview:large","max-video-preview":"max-video-preview:-1"},"canonical":"https:\/\/sxflightcase.com\/tr\/urun\/rafa-monte-edilebilir-duz-raf102-2\/","og_locale":"tr_TR","og_type":"article","og_title":"Rack Mountable Flat RAF102","og_description":"Rack mountable flat, factory direct! Durable and high-quality flat panels for securely mounting equipment in racks. Perfect for professional setups, ensuring stability and efficient space use.","og_url":"https:\/\/sxflightcase.com\/tr\/urun\/rafa-monte-edilebilir-duz-raf102-2\/","og_site_name":"https:\/\/sxflightcase.com","article_publisher":"https:\/\/www.facebook.com\/profile.php?id=61560407257971","article_modified_time":"2024-09-14T06:16:54+00:00","og_image":[{"width":700,"height":700,"url":"https:\/\/sxflightcase.com\/wp-content\/uploads\/2024\/09\/RAF102.jpg","type":"image\/jpeg"}],"twitter_card":"summary_large_image","twitter_misc":{"Tahmini okuma s\u00fcresi":"3 dakika"},"schema":{"@context":"https:\/\/schema.org","@graph":[{"@type":"WebPage","@id":"https:\/\/sxflightcase.com\/tr\/urun\/rafa-monte-edilebilir-duz-raf102-2\/","url":"https:\/\/sxflightcase.com\/tr\/urun\/rafa-monte-edilebilir-duz-raf102-2\/","name":"Rack Mountable Flat RAF102 - https:\/\/sxflightcase.com \ud83d\udc97","isPartOf":{"@id":"https:\/\/sxflightcase.com\/th\/#website"},"primaryImageOfPage":{"@id":"https:\/\/sxflightcase.com\/tr\/urun\/rafa-monte-edilebilir-duz-raf102-2\/#primaryimage"},"image":{"@id":"https:\/\/sxflightcase.com\/tr\/urun\/rafa-monte-edilebilir-duz-raf102-2\/#primaryimage"},"thumbnailUrl":"https:\/\/sxflightcase.com\/wp-content\/uploads\/2024\/09\/RAF102.jpg","datePublished":"2024-09-14T06:16:40+00:00","dateModified":"2024-09-14T06:16:54+00:00","description":"Kabine monte edilebilir d\u00fcz, do\u011frudan fabrika \u00e7\u0131k\u0131\u015f\u0131! Ekipman\u0131 raflara g\u00fcvenli bir \u015fekilde monte etmek i\u00e7in dayan\u0131kl\u0131 ve y\u00fcksek kaliteli d\u00fcz paneller. Profesyonel kurulumlar i\u00e7in m\u00fckemmeldir, stabilite ve verimli alan kullan\u0131m\u0131 sa\u011flar.","breadcrumb":{"@id":"https:\/\/sxflightcase.com\/tr\/urun\/rafa-monte-edilebilir-duz-raf102-2\/#breadcrumb"},"inLanguage":"tr","potentialAction":[{"@type":"ReadAction","target":["https:\/\/sxflightcase.com\/tr\/urun\/rafa-monte-edilebilir-duz-raf102-2\/"]}]},{"@type":"ImageObject","inLanguage":"tr","@id":"https:\/\/sxflightcase.com\/tr\/urun\/rafa-monte-edilebilir-duz-raf102-2\/#primaryimage","url":"https:\/\/sxflightcase.com\/wp-content\/uploads\/2024\/09\/RAF102.jpg","contentUrl":"https:\/\/sxflightcase.com\/wp-content\/uploads\/2024\/09\/RAF102.jpg","width":700,"height":700,"caption":"Rack Mountable Flat"},{"@type":"BreadcrumbList","@id":"https:\/\/sxflightcase.com\/tr\/urun\/rafa-monte-edilebilir-duz-raf102-2\/#breadcrumb","itemListElement":[{"@type":"ListItem","position":1,"name":"Home","item":"https:\/\/sxflightcase.com\/"},{"@type":"ListItem","position":2,"name":"\u0e2a\u0e34\u0e19\u0e04\u0e49\u0e32","item":"https:\/\/sxflightcase.com\/th\/shop\/"},{"@type":"ListItem","position":3,"name":"Rack Mountable Flat RAF102"}]},{"@type":"WebSite","@id":"https:\/\/sxflightcase.com\/th\/#website","url":"https:\/\/sxflightcase.com\/th\/","name":"sxpowercase.com","description":"U\u00e7u\u015f \u00c7antas\u0131 Fabrikas\u0131","publisher":{"@id":"https:\/\/sxflightcase.com\/th\/#organization"},"potentialAction":[{"@type":"SearchAction","target":{"@type":"EntryPoint","urlTemplate":"https:\/\/sxflightcase.com\/th\/?s={search_term_string}"},"query-input":{"@type":"PropertyValueSpecification","valueRequired":true,"valueName":"search_term_string"}}],"inLanguage":"tr"},{"@type":"Organization","@id":"https:\/\/sxflightcase.com\/th\/#organization","name":"sxpowercase.com","url":"https:\/\/sxflightcase.com\/th\/","logo":{"@type":"ImageObject","inLanguage":"tr","@id":"https:\/\/sxflightcase.com\/th\/#\/schema\/logo\/image\/","url":"https:\/\/sxflightcase.com\/wp-content\/uploads\/2024\/04\/1713919036007.jpg","contentUrl":"https:\/\/sxflightcase.com\/wp-content\/uploads\/2024\/04\/1713919036007.jpg","width":382,"height":388,"caption":"sxpowercase.com"},"image":{"@id":"https:\/\/sxflightcase.com\/th\/#\/schema\/logo\/image\/"},"sameAs":["https:\/\/www.facebook.com\/profile.php?id=61560407257971"],"numberOfEmployees":{"@type":"QuantitativeValue","minValue":"11","maxValue":"50"}}]}},"_links":{"self":[{"href":"https:\/\/sxflightcase.com\/tr\/wp-json\/wp\/v2\/product\/4424","targetHints":{"allow":["GET"]}}],"collection":[{"href":"https:\/\/sxflightcase.com\/tr\/wp-json\/wp\/v2\/product"}],"about":[{"href":"https:\/\/sxflightcase.com\/tr\/wp-json\/wp\/v2\/types\/product"}],"replies":[{"embeddable":true,"href":"https:\/\/sxflightcase.com\/tr\/wp-json\/wp\/v2\/comments?post=4424"}],"version-history":[{"count":0,"href":"https:\/\/sxflightcase.com\/tr\/wp-json\/wp\/v2\/product\/4424\/revisions"}],"wp:featuredmedia":[{"embeddable":true,"href":"https:\/\/sxflightcase.com\/tr\/wp-json\/wp\/v2\/media\/4296"}],"wp:attachment":[{"href":"https:\/\/sxflightcase.com\/tr\/wp-json\/wp\/v2\/media?parent=4424"}],"wp:term":[{"taxonomy":"product_brand","embeddable":true,"href":"https:\/\/sxflightcase.com\/tr\/wp-json\/wp\/v2\/product_brand?post=4424"},{"taxonomy":"product_cat","embeddable":true,"href":"https:\/\/sxflightcase.com\/tr\/wp-json\/wp\/v2\/product_cat?post=4424"},{"taxonomy":"product_tag","embeddable":true,"href":"https:\/\/sxflightcase.com\/tr\/wp-json\/wp\/v2\/product_tag?post=4424"}],"curies":[{"name":"wp","href":"https:\/\/api.w.org\/{rel}","templated":true}]}}