{"id":4429,"date":"2024-09-18T07:14:45","date_gmt":"2024-09-18T06:14:45","guid":{"rendered":"https:\/\/sxpowercase.com\/?post_type=product&#038;p=4429"},"modified":"2024-09-18T07:14:46","modified_gmt":"2024-09-18T06:14:46","slug":"metal-rack-filler-panel-rab403","status":"publish","type":"product","link":"https:\/\/sxflightcase.com\/tr\/urun\/metal-raf-dolgu-paneli-rab403\/","title":{"rendered":"Metal Raf Dolgu Paneli RAB403"},"content":{"rendered":"<h3>SX Metal Raf Dolgu Panelleri ile Raf Kurulumunuzu Optimize Edin<\/h3>\n<p>Profesyonel bir raf sistemi kurarken, ekipman\u0131n\u0131z\u0131 d\u00fczenli tutmak ve korumak \u00e7ok \u00f6nemlidir. Bu <a href=\"https:\/\/sxpowercase.com\/product\/rack-mountable-flat-raf102\/\"><strong>SX Metal Raf Dolgu Paneli<\/strong><\/a> raf\u0131n\u0131zdaki kullan\u0131lmayan alanlar\u0131 doldurmak i\u00e7in basit ama etkili bir \u00e7\u00f6z\u00fcmd\u00fcr. Bu paneller daha iyi hava ak\u0131\u015f\u0131 sa\u011flar, toz birikimini \u00f6nlemeye yard\u0131mc\u0131 olur ve kurulumunuz i\u00e7in temiz, profesyonel bir g\u00f6r\u00fcn\u00fcm sa\u011flar.<\/p>\n<h3>Dayan\u0131kl\u0131 ve Y\u00fcksek Kaliteli Yap\u0131<\/h3>\n<p>\u015eu anda <strong><a href=\"https:\/\/sxpowercase.com\/\" target=\"_blank\" rel=\"noopener\" title=\"SX\" data-wpil-monitor-id=\"762\">SX<\/a><\/strong>uzun \u00f6m\u00fcrl\u00fc \u00fcr\u00fcnlere duyulan ihtiyac\u0131 anl\u0131yoruz. Bizim <strong>Metal Raf Dolgu Panelleri<\/strong> \u00fcst\u00fcn dayan\u0131kl\u0131l\u0131k ve g\u00fcvenilirlik sunan birinci s\u0131n\u0131f metalden yap\u0131lm\u0131\u015ft\u0131r. A\u011f\u0131r hizmet tipi kullan\u0131ma dayanacak \u015fekilde \u00fcretilen bu dolgu panelleri, ekipman\u0131n\u0131z i\u00e7in m\u00fckemmel koruma sa\u011flarken zamana kar\u015f\u0131 dayan\u0131kl\u0131 sa\u011flam bir tasar\u0131m sunar.<\/p>\n<h3>Maksimum De\u011fer i\u00e7in Fabrika Do\u011frudan Fiyatlar\u0131<\/h3>\n<p>Se\u00e7me <strong>SX<\/strong> en kaliteli \u00fcr\u00fcnleri uygun fiyatlarla almak anlam\u0131na gelir. Fabrika do\u011frudan fiyatland\u0131rmas\u0131 ile tasarruf edersiniz <strong>Metal Raf Dolgu Paneli<\/strong> kaliteden \u00f6d\u00fcn vermeden sat\u0131n alabilirsiniz. Bu, kurulumunuzun uygun maliyetli kalmas\u0131n\u0131 sa\u011flarken, profesyonel s\u0131n\u0131f ekipmandan bekledi\u011finiz g\u00fcvenilirlik ve performans\u0131 da sunar.<\/p>\n<h3>Her Raf Sistemi i\u00e7in Kolay Kurulum<\/h3>\n<p>Rahatl\u0131k i\u00e7in tasarlanm\u0131\u015ft\u0131r, <strong>SX Metal Raf Dolgu Panelleri<\/strong> standart raf sistemlerine sorunsuzca uyum sa\u011flar. Kurulumu kolay tasar\u0131mlar\u0131, bunlar\u0131 gereken yere h\u0131zla yerle\u015ftirmenize olanak tan\u0131r ve hem esteti\u011fi hem de i\u015flevselli\u011fi geli\u015ftirmek i\u00e7in raf\u0131n\u0131zdaki bo\u015fluklar\u0131 doldurur. Paneller hava ak\u0131\u015f\u0131n\u0131 iyile\u015ftirmeye yard\u0131mc\u0131 olarak ekipman\u0131n\u0131z\u0131n serin kalmas\u0131n\u0131 ve verimli \u00e7al\u0131\u015fmas\u0131n\u0131 sa\u011flar.<\/p>\n<h3>D\u00fcnya \u00c7ap\u0131ndaki Profesyonellerin G\u00fcvendi\u011fi<\/h3>\n<p>BT'den g\u00f6rsel-i\u015fitsel sekt\u00f6re kadar \u00e7e\u015fitli sekt\u00f6rlerdeki profesyoneller <strong>SX<\/strong> raf bile\u015fenleri i\u00e7in. Bu <strong>Metal Raf Dolgu Paneli<\/strong> dayan\u0131kl\u0131l\u0131k, i\u015flevsellik ve uygun fiyat kombinasyonu nedeniyle pop\u00fcler bir se\u00e7imdir. \u0130ster bir veri merkezini y\u00f6netiyor ister bir st\u00fcdyo in\u015fa ediyor olun, <strong>SX<\/strong> ekipmanlar\u0131n\u0131z\u0131 g\u00fcvende ve d\u00fczenli tutan g\u00fcvenilir \u00e7\u00f6z\u00fcmler sunar.<\/p>\n<h3>G\u00fcvenebilece\u011finiz Kalite<\/h3>\n<p>ile <strong>SX<\/strong>rakipsiz bir fiyata \u00fcst\u00fcn kalite bekleyebilirsiniz. Bizim <strong>Metal Raf Dolgu Panelleri<\/strong> uzun \u00f6m\u00fcrl\u00fc olacak \u015fekilde \u00fcretilmi\u015ftir, bu da onlar\u0131 her profesyonel raf sisteminin \u00f6nemli bir par\u00e7as\u0131 haline getirir. Se\u00e7iniz <strong>SX<\/strong> raf dolgusu ihtiya\u00e7lar\u0131n\u0131z i\u00e7in ve b\u00fct\u00e7enizi sarsmadan m\u00fckemmel performans sunmak \u00fczere tasarlanm\u0131\u015f \u00fcr\u00fcnlerden yararlan\u0131n.<\/p>\n<p>Senin olsun <strong>SX Metal Raf Dolgu Panelleri<\/strong> bug\u00fcn sat\u0131n al\u0131n ve b\u00fct\u00e7enize uygun bir fiyatla modern, iyi organize edilmi\u015f bir raf kurulumunun keyfini \u00e7\u0131kar\u0131n.<\/p>\n<ol>\n<li>Hemen \u0130leti\u015fime Ge\u00e7in:<span style=\"color: #0000ff;\"><a style=\"color: #0000ff;\" href=\"https:\/\/sxpowercase.com\/contact-us\/\">https:\/\/sxpowercase.com\/<\/a><\/span><\/li>\n<li>Donan\u0131m \u00dcr\u00fcn Katalo\u011fu\uff1a<span style=\"color: #0000ff;\"><a style=\"color: #0000ff;\" href=\"https:\/\/sxpowercase.com\/wp-content\/uploads\/2024\/07\/\u4e94\u91d1.pdf\">Donan\u0131m aksesuarlar\u0131 katalo\u011fu<\/a><\/span><\/li>\n<\/ol>","protected":false},"excerpt":{"rendered":"<div class=\"flex max-w-full flex-col flex-grow\">\n<div class=\"min-h-[20px] text-message flex w-full flex-col items-end gap-2 whitespace-normal break-words [.text-message+&amp;]:mt-5\" dir=\"auto\" data-message-author-role=\"assistant\" data-message-id=\"38208414-a302-4391-97c9-56384cd325e8\">\n<div class=\"flex w-full flex-col gap-1 empty:hidden first:pt-[3px]\">\n<div class=\"markdown prose w-full break-words dark:prose-invert light\">\n<h3>Organize Your Rack with SX Metal Rack Filler Panels<\/h3>\n<p>SX Metal Rack Filler Panels offer a sleek solution for filling unused rack spaces, improving airflow and maintaining a professional appearance.<\/p>\n<h3>Built for Durability<\/h3>\n<p>Made from premium-grade metal, these filler panels are designed to withstand heavy-duty use, ensuring long-lasting protection for your equipment.<\/p>\n<h3>Affordable Factory Direct Pricing<\/h3>\n<p>Get top-quality rack components at competitive prices with SX\u2019s factory-direct pricing, ensuring maximum value without sacrificing performance.<\/p>\n<\/div>\n<\/div>\n<\/div>\n<\/div>\n","protected":false},"featured_media":4292,"comment_status":"open","ping_status":"closed","template":"","meta":[],"product_brand":[],"product_cat":[66],"product_tag":[],"class_list":{"0":"post-4429","1":"product","2":"type-product","3":"status-publish","4":"has-post-thumbnail","6":"product_cat-rack-hardware","8":"first","9":"instock","10":"shipping-taxable","11":"product-type-simple"},"yoast_head":"<!-- This site is optimized with the Yoast SEO Premium plugin v27.1 (Yoast SEO v27.2) - https:\/\/yoast.com\/product\/yoast-seo-premium-wordpress\/ -->\n<title>Metal Rack Filler Panel RAB403 - https:\/\/sxflightcase.com \ud83d\udc97<\/title>\n<meta name=\"description\" content=\"Metal rack filler panel, factory direct! High-quality, durable panels designed to cover empty rack spaces for a clean, professional look. Ideal for improving airflow and organization in rack setups.\" \/>\n<meta name=\"robots\" content=\"index, follow, max-snippet:-1, max-image-preview:large, max-video-preview:-1\" \/>\n<link rel=\"canonical\" href=\"https:\/\/sxflightcase.com\/tr\/urun\/metal-raf-dolgu-paneli-rab403\/\" \/>\n<meta property=\"og:locale\" content=\"tr_TR\" \/>\n<meta property=\"og:type\" content=\"article\" \/>\n<meta property=\"og:title\" content=\"Metal Rack Filler Panel RAB403\" \/>\n<meta property=\"og:description\" content=\"Metal rack filler panel, factory direct! High-quality, durable panels designed to cover empty rack spaces for a clean, professional look. Ideal for improving airflow and organization in rack setups.\" \/>\n<meta property=\"og:url\" content=\"https:\/\/sxflightcase.com\/tr\/urun\/metal-raf-dolgu-paneli-rab403\/\" \/>\n<meta property=\"og:site_name\" content=\"https:\/\/sxflightcase.com\" \/>\n<meta property=\"article:publisher\" content=\"https:\/\/www.facebook.com\/profile.php?id=61560407257971\" \/>\n<meta property=\"article:modified_time\" content=\"2024-09-18T06:14:46+00:00\" \/>\n<meta property=\"og:image\" content=\"https:\/\/sxflightcase.com\/wp-content\/uploads\/2024\/09\/RAB403.jpg\" \/>\n\t<meta property=\"og:image:width\" content=\"700\" \/>\n\t<meta property=\"og:image:height\" content=\"700\" \/>\n\t<meta property=\"og:image:type\" content=\"image\/jpeg\" \/>\n<meta name=\"twitter:card\" content=\"summary_large_image\" \/>\n<meta name=\"twitter:label1\" content=\"Tahmini okuma s\u00fcresi\" \/>\n\t<meta name=\"twitter:data1\" content=\"3 dakika\" \/>\n<script type=\"application\/ld+json\" class=\"yoast-schema-graph\">{\"@context\":\"https:\/\/schema.org\",\"@graph\":[{\"@type\":\"WebPage\",\"@id\":\"https:\/\/sxflightcase.com\/product\/metal-rack-filler-panel-rab403\/\",\"url\":\"https:\/\/sxflightcase.com\/product\/metal-rack-filler-panel-rab403\/\",\"name\":\"Metal Rack Filler Panel RAB403 - https:\/\/sxflightcase.com \ud83d\udc97\",\"isPartOf\":{\"@id\":\"https:\/\/sxflightcase.com\/th\/#website\"},\"primaryImageOfPage\":{\"@id\":\"https:\/\/sxflightcase.com\/product\/metal-rack-filler-panel-rab403\/#primaryimage\"},\"image\":{\"@id\":\"https:\/\/sxflightcase.com\/product\/metal-rack-filler-panel-rab403\/#primaryimage\"},\"thumbnailUrl\":\"https:\/\/sxflightcase.com\/wp-content\/uploads\/2024\/09\/RAB403.jpg\",\"datePublished\":\"2024-09-18T06:14:45+00:00\",\"dateModified\":\"2024-09-18T06:14:46+00:00\",\"description\":\"Metal rack filler panel, factory direct! High-quality, durable panels designed to cover empty rack spaces for a clean, professional look. Ideal for improving airflow and organization in rack setups.\",\"breadcrumb\":{\"@id\":\"https:\/\/sxflightcase.com\/product\/metal-rack-filler-panel-rab403\/#breadcrumb\"},\"inLanguage\":\"tr\",\"potentialAction\":[{\"@type\":\"ReadAction\",\"target\":[\"https:\/\/sxflightcase.com\/product\/metal-rack-filler-panel-rab403\/\"]}]},{\"@type\":\"ImageObject\",\"inLanguage\":\"tr\",\"@id\":\"https:\/\/sxflightcase.com\/product\/metal-rack-filler-panel-rab403\/#primaryimage\",\"url\":\"https:\/\/sxflightcase.com\/wp-content\/uploads\/2024\/09\/RAB403.jpg\",\"contentUrl\":\"https:\/\/sxflightcase.com\/wp-content\/uploads\/2024\/09\/RAB403.jpg\",\"width\":700,\"height\":700,\"caption\":\"Metal Rack Filler Panel\"},{\"@type\":\"BreadcrumbList\",\"@id\":\"https:\/\/sxflightcase.com\/product\/metal-rack-filler-panel-rab403\/#breadcrumb\",\"itemListElement\":[{\"@type\":\"ListItem\",\"position\":1,\"name\":\"Home\",\"item\":\"https:\/\/sxflightcase.com\/\"},{\"@type\":\"ListItem\",\"position\":2,\"name\":\"\u0e2a\u0e34\u0e19\u0e04\u0e49\u0e32\",\"item\":\"https:\/\/sxflightcase.com\/th\/shop\/\"},{\"@type\":\"ListItem\",\"position\":3,\"name\":\"Metal Rack Filler Panel RAB403\"}]},{\"@type\":\"WebSite\",\"@id\":\"https:\/\/sxflightcase.com\/th\/#website\",\"url\":\"https:\/\/sxflightcase.com\/th\/\",\"name\":\"sxpowercase.com\",\"description\":\"Flight Case Factory\",\"publisher\":{\"@id\":\"https:\/\/sxflightcase.com\/th\/#organization\"},\"potentialAction\":[{\"@type\":\"SearchAction\",\"target\":{\"@type\":\"EntryPoint\",\"urlTemplate\":\"https:\/\/sxflightcase.com\/th\/?s={search_term_string}\"},\"query-input\":{\"@type\":\"PropertyValueSpecification\",\"valueRequired\":true,\"valueName\":\"search_term_string\"}}],\"inLanguage\":\"tr\"},{\"@type\":\"Organization\",\"@id\":\"https:\/\/sxflightcase.com\/th\/#organization\",\"name\":\"sxpowercase.com\",\"url\":\"https:\/\/sxflightcase.com\/th\/\",\"logo\":{\"@type\":\"ImageObject\",\"inLanguage\":\"tr\",\"@id\":\"https:\/\/sxflightcase.com\/th\/#\/schema\/logo\/image\/\",\"url\":\"https:\/\/sxflightcase.com\/wp-content\/uploads\/2024\/04\/1713919036007.jpg\",\"contentUrl\":\"https:\/\/sxflightcase.com\/wp-content\/uploads\/2024\/04\/1713919036007.jpg\",\"width\":382,\"height\":388,\"caption\":\"sxpowercase.com\"},\"image\":{\"@id\":\"https:\/\/sxflightcase.com\/th\/#\/schema\/logo\/image\/\"},\"sameAs\":[\"https:\/\/www.facebook.com\/profile.php?id=61560407257971\"],\"numberOfEmployees\":{\"@type\":\"QuantitativeValue\",\"minValue\":\"11\",\"maxValue\":\"50\"}}]}<\/script>\n<!-- \/ Yoast SEO Premium plugin. -->","yoast_head_json":{"title":"Metal Rack Filler Panel RAB403 - https:\/\/sxflightcase.com \ud83d\udc97","description":"Metal raf dolgu paneli, do\u011frudan fabrika \u00e7\u0131k\u0131\u015f\u0131! Temiz ve profesyonel bir g\u00f6r\u00fcn\u00fcm i\u00e7in bo\u015f raf alanlar\u0131n\u0131 kapatmak \u00fczere tasarlanm\u0131\u015f y\u00fcksek kaliteli, dayan\u0131kl\u0131 paneller. Raf kurulumlar\u0131nda hava ak\u0131\u015f\u0131n\u0131 ve organizasyonu iyile\u015ftirmek i\u00e7in idealdir.","robots":{"index":"index","follow":"follow","max-snippet":"max-snippet:-1","max-image-preview":"max-image-preview:large","max-video-preview":"max-video-preview:-1"},"canonical":"https:\/\/sxflightcase.com\/tr\/urun\/metal-raf-dolgu-paneli-rab403\/","og_locale":"tr_TR","og_type":"article","og_title":"Metal Rack Filler Panel RAB403","og_description":"Metal rack filler panel, factory direct! High-quality, durable panels designed to cover empty rack spaces for a clean, professional look. Ideal for improving airflow and organization in rack setups.","og_url":"https:\/\/sxflightcase.com\/tr\/urun\/metal-raf-dolgu-paneli-rab403\/","og_site_name":"https:\/\/sxflightcase.com","article_publisher":"https:\/\/www.facebook.com\/profile.php?id=61560407257971","article_modified_time":"2024-09-18T06:14:46+00:00","og_image":[{"width":700,"height":700,"url":"https:\/\/sxflightcase.com\/wp-content\/uploads\/2024\/09\/RAB403.jpg","type":"image\/jpeg"}],"twitter_card":"summary_large_image","twitter_misc":{"Tahmini okuma s\u00fcresi":"3 dakika"},"schema":{"@context":"https:\/\/schema.org","@graph":[{"@type":"WebPage","@id":"https:\/\/sxflightcase.com\/product\/metal-rack-filler-panel-rab403\/","url":"https:\/\/sxflightcase.com\/product\/metal-rack-filler-panel-rab403\/","name":"Metal Rack Filler Panel RAB403 - https:\/\/sxflightcase.com \ud83d\udc97","isPartOf":{"@id":"https:\/\/sxflightcase.com\/th\/#website"},"primaryImageOfPage":{"@id":"https:\/\/sxflightcase.com\/product\/metal-rack-filler-panel-rab403\/#primaryimage"},"image":{"@id":"https:\/\/sxflightcase.com\/product\/metal-rack-filler-panel-rab403\/#primaryimage"},"thumbnailUrl":"https:\/\/sxflightcase.com\/wp-content\/uploads\/2024\/09\/RAB403.jpg","datePublished":"2024-09-18T06:14:45+00:00","dateModified":"2024-09-18T06:14:46+00:00","description":"Metal raf dolgu paneli, do\u011frudan fabrika \u00e7\u0131k\u0131\u015f\u0131! Temiz ve profesyonel bir g\u00f6r\u00fcn\u00fcm i\u00e7in bo\u015f raf alanlar\u0131n\u0131 kapatmak \u00fczere tasarlanm\u0131\u015f y\u00fcksek kaliteli, dayan\u0131kl\u0131 paneller. Raf kurulumlar\u0131nda hava ak\u0131\u015f\u0131n\u0131 ve organizasyonu iyile\u015ftirmek i\u00e7in idealdir.","breadcrumb":{"@id":"https:\/\/sxflightcase.com\/product\/metal-rack-filler-panel-rab403\/#breadcrumb"},"inLanguage":"tr","potentialAction":[{"@type":"ReadAction","target":["https:\/\/sxflightcase.com\/product\/metal-rack-filler-panel-rab403\/"]}]},{"@type":"ImageObject","inLanguage":"tr","@id":"https:\/\/sxflightcase.com\/product\/metal-rack-filler-panel-rab403\/#primaryimage","url":"https:\/\/sxflightcase.com\/wp-content\/uploads\/2024\/09\/RAB403.jpg","contentUrl":"https:\/\/sxflightcase.com\/wp-content\/uploads\/2024\/09\/RAB403.jpg","width":700,"height":700,"caption":"Metal Rack Filler Panel"},{"@type":"BreadcrumbList","@id":"https:\/\/sxflightcase.com\/product\/metal-rack-filler-panel-rab403\/#breadcrumb","itemListElement":[{"@type":"ListItem","position":1,"name":"Home","item":"https:\/\/sxflightcase.com\/"},{"@type":"ListItem","position":2,"name":"\u0e2a\u0e34\u0e19\u0e04\u0e49\u0e32","item":"https:\/\/sxflightcase.com\/th\/shop\/"},{"@type":"ListItem","position":3,"name":"Metal Rack Filler Panel RAB403"}]},{"@type":"WebSite","@id":"https:\/\/sxflightcase.com\/th\/#website","url":"https:\/\/sxflightcase.com\/th\/","name":"sxpowercase.com","description":"U\u00e7u\u015f \u00c7antas\u0131 Fabrikas\u0131","publisher":{"@id":"https:\/\/sxflightcase.com\/th\/#organization"},"potentialAction":[{"@type":"SearchAction","target":{"@type":"EntryPoint","urlTemplate":"https:\/\/sxflightcase.com\/th\/?s={search_term_string}"},"query-input":{"@type":"PropertyValueSpecification","valueRequired":true,"valueName":"search_term_string"}}],"inLanguage":"tr"},{"@type":"Organization","@id":"https:\/\/sxflightcase.com\/th\/#organization","name":"sxpowercase.com","url":"https:\/\/sxflightcase.com\/th\/","logo":{"@type":"ImageObject","inLanguage":"tr","@id":"https:\/\/sxflightcase.com\/th\/#\/schema\/logo\/image\/","url":"https:\/\/sxflightcase.com\/wp-content\/uploads\/2024\/04\/1713919036007.jpg","contentUrl":"https:\/\/sxflightcase.com\/wp-content\/uploads\/2024\/04\/1713919036007.jpg","width":382,"height":388,"caption":"sxpowercase.com"},"image":{"@id":"https:\/\/sxflightcase.com\/th\/#\/schema\/logo\/image\/"},"sameAs":["https:\/\/www.facebook.com\/profile.php?id=61560407257971"],"numberOfEmployees":{"@type":"QuantitativeValue","minValue":"11","maxValue":"50"}}]}},"_links":{"self":[{"href":"https:\/\/sxflightcase.com\/tr\/wp-json\/wp\/v2\/product\/4429","targetHints":{"allow":["GET"]}}],"collection":[{"href":"https:\/\/sxflightcase.com\/tr\/wp-json\/wp\/v2\/product"}],"about":[{"href":"https:\/\/sxflightcase.com\/tr\/wp-json\/wp\/v2\/types\/product"}],"replies":[{"embeddable":true,"href":"https:\/\/sxflightcase.com\/tr\/wp-json\/wp\/v2\/comments?post=4429"}],"version-history":[{"count":0,"href":"https:\/\/sxflightcase.com\/tr\/wp-json\/wp\/v2\/product\/4429\/revisions"}],"wp:featuredmedia":[{"embeddable":true,"href":"https:\/\/sxflightcase.com\/tr\/wp-json\/wp\/v2\/media\/4292"}],"wp:attachment":[{"href":"https:\/\/sxflightcase.com\/tr\/wp-json\/wp\/v2\/media?parent=4429"}],"wp:term":[{"taxonomy":"product_brand","embeddable":true,"href":"https:\/\/sxflightcase.com\/tr\/wp-json\/wp\/v2\/product_brand?post=4429"},{"taxonomy":"product_cat","embeddable":true,"href":"https:\/\/sxflightcase.com\/tr\/wp-json\/wp\/v2\/product_cat?post=4429"},{"taxonomy":"product_tag","embeddable":true,"href":"https:\/\/sxflightcase.com\/tr\/wp-json\/wp\/v2\/product_tag?post=4429"}],"curies":[{"name":"wp","href":"https:\/\/api.w.org\/{rel}","templated":true}]}}