{"id":4431,"date":"2024-09-18T07:22:10","date_gmt":"2024-09-18T06:22:10","guid":{"rendered":"https:\/\/sxpowercase.com\/?post_type=product&#038;p=4431"},"modified":"2024-09-18T07:22:11","modified_gmt":"2024-09-18T06:22:11","slug":"rack-panels-rae102","status":"publish","type":"product","link":"https:\/\/sxflightcase.com\/tr\/urun\/raf-panelleri-rae102-2\/","title":{"rendered":"Raf Panelleri RAE102"},"content":{"rendered":"<h3>SX Raf Panelleri: Raf Sisteminizi Kalite ve Uygun Fiyatla Geli\u015ftirin<\/h3>\n<p>Raf sisteminizi geli\u015ftirmek i\u00e7in g\u00fcvenilir bir yol ar\u0131yorsan\u0131z, <strong>SX <span style=\"color: #0000ff;\"><a style=\"color: #0000ff;\" href=\"https:\/\/sxpowercase.com\/product\/metal-rack-filler-panel-rac101\/\">Raf Panelleri<\/a><\/span><\/strong> ideal bir \u00e7\u00f6z\u00fcmd\u00fcr. Bu paneller, raf\u0131n\u0131zdaki kullan\u0131lmayan alanlar\u0131 kapatarak kurulumunuza daha temiz ve d\u00fczenli bir g\u00f6r\u00fcn\u00fcm kazand\u0131rmak i\u00e7in tasarlanm\u0131\u015ft\u0131r. At <strong>SX<\/strong>raf panellerimizin uzun \u00f6m\u00fcrl\u00fc koruma ve dayan\u0131kl\u0131l\u0131k sa\u011flamak i\u00e7in y\u00fcksek kaliteli malzemelerden yap\u0131lmas\u0131n\u0131 sa\u011fl\u0131yoruz.<\/p>\n<h3>Maksimum De\u011fer i\u00e7in Fabrika Do\u011frudan Fiyatland\u0131rmas\u0131<\/h3>\n<p>ile <strong><a href=\"https:\/\/sxpowercase.com\/\" target=\"_blank\" rel=\"noopener\" title=\"SX\" data-wpil-monitor-id=\"764\">SX<\/a><\/strong>, birinci s\u0131n\u0131f\u0131n tad\u0131n\u0131 \u00e7\u0131karabilirsiniz <strong>raf paneli<\/strong>\u00a0d\u00fc\u015f\u00fck fiyata. Do\u011frudan fabrika sat\u0131\u015flar\u0131 sunarak arac\u0131lar\u0131 ortadan kald\u0131r\u0131yor ve tasarruflar\u0131 size aktar\u0131yoruz. Bu, premium \u00fcr\u00fcn alaca\u011f\u0131n\u0131z anlam\u0131na gelir <strong>raf paneli<\/strong>\u00a0Piyasada tipik olarak g\u00f6r\u00fclen \u015fi\u015firilmi\u015f maliyetler olmadan. Hem kalite hem de fiyat a\u00e7\u0131s\u0131ndan ak\u0131ll\u0131ca bir yat\u0131r\u0131md\u0131r.<\/p>\n<h3>Profesyonel G\u00f6r\u00fcn\u00fcm i\u00e7in Kolay Kurulum<\/h3>\n<p>Bizim <strong>SX Raf Paneli<\/strong>\u00a0herhangi bir standart raf sistemine sorunsuz bir \u015fekilde uyacak \u015fekilde tasarlanm\u0131\u015ft\u0131r. Kurulumu h\u0131zl\u0131 ve kolayd\u0131r, kurulumunuzun g\u00f6r\u00fcn\u00fcm\u00fcn\u00fc ve i\u015flevselli\u011fini an\u0131nda geli\u015ftirmenizi sa\u011flar. \u0130ster ses, ister sunucu veya BT sistemleriyle u\u011fra\u015f\u0131yor olun, bu paneller hava ak\u0131\u015f\u0131n\u0131 ve ekipman korumas\u0131n\u0131 iyile\u015ftirirken profesyonel bir g\u00f6r\u00fcn\u00fcm olu\u015fturman\u0131za yard\u0131mc\u0131 olur.<\/p>\n<h3>Uzun \u00d6m\u00fcrl\u00fc Performans i\u00e7in Dayan\u0131kl\u0131 Malzemeler<\/h3>\n<p>Dayan\u0131kl\u0131, y\u00fcksek kaliteli metalden yap\u0131lm\u0131\u015ft\u0131r, <strong>SX Raf Paneli<\/strong>\u00a0y\u0131llarca kullan\u0131ma dayanacak \u015fekilde \u00fcretilmi\u015ftir. Ekipman\u0131n\u0131z\u0131 tozdan ve fiziksel hasardan korurken raf\u0131n\u0131zdaki optimum hava ak\u0131\u015f\u0131n\u0131 sa\u011flarlar. Bu panellere yat\u0131r\u0131m yaparak ekipman\u0131n\u0131z\u0131n g\u00fcvende kalmas\u0131n\u0131 ve zaman i\u00e7inde verimli bir \u015fekilde \u00e7al\u0131\u015fmas\u0131n\u0131 sa\u011flars\u0131n\u0131z.<\/p>\n<h3>D\u00fc\u015f\u00fck Fiyata Y\u00fcksek Kalite<\/h3>\n<p>\u015eu anda <strong>SX<\/strong>hem kalite hem de uygun fiyat sunmaktan gurur duyuyoruz. Bizim <strong>raf paneli<\/strong>\u00a0b\u00fct\u00e7e dostu kal\u0131rken profesyonel standartlar\u0131 kar\u015f\u0131layacak \u015fekilde \u00fcretilmi\u015ftir. \u0130ster k\u00fc\u00e7\u00fck bir sistemi donat\u0131yor olun, ister b\u00fcy\u00fck \u00f6l\u00e7ekli bir kurulumu y\u00f6netiyor olun, a\u015fa\u011f\u0131dakilere g\u00fcvenebilirsiniz <strong>SX<\/strong> Size en iyi \u00e7\u00f6z\u00fcm\u00fc sunmak i\u00e7in.<\/p>\n<h3>\u00c7\u00f6z\u00fcm<\/h3>\n<p>ile <strong>SX Raf Panelleri<\/strong>dayan\u0131kl\u0131, y\u00fcksek kaliteli panelleri fabrikadan direkt fiyatlarla elde edersiniz, bu da onlar\u0131 herhangi bir profesyonel raf sistemi i\u00e7in m\u00fckemmel bir se\u00e7im haline getirir. \u015eimdi sipari\u015f verin ve de\u011ferli ekipmanlar\u0131n\u0131z i\u00e7in b\u00fct\u00e7enize uygun bir fiyatla kaliteli koruman\u0131n avantajlar\u0131ndan yararlan\u0131n!<\/p>\n<ol>\n<li>Hemen \u0130leti\u015fime Ge\u00e7in:<span style=\"color: #0000ff;\"><a style=\"color: #0000ff;\" href=\"https:\/\/sxpowercase.com\/contact-us\/\">https:\/\/sxpowercase.com\/<\/a><\/span><\/li>\n<li>Donan\u0131m \u00dcr\u00fcn Katalo\u011fu\uff1a<span style=\"color: #0000ff;\"><a style=\"color: #0000ff;\" href=\"https:\/\/sxpowercase.com\/wp-content\/uploads\/2024\/07\/\u4e94\u91d1.pdf\">Donan\u0131m aksesuarlar\u0131 katalo\u011fu<\/a><\/span><\/li>\n<\/ol>","protected":false},"excerpt":{"rendered":"<h3>Raf\u0131n\u0131z\u0131 SX Raf Panelleri ile D\u00fczenleyin<\/h3>\n<p>SX Raf Panelleri, ekipman\u0131n\u0131z\u0131 korurken ve hava ak\u0131\u015f\u0131n\u0131 optimize ederken sisteminiz i\u00e7in temiz ve profesyonel bir g\u00f6r\u00fcn\u00fcm sa\u011flar.<\/p>\n<h3>En Y\u00fcksek De\u011fer i\u00e7in Fabrika Do\u011frudan Fiyatland\u0131rmas\u0131<\/h3>\n<p>\u015ei\u015firilmi\u015f maliyetler olmadan y\u00fcksek kaliteli paneller sunan SX'in fabrika do\u011frudan sat\u0131\u015flar\u0131 ile rakipsiz fiyatlarla \u00fcst\u00fcn kalitenin keyfini \u00e7\u0131kar\u0131n.<\/p>\n<h3>Dayan\u0131kl\u0131 ve Kurulumu Kolay<\/h3>\n<p>Uzun \u00f6m\u00fcrl\u00fc metalden \u00fcretilen SX Raf Panelleri, standart raflara kolay kurulum i\u00e7in tasarlanm\u0131\u015ft\u0131r ve g\u00fcvenilir koruma ve geli\u015fmi\u015f sistem performans\u0131 sa\u011flar.<\/p>","protected":false},"featured_media":4294,"comment_status":"open","ping_status":"closed","template":"","meta":[],"product_brand":[],"product_cat":[66],"product_tag":[],"class_list":{"0":"post-4431","1":"product","2":"type-product","3":"status-publish","4":"has-post-thumbnail","6":"product_cat-rack-hardware","8":"first","9":"instock","10":"shipping-taxable","11":"product-type-simple"},"yoast_head":"<!-- This site is optimized with the Yoast SEO Premium plugin v27.1 (Yoast SEO v27.2) - https:\/\/yoast.com\/product\/yoast-seo-premium-wordpress\/ -->\n<title>Rack Panels RAE102 - https:\/\/sxflightcase.com \ud83d\udc97<\/title>\n<meta name=\"description\" content=\"SX Rack Panels offer high-quality, affordable solutions for covering unused rack spaces. Easy to install and factory-direct priced for maximum value.\" \/>\n<meta name=\"robots\" content=\"index, follow, max-snippet:-1, max-image-preview:large, max-video-preview:-1\" \/>\n<link rel=\"canonical\" href=\"https:\/\/sxflightcase.com\/tr\/urun\/raf-panelleri-rae102-2\/\" \/>\n<meta property=\"og:locale\" content=\"tr_TR\" \/>\n<meta property=\"og:type\" content=\"article\" \/>\n<meta property=\"og:title\" content=\"Rack Panels RAE102\" \/>\n<meta property=\"og:description\" content=\"SX Rack Panels offer high-quality, affordable solutions for covering unused rack spaces. Easy to install and factory-direct priced for maximum value.\" \/>\n<meta property=\"og:url\" content=\"https:\/\/sxflightcase.com\/tr\/urun\/raf-panelleri-rae102-2\/\" \/>\n<meta property=\"og:site_name\" content=\"https:\/\/sxflightcase.com\" \/>\n<meta property=\"article:publisher\" content=\"https:\/\/www.facebook.com\/profile.php?id=61560407257971\" \/>\n<meta property=\"article:modified_time\" content=\"2024-09-18T06:22:11+00:00\" \/>\n<meta property=\"og:image\" content=\"https:\/\/sxflightcase.com\/wp-content\/uploads\/2024\/09\/RAE102.jpg\" \/>\n\t<meta property=\"og:image:width\" content=\"700\" \/>\n\t<meta property=\"og:image:height\" content=\"700\" \/>\n\t<meta property=\"og:image:type\" content=\"image\/jpeg\" \/>\n<meta name=\"twitter:card\" content=\"summary_large_image\" \/>\n<meta name=\"twitter:label1\" content=\"Tahmini okuma s\u00fcresi\" \/>\n\t<meta name=\"twitter:data1\" content=\"3 dakika\" \/>\n<script type=\"application\/ld+json\" class=\"yoast-schema-graph\">{\"@context\":\"https:\/\/schema.org\",\"@graph\":[{\"@type\":\"WebPage\",\"@id\":\"https:\/\/sxflightcase.com\/product\/rack-panels-rae102\/\",\"url\":\"https:\/\/sxflightcase.com\/product\/rack-panels-rae102\/\",\"name\":\"Rack Panels RAE102 - https:\/\/sxflightcase.com \ud83d\udc97\",\"isPartOf\":{\"@id\":\"https:\/\/sxflightcase.com\/th\/#website\"},\"primaryImageOfPage\":{\"@id\":\"https:\/\/sxflightcase.com\/product\/rack-panels-rae102\/#primaryimage\"},\"image\":{\"@id\":\"https:\/\/sxflightcase.com\/product\/rack-panels-rae102\/#primaryimage\"},\"thumbnailUrl\":\"https:\/\/sxflightcase.com\/wp-content\/uploads\/2024\/09\/RAE102.jpg\",\"datePublished\":\"2024-09-18T06:22:10+00:00\",\"dateModified\":\"2024-09-18T06:22:11+00:00\",\"description\":\"SX Rack Panels offer high-quality, affordable solutions for covering unused rack spaces. Easy to install and factory-direct priced for maximum value.\",\"breadcrumb\":{\"@id\":\"https:\/\/sxflightcase.com\/product\/rack-panels-rae102\/#breadcrumb\"},\"inLanguage\":\"tr\",\"potentialAction\":[{\"@type\":\"ReadAction\",\"target\":[\"https:\/\/sxflightcase.com\/product\/rack-panels-rae102\/\"]}]},{\"@type\":\"ImageObject\",\"inLanguage\":\"tr\",\"@id\":\"https:\/\/sxflightcase.com\/product\/rack-panels-rae102\/#primaryimage\",\"url\":\"https:\/\/sxflightcase.com\/wp-content\/uploads\/2024\/09\/RAE102.jpg\",\"contentUrl\":\"https:\/\/sxflightcase.com\/wp-content\/uploads\/2024\/09\/RAE102.jpg\",\"width\":700,\"height\":700,\"caption\":\"Rack Panels\"},{\"@type\":\"BreadcrumbList\",\"@id\":\"https:\/\/sxflightcase.com\/product\/rack-panels-rae102\/#breadcrumb\",\"itemListElement\":[{\"@type\":\"ListItem\",\"position\":1,\"name\":\"Home\",\"item\":\"https:\/\/sxflightcase.com\/\"},{\"@type\":\"ListItem\",\"position\":2,\"name\":\"\u0e2a\u0e34\u0e19\u0e04\u0e49\u0e32\",\"item\":\"https:\/\/sxflightcase.com\/th\/shop\/\"},{\"@type\":\"ListItem\",\"position\":3,\"name\":\"Rack Panels RAE102\"}]},{\"@type\":\"WebSite\",\"@id\":\"https:\/\/sxflightcase.com\/th\/#website\",\"url\":\"https:\/\/sxflightcase.com\/th\/\",\"name\":\"sxpowercase.com\",\"description\":\"Flight Case Factory\",\"publisher\":{\"@id\":\"https:\/\/sxflightcase.com\/th\/#organization\"},\"potentialAction\":[{\"@type\":\"SearchAction\",\"target\":{\"@type\":\"EntryPoint\",\"urlTemplate\":\"https:\/\/sxflightcase.com\/th\/?s={search_term_string}\"},\"query-input\":{\"@type\":\"PropertyValueSpecification\",\"valueRequired\":true,\"valueName\":\"search_term_string\"}}],\"inLanguage\":\"tr\"},{\"@type\":\"Organization\",\"@id\":\"https:\/\/sxflightcase.com\/th\/#organization\",\"name\":\"sxpowercase.com\",\"url\":\"https:\/\/sxflightcase.com\/th\/\",\"logo\":{\"@type\":\"ImageObject\",\"inLanguage\":\"tr\",\"@id\":\"https:\/\/sxflightcase.com\/th\/#\/schema\/logo\/image\/\",\"url\":\"https:\/\/sxflightcase.com\/wp-content\/uploads\/2024\/04\/1713919036007.jpg\",\"contentUrl\":\"https:\/\/sxflightcase.com\/wp-content\/uploads\/2024\/04\/1713919036007.jpg\",\"width\":382,\"height\":388,\"caption\":\"sxpowercase.com\"},\"image\":{\"@id\":\"https:\/\/sxflightcase.com\/th\/#\/schema\/logo\/image\/\"},\"sameAs\":[\"https:\/\/www.facebook.com\/profile.php?id=61560407257971\"],\"numberOfEmployees\":{\"@type\":\"QuantitativeValue\",\"minValue\":\"11\",\"maxValue\":\"50\"}}]}<\/script>\n<!-- \/ Yoast SEO Premium plugin. -->","yoast_head_json":{"title":"Rack Panels RAE102 - https:\/\/sxflightcase.com \ud83d\udc97","description":"SX Raf Panelleri, kullan\u0131lmayan raf alanlar\u0131n\u0131 kapatmak i\u00e7in y\u00fcksek kaliteli, uygun fiyatl\u0131 \u00e7\u00f6z\u00fcmler sunar. Kurulumu kolayd\u0131r ve maksimum de\u011fer i\u00e7in fabrikada do\u011frudan fiyatland\u0131r\u0131l\u0131r.","robots":{"index":"index","follow":"follow","max-snippet":"max-snippet:-1","max-image-preview":"max-image-preview:large","max-video-preview":"max-video-preview:-1"},"canonical":"https:\/\/sxflightcase.com\/tr\/urun\/raf-panelleri-rae102-2\/","og_locale":"tr_TR","og_type":"article","og_title":"Rack Panels RAE102","og_description":"SX Rack Panels offer high-quality, affordable solutions for covering unused rack spaces. Easy to install and factory-direct priced for maximum value.","og_url":"https:\/\/sxflightcase.com\/tr\/urun\/raf-panelleri-rae102-2\/","og_site_name":"https:\/\/sxflightcase.com","article_publisher":"https:\/\/www.facebook.com\/profile.php?id=61560407257971","article_modified_time":"2024-09-18T06:22:11+00:00","og_image":[{"width":700,"height":700,"url":"https:\/\/sxflightcase.com\/wp-content\/uploads\/2024\/09\/RAE102.jpg","type":"image\/jpeg"}],"twitter_card":"summary_large_image","twitter_misc":{"Tahmini okuma s\u00fcresi":"3 dakika"},"schema":{"@context":"https:\/\/schema.org","@graph":[{"@type":"WebPage","@id":"https:\/\/sxflightcase.com\/product\/rack-panels-rae102\/","url":"https:\/\/sxflightcase.com\/product\/rack-panels-rae102\/","name":"Rack Panels RAE102 - https:\/\/sxflightcase.com \ud83d\udc97","isPartOf":{"@id":"https:\/\/sxflightcase.com\/th\/#website"},"primaryImageOfPage":{"@id":"https:\/\/sxflightcase.com\/product\/rack-panels-rae102\/#primaryimage"},"image":{"@id":"https:\/\/sxflightcase.com\/product\/rack-panels-rae102\/#primaryimage"},"thumbnailUrl":"https:\/\/sxflightcase.com\/wp-content\/uploads\/2024\/09\/RAE102.jpg","datePublished":"2024-09-18T06:22:10+00:00","dateModified":"2024-09-18T06:22:11+00:00","description":"SX Raf Panelleri, kullan\u0131lmayan raf alanlar\u0131n\u0131 kapatmak i\u00e7in y\u00fcksek kaliteli, uygun fiyatl\u0131 \u00e7\u00f6z\u00fcmler sunar. Kurulumu kolayd\u0131r ve maksimum de\u011fer i\u00e7in fabrikada do\u011frudan fiyatland\u0131r\u0131l\u0131r.","breadcrumb":{"@id":"https:\/\/sxflightcase.com\/product\/rack-panels-rae102\/#breadcrumb"},"inLanguage":"tr","potentialAction":[{"@type":"ReadAction","target":["https:\/\/sxflightcase.com\/product\/rack-panels-rae102\/"]}]},{"@type":"ImageObject","inLanguage":"tr","@id":"https:\/\/sxflightcase.com\/product\/rack-panels-rae102\/#primaryimage","url":"https:\/\/sxflightcase.com\/wp-content\/uploads\/2024\/09\/RAE102.jpg","contentUrl":"https:\/\/sxflightcase.com\/wp-content\/uploads\/2024\/09\/RAE102.jpg","width":700,"height":700,"caption":"Rack Panels"},{"@type":"BreadcrumbList","@id":"https:\/\/sxflightcase.com\/product\/rack-panels-rae102\/#breadcrumb","itemListElement":[{"@type":"ListItem","position":1,"name":"Home","item":"https:\/\/sxflightcase.com\/"},{"@type":"ListItem","position":2,"name":"\u0e2a\u0e34\u0e19\u0e04\u0e49\u0e32","item":"https:\/\/sxflightcase.com\/th\/shop\/"},{"@type":"ListItem","position":3,"name":"Rack Panels RAE102"}]},{"@type":"WebSite","@id":"https:\/\/sxflightcase.com\/th\/#website","url":"https:\/\/sxflightcase.com\/th\/","name":"sxpowercase.com","description":"U\u00e7u\u015f \u00c7antas\u0131 Fabrikas\u0131","publisher":{"@id":"https:\/\/sxflightcase.com\/th\/#organization"},"potentialAction":[{"@type":"SearchAction","target":{"@type":"EntryPoint","urlTemplate":"https:\/\/sxflightcase.com\/th\/?s={search_term_string}"},"query-input":{"@type":"PropertyValueSpecification","valueRequired":true,"valueName":"search_term_string"}}],"inLanguage":"tr"},{"@type":"Organization","@id":"https:\/\/sxflightcase.com\/th\/#organization","name":"sxpowercase.com","url":"https:\/\/sxflightcase.com\/th\/","logo":{"@type":"ImageObject","inLanguage":"tr","@id":"https:\/\/sxflightcase.com\/th\/#\/schema\/logo\/image\/","url":"https:\/\/sxflightcase.com\/wp-content\/uploads\/2024\/04\/1713919036007.jpg","contentUrl":"https:\/\/sxflightcase.com\/wp-content\/uploads\/2024\/04\/1713919036007.jpg","width":382,"height":388,"caption":"sxpowercase.com"},"image":{"@id":"https:\/\/sxflightcase.com\/th\/#\/schema\/logo\/image\/"},"sameAs":["https:\/\/www.facebook.com\/profile.php?id=61560407257971"],"numberOfEmployees":{"@type":"QuantitativeValue","minValue":"11","maxValue":"50"}}]}},"_links":{"self":[{"href":"https:\/\/sxflightcase.com\/tr\/wp-json\/wp\/v2\/product\/4431","targetHints":{"allow":["GET"]}}],"collection":[{"href":"https:\/\/sxflightcase.com\/tr\/wp-json\/wp\/v2\/product"}],"about":[{"href":"https:\/\/sxflightcase.com\/tr\/wp-json\/wp\/v2\/types\/product"}],"replies":[{"embeddable":true,"href":"https:\/\/sxflightcase.com\/tr\/wp-json\/wp\/v2\/comments?post=4431"}],"version-history":[{"count":0,"href":"https:\/\/sxflightcase.com\/tr\/wp-json\/wp\/v2\/product\/4431\/revisions"}],"wp:featuredmedia":[{"embeddable":true,"href":"https:\/\/sxflightcase.com\/tr\/wp-json\/wp\/v2\/media\/4294"}],"wp:attachment":[{"href":"https:\/\/sxflightcase.com\/tr\/wp-json\/wp\/v2\/media?parent=4431"}],"wp:term":[{"taxonomy":"product_brand","embeddable":true,"href":"https:\/\/sxflightcase.com\/tr\/wp-json\/wp\/v2\/product_brand?post=4431"},{"taxonomy":"product_cat","embeddable":true,"href":"https:\/\/sxflightcase.com\/tr\/wp-json\/wp\/v2\/product_cat?post=4431"},{"taxonomy":"product_tag","embeddable":true,"href":"https:\/\/sxflightcase.com\/tr\/wp-json\/wp\/v2\/product_tag?post=4431"}],"curies":[{"name":"wp","href":"https:\/\/api.w.org\/{rel}","templated":true}]}}