{"id":4488,"date":"2024-09-23T08:04:04","date_gmt":"2024-09-23T07:04:04","guid":{"rendered":"https:\/\/sxpowercase.com\/?post_type=product&#038;p=4488"},"modified":"2024-09-23T08:06:58","modified_gmt":"2024-09-23T07:06:58","slug":"hinge-manufacturers-hia101","status":"publish","type":"product","link":"https:\/\/sxflightcase.com\/tr\/urun\/mentese-ureticileri-hia101\/","title":{"rendered":"Mente\u015fe \u00dcreticileri HIA101"},"content":{"rendered":"<h3>SX: Y\u00fcksek Kaliteli, Uygun Fiyatl\u0131 \u00c7\u00f6z\u00fcmler i\u00e7in G\u00fcvenilir Mente\u015fe \u00dcreticileriniz<\/h3>\n<p>S\u00f6z konusu oldu\u011funda <strong>Mente\u015fe \u00dcreticileri<\/strong>, <strong>SX<\/strong> dayan\u0131kl\u0131 ve uygun fiyatl\u0131 \u00fcr\u00fcnler sunmas\u0131yla \u00f6ne \u00e7\u0131kmaktad\u0131r. Mente\u015fe \u00e7e\u015fitlerimiz in\u015faat, mobilya ve a\u011f\u0131r ekipman gibi sekt\u00f6rlerin \u00e7e\u015fitli ihtiya\u00e7lar\u0131n\u0131 kar\u015f\u0131lamak \u00fczere tasarlanm\u0131\u015ft\u0131r. At <strong>SX<\/strong>Kaliteden \u00f6d\u00fcn vermeden rekabet\u00e7i fiyatlarla g\u00fcvenilir mente\u015feler sunan bir fabrika do\u011frudan tedarik\u00e7isi olmaktan gurur duyuyoruz.<\/p>\n<h3>Maksimum Tasarruf i\u00e7in Fabrika Do\u011frudan Fiyatland\u0131rmas\u0131<\/h3>\n<p>Se\u00e7me <strong><a title=\"SX\" href=\"https:\/\/sxpowercase.com\/\" target=\"_blank\" rel=\"noopener\" data-wpil-monitor-id=\"770\">SX<\/a><\/strong> fabrika do\u011frudan fiyatland\u0131rmas\u0131ndan yararlanmak anlam\u0131na gelir. Mente\u015feleri do\u011frudan \u00fcretiyor ve tedarik ediyoruz, arac\u0131lar\u0131 devre d\u0131\u015f\u0131 b\u0131rak\u0131yor ve m\u00fcmk\u00fcn olan en d\u00fc\u015f\u00fck fiyatlar\u0131 sunmam\u0131z\u0131 sa\u011fl\u0131yoruz. Sa\u011flayaca\u011f\u0131m\u0131z hizmetler konusunda bize g\u00fcvenebilirsiniz <strong>y\u00fcksek kaliteli mente\u015feler<\/strong> \u0130\u015fletmeniz i\u00e7in maliyetleri d\u00fc\u015f\u00fck tutarken, uzun s\u00fcre dayanacak \u015fekilde \u00fcretilmi\u015ftir. Size paran\u0131z\u0131n kar\u015f\u0131l\u0131\u011f\u0131n\u0131 en iyi \u015fekilde vermeye kararl\u0131y\u0131z.<\/p>\n<h3>G\u00fcvenebilece\u011finiz Kalite G\u00fcvencesi<\/h3>\n<p>\u015eu anda <strong>SX<\/strong>\u00dcretti\u011fimiz her mente\u015fenin titiz kalite standartlar\u0131n\u0131 kar\u015f\u0131lad\u0131\u011f\u0131ndan emin oluruz. \u0130ster a\u011f\u0131r hizmet tipi mente\u015feler ister \u00f6zel tasar\u0131mlar ar\u0131yor olun, \u00fcr\u00fcnlerimiz \u00fcst\u00fcn performans ve uzun \u00f6m\u00fcrl\u00fc dayan\u0131kl\u0131l\u0131k sunar. \u00d6nde gelen firmalardan biri olarak <strong>Mente\u015fe \u00dcreticileri<\/strong>M\u00fc\u015fterilerimize her iki d\u00fcnyan\u0131n da en iyisini sunmak i\u00e7in m\u00fckemmel i\u015f\u00e7ili\u011fi uygun fiyatla birle\u015ftirmeye inan\u0131yoruz.<\/p>\n<h3>Geni\u015f \u00d6zelle\u015ftirme Se\u00e7enekleri<\/h3>\n<p>Farkl\u0131 projelerin farkl\u0131 \u00e7\u00f6z\u00fcmler gerektirdi\u011fini biliyoruz. \u0130\u015fte bu y\u00fczden <strong>SX<\/strong> \u00f6zel ihtiya\u00e7lar\u0131n\u0131za uygun \u00f6zelle\u015ftirilebilir se\u00e7enekler de dahil olmak \u00fczere \u00e7ok \u00e7e\u015fitli mente\u015feler sunar. Gizli mente\u015felerden a\u011f\u0131r hizmet \u00e7e\u015fitlerine kadar \u00e7ok y\u00f6nl\u00fc \u00fcr\u00fcn yelpazemiz, uygulaman\u0131z i\u00e7in do\u011fru mente\u015feyi bulman\u0131z\u0131 sa\u011flar. Ayr\u0131ca, toplu sipari\u015fleri fabrika do\u011frudan fiyatland\u0131rmas\u0131yla kar\u015f\u0131layabilir, tam olarak ihtiyac\u0131n\u0131z olan\u0131 sizin i\u00e7in uygun bir fiyata alman\u0131z\u0131 sa\u011flayabiliriz.<\/p>\n<h3>Sorunsuz Entegrasyon ve Kolay Kurulum<\/h3>\n<p>Mente\u015felerimiz kolay kurulum i\u00e7in tasarlanm\u0131\u015ft\u0131r ve projelerinizde zamandan ve emekten tasarruf etmenize yard\u0131mc\u0131 olur. \u0130le <strong>SX<\/strong>Sadece y\u00fcksek kaliteli mente\u015feler sat\u0131n alm\u0131yorsunuz, verimlili\u011fe ve kullan\u0131m kolayl\u0131\u011f\u0131na da yat\u0131r\u0131m yap\u0131yorsunuz. Bu, \u00fcr\u00fcnlerimizi performans veya g\u00fc\u00e7ten \u00f6d\u00fcn vermeden h\u0131zl\u0131 montaj gerektiren i\u015fletmeler ve profesyoneller i\u00e7in m\u00fckemmel hale getirir.<\/p>\n<h3>\u00c7\u00f6z\u00fcm<\/h3>\n<p>En iyi \u015firketlerden biri olarak <strong>Mente\u015fe \u00dcreticileri<\/strong>, <strong>SX<\/strong> uygun fiyat, kalite ve \u00f6zelle\u015ftirme konular\u0131nda en iyisini sunar. Fabrika do\u011frudan fiyatland\u0131rmam\u0131z ve m\u00fc\u015fteri memnuniyetine olan ba\u011fl\u0131l\u0131\u011f\u0131m\u0131zla, ihtiya\u00e7lar\u0131n\u0131z i\u00e7in m\u00fckemmel mente\u015feleri sa\u011flamam\u0131z konusunda bize g\u00fcvenebilirsiniz. \u0130ster in\u015faat, ister mobilya veya end\u00fcstriyel kullan\u0131m i\u00e7in olsun, bize g\u00fcvenin <strong>SX<\/strong> bir sonraki mente\u015fe \u00e7\u00f6z\u00fcm\u00fcn\u00fcz\u00fc tedarik etmek i\u00e7in.<\/p>\n<ol>\n<li>Hemen \u0130leti\u015fime Ge\u00e7in:<span style=\"color: #0000ff;\"><a style=\"color: #0000ff;\" href=\"https:\/\/sxpowercase.com\/contact-us\/\">https:\/\/sxpowercase.com\/<\/a><\/span><\/li>\n<li>Donan\u0131m \u00dcr\u00fcn Katalo\u011fu\uff1a<span style=\"color: #0000ff;\"><a style=\"color: #0000ff;\" href=\"https:\/\/sxpowercase.com\/wp-content\/uploads\/2024\/07\/\u4e94\u91d1.pdf\">Donan\u0131m aksesuarlar\u0131 katalo\u011fu<\/a><\/span><\/li>\n<\/ol>","protected":false},"excerpt":{"rendered":"<h3>SX: Y\u00fcksek Kaliteli Mente\u015feler i\u00e7in G\u00fcvenilir Orta\u011f\u0131n\u0131z<\/h3>\n<p>SX, in\u015faat ve mobilya gibi sekt\u00f6rler i\u00e7in dayan\u0131kl\u0131, uygun fiyatl\u0131 mente\u015feler sa\u011flar. Do\u011frudan fabrika tedarik\u00e7isi olarak, kaliteden \u00f6d\u00fcn vermeden rekabet\u00e7i fiyatlar sa\u011fl\u0131yoruz.<\/p>\n<h3>Maksimum Tasarruf i\u00e7in Fabrika Do\u011frudan Fiyatland\u0131rmas\u0131<\/h3>\n<p>Arac\u0131lar\u0131 ortadan kald\u0131ran SX, fabrikada do\u011frudan fiyatland\u0131rma sunarak en kaliteli mente\u015feleri en d\u00fc\u015f\u00fck maliyetle teslim eder ve i\u015fletmeniz i\u00e7in en iyi de\u011feri elde etmenizi sa\u011flar.<\/p>\n<h3>Her Proje i\u00e7in \u00d6zelle\u015ftirilebilir \u00c7\u00f6z\u00fcmler<\/h3>\n<p>SX, projenizin \u00f6zel ihtiya\u00e7lar\u0131na uyacak \u015fekilde \u00f6zelle\u015ftirilebilir se\u00e7enekler de dahil olmak \u00fczere, gizli tasar\u0131mlardan a\u011f\u0131r hizmet tipi tasar\u0131mlara kadar \u00e7ok \u00e7e\u015fitli mente\u015feleri fabrika do\u011frudan fiyatlar\u0131yla sunar.<\/p>","protected":false},"featured_media":4489,"comment_status":"open","ping_status":"closed","template":"","meta":[],"product_brand":[],"product_cat":[67],"product_tag":[],"class_list":{"0":"post-4488","1":"product","2":"type-product","3":"status-publish","4":"has-post-thumbnail","6":"product_cat-hingesstays","8":"first","9":"instock","10":"shipping-taxable","11":"product-type-simple"},"yoast_head":"<!-- This site is optimized with the Yoast SEO Premium plugin v27.1 (Yoast SEO v27.2) - https:\/\/yoast.com\/product\/yoast-seo-premium-wordpress\/ -->\n<title>Hinge Manufacturers HIA101 - https:\/\/sxflightcase.com \ud83d\udc97<\/title>\n<meta name=\"description\" content=\"SX, a leading hinge manufacturer, offers durable, affordable hinges with factory-direct prices. Customization available for all industries.\" \/>\n<meta name=\"robots\" content=\"index, follow, max-snippet:-1, max-image-preview:large, max-video-preview:-1\" \/>\n<link rel=\"canonical\" href=\"https:\/\/sxflightcase.com\/tr\/produkt\/scharnierhersteller-hia101-2\/\" \/>\n<meta property=\"og:locale\" content=\"tr_TR\" \/>\n<meta property=\"og:type\" content=\"article\" \/>\n<meta property=\"og:title\" content=\"Hinge Manufacturers HIA101\" \/>\n<meta property=\"og:description\" content=\"SX, a leading hinge manufacturer, offers durable, affordable hinges with factory-direct prices. Customization available for all industries.\" \/>\n<meta property=\"og:url\" content=\"https:\/\/sxflightcase.com\/tr\/produkt\/scharnierhersteller-hia101-2\/\" \/>\n<meta property=\"og:site_name\" content=\"https:\/\/sxflightcase.com\" \/>\n<meta property=\"article:publisher\" content=\"https:\/\/www.facebook.com\/profile.php?id=61560407257971\" \/>\n<meta property=\"article:modified_time\" content=\"2024-09-23T07:06:58+00:00\" \/>\n<meta property=\"og:image\" content=\"https:\/\/sxflightcase.com\/wp-content\/uploads\/2024\/09\/HIA101.jpg\" \/>\n\t<meta property=\"og:image:width\" content=\"700\" \/>\n\t<meta property=\"og:image:height\" content=\"700\" \/>\n\t<meta property=\"og:image:type\" content=\"image\/jpeg\" \/>\n<meta name=\"twitter:card\" content=\"summary_large_image\" \/>\n<meta name=\"twitter:label1\" content=\"Tahmini okuma s\u00fcresi\" \/>\n\t<meta name=\"twitter:data1\" content=\"3 dakika\" \/>\n<script type=\"application\/ld+json\" class=\"yoast-schema-graph\">{\"@context\":\"https:\/\/schema.org\",\"@graph\":[{\"@type\":\"WebPage\",\"@id\":\"https:\/\/sxflightcase.com\/de\/produkt\/scharnierhersteller-hia101-2\/\",\"url\":\"https:\/\/sxflightcase.com\/de\/produkt\/scharnierhersteller-hia101-2\/\",\"name\":\"Hinge Manufacturers HIA101 - https:\/\/sxflightcase.com \ud83d\udc97\",\"isPartOf\":{\"@id\":\"https:\/\/sxflightcase.com\/th\/#website\"},\"primaryImageOfPage\":{\"@id\":\"https:\/\/sxflightcase.com\/de\/produkt\/scharnierhersteller-hia101-2\/#primaryimage\"},\"image\":{\"@id\":\"https:\/\/sxflightcase.com\/de\/produkt\/scharnierhersteller-hia101-2\/#primaryimage\"},\"thumbnailUrl\":\"https:\/\/sxflightcase.com\/wp-content\/uploads\/2024\/09\/HIA101.jpg\",\"datePublished\":\"2024-09-23T07:04:04+00:00\",\"dateModified\":\"2024-09-23T07:06:58+00:00\",\"description\":\"SX, a leading hinge manufacturer, offers durable, affordable hinges with factory-direct prices. Customization available for all industries.\",\"breadcrumb\":{\"@id\":\"https:\/\/sxflightcase.com\/de\/produkt\/scharnierhersteller-hia101-2\/#breadcrumb\"},\"inLanguage\":\"tr\",\"potentialAction\":[{\"@type\":\"ReadAction\",\"target\":[\"https:\/\/sxflightcase.com\/de\/produkt\/scharnierhersteller-hia101-2\/\"]}]},{\"@type\":\"ImageObject\",\"inLanguage\":\"tr\",\"@id\":\"https:\/\/sxflightcase.com\/de\/produkt\/scharnierhersteller-hia101-2\/#primaryimage\",\"url\":\"https:\/\/sxflightcase.com\/wp-content\/uploads\/2024\/09\/HIA101.jpg\",\"contentUrl\":\"https:\/\/sxflightcase.com\/wp-content\/uploads\/2024\/09\/HIA101.jpg\",\"width\":700,\"height\":700,\"caption\":\"hinge manufacturers\"},{\"@type\":\"BreadcrumbList\",\"@id\":\"https:\/\/sxflightcase.com\/de\/produkt\/scharnierhersteller-hia101-2\/#breadcrumb\",\"itemListElement\":[{\"@type\":\"ListItem\",\"position\":1,\"name\":\"Home\",\"item\":\"https:\/\/sxflightcase.com\/\"},{\"@type\":\"ListItem\",\"position\":2,\"name\":\"\u0e2a\u0e34\u0e19\u0e04\u0e49\u0e32\",\"item\":\"https:\/\/sxflightcase.com\/th\/shop\/\"},{\"@type\":\"ListItem\",\"position\":3,\"name\":\"Hinge Manufacturers HIA101\"}]},{\"@type\":\"WebSite\",\"@id\":\"https:\/\/sxflightcase.com\/th\/#website\",\"url\":\"https:\/\/sxflightcase.com\/th\/\",\"name\":\"sxpowercase.com\",\"description\":\"Flight Case Factory\",\"publisher\":{\"@id\":\"https:\/\/sxflightcase.com\/th\/#organization\"},\"potentialAction\":[{\"@type\":\"SearchAction\",\"target\":{\"@type\":\"EntryPoint\",\"urlTemplate\":\"https:\/\/sxflightcase.com\/th\/?s={search_term_string}\"},\"query-input\":{\"@type\":\"PropertyValueSpecification\",\"valueRequired\":true,\"valueName\":\"search_term_string\"}}],\"inLanguage\":\"tr\"},{\"@type\":\"Organization\",\"@id\":\"https:\/\/sxflightcase.com\/th\/#organization\",\"name\":\"sxpowercase.com\",\"url\":\"https:\/\/sxflightcase.com\/th\/\",\"logo\":{\"@type\":\"ImageObject\",\"inLanguage\":\"tr\",\"@id\":\"https:\/\/sxflightcase.com\/th\/#\/schema\/logo\/image\/\",\"url\":\"https:\/\/sxflightcase.com\/wp-content\/uploads\/2024\/04\/1713919036007.jpg\",\"contentUrl\":\"https:\/\/sxflightcase.com\/wp-content\/uploads\/2024\/04\/1713919036007.jpg\",\"width\":382,\"height\":388,\"caption\":\"sxpowercase.com\"},\"image\":{\"@id\":\"https:\/\/sxflightcase.com\/th\/#\/schema\/logo\/image\/\"},\"sameAs\":[\"https:\/\/www.facebook.com\/profile.php?id=61560407257971\"],\"numberOfEmployees\":{\"@type\":\"QuantitativeValue\",\"minValue\":\"11\",\"maxValue\":\"50\"}}]}<\/script>\n<!-- \/ Yoast SEO Premium plugin. -->","yoast_head_json":{"title":"Hinge Manufacturers HIA101 - https:\/\/sxflightcase.com \ud83d\udc97","description":"\u00d6nde gelen mente\u015fe \u00fcreticisi SX, fabrikadan direkt fiyatlarla dayan\u0131kl\u0131, uygun fiyatl\u0131 mente\u015feler sunar. T\u00fcm end\u00fcstriler i\u00e7in \u00f6zelle\u015ftirme mevcuttur.","robots":{"index":"index","follow":"follow","max-snippet":"max-snippet:-1","max-image-preview":"max-image-preview:large","max-video-preview":"max-video-preview:-1"},"canonical":"https:\/\/sxflightcase.com\/tr\/produkt\/scharnierhersteller-hia101-2\/","og_locale":"tr_TR","og_type":"article","og_title":"Hinge Manufacturers HIA101","og_description":"SX, a leading hinge manufacturer, offers durable, affordable hinges with factory-direct prices. Customization available for all industries.","og_url":"https:\/\/sxflightcase.com\/tr\/produkt\/scharnierhersteller-hia101-2\/","og_site_name":"https:\/\/sxflightcase.com","article_publisher":"https:\/\/www.facebook.com\/profile.php?id=61560407257971","article_modified_time":"2024-09-23T07:06:58+00:00","og_image":[{"width":700,"height":700,"url":"https:\/\/sxflightcase.com\/wp-content\/uploads\/2024\/09\/HIA101.jpg","type":"image\/jpeg"}],"twitter_card":"summary_large_image","twitter_misc":{"Tahmini okuma s\u00fcresi":"3 dakika"},"schema":{"@context":"https:\/\/schema.org","@graph":[{"@type":"WebPage","@id":"https:\/\/sxflightcase.com\/de\/produkt\/scharnierhersteller-hia101-2\/","url":"https:\/\/sxflightcase.com\/de\/produkt\/scharnierhersteller-hia101-2\/","name":"Hinge Manufacturers HIA101 - https:\/\/sxflightcase.com \ud83d\udc97","isPartOf":{"@id":"https:\/\/sxflightcase.com\/th\/#website"},"primaryImageOfPage":{"@id":"https:\/\/sxflightcase.com\/de\/produkt\/scharnierhersteller-hia101-2\/#primaryimage"},"image":{"@id":"https:\/\/sxflightcase.com\/de\/produkt\/scharnierhersteller-hia101-2\/#primaryimage"},"thumbnailUrl":"https:\/\/sxflightcase.com\/wp-content\/uploads\/2024\/09\/HIA101.jpg","datePublished":"2024-09-23T07:04:04+00:00","dateModified":"2024-09-23T07:06:58+00:00","description":"\u00d6nde gelen mente\u015fe \u00fcreticisi SX, fabrikadan direkt fiyatlarla dayan\u0131kl\u0131, uygun fiyatl\u0131 mente\u015feler sunar. T\u00fcm end\u00fcstriler i\u00e7in \u00f6zelle\u015ftirme mevcuttur.","breadcrumb":{"@id":"https:\/\/sxflightcase.com\/de\/produkt\/scharnierhersteller-hia101-2\/#breadcrumb"},"inLanguage":"tr","potentialAction":[{"@type":"ReadAction","target":["https:\/\/sxflightcase.com\/de\/produkt\/scharnierhersteller-hia101-2\/"]}]},{"@type":"ImageObject","inLanguage":"tr","@id":"https:\/\/sxflightcase.com\/de\/produkt\/scharnierhersteller-hia101-2\/#primaryimage","url":"https:\/\/sxflightcase.com\/wp-content\/uploads\/2024\/09\/HIA101.jpg","contentUrl":"https:\/\/sxflightcase.com\/wp-content\/uploads\/2024\/09\/HIA101.jpg","width":700,"height":700,"caption":"hinge manufacturers"},{"@type":"BreadcrumbList","@id":"https:\/\/sxflightcase.com\/de\/produkt\/scharnierhersteller-hia101-2\/#breadcrumb","itemListElement":[{"@type":"ListItem","position":1,"name":"Home","item":"https:\/\/sxflightcase.com\/"},{"@type":"ListItem","position":2,"name":"\u0e2a\u0e34\u0e19\u0e04\u0e49\u0e32","item":"https:\/\/sxflightcase.com\/th\/shop\/"},{"@type":"ListItem","position":3,"name":"Hinge Manufacturers HIA101"}]},{"@type":"WebSite","@id":"https:\/\/sxflightcase.com\/th\/#website","url":"https:\/\/sxflightcase.com\/th\/","name":"sxpowercase.com","description":"U\u00e7u\u015f \u00c7antas\u0131 Fabrikas\u0131","publisher":{"@id":"https:\/\/sxflightcase.com\/th\/#organization"},"potentialAction":[{"@type":"SearchAction","target":{"@type":"EntryPoint","urlTemplate":"https:\/\/sxflightcase.com\/th\/?s={search_term_string}"},"query-input":{"@type":"PropertyValueSpecification","valueRequired":true,"valueName":"search_term_string"}}],"inLanguage":"tr"},{"@type":"Organization","@id":"https:\/\/sxflightcase.com\/th\/#organization","name":"sxpowercase.com","url":"https:\/\/sxflightcase.com\/th\/","logo":{"@type":"ImageObject","inLanguage":"tr","@id":"https:\/\/sxflightcase.com\/th\/#\/schema\/logo\/image\/","url":"https:\/\/sxflightcase.com\/wp-content\/uploads\/2024\/04\/1713919036007.jpg","contentUrl":"https:\/\/sxflightcase.com\/wp-content\/uploads\/2024\/04\/1713919036007.jpg","width":382,"height":388,"caption":"sxpowercase.com"},"image":{"@id":"https:\/\/sxflightcase.com\/th\/#\/schema\/logo\/image\/"},"sameAs":["https:\/\/www.facebook.com\/profile.php?id=61560407257971"],"numberOfEmployees":{"@type":"QuantitativeValue","minValue":"11","maxValue":"50"}}]}},"_links":{"self":[{"href":"https:\/\/sxflightcase.com\/tr\/wp-json\/wp\/v2\/product\/4488","targetHints":{"allow":["GET"]}}],"collection":[{"href":"https:\/\/sxflightcase.com\/tr\/wp-json\/wp\/v2\/product"}],"about":[{"href":"https:\/\/sxflightcase.com\/tr\/wp-json\/wp\/v2\/types\/product"}],"replies":[{"embeddable":true,"href":"https:\/\/sxflightcase.com\/tr\/wp-json\/wp\/v2\/comments?post=4488"}],"version-history":[{"count":0,"href":"https:\/\/sxflightcase.com\/tr\/wp-json\/wp\/v2\/product\/4488\/revisions"}],"wp:featuredmedia":[{"embeddable":true,"href":"https:\/\/sxflightcase.com\/tr\/wp-json\/wp\/v2\/media\/4489"}],"wp:attachment":[{"href":"https:\/\/sxflightcase.com\/tr\/wp-json\/wp\/v2\/media?parent=4488"}],"wp:term":[{"taxonomy":"product_brand","embeddable":true,"href":"https:\/\/sxflightcase.com\/tr\/wp-json\/wp\/v2\/product_brand?post=4488"},{"taxonomy":"product_cat","embeddable":true,"href":"https:\/\/sxflightcase.com\/tr\/wp-json\/wp\/v2\/product_cat?post=4488"},{"taxonomy":"product_tag","embeddable":true,"href":"https:\/\/sxflightcase.com\/tr\/wp-json\/wp\/v2\/product_tag?post=4488"}],"curies":[{"name":"wp","href":"https:\/\/api.w.org\/{rel}","templated":true}]}}