{"id":4513,"date":"2024-09-23T08:23:50","date_gmt":"2024-09-23T07:23:50","guid":{"rendered":"https:\/\/sxpowercase.com\/?post_type=product&#038;p=4513"},"modified":"2024-09-23T08:23:55","modified_gmt":"2024-09-23T07:23:55","slug":"hinges-supplier-hia203","status":"publish","type":"product","link":"https:\/\/sxflightcase.com\/tr\/urun\/mentese-tedarikcisi-hia203-2\/","title":{"rendered":"Mente\u015fe Tedarik\u00e7isi HIA203"},"content":{"rendered":"<h3>SX: Uygun Fiyatl\u0131, Y\u00fcksek Kaliteli \u00dcr\u00fcnler Sunan Lider Mente\u015fe Tedarik\u00e7isi<\/h3>\n<p>G\u00fcvenilir bir \u015firkete ihtiyac\u0131n\u0131z oldu\u011funda <a href=\"https:\/\/sxpowercase.com\/product\/hinges-supplier-hia202\/\"><strong>mente\u015fe tedari\u0307k\u00e7i\u0307si\u0307<\/strong><\/a>, <strong>SX<\/strong> sizi koruyor. Geni\u015f mente\u015fe yelpazemiz, en kaliteli \u00fcr\u00fcnleri rekabet\u00e7i fiyatlarla alman\u0131z\u0131 sa\u011flar. Uzun y\u0131llara dayanan \u00fcretim tecr\u00fcbemizle, konutlardan end\u00fcstriyel ihtiya\u00e7lara kadar \u00e7e\u015fitli uygulamalara uygun mente\u015feler sunuyoruz.<\/p>\n<h3>Maksimum Tasarruf i\u00e7in Do\u011frudan Fabrika \u00c7\u0131k\u0131\u015fl\u0131 Fiyatlar<\/h3>\n<p>\u015eu anda <strong><a href=\"https:\/\/sxpowercase.com\/\" target=\"_blank\" rel=\"noopener\" title=\"SX\" data-wpil-monitor-id=\"773\">SX<\/a><\/strong>sa\u011flamaktan gurur duyuyoruz <strong>fabrikadan do\u011frudan fiyatland\u0131rma<\/strong>Bu da birinci s\u0131n\u0131f mente\u015feleri en uygun fiyatlarla sunmam\u0131z\u0131 sa\u011fl\u0131yor. Arac\u0131lar\u0131 devre d\u0131\u015f\u0131 b\u0131rakarak, kaliteden \u00f6d\u00fcn vermeden d\u00fc\u015f\u00fck maliyetlerin keyfini \u00e7\u0131kar\u0131rs\u0131n\u0131z. Bu, beklentilerinizi kar\u015f\u0131layan uygun maliyetli mente\u015feler alman\u0131z\u0131 sa\u011flar.<\/p>\n<h3>E\u015fsiz Dayan\u0131kl\u0131l\u0131k ve Kalite G\u00fcvencesi<\/h3>\n<p>Lider bir \u015firket olarak <strong>mente\u015fe tedari\u0307k\u00e7i\u0307si\u0307<\/strong>, <strong>SX<\/strong> t\u00fcm \u00fcr\u00fcnlerimizin dayan\u0131kl\u0131l\u0131k ve g\u00fcvenilirlik sa\u011flamak i\u00e7in s\u0131k\u0131 kalite kontrollerinden ge\u00e7ti\u011fini garanti eder. Uzun \u00f6m\u00fcrl\u00fc mente\u015feler \u00fcretmek i\u00e7in y\u00fcksek kaliteli malzemeler kullan\u0131yoruz. \u0130ster a\u011f\u0131r hizmet tipi ister dekoratif mente\u015feler ar\u0131yor olun, \u00fcr\u00fcn yelpazemiz her t\u00fcrl\u00fc uygulama i\u00e7in gereken g\u00fcc\u00fc ve performans\u0131 elde etmenizi sa\u011flar.<\/p>\n<h3>Her Projeye Uygun Geni\u015f Mente\u015fe Se\u00e7enekleri<\/h3>\n<p>Temel modellerden \u00f6zel mente\u015fe tasar\u0131mlar\u0131na kadar, <strong>SX<\/strong> \u00e7e\u015fitli se\u00e7enekler sunar <strong>y\u00fcksek kaliteli mente\u015feler<\/strong> benzersiz ihtiya\u00e7lar\u0131n\u0131z\u0131 kar\u015f\u0131lamak i\u00e7in. Koleksiyonumuz, t\u00fcm\u00fc birinci s\u0131n\u0131f performans sunmak \u00fczere tasarlanm\u0131\u015f gizli, pivot ve end\u00fcstriyel mente\u015feleri i\u00e7erir. Ayr\u0131ca projelerinizin \u00f6zel gereksinimlerini kar\u015f\u0131lamak i\u00e7in \u00f6zelle\u015ftirilebilir \u00e7\u00f6z\u00fcmler de sunuyoruz.<\/p>\n<h3>H\u0131zl\u0131, Sorunsuz Kurulum<\/h3>\n<p>Sa\u011flad\u0131\u011f\u0131m\u0131z mente\u015feler sadece uzun \u00f6m\u00fcrl\u00fc olmakla kalmay\u0131p ayn\u0131 zamanda kolay kurulum i\u00e7in de tasarlanm\u0131\u015ft\u0131r. <strong>SX<\/strong> ister b\u00fcy\u00fck \u00f6l\u00e7ekli bir in\u015faat projesi ister basit bir ev geli\u015ftirme g\u00f6revi \u00fczerinde \u00e7al\u0131\u015f\u0131yor olun, \u00fcr\u00fcnlerimizin i\u015finizi kolayla\u015ft\u0131rmas\u0131n\u0131 sa\u011flar. Mente\u015felerimiz profesyonel sonu\u00e7lar sunarken zamandan tasarruf etmenizi sa\u011flar.<\/p>\n<h3>\u00c7\u00f6z\u00fcm<\/h3>\n<p>G\u00fcvenilir bir \u015firket ararken <strong>mente\u015fe tedari\u0307k\u00e7i\u0307si\u0307<\/strong>, <strong>SX<\/strong> kalite, uygun fiyat ve dayan\u0131kl\u0131l\u0131\u011f\u0131n m\u00fckemmel bir kar\u0131\u015f\u0131m\u0131n\u0131 sunar. Fabrikadan do\u011frudan fiyatland\u0131rma ve geni\u015f \u00fcr\u00fcn yelpazesi ile t\u00fcm mente\u015fe ihtiya\u00e7lar\u0131n\u0131z i\u00e7in g\u00fcvenilir bir tercihiz.<\/p>\n<ol>\n<li>Hemen \u0130leti\u015fime Ge\u00e7in:<span style=\"color: #0000ff;\"><a style=\"color: #0000ff;\" href=\"https:\/\/sxpowercase.com\/contact-us\/\">https:\/\/sxpowercase.com\/<\/a><\/span><\/li>\n<li>Donan\u0131m \u00dcr\u00fcn Katalo\u011fu\uff1a<span style=\"color: #0000ff;\"><a style=\"color: #0000ff;\" href=\"https:\/\/sxpowercase.com\/wp-content\/uploads\/2024\/07\/\u4e94\u91d1.pdf\">Donan\u0131m aksesuarlar\u0131 katalo\u011fu<\/a><\/span><\/li>\n<\/ol>","protected":false},"excerpt":{"rendered":"<h3>SX: Kalite ve Uygun Fiyat i\u00e7in G\u00fcvenilir Mente\u015fe Tedarik\u00e7iniz<\/h3>\n<p>SX end\u00fcstriyel, konut ve ticari kullan\u0131m i\u00e7in dayan\u0131kl\u0131, y\u00fcksek kaliteli mente\u015feler sunar. Rekabet\u00e7i fiyatland\u0131rmay\u0131 s\u00fcrd\u00fcr\u00fcrken kat\u0131 standartlar\u0131 kar\u015f\u0131l\u0131yoruz.<\/p>\n<h3>Maliyet Tasarrufu i\u00e7in Fabrika Do\u011frudan Fiyatland\u0131rmas\u0131<\/h3>\n<p>Arac\u0131lar\u0131 ortadan kald\u0131ran SX, fabrikadan do\u011frudan fiyatland\u0131rma sa\u011flayarak birinci s\u0131n\u0131f mente\u015feleri en d\u00fc\u015f\u00fck fiyatlarla alman\u0131z\u0131 sa\u011flar ve kaliteyi uygun fiyatl\u0131 hale getirir.<\/p>\n<h3>\u00dcst\u00fcn Kalite ve Kolay Kurulum<\/h3>\n<p>SX, dayan\u0131kl\u0131 mente\u015feleri garanti eder, uzun \u00f6m\u00fcrl\u00fcd\u00fcr ve h\u0131zl\u0131, sorunsuz kurulum i\u00e7in tasarlanm\u0131\u015ft\u0131r, zamandan tasarruf sa\u011flar ve profesyonel sonu\u00e7lar sunar.<\/p>","protected":false},"featured_media":4492,"comment_status":"open","ping_status":"closed","template":"","meta":[],"product_brand":[],"product_cat":[67],"product_tag":[],"class_list":{"0":"post-4513","1":"product","2":"type-product","3":"status-publish","4":"has-post-thumbnail","6":"product_cat-hingesstays","8":"first","9":"instock","10":"shipping-taxable","11":"product-type-simple"},"yoast_head":"<!-- This site is optimized with the Yoast SEO Premium plugin v27.1 (Yoast SEO v27.2) - https:\/\/yoast.com\/product\/yoast-seo-premium-wordpress\/ -->\n<title>Hinges Supplier HIA203 - https:\/\/sxflightcase.com \ud83d\udc97<\/title>\n<meta name=\"description\" content=\"Find the best hinges supplier with SX, offering affordable, durable products at factory-direct prices. Explore our high-quality selection for any project.\" \/>\n<meta name=\"robots\" content=\"index, follow, max-snippet:-1, max-image-preview:large, max-video-preview:-1\" \/>\n<link rel=\"canonical\" href=\"https:\/\/sxflightcase.com\/tr\/urun\/mentese-tedarikcisi-hia203-2\/\" \/>\n<meta property=\"og:locale\" content=\"tr_TR\" \/>\n<meta property=\"og:type\" content=\"article\" \/>\n<meta property=\"og:title\" content=\"Hinges Supplier HIA203\" \/>\n<meta property=\"og:description\" content=\"Find the best hinges supplier with SX, offering affordable, durable products at factory-direct prices. Explore our high-quality selection for any project.\" \/>\n<meta property=\"og:url\" content=\"https:\/\/sxflightcase.com\/tr\/urun\/mentese-tedarikcisi-hia203-2\/\" \/>\n<meta property=\"og:site_name\" content=\"https:\/\/sxflightcase.com\" \/>\n<meta property=\"article:publisher\" content=\"https:\/\/www.facebook.com\/profile.php?id=61560407257971\" \/>\n<meta property=\"article:modified_time\" content=\"2024-09-23T07:23:55+00:00\" \/>\n<meta property=\"og:image\" content=\"https:\/\/sxflightcase.com\/wp-content\/uploads\/2024\/09\/HIA203.jpg\" \/>\n\t<meta property=\"og:image:width\" content=\"700\" \/>\n\t<meta property=\"og:image:height\" content=\"700\" \/>\n\t<meta property=\"og:image:type\" content=\"image\/jpeg\" \/>\n<meta name=\"twitter:card\" content=\"summary_large_image\" \/>\n<meta name=\"twitter:label1\" content=\"Tahmini okuma s\u00fcresi\" \/>\n\t<meta name=\"twitter:data1\" content=\"2 dakika\" \/>\n<script type=\"application\/ld+json\" class=\"yoast-schema-graph\">{\"@context\":\"https:\/\/schema.org\",\"@graph\":[{\"@type\":\"WebPage\",\"@id\":\"https:\/\/sxflightcase.com\/product\/hinges-supplier-hia203\/\",\"url\":\"https:\/\/sxflightcase.com\/product\/hinges-supplier-hia203\/\",\"name\":\"Hinges Supplier HIA203 - https:\/\/sxflightcase.com \ud83d\udc97\",\"isPartOf\":{\"@id\":\"https:\/\/sxflightcase.com\/th\/#website\"},\"primaryImageOfPage\":{\"@id\":\"https:\/\/sxflightcase.com\/product\/hinges-supplier-hia203\/#primaryimage\"},\"image\":{\"@id\":\"https:\/\/sxflightcase.com\/product\/hinges-supplier-hia203\/#primaryimage\"},\"thumbnailUrl\":\"https:\/\/sxflightcase.com\/wp-content\/uploads\/2024\/09\/HIA203.jpg\",\"datePublished\":\"2024-09-23T07:23:50+00:00\",\"dateModified\":\"2024-09-23T07:23:55+00:00\",\"description\":\"Find the best hinges supplier with SX, offering affordable, durable products at factory-direct prices. Explore our high-quality selection for any project.\",\"breadcrumb\":{\"@id\":\"https:\/\/sxflightcase.com\/product\/hinges-supplier-hia203\/#breadcrumb\"},\"inLanguage\":\"tr\",\"potentialAction\":[{\"@type\":\"ReadAction\",\"target\":[\"https:\/\/sxflightcase.com\/product\/hinges-supplier-hia203\/\"]}]},{\"@type\":\"ImageObject\",\"inLanguage\":\"tr\",\"@id\":\"https:\/\/sxflightcase.com\/product\/hinges-supplier-hia203\/#primaryimage\",\"url\":\"https:\/\/sxflightcase.com\/wp-content\/uploads\/2024\/09\/HIA203.jpg\",\"contentUrl\":\"https:\/\/sxflightcase.com\/wp-content\/uploads\/2024\/09\/HIA203.jpg\",\"width\":700,\"height\":700,\"caption\":\"Hinges Supplier\"},{\"@type\":\"BreadcrumbList\",\"@id\":\"https:\/\/sxflightcase.com\/product\/hinges-supplier-hia203\/#breadcrumb\",\"itemListElement\":[{\"@type\":\"ListItem\",\"position\":1,\"name\":\"Home\",\"item\":\"https:\/\/sxflightcase.com\/\"},{\"@type\":\"ListItem\",\"position\":2,\"name\":\"\u0e2a\u0e34\u0e19\u0e04\u0e49\u0e32\",\"item\":\"https:\/\/sxflightcase.com\/th\/shop\/\"},{\"@type\":\"ListItem\",\"position\":3,\"name\":\"Hinges Supplier HIA203\"}]},{\"@type\":\"WebSite\",\"@id\":\"https:\/\/sxflightcase.com\/th\/#website\",\"url\":\"https:\/\/sxflightcase.com\/th\/\",\"name\":\"sxpowercase.com\",\"description\":\"Flight Case Factory\",\"publisher\":{\"@id\":\"https:\/\/sxflightcase.com\/th\/#organization\"},\"potentialAction\":[{\"@type\":\"SearchAction\",\"target\":{\"@type\":\"EntryPoint\",\"urlTemplate\":\"https:\/\/sxflightcase.com\/th\/?s={search_term_string}\"},\"query-input\":{\"@type\":\"PropertyValueSpecification\",\"valueRequired\":true,\"valueName\":\"search_term_string\"}}],\"inLanguage\":\"tr\"},{\"@type\":\"Organization\",\"@id\":\"https:\/\/sxflightcase.com\/th\/#organization\",\"name\":\"sxpowercase.com\",\"url\":\"https:\/\/sxflightcase.com\/th\/\",\"logo\":{\"@type\":\"ImageObject\",\"inLanguage\":\"tr\",\"@id\":\"https:\/\/sxflightcase.com\/th\/#\/schema\/logo\/image\/\",\"url\":\"https:\/\/sxflightcase.com\/wp-content\/uploads\/2024\/04\/1713919036007.jpg\",\"contentUrl\":\"https:\/\/sxflightcase.com\/wp-content\/uploads\/2024\/04\/1713919036007.jpg\",\"width\":382,\"height\":388,\"caption\":\"sxpowercase.com\"},\"image\":{\"@id\":\"https:\/\/sxflightcase.com\/th\/#\/schema\/logo\/image\/\"},\"sameAs\":[\"https:\/\/www.facebook.com\/profile.php?id=61560407257971\"],\"numberOfEmployees\":{\"@type\":\"QuantitativeValue\",\"minValue\":\"11\",\"maxValue\":\"50\"}}]}<\/script>\n<!-- \/ Yoast SEO Premium plugin. -->","yoast_head_json":{"title":"Hinges Supplier HIA203 - https:\/\/sxflightcase.com \ud83d\udc97","description":"Do\u011frudan fabrika fiyatlar\u0131yla uygun fiyatl\u0131, dayan\u0131kl\u0131 \u00fcr\u00fcnler sunan SX ile en iyi mente\u015fe tedarik\u00e7isini bulun. Her t\u00fcrl\u00fc proje i\u00e7in y\u00fcksek kaliteli se\u00e7eneklerimizi ke\u015ffedin.","robots":{"index":"index","follow":"follow","max-snippet":"max-snippet:-1","max-image-preview":"max-image-preview:large","max-video-preview":"max-video-preview:-1"},"canonical":"https:\/\/sxflightcase.com\/tr\/urun\/mentese-tedarikcisi-hia203-2\/","og_locale":"tr_TR","og_type":"article","og_title":"Hinges Supplier HIA203","og_description":"Find the best hinges supplier with SX, offering affordable, durable products at factory-direct prices. Explore our high-quality selection for any project.","og_url":"https:\/\/sxflightcase.com\/tr\/urun\/mentese-tedarikcisi-hia203-2\/","og_site_name":"https:\/\/sxflightcase.com","article_publisher":"https:\/\/www.facebook.com\/profile.php?id=61560407257971","article_modified_time":"2024-09-23T07:23:55+00:00","og_image":[{"width":700,"height":700,"url":"https:\/\/sxflightcase.com\/wp-content\/uploads\/2024\/09\/HIA203.jpg","type":"image\/jpeg"}],"twitter_card":"summary_large_image","twitter_misc":{"Tahmini okuma s\u00fcresi":"2 dakika"},"schema":{"@context":"https:\/\/schema.org","@graph":[{"@type":"WebPage","@id":"https:\/\/sxflightcase.com\/product\/hinges-supplier-hia203\/","url":"https:\/\/sxflightcase.com\/product\/hinges-supplier-hia203\/","name":"Hinges Supplier HIA203 - https:\/\/sxflightcase.com \ud83d\udc97","isPartOf":{"@id":"https:\/\/sxflightcase.com\/th\/#website"},"primaryImageOfPage":{"@id":"https:\/\/sxflightcase.com\/product\/hinges-supplier-hia203\/#primaryimage"},"image":{"@id":"https:\/\/sxflightcase.com\/product\/hinges-supplier-hia203\/#primaryimage"},"thumbnailUrl":"https:\/\/sxflightcase.com\/wp-content\/uploads\/2024\/09\/HIA203.jpg","datePublished":"2024-09-23T07:23:50+00:00","dateModified":"2024-09-23T07:23:55+00:00","description":"Do\u011frudan fabrika fiyatlar\u0131yla uygun fiyatl\u0131, dayan\u0131kl\u0131 \u00fcr\u00fcnler sunan SX ile en iyi mente\u015fe tedarik\u00e7isini bulun. Her t\u00fcrl\u00fc proje i\u00e7in y\u00fcksek kaliteli se\u00e7eneklerimizi ke\u015ffedin.","breadcrumb":{"@id":"https:\/\/sxflightcase.com\/product\/hinges-supplier-hia203\/#breadcrumb"},"inLanguage":"tr","potentialAction":[{"@type":"ReadAction","target":["https:\/\/sxflightcase.com\/product\/hinges-supplier-hia203\/"]}]},{"@type":"ImageObject","inLanguage":"tr","@id":"https:\/\/sxflightcase.com\/product\/hinges-supplier-hia203\/#primaryimage","url":"https:\/\/sxflightcase.com\/wp-content\/uploads\/2024\/09\/HIA203.jpg","contentUrl":"https:\/\/sxflightcase.com\/wp-content\/uploads\/2024\/09\/HIA203.jpg","width":700,"height":700,"caption":"Hinges Supplier"},{"@type":"BreadcrumbList","@id":"https:\/\/sxflightcase.com\/product\/hinges-supplier-hia203\/#breadcrumb","itemListElement":[{"@type":"ListItem","position":1,"name":"Home","item":"https:\/\/sxflightcase.com\/"},{"@type":"ListItem","position":2,"name":"\u0e2a\u0e34\u0e19\u0e04\u0e49\u0e32","item":"https:\/\/sxflightcase.com\/th\/shop\/"},{"@type":"ListItem","position":3,"name":"Hinges Supplier HIA203"}]},{"@type":"WebSite","@id":"https:\/\/sxflightcase.com\/th\/#website","url":"https:\/\/sxflightcase.com\/th\/","name":"sxpowercase.com","description":"U\u00e7u\u015f \u00c7antas\u0131 Fabrikas\u0131","publisher":{"@id":"https:\/\/sxflightcase.com\/th\/#organization"},"potentialAction":[{"@type":"SearchAction","target":{"@type":"EntryPoint","urlTemplate":"https:\/\/sxflightcase.com\/th\/?s={search_term_string}"},"query-input":{"@type":"PropertyValueSpecification","valueRequired":true,"valueName":"search_term_string"}}],"inLanguage":"tr"},{"@type":"Organization","@id":"https:\/\/sxflightcase.com\/th\/#organization","name":"sxpowercase.com","url":"https:\/\/sxflightcase.com\/th\/","logo":{"@type":"ImageObject","inLanguage":"tr","@id":"https:\/\/sxflightcase.com\/th\/#\/schema\/logo\/image\/","url":"https:\/\/sxflightcase.com\/wp-content\/uploads\/2024\/04\/1713919036007.jpg","contentUrl":"https:\/\/sxflightcase.com\/wp-content\/uploads\/2024\/04\/1713919036007.jpg","width":382,"height":388,"caption":"sxpowercase.com"},"image":{"@id":"https:\/\/sxflightcase.com\/th\/#\/schema\/logo\/image\/"},"sameAs":["https:\/\/www.facebook.com\/profile.php?id=61560407257971"],"numberOfEmployees":{"@type":"QuantitativeValue","minValue":"11","maxValue":"50"}}]}},"_links":{"self":[{"href":"https:\/\/sxflightcase.com\/tr\/wp-json\/wp\/v2\/product\/4513","targetHints":{"allow":["GET"]}}],"collection":[{"href":"https:\/\/sxflightcase.com\/tr\/wp-json\/wp\/v2\/product"}],"about":[{"href":"https:\/\/sxflightcase.com\/tr\/wp-json\/wp\/v2\/types\/product"}],"replies":[{"embeddable":true,"href":"https:\/\/sxflightcase.com\/tr\/wp-json\/wp\/v2\/comments?post=4513"}],"version-history":[{"count":0,"href":"https:\/\/sxflightcase.com\/tr\/wp-json\/wp\/v2\/product\/4513\/revisions"}],"wp:featuredmedia":[{"embeddable":true,"href":"https:\/\/sxflightcase.com\/tr\/wp-json\/wp\/v2\/media\/4492"}],"wp:attachment":[{"href":"https:\/\/sxflightcase.com\/tr\/wp-json\/wp\/v2\/media?parent=4513"}],"wp:term":[{"taxonomy":"product_brand","embeddable":true,"href":"https:\/\/sxflightcase.com\/tr\/wp-json\/wp\/v2\/product_brand?post=4513"},{"taxonomy":"product_cat","embeddable":true,"href":"https:\/\/sxflightcase.com\/tr\/wp-json\/wp\/v2\/product_cat?post=4513"},{"taxonomy":"product_tag","embeddable":true,"href":"https:\/\/sxflightcase.com\/tr\/wp-json\/wp\/v2\/product_tag?post=4513"}],"curies":[{"name":"wp","href":"https:\/\/api.w.org\/{rel}","templated":true}]}}