{"id":4542,"date":"2024-09-24T07:44:19","date_gmt":"2024-09-24T06:44:19","guid":{"rendered":"https:\/\/sxpowercase.com\/?post_type=product&#038;p=4542"},"modified":"2024-09-24T07:44:19","modified_gmt":"2024-09-24T06:44:19","slug":"flight-case-hinges-hic101","status":"publish","type":"product","link":"https:\/\/sxflightcase.com\/tr\/urun\/ucus-cantasi-menteseleri-hic101-2\/","title":{"rendered":"U\u00e7u\u015f Kasas\u0131 Mente\u015feleri HIC101"},"content":{"rendered":"<h3>X: G\u00fcvenilir U\u00e7u\u015f \u00c7antas\u0131 Mente\u015feleri i\u00e7in Kayna\u011f\u0131n\u0131z<\/h3>\n<p>Konu de\u011ferli ekipman\u0131n\u0131z\u0131 korumak oldu\u011funda, ekipman\u0131n\u0131z\u0131n kalitesi <span style=\"color: #0000ff;\"><a style=\"color: #0000ff;\" href=\"https:\/\/sxpowercase.com\/product\/hinges-wholesaler-hib102\/\">u\u00e7u\u015f kasas\u0131 mente\u015feleri<\/a><\/span> \u00e7ok \u00f6nemlidir. At <strong>SX<\/strong>dayan\u0131kl\u0131l\u0131k ve g\u00fcvenilirlik sa\u011flayan birinci s\u0131n\u0131f u\u00e7u\u015f \u00e7antas\u0131 mente\u015feleri sa\u011flama konusunda uzman\u0131z. \u00dcr\u00fcnlerimiz, ekipman\u0131n\u0131z\u0131 g\u00fcvende ve emniyette tutarken ta\u015f\u0131man\u0131n zorluklar\u0131na dayanacak \u015fekilde tasarlanm\u0131\u015ft\u0131r.<\/p>\n<h3>Kaliteli Mente\u015feler i\u00e7in Fabrika Do\u011frudan Fiyatland\u0131rmas\u0131<\/h3>\n<p>Lider bir tedarik\u00e7i olarak, <strong><a href=\"https:\/\/sxpowercase.com\/\" target=\"_blank\" rel=\"noopener\" title=\"SX\" data-wpil-monitor-id=\"777\">SX<\/a><\/strong> teklifler <strong>fabrika do\u011frudan fiyatland\u0131rmas\u0131<\/strong> t\u00fcm u\u00e7u\u015f kasas\u0131 mente\u015felerimizde. Bu, kaliteden \u00f6d\u00fcn vermeden rekabet\u00e7i fiyatlardan yararlanaca\u011f\u0131n\u0131z anlam\u0131na gelir. Arac\u0131lar\u0131 devre d\u0131\u015f\u0131 b\u0131rakarak, tasarruflar\u0131 do\u011frudan size aktar\u0131yoruz ve projeleriniz i\u00e7in b\u00fct\u00e7e dahilinde kalman\u0131z\u0131 kolayla\u015ft\u0131r\u0131yoruz.<\/p>\n<h3>Kalite G\u00fcvence Taahh\u00fcd\u00fc<\/h3>\n<p>\u015eu anda <strong>SX<\/strong>U\u00e7u\u015f kasas\u0131 mente\u015feleri s\u00f6z konusu oldu\u011funda kalitenin tart\u0131\u015f\u0131lmaz oldu\u011funu biliyoruz. Mente\u015felerimiz, en y\u00fcksek standartlar\u0131 kar\u015f\u0131lad\u0131klar\u0131ndan emin olmak i\u00e7in titiz kalite kontrollerinden ge\u00e7mektedir. Yaln\u0131zca dayan\u0131kl\u0131 de\u011fil ayn\u0131 zamanda g\u00fcvenilir \u00fcr\u00fcnler sunmaya kararl\u0131y\u0131z, b\u00f6ylece ekipman\u0131n\u0131z\u0131n iyi korundu\u011funu bilerek i\u00e7iniz rahat olabilir.<\/p>\n<h3>Her \u0130htiyaca Uygun \u00c7ok Y\u00f6nl\u00fc Se\u00e7enekler<\/h3>\n<p>U\u00e7u\u015f kasas\u0131 mente\u015fe serimiz \u00e7e\u015fitli uygulamalara hitap edecek \u015fekilde tasarlanm\u0131\u015ft\u0131r. \u0130ster standart mente\u015felere ister a\u011f\u0131r hizmet tipi se\u00e7eneklere ihtiyac\u0131n\u0131z olsun, <strong>SX<\/strong> sizi koruyor. Farkl\u0131 sekt\u00f6rlerdeki profesyonellerin \u00f6zel ihtiya\u00e7lar\u0131n\u0131 kar\u015f\u0131layan ve u\u00e7u\u015f \u00e7antalar\u0131n\u0131z i\u00e7in m\u00fckemmel uyumu bulman\u0131z\u0131 sa\u011flayan \u00e7e\u015fitli se\u00e7enekler sunmaktan gurur duyuyoruz.<\/p>\n<h3>Kolay Sipari\u015f ve H\u0131zl\u0131 Teslimat<\/h3>\n<p>\u015eu adresten u\u00e7u\u015f kasas\u0131 mente\u015fesi sipari\u015fi verin <strong>SX<\/strong> basit ve etkilidir. Kullan\u0131c\u0131 dostu web sitemiz, se\u00e7eneklerimize kolayca g\u00f6z atman\u0131za ve yaln\u0131zca birka\u00e7 t\u0131klamayla sipari\u015f vermenize olanak tan\u0131r. Ayr\u0131ca, h\u0131zl\u0131 teslimat konusunda kendimizle gurur duyuyoruz, b\u00f6ylece mente\u015felerinizi hemen teslim alabilir ve en iyi yapt\u0131\u011f\u0131n\u0131z i\u015fe geri d\u00f6nebilirsiniz.<\/p>\n<h3>\u00c7\u00f6z\u00fcm<\/h3>\n<p>Se\u00e7in <strong>SX<\/strong> U\u00e7u\u015f kasas\u0131 mente\u015feniz i\u00e7in bize ula\u015f\u0131n ve kalite, uygun fiyat ve rahatl\u0131\u011f\u0131n m\u00fckemmel kombinasyonunun keyfini \u00e7\u0131kar\u0131n. M\u00fc\u015fteri memnuniyetine olan ba\u011fl\u0131l\u0131\u011f\u0131m\u0131z, bizi t\u00fcm mente\u015fe ihtiya\u00e7lar\u0131n\u0131z i\u00e7in ideal bir ortak haline getirmektedir.<\/p>\n<ol>\n<li>Hemen \u0130leti\u015fime Ge\u00e7in:<span style=\"color: #0000ff;\"><a style=\"color: #0000ff;\" href=\"https:\/\/sxpowercase.com\/contact-us\/\">https:\/\/sxpowercase.com\/<\/a><\/span><\/li>\n<li>Donan\u0131m \u00dcr\u00fcn Katalo\u011fu\uff1a<span style=\"color: #0000ff;\"><a style=\"color: #0000ff;\" href=\"https:\/\/sxpowercase.com\/wp-content\/uploads\/2024\/07\/\u4e94\u91d1.pdf\">Donan\u0131m aksesuarlar\u0131 katalo\u011fu<\/a><\/span><\/li>\n<\/ol>","protected":false},"excerpt":{"rendered":"<div class=\"flex max-w-full flex-col flex-grow\">\n<div class=\"min-h-[20px] text-message flex w-full flex-col items-end gap-2 whitespace-normal break-words [.text-message+&amp;]:mt-5\" dir=\"auto\" data-message-author-role=\"assistant\" data-message-id=\"5a0f762f-b3da-4e73-8630-b5ec1058c8fc\">\n<div class=\"flex w-full flex-col gap-1 empty:hidden first:pt-[3px]\">\n<div class=\"markdown prose w-full break-words dark:prose-invert light\">\n<h3>SX: Your Source for Reliable Flight Case Hinges<\/h3>\n<p>At SX, we specialize in high-quality flight case hinges designed for durability and reliability, ensuring your equipment is safe during transport.<\/p>\n<h3>Factory Direct Pricing for Quality Hinges<\/h3>\n<p>Benefit from competitive factory direct pricing on all flight case hinges, allowing you to stay within budget without sacrificing quality.<\/p>\n<h3>Versatile Options for Every Need<\/h3>\n<p>Our diverse selection includes standard and heavy-duty hinges, catering to various applications to meet the specific needs of professionals across industries.<\/p>\n<\/div>\n<\/div>\n<\/div>\n<\/div>\n","protected":false},"featured_media":4495,"comment_status":"open","ping_status":"closed","template":"","meta":[],"product_brand":[],"product_cat":[67],"product_tag":[],"class_list":{"0":"post-4542","1":"product","2":"type-product","3":"status-publish","4":"has-post-thumbnail","6":"product_cat-hingesstays","8":"first","9":"instock","10":"shipping-taxable","11":"product-type-simple"},"yoast_head":"<!-- This site is optimized with the Yoast SEO Premium plugin v27.1 (Yoast SEO v27.2) - https:\/\/yoast.com\/product\/yoast-seo-premium-wordpress\/ -->\n<title>Flight Case Hinges HIC101 - https:\/\/sxflightcase.com \ud83d\udc97<\/title>\n<meta name=\"description\" content=\"Discover high-quality flight case hinges from SX at factory direct prices. Enjoy fast delivery and reliable quality for your equipment protection.\" \/>\n<meta name=\"robots\" content=\"index, follow, max-snippet:-1, max-image-preview:large, max-video-preview:-1\" \/>\n<link rel=\"canonical\" href=\"https:\/\/sxflightcase.com\/tr\/produk\/flight-case-hinges-hic101\/\" \/>\n<meta property=\"og:locale\" content=\"tr_TR\" \/>\n<meta property=\"og:type\" content=\"article\" \/>\n<meta property=\"og:title\" content=\"Flight Case Hinges HIC101\" \/>\n<meta property=\"og:description\" content=\"Discover high-quality flight case hinges from SX at factory direct prices. Enjoy fast delivery and reliable quality for your equipment protection.\" \/>\n<meta property=\"og:url\" content=\"https:\/\/sxflightcase.com\/tr\/produk\/flight-case-hinges-hic101\/\" \/>\n<meta property=\"og:site_name\" content=\"https:\/\/sxflightcase.com\" \/>\n<meta property=\"article:publisher\" content=\"https:\/\/www.facebook.com\/profile.php?id=61560407257971\" \/>\n<meta property=\"og:image\" content=\"https:\/\/sxflightcase.com\/wp-content\/uploads\/2024\/09\/HIC101.jpg\" \/>\n\t<meta property=\"og:image:width\" content=\"700\" \/>\n\t<meta property=\"og:image:height\" content=\"700\" \/>\n\t<meta property=\"og:image:type\" content=\"image\/jpeg\" \/>\n<meta name=\"twitter:card\" content=\"summary_large_image\" \/>\n<meta name=\"twitter:label1\" content=\"Tahmini okuma s\u00fcresi\" \/>\n\t<meta name=\"twitter:data1\" content=\"2 dakika\" \/>\n<script type=\"application\/ld+json\" class=\"yoast-schema-graph\">{\"@context\":\"https:\/\/schema.org\",\"@graph\":[{\"@type\":\"WebPage\",\"@id\":\"https:\/\/sxflightcase.com\/af\/produk\/flight-case-hinges-hic101\/\",\"url\":\"https:\/\/sxflightcase.com\/af\/produk\/flight-case-hinges-hic101\/\",\"name\":\"Flight Case Hinges HIC101 - https:\/\/sxflightcase.com \ud83d\udc97\",\"isPartOf\":{\"@id\":\"https:\/\/sxflightcase.com\/th\/#website\"},\"primaryImageOfPage\":{\"@id\":\"https:\/\/sxflightcase.com\/af\/produk\/flight-case-hinges-hic101\/#primaryimage\"},\"image\":{\"@id\":\"https:\/\/sxflightcase.com\/af\/produk\/flight-case-hinges-hic101\/#primaryimage\"},\"thumbnailUrl\":\"https:\/\/sxflightcase.com\/wp-content\/uploads\/2024\/09\/HIC101.jpg\",\"datePublished\":\"2024-09-24T06:44:19+00:00\",\"description\":\"Discover high-quality flight case hinges from SX at factory direct prices. Enjoy fast delivery and reliable quality for your equipment protection.\",\"breadcrumb\":{\"@id\":\"https:\/\/sxflightcase.com\/af\/produk\/flight-case-hinges-hic101\/#breadcrumb\"},\"inLanguage\":\"tr\",\"potentialAction\":[{\"@type\":\"ReadAction\",\"target\":[\"https:\/\/sxflightcase.com\/af\/produk\/flight-case-hinges-hic101\/\"]}]},{\"@type\":\"ImageObject\",\"inLanguage\":\"tr\",\"@id\":\"https:\/\/sxflightcase.com\/af\/produk\/flight-case-hinges-hic101\/#primaryimage\",\"url\":\"https:\/\/sxflightcase.com\/wp-content\/uploads\/2024\/09\/HIC101.jpg\",\"contentUrl\":\"https:\/\/sxflightcase.com\/wp-content\/uploads\/2024\/09\/HIC101.jpg\",\"width\":700,\"height\":700,\"caption\":\"Flight Case Hinges\"},{\"@type\":\"BreadcrumbList\",\"@id\":\"https:\/\/sxflightcase.com\/af\/produk\/flight-case-hinges-hic101\/#breadcrumb\",\"itemListElement\":[{\"@type\":\"ListItem\",\"position\":1,\"name\":\"Home\",\"item\":\"https:\/\/sxflightcase.com\/\"},{\"@type\":\"ListItem\",\"position\":2,\"name\":\"\u0e2a\u0e34\u0e19\u0e04\u0e49\u0e32\",\"item\":\"https:\/\/sxflightcase.com\/th\/shop\/\"},{\"@type\":\"ListItem\",\"position\":3,\"name\":\"Flight Case Hinges HIC101\"}]},{\"@type\":\"WebSite\",\"@id\":\"https:\/\/sxflightcase.com\/th\/#website\",\"url\":\"https:\/\/sxflightcase.com\/th\/\",\"name\":\"sxpowercase.com\",\"description\":\"Flight Case Factory\",\"publisher\":{\"@id\":\"https:\/\/sxflightcase.com\/th\/#organization\"},\"potentialAction\":[{\"@type\":\"SearchAction\",\"target\":{\"@type\":\"EntryPoint\",\"urlTemplate\":\"https:\/\/sxflightcase.com\/th\/?s={search_term_string}\"},\"query-input\":{\"@type\":\"PropertyValueSpecification\",\"valueRequired\":true,\"valueName\":\"search_term_string\"}}],\"inLanguage\":\"tr\"},{\"@type\":\"Organization\",\"@id\":\"https:\/\/sxflightcase.com\/th\/#organization\",\"name\":\"sxpowercase.com\",\"url\":\"https:\/\/sxflightcase.com\/th\/\",\"logo\":{\"@type\":\"ImageObject\",\"inLanguage\":\"tr\",\"@id\":\"https:\/\/sxflightcase.com\/th\/#\/schema\/logo\/image\/\",\"url\":\"https:\/\/sxflightcase.com\/wp-content\/uploads\/2024\/04\/1713919036007.jpg\",\"contentUrl\":\"https:\/\/sxflightcase.com\/wp-content\/uploads\/2024\/04\/1713919036007.jpg\",\"width\":382,\"height\":388,\"caption\":\"sxpowercase.com\"},\"image\":{\"@id\":\"https:\/\/sxflightcase.com\/th\/#\/schema\/logo\/image\/\"},\"sameAs\":[\"https:\/\/www.facebook.com\/profile.php?id=61560407257971\"],\"numberOfEmployees\":{\"@type\":\"QuantitativeValue\",\"minValue\":\"11\",\"maxValue\":\"50\"}}]}<\/script>\n<!-- \/ Yoast SEO Premium plugin. -->","yoast_head_json":{"title":"Flight Case Hinges HIC101 - https:\/\/sxflightcase.com \ud83d\udc97","description":"SX'in y\u00fcksek kaliteli u\u00e7u\u015f kasas\u0131 mente\u015felerini do\u011frudan fabrika fiyatlar\u0131yla ke\u015ffedin. Ekipman\u0131n\u0131z\u0131n korunmas\u0131 i\u00e7in h\u0131zl\u0131 teslimat\u0131n ve g\u00fcvenilir kalitenin keyfini \u00e7\u0131kar\u0131n.","robots":{"index":"index","follow":"follow","max-snippet":"max-snippet:-1","max-image-preview":"max-image-preview:large","max-video-preview":"max-video-preview:-1"},"canonical":"https:\/\/sxflightcase.com\/tr\/produk\/flight-case-hinges-hic101\/","og_locale":"tr_TR","og_type":"article","og_title":"Flight Case Hinges HIC101","og_description":"Discover high-quality flight case hinges from SX at factory direct prices. Enjoy fast delivery and reliable quality for your equipment protection.","og_url":"https:\/\/sxflightcase.com\/tr\/produk\/flight-case-hinges-hic101\/","og_site_name":"https:\/\/sxflightcase.com","article_publisher":"https:\/\/www.facebook.com\/profile.php?id=61560407257971","og_image":[{"width":700,"height":700,"url":"https:\/\/sxflightcase.com\/wp-content\/uploads\/2024\/09\/HIC101.jpg","type":"image\/jpeg"}],"twitter_card":"summary_large_image","twitter_misc":{"Tahmini okuma s\u00fcresi":"2 dakika"},"schema":{"@context":"https:\/\/schema.org","@graph":[{"@type":"WebPage","@id":"https:\/\/sxflightcase.com\/af\/produk\/flight-case-hinges-hic101\/","url":"https:\/\/sxflightcase.com\/af\/produk\/flight-case-hinges-hic101\/","name":"Flight Case Hinges HIC101 - https:\/\/sxflightcase.com \ud83d\udc97","isPartOf":{"@id":"https:\/\/sxflightcase.com\/th\/#website"},"primaryImageOfPage":{"@id":"https:\/\/sxflightcase.com\/af\/produk\/flight-case-hinges-hic101\/#primaryimage"},"image":{"@id":"https:\/\/sxflightcase.com\/af\/produk\/flight-case-hinges-hic101\/#primaryimage"},"thumbnailUrl":"https:\/\/sxflightcase.com\/wp-content\/uploads\/2024\/09\/HIC101.jpg","datePublished":"2024-09-24T06:44:19+00:00","description":"SX'in y\u00fcksek kaliteli u\u00e7u\u015f kasas\u0131 mente\u015felerini do\u011frudan fabrika fiyatlar\u0131yla ke\u015ffedin. Ekipman\u0131n\u0131z\u0131n korunmas\u0131 i\u00e7in h\u0131zl\u0131 teslimat\u0131n ve g\u00fcvenilir kalitenin keyfini \u00e7\u0131kar\u0131n.","breadcrumb":{"@id":"https:\/\/sxflightcase.com\/af\/produk\/flight-case-hinges-hic101\/#breadcrumb"},"inLanguage":"tr","potentialAction":[{"@type":"ReadAction","target":["https:\/\/sxflightcase.com\/af\/produk\/flight-case-hinges-hic101\/"]}]},{"@type":"ImageObject","inLanguage":"tr","@id":"https:\/\/sxflightcase.com\/af\/produk\/flight-case-hinges-hic101\/#primaryimage","url":"https:\/\/sxflightcase.com\/wp-content\/uploads\/2024\/09\/HIC101.jpg","contentUrl":"https:\/\/sxflightcase.com\/wp-content\/uploads\/2024\/09\/HIC101.jpg","width":700,"height":700,"caption":"Flight Case Hinges"},{"@type":"BreadcrumbList","@id":"https:\/\/sxflightcase.com\/af\/produk\/flight-case-hinges-hic101\/#breadcrumb","itemListElement":[{"@type":"ListItem","position":1,"name":"Home","item":"https:\/\/sxflightcase.com\/"},{"@type":"ListItem","position":2,"name":"\u0e2a\u0e34\u0e19\u0e04\u0e49\u0e32","item":"https:\/\/sxflightcase.com\/th\/shop\/"},{"@type":"ListItem","position":3,"name":"Flight Case Hinges HIC101"}]},{"@type":"WebSite","@id":"https:\/\/sxflightcase.com\/th\/#website","url":"https:\/\/sxflightcase.com\/th\/","name":"sxpowercase.com","description":"U\u00e7u\u015f \u00c7antas\u0131 Fabrikas\u0131","publisher":{"@id":"https:\/\/sxflightcase.com\/th\/#organization"},"potentialAction":[{"@type":"SearchAction","target":{"@type":"EntryPoint","urlTemplate":"https:\/\/sxflightcase.com\/th\/?s={search_term_string}"},"query-input":{"@type":"PropertyValueSpecification","valueRequired":true,"valueName":"search_term_string"}}],"inLanguage":"tr"},{"@type":"Organization","@id":"https:\/\/sxflightcase.com\/th\/#organization","name":"sxpowercase.com","url":"https:\/\/sxflightcase.com\/th\/","logo":{"@type":"ImageObject","inLanguage":"tr","@id":"https:\/\/sxflightcase.com\/th\/#\/schema\/logo\/image\/","url":"https:\/\/sxflightcase.com\/wp-content\/uploads\/2024\/04\/1713919036007.jpg","contentUrl":"https:\/\/sxflightcase.com\/wp-content\/uploads\/2024\/04\/1713919036007.jpg","width":382,"height":388,"caption":"sxpowercase.com"},"image":{"@id":"https:\/\/sxflightcase.com\/th\/#\/schema\/logo\/image\/"},"sameAs":["https:\/\/www.facebook.com\/profile.php?id=61560407257971"],"numberOfEmployees":{"@type":"QuantitativeValue","minValue":"11","maxValue":"50"}}]}},"_links":{"self":[{"href":"https:\/\/sxflightcase.com\/tr\/wp-json\/wp\/v2\/product\/4542","targetHints":{"allow":["GET"]}}],"collection":[{"href":"https:\/\/sxflightcase.com\/tr\/wp-json\/wp\/v2\/product"}],"about":[{"href":"https:\/\/sxflightcase.com\/tr\/wp-json\/wp\/v2\/types\/product"}],"replies":[{"embeddable":true,"href":"https:\/\/sxflightcase.com\/tr\/wp-json\/wp\/v2\/comments?post=4542"}],"version-history":[{"count":0,"href":"https:\/\/sxflightcase.com\/tr\/wp-json\/wp\/v2\/product\/4542\/revisions"}],"wp:featuredmedia":[{"embeddable":true,"href":"https:\/\/sxflightcase.com\/tr\/wp-json\/wp\/v2\/media\/4495"}],"wp:attachment":[{"href":"https:\/\/sxflightcase.com\/tr\/wp-json\/wp\/v2\/media?parent=4542"}],"wp:term":[{"taxonomy":"product_brand","embeddable":true,"href":"https:\/\/sxflightcase.com\/tr\/wp-json\/wp\/v2\/product_brand?post=4542"},{"taxonomy":"product_cat","embeddable":true,"href":"https:\/\/sxflightcase.com\/tr\/wp-json\/wp\/v2\/product_cat?post=4542"},{"taxonomy":"product_tag","embeddable":true,"href":"https:\/\/sxflightcase.com\/tr\/wp-json\/wp\/v2\/product_tag?post=4542"}],"curies":[{"name":"wp","href":"https:\/\/api.w.org\/{rel}","templated":true}]}}