{"id":4549,"date":"2024-09-25T07:15:54","date_gmt":"2024-09-25T06:15:54","guid":{"rendered":"https:\/\/sxpowercase.com\/?post_type=product&#038;p=4549"},"modified":"2024-09-25T07:20:42","modified_gmt":"2024-09-25T06:20:42","slug":"door-hinges-supplier-sta201","status":"publish","type":"product","link":"https:\/\/sxflightcase.com\/tr\/urun\/kapi-menteseleri-tedarikcisi-sta201-2\/","title":{"rendered":"Kap\u0131 Mente\u015feleri Tedarik\u00e7isi STA201"},"content":{"rendered":"<h3>G\u00fcvenilir Kap\u0131 Mente\u015feleri Tedarik\u00e7isi: SX<\/h3>\n<p>Bir arama yaparken <a href=\"https:\/\/sxpowercase.com\/product\/flight-case-hinges-hic102\/\"><strong>kap\u0131 mente\u015feleri tedarik\u00e7isi<\/strong><\/a> hem kalite hem de uygun fiyat garantisi veren bir \u015firket i\u00e7in <strong>SX<\/strong>. Bir end\u00fcstri lideri olarak, en y\u00fcksek standartlar\u0131 kar\u015f\u0131layan \u00e7ok \u00e7e\u015fitli kap\u0131 mente\u015feleri sa\u011flama konusunda uzman\u0131z. Mente\u015felerimiz, konuttan ticariye kadar her t\u00fcr kap\u0131 i\u00e7in uzun \u00f6m\u00fcr ve sorunsuz \u00e7al\u0131\u015fma sa\u011flamak \u00fczere tasarlanm\u0131\u015ft\u0131r.<\/p>\n<h3>Do\u011frudan Fabrikadan, Uygun Fiyatlarla<\/h3>\n<p>\u015eu anda <strong><a title=\"SX\" href=\"https:\/\/sxpowercase.com\/\" target=\"_blank\" rel=\"noopener\" data-wpil-monitor-id=\"781\">SX<\/a><\/strong>fiyat\u0131n \u00f6nemli oldu\u011funu biliyoruz. Bu y\u00fczden teklifimiz <strong>fabrikadan do\u011frudan fiyatland\u0131rma<\/strong> t\u00fcm kap\u0131 mente\u015felerimizde. Do\u011frudan \u00fcretim tesisimizden tedarik ederek, arac\u0131y\u0131 ortadan kald\u0131r\u0131yor ve size maliyetin \u00e7ok alt\u0131nda y\u00fcksek kaliteli mente\u015feler sa\u011fl\u0131yoruz. Bu, b\u00fct\u00e7enizden \u00f6d\u00fcn vermeden projenizi donatman\u0131za olanak tan\u0131r.<\/p>\n<h3>G\u00fcvenebilece\u011finiz Kalite<\/h3>\n<p>G\u00fcvenilir bir <strong>kap\u0131 mente\u015feleri tedarik\u00e7isi<\/strong>, <strong>SX<\/strong> sundu\u011fumuz her \u00fcr\u00fcn\u00fcn kalitesinin arkas\u0131nda durmaktad\u0131r. Her mente\u015fe, hem bizim standartlar\u0131m\u0131z\u0131 hem de sizin standartlar\u0131n\u0131z\u0131 kar\u015f\u0131lad\u0131\u011f\u0131ndan emin olmak i\u00e7in s\u0131k\u0131 kalite kontrollerinden ge\u00e7irilir. \u0130le <strong>SX<\/strong> mente\u015feler sayesinde kap\u0131lar\u0131n\u0131z\u0131n sorunsuz \u00e7al\u0131\u015faca\u011f\u0131ndan ve y\u0131llarca dayanaca\u011f\u0131ndan emin olabilirsiniz.<\/p>\n<h3>Her \u0130htiyaca Uygun \u00d6zelle\u015ftirilebilir \u00c7\u00f6z\u00fcmler<\/h3>\n<p>Hi\u00e7bir kap\u0131 birbirine benzemez ve <strong>SX<\/strong>m\u00fckemmel uyumu bulman\u0131n \u00f6nemini anl\u0131yoruz. \u0130ster end\u00fcstriyel uygulamalar i\u00e7in a\u011f\u0131r hizmet tipi mente\u015felere ister modern bir ev i\u00e7in \u015f\u0131k se\u00e7eneklere ihtiyac\u0131n\u0131z olsun, ihtiya\u00e7lar\u0131n\u0131za uygun \u00f6zelle\u015ftirilebilir \u00e7\u00f6z\u00fcmler sunuyoruz. Geni\u015f ebat ve y\u00fczey yelpazemiz tam olarak arad\u0131\u011f\u0131n\u0131z\u0131 bulman\u0131z\u0131 sa\u011flar.<\/p>\n<h3>H\u0131zl\u0131, Kullan\u0131\u015fl\u0131 Nakliye<\/h3>\n<p>Sipari\u015f verdi\u011finizde <strong>SX<\/strong>ile sadece y\u00fcksek kaliteli mente\u015feleri uygun fiyata almakla kalmaz, ayn\u0131 zamanda a\u015fa\u011f\u0131daki avantajlardan da faydalan\u0131rs\u0131n\u0131z <strong>h\u0131zl\u0131 ve verimli nakliye<\/strong>. Zaman\u0131nda teslimat\u0131n \u00f6nemini anl\u0131yoruz, bu nedenle projenizin devam etmesini sa\u011flamak i\u00e7in \u00fcr\u00fcnlerinizin zaman\u0131nda ula\u015fmas\u0131n\u0131 sa\u011fl\u0131yoruz.<\/p>\n<h3>\u00c7\u00f6z\u00fcm<\/h3>\n<p>Se\u00e7in <strong>SX<\/strong> tercih etti\u011finiz gibi <strong>kap\u0131 mente\u015feleri tedarik\u00e7isi<\/strong>. Do\u011frudan fabrika fiyatlar\u0131, e\u015fsiz kalite ve h\u0131zl\u0131 sevkiyat kombinasyonumuzla, en iyiyle i\u015f ortakl\u0131\u011f\u0131 yapt\u0131\u011f\u0131n\u0131z\u0131 bilmenin huzurunu ya\u015fayacaks\u0131n\u0131z.<\/p>\n<ol>\n<li>Hemen \u0130leti\u015fime Ge\u00e7in:<span style=\"color: #0000ff;\"><a style=\"color: #0000ff;\" href=\"https:\/\/sxpowercase.com\/contact-us\/\">https:\/\/sxpowercase.com\/<\/a><\/span><\/li>\n<li>Donan\u0131m \u00dcr\u00fcn Katalo\u011fu\uff1a<span style=\"color: #0000ff;\"><a style=\"color: #0000ff;\" href=\"https:\/\/sxpowercase.com\/wp-content\/uploads\/2024\/07\/\u4e94\u91d1.pdf\">Donan\u0131m aksesuarlar\u0131 katalo\u011fu<\/a><\/span><\/li>\n<\/ol>","protected":false},"excerpt":{"rendered":"<h3>SX: G\u00fcvenilir Kap\u0131 Mente\u015feleri Tedarik\u00e7iniz<\/h3>\n<p>Uygun fiyatlarla kaliteli kap\u0131 mente\u015feleri i\u00e7in SX g\u00fcvenilir tedarik\u00e7idir. Hem konut hem de ticari kullan\u0131m i\u00e7in uygun \u00e7ok \u00e7e\u015fitli dayan\u0131kl\u0131 mente\u015feler sunuyoruz.<\/p>\n<h3>Maksimum Tasarruf i\u00e7in Fabrika Do\u011frudan Fiyatland\u0131rmas\u0131<\/h3>\n<p>SX, arac\u0131lar\u0131 ortadan kald\u0131rarak ve projenizi b\u00fct\u00e7eniz dahilinde tamamlaman\u0131za olanak tan\u0131yarak fabrika do\u011frudan fiyatlar\u0131yla y\u00fcksek kaliteli kap\u0131 mente\u015feleri sa\u011flar.<\/p>\n<h3>Her Proje i\u00e7in \u00d6zelle\u015ftirilebilir \u00c7\u00f6z\u00fcmler<\/h3>\n<p>End\u00fcstriyel uygulamalardan \u015f\u0131k konut uygulamalar\u0131na kadar SX, \u00f6zel ihtiya\u00e7lar\u0131n\u0131z\u0131 kar\u015f\u0131lamak i\u00e7in \u00e7e\u015fitli boyutlar, kaplamalar ve \u00f6zelle\u015ftirilebilir mente\u015fe se\u00e7enekleri sunar.<\/p>","protected":false},"featured_media":4499,"comment_status":"open","ping_status":"closed","template":"","meta":[],"product_brand":[],"product_cat":[67],"product_tag":[],"class_list":{"0":"post-4549","1":"product","2":"type-product","3":"status-publish","4":"has-post-thumbnail","6":"product_cat-hingesstays","8":"first","9":"instock","10":"shipping-taxable","11":"product-type-simple"},"yoast_head":"<!-- This site is optimized with the Yoast SEO Premium plugin v27.1 (Yoast SEO v27.2) - https:\/\/yoast.com\/product\/yoast-seo-premium-wordpress\/ -->\n<title>Door Hinges Supplier STA201 - https:\/\/sxflightcase.com \ud83d\udc97<\/title>\n<meta name=\"description\" content=\"SX, your trusted door hinges supplier, offers factory-direct prices with fast shipping and quality assurance. Perfect hinges for all types of doors.\" \/>\n<meta name=\"robots\" content=\"index, follow, max-snippet:-1, max-image-preview:large, max-video-preview:-1\" \/>\n<link rel=\"canonical\" href=\"https:\/\/sxflightcase.com\/tr\/urun\/kapi-menteseleri-tedarikcisi-sta201-2\/\" \/>\n<meta property=\"og:locale\" content=\"tr_TR\" \/>\n<meta property=\"og:type\" content=\"article\" \/>\n<meta property=\"og:title\" content=\"Door Hinges Supplier STA201\" \/>\n<meta property=\"og:description\" content=\"SX, your trusted door hinges supplier, offers factory-direct prices with fast shipping and quality assurance. Perfect hinges for all types of doors.\" \/>\n<meta property=\"og:url\" content=\"https:\/\/sxflightcase.com\/tr\/urun\/kapi-menteseleri-tedarikcisi-sta201-2\/\" \/>\n<meta property=\"og:site_name\" content=\"https:\/\/sxflightcase.com\" \/>\n<meta property=\"article:publisher\" content=\"https:\/\/www.facebook.com\/profile.php?id=61560407257971\" \/>\n<meta property=\"article:modified_time\" content=\"2024-09-25T06:20:42+00:00\" \/>\n<meta property=\"og:image\" content=\"https:\/\/sxflightcase.com\/wp-content\/uploads\/2024\/09\/STA201.jpg\" \/>\n\t<meta property=\"og:image:width\" content=\"700\" \/>\n\t<meta property=\"og:image:height\" content=\"700\" \/>\n\t<meta property=\"og:image:type\" content=\"image\/jpeg\" \/>\n<meta name=\"twitter:card\" content=\"summary_large_image\" \/>\n<meta name=\"twitter:label1\" content=\"Tahmini okuma s\u00fcresi\" \/>\n\t<meta name=\"twitter:data1\" content=\"2 dakika\" \/>\n<script type=\"application\/ld+json\" class=\"yoast-schema-graph\">{\"@context\":\"https:\/\/schema.org\",\"@graph\":[{\"@type\":\"WebPage\",\"@id\":\"https:\/\/sxflightcase.com\/product\/door-hinges-supplier-sta201\/\",\"url\":\"https:\/\/sxflightcase.com\/product\/door-hinges-supplier-sta201\/\",\"name\":\"Door Hinges Supplier STA201 - https:\/\/sxflightcase.com \ud83d\udc97\",\"isPartOf\":{\"@id\":\"https:\/\/sxflightcase.com\/th\/#website\"},\"primaryImageOfPage\":{\"@id\":\"https:\/\/sxflightcase.com\/product\/door-hinges-supplier-sta201\/#primaryimage\"},\"image\":{\"@id\":\"https:\/\/sxflightcase.com\/product\/door-hinges-supplier-sta201\/#primaryimage\"},\"thumbnailUrl\":\"https:\/\/sxflightcase.com\/wp-content\/uploads\/2024\/09\/STA201.jpg\",\"datePublished\":\"2024-09-25T06:15:54+00:00\",\"dateModified\":\"2024-09-25T06:20:42+00:00\",\"description\":\"SX, your trusted door hinges supplier, offers factory-direct prices with fast shipping and quality assurance. Perfect hinges for all types of doors.\",\"breadcrumb\":{\"@id\":\"https:\/\/sxflightcase.com\/product\/door-hinges-supplier-sta201\/#breadcrumb\"},\"inLanguage\":\"tr\",\"potentialAction\":[{\"@type\":\"ReadAction\",\"target\":[\"https:\/\/sxflightcase.com\/product\/door-hinges-supplier-sta201\/\"]}]},{\"@type\":\"ImageObject\",\"inLanguage\":\"tr\",\"@id\":\"https:\/\/sxflightcase.com\/product\/door-hinges-supplier-sta201\/#primaryimage\",\"url\":\"https:\/\/sxflightcase.com\/wp-content\/uploads\/2024\/09\/STA201.jpg\",\"contentUrl\":\"https:\/\/sxflightcase.com\/wp-content\/uploads\/2024\/09\/STA201.jpg\",\"width\":700,\"height\":700,\"caption\":\"Door Hinges Supplier\"},{\"@type\":\"BreadcrumbList\",\"@id\":\"https:\/\/sxflightcase.com\/product\/door-hinges-supplier-sta201\/#breadcrumb\",\"itemListElement\":[{\"@type\":\"ListItem\",\"position\":1,\"name\":\"Home\",\"item\":\"https:\/\/sxflightcase.com\/\"},{\"@type\":\"ListItem\",\"position\":2,\"name\":\"\u0e2a\u0e34\u0e19\u0e04\u0e49\u0e32\",\"item\":\"https:\/\/sxflightcase.com\/th\/shop\/\"},{\"@type\":\"ListItem\",\"position\":3,\"name\":\"Door Hinges Supplier STA201\"}]},{\"@type\":\"WebSite\",\"@id\":\"https:\/\/sxflightcase.com\/th\/#website\",\"url\":\"https:\/\/sxflightcase.com\/th\/\",\"name\":\"sxpowercase.com\",\"description\":\"Flight Case Factory\",\"publisher\":{\"@id\":\"https:\/\/sxflightcase.com\/th\/#organization\"},\"potentialAction\":[{\"@type\":\"SearchAction\",\"target\":{\"@type\":\"EntryPoint\",\"urlTemplate\":\"https:\/\/sxflightcase.com\/th\/?s={search_term_string}\"},\"query-input\":{\"@type\":\"PropertyValueSpecification\",\"valueRequired\":true,\"valueName\":\"search_term_string\"}}],\"inLanguage\":\"tr\"},{\"@type\":\"Organization\",\"@id\":\"https:\/\/sxflightcase.com\/th\/#organization\",\"name\":\"sxpowercase.com\",\"url\":\"https:\/\/sxflightcase.com\/th\/\",\"logo\":{\"@type\":\"ImageObject\",\"inLanguage\":\"tr\",\"@id\":\"https:\/\/sxflightcase.com\/th\/#\/schema\/logo\/image\/\",\"url\":\"https:\/\/sxflightcase.com\/wp-content\/uploads\/2024\/04\/1713919036007.jpg\",\"contentUrl\":\"https:\/\/sxflightcase.com\/wp-content\/uploads\/2024\/04\/1713919036007.jpg\",\"width\":382,\"height\":388,\"caption\":\"sxpowercase.com\"},\"image\":{\"@id\":\"https:\/\/sxflightcase.com\/th\/#\/schema\/logo\/image\/\"},\"sameAs\":[\"https:\/\/www.facebook.com\/profile.php?id=61560407257971\"],\"numberOfEmployees\":{\"@type\":\"QuantitativeValue\",\"minValue\":\"11\",\"maxValue\":\"50\"}}]}<\/script>\n<!-- \/ Yoast SEO Premium plugin. -->","yoast_head_json":{"title":"Door Hinges Supplier STA201 - https:\/\/sxflightcase.com \ud83d\udc97","description":"G\u00fcvenilir kap\u0131 mente\u015feleri tedarik\u00e7iniz SX, h\u0131zl\u0131 sevkiyat ve kalite g\u00fcvencesi ile fabrikadan do\u011frudan fiyatlar sunar. Her t\u00fcr kap\u0131 i\u00e7in m\u00fckemmel mente\u015feler.","robots":{"index":"index","follow":"follow","max-snippet":"max-snippet:-1","max-image-preview":"max-image-preview:large","max-video-preview":"max-video-preview:-1"},"canonical":"https:\/\/sxflightcase.com\/tr\/urun\/kapi-menteseleri-tedarikcisi-sta201-2\/","og_locale":"tr_TR","og_type":"article","og_title":"Door Hinges Supplier STA201","og_description":"SX, your trusted door hinges supplier, offers factory-direct prices with fast shipping and quality assurance. Perfect hinges for all types of doors.","og_url":"https:\/\/sxflightcase.com\/tr\/urun\/kapi-menteseleri-tedarikcisi-sta201-2\/","og_site_name":"https:\/\/sxflightcase.com","article_publisher":"https:\/\/www.facebook.com\/profile.php?id=61560407257971","article_modified_time":"2024-09-25T06:20:42+00:00","og_image":[{"width":700,"height":700,"url":"https:\/\/sxflightcase.com\/wp-content\/uploads\/2024\/09\/STA201.jpg","type":"image\/jpeg"}],"twitter_card":"summary_large_image","twitter_misc":{"Tahmini okuma s\u00fcresi":"2 dakika"},"schema":{"@context":"https:\/\/schema.org","@graph":[{"@type":"WebPage","@id":"https:\/\/sxflightcase.com\/product\/door-hinges-supplier-sta201\/","url":"https:\/\/sxflightcase.com\/product\/door-hinges-supplier-sta201\/","name":"Door Hinges Supplier STA201 - https:\/\/sxflightcase.com \ud83d\udc97","isPartOf":{"@id":"https:\/\/sxflightcase.com\/th\/#website"},"primaryImageOfPage":{"@id":"https:\/\/sxflightcase.com\/product\/door-hinges-supplier-sta201\/#primaryimage"},"image":{"@id":"https:\/\/sxflightcase.com\/product\/door-hinges-supplier-sta201\/#primaryimage"},"thumbnailUrl":"https:\/\/sxflightcase.com\/wp-content\/uploads\/2024\/09\/STA201.jpg","datePublished":"2024-09-25T06:15:54+00:00","dateModified":"2024-09-25T06:20:42+00:00","description":"G\u00fcvenilir kap\u0131 mente\u015feleri tedarik\u00e7iniz SX, h\u0131zl\u0131 sevkiyat ve kalite g\u00fcvencesi ile fabrikadan do\u011frudan fiyatlar sunar. Her t\u00fcr kap\u0131 i\u00e7in m\u00fckemmel mente\u015feler.","breadcrumb":{"@id":"https:\/\/sxflightcase.com\/product\/door-hinges-supplier-sta201\/#breadcrumb"},"inLanguage":"tr","potentialAction":[{"@type":"ReadAction","target":["https:\/\/sxflightcase.com\/product\/door-hinges-supplier-sta201\/"]}]},{"@type":"ImageObject","inLanguage":"tr","@id":"https:\/\/sxflightcase.com\/product\/door-hinges-supplier-sta201\/#primaryimage","url":"https:\/\/sxflightcase.com\/wp-content\/uploads\/2024\/09\/STA201.jpg","contentUrl":"https:\/\/sxflightcase.com\/wp-content\/uploads\/2024\/09\/STA201.jpg","width":700,"height":700,"caption":"Door Hinges Supplier"},{"@type":"BreadcrumbList","@id":"https:\/\/sxflightcase.com\/product\/door-hinges-supplier-sta201\/#breadcrumb","itemListElement":[{"@type":"ListItem","position":1,"name":"Home","item":"https:\/\/sxflightcase.com\/"},{"@type":"ListItem","position":2,"name":"\u0e2a\u0e34\u0e19\u0e04\u0e49\u0e32","item":"https:\/\/sxflightcase.com\/th\/shop\/"},{"@type":"ListItem","position":3,"name":"Door Hinges Supplier STA201"}]},{"@type":"WebSite","@id":"https:\/\/sxflightcase.com\/th\/#website","url":"https:\/\/sxflightcase.com\/th\/","name":"sxpowercase.com","description":"U\u00e7u\u015f \u00c7antas\u0131 Fabrikas\u0131","publisher":{"@id":"https:\/\/sxflightcase.com\/th\/#organization"},"potentialAction":[{"@type":"SearchAction","target":{"@type":"EntryPoint","urlTemplate":"https:\/\/sxflightcase.com\/th\/?s={search_term_string}"},"query-input":{"@type":"PropertyValueSpecification","valueRequired":true,"valueName":"search_term_string"}}],"inLanguage":"tr"},{"@type":"Organization","@id":"https:\/\/sxflightcase.com\/th\/#organization","name":"sxpowercase.com","url":"https:\/\/sxflightcase.com\/th\/","logo":{"@type":"ImageObject","inLanguage":"tr","@id":"https:\/\/sxflightcase.com\/th\/#\/schema\/logo\/image\/","url":"https:\/\/sxflightcase.com\/wp-content\/uploads\/2024\/04\/1713919036007.jpg","contentUrl":"https:\/\/sxflightcase.com\/wp-content\/uploads\/2024\/04\/1713919036007.jpg","width":382,"height":388,"caption":"sxpowercase.com"},"image":{"@id":"https:\/\/sxflightcase.com\/th\/#\/schema\/logo\/image\/"},"sameAs":["https:\/\/www.facebook.com\/profile.php?id=61560407257971"],"numberOfEmployees":{"@type":"QuantitativeValue","minValue":"11","maxValue":"50"}}]}},"_links":{"self":[{"href":"https:\/\/sxflightcase.com\/tr\/wp-json\/wp\/v2\/product\/4549","targetHints":{"allow":["GET"]}}],"collection":[{"href":"https:\/\/sxflightcase.com\/tr\/wp-json\/wp\/v2\/product"}],"about":[{"href":"https:\/\/sxflightcase.com\/tr\/wp-json\/wp\/v2\/types\/product"}],"replies":[{"embeddable":true,"href":"https:\/\/sxflightcase.com\/tr\/wp-json\/wp\/v2\/comments?post=4549"}],"version-history":[{"count":0,"href":"https:\/\/sxflightcase.com\/tr\/wp-json\/wp\/v2\/product\/4549\/revisions"}],"wp:featuredmedia":[{"embeddable":true,"href":"https:\/\/sxflightcase.com\/tr\/wp-json\/wp\/v2\/media\/4499"}],"wp:attachment":[{"href":"https:\/\/sxflightcase.com\/tr\/wp-json\/wp\/v2\/media?parent=4549"}],"wp:term":[{"taxonomy":"product_brand","embeddable":true,"href":"https:\/\/sxflightcase.com\/tr\/wp-json\/wp\/v2\/product_brand?post=4549"},{"taxonomy":"product_cat","embeddable":true,"href":"https:\/\/sxflightcase.com\/tr\/wp-json\/wp\/v2\/product_cat?post=4549"},{"taxonomy":"product_tag","embeddable":true,"href":"https:\/\/sxflightcase.com\/tr\/wp-json\/wp\/v2\/product_tag?post=4549"}],"curies":[{"name":"wp","href":"https:\/\/api.w.org\/{rel}","templated":true}]}}