{"id":4550,"date":"2024-09-25T07:20:51","date_gmt":"2024-09-25T06:20:51","guid":{"rendered":"https:\/\/sxpowercase.com\/?post_type=product&#038;p=4550"},"modified":"2024-09-25T07:20:52","modified_gmt":"2024-09-25T06:20:52","slug":"door-hinges-supplier-sta301","status":"publish","type":"product","link":"https:\/\/sxflightcase.com\/tr\/urun\/kapi-menteseleri-tedarikcisi-sta301-2\/","title":{"rendered":"Kap\u0131 Mente\u015feleri Tedarik\u00e7isi STA301"},"content":{"rendered":"<h3>SX: G\u00fcveniliriniz <strong>Kap\u0131 Mente\u015feleri Tedarik\u00e7isi<\/strong><\/h3>\n<p>G\u00fcvenilir bir i\u015f orta\u011f\u0131 bulmak s\u00f6z konusu oldu\u011funda <a href=\"https:\/\/sxpowercase.com\/product\/door-hinges-supplier-sta201\/\"><strong>kap\u0131 mente\u015feleri tedarik\u00e7isi<\/strong><\/a>SX, birinci s\u0131n\u0131f kalite ve rekabet\u00e7i fiyatland\u0131rma sa\u011flayan birinci s\u0131n\u0131f bir se\u00e7im sunar. Mente\u015felerimiz dayan\u0131kl\u0131l\u0131k g\u00f6z \u00f6n\u00fcnde bulundurularak \u00fcretilmi\u015ftir ve hem konut hem de ticari ihtiya\u00e7lar i\u00e7in uzun \u00f6m\u00fcrl\u00fc bir \u00e7\u00f6z\u00fcm sunar. SX'te, kaliteden \u00f6d\u00fcn vermeden uygun fiyatl\u0131 \u00fcr\u00fcnler sunmam\u0131z\u0131 sa\u011flayan fabrika do\u011frudan fiyatland\u0131rmas\u0131n\u0131n \u00f6nemini anl\u0131yoruz.<\/p>\n<h3>G\u00fcvenebilece\u011finiz Kalite<\/h3>\n<p>\u015eu anda <a href=\"https:\/\/sxpowercase.com\/\" target=\"_blank\" rel=\"noopener\" title=\"SX\" data-wpil-monitor-id=\"782\">SX<\/a>sadece en iyisini sunmaya inan\u0131yoruz. Bizim <strong>kap\u0131 mente\u015feleri<\/strong> g\u00fcnl\u00fck a\u015f\u0131nma ve y\u0131pranmaya dayanmalar\u0131n\u0131 sa\u011flamak i\u00e7in en y\u00fcksek standartlarda \u00fcretilmi\u015ftir. \u0130ster bir m\u00fcteahhit isterse bir DIY merakl\u0131s\u0131 olun, detaylara g\u00f6sterdi\u011fimiz \u00f6zeni ve mente\u015felerimizin m\u00fckemmel performans\u0131n\u0131 takdir edeceksiniz. <strong>Fabrika do\u011frudan fiyatlar\u0131<\/strong> bu y\u00fcksek kaliteli \u00fcr\u00fcnleri uygun fiyatlarla alman\u0131za olanak tan\u0131yarak m\u00fcmk\u00fcn olan en iyi teklifi alman\u0131z\u0131 sa\u011flar.<\/p>\n<h3>Kapsaml\u0131 \u00dcr\u00fcn Yelpazesi<\/h3>\n<p>Lider bir \u015firket olarak <strong>kap\u0131 mente\u015feleri tedarik\u00e7isi<\/strong>Farkl\u0131 uygulamalara uygun \u00e7ok \u00e7e\u015fitli mente\u015fe tipleri stoklar\u0131m\u0131zda mevcuttur. \u0130ster basit tasar\u0131mlara ister daha \u00f6zel \u00fcr\u00fcnlere ihtiyac\u0131n\u0131z olsun, SX sizi teminat alt\u0131na al\u0131r. \u00dcretimde y\u0131llar\u0131n uzmanl\u0131\u011f\u0131yla, her mente\u015fenin sorunsuz \u00e7al\u0131\u015fma ve kolay kurulum i\u00e7in tasarland\u0131\u011f\u0131n\u0131 garanti ediyoruz.<\/p>\n<h3>\u00d6d\u00fcn Vermeden Rekabet\u00e7i Fiyatland\u0131rma<\/h3>\n<p>SX kendini a\u015fa\u011f\u0131dakileri sa\u011flamaya adam\u0131\u015ft\u0131r <strong>d\u00fc\u015f\u00fck maliyetli<\/strong> kaliteden \u00f6d\u00fcn vermeyen \u00e7\u00f6z\u00fcmler. Do\u011frudan fabrika ile \u00e7al\u0131\u015farak fiyatlar\u0131 d\u00fc\u015f\u00fck ve kaliteyi y\u00fcksek tutuyoruz. Mente\u015felerimiz paran\u0131z\u0131n kar\u015f\u0131l\u0131\u011f\u0131n\u0131 fazlas\u0131yla veriyor ve bizi farkl\u0131 sekt\u00f6rlerdeki m\u00fc\u015fteriler i\u00e7in g\u00fcvenilir bir tercih haline getiriyor. SX ile sadece bir \u00fcr\u00fcn sat\u0131n alm\u0131yorsunuz, dayan\u0131kl\u0131l\u0131k ve g\u00fcvenilirli\u011fe yat\u0131r\u0131m yap\u0131yorsunuz.<\/p>\n<h3>SX Fark\u0131<\/h3>\n<p>SX a\u015fa\u011f\u0131dakiler aras\u0131nda \u00f6ne \u00e7\u0131k\u0131yor <strong>kap\u0131 mente\u015feleri tedarik\u00e7ileri<\/strong> m\u00fckemmelli\u011fe olan ba\u011fl\u0131l\u0131\u011f\u0131m\u0131z sayesinde. Kulland\u0131\u011f\u0131m\u0131z malzemelerden \u00fcretimimizdeki i\u015f\u00e7ili\u011fe kadar, hizmetimizin her y\u00f6n\u00fc beklentilerinizi a\u015fmak i\u00e7in tasarlanm\u0131\u015ft\u0131r. Amac\u0131m\u0131z size en iyi hizmeti sunmakt\u0131r. <strong>en iyi kalite<\/strong> B\u00fct\u00e7enize uygun bir fiyatla, bizi b\u00fcy\u00fck veya k\u00fc\u00e7\u00fck her proje i\u00e7in ideal se\u00e7im haline getiriyor.<\/p>\n<h3>\u00c7\u00f6z\u00fcm<\/h3>\n<p>Sizin i\u00e7in SX'i se\u00e7in <strong>kap\u0131 mente\u015feleri tedarik\u00e7isi<\/strong> rekabet\u00e7i fiyatlarla g\u00fcvenilir, y\u00fcksek kaliteli mente\u015feler i\u00e7in. Ba\u011fl\u0131l\u0131\u011f\u0131m\u0131z <strong>fabrikadan do\u011frudan fiyatland\u0131rma<\/strong> Ve <strong>kalite g\u00fcvencesi<\/strong> bizi t\u00fcm donan\u0131m ihtiya\u00e7lar\u0131n\u0131z i\u00e7in ilk tercih haline getiriyor. Geni\u015f \u00fcr\u00fcn yelpazemizi bug\u00fcn ke\u015ffedin ve SX fark\u0131n\u0131 ya\u015fay\u0131n.<\/p>\n<ol>\n<li>Hemen \u0130leti\u015fime Ge\u00e7in:<span style=\"color: #0000ff;\"><a style=\"color: #0000ff;\" href=\"https:\/\/sxpowercase.com\/contact-us\/\">https:\/\/sxpowercase.com\/<\/a><\/span><\/li>\n<li>Donan\u0131m \u00dcr\u00fcn Katalo\u011fu\uff1a<span style=\"color: #0000ff;\"><a style=\"color: #0000ff;\" href=\"https:\/\/sxpowercase.com\/wp-content\/uploads\/2024\/07\/\u4e94\u91d1.pdf\">Donan\u0131m aksesuarlar\u0131 katalo\u011fu<\/a><\/span><\/li>\n<\/ol>","protected":false},"excerpt":{"rendered":"<h3>SX: G\u00fcvenilir Kap\u0131 Mente\u015feleri Tedarik\u00e7iniz<\/h3>\n<p>Uygun fiyatlarla kaliteli kap\u0131 mente\u015feleri i\u00e7in SX g\u00fcvenilir tedarik\u00e7idir. Hem konut hem de ticari kullan\u0131m i\u00e7in uygun \u00e7ok \u00e7e\u015fitli dayan\u0131kl\u0131 mente\u015feler sunuyoruz.<\/p>\n<h3>Maksimum Tasarruf i\u00e7in Fabrika Do\u011frudan Fiyatland\u0131rmas\u0131<\/h3>\n<p>SX, arac\u0131lar\u0131 ortadan kald\u0131rarak ve projenizi b\u00fct\u00e7eniz dahilinde tamamlaman\u0131za olanak tan\u0131yarak fabrika do\u011frudan fiyatlar\u0131yla y\u00fcksek kaliteli kap\u0131 mente\u015feleri sa\u011flar.<\/p>\n<h3>Her Proje i\u00e7in \u00d6zelle\u015ftirilebilir \u00c7\u00f6z\u00fcmler<\/h3>\n<p>End\u00fcstriyel uygulamalardan \u015f\u0131k konut uygulamalar\u0131na kadar SX, \u00f6zel ihtiya\u00e7lar\u0131n\u0131z\u0131 kar\u015f\u0131lamak i\u00e7in \u00e7e\u015fitli boyutlar, kaplamalar ve \u00f6zelle\u015ftirilebilir mente\u015fe se\u00e7enekleri sunar.<\/p>","protected":false},"featured_media":4500,"comment_status":"open","ping_status":"closed","template":"","meta":[],"product_brand":[],"product_cat":[67],"product_tag":[],"class_list":{"0":"post-4550","1":"product","2":"type-product","3":"status-publish","4":"has-post-thumbnail","6":"product_cat-hingesstays","8":"first","9":"instock","10":"shipping-taxable","11":"product-type-simple"},"yoast_head":"<!-- This site is optimized with the Yoast SEO Premium plugin v27.1 (Yoast SEO v27.2) - https:\/\/yoast.com\/product\/yoast-seo-premium-wordpress\/ -->\n<title>Door Hinges Supplier STA301 - https:\/\/sxflightcase.com \ud83d\udc97<\/title>\n<meta name=\"description\" content=\"SX, a leading door hinges supplier, offers factory-direct pricing, top-quality products, and a wide selection for residential and commercial use.\" \/>\n<meta name=\"robots\" content=\"index, follow, max-snippet:-1, max-image-preview:large, max-video-preview:-1\" \/>\n<link rel=\"canonical\" href=\"https:\/\/sxflightcase.com\/tr\/urun\/kapi-menteseleri-tedarikcisi-sta301-2\/\" \/>\n<meta property=\"og:locale\" content=\"tr_TR\" \/>\n<meta property=\"og:type\" content=\"article\" \/>\n<meta property=\"og:title\" content=\"Door Hinges Supplier STA301\" \/>\n<meta property=\"og:description\" content=\"SX, a leading door hinges supplier, offers factory-direct pricing, top-quality products, and a wide selection for residential and commercial use.\" \/>\n<meta property=\"og:url\" content=\"https:\/\/sxflightcase.com\/tr\/urun\/kapi-menteseleri-tedarikcisi-sta301-2\/\" \/>\n<meta property=\"og:site_name\" content=\"https:\/\/sxflightcase.com\" \/>\n<meta property=\"article:publisher\" content=\"https:\/\/www.facebook.com\/profile.php?id=61560407257971\" \/>\n<meta property=\"article:modified_time\" content=\"2024-09-25T06:20:52+00:00\" \/>\n<meta property=\"og:image\" content=\"https:\/\/sxflightcase.com\/wp-content\/uploads\/2024\/09\/STA301.jpg\" \/>\n\t<meta property=\"og:image:width\" content=\"700\" \/>\n\t<meta property=\"og:image:height\" content=\"700\" \/>\n\t<meta property=\"og:image:type\" content=\"image\/jpeg\" \/>\n<meta name=\"twitter:card\" content=\"summary_large_image\" \/>\n<meta name=\"twitter:label1\" content=\"Tahmini okuma s\u00fcresi\" \/>\n\t<meta name=\"twitter:data1\" content=\"3 dakika\" \/>\n<script type=\"application\/ld+json\" class=\"yoast-schema-graph\">{\"@context\":\"https:\/\/schema.org\",\"@graph\":[{\"@type\":\"WebPage\",\"@id\":\"https:\/\/sxflightcase.com\/tr\/urun\/kapi-menteseleri-tedarikcisi-sta301-2\/\",\"url\":\"https:\/\/sxflightcase.com\/tr\/urun\/kapi-menteseleri-tedarikcisi-sta301-2\/\",\"name\":\"Door Hinges Supplier STA301 - https:\/\/sxflightcase.com \ud83d\udc97\",\"isPartOf\":{\"@id\":\"https:\/\/sxflightcase.com\/th\/#website\"},\"primaryImageOfPage\":{\"@id\":\"https:\/\/sxflightcase.com\/tr\/urun\/kapi-menteseleri-tedarikcisi-sta301-2\/#primaryimage\"},\"image\":{\"@id\":\"https:\/\/sxflightcase.com\/tr\/urun\/kapi-menteseleri-tedarikcisi-sta301-2\/#primaryimage\"},\"thumbnailUrl\":\"https:\/\/sxflightcase.com\/wp-content\/uploads\/2024\/09\/STA301.jpg\",\"datePublished\":\"2024-09-25T06:20:51+00:00\",\"dateModified\":\"2024-09-25T06:20:52+00:00\",\"description\":\"SX, a leading door hinges supplier, offers factory-direct pricing, top-quality products, and a wide selection for residential and commercial use.\",\"breadcrumb\":{\"@id\":\"https:\/\/sxflightcase.com\/tr\/urun\/kapi-menteseleri-tedarikcisi-sta301-2\/#breadcrumb\"},\"inLanguage\":\"tr\",\"potentialAction\":[{\"@type\":\"ReadAction\",\"target\":[\"https:\/\/sxflightcase.com\/tr\/urun\/kapi-menteseleri-tedarikcisi-sta301-2\/\"]}]},{\"@type\":\"ImageObject\",\"inLanguage\":\"tr\",\"@id\":\"https:\/\/sxflightcase.com\/tr\/urun\/kapi-menteseleri-tedarikcisi-sta301-2\/#primaryimage\",\"url\":\"https:\/\/sxflightcase.com\/wp-content\/uploads\/2024\/09\/STA301.jpg\",\"contentUrl\":\"https:\/\/sxflightcase.com\/wp-content\/uploads\/2024\/09\/STA301.jpg\",\"width\":700,\"height\":700,\"caption\":\"Door Hinges Supplier\"},{\"@type\":\"BreadcrumbList\",\"@id\":\"https:\/\/sxflightcase.com\/tr\/urun\/kapi-menteseleri-tedarikcisi-sta301-2\/#breadcrumb\",\"itemListElement\":[{\"@type\":\"ListItem\",\"position\":1,\"name\":\"Home\",\"item\":\"https:\/\/sxflightcase.com\/\"},{\"@type\":\"ListItem\",\"position\":2,\"name\":\"\u0e2a\u0e34\u0e19\u0e04\u0e49\u0e32\",\"item\":\"https:\/\/sxflightcase.com\/th\/shop\/\"},{\"@type\":\"ListItem\",\"position\":3,\"name\":\"Door Hinges Supplier STA301\"}]},{\"@type\":\"WebSite\",\"@id\":\"https:\/\/sxflightcase.com\/th\/#website\",\"url\":\"https:\/\/sxflightcase.com\/th\/\",\"name\":\"sxpowercase.com\",\"description\":\"Flight Case Factory\",\"publisher\":{\"@id\":\"https:\/\/sxflightcase.com\/th\/#organization\"},\"potentialAction\":[{\"@type\":\"SearchAction\",\"target\":{\"@type\":\"EntryPoint\",\"urlTemplate\":\"https:\/\/sxflightcase.com\/th\/?s={search_term_string}\"},\"query-input\":{\"@type\":\"PropertyValueSpecification\",\"valueRequired\":true,\"valueName\":\"search_term_string\"}}],\"inLanguage\":\"tr\"},{\"@type\":\"Organization\",\"@id\":\"https:\/\/sxflightcase.com\/th\/#organization\",\"name\":\"sxpowercase.com\",\"url\":\"https:\/\/sxflightcase.com\/th\/\",\"logo\":{\"@type\":\"ImageObject\",\"inLanguage\":\"tr\",\"@id\":\"https:\/\/sxflightcase.com\/th\/#\/schema\/logo\/image\/\",\"url\":\"https:\/\/sxflightcase.com\/wp-content\/uploads\/2024\/04\/1713919036007.jpg\",\"contentUrl\":\"https:\/\/sxflightcase.com\/wp-content\/uploads\/2024\/04\/1713919036007.jpg\",\"width\":382,\"height\":388,\"caption\":\"sxpowercase.com\"},\"image\":{\"@id\":\"https:\/\/sxflightcase.com\/th\/#\/schema\/logo\/image\/\"},\"sameAs\":[\"https:\/\/www.facebook.com\/profile.php?id=61560407257971\"],\"numberOfEmployees\":{\"@type\":\"QuantitativeValue\",\"minValue\":\"11\",\"maxValue\":\"50\"}}]}<\/script>\n<!-- \/ Yoast SEO Premium plugin. -->","yoast_head_json":{"title":"Door Hinges Supplier STA301 - https:\/\/sxflightcase.com \ud83d\udc97","description":"\u00d6nde gelen bir kap\u0131 mente\u015fesi tedarik\u00e7isi olan SX, fabrikadan do\u011frudan fiyatland\u0131rma, en kaliteli \u00fcr\u00fcnler ve konut ve ticari kullan\u0131m i\u00e7in geni\u015f bir \u00fcr\u00fcn yelpazesi sunar.","robots":{"index":"index","follow":"follow","max-snippet":"max-snippet:-1","max-image-preview":"max-image-preview:large","max-video-preview":"max-video-preview:-1"},"canonical":"https:\/\/sxflightcase.com\/tr\/urun\/kapi-menteseleri-tedarikcisi-sta301-2\/","og_locale":"tr_TR","og_type":"article","og_title":"Door Hinges Supplier STA301","og_description":"SX, a leading door hinges supplier, offers factory-direct pricing, top-quality products, and a wide selection for residential and commercial use.","og_url":"https:\/\/sxflightcase.com\/tr\/urun\/kapi-menteseleri-tedarikcisi-sta301-2\/","og_site_name":"https:\/\/sxflightcase.com","article_publisher":"https:\/\/www.facebook.com\/profile.php?id=61560407257971","article_modified_time":"2024-09-25T06:20:52+00:00","og_image":[{"width":700,"height":700,"url":"https:\/\/sxflightcase.com\/wp-content\/uploads\/2024\/09\/STA301.jpg","type":"image\/jpeg"}],"twitter_card":"summary_large_image","twitter_misc":{"Tahmini okuma s\u00fcresi":"3 dakika"},"schema":{"@context":"https:\/\/schema.org","@graph":[{"@type":"WebPage","@id":"https:\/\/sxflightcase.com\/tr\/urun\/kapi-menteseleri-tedarikcisi-sta301-2\/","url":"https:\/\/sxflightcase.com\/tr\/urun\/kapi-menteseleri-tedarikcisi-sta301-2\/","name":"Door Hinges Supplier STA301 - https:\/\/sxflightcase.com \ud83d\udc97","isPartOf":{"@id":"https:\/\/sxflightcase.com\/th\/#website"},"primaryImageOfPage":{"@id":"https:\/\/sxflightcase.com\/tr\/urun\/kapi-menteseleri-tedarikcisi-sta301-2\/#primaryimage"},"image":{"@id":"https:\/\/sxflightcase.com\/tr\/urun\/kapi-menteseleri-tedarikcisi-sta301-2\/#primaryimage"},"thumbnailUrl":"https:\/\/sxflightcase.com\/wp-content\/uploads\/2024\/09\/STA301.jpg","datePublished":"2024-09-25T06:20:51+00:00","dateModified":"2024-09-25T06:20:52+00:00","description":"\u00d6nde gelen bir kap\u0131 mente\u015fesi tedarik\u00e7isi olan SX, fabrikadan do\u011frudan fiyatland\u0131rma, en kaliteli \u00fcr\u00fcnler ve konut ve ticari kullan\u0131m i\u00e7in geni\u015f bir \u00fcr\u00fcn yelpazesi sunar.","breadcrumb":{"@id":"https:\/\/sxflightcase.com\/tr\/urun\/kapi-menteseleri-tedarikcisi-sta301-2\/#breadcrumb"},"inLanguage":"tr","potentialAction":[{"@type":"ReadAction","target":["https:\/\/sxflightcase.com\/tr\/urun\/kapi-menteseleri-tedarikcisi-sta301-2\/"]}]},{"@type":"ImageObject","inLanguage":"tr","@id":"https:\/\/sxflightcase.com\/tr\/urun\/kapi-menteseleri-tedarikcisi-sta301-2\/#primaryimage","url":"https:\/\/sxflightcase.com\/wp-content\/uploads\/2024\/09\/STA301.jpg","contentUrl":"https:\/\/sxflightcase.com\/wp-content\/uploads\/2024\/09\/STA301.jpg","width":700,"height":700,"caption":"Door Hinges Supplier"},{"@type":"BreadcrumbList","@id":"https:\/\/sxflightcase.com\/tr\/urun\/kapi-menteseleri-tedarikcisi-sta301-2\/#breadcrumb","itemListElement":[{"@type":"ListItem","position":1,"name":"Home","item":"https:\/\/sxflightcase.com\/"},{"@type":"ListItem","position":2,"name":"\u0e2a\u0e34\u0e19\u0e04\u0e49\u0e32","item":"https:\/\/sxflightcase.com\/th\/shop\/"},{"@type":"ListItem","position":3,"name":"Door Hinges Supplier STA301"}]},{"@type":"WebSite","@id":"https:\/\/sxflightcase.com\/th\/#website","url":"https:\/\/sxflightcase.com\/th\/","name":"sxpowercase.com","description":"U\u00e7u\u015f \u00c7antas\u0131 Fabrikas\u0131","publisher":{"@id":"https:\/\/sxflightcase.com\/th\/#organization"},"potentialAction":[{"@type":"SearchAction","target":{"@type":"EntryPoint","urlTemplate":"https:\/\/sxflightcase.com\/th\/?s={search_term_string}"},"query-input":{"@type":"PropertyValueSpecification","valueRequired":true,"valueName":"search_term_string"}}],"inLanguage":"tr"},{"@type":"Organization","@id":"https:\/\/sxflightcase.com\/th\/#organization","name":"sxpowercase.com","url":"https:\/\/sxflightcase.com\/th\/","logo":{"@type":"ImageObject","inLanguage":"tr","@id":"https:\/\/sxflightcase.com\/th\/#\/schema\/logo\/image\/","url":"https:\/\/sxflightcase.com\/wp-content\/uploads\/2024\/04\/1713919036007.jpg","contentUrl":"https:\/\/sxflightcase.com\/wp-content\/uploads\/2024\/04\/1713919036007.jpg","width":382,"height":388,"caption":"sxpowercase.com"},"image":{"@id":"https:\/\/sxflightcase.com\/th\/#\/schema\/logo\/image\/"},"sameAs":["https:\/\/www.facebook.com\/profile.php?id=61560407257971"],"numberOfEmployees":{"@type":"QuantitativeValue","minValue":"11","maxValue":"50"}}]}},"_links":{"self":[{"href":"https:\/\/sxflightcase.com\/tr\/wp-json\/wp\/v2\/product\/4550","targetHints":{"allow":["GET"]}}],"collection":[{"href":"https:\/\/sxflightcase.com\/tr\/wp-json\/wp\/v2\/product"}],"about":[{"href":"https:\/\/sxflightcase.com\/tr\/wp-json\/wp\/v2\/types\/product"}],"replies":[{"embeddable":true,"href":"https:\/\/sxflightcase.com\/tr\/wp-json\/wp\/v2\/comments?post=4550"}],"version-history":[{"count":0,"href":"https:\/\/sxflightcase.com\/tr\/wp-json\/wp\/v2\/product\/4550\/revisions"}],"wp:featuredmedia":[{"embeddable":true,"href":"https:\/\/sxflightcase.com\/tr\/wp-json\/wp\/v2\/media\/4500"}],"wp:attachment":[{"href":"https:\/\/sxflightcase.com\/tr\/wp-json\/wp\/v2\/media?parent=4550"}],"wp:term":[{"taxonomy":"product_brand","embeddable":true,"href":"https:\/\/sxflightcase.com\/tr\/wp-json\/wp\/v2\/product_brand?post=4550"},{"taxonomy":"product_cat","embeddable":true,"href":"https:\/\/sxflightcase.com\/tr\/wp-json\/wp\/v2\/product_cat?post=4550"},{"taxonomy":"product_tag","embeddable":true,"href":"https:\/\/sxflightcase.com\/tr\/wp-json\/wp\/v2\/product_tag?post=4550"}],"curies":[{"name":"wp","href":"https:\/\/api.w.org\/{rel}","templated":true}]}}