{"id":4551,"date":"2024-09-25T07:26:27","date_gmt":"2024-09-25T06:26:27","guid":{"rendered":"https:\/\/sxpowercase.com\/?post_type=product&#038;p=4551"},"modified":"2024-09-25T07:26:28","modified_gmt":"2024-09-25T06:26:28","slug":"support-hinges-stb101","status":"publish","type":"product","link":"https:\/\/sxflightcase.com\/tr\/urun\/destek-menteseleri-stb101-2\/","title":{"rendered":"Destek Mente\u015feleri STB101"},"content":{"rendered":"<h3>SX: G\u00fcvenilir Kayna\u011f\u0131n\u0131z <strong>Destek Mente\u015feleri<\/strong><\/h3>\n<p>SX olarak, g\u00fcvenilir bir tedarik\u00e7i olmaktan gurur duyuyoruz <strong>destek mente\u015feleri<\/strong> dayan\u0131kl\u0131l\u0131k ve ekonomikli\u011fi bir araya getirir. \u0130ster konut, ister ticari veya end\u00fcstriyel uygulamalar i\u00e7in olsun, mente\u015felerimiz uzun \u00f6m\u00fcrl\u00fc destek ve sorunsuz i\u015flevsellik sunmak \u00fczere tasarlanm\u0131\u015ft\u0131r. \u0130le <strong>fabrikadan do\u011frudan fiyatland\u0131rma<\/strong>ile i\u015f\u00e7ilikten veya sa\u011flaml\u0131ktan \u00f6d\u00fcn vermeden kaliteli mente\u015feleri m\u00fcmk\u00fcn olan en iyi fiyata ald\u0131\u011f\u0131n\u0131zdan emin olabilirsiniz.<\/p>\n<h3>D\u00fc\u015f\u00fck Fiyatlarla \u00dcst\u00fcn Kalite<\/h3>\n<p><a href=\"https:\/\/sxpowercase.com\/\" target=\"_blank\" rel=\"noopener\" title=\"SX\" data-wpil-monitor-id=\"783\">SX<\/a> s\u00f6z konusu oldu\u011funda kalitenin \u00f6nemini anlar. <strong>destek mente\u015feleri<\/strong>. Bu nedenle her bir \u00fcr\u00fcn\u00fcn en y\u00fcksek standartlarda \u00fcretilmesini sa\u011flayarak size zamana meydan okuyan mente\u015feler sunuyoruz. Bizim sayemizde <strong>do\u011frudan-fabri\u0307kadan<\/strong> modeli sayesinde arac\u0131lar\u0131 devre d\u0131\u015f\u0131 b\u0131rak\u0131p bu tasarruflar\u0131 do\u011frudan size aktarabiliyoruz. \u00dcst\u00fcn \u00fcr\u00fcnleri \u015fu fiyata al\u0131yorsunuz <strong>rekabet\u00e7i fiyatlar<\/strong>kalite garantimiz ile desteklenmektedir.<\/p>\n<h3>Geni\u015f Uygulama Yelpazesi<\/h3>\n<p>Bizim <strong>destek mente\u015feleri<\/strong> \u00e7ok y\u00f6nl\u00fcd\u00fcr, bu da onlar\u0131 dolaplar, kap\u0131lar veya g\u00fc\u00e7l\u00fc ve g\u00fcvenilir mente\u015feler gerektiren di\u011fer kurulumlar gibi \u00e7e\u015fitli uygulamalar i\u00e7in uygun hale getirir. SX serisi, hem i\u015flevsellik hem de montaj kolayl\u0131\u011f\u0131 sunan, farkl\u0131 gereksinimlere hitap eden \u00e7e\u015fitli se\u00e7enekler i\u00e7erir. Her bir mente\u015fenin <strong>maliyet etkin<\/strong> kaliteden \u00f6d\u00fcn vermeden.<\/p>\n<h3>SX M\u00fckemmellik Taahh\u00fcd\u00fc<\/h3>\n<p>SX'i di\u011ferlerinden ay\u0131ran \u015fey, hem uygun fiyat hem de <strong>kalite g\u00fcvencesi<\/strong>. Bizim <strong>destek mente\u015feleri<\/strong> sadece g\u00fcvenilir performans sunmakla kalmaz, ayn\u0131 zamanda \u00fcretimde y\u00fcksek standartlara olan ba\u011fl\u0131l\u0131\u011f\u0131m\u0131zla da desteklenir. SX ile sat\u0131n ald\u0131\u011f\u0131n\u0131z her mente\u015fenin uzun \u00f6m\u00fcrl\u00fc olaca\u011f\u0131na g\u00fcvenebilirsiniz. Bizim <strong>do\u011frudan fabri\u0307ka<\/strong> fiyatland\u0131rma, y\u00fcksek kaliteli donan\u0131m i\u00e7in m\u00fcmk\u00fcn olan en iyi teklifi alman\u0131z\u0131 sa\u011flar.<\/p>\n<h3>Neden SX&#039;i Se\u00e7melisiniz?<\/h3>\n<p>SX, y\u00fcksek performans i\u00e7in ba\u015fvuraca\u011f\u0131n\u0131z markad\u0131r <strong>destek mente\u015feleri<\/strong> bankay\u0131 bat\u0131rmayacak. Her mente\u015fenin performansl\u0131 ve uzun \u00f6m\u00fcrl\u00fc olmas\u0131n\u0131 sa\u011flamak i\u00e7in uygun fiyat ile kaliteyi birle\u015ftirmeye inan\u0131yoruz. \u00dcr\u00fcnlerimiz, a\u015fa\u011f\u0131daki ko\u015fullarda dayan\u0131kl\u0131 \u00e7\u00f6z\u00fcmler arayanlar i\u00e7in idealdir <strong>uygun fi\u0307yatlar<\/strong>. SX'i se\u00e7ti\u011finizde m\u00fckemmelli\u011fe yat\u0131r\u0131m yapm\u0131\u015f olursunuz.<\/p>\n<h3>\u00c7\u00f6z\u00fcm<\/h3>\n<p>Sizin i\u00e7in SX'i se\u00e7in <strong>destek mente\u015feleri<\/strong> ihtiya\u00e7lar\u0131n\u0131 kar\u015f\u0131lay\u0131n ve her iki d\u00fcnyan\u0131n da en iyisini deneyimleyin: <strong>kalite ve uygun fiyat<\/strong>. Do\u011frudan fabrika modelimiz ve <strong>\u00fcst\u00fcn i\u0307\u015f\u00e7i\u0307li\u0307k<\/strong> bizi fiyat ve g\u00fcvenilirlik aras\u0131nda m\u00fckemmel bir denge arayan m\u00fc\u015fteriler i\u00e7in tercih edilen tedarik\u00e7i haline getirmektedir.<\/p>\n<ol>\n<li>Hemen \u0130leti\u015fime Ge\u00e7in:<span style=\"color: #0000ff;\"><a style=\"color: #0000ff;\" href=\"https:\/\/sxpowercase.com\/contact-us\/\">https:\/\/sxpowercase.com\/<\/a><\/span><\/li>\n<li>Donan\u0131m \u00dcr\u00fcn Katalo\u011fu\uff1a<span style=\"color: #0000ff;\"><a style=\"color: #0000ff;\" href=\"https:\/\/sxpowercase.com\/wp-content\/uploads\/2024\/07\/\u4e94\u91d1.pdf\">Donan\u0131m aksesuarlar\u0131 katalo\u011fu<\/a><\/span><\/li>\n<\/ol>","protected":false},"excerpt":{"rendered":"<h3>Uygun Fiyatlarla Dayan\u0131kl\u0131 Destek Mente\u015feleri<\/h3>\n<p>SX, konut, ticari ve end\u00fcstriyel uygulamalarda uzun \u00f6m\u00fcrl\u00fc performans i\u00e7in tasarlanm\u0131\u015f y\u00fcksek kaliteli destek mente\u015felerini rekabet\u00e7i fabrika do\u011frudan fiyatlar\u0131yla sunar.<\/p>\n<h3>\u00c7ok Y\u00f6nl\u00fc ve Uygun Maliyetli \u00c7\u00f6z\u00fcmler<\/h3>\n<p>Destek mente\u015felerimiz \u00e7ok y\u00f6nl\u00fcl\u00fck ve montaj kolayl\u0131\u011f\u0131 sunarak dayan\u0131kl\u0131l\u0131k veya maliyetten \u00f6d\u00fcn vermeden dolaplar, kap\u0131lar ve daha fazlas\u0131 i\u00e7in uygun hale getirir.<\/p>\n<h3>Kalite ve Uygun Fiyatta M\u00fckemmellik<\/h3>\n<p>SX, i\u015f\u00e7ili\u011fi uygun fiyatla birle\u015ftirerek her destek mente\u015fesinin kat\u0131 kalite standartlar\u0131n\u0131 kar\u015f\u0131lamas\u0131n\u0131 sa\u011flarken paran\u0131z\u0131n kar\u015f\u0131l\u0131\u011f\u0131n\u0131 en iyi \u015fekilde verir.<\/p>","protected":false},"featured_media":4501,"comment_status":"open","ping_status":"closed","template":"","meta":[],"product_brand":[],"product_cat":[67],"product_tag":[],"class_list":{"0":"post-4551","1":"product","2":"type-product","3":"status-publish","4":"has-post-thumbnail","6":"product_cat-hingesstays","8":"first","9":"instock","10":"shipping-taxable","11":"product-type-simple"},"yoast_head":"<!-- This site is optimized with the Yoast SEO Premium plugin v27.1 (Yoast SEO v27.2) - https:\/\/yoast.com\/product\/yoast-seo-premium-wordpress\/ -->\n<title>Support Hinges STB101 - https:\/\/sxflightcase.com \ud83d\udc97<\/title>\n<meta name=\"description\" content=\"SX offers high-quality support hinges at factory-direct prices. Durable, reliable, and affordable, SX is your trusted source for hinges.\" \/>\n<meta name=\"robots\" content=\"index, follow, max-snippet:-1, max-image-preview:large, max-video-preview:-1\" \/>\n<link rel=\"canonical\" href=\"https:\/\/sxflightcase.com\/tr\/\u4ea7\u54c1\/\u652f\u6491\u94f0\u94fe-stb101-2\/\" \/>\n<meta property=\"og:locale\" content=\"tr_TR\" \/>\n<meta property=\"og:type\" content=\"article\" \/>\n<meta property=\"og:title\" content=\"Support Hinges STB101\" \/>\n<meta property=\"og:description\" content=\"SX offers high-quality support hinges at factory-direct prices. Durable, reliable, and affordable, SX is your trusted source for hinges.\" \/>\n<meta property=\"og:url\" content=\"https:\/\/sxflightcase.com\/tr\/\u4ea7\u54c1\/\u652f\u6491\u94f0\u94fe-stb101-2\/\" \/>\n<meta property=\"og:site_name\" content=\"https:\/\/sxflightcase.com\" \/>\n<meta property=\"article:publisher\" content=\"https:\/\/www.facebook.com\/profile.php?id=61560407257971\" \/>\n<meta property=\"article:modified_time\" content=\"2024-09-25T06:26:28+00:00\" \/>\n<meta property=\"og:image\" content=\"https:\/\/sxflightcase.com\/wp-content\/uploads\/2024\/09\/STB101.jpg\" \/>\n\t<meta property=\"og:image:width\" content=\"700\" \/>\n\t<meta property=\"og:image:height\" content=\"700\" \/>\n\t<meta property=\"og:image:type\" content=\"image\/jpeg\" \/>\n<meta name=\"twitter:card\" content=\"summary_large_image\" \/>\n<meta name=\"twitter:label1\" content=\"Tahmini okuma s\u00fcresi\" \/>\n\t<meta name=\"twitter:data1\" content=\"3 dakika\" \/>\n<script type=\"application\/ld+json\" class=\"yoast-schema-graph\">{\"@context\":\"https:\/\/schema.org\",\"@graph\":[{\"@type\":\"WebPage\",\"@id\":\"https:\/\/sxflightcase.com\/zh\/\u4ea7\u54c1\/\u652f\u6491\u94f0\u94fe-stb101-2\/\",\"url\":\"https:\/\/sxflightcase.com\/zh\/\u4ea7\u54c1\/\u652f\u6491\u94f0\u94fe-stb101-2\/\",\"name\":\"Support Hinges STB101 - https:\/\/sxflightcase.com \ud83d\udc97\",\"isPartOf\":{\"@id\":\"https:\/\/sxflightcase.com\/th\/#website\"},\"primaryImageOfPage\":{\"@id\":\"https:\/\/sxflightcase.com\/zh\/\u4ea7\u54c1\/\u652f\u6491\u94f0\u94fe-stb101-2\/#primaryimage\"},\"image\":{\"@id\":\"https:\/\/sxflightcase.com\/zh\/\u4ea7\u54c1\/\u652f\u6491\u94f0\u94fe-stb101-2\/#primaryimage\"},\"thumbnailUrl\":\"https:\/\/sxflightcase.com\/wp-content\/uploads\/2024\/09\/STB101.jpg\",\"datePublished\":\"2024-09-25T06:26:27+00:00\",\"dateModified\":\"2024-09-25T06:26:28+00:00\",\"description\":\"SX offers high-quality support hinges at factory-direct prices. Durable, reliable, and affordable, SX is your trusted source for hinges.\",\"breadcrumb\":{\"@id\":\"https:\/\/sxflightcase.com\/zh\/\u4ea7\u54c1\/\u652f\u6491\u94f0\u94fe-stb101-2\/#breadcrumb\"},\"inLanguage\":\"tr\",\"potentialAction\":[{\"@type\":\"ReadAction\",\"target\":[\"https:\/\/sxflightcase.com\/zh\/\u4ea7\u54c1\/\u652f\u6491\u94f0\u94fe-stb101-2\/\"]}]},{\"@type\":\"ImageObject\",\"inLanguage\":\"tr\",\"@id\":\"https:\/\/sxflightcase.com\/zh\/\u4ea7\u54c1\/\u652f\u6491\u94f0\u94fe-stb101-2\/#primaryimage\",\"url\":\"https:\/\/sxflightcase.com\/wp-content\/uploads\/2024\/09\/STB101.jpg\",\"contentUrl\":\"https:\/\/sxflightcase.com\/wp-content\/uploads\/2024\/09\/STB101.jpg\",\"width\":700,\"height\":700,\"caption\":\"Support Hinges\"},{\"@type\":\"BreadcrumbList\",\"@id\":\"https:\/\/sxflightcase.com\/zh\/\u4ea7\u54c1\/\u652f\u6491\u94f0\u94fe-stb101-2\/#breadcrumb\",\"itemListElement\":[{\"@type\":\"ListItem\",\"position\":1,\"name\":\"Home\",\"item\":\"https:\/\/sxflightcase.com\/\"},{\"@type\":\"ListItem\",\"position\":2,\"name\":\"\u0e2a\u0e34\u0e19\u0e04\u0e49\u0e32\",\"item\":\"https:\/\/sxflightcase.com\/th\/shop\/\"},{\"@type\":\"ListItem\",\"position\":3,\"name\":\"Support Hinges STB101\"}]},{\"@type\":\"WebSite\",\"@id\":\"https:\/\/sxflightcase.com\/th\/#website\",\"url\":\"https:\/\/sxflightcase.com\/th\/\",\"name\":\"sxpowercase.com\",\"description\":\"Flight Case Factory\",\"publisher\":{\"@id\":\"https:\/\/sxflightcase.com\/th\/#organization\"},\"potentialAction\":[{\"@type\":\"SearchAction\",\"target\":{\"@type\":\"EntryPoint\",\"urlTemplate\":\"https:\/\/sxflightcase.com\/th\/?s={search_term_string}\"},\"query-input\":{\"@type\":\"PropertyValueSpecification\",\"valueRequired\":true,\"valueName\":\"search_term_string\"}}],\"inLanguage\":\"tr\"},{\"@type\":\"Organization\",\"@id\":\"https:\/\/sxflightcase.com\/th\/#organization\",\"name\":\"sxpowercase.com\",\"url\":\"https:\/\/sxflightcase.com\/th\/\",\"logo\":{\"@type\":\"ImageObject\",\"inLanguage\":\"tr\",\"@id\":\"https:\/\/sxflightcase.com\/th\/#\/schema\/logo\/image\/\",\"url\":\"https:\/\/sxflightcase.com\/wp-content\/uploads\/2024\/04\/1713919036007.jpg\",\"contentUrl\":\"https:\/\/sxflightcase.com\/wp-content\/uploads\/2024\/04\/1713919036007.jpg\",\"width\":382,\"height\":388,\"caption\":\"sxpowercase.com\"},\"image\":{\"@id\":\"https:\/\/sxflightcase.com\/th\/#\/schema\/logo\/image\/\"},\"sameAs\":[\"https:\/\/www.facebook.com\/profile.php?id=61560407257971\"],\"numberOfEmployees\":{\"@type\":\"QuantitativeValue\",\"minValue\":\"11\",\"maxValue\":\"50\"}}]}<\/script>\n<!-- \/ Yoast SEO Premium plugin. -->","yoast_head_json":{"title":"Support Hinges STB101 - https:\/\/sxflightcase.com \ud83d\udc97","description":"SX, fabrika do\u011frudan fiyatlar\u0131yla y\u00fcksek kaliteli destek mente\u015feleri sunar. Dayan\u0131kl\u0131, g\u00fcvenilir ve uygun fiyatl\u0131 SX, mente\u015feler i\u00e7in g\u00fcvenilir kayna\u011f\u0131n\u0131zd\u0131r.","robots":{"index":"index","follow":"follow","max-snippet":"max-snippet:-1","max-image-preview":"max-image-preview:large","max-video-preview":"max-video-preview:-1"},"canonical":"https:\/\/sxflightcase.com\/tr\/\u4ea7\u54c1\/\u652f\u6491\u94f0\u94fe-stb101-2\/","og_locale":"tr_TR","og_type":"article","og_title":"Support Hinges STB101","og_description":"SX offers high-quality support hinges at factory-direct prices. Durable, reliable, and affordable, SX is your trusted source for hinges.","og_url":"https:\/\/sxflightcase.com\/tr\/\u4ea7\u54c1\/\u652f\u6491\u94f0\u94fe-stb101-2\/","og_site_name":"https:\/\/sxflightcase.com","article_publisher":"https:\/\/www.facebook.com\/profile.php?id=61560407257971","article_modified_time":"2024-09-25T06:26:28+00:00","og_image":[{"width":700,"height":700,"url":"https:\/\/sxflightcase.com\/wp-content\/uploads\/2024\/09\/STB101.jpg","type":"image\/jpeg"}],"twitter_card":"summary_large_image","twitter_misc":{"Tahmini okuma s\u00fcresi":"3 dakika"},"schema":{"@context":"https:\/\/schema.org","@graph":[{"@type":"WebPage","@id":"https:\/\/sxflightcase.com\/zh\/\u4ea7\u54c1\/\u652f\u6491\u94f0\u94fe-stb101-2\/","url":"https:\/\/sxflightcase.com\/zh\/\u4ea7\u54c1\/\u652f\u6491\u94f0\u94fe-stb101-2\/","name":"Support Hinges STB101 - https:\/\/sxflightcase.com \ud83d\udc97","isPartOf":{"@id":"https:\/\/sxflightcase.com\/th\/#website"},"primaryImageOfPage":{"@id":"https:\/\/sxflightcase.com\/zh\/\u4ea7\u54c1\/\u652f\u6491\u94f0\u94fe-stb101-2\/#primaryimage"},"image":{"@id":"https:\/\/sxflightcase.com\/zh\/\u4ea7\u54c1\/\u652f\u6491\u94f0\u94fe-stb101-2\/#primaryimage"},"thumbnailUrl":"https:\/\/sxflightcase.com\/wp-content\/uploads\/2024\/09\/STB101.jpg","datePublished":"2024-09-25T06:26:27+00:00","dateModified":"2024-09-25T06:26:28+00:00","description":"SX, fabrika do\u011frudan fiyatlar\u0131yla y\u00fcksek kaliteli destek mente\u015feleri sunar. Dayan\u0131kl\u0131, g\u00fcvenilir ve uygun fiyatl\u0131 SX, mente\u015feler i\u00e7in g\u00fcvenilir kayna\u011f\u0131n\u0131zd\u0131r.","breadcrumb":{"@id":"https:\/\/sxflightcase.com\/zh\/\u4ea7\u54c1\/\u652f\u6491\u94f0\u94fe-stb101-2\/#breadcrumb"},"inLanguage":"tr","potentialAction":[{"@type":"ReadAction","target":["https:\/\/sxflightcase.com\/zh\/\u4ea7\u54c1\/\u652f\u6491\u94f0\u94fe-stb101-2\/"]}]},{"@type":"ImageObject","inLanguage":"tr","@id":"https:\/\/sxflightcase.com\/zh\/\u4ea7\u54c1\/\u652f\u6491\u94f0\u94fe-stb101-2\/#primaryimage","url":"https:\/\/sxflightcase.com\/wp-content\/uploads\/2024\/09\/STB101.jpg","contentUrl":"https:\/\/sxflightcase.com\/wp-content\/uploads\/2024\/09\/STB101.jpg","width":700,"height":700,"caption":"Support Hinges"},{"@type":"BreadcrumbList","@id":"https:\/\/sxflightcase.com\/zh\/\u4ea7\u54c1\/\u652f\u6491\u94f0\u94fe-stb101-2\/#breadcrumb","itemListElement":[{"@type":"ListItem","position":1,"name":"Home","item":"https:\/\/sxflightcase.com\/"},{"@type":"ListItem","position":2,"name":"\u0e2a\u0e34\u0e19\u0e04\u0e49\u0e32","item":"https:\/\/sxflightcase.com\/th\/shop\/"},{"@type":"ListItem","position":3,"name":"Support Hinges STB101"}]},{"@type":"WebSite","@id":"https:\/\/sxflightcase.com\/th\/#website","url":"https:\/\/sxflightcase.com\/th\/","name":"sxpowercase.com","description":"U\u00e7u\u015f \u00c7antas\u0131 Fabrikas\u0131","publisher":{"@id":"https:\/\/sxflightcase.com\/th\/#organization"},"potentialAction":[{"@type":"SearchAction","target":{"@type":"EntryPoint","urlTemplate":"https:\/\/sxflightcase.com\/th\/?s={search_term_string}"},"query-input":{"@type":"PropertyValueSpecification","valueRequired":true,"valueName":"search_term_string"}}],"inLanguage":"tr"},{"@type":"Organization","@id":"https:\/\/sxflightcase.com\/th\/#organization","name":"sxpowercase.com","url":"https:\/\/sxflightcase.com\/th\/","logo":{"@type":"ImageObject","inLanguage":"tr","@id":"https:\/\/sxflightcase.com\/th\/#\/schema\/logo\/image\/","url":"https:\/\/sxflightcase.com\/wp-content\/uploads\/2024\/04\/1713919036007.jpg","contentUrl":"https:\/\/sxflightcase.com\/wp-content\/uploads\/2024\/04\/1713919036007.jpg","width":382,"height":388,"caption":"sxpowercase.com"},"image":{"@id":"https:\/\/sxflightcase.com\/th\/#\/schema\/logo\/image\/"},"sameAs":["https:\/\/www.facebook.com\/profile.php?id=61560407257971"],"numberOfEmployees":{"@type":"QuantitativeValue","minValue":"11","maxValue":"50"}}]}},"_links":{"self":[{"href":"https:\/\/sxflightcase.com\/tr\/wp-json\/wp\/v2\/product\/4551","targetHints":{"allow":["GET"]}}],"collection":[{"href":"https:\/\/sxflightcase.com\/tr\/wp-json\/wp\/v2\/product"}],"about":[{"href":"https:\/\/sxflightcase.com\/tr\/wp-json\/wp\/v2\/types\/product"}],"replies":[{"embeddable":true,"href":"https:\/\/sxflightcase.com\/tr\/wp-json\/wp\/v2\/comments?post=4551"}],"version-history":[{"count":0,"href":"https:\/\/sxflightcase.com\/tr\/wp-json\/wp\/v2\/product\/4551\/revisions"}],"wp:featuredmedia":[{"embeddable":true,"href":"https:\/\/sxflightcase.com\/tr\/wp-json\/wp\/v2\/media\/4501"}],"wp:attachment":[{"href":"https:\/\/sxflightcase.com\/tr\/wp-json\/wp\/v2\/media?parent=4551"}],"wp:term":[{"taxonomy":"product_brand","embeddable":true,"href":"https:\/\/sxflightcase.com\/tr\/wp-json\/wp\/v2\/product_brand?post=4551"},{"taxonomy":"product_cat","embeddable":true,"href":"https:\/\/sxflightcase.com\/tr\/wp-json\/wp\/v2\/product_cat?post=4551"},{"taxonomy":"product_tag","embeddable":true,"href":"https:\/\/sxflightcase.com\/tr\/wp-json\/wp\/v2\/product_tag?post=4551"}],"curies":[{"name":"wp","href":"https:\/\/api.w.org\/{rel}","templated":true}]}}