{"id":4559,"date":"2024-09-26T04:59:00","date_gmt":"2024-09-26T03:59:00","guid":{"rendered":"https:\/\/sxpowercase.com\/?post_type=product&#038;p=4559"},"modified":"2024-09-26T04:59:01","modified_gmt":"2024-09-26T03:59:01","slug":"support-hinge-kit-stc101","status":"publish","type":"product","link":"https:\/\/sxflightcase.com\/tr\/urun\/destek-mentese-takimi-stc101\/","title":{"rendered":"Destek Mente\u015fe Tak\u0131m\u0131 STC101"},"content":{"rendered":"<h3>SX: G\u00fcvenilir <strong>Destek Mente\u015fe Kiti<\/strong>\u00a0Fabrika Do\u011frudan Fiyatlar\u0131yla<\/h3>\n<p>Uygun fiyatl\u0131 ve y\u00fcksek kaliteli bir <a href=\"https:\/\/sxpowercase.com\/product\/support-hinges-stb201\/\"><strong>Destek Mente\u015fe Kiti<\/strong><\/a>? SX, dayan\u0131kl\u0131 mente\u015fe kitlerini en uygun fiyatlarla sunan g\u00fcvenilir markan\u0131zd\u0131r. <strong>fabrikadan do\u011frudan fiyatland\u0131rma<\/strong>. \u0130ster dolaplar, ister kap\u0131lar veya di\u011fer kurulumlar \u00fczerinde \u00e7al\u0131\u015f\u0131yor olun, g\u00fcvenilirlik ve uzun \u00f6m\u00fcrl\u00fcl\u00fck sa\u011flamak i\u00e7in her kiti hassasiyetle tasarl\u0131yoruz. ile <a href=\"https:\/\/sxpowercase.com\/\" target=\"_blank\" rel=\"noopener\" title=\"SX\" data-wpil-monitor-id=\"785\">SX<\/a>Sadece paradan tasarruf etmiyorsunuz; kaliteye de yat\u0131r\u0131m yap\u0131yorsunuz.<\/p>\n<h3>G\u00fcvenebilece\u011finiz Kalite<\/h3>\n<p>SX, her projenin sa\u011flam ve g\u00fcvenilir donan\u0131m gerektirdi\u011finin fark\u0131ndad\u0131r. Bizim <strong>Destek Mente\u015fe Kitleri<\/strong> maksimum g\u00fc\u00e7 ve dayan\u0131kl\u0131l\u0131k sa\u011flayan en iyi malzemelerle \u00fcretilmi\u015ftir. \u0130ster ev ister end\u00fcstriyel uygulamalar i\u00e7in olsun, bu kitler uzun \u00f6m\u00fcrl\u00fc olacak \u015fekilde \u00fcretilmi\u015ftir. Do\u011frudan fabrikam\u0131zdan sat\u0131\u015f yaparak \u015funlar\u0131 garanti ediyoruz <strong>daha d\u00fc\u015f\u00fck fiyatlar<\/strong> \u00f6d\u00fcn vermeden <strong>kalite g\u00fcvencesi<\/strong> hak ediyorsun.<\/p>\n<h3>\u00c7ok Y\u00f6nl\u00fcl\u00fck ve Kurulum Kolayl\u0131\u011f\u0131<\/h3>\n<p>Bizim <strong>Destek Mente\u015fe Kitleri<\/strong> geni\u015f bir yelpazedeki ihtiya\u00e7lar\u0131 kar\u015f\u0131lamak \u00fczere tasarlanm\u0131\u015ft\u0131r. Her bir kit kolay kurulum i\u00e7in tasarlanm\u0131\u015f olup size zaman ve emek tasarrufu sa\u011flar. \u0130ster kendin yap merakl\u0131s\u0131 ister profesyonel olun, SX'in kitleri ba\u015far\u0131l\u0131 bir proje i\u00e7in ihtiyac\u0131n\u0131z olan t\u00fcm bile\u015fenlerle birlikte gelir. Art\u0131, ile <strong>fabrikadan direkt fiyatlar<\/strong>rakipsiz bir de\u011fer elde edersiniz, bu da bizi kaliteli donan\u0131m \u00e7\u00f6z\u00fcmleri i\u00e7in ba\u015fvurulacak tedarik\u00e7i haline getirir.<\/p>\n<h3>SX Neden Do\u011fru Se\u00e7imdir?<\/h3>\n<p>SX'i se\u00e7ti\u011finizde g\u00fcvenilirli\u011fi se\u00e7mi\u015f olursunuz. Bizim <strong>Destek Mente\u015fe Kitleri<\/strong> performans ve uzun \u00f6m\u00fcrl\u00fcl\u00fck a\u00e7\u0131s\u0131ndan titizlikle test edilmi\u015ftir, bu da onlar\u0131 her ortam i\u00e7in ideal hale getirir. Sunmaktan gurur duyuyoruz <strong>d\u00fc\u015f\u00fck fiyatlar<\/strong> ve bir <strong>kali\u0307te garanti\u0307si\u0307<\/strong>piyasadaki en iyi de\u011feri alman\u0131z\u0131 sa\u011flar. Bizim i\u00e7in itibar <strong>sat\u0131n al\u0131nabilirlik<\/strong> ve m\u00fckemmelli\u011fi, SX'i hem profesyoneller hem de DIY'ciler i\u00e7in tercih edilen bir se\u00e7enek haline getirmektedir.<\/p>\n<h3>SX Avantaj\u0131<\/h3>\n<p>SX'in <strong>Destek Mente\u015fe Kitleri<\/strong> do\u011frudan fabrikam\u0131zdan teslim edilir, bu da maliyetleri d\u00fc\u015f\u00fcrmemize ve tasarruflar\u0131 size aktarmam\u0131za olanak tan\u0131r. Her bir kit ola\u011fan\u00fcst\u00fc performans sunarak yak\u0131n zamanda de\u011fi\u015ftirmeye ihtiya\u00e7 duymaman\u0131z\u0131 sa\u011flar. Taahh\u00fcd\u00fcm\u00fcz <strong>y\u00fcksek standartlar<\/strong> Ve <strong>uygun fi\u0307yatlandirma<\/strong> mente\u015fe kiti ihtiya\u00e7lar\u0131n\u0131z i\u00e7in SX'e g\u00fcvenebilece\u011finiz anlam\u0131na gelir. Do\u011frudan fabrika deneyimini ya\u015fay\u0131n <strong>fiyatland\u0131rma<\/strong> birinci s\u0131n\u0131f ile birlikte <strong>Kalite<\/strong>.<\/p>\n<h3>\u00c7\u00f6z\u00fcm<\/h3>\n<p>SX dayan\u0131kl\u0131, g\u00fcvenilir ve uygun fiyatl\u0131 \u00fcr\u00fcnler sunar <strong>Destek Mente\u015fe Kitleri<\/strong> \u00e7ok \u00e7e\u015fitli uygulamalar i\u00e7in. Bizim ile <strong>fabrika-do\u011frudan model<\/strong>'de en kaliteli \u00fcr\u00fcnleri elde edersiniz. <strong>d\u00fc\u015f\u00fck fiyatlar<\/strong>performanstan \u00f6d\u00fcn vermeden.<\/p>\n<ol>\n<li>Hemen \u0130leti\u015fime Ge\u00e7in:<span style=\"color: #0000ff;\"><a style=\"color: #0000ff;\" href=\"https:\/\/sxpowercase.com\/contact-us\/\">https:\/\/sxpowercase.com\/<\/a><\/span><\/li>\n<li>Donan\u0131m \u00dcr\u00fcn Katalo\u011fu\uff1a<span style=\"color: #0000ff;\"><a style=\"color: #0000ff;\" href=\"https:\/\/sxpowercase.com\/wp-content\/uploads\/2024\/07\/\u4e94\u91d1.pdf\">Donan\u0131m aksesuarlar\u0131 katalo\u011fu<\/a><\/span><\/li>\n<\/ol>","protected":false},"excerpt":{"rendered":"<h3>Uygun Fiyatl\u0131, Y\u00fcksek Kaliteli Destek Mente\u015fe Kitleri<\/h3>\n<p>SX, dolaplar, kap\u0131lar ve daha fazlas\u0131 i\u00e7in hem maliyet tasarrufu hem de uzun \u00f6m\u00fcrl\u00fc kalite sa\u011flayan dayan\u0131kl\u0131 mente\u015fe kitlerini fabrika do\u011frudan fiyatlar\u0131yla sunar.<\/p>\n<h3>G\u00fcvenilir Performans, Uzun \u00d6m\u00fcrl\u00fc<\/h3>\n<p>SX Destek Mente\u015fe Kitleri, hem ev hem de end\u00fcstriyel uygulamalar i\u00e7in g\u00fc\u00e7 ve dayan\u0131kl\u0131l\u0131k sa\u011flamak \u00fczere tasarlanm\u0131\u015f birinci s\u0131n\u0131f malzemelerden \u00fcretilmi\u015ftir.<\/p>\n<h3>Kolay Kurulum ve Ola\u011fan\u00fcst\u00fc De\u011fer<\/h3>\n<p>SX kitleri \u00e7ok y\u00f6nl\u00fcd\u00fcr, kurulumu kolayd\u0131r ve gerekli t\u00fcm bile\u015fenlerle birlikte gelir, fabrikadan do\u011frudan fiyatland\u0131rma ile rakipsiz bir de\u011fer sunar.<\/p>","protected":false},"featured_media":4503,"comment_status":"open","ping_status":"closed","template":"","meta":[],"product_brand":[],"product_cat":[67],"product_tag":[],"class_list":{"0":"post-4559","1":"product","2":"type-product","3":"status-publish","4":"has-post-thumbnail","6":"product_cat-hingesstays","8":"first","9":"instock","10":"shipping-taxable","11":"product-type-simple"},"yoast_head":"<!-- This site is optimized with the Yoast SEO Premium plugin v27.1 (Yoast SEO v27.2) - https:\/\/yoast.com\/product\/yoast-seo-premium-wordpress\/ -->\n<title>Support Hinge Kit STC101 - https:\/\/sxflightcase.com \ud83d\udc97<\/title>\n<meta name=\"description\" content=\"Get top-quality support hinge kits at factory-direct prices from SX. Reliable, durable, and easy to install. Perfect for all projects.\" \/>\n<meta name=\"robots\" content=\"index, follow, max-snippet:-1, max-image-preview:large, max-video-preview:-1\" \/>\n<link rel=\"canonical\" href=\"https:\/\/sxflightcase.com\/tr\/urun\/destek-mentese-takimi-stc101\/\" \/>\n<meta property=\"og:locale\" content=\"tr_TR\" \/>\n<meta property=\"og:type\" content=\"article\" \/>\n<meta property=\"og:title\" content=\"Support Hinge Kit STC101\" \/>\n<meta property=\"og:description\" content=\"Get top-quality support hinge kits at factory-direct prices from SX. Reliable, durable, and easy to install. Perfect for all projects.\" \/>\n<meta property=\"og:url\" content=\"https:\/\/sxflightcase.com\/tr\/urun\/destek-mentese-takimi-stc101\/\" \/>\n<meta property=\"og:site_name\" content=\"https:\/\/sxflightcase.com\" \/>\n<meta property=\"article:publisher\" content=\"https:\/\/www.facebook.com\/profile.php?id=61560407257971\" \/>\n<meta property=\"article:modified_time\" content=\"2024-09-26T03:59:01+00:00\" \/>\n<meta property=\"og:image\" content=\"https:\/\/sxflightcase.com\/wp-content\/uploads\/2024\/09\/STC101.jpg\" \/>\n\t<meta property=\"og:image:width\" content=\"700\" \/>\n\t<meta property=\"og:image:height\" content=\"700\" \/>\n\t<meta property=\"og:image:type\" content=\"image\/jpeg\" \/>\n<meta name=\"twitter:card\" content=\"summary_large_image\" \/>\n<meta name=\"twitter:label1\" content=\"Tahmini okuma s\u00fcresi\" \/>\n\t<meta name=\"twitter:data1\" content=\"3 dakika\" \/>\n<script type=\"application\/ld+json\" class=\"yoast-schema-graph\">{\"@context\":\"https:\/\/schema.org\",\"@graph\":[{\"@type\":\"WebPage\",\"@id\":\"https:\/\/sxflightcase.com\/product\/support-hinge-kit-stc101\/\",\"url\":\"https:\/\/sxflightcase.com\/product\/support-hinge-kit-stc101\/\",\"name\":\"Support Hinge Kit STC101 - https:\/\/sxflightcase.com \ud83d\udc97\",\"isPartOf\":{\"@id\":\"https:\/\/sxflightcase.com\/th\/#website\"},\"primaryImageOfPage\":{\"@id\":\"https:\/\/sxflightcase.com\/product\/support-hinge-kit-stc101\/#primaryimage\"},\"image\":{\"@id\":\"https:\/\/sxflightcase.com\/product\/support-hinge-kit-stc101\/#primaryimage\"},\"thumbnailUrl\":\"https:\/\/sxflightcase.com\/wp-content\/uploads\/2024\/09\/STC101.jpg\",\"datePublished\":\"2024-09-26T03:59:00+00:00\",\"dateModified\":\"2024-09-26T03:59:01+00:00\",\"description\":\"Get top-quality support hinge kits at factory-direct prices from SX. Reliable, durable, and easy to install. Perfect for all projects.\",\"breadcrumb\":{\"@id\":\"https:\/\/sxflightcase.com\/product\/support-hinge-kit-stc101\/#breadcrumb\"},\"inLanguage\":\"tr\",\"potentialAction\":[{\"@type\":\"ReadAction\",\"target\":[\"https:\/\/sxflightcase.com\/product\/support-hinge-kit-stc101\/\"]}]},{\"@type\":\"ImageObject\",\"inLanguage\":\"tr\",\"@id\":\"https:\/\/sxflightcase.com\/product\/support-hinge-kit-stc101\/#primaryimage\",\"url\":\"https:\/\/sxflightcase.com\/wp-content\/uploads\/2024\/09\/STC101.jpg\",\"contentUrl\":\"https:\/\/sxflightcase.com\/wp-content\/uploads\/2024\/09\/STC101.jpg\",\"width\":700,\"height\":700,\"caption\":\"Support Hinge Kit\"},{\"@type\":\"BreadcrumbList\",\"@id\":\"https:\/\/sxflightcase.com\/product\/support-hinge-kit-stc101\/#breadcrumb\",\"itemListElement\":[{\"@type\":\"ListItem\",\"position\":1,\"name\":\"Home\",\"item\":\"https:\/\/sxflightcase.com\/\"},{\"@type\":\"ListItem\",\"position\":2,\"name\":\"\u0e2a\u0e34\u0e19\u0e04\u0e49\u0e32\",\"item\":\"https:\/\/sxflightcase.com\/th\/shop\/\"},{\"@type\":\"ListItem\",\"position\":3,\"name\":\"Support Hinge Kit STC101\"}]},{\"@type\":\"WebSite\",\"@id\":\"https:\/\/sxflightcase.com\/th\/#website\",\"url\":\"https:\/\/sxflightcase.com\/th\/\",\"name\":\"sxpowercase.com\",\"description\":\"Flight Case Factory\",\"publisher\":{\"@id\":\"https:\/\/sxflightcase.com\/th\/#organization\"},\"potentialAction\":[{\"@type\":\"SearchAction\",\"target\":{\"@type\":\"EntryPoint\",\"urlTemplate\":\"https:\/\/sxflightcase.com\/th\/?s={search_term_string}\"},\"query-input\":{\"@type\":\"PropertyValueSpecification\",\"valueRequired\":true,\"valueName\":\"search_term_string\"}}],\"inLanguage\":\"tr\"},{\"@type\":\"Organization\",\"@id\":\"https:\/\/sxflightcase.com\/th\/#organization\",\"name\":\"sxpowercase.com\",\"url\":\"https:\/\/sxflightcase.com\/th\/\",\"logo\":{\"@type\":\"ImageObject\",\"inLanguage\":\"tr\",\"@id\":\"https:\/\/sxflightcase.com\/th\/#\/schema\/logo\/image\/\",\"url\":\"https:\/\/sxflightcase.com\/wp-content\/uploads\/2024\/04\/1713919036007.jpg\",\"contentUrl\":\"https:\/\/sxflightcase.com\/wp-content\/uploads\/2024\/04\/1713919036007.jpg\",\"width\":382,\"height\":388,\"caption\":\"sxpowercase.com\"},\"image\":{\"@id\":\"https:\/\/sxflightcase.com\/th\/#\/schema\/logo\/image\/\"},\"sameAs\":[\"https:\/\/www.facebook.com\/profile.php?id=61560407257971\"],\"numberOfEmployees\":{\"@type\":\"QuantitativeValue\",\"minValue\":\"11\",\"maxValue\":\"50\"}}]}<\/script>\n<!-- \/ Yoast SEO Premium plugin. -->","yoast_head_json":{"title":"Support Hinge Kit STC101 - https:\/\/sxflightcase.com \ud83d\udc97","description":"SX'ten fabrikada do\u011frudan fiyatlarla en kaliteli destek mente\u015fe kitlerini al\u0131n. G\u00fcvenilir, dayan\u0131kl\u0131 ve kurulumu kolay. T\u00fcm projeler i\u00e7in m\u00fckemmeldir.","robots":{"index":"index","follow":"follow","max-snippet":"max-snippet:-1","max-image-preview":"max-image-preview:large","max-video-preview":"max-video-preview:-1"},"canonical":"https:\/\/sxflightcase.com\/tr\/urun\/destek-mentese-takimi-stc101\/","og_locale":"tr_TR","og_type":"article","og_title":"Support Hinge Kit STC101","og_description":"Get top-quality support hinge kits at factory-direct prices from SX. Reliable, durable, and easy to install. Perfect for all projects.","og_url":"https:\/\/sxflightcase.com\/tr\/urun\/destek-mentese-takimi-stc101\/","og_site_name":"https:\/\/sxflightcase.com","article_publisher":"https:\/\/www.facebook.com\/profile.php?id=61560407257971","article_modified_time":"2024-09-26T03:59:01+00:00","og_image":[{"width":700,"height":700,"url":"https:\/\/sxflightcase.com\/wp-content\/uploads\/2024\/09\/STC101.jpg","type":"image\/jpeg"}],"twitter_card":"summary_large_image","twitter_misc":{"Tahmini okuma s\u00fcresi":"3 dakika"},"schema":{"@context":"https:\/\/schema.org","@graph":[{"@type":"WebPage","@id":"https:\/\/sxflightcase.com\/product\/support-hinge-kit-stc101\/","url":"https:\/\/sxflightcase.com\/product\/support-hinge-kit-stc101\/","name":"Support Hinge Kit STC101 - https:\/\/sxflightcase.com \ud83d\udc97","isPartOf":{"@id":"https:\/\/sxflightcase.com\/th\/#website"},"primaryImageOfPage":{"@id":"https:\/\/sxflightcase.com\/product\/support-hinge-kit-stc101\/#primaryimage"},"image":{"@id":"https:\/\/sxflightcase.com\/product\/support-hinge-kit-stc101\/#primaryimage"},"thumbnailUrl":"https:\/\/sxflightcase.com\/wp-content\/uploads\/2024\/09\/STC101.jpg","datePublished":"2024-09-26T03:59:00+00:00","dateModified":"2024-09-26T03:59:01+00:00","description":"SX'ten fabrikada do\u011frudan fiyatlarla en kaliteli destek mente\u015fe kitlerini al\u0131n. G\u00fcvenilir, dayan\u0131kl\u0131 ve kurulumu kolay. T\u00fcm projeler i\u00e7in m\u00fckemmeldir.","breadcrumb":{"@id":"https:\/\/sxflightcase.com\/product\/support-hinge-kit-stc101\/#breadcrumb"},"inLanguage":"tr","potentialAction":[{"@type":"ReadAction","target":["https:\/\/sxflightcase.com\/product\/support-hinge-kit-stc101\/"]}]},{"@type":"ImageObject","inLanguage":"tr","@id":"https:\/\/sxflightcase.com\/product\/support-hinge-kit-stc101\/#primaryimage","url":"https:\/\/sxflightcase.com\/wp-content\/uploads\/2024\/09\/STC101.jpg","contentUrl":"https:\/\/sxflightcase.com\/wp-content\/uploads\/2024\/09\/STC101.jpg","width":700,"height":700,"caption":"Support Hinge Kit"},{"@type":"BreadcrumbList","@id":"https:\/\/sxflightcase.com\/product\/support-hinge-kit-stc101\/#breadcrumb","itemListElement":[{"@type":"ListItem","position":1,"name":"Home","item":"https:\/\/sxflightcase.com\/"},{"@type":"ListItem","position":2,"name":"\u0e2a\u0e34\u0e19\u0e04\u0e49\u0e32","item":"https:\/\/sxflightcase.com\/th\/shop\/"},{"@type":"ListItem","position":3,"name":"Support Hinge Kit STC101"}]},{"@type":"WebSite","@id":"https:\/\/sxflightcase.com\/th\/#website","url":"https:\/\/sxflightcase.com\/th\/","name":"sxpowercase.com","description":"U\u00e7u\u015f \u00c7antas\u0131 Fabrikas\u0131","publisher":{"@id":"https:\/\/sxflightcase.com\/th\/#organization"},"potentialAction":[{"@type":"SearchAction","target":{"@type":"EntryPoint","urlTemplate":"https:\/\/sxflightcase.com\/th\/?s={search_term_string}"},"query-input":{"@type":"PropertyValueSpecification","valueRequired":true,"valueName":"search_term_string"}}],"inLanguage":"tr"},{"@type":"Organization","@id":"https:\/\/sxflightcase.com\/th\/#organization","name":"sxpowercase.com","url":"https:\/\/sxflightcase.com\/th\/","logo":{"@type":"ImageObject","inLanguage":"tr","@id":"https:\/\/sxflightcase.com\/th\/#\/schema\/logo\/image\/","url":"https:\/\/sxflightcase.com\/wp-content\/uploads\/2024\/04\/1713919036007.jpg","contentUrl":"https:\/\/sxflightcase.com\/wp-content\/uploads\/2024\/04\/1713919036007.jpg","width":382,"height":388,"caption":"sxpowercase.com"},"image":{"@id":"https:\/\/sxflightcase.com\/th\/#\/schema\/logo\/image\/"},"sameAs":["https:\/\/www.facebook.com\/profile.php?id=61560407257971"],"numberOfEmployees":{"@type":"QuantitativeValue","minValue":"11","maxValue":"50"}}]}},"_links":{"self":[{"href":"https:\/\/sxflightcase.com\/tr\/wp-json\/wp\/v2\/product\/4559","targetHints":{"allow":["GET"]}}],"collection":[{"href":"https:\/\/sxflightcase.com\/tr\/wp-json\/wp\/v2\/product"}],"about":[{"href":"https:\/\/sxflightcase.com\/tr\/wp-json\/wp\/v2\/types\/product"}],"replies":[{"embeddable":true,"href":"https:\/\/sxflightcase.com\/tr\/wp-json\/wp\/v2\/comments?post=4559"}],"version-history":[{"count":0,"href":"https:\/\/sxflightcase.com\/tr\/wp-json\/wp\/v2\/product\/4559\/revisions"}],"wp:featuredmedia":[{"embeddable":true,"href":"https:\/\/sxflightcase.com\/tr\/wp-json\/wp\/v2\/media\/4503"}],"wp:attachment":[{"href":"https:\/\/sxflightcase.com\/tr\/wp-json\/wp\/v2\/media?parent=4559"}],"wp:term":[{"taxonomy":"product_brand","embeddable":true,"href":"https:\/\/sxflightcase.com\/tr\/wp-json\/wp\/v2\/product_brand?post=4559"},{"taxonomy":"product_cat","embeddable":true,"href":"https:\/\/sxflightcase.com\/tr\/wp-json\/wp\/v2\/product_cat?post=4559"},{"taxonomy":"product_tag","embeddable":true,"href":"https:\/\/sxflightcase.com\/tr\/wp-json\/wp\/v2\/product_tag?post=4559"}],"curies":[{"name":"wp","href":"https:\/\/api.w.org\/{rel}","templated":true}]}}