{"id":4561,"date":"2024-09-26T07:09:29","date_gmt":"2024-09-26T06:09:29","guid":{"rendered":"https:\/\/sxpowercase.com\/?post_type=product&#038;p=4561"},"modified":"2024-09-26T07:09:31","modified_gmt":"2024-09-26T06:09:31","slug":"flight-case-support-hinges-stc201","status":"publish","type":"product","link":"https:\/\/sxflightcase.com\/tr\/urun\/ucus-kasasi-destek-menteseleri\u0307-stc201-2\/","title":{"rendered":"U\u00e7u\u015f Kasas\u0131 Destek Mente\u015feleri STC201"},"content":{"rendered":"<h3>SX: Premium <strong>U\u00e7u\u015f \u00c7antas\u0131 Destek Mente\u015feleri<\/strong> Dayan\u0131kl\u0131 Koruma i\u00e7in<\/h3>\n<p>Y\u00fcksek kalite aran\u0131yor <a href=\"https:\/\/sxpowercase.com\/product\/support-hinge-kits-stc102\/\"><strong>U\u00e7u\u015f \u00c7antas\u0131 Destek Mente\u015feleri<\/strong><\/a> ekipman\u0131n\u0131z\u0131n nakliye s\u0131ras\u0131nda g\u00fcvende kalmas\u0131n\u0131 sa\u011flamak i\u00e7in? SX, a\u015fa\u011f\u0131dakilere odaklanarak birinci s\u0131n\u0131f destek mente\u015feleri sunar <strong>fabrikadan do\u011frudan fiyatland\u0131rma<\/strong>. SX'i se\u00e7erek, ekstra maliyet \u00f6demeden dayan\u0131kl\u0131, g\u00fcvenilir \u00fcr\u00fcnlerden yararlan\u0131r ve u\u00e7u\u015f \u00e7antalar\u0131n\u0131z i\u00e7in maksimum koruma sa\u011flars\u0131n\u0131z.<\/p>\n<h3>G\u00fc\u00e7 ve Hassasiyet i\u00e7in Tasarland\u0131<\/h3>\n<p>SX'in <strong>U\u00e7u\u015f \u00c7antas\u0131 Destek Mente\u015feleri<\/strong> ile tasarlanm\u0131\u015ft\u0131r <strong>Kalite<\/strong> ve uzun \u00f6m\u00fcrl\u00fcl\u00fck g\u00f6z \u00f6n\u00fcnde bulundurularak tasarlanm\u0131\u015ft\u0131r. \u015eunlardan \u00fcretilmi\u015ftir <strong>y\u00fcksek kaliteli malzemeler<\/strong>A\u011f\u0131r y\u00fckleri desteklemek ve s\u0131k kullan\u0131ma dayanmak i\u00e7in gereken g\u00fcc\u00fc sa\u011flarlar. Bizim <strong>fabrika-do\u011frudan yakla\u015f\u0131m<\/strong> En y\u00fcksek kalite standartlar\u0131n\u0131 korurken en iyi fiyat\u0131 alman\u0131z\u0131 garanti eder, bu da onu a\u015fa\u011f\u0131dakileri arayan profesyoneller i\u00e7in ak\u0131ll\u0131 bir se\u00e7im haline getirir <strong>uygun fiyatl\u0131 ancak g\u00fcvenilir donan\u0131m<\/strong>.<\/p>\n<h3>\u00d6zel Yap\u0131m U\u00e7u\u015f \u00c7antalar\u0131 i\u00e7in M\u00fckemmel<\/h3>\n<p>i\u00e7in u\u00e7u\u015f kasalar\u0131 in\u015fa ediyor olsan\u0131z da <strong>ses donan\u0131m\u0131<\/strong>, ayd\u0131nlatma veya hassas aletler, bizim <strong>U\u00e7u\u015f \u00c7antas\u0131 Destek Mente\u015feleri<\/strong> teklif <strong>\u00e7ok y\u00f6nl\u00fcl\u00fck<\/strong> ihtiyac\u0131n\u0131z var. Bu mente\u015feler, k\u0131l\u0131flar\u0131n\u0131z\u0131n sorunsuz bir \u015fekilde a\u00e7\u0131lmas\u0131n\u0131 sa\u011flar ve m\u00fckemmel <strong>destek<\/strong> kullan\u0131m s\u0131ras\u0131nda. Kurulumu kolay ve son derece dayan\u0131kl\u0131 olan bu \u00fcr\u00fcnler, de\u011ferli ekipmanlar\u0131n korunmas\u0131 i\u00e7in m\u00fckemmeldir. Ve o zamandan beri <a href=\"https:\/\/sxpowercase.com\/\" target=\"_blank\" rel=\"noopener\" title=\"SX\" data-wpil-monitor-id=\"787\">SX<\/a> teslim eder <strong>do\u011frudan fabrikadan<\/strong>, sen olsun <strong>\u00fcst\u00fcn kaliteli \u00fcr\u00fcnler<\/strong> maliyetinin \u00e7ok alt\u0131nda.<\/p>\n<h3>G\u00fcvenebilece\u011finiz Kalite<\/h3>\n<p>SX olarak \u015funu anl\u0131yoruz <strong>kalite g\u00fcvencesi<\/strong> pahal\u0131 ekipmanlar\u0131n korunmas\u0131 s\u00f6z konusu oldu\u011funda kritik \u00f6neme sahiptir. Bizim <strong>U\u00e7u\u015f \u00c7antas\u0131 Destek Mente\u015feleri<\/strong> s\u0131k\u0131 kalite kontrol s\u00fcre\u00e7lerinden ge\u00e7erek en zorlu ko\u015fullarda bile performans g\u00f6stermelerini sa\u011flar. SX, her \u00fcr\u00fcn\u00fcn arkas\u0131nda durarak en \u00fcst d\u00fczey g\u00fcvenilirli\u011fi <strong>d\u00fc\u015f\u00fck fiyatlar<\/strong>. Bu kombinasyon <strong>kalite ve uygun fiyat<\/strong> SX'in \u00e7e\u015fitli sekt\u00f6rlerdeki profesyoneller i\u00e7in g\u00fcvenilir bir se\u00e7im olmaya devam etmesinin nedeni budur.<\/p>\n<h3>Neden SX&#039;i Se\u00e7melisiniz?<\/h3>\n<p>SX'in <strong>\u00a0Destek Mente\u015feleri<\/strong> m\u00fckemmel bir g\u00fc\u00e7, kurulum kolayl\u0131\u011f\u0131 ve <strong>fabrikada do\u011frudan tasarruf<\/strong>. Taahh\u00fcd\u00fcm\u00fcz <strong>Kalite<\/strong> u\u00e7u\u015f \u00e7antalar\u0131n\u0131z\u0131n g\u00fcvenilir bir \u015fekilde \u00e7al\u0131\u015fmas\u0131n\u0131 sa\u011flar ve ta\u015f\u0131ma s\u0131ras\u0131nda de\u011ferli ekipman\u0131n\u0131z\u0131 korur. SX ile a\u015fa\u011f\u0131dakilerden \u00f6d\u00fcn vermenize gerek yok <strong>Kalite<\/strong> veya fiyat - do\u011frudan fabrikadan \u00fcretim s\u00fcrecimiz her iki d\u00fcnyan\u0131n da en iyisini elde etmenizi garanti eder.<\/p>\n<h3>\u00c7\u00f6z\u00fcm<\/h3>\n<p>SX'in <strong>\u00a0Destek Mente\u015feleri<\/strong> u\u00e7u\u015f \u00e7antalar\u0131n\u0131 g\u00fcvence alt\u0131na almak ve korumak isteyen profesyoneller i\u00e7in ba\u015fvurulacak \u00e7\u00f6z\u00fcmd\u00fcr. \u0130le <strong>do\u011frudan fabrikadan fiyatland\u0131rma<\/strong> Ve <strong>g\u00fcvenebi\u0307lece\u011fi\u0307ni\u0307z kali\u0307te<\/strong>, SX en iyisini alman\u0131z\u0131 sa\u011flar <strong>de\u011fer<\/strong> yat\u0131r\u0131m\u0131n\u0131z i\u00e7in.<\/p>\n<ol>\n<li>Hemen \u0130leti\u015fime Ge\u00e7in:<span style=\"color: #0000ff;\"><a style=\"color: #0000ff;\" href=\"https:\/\/sxpowercase.com\/contact-us\/\">https:\/\/sxpowercase.com\/<\/a><\/span><\/li>\n<li>Donan\u0131m \u00dcr\u00fcn Katalo\u011fu\uff1a<span style=\"color: #0000ff;\"><a style=\"color: #0000ff;\" href=\"https:\/\/sxpowercase.com\/wp-content\/uploads\/2024\/07\/\u4e94\u91d1.pdf\">Donan\u0131m aksesuarlar\u0131 katalo\u011fu<\/a><\/span><\/li>\n<\/ol>","protected":false},"excerpt":{"rendered":"<h3>Premium U\u00e7u\u015f \u00c7antas\u0131 Destek Mente\u015feleri<\/h3>\n<p>SX, u\u00e7u\u015f \u00e7antalar\u0131 i\u00e7in dayan\u0131kl\u0131, y\u00fcksek kaliteli destek mente\u015feleri sunarak fabrika do\u011frudan fiyatlar\u0131yla ta\u015f\u0131ma s\u0131ras\u0131nda maksimum koruma sa\u011flar.<\/p>\n<h3>G\u00fc\u00e7 ve G\u00fcvenilirlik<\/h3>\n<p>SX U\u00e7u\u015f Kasas\u0131 Destek Mente\u015feleri, y\u00fcksek kaliteli malzemelerden \u00fcretilmi\u015f olup sa\u011flaml\u0131k, uzun \u00f6m\u00fcrl\u00fcl\u00fck ve sorunsuz \u00e7al\u0131\u015fma i\u00e7in tasarlanm\u0131\u015ft\u0131r; a\u011f\u0131r hizmet uygulamalar\u0131 i\u00e7in m\u00fckemmeldir.<\/p>\n<h3>Uygun Fiyatl\u0131, Kurulumu Kolay Mente\u015feler<\/h3>\n<p>Mente\u015felerimiz \u00e7ok y\u00f6nl\u00fcd\u00fcr, kurulumu kolayd\u0131r ve \u00f6zel yap\u0131m kasalar i\u00e7in tasarlanm\u0131\u015ft\u0131r, maliyetin \u00e7ok alt\u0131nda \u00fcst d\u00fczey koruma sa\u011flar.<\/p>","protected":false},"featured_media":4505,"comment_status":"open","ping_status":"closed","template":"","meta":[],"product_brand":[],"product_cat":[67],"product_tag":[],"class_list":{"0":"post-4561","1":"product","2":"type-product","3":"status-publish","4":"has-post-thumbnail","6":"product_cat-hingesstays","8":"first","9":"instock","10":"shipping-taxable","11":"product-type-simple"},"yoast_head":"<!-- This site is optimized with the Yoast SEO Premium plugin v27.1 (Yoast SEO v27.2) - https:\/\/yoast.com\/product\/yoast-seo-premium-wordpress\/ -->\n<title>Flight Case Support Hinges STC201 - https:\/\/sxflightcase.com \ud83d\udc97<\/title>\n<meta name=\"description\" content=\"Discover SX\u2019s high-quality, affordable Flight Case Support Hinges. Factory-direct pricing ensures durability and reliability at the best price.\" \/>\n<meta name=\"robots\" content=\"index, follow, max-snippet:-1, max-image-preview:large, max-video-preview:-1\" \/>\n<link rel=\"canonical\" href=\"https:\/\/sxflightcase.com\/tr\/urun\/ucus-kasasi-destek-menteseleri\u0307-stc201-2\/\" \/>\n<meta property=\"og:locale\" content=\"tr_TR\" \/>\n<meta property=\"og:type\" content=\"article\" \/>\n<meta property=\"og:title\" content=\"Flight Case Support Hinges STC201\" \/>\n<meta property=\"og:description\" content=\"Discover SX\u2019s high-quality, affordable Flight Case Support Hinges. Factory-direct pricing ensures durability and reliability at the best price.\" \/>\n<meta property=\"og:url\" content=\"https:\/\/sxflightcase.com\/tr\/urun\/ucus-kasasi-destek-menteseleri\u0307-stc201-2\/\" \/>\n<meta property=\"og:site_name\" content=\"https:\/\/sxflightcase.com\" \/>\n<meta property=\"article:publisher\" content=\"https:\/\/www.facebook.com\/profile.php?id=61560407257971\" \/>\n<meta property=\"article:modified_time\" content=\"2024-09-26T06:09:31+00:00\" \/>\n<meta property=\"og:image\" content=\"https:\/\/sxflightcase.com\/wp-content\/uploads\/2024\/09\/STC201.jpg\" \/>\n\t<meta property=\"og:image:width\" content=\"700\" \/>\n\t<meta property=\"og:image:height\" content=\"700\" \/>\n\t<meta property=\"og:image:type\" content=\"image\/jpeg\" \/>\n<meta name=\"twitter:card\" content=\"summary_large_image\" \/>\n<meta name=\"twitter:label1\" content=\"Tahmini okuma s\u00fcresi\" \/>\n\t<meta name=\"twitter:data1\" content=\"3 dakika\" \/>\n<script type=\"application\/ld+json\" class=\"yoast-schema-graph\">{\"@context\":\"https:\/\/schema.org\",\"@graph\":[{\"@type\":\"WebPage\",\"@id\":\"https:\/\/sxflightcase.com\/product\/flight-case-support-hinges-stc201\/\",\"url\":\"https:\/\/sxflightcase.com\/product\/flight-case-support-hinges-stc201\/\",\"name\":\"Flight Case Support Hinges STC201 - https:\/\/sxflightcase.com \ud83d\udc97\",\"isPartOf\":{\"@id\":\"https:\/\/sxflightcase.com\/th\/#website\"},\"primaryImageOfPage\":{\"@id\":\"https:\/\/sxflightcase.com\/product\/flight-case-support-hinges-stc201\/#primaryimage\"},\"image\":{\"@id\":\"https:\/\/sxflightcase.com\/product\/flight-case-support-hinges-stc201\/#primaryimage\"},\"thumbnailUrl\":\"https:\/\/sxflightcase.com\/wp-content\/uploads\/2024\/09\/STC201.jpg\",\"datePublished\":\"2024-09-26T06:09:29+00:00\",\"dateModified\":\"2024-09-26T06:09:31+00:00\",\"description\":\"Discover SX\u2019s high-quality, affordable Flight Case Support Hinges. Factory-direct pricing ensures durability and reliability at the best price.\",\"breadcrumb\":{\"@id\":\"https:\/\/sxflightcase.com\/product\/flight-case-support-hinges-stc201\/#breadcrumb\"},\"inLanguage\":\"tr\",\"potentialAction\":[{\"@type\":\"ReadAction\",\"target\":[\"https:\/\/sxflightcase.com\/product\/flight-case-support-hinges-stc201\/\"]}]},{\"@type\":\"ImageObject\",\"inLanguage\":\"tr\",\"@id\":\"https:\/\/sxflightcase.com\/product\/flight-case-support-hinges-stc201\/#primaryimage\",\"url\":\"https:\/\/sxflightcase.com\/wp-content\/uploads\/2024\/09\/STC201.jpg\",\"contentUrl\":\"https:\/\/sxflightcase.com\/wp-content\/uploads\/2024\/09\/STC201.jpg\",\"width\":700,\"height\":700,\"caption\":\"Flight Case Support Hinges\"},{\"@type\":\"BreadcrumbList\",\"@id\":\"https:\/\/sxflightcase.com\/product\/flight-case-support-hinges-stc201\/#breadcrumb\",\"itemListElement\":[{\"@type\":\"ListItem\",\"position\":1,\"name\":\"Home\",\"item\":\"https:\/\/sxflightcase.com\/\"},{\"@type\":\"ListItem\",\"position\":2,\"name\":\"\u0e2a\u0e34\u0e19\u0e04\u0e49\u0e32\",\"item\":\"https:\/\/sxflightcase.com\/th\/shop\/\"},{\"@type\":\"ListItem\",\"position\":3,\"name\":\"Flight Case Support Hinges STC201\"}]},{\"@type\":\"WebSite\",\"@id\":\"https:\/\/sxflightcase.com\/th\/#website\",\"url\":\"https:\/\/sxflightcase.com\/th\/\",\"name\":\"sxpowercase.com\",\"description\":\"Flight Case Factory\",\"publisher\":{\"@id\":\"https:\/\/sxflightcase.com\/th\/#organization\"},\"potentialAction\":[{\"@type\":\"SearchAction\",\"target\":{\"@type\":\"EntryPoint\",\"urlTemplate\":\"https:\/\/sxflightcase.com\/th\/?s={search_term_string}\"},\"query-input\":{\"@type\":\"PropertyValueSpecification\",\"valueRequired\":true,\"valueName\":\"search_term_string\"}}],\"inLanguage\":\"tr\"},{\"@type\":\"Organization\",\"@id\":\"https:\/\/sxflightcase.com\/th\/#organization\",\"name\":\"sxpowercase.com\",\"url\":\"https:\/\/sxflightcase.com\/th\/\",\"logo\":{\"@type\":\"ImageObject\",\"inLanguage\":\"tr\",\"@id\":\"https:\/\/sxflightcase.com\/th\/#\/schema\/logo\/image\/\",\"url\":\"https:\/\/sxflightcase.com\/wp-content\/uploads\/2024\/04\/1713919036007.jpg\",\"contentUrl\":\"https:\/\/sxflightcase.com\/wp-content\/uploads\/2024\/04\/1713919036007.jpg\",\"width\":382,\"height\":388,\"caption\":\"sxpowercase.com\"},\"image\":{\"@id\":\"https:\/\/sxflightcase.com\/th\/#\/schema\/logo\/image\/\"},\"sameAs\":[\"https:\/\/www.facebook.com\/profile.php?id=61560407257971\"],\"numberOfEmployees\":{\"@type\":\"QuantitativeValue\",\"minValue\":\"11\",\"maxValue\":\"50\"}}]}<\/script>\n<!-- \/ Yoast SEO Premium plugin. -->","yoast_head_json":{"title":"Flight Case Support Hinges STC201 - https:\/\/sxflightcase.com \ud83d\udc97","description":"SX'in y\u00fcksek kaliteli, uygun fiyatl\u0131 U\u00e7u\u015f Kasas\u0131 Destek Mente\u015felerini ke\u015ffedin. Fabrikadan do\u011frudan fiyatland\u0131rma, en iyi fiyata dayan\u0131kl\u0131l\u0131k ve g\u00fcvenilirlik sa\u011flar.","robots":{"index":"index","follow":"follow","max-snippet":"max-snippet:-1","max-image-preview":"max-image-preview:large","max-video-preview":"max-video-preview:-1"},"canonical":"https:\/\/sxflightcase.com\/tr\/urun\/ucus-kasasi-destek-menteseleri\u0307-stc201-2\/","og_locale":"tr_TR","og_type":"article","og_title":"Flight Case Support Hinges STC201","og_description":"Discover SX\u2019s high-quality, affordable Flight Case Support Hinges. Factory-direct pricing ensures durability and reliability at the best price.","og_url":"https:\/\/sxflightcase.com\/tr\/urun\/ucus-kasasi-destek-menteseleri\u0307-stc201-2\/","og_site_name":"https:\/\/sxflightcase.com","article_publisher":"https:\/\/www.facebook.com\/profile.php?id=61560407257971","article_modified_time":"2024-09-26T06:09:31+00:00","og_image":[{"width":700,"height":700,"url":"https:\/\/sxflightcase.com\/wp-content\/uploads\/2024\/09\/STC201.jpg","type":"image\/jpeg"}],"twitter_card":"summary_large_image","twitter_misc":{"Tahmini okuma s\u00fcresi":"3 dakika"},"schema":{"@context":"https:\/\/schema.org","@graph":[{"@type":"WebPage","@id":"https:\/\/sxflightcase.com\/product\/flight-case-support-hinges-stc201\/","url":"https:\/\/sxflightcase.com\/product\/flight-case-support-hinges-stc201\/","name":"Flight Case Support Hinges STC201 - https:\/\/sxflightcase.com \ud83d\udc97","isPartOf":{"@id":"https:\/\/sxflightcase.com\/th\/#website"},"primaryImageOfPage":{"@id":"https:\/\/sxflightcase.com\/product\/flight-case-support-hinges-stc201\/#primaryimage"},"image":{"@id":"https:\/\/sxflightcase.com\/product\/flight-case-support-hinges-stc201\/#primaryimage"},"thumbnailUrl":"https:\/\/sxflightcase.com\/wp-content\/uploads\/2024\/09\/STC201.jpg","datePublished":"2024-09-26T06:09:29+00:00","dateModified":"2024-09-26T06:09:31+00:00","description":"SX'in y\u00fcksek kaliteli, uygun fiyatl\u0131 U\u00e7u\u015f Kasas\u0131 Destek Mente\u015felerini ke\u015ffedin. Fabrikadan do\u011frudan fiyatland\u0131rma, en iyi fiyata dayan\u0131kl\u0131l\u0131k ve g\u00fcvenilirlik sa\u011flar.","breadcrumb":{"@id":"https:\/\/sxflightcase.com\/product\/flight-case-support-hinges-stc201\/#breadcrumb"},"inLanguage":"tr","potentialAction":[{"@type":"ReadAction","target":["https:\/\/sxflightcase.com\/product\/flight-case-support-hinges-stc201\/"]}]},{"@type":"ImageObject","inLanguage":"tr","@id":"https:\/\/sxflightcase.com\/product\/flight-case-support-hinges-stc201\/#primaryimage","url":"https:\/\/sxflightcase.com\/wp-content\/uploads\/2024\/09\/STC201.jpg","contentUrl":"https:\/\/sxflightcase.com\/wp-content\/uploads\/2024\/09\/STC201.jpg","width":700,"height":700,"caption":"Flight Case Support Hinges"},{"@type":"BreadcrumbList","@id":"https:\/\/sxflightcase.com\/product\/flight-case-support-hinges-stc201\/#breadcrumb","itemListElement":[{"@type":"ListItem","position":1,"name":"Home","item":"https:\/\/sxflightcase.com\/"},{"@type":"ListItem","position":2,"name":"\u0e2a\u0e34\u0e19\u0e04\u0e49\u0e32","item":"https:\/\/sxflightcase.com\/th\/shop\/"},{"@type":"ListItem","position":3,"name":"Flight Case Support Hinges STC201"}]},{"@type":"WebSite","@id":"https:\/\/sxflightcase.com\/th\/#website","url":"https:\/\/sxflightcase.com\/th\/","name":"sxpowercase.com","description":"U\u00e7u\u015f \u00c7antas\u0131 Fabrikas\u0131","publisher":{"@id":"https:\/\/sxflightcase.com\/th\/#organization"},"potentialAction":[{"@type":"SearchAction","target":{"@type":"EntryPoint","urlTemplate":"https:\/\/sxflightcase.com\/th\/?s={search_term_string}"},"query-input":{"@type":"PropertyValueSpecification","valueRequired":true,"valueName":"search_term_string"}}],"inLanguage":"tr"},{"@type":"Organization","@id":"https:\/\/sxflightcase.com\/th\/#organization","name":"sxpowercase.com","url":"https:\/\/sxflightcase.com\/th\/","logo":{"@type":"ImageObject","inLanguage":"tr","@id":"https:\/\/sxflightcase.com\/th\/#\/schema\/logo\/image\/","url":"https:\/\/sxflightcase.com\/wp-content\/uploads\/2024\/04\/1713919036007.jpg","contentUrl":"https:\/\/sxflightcase.com\/wp-content\/uploads\/2024\/04\/1713919036007.jpg","width":382,"height":388,"caption":"sxpowercase.com"},"image":{"@id":"https:\/\/sxflightcase.com\/th\/#\/schema\/logo\/image\/"},"sameAs":["https:\/\/www.facebook.com\/profile.php?id=61560407257971"],"numberOfEmployees":{"@type":"QuantitativeValue","minValue":"11","maxValue":"50"}}]}},"_links":{"self":[{"href":"https:\/\/sxflightcase.com\/tr\/wp-json\/wp\/v2\/product\/4561","targetHints":{"allow":["GET"]}}],"collection":[{"href":"https:\/\/sxflightcase.com\/tr\/wp-json\/wp\/v2\/product"}],"about":[{"href":"https:\/\/sxflightcase.com\/tr\/wp-json\/wp\/v2\/types\/product"}],"replies":[{"embeddable":true,"href":"https:\/\/sxflightcase.com\/tr\/wp-json\/wp\/v2\/comments?post=4561"}],"version-history":[{"count":0,"href":"https:\/\/sxflightcase.com\/tr\/wp-json\/wp\/v2\/product\/4561\/revisions"}],"wp:featuredmedia":[{"embeddable":true,"href":"https:\/\/sxflightcase.com\/tr\/wp-json\/wp\/v2\/media\/4505"}],"wp:attachment":[{"href":"https:\/\/sxflightcase.com\/tr\/wp-json\/wp\/v2\/media?parent=4561"}],"wp:term":[{"taxonomy":"product_brand","embeddable":true,"href":"https:\/\/sxflightcase.com\/tr\/wp-json\/wp\/v2\/product_brand?post=4561"},{"taxonomy":"product_cat","embeddable":true,"href":"https:\/\/sxflightcase.com\/tr\/wp-json\/wp\/v2\/product_cat?post=4561"},{"taxonomy":"product_tag","embeddable":true,"href":"https:\/\/sxflightcase.com\/tr\/wp-json\/wp\/v2\/product_tag?post=4561"}],"curies":[{"name":"wp","href":"https:\/\/api.w.org\/{rel}","templated":true}]}}